{"id":256096,"date":"2025-04-04T02:06:04","date_gmt":"2025-04-04T00:06:04","guid":{"rendered":"https:\/\/shopatoa.com\/cz\/?post_type=product&#038;p=256096"},"modified":"2026-01-31T20:59:34","modified_gmt":"2026-01-31T19:59:34","slug":"podpurna-pomucka-pro-psy-xl-do-50kg","status":"publish","type":"product","link":"https:\/\/shopatoa.com\/cz\/podpurna-pomucka-pro-psy-xl-do-50kg\/","title":{"rendered":"Podp\u016frn\u00e1 pom\u016fcka pro psy XL do 50kg"},"content":{"rendered":"<p>Podp\u016frn\u00e1 pom\u016fcka pro psy, d\u00edky kter\u00e9 je m\u016f\u017eete p\u0159idr\u017eovat a pom\u00e1hat jim nap\u0159. do schod\u016f, \u010di p\u0159i jin\u00fdch aktivit\u00e1ch. Je vhodn\u00e1 pro star\u0161\u00ed pejsky a pro pejsky p\u0159i rekonvalescenci.<\/p>\n<p>\tPro odleh\u010den\u00ed a stabilizaci.<br \/>\n\tPomoc p\u0159i nastupov\u00e1n\u00ed do schod\u016f nebo p\u0159i nastupov\u00e1n\u00ed do auta.<br \/>\n\tVhodn\u00e9 pro psy do 50 kg.<br \/>\n\tObvod b\u0159icha: 85 &#8211; 95 cm.<br \/>\n\tPrateln\u00e9 na 30\u00b0C.<br \/>\n\tMateri\u00e1l: polyester.<br \/>\n\tBarva: \u010dern\u00e1.<\/p>\n","protected":false},"excerpt":{"rendered":"<p>Podp\u016frn\u00e1 pom\u016fcka pro psy, d\u00edky kter\u00e9 je m\u016f\u017eete p\u0159idr\u017eovat a pom\u00e1hat jim nap\u0159. do schod\u016f, \u010di p\u0159i jin\u00fdch aktivit\u00e1ch. Je vhodn\u00e1 pro star\u0161\u00ed pejsky a pro pejsky p\u0159i rekonvalescenci. Pro odleh\u010den\u00ed a stabilizaci. Pomoc p\u0159i nastupov\u00e1n\u00ed do schod\u016f nebo p\u0159i nastupov\u00e1n\u00ed do auta. Vhodn\u00e9 pro psy do 50 kg. Obvod b\u0159icha: 85 &#8211; 95 cm&#8230;.<\/p>\n","protected":false},"featured_media":256097,"comment_status":"closed","ping_status":"open","template":"","meta":{"_acf_changed":false,"_kadence_starter_templates_imported_post":false,"_kad_post_transparent":"","_kad_post_title":"","_kad_post_layout":"","_kad_post_sidebar_id":"","_kad_post_content_style":"","_kad_post_vertical_padding":"","_kad_post_feature":"","_kad_post_feature_position":"","_kad_post_header":false,"_kad_post_footer":false,"_kad_post_classname":""},"product_brand":[2047],"product_cat":[436,2629,1464],"product_tag":[],"class_list":{"0":"post-256096","1":"product","2":"type-product","3":"status-publish","4":"has-post-thumbnail","6":"product_brand-trixie","7":"product_cat-chovatelske-potreby-2","8":"product_cat-obojky-a-postroje-pro-kocky","9":"product_cat-pro-kocky-chovatelske-potreby-2","10":"pa_obchod-superzoo-cz","12":"first","13":"instock","14":"product-type-external","15":"entry","16":"content-bg","17":"loop-entry"},"acf":[],"yoast_head":"<!-- This site is optimized with the Yoast SEO plugin v27.4 - https:\/\/yoast.com\/product\/yoast-seo-wordpress\/ -->\n<title>Podp\u016frn\u00e1 pom\u016fcka pro psy XL do 50kg - SHOPATOA.COM<\/title>\n<meta name=\"robots\" content=\"index, follow, max-snippet:-1, max-image-preview:large, max-video-preview:-1\" \/>\n<link rel=\"canonical\" href=\"https:\/\/shopatoa.com\/cz\/podpurna-pomucka-pro-psy-xl-do-50kg\/\" \/>\n<meta property=\"og:locale\" content=\"cs_CZ\" \/>\n<meta property=\"og:type\" content=\"article\" \/>\n<meta property=\"og:title\" content=\"Podp\u016frn\u00e1 pom\u016fcka pro psy XL do 50kg - SHOPATOA.COM\" \/>\n<meta property=\"og:description\" content=\"Podp\u016frn\u00e1 pom\u016fcka pro psy, d\u00edky kter\u00e9 je m\u016f\u017eete p\u0159idr\u017eovat a pom\u00e1hat jim nap\u0159. do schod\u016f, \u010di p\u0159i jin\u00fdch aktivit\u00e1ch. Je vhodn\u00e1 pro star\u0161\u00ed pejsky a pro pejsky p\u0159i rekonvalescenci. Pro odleh\u010den\u00ed a stabilizaci. Pomoc p\u0159i nastupov\u00e1n\u00ed do schod\u016f nebo p\u0159i nastupov\u00e1n\u00ed do auta. Vhodn\u00e9 pro psy do 50 kg. Obvod b\u0159icha: 85 &#8211; 95 cm....\" \/>\n<meta property=\"og:url\" content=\"https:\/\/shopatoa.com\/cz\/podpurna-pomucka-pro-psy-xl-do-50kg\/\" \/>\n<meta property=\"og:site_name\" content=\"SHOPATOA\" \/>\n<meta property=\"article:modified_time\" content=\"2026-01-31T19:59:34+00:00\" \/>\n<meta property=\"og:image\" content=\"https:\/\/storage.googleapis.com\/cz-shopatoa-img\/cz\/53219991-1_93841.jpg\" \/>\n\t<meta property=\"og:image:width\" content=\"600\" \/>\n\t<meta property=\"og:image:height\" content=\"600\" \/>\n\t<meta property=\"og:image:type\" content=\"image\/jpeg\" \/>\n<meta name=\"twitter:card\" content=\"summary_large_image\" \/>\n<script type=\"application\/ld+json\" class=\"yoast-schema-graph\">{\"@context\":\"https:\\\/\\\/schema.org\",\"@graph\":[{\"@type\":\"WebPage\",\"@id\":\"https:\\\/\\\/shopatoa.com\\\/cz\\\/podpurna-pomucka-pro-psy-xl-do-50kg\\\/\",\"url\":\"https:\\\/\\\/shopatoa.com\\\/cz\\\/podpurna-pomucka-pro-psy-xl-do-50kg\\\/\",\"name\":\"Podp\u016frn\u00e1 pom\u016fcka pro psy XL do 50kg - SHOPATOA.COM\",\"isPartOf\":{\"@id\":\"https:\\\/\\\/shopatoa.com\\\/cz\\\/#website\"},\"primaryImageOfPage\":{\"@id\":\"https:\\\/\\\/shopatoa.com\\\/cz\\\/podpurna-pomucka-pro-psy-xl-do-50kg\\\/#primaryimage\"},\"image\":{\"@id\":\"https:\\\/\\\/shopatoa.com\\\/cz\\\/podpurna-pomucka-pro-psy-xl-do-50kg\\\/#primaryimage\"},\"thumbnailUrl\":\"https:\\\/\\\/storage.googleapis.com\\\/cz-shopatoa-img\\\/cz\\\/53219991-1_93841.jpg\",\"datePublished\":\"2025-04-04T00:06:04+00:00\",\"dateModified\":\"2026-01-31T19:59:34+00:00\",\"breadcrumb\":{\"@id\":\"https:\\\/\\\/shopatoa.com\\\/cz\\\/podpurna-pomucka-pro-psy-xl-do-50kg\\\/#breadcrumb\"},\"inLanguage\":\"cs\",\"potentialAction\":[{\"@type\":\"ReadAction\",\"target\":[\"https:\\\/\\\/shopatoa.com\\\/cz\\\/podpurna-pomucka-pro-psy-xl-do-50kg\\\/\"]}]},{\"@type\":\"ImageObject\",\"inLanguage\":\"cs\",\"@id\":\"https:\\\/\\\/shopatoa.com\\\/cz\\\/podpurna-pomucka-pro-psy-xl-do-50kg\\\/#primaryimage\",\"url\":\"https:\\\/\\\/storage.googleapis.com\\\/cz-shopatoa-img\\\/cz\\\/53219991-1_93841.jpg\",\"contentUrl\":\"https:\\\/\\\/storage.googleapis.com\\\/cz-shopatoa-img\\\/cz\\\/53219991-1_93841.jpg\",\"width\":600,\"height\":600},{\"@type\":\"BreadcrumbList\",\"@id\":\"https:\\\/\\\/shopatoa.com\\\/cz\\\/podpurna-pomucka-pro-psy-xl-do-50kg\\\/#breadcrumb\",\"itemListElement\":[{\"@type\":\"ListItem\",\"position\":1,\"name\":\"Dom\u016f\",\"item\":\"https:\\\/\\\/shopatoa.com\\\/cz\\\/\"},{\"@type\":\"ListItem\",\"position\":2,\"name\":\"Produkty\",\"item\":\"https:\\\/\\\/shopatoa.com\\\/cz\\\/shop\\\/\"},{\"@type\":\"ListItem\",\"position\":3,\"name\":\"Chovatelsk\u00e9 pot\u0159eby\",\"item\":\"https:\\\/\\\/shopatoa.com\\\/cz\\\/chovatelske-potreby-2\\\/\"},{\"@type\":\"ListItem\",\"position\":4,\"name\":\"Pro ko\u010dky\",\"item\":\"https:\\\/\\\/shopatoa.com\\\/cz\\\/pro-kocky-chovatelske-potreby-2\\\/\"},{\"@type\":\"ListItem\",\"position\":5,\"name\":\"Obojky a postroje pro ko\u010dky\",\"item\":\"https:\\\/\\\/shopatoa.com\\\/cz\\\/obojky-a-postroje-pro-kocky\\\/\"},{\"@type\":\"ListItem\",\"position\":6,\"name\":\"Podp\u016frn\u00e1 pom\u016fcka pro psy XL do 50kg\"}]},{\"@type\":\"WebSite\",\"@id\":\"https:\\\/\\\/shopatoa.com\\\/cz\\\/#website\",\"url\":\"https:\\\/\\\/shopatoa.com\\\/cz\\\/\",\"name\":\"SHOPATOA\",\"description\":\"\",\"publisher\":{\"@id\":\"https:\\\/\\\/shopatoa.com\\\/cz\\\/#organization\"},\"potentialAction\":[{\"@type\":\"SearchAction\",\"target\":{\"@type\":\"EntryPoint\",\"urlTemplate\":\"https:\\\/\\\/shopatoa.com\\\/cz\\\/?s={search_term_string}\"},\"query-input\":{\"@type\":\"PropertyValueSpecification\",\"valueRequired\":true,\"valueName\":\"search_term_string\"}}],\"inLanguage\":\"cs\"},{\"@type\":\"Organization\",\"@id\":\"https:\\\/\\\/shopatoa.com\\\/cz\\\/#organization\",\"name\":\"SHOPATOA Digital s.r.o.\",\"url\":\"https:\\\/\\\/shopatoa.com\\\/cz\\\/\",\"logo\":{\"@type\":\"ImageObject\",\"inLanguage\":\"cs\",\"@id\":\"https:\\\/\\\/shopatoa.com\\\/cz\\\/#\\\/schema\\\/logo\\\/image\\\/\",\"url\":\"https:\\\/\\\/storage.googleapis.com\\\/cz-shopatoa-img\\\/cz\\\/ebccf434-shopatoa_logo.png\",\"contentUrl\":\"https:\\\/\\\/storage.googleapis.com\\\/cz-shopatoa-img\\\/cz\\\/ebccf434-shopatoa_logo.png\",\"width\":416,\"height\":63,\"caption\":\"SHOPATOA Digital s.r.o.\"},\"image\":{\"@id\":\"https:\\\/\\\/shopatoa.com\\\/cz\\\/#\\\/schema\\\/logo\\\/image\\\/\"}}]}<\/script>\n<!-- \/ Yoast SEO plugin. -->","yoast_head_json":{"title":"Podp\u016frn\u00e1 pom\u016fcka pro psy XL do 50kg - SHOPATOA.COM","robots":{"index":"index","follow":"follow","max-snippet":"max-snippet:-1","max-image-preview":"max-image-preview:large","max-video-preview":"max-video-preview:-1"},"canonical":"https:\/\/shopatoa.com\/cz\/podpurna-pomucka-pro-psy-xl-do-50kg\/","og_locale":"cs_CZ","og_type":"article","og_title":"Podp\u016frn\u00e1 pom\u016fcka pro psy XL do 50kg - SHOPATOA.COM","og_description":"Podp\u016frn\u00e1 pom\u016fcka pro psy, d\u00edky kter\u00e9 je m\u016f\u017eete p\u0159idr\u017eovat a pom\u00e1hat jim nap\u0159. do schod\u016f, \u010di p\u0159i jin\u00fdch aktivit\u00e1ch. Je vhodn\u00e1 pro star\u0161\u00ed pejsky a pro pejsky p\u0159i rekonvalescenci. Pro odleh\u010den\u00ed a stabilizaci. Pomoc p\u0159i nastupov\u00e1n\u00ed do schod\u016f nebo p\u0159i nastupov\u00e1n\u00ed do auta. Vhodn\u00e9 pro psy do 50 kg. Obvod b\u0159icha: 85 &#8211; 95 cm....","og_url":"https:\/\/shopatoa.com\/cz\/podpurna-pomucka-pro-psy-xl-do-50kg\/","og_site_name":"SHOPATOA","article_modified_time":"2026-01-31T19:59:34+00:00","og_image":[{"width":600,"height":600,"url":"https:\/\/storage.googleapis.com\/cz-shopatoa-img\/cz\/53219991-1_93841.jpg","type":"image\/jpeg"}],"twitter_card":"summary_large_image","schema":{"@context":"https:\/\/schema.org","@graph":[{"@type":"WebPage","@id":"https:\/\/shopatoa.com\/cz\/podpurna-pomucka-pro-psy-xl-do-50kg\/","url":"https:\/\/shopatoa.com\/cz\/podpurna-pomucka-pro-psy-xl-do-50kg\/","name":"Podp\u016frn\u00e1 pom\u016fcka pro psy XL do 50kg - SHOPATOA.COM","isPartOf":{"@id":"https:\/\/shopatoa.com\/cz\/#website"},"primaryImageOfPage":{"@id":"https:\/\/shopatoa.com\/cz\/podpurna-pomucka-pro-psy-xl-do-50kg\/#primaryimage"},"image":{"@id":"https:\/\/shopatoa.com\/cz\/podpurna-pomucka-pro-psy-xl-do-50kg\/#primaryimage"},"thumbnailUrl":"https:\/\/storage.googleapis.com\/cz-shopatoa-img\/cz\/53219991-1_93841.jpg","datePublished":"2025-04-04T00:06:04+00:00","dateModified":"2026-01-31T19:59:34+00:00","breadcrumb":{"@id":"https:\/\/shopatoa.com\/cz\/podpurna-pomucka-pro-psy-xl-do-50kg\/#breadcrumb"},"inLanguage":"cs","potentialAction":[{"@type":"ReadAction","target":["https:\/\/shopatoa.com\/cz\/podpurna-pomucka-pro-psy-xl-do-50kg\/"]}]},{"@type":"ImageObject","inLanguage":"cs","@id":"https:\/\/shopatoa.com\/cz\/podpurna-pomucka-pro-psy-xl-do-50kg\/#primaryimage","url":"https:\/\/storage.googleapis.com\/cz-shopatoa-img\/cz\/53219991-1_93841.jpg","contentUrl":"https:\/\/storage.googleapis.com\/cz-shopatoa-img\/cz\/53219991-1_93841.jpg","width":600,"height":600},{"@type":"BreadcrumbList","@id":"https:\/\/shopatoa.com\/cz\/podpurna-pomucka-pro-psy-xl-do-50kg\/#breadcrumb","itemListElement":[{"@type":"ListItem","position":1,"name":"Dom\u016f","item":"https:\/\/shopatoa.com\/cz\/"},{"@type":"ListItem","position":2,"name":"Produkty","item":"https:\/\/shopatoa.com\/cz\/shop\/"},{"@type":"ListItem","position":3,"name":"Chovatelsk\u00e9 pot\u0159eby","item":"https:\/\/shopatoa.com\/cz\/chovatelske-potreby-2\/"},{"@type":"ListItem","position":4,"name":"Pro ko\u010dky","item":"https:\/\/shopatoa.com\/cz\/pro-kocky-chovatelske-potreby-2\/"},{"@type":"ListItem","position":5,"name":"Obojky a postroje pro ko\u010dky","item":"https:\/\/shopatoa.com\/cz\/obojky-a-postroje-pro-kocky\/"},{"@type":"ListItem","position":6,"name":"Podp\u016frn\u00e1 pom\u016fcka pro psy XL do 50kg"}]},{"@type":"WebSite","@id":"https:\/\/shopatoa.com\/cz\/#website","url":"https:\/\/shopatoa.com\/cz\/","name":"SHOPATOA","description":"","publisher":{"@id":"https:\/\/shopatoa.com\/cz\/#organization"},"potentialAction":[{"@type":"SearchAction","target":{"@type":"EntryPoint","urlTemplate":"https:\/\/shopatoa.com\/cz\/?s={search_term_string}"},"query-input":{"@type":"PropertyValueSpecification","valueRequired":true,"valueName":"search_term_string"}}],"inLanguage":"cs"},{"@type":"Organization","@id":"https:\/\/shopatoa.com\/cz\/#organization","name":"SHOPATOA Digital s.r.o.","url":"https:\/\/shopatoa.com\/cz\/","logo":{"@type":"ImageObject","inLanguage":"cs","@id":"https:\/\/shopatoa.com\/cz\/#\/schema\/logo\/image\/","url":"https:\/\/storage.googleapis.com\/cz-shopatoa-img\/cz\/ebccf434-shopatoa_logo.png","contentUrl":"https:\/\/storage.googleapis.com\/cz-shopatoa-img\/cz\/ebccf434-shopatoa_logo.png","width":416,"height":63,"caption":"SHOPATOA Digital s.r.o."},"image":{"@id":"https:\/\/shopatoa.com\/cz\/#\/schema\/logo\/image\/"}}]}},"_links":{"self":[{"href":"https:\/\/shopatoa.com\/cz\/wp-json\/wp\/v2\/product\/256096","targetHints":{"allow":["GET"]}}],"collection":[{"href":"https:\/\/shopatoa.com\/cz\/wp-json\/wp\/v2\/product"}],"about":[{"href":"https:\/\/shopatoa.com\/cz\/wp-json\/wp\/v2\/types\/product"}],"replies":[{"embeddable":true,"href":"https:\/\/shopatoa.com\/cz\/wp-json\/wp\/v2\/comments?post=256096"}],"wp:featuredmedia":[{"embeddable":true,"href":"https:\/\/shopatoa.com\/cz\/wp-json\/wp\/v2\/media\/256097"}],"wp:attachment":[{"href":"https:\/\/shopatoa.com\/cz\/wp-json\/wp\/v2\/media?parent=256096"}],"wp:term":[{"taxonomy":"product_brand","embeddable":true,"href":"https:\/\/shopatoa.com\/cz\/wp-json\/wp\/v2\/product_brand?post=256096"},{"taxonomy":"product_cat","embeddable":true,"href":"https:\/\/shopatoa.com\/cz\/wp-json\/wp\/v2\/product_cat?post=256096"},{"taxonomy":"product_tag","embeddable":true,"href":"https:\/\/shopatoa.com\/cz\/wp-json\/wp\/v2\/product_tag?post=256096"}],"curies":[{"name":"wp","href":"https:\/\/api.w.org\/{rel}","templated":true}]}}