{"id":256098,"date":"2025-04-04T02:06:14","date_gmt":"2025-04-04T00:06:14","guid":{"rendered":"https:\/\/shopatoa.com\/cz\/?post_type=product&#038;p=256098"},"modified":"2025-05-16T15:33:17","modified_gmt":"2025-05-16T13:33:17","slug":"vnitrni-vybeh-pro-drobne-hlodavce-100cm","status":"publish","type":"product","link":"https:\/\/shopatoa.com\/cz\/vnitrni-vybeh-pro-drobne-hlodavce-100cm\/","title":{"rendered":"Vnit\u0159n\u00ed v\u00fdb\u011bh pro drobn\u00e9 hlodavce 100cm"},"content":{"rendered":"<p>V\u00fdb\u011bh pro drobn\u00e9 savce do vnit\u0159n\u00edch prostor, kter\u00fd jim zajist\u00ed dostate\u010dn\u011b velk\u00e9 m\u00edsto pro pohyb. Z\u00e1rove\u0148 tak p\u0159isp\u011bje k\u00a0celkov\u00e9 pohod\u011b a pohodl\u00ed zv\u00ed\u0159at.<\/p>\n<p>\tVnit\u0159n\u00ed v\u00fdb\u011bh\/ohr\u00e1dka.<br \/>\n\tOptim\u00e1ln\u00ed jako prostor ke span\u00ed.<br \/>\n\tOdn\u00edmateln\u00e1 p\u0159edn\u00ed st\u011bna vypln\u011bn\u00e1\u00a0plexisklem.<br \/>\n\tBo\u010dn\u00ed uzamykateln\u00e1 klapka dve\u0159\u00ed.<br \/>\n\tV interi\u00e9ru\u00a0lze kombinovat s\u00a0krytem (nen\u00ed sou\u010d\u00e1st\u00ed).<br \/>\n\tOdn\u00edmateln\u00fd plastov\u00fd podnos pro rychl\u00e9 a snadn\u00e9 \u010di\u0161t\u011bn\u00ed.<br \/>\n\tRozm\u011bry: 100 x 30 x 60 cm<br \/>\n\tMateri\u00e1l:\u00a0neupraven\u00e9\u00a0d\u0159evo\/plast.<br \/>\n\tBarva:\u00a0p\u0159\u00edrodn\u00ed.<\/p>\n","protected":false},"excerpt":{"rendered":"<p>V\u00fdb\u011bh pro drobn\u00e9 savce do vnit\u0159n\u00edch prostor, kter\u00fd jim zajist\u00ed dostate\u010dn\u011b velk\u00e9 m\u00edsto pro pohyb. Z\u00e1rove\u0148 tak p\u0159isp\u011bje k\u00a0celkov\u00e9 pohod\u011b a pohodl\u00ed zv\u00ed\u0159at. Vnit\u0159n\u00ed v\u00fdb\u011bh\/ohr\u00e1dka. Optim\u00e1ln\u00ed jako prostor ke span\u00ed. Odn\u00edmateln\u00e1 p\u0159edn\u00ed st\u011bna vypln\u011bn\u00e1\u00a0plexisklem. Bo\u010dn\u00ed uzamykateln\u00e1 klapka dve\u0159\u00ed. V interi\u00e9ru\u00a0lze kombinovat s\u00a0krytem (nen\u00ed sou\u010d\u00e1st\u00ed). Odn\u00edmateln\u00fd plastov\u00fd podnos pro rychl\u00e9 a snadn\u00e9 \u010di\u0161t\u011bn\u00ed. Rozm\u011bry: 100 x&#8230;<\/p>\n","protected":false},"featured_media":256099,"comment_status":"closed","ping_status":"open","template":"","meta":{"_acf_changed":false,"_kadence_starter_templates_imported_post":false,"_kad_post_transparent":"","_kad_post_title":"","_kad_post_layout":"","_kad_post_sidebar_id":"","_kad_post_content_style":"","_kad_post_vertical_padding":"","_kad_post_feature":"","_kad_post_feature_position":"","_kad_post_header":false,"_kad_post_footer":false,"_kad_post_classname":""},"product_brand":[2047],"product_cat":[755,2652,2654,2653],"product_tag":[],"class_list":{"0":"post-256098","1":"product","2":"type-product","3":"status-publish","4":"has-post-thumbnail","6":"product_brand-trixie","7":"product_cat-bydleni-a-doplnky","8":"product_cat-bytove-doplnky","9":"product_cat-detske-ohradky","10":"product_cat-doplnky-do-detskeho-pokoje","11":"pa_obchod-superzoo-cz","13":"first","14":"instock","15":"product-type-external","16":"entry","17":"content-bg","18":"loop-entry"},"acf":[],"yoast_head":"<!-- This site is optimized with the Yoast SEO plugin v27.4 - https:\/\/yoast.com\/product\/yoast-seo-wordpress\/ -->\n<title>Vnit\u0159n\u00ed v\u00fdb\u011bh pro drobn\u00e9 hlodavce 100cm - SHOPATOA.COM<\/title>\n<meta name=\"robots\" content=\"index, follow, max-snippet:-1, max-image-preview:large, max-video-preview:-1\" \/>\n<link rel=\"canonical\" href=\"https:\/\/shopatoa.com\/cz\/vnitrni-vybeh-pro-drobne-hlodavce-100cm\/\" \/>\n<meta property=\"og:locale\" content=\"cs_CZ\" \/>\n<meta property=\"og:type\" content=\"article\" \/>\n<meta property=\"og:title\" content=\"Vnit\u0159n\u00ed v\u00fdb\u011bh pro drobn\u00e9 hlodavce 100cm - SHOPATOA.COM\" \/>\n<meta property=\"og:description\" content=\"V\u00fdb\u011bh pro drobn\u00e9 savce do vnit\u0159n\u00edch prostor, kter\u00fd jim zajist\u00ed dostate\u010dn\u011b velk\u00e9 m\u00edsto pro pohyb. Z\u00e1rove\u0148 tak p\u0159isp\u011bje k\u00a0celkov\u00e9 pohod\u011b a pohodl\u00ed zv\u00ed\u0159at. Vnit\u0159n\u00ed v\u00fdb\u011bh\/ohr\u00e1dka. Optim\u00e1ln\u00ed jako prostor ke span\u00ed. Odn\u00edmateln\u00e1 p\u0159edn\u00ed st\u011bna vypln\u011bn\u00e1\u00a0plexisklem. Bo\u010dn\u00ed uzamykateln\u00e1 klapka dve\u0159\u00ed. V interi\u00e9ru\u00a0lze kombinovat s\u00a0krytem (nen\u00ed sou\u010d\u00e1st\u00ed). Odn\u00edmateln\u00fd plastov\u00fd podnos pro rychl\u00e9 a snadn\u00e9 \u010di\u0161t\u011bn\u00ed. Rozm\u011bry: 100 x...\" \/>\n<meta property=\"og:url\" content=\"https:\/\/shopatoa.com\/cz\/vnitrni-vybeh-pro-drobne-hlodavce-100cm\/\" \/>\n<meta property=\"og:site_name\" content=\"SHOPATOA\" \/>\n<meta property=\"article:modified_time\" content=\"2025-05-16T13:33:17+00:00\" \/>\n<meta property=\"og:image\" content=\"https:\/\/storage.googleapis.com\/cz-shopatoa-img\/cz\/2e623fe9-1_93849.jpg\" \/>\n\t<meta property=\"og:image:width\" content=\"600\" \/>\n\t<meta property=\"og:image:height\" content=\"600\" \/>\n\t<meta property=\"og:image:type\" content=\"image\/jpeg\" \/>\n<meta name=\"twitter:card\" content=\"summary_large_image\" \/>\n<script type=\"application\/ld+json\" class=\"yoast-schema-graph\">{\"@context\":\"https:\\\/\\\/schema.org\",\"@graph\":[{\"@type\":\"WebPage\",\"@id\":\"https:\\\/\\\/shopatoa.com\\\/cz\\\/vnitrni-vybeh-pro-drobne-hlodavce-100cm\\\/\",\"url\":\"https:\\\/\\\/shopatoa.com\\\/cz\\\/vnitrni-vybeh-pro-drobne-hlodavce-100cm\\\/\",\"name\":\"Vnit\u0159n\u00ed v\u00fdb\u011bh pro drobn\u00e9 hlodavce 100cm - SHOPATOA.COM\",\"isPartOf\":{\"@id\":\"https:\\\/\\\/shopatoa.com\\\/cz\\\/#website\"},\"primaryImageOfPage\":{\"@id\":\"https:\\\/\\\/shopatoa.com\\\/cz\\\/vnitrni-vybeh-pro-drobne-hlodavce-100cm\\\/#primaryimage\"},\"image\":{\"@id\":\"https:\\\/\\\/shopatoa.com\\\/cz\\\/vnitrni-vybeh-pro-drobne-hlodavce-100cm\\\/#primaryimage\"},\"thumbnailUrl\":\"https:\\\/\\\/storage.googleapis.com\\\/cz-shopatoa-img\\\/cz\\\/2e623fe9-1_93849.jpg\",\"datePublished\":\"2025-04-04T00:06:14+00:00\",\"dateModified\":\"2025-05-16T13:33:17+00:00\",\"breadcrumb\":{\"@id\":\"https:\\\/\\\/shopatoa.com\\\/cz\\\/vnitrni-vybeh-pro-drobne-hlodavce-100cm\\\/#breadcrumb\"},\"inLanguage\":\"cs\",\"potentialAction\":[{\"@type\":\"ReadAction\",\"target\":[\"https:\\\/\\\/shopatoa.com\\\/cz\\\/vnitrni-vybeh-pro-drobne-hlodavce-100cm\\\/\"]}]},{\"@type\":\"ImageObject\",\"inLanguage\":\"cs\",\"@id\":\"https:\\\/\\\/shopatoa.com\\\/cz\\\/vnitrni-vybeh-pro-drobne-hlodavce-100cm\\\/#primaryimage\",\"url\":\"https:\\\/\\\/storage.googleapis.com\\\/cz-shopatoa-img\\\/cz\\\/2e623fe9-1_93849.jpg\",\"contentUrl\":\"https:\\\/\\\/storage.googleapis.com\\\/cz-shopatoa-img\\\/cz\\\/2e623fe9-1_93849.jpg\",\"width\":600,\"height\":600},{\"@type\":\"BreadcrumbList\",\"@id\":\"https:\\\/\\\/shopatoa.com\\\/cz\\\/vnitrni-vybeh-pro-drobne-hlodavce-100cm\\\/#breadcrumb\",\"itemListElement\":[{\"@type\":\"ListItem\",\"position\":1,\"name\":\"Dom\u016f\",\"item\":\"https:\\\/\\\/shopatoa.com\\\/cz\\\/\"},{\"@type\":\"ListItem\",\"position\":2,\"name\":\"Produkty\",\"item\":\"https:\\\/\\\/shopatoa.com\\\/cz\\\/shop\\\/\"},{\"@type\":\"ListItem\",\"position\":3,\"name\":\"Bydlen\u00ed a dopl\u0148ky\",\"item\":\"https:\\\/\\\/shopatoa.com\\\/cz\\\/bydleni-a-doplnky\\\/\"},{\"@type\":\"ListItem\",\"position\":4,\"name\":\"Bytov\u00e9 dopl\u0148ky\",\"item\":\"https:\\\/\\\/shopatoa.com\\\/cz\\\/bytove-doplnky\\\/\"},{\"@type\":\"ListItem\",\"position\":5,\"name\":\"Dopl\u0148ky do d\u011btsk\u00e9ho pokoje\",\"item\":\"https:\\\/\\\/shopatoa.com\\\/cz\\\/doplnky-do-detskeho-pokoje\\\/\"},{\"@type\":\"ListItem\",\"position\":6,\"name\":\"D\u011btsk\u00e9 ohr\u00e1dky\",\"item\":\"https:\\\/\\\/shopatoa.com\\\/cz\\\/detske-ohradky\\\/\"},{\"@type\":\"ListItem\",\"position\":7,\"name\":\"Vnit\u0159n\u00ed v\u00fdb\u011bh pro drobn\u00e9 hlodavce 100cm\"}]},{\"@type\":\"WebSite\",\"@id\":\"https:\\\/\\\/shopatoa.com\\\/cz\\\/#website\",\"url\":\"https:\\\/\\\/shopatoa.com\\\/cz\\\/\",\"name\":\"SHOPATOA\",\"description\":\"\",\"publisher\":{\"@id\":\"https:\\\/\\\/shopatoa.com\\\/cz\\\/#organization\"},\"potentialAction\":[{\"@type\":\"SearchAction\",\"target\":{\"@type\":\"EntryPoint\",\"urlTemplate\":\"https:\\\/\\\/shopatoa.com\\\/cz\\\/?s={search_term_string}\"},\"query-input\":{\"@type\":\"PropertyValueSpecification\",\"valueRequired\":true,\"valueName\":\"search_term_string\"}}],\"inLanguage\":\"cs\"},{\"@type\":\"Organization\",\"@id\":\"https:\\\/\\\/shopatoa.com\\\/cz\\\/#organization\",\"name\":\"SHOPATOA Digital s.r.o.\",\"url\":\"https:\\\/\\\/shopatoa.com\\\/cz\\\/\",\"logo\":{\"@type\":\"ImageObject\",\"inLanguage\":\"cs\",\"@id\":\"https:\\\/\\\/shopatoa.com\\\/cz\\\/#\\\/schema\\\/logo\\\/image\\\/\",\"url\":\"https:\\\/\\\/storage.googleapis.com\\\/cz-shopatoa-img\\\/cz\\\/ebccf434-shopatoa_logo.png\",\"contentUrl\":\"https:\\\/\\\/storage.googleapis.com\\\/cz-shopatoa-img\\\/cz\\\/ebccf434-shopatoa_logo.png\",\"width\":416,\"height\":63,\"caption\":\"SHOPATOA Digital s.r.o.\"},\"image\":{\"@id\":\"https:\\\/\\\/shopatoa.com\\\/cz\\\/#\\\/schema\\\/logo\\\/image\\\/\"}}]}<\/script>\n<!-- \/ Yoast SEO plugin. -->","yoast_head_json":{"title":"Vnit\u0159n\u00ed v\u00fdb\u011bh pro drobn\u00e9 hlodavce 100cm - SHOPATOA.COM","robots":{"index":"index","follow":"follow","max-snippet":"max-snippet:-1","max-image-preview":"max-image-preview:large","max-video-preview":"max-video-preview:-1"},"canonical":"https:\/\/shopatoa.com\/cz\/vnitrni-vybeh-pro-drobne-hlodavce-100cm\/","og_locale":"cs_CZ","og_type":"article","og_title":"Vnit\u0159n\u00ed v\u00fdb\u011bh pro drobn\u00e9 hlodavce 100cm - SHOPATOA.COM","og_description":"V\u00fdb\u011bh pro drobn\u00e9 savce do vnit\u0159n\u00edch prostor, kter\u00fd jim zajist\u00ed dostate\u010dn\u011b velk\u00e9 m\u00edsto pro pohyb. Z\u00e1rove\u0148 tak p\u0159isp\u011bje k\u00a0celkov\u00e9 pohod\u011b a pohodl\u00ed zv\u00ed\u0159at. Vnit\u0159n\u00ed v\u00fdb\u011bh\/ohr\u00e1dka. Optim\u00e1ln\u00ed jako prostor ke span\u00ed. Odn\u00edmateln\u00e1 p\u0159edn\u00ed st\u011bna vypln\u011bn\u00e1\u00a0plexisklem. Bo\u010dn\u00ed uzamykateln\u00e1 klapka dve\u0159\u00ed. V interi\u00e9ru\u00a0lze kombinovat s\u00a0krytem (nen\u00ed sou\u010d\u00e1st\u00ed). Odn\u00edmateln\u00fd plastov\u00fd podnos pro rychl\u00e9 a snadn\u00e9 \u010di\u0161t\u011bn\u00ed. Rozm\u011bry: 100 x...","og_url":"https:\/\/shopatoa.com\/cz\/vnitrni-vybeh-pro-drobne-hlodavce-100cm\/","og_site_name":"SHOPATOA","article_modified_time":"2025-05-16T13:33:17+00:00","og_image":[{"width":600,"height":600,"url":"https:\/\/storage.googleapis.com\/cz-shopatoa-img\/cz\/2e623fe9-1_93849.jpg","type":"image\/jpeg"}],"twitter_card":"summary_large_image","schema":{"@context":"https:\/\/schema.org","@graph":[{"@type":"WebPage","@id":"https:\/\/shopatoa.com\/cz\/vnitrni-vybeh-pro-drobne-hlodavce-100cm\/","url":"https:\/\/shopatoa.com\/cz\/vnitrni-vybeh-pro-drobne-hlodavce-100cm\/","name":"Vnit\u0159n\u00ed v\u00fdb\u011bh pro drobn\u00e9 hlodavce 100cm - SHOPATOA.COM","isPartOf":{"@id":"https:\/\/shopatoa.com\/cz\/#website"},"primaryImageOfPage":{"@id":"https:\/\/shopatoa.com\/cz\/vnitrni-vybeh-pro-drobne-hlodavce-100cm\/#primaryimage"},"image":{"@id":"https:\/\/shopatoa.com\/cz\/vnitrni-vybeh-pro-drobne-hlodavce-100cm\/#primaryimage"},"thumbnailUrl":"https:\/\/storage.googleapis.com\/cz-shopatoa-img\/cz\/2e623fe9-1_93849.jpg","datePublished":"2025-04-04T00:06:14+00:00","dateModified":"2025-05-16T13:33:17+00:00","breadcrumb":{"@id":"https:\/\/shopatoa.com\/cz\/vnitrni-vybeh-pro-drobne-hlodavce-100cm\/#breadcrumb"},"inLanguage":"cs","potentialAction":[{"@type":"ReadAction","target":["https:\/\/shopatoa.com\/cz\/vnitrni-vybeh-pro-drobne-hlodavce-100cm\/"]}]},{"@type":"ImageObject","inLanguage":"cs","@id":"https:\/\/shopatoa.com\/cz\/vnitrni-vybeh-pro-drobne-hlodavce-100cm\/#primaryimage","url":"https:\/\/storage.googleapis.com\/cz-shopatoa-img\/cz\/2e623fe9-1_93849.jpg","contentUrl":"https:\/\/storage.googleapis.com\/cz-shopatoa-img\/cz\/2e623fe9-1_93849.jpg","width":600,"height":600},{"@type":"BreadcrumbList","@id":"https:\/\/shopatoa.com\/cz\/vnitrni-vybeh-pro-drobne-hlodavce-100cm\/#breadcrumb","itemListElement":[{"@type":"ListItem","position":1,"name":"Dom\u016f","item":"https:\/\/shopatoa.com\/cz\/"},{"@type":"ListItem","position":2,"name":"Produkty","item":"https:\/\/shopatoa.com\/cz\/shop\/"},{"@type":"ListItem","position":3,"name":"Bydlen\u00ed a dopl\u0148ky","item":"https:\/\/shopatoa.com\/cz\/bydleni-a-doplnky\/"},{"@type":"ListItem","position":4,"name":"Bytov\u00e9 dopl\u0148ky","item":"https:\/\/shopatoa.com\/cz\/bytove-doplnky\/"},{"@type":"ListItem","position":5,"name":"Dopl\u0148ky do d\u011btsk\u00e9ho pokoje","item":"https:\/\/shopatoa.com\/cz\/doplnky-do-detskeho-pokoje\/"},{"@type":"ListItem","position":6,"name":"D\u011btsk\u00e9 ohr\u00e1dky","item":"https:\/\/shopatoa.com\/cz\/detske-ohradky\/"},{"@type":"ListItem","position":7,"name":"Vnit\u0159n\u00ed v\u00fdb\u011bh pro drobn\u00e9 hlodavce 100cm"}]},{"@type":"WebSite","@id":"https:\/\/shopatoa.com\/cz\/#website","url":"https:\/\/shopatoa.com\/cz\/","name":"SHOPATOA","description":"","publisher":{"@id":"https:\/\/shopatoa.com\/cz\/#organization"},"potentialAction":[{"@type":"SearchAction","target":{"@type":"EntryPoint","urlTemplate":"https:\/\/shopatoa.com\/cz\/?s={search_term_string}"},"query-input":{"@type":"PropertyValueSpecification","valueRequired":true,"valueName":"search_term_string"}}],"inLanguage":"cs"},{"@type":"Organization","@id":"https:\/\/shopatoa.com\/cz\/#organization","name":"SHOPATOA Digital s.r.o.","url":"https:\/\/shopatoa.com\/cz\/","logo":{"@type":"ImageObject","inLanguage":"cs","@id":"https:\/\/shopatoa.com\/cz\/#\/schema\/logo\/image\/","url":"https:\/\/storage.googleapis.com\/cz-shopatoa-img\/cz\/ebccf434-shopatoa_logo.png","contentUrl":"https:\/\/storage.googleapis.com\/cz-shopatoa-img\/cz\/ebccf434-shopatoa_logo.png","width":416,"height":63,"caption":"SHOPATOA Digital s.r.o."},"image":{"@id":"https:\/\/shopatoa.com\/cz\/#\/schema\/logo\/image\/"}}]}},"_links":{"self":[{"href":"https:\/\/shopatoa.com\/cz\/wp-json\/wp\/v2\/product\/256098","targetHints":{"allow":["GET"]}}],"collection":[{"href":"https:\/\/shopatoa.com\/cz\/wp-json\/wp\/v2\/product"}],"about":[{"href":"https:\/\/shopatoa.com\/cz\/wp-json\/wp\/v2\/types\/product"}],"replies":[{"embeddable":true,"href":"https:\/\/shopatoa.com\/cz\/wp-json\/wp\/v2\/comments?post=256098"}],"wp:featuredmedia":[{"embeddable":true,"href":"https:\/\/shopatoa.com\/cz\/wp-json\/wp\/v2\/media\/256099"}],"wp:attachment":[{"href":"https:\/\/shopatoa.com\/cz\/wp-json\/wp\/v2\/media?parent=256098"}],"wp:term":[{"taxonomy":"product_brand","embeddable":true,"href":"https:\/\/shopatoa.com\/cz\/wp-json\/wp\/v2\/product_brand?post=256098"},{"taxonomy":"product_cat","embeddable":true,"href":"https:\/\/shopatoa.com\/cz\/wp-json\/wp\/v2\/product_cat?post=256098"},{"taxonomy":"product_tag","embeddable":true,"href":"https:\/\/shopatoa.com\/cz\/wp-json\/wp\/v2\/product_tag?post=256098"}],"curies":[{"name":"wp","href":"https:\/\/api.w.org\/{rel}","templated":true}]}}