{"id":256178,"date":"2025-04-04T02:21:12","date_gmt":"2025-04-04T00:21:12","guid":{"rendered":"https:\/\/shopatoa.com\/cz\/?post_type=product&#038;p=256178"},"modified":"2026-01-31T12:07:48","modified_gmt":"2026-01-31T11:07:48","slug":"fontana-catit-pixi-smart-nerez-top","status":"publish","type":"product","link":"https:\/\/shopatoa.com\/cz\/fontana-catit-pixi-smart-nerez-top\/","title":{"rendered":"Font\u00e1na Catit Pixi Smart nerez top"},"content":{"rendered":"<p>Font\u00e1na Catit PIXI poskytuje va\u0161\u00ed ko\u010dce nep\u0159etr\u017eit\u00fd p\u0159\u00edsun \u010derstv\u00e9 a\u00a0\u010dist\u00e9 vody. Tekouc\u00ed voda povzbuzuje ko\u010dky k\u00a0tomu, aby v\u00edce pily, co\u017e pom\u00e1h\u00e1 p\u0159edch\u00e1zet onemocn\u011bn\u00edm mo\u010dov\u00fdch cest. Filtr, kter\u00fd je sou\u010d\u00e1st\u00ed balen\u00ed, odstra\u0148uje z\u00a0pitn\u00e9 vody pachy a\u00a0i ty nejmen\u0161\u00ed ne\u010distoty. Nav\u00edc vodu zm\u011bk\u010duje, proto\u017ee sni\u017euje mno\u017estv\u00ed v\u00e1pn\u00edku a\u00a0ho\u0159\u010d\u00edku, kter\u00e9 obsahuje. Sta\u010d\u00ed nasadit hlavici trysky pro obloukovit\u00fd proud vody.<\/p>\n<p>Va\u0161e ko\u010dka m\u016f\u017ee p\u00edt, i\u00a0kdy\u017e je font\u00e1na vypnut\u00e1. Je vybavena no\u010dn\u00edm sv\u011btlem, tich\u00fdm \u010derpadlem, LED indik\u00e1torem stavu a\u00a0funkc\u00ed automatick\u00e9ho vypnut\u00ed.<\/p>\n<p>Filtry se prod\u00e1vaj\u00ed samostatn\u011b.<\/p>\n<p>Podrobnosti o\u00a0produktu:<\/p>\n<p>\tS\u00a0vlo\u017ekou z\u00a0nerezov\u00e9 oceli.<br \/>\n\tUSB p\u0159\u00edpojka 5\u00a0V DC, 1\u00a0A.<br \/>\n\tAdapt\u00e9r &lt; 1\u00a0W.<br \/>\n\tVelmi tich\u00e9 a\u00a0pln\u011b odn\u00edmateln\u00e9 \u010derpadlo.<br \/>\n\tTrojn\u00e1sobn\u00fd filtr.<br \/>\n\tAutomatick\u00e9 vyp\u00edn\u00e1n\u00ed.<br \/>\n\tSignalizace n\u00edzk\u00e9 hladiny vody.<br \/>\n\tRozm\u011bry (d\u00a0\u00d7\u00a0\u0161\u00a0\u00d7\u00a0v) cca 20,5\u00a0\u00d7\u00a020,5\u00a0\u00d7\u00a017\u00a0cm.<\/p>\n<p>Funkce sv\u011bteln\u00e9ho ukazatele v\u00a0\u010dum\u00e1\u010dku:<\/p>\n<p>\tB\u00edl\u00e1 barva znamen\u00e1 no\u010dn\u00ed sv\u011btlo.<br \/>\n\t\u010cerven\u00e9 blik\u00e1n\u00ed znamen\u00e1, \u017ee je t\u0159eba&#8230;<\/p>\n","protected":false},"excerpt":{"rendered":"<p>Font\u00e1na Catit PIXI poskytuje va\u0161\u00ed ko\u010dce nep\u0159etr\u017eit\u00fd p\u0159\u00edsun \u010derstv\u00e9 a\u00a0\u010dist\u00e9 vody. Tekouc\u00ed voda povzbuzuje ko\u010dky k\u00a0tomu, aby v\u00edce pily, co\u017e pom\u00e1h\u00e1 p\u0159edch\u00e1zet onemocn\u011bn\u00edm mo\u010dov\u00fdch cest. Filtr, kter\u00fd je sou\u010d\u00e1st\u00ed balen\u00ed, odstra\u0148uje z\u00a0pitn\u00e9 vody pachy a\u00a0i ty nejmen\u0161\u00ed ne\u010distoty. Nav\u00edc vodu zm\u011bk\u010duje, proto\u017ee sni\u017euje mno\u017estv\u00ed v\u00e1pn\u00edku a\u00a0ho\u0159\u010d\u00edku, kter\u00e9 obsahuje. Sta\u010d\u00ed nasadit hlavici trysky pro obloukovit\u00fd proud&#8230;<\/p>\n","protected":false},"featured_media":256179,"comment_status":"closed","ping_status":"open","template":"","meta":{"_acf_changed":false,"_kadence_starter_templates_imported_post":false,"_kad_post_transparent":"","_kad_post_title":"","_kad_post_layout":"","_kad_post_sidebar_id":"","_kad_post_content_style":"","_kad_post_vertical_padding":"","_kad_post_feature":"","_kad_post_feature_position":"","_kad_post_header":false,"_kad_post_footer":false,"_kad_post_classname":""},"product_brand":[2532],"product_cat":[436,2534,1464],"product_tag":[],"class_list":{"0":"post-256178","1":"product","2":"type-product","3":"status-publish","4":"has-post-thumbnail","6":"product_brand-cat-it","7":"product_cat-chovatelske-potreby-2","8":"product_cat-misky-a-zasobniky-pro-kocky","9":"product_cat-pro-kocky-chovatelske-potreby-2","10":"pa_obchod-superzoo-cz","12":"first","13":"instock","14":"product-type-external","15":"entry","16":"content-bg","17":"loop-entry"},"acf":[],"yoast_head":"<!-- This site is optimized with the Yoast SEO plugin v27.4 - https:\/\/yoast.com\/product\/yoast-seo-wordpress\/ -->\n<title>Font\u00e1na Catit Pixi Smart nerez top - SHOPATOA.COM<\/title>\n<meta name=\"robots\" content=\"index, follow, max-snippet:-1, max-image-preview:large, max-video-preview:-1\" \/>\n<link rel=\"canonical\" href=\"https:\/\/shopatoa.com\/cz\/fontana-catit-pixi-smart-nerez-top\/\" \/>\n<meta property=\"og:locale\" content=\"cs_CZ\" \/>\n<meta property=\"og:type\" content=\"article\" \/>\n<meta property=\"og:title\" content=\"Font\u00e1na Catit Pixi Smart nerez top - SHOPATOA.COM\" \/>\n<meta property=\"og:description\" content=\"Font\u00e1na Catit PIXI poskytuje va\u0161\u00ed ko\u010dce nep\u0159etr\u017eit\u00fd p\u0159\u00edsun \u010derstv\u00e9 a\u00a0\u010dist\u00e9 vody. Tekouc\u00ed voda povzbuzuje ko\u010dky k\u00a0tomu, aby v\u00edce pily, co\u017e pom\u00e1h\u00e1 p\u0159edch\u00e1zet onemocn\u011bn\u00edm mo\u010dov\u00fdch cest. Filtr, kter\u00fd je sou\u010d\u00e1st\u00ed balen\u00ed, odstra\u0148uje z\u00a0pitn\u00e9 vody pachy a\u00a0i ty nejmen\u0161\u00ed ne\u010distoty. Nav\u00edc vodu zm\u011bk\u010duje, proto\u017ee sni\u017euje mno\u017estv\u00ed v\u00e1pn\u00edku a\u00a0ho\u0159\u010d\u00edku, kter\u00e9 obsahuje. Sta\u010d\u00ed nasadit hlavici trysky pro obloukovit\u00fd proud...\" \/>\n<meta property=\"og:url\" content=\"https:\/\/shopatoa.com\/cz\/fontana-catit-pixi-smart-nerez-top\/\" \/>\n<meta property=\"og:site_name\" content=\"SHOPATOA\" \/>\n<meta property=\"article:modified_time\" content=\"2026-01-31T11:07:48+00:00\" \/>\n<meta property=\"og:image\" content=\"https:\/\/storage.googleapis.com\/cz-shopatoa-img\/cz\/efd9a819-1_94239.jpg\" \/>\n\t<meta property=\"og:image:width\" content=\"600\" \/>\n\t<meta property=\"og:image:height\" content=\"600\" \/>\n\t<meta property=\"og:image:type\" content=\"image\/jpeg\" \/>\n<meta name=\"twitter:card\" content=\"summary_large_image\" \/>\n<meta name=\"twitter:label1\" content=\"Odhadovan\u00e1 doba \u010dten\u00ed\" \/>\n\t<meta name=\"twitter:data1\" content=\"1 minuta\" \/>\n<script type=\"application\/ld+json\" class=\"yoast-schema-graph\">{\"@context\":\"https:\\\/\\\/schema.org\",\"@graph\":[{\"@type\":\"WebPage\",\"@id\":\"https:\\\/\\\/shopatoa.com\\\/cz\\\/fontana-catit-pixi-smart-nerez-top\\\/\",\"url\":\"https:\\\/\\\/shopatoa.com\\\/cz\\\/fontana-catit-pixi-smart-nerez-top\\\/\",\"name\":\"Font\u00e1na Catit Pixi Smart nerez top - SHOPATOA.COM\",\"isPartOf\":{\"@id\":\"https:\\\/\\\/shopatoa.com\\\/cz\\\/#website\"},\"primaryImageOfPage\":{\"@id\":\"https:\\\/\\\/shopatoa.com\\\/cz\\\/fontana-catit-pixi-smart-nerez-top\\\/#primaryimage\"},\"image\":{\"@id\":\"https:\\\/\\\/shopatoa.com\\\/cz\\\/fontana-catit-pixi-smart-nerez-top\\\/#primaryimage\"},\"thumbnailUrl\":\"https:\\\/\\\/storage.googleapis.com\\\/cz-shopatoa-img\\\/cz\\\/efd9a819-1_94239.jpg\",\"datePublished\":\"2025-04-04T00:21:12+00:00\",\"dateModified\":\"2026-01-31T11:07:48+00:00\",\"breadcrumb\":{\"@id\":\"https:\\\/\\\/shopatoa.com\\\/cz\\\/fontana-catit-pixi-smart-nerez-top\\\/#breadcrumb\"},\"inLanguage\":\"cs\",\"potentialAction\":[{\"@type\":\"ReadAction\",\"target\":[\"https:\\\/\\\/shopatoa.com\\\/cz\\\/fontana-catit-pixi-smart-nerez-top\\\/\"]}]},{\"@type\":\"ImageObject\",\"inLanguage\":\"cs\",\"@id\":\"https:\\\/\\\/shopatoa.com\\\/cz\\\/fontana-catit-pixi-smart-nerez-top\\\/#primaryimage\",\"url\":\"https:\\\/\\\/storage.googleapis.com\\\/cz-shopatoa-img\\\/cz\\\/efd9a819-1_94239.jpg\",\"contentUrl\":\"https:\\\/\\\/storage.googleapis.com\\\/cz-shopatoa-img\\\/cz\\\/efd9a819-1_94239.jpg\",\"width\":600,\"height\":600},{\"@type\":\"BreadcrumbList\",\"@id\":\"https:\\\/\\\/shopatoa.com\\\/cz\\\/fontana-catit-pixi-smart-nerez-top\\\/#breadcrumb\",\"itemListElement\":[{\"@type\":\"ListItem\",\"position\":1,\"name\":\"Dom\u016f\",\"item\":\"https:\\\/\\\/shopatoa.com\\\/cz\\\/\"},{\"@type\":\"ListItem\",\"position\":2,\"name\":\"Produkty\",\"item\":\"https:\\\/\\\/shopatoa.com\\\/cz\\\/shop\\\/\"},{\"@type\":\"ListItem\",\"position\":3,\"name\":\"Chovatelsk\u00e9 pot\u0159eby\",\"item\":\"https:\\\/\\\/shopatoa.com\\\/cz\\\/chovatelske-potreby-2\\\/\"},{\"@type\":\"ListItem\",\"position\":4,\"name\":\"Pro ko\u010dky\",\"item\":\"https:\\\/\\\/shopatoa.com\\\/cz\\\/pro-kocky-chovatelske-potreby-2\\\/\"},{\"@type\":\"ListItem\",\"position\":5,\"name\":\"Misky a z\u00e1sobn\u00edky pro ko\u010dky\",\"item\":\"https:\\\/\\\/shopatoa.com\\\/cz\\\/misky-a-zasobniky-pro-kocky\\\/\"},{\"@type\":\"ListItem\",\"position\":6,\"name\":\"Font\u00e1na Catit Pixi Smart nerez top\"}]},{\"@type\":\"WebSite\",\"@id\":\"https:\\\/\\\/shopatoa.com\\\/cz\\\/#website\",\"url\":\"https:\\\/\\\/shopatoa.com\\\/cz\\\/\",\"name\":\"SHOPATOA\",\"description\":\"\",\"publisher\":{\"@id\":\"https:\\\/\\\/shopatoa.com\\\/cz\\\/#organization\"},\"potentialAction\":[{\"@type\":\"SearchAction\",\"target\":{\"@type\":\"EntryPoint\",\"urlTemplate\":\"https:\\\/\\\/shopatoa.com\\\/cz\\\/?s={search_term_string}\"},\"query-input\":{\"@type\":\"PropertyValueSpecification\",\"valueRequired\":true,\"valueName\":\"search_term_string\"}}],\"inLanguage\":\"cs\"},{\"@type\":\"Organization\",\"@id\":\"https:\\\/\\\/shopatoa.com\\\/cz\\\/#organization\",\"name\":\"SHOPATOA Digital s.r.o.\",\"url\":\"https:\\\/\\\/shopatoa.com\\\/cz\\\/\",\"logo\":{\"@type\":\"ImageObject\",\"inLanguage\":\"cs\",\"@id\":\"https:\\\/\\\/shopatoa.com\\\/cz\\\/#\\\/schema\\\/logo\\\/image\\\/\",\"url\":\"https:\\\/\\\/storage.googleapis.com\\\/cz-shopatoa-img\\\/cz\\\/ebccf434-shopatoa_logo.png\",\"contentUrl\":\"https:\\\/\\\/storage.googleapis.com\\\/cz-shopatoa-img\\\/cz\\\/ebccf434-shopatoa_logo.png\",\"width\":416,\"height\":63,\"caption\":\"SHOPATOA Digital s.r.o.\"},\"image\":{\"@id\":\"https:\\\/\\\/shopatoa.com\\\/cz\\\/#\\\/schema\\\/logo\\\/image\\\/\"}}]}<\/script>\n<!-- \/ Yoast SEO plugin. -->","yoast_head_json":{"title":"Font\u00e1na Catit Pixi Smart nerez top - SHOPATOA.COM","robots":{"index":"index","follow":"follow","max-snippet":"max-snippet:-1","max-image-preview":"max-image-preview:large","max-video-preview":"max-video-preview:-1"},"canonical":"https:\/\/shopatoa.com\/cz\/fontana-catit-pixi-smart-nerez-top\/","og_locale":"cs_CZ","og_type":"article","og_title":"Font\u00e1na Catit Pixi Smart nerez top - SHOPATOA.COM","og_description":"Font\u00e1na Catit PIXI poskytuje va\u0161\u00ed ko\u010dce nep\u0159etr\u017eit\u00fd p\u0159\u00edsun \u010derstv\u00e9 a\u00a0\u010dist\u00e9 vody. Tekouc\u00ed voda povzbuzuje ko\u010dky k\u00a0tomu, aby v\u00edce pily, co\u017e pom\u00e1h\u00e1 p\u0159edch\u00e1zet onemocn\u011bn\u00edm mo\u010dov\u00fdch cest. Filtr, kter\u00fd je sou\u010d\u00e1st\u00ed balen\u00ed, odstra\u0148uje z\u00a0pitn\u00e9 vody pachy a\u00a0i ty nejmen\u0161\u00ed ne\u010distoty. Nav\u00edc vodu zm\u011bk\u010duje, proto\u017ee sni\u017euje mno\u017estv\u00ed v\u00e1pn\u00edku a\u00a0ho\u0159\u010d\u00edku, kter\u00e9 obsahuje. Sta\u010d\u00ed nasadit hlavici trysky pro obloukovit\u00fd proud...","og_url":"https:\/\/shopatoa.com\/cz\/fontana-catit-pixi-smart-nerez-top\/","og_site_name":"SHOPATOA","article_modified_time":"2026-01-31T11:07:48+00:00","og_image":[{"width":600,"height":600,"url":"https:\/\/storage.googleapis.com\/cz-shopatoa-img\/cz\/efd9a819-1_94239.jpg","type":"image\/jpeg"}],"twitter_card":"summary_large_image","twitter_misc":{"Odhadovan\u00e1 doba \u010dten\u00ed":"1 minuta"},"schema":{"@context":"https:\/\/schema.org","@graph":[{"@type":"WebPage","@id":"https:\/\/shopatoa.com\/cz\/fontana-catit-pixi-smart-nerez-top\/","url":"https:\/\/shopatoa.com\/cz\/fontana-catit-pixi-smart-nerez-top\/","name":"Font\u00e1na Catit Pixi Smart nerez top - SHOPATOA.COM","isPartOf":{"@id":"https:\/\/shopatoa.com\/cz\/#website"},"primaryImageOfPage":{"@id":"https:\/\/shopatoa.com\/cz\/fontana-catit-pixi-smart-nerez-top\/#primaryimage"},"image":{"@id":"https:\/\/shopatoa.com\/cz\/fontana-catit-pixi-smart-nerez-top\/#primaryimage"},"thumbnailUrl":"https:\/\/storage.googleapis.com\/cz-shopatoa-img\/cz\/efd9a819-1_94239.jpg","datePublished":"2025-04-04T00:21:12+00:00","dateModified":"2026-01-31T11:07:48+00:00","breadcrumb":{"@id":"https:\/\/shopatoa.com\/cz\/fontana-catit-pixi-smart-nerez-top\/#breadcrumb"},"inLanguage":"cs","potentialAction":[{"@type":"ReadAction","target":["https:\/\/shopatoa.com\/cz\/fontana-catit-pixi-smart-nerez-top\/"]}]},{"@type":"ImageObject","inLanguage":"cs","@id":"https:\/\/shopatoa.com\/cz\/fontana-catit-pixi-smart-nerez-top\/#primaryimage","url":"https:\/\/storage.googleapis.com\/cz-shopatoa-img\/cz\/efd9a819-1_94239.jpg","contentUrl":"https:\/\/storage.googleapis.com\/cz-shopatoa-img\/cz\/efd9a819-1_94239.jpg","width":600,"height":600},{"@type":"BreadcrumbList","@id":"https:\/\/shopatoa.com\/cz\/fontana-catit-pixi-smart-nerez-top\/#breadcrumb","itemListElement":[{"@type":"ListItem","position":1,"name":"Dom\u016f","item":"https:\/\/shopatoa.com\/cz\/"},{"@type":"ListItem","position":2,"name":"Produkty","item":"https:\/\/shopatoa.com\/cz\/shop\/"},{"@type":"ListItem","position":3,"name":"Chovatelsk\u00e9 pot\u0159eby","item":"https:\/\/shopatoa.com\/cz\/chovatelske-potreby-2\/"},{"@type":"ListItem","position":4,"name":"Pro ko\u010dky","item":"https:\/\/shopatoa.com\/cz\/pro-kocky-chovatelske-potreby-2\/"},{"@type":"ListItem","position":5,"name":"Misky a z\u00e1sobn\u00edky pro ko\u010dky","item":"https:\/\/shopatoa.com\/cz\/misky-a-zasobniky-pro-kocky\/"},{"@type":"ListItem","position":6,"name":"Font\u00e1na Catit Pixi Smart nerez top"}]},{"@type":"WebSite","@id":"https:\/\/shopatoa.com\/cz\/#website","url":"https:\/\/shopatoa.com\/cz\/","name":"SHOPATOA","description":"","publisher":{"@id":"https:\/\/shopatoa.com\/cz\/#organization"},"potentialAction":[{"@type":"SearchAction","target":{"@type":"EntryPoint","urlTemplate":"https:\/\/shopatoa.com\/cz\/?s={search_term_string}"},"query-input":{"@type":"PropertyValueSpecification","valueRequired":true,"valueName":"search_term_string"}}],"inLanguage":"cs"},{"@type":"Organization","@id":"https:\/\/shopatoa.com\/cz\/#organization","name":"SHOPATOA Digital s.r.o.","url":"https:\/\/shopatoa.com\/cz\/","logo":{"@type":"ImageObject","inLanguage":"cs","@id":"https:\/\/shopatoa.com\/cz\/#\/schema\/logo\/image\/","url":"https:\/\/storage.googleapis.com\/cz-shopatoa-img\/cz\/ebccf434-shopatoa_logo.png","contentUrl":"https:\/\/storage.googleapis.com\/cz-shopatoa-img\/cz\/ebccf434-shopatoa_logo.png","width":416,"height":63,"caption":"SHOPATOA Digital s.r.o."},"image":{"@id":"https:\/\/shopatoa.com\/cz\/#\/schema\/logo\/image\/"}}]}},"_links":{"self":[{"href":"https:\/\/shopatoa.com\/cz\/wp-json\/wp\/v2\/product\/256178","targetHints":{"allow":["GET"]}}],"collection":[{"href":"https:\/\/shopatoa.com\/cz\/wp-json\/wp\/v2\/product"}],"about":[{"href":"https:\/\/shopatoa.com\/cz\/wp-json\/wp\/v2\/types\/product"}],"replies":[{"embeddable":true,"href":"https:\/\/shopatoa.com\/cz\/wp-json\/wp\/v2\/comments?post=256178"}],"wp:featuredmedia":[{"embeddable":true,"href":"https:\/\/shopatoa.com\/cz\/wp-json\/wp\/v2\/media\/256179"}],"wp:attachment":[{"href":"https:\/\/shopatoa.com\/cz\/wp-json\/wp\/v2\/media?parent=256178"}],"wp:term":[{"taxonomy":"product_brand","embeddable":true,"href":"https:\/\/shopatoa.com\/cz\/wp-json\/wp\/v2\/product_brand?post=256178"},{"taxonomy":"product_cat","embeddable":true,"href":"https:\/\/shopatoa.com\/cz\/wp-json\/wp\/v2\/product_cat?post=256178"},{"taxonomy":"product_tag","embeddable":true,"href":"https:\/\/shopatoa.com\/cz\/wp-json\/wp\/v2\/product_tag?post=256178"}],"curies":[{"name":"wp","href":"https:\/\/api.w.org\/{rel}","templated":true}]}}