{"id":256180,"date":"2025-04-04T02:21:22","date_gmt":"2025-04-04T00:21:22","guid":{"rendered":"https:\/\/shopatoa.com\/cz\/?post_type=product&#038;p=256180"},"modified":"2026-01-31T20:59:30","modified_gmt":"2026-01-31T19:59:30","slug":"filtr-catit-pro-fontanky-pixi-6ks","status":"publish","type":"product","link":"https:\/\/shopatoa.com\/cz\/filtr-catit-pro-fontanky-pixi-6ks\/","title":{"rendered":"Filtr Catit pro font\u00e1nky Pixi 6ks"},"content":{"rendered":"<p>Filtr s troj\u00edm \u00fa\u010dinkem\u00a0pro font\u00e1nky Catit Pixi\u00a0zaji\u0161\u0165uje d\u016fkladn\u011b vy\u010di\u0161t\u011bnou vodu.<\/p>\n<p>\tBavln\u011bn\u00e1 tkanina:\u00a0filtruje \u010d\u00e1stice ne\u010distot z vody.<br \/>\n\tAktivn\u00ed uhl\u00ed: odstra\u0148uje z vody ne\u010distoty a pachy.<br \/>\n\tIontov\u00fd v\u00fdm\u011bn\u00edk:\u00a0pom\u00e1h\u00e1 zm\u011bk\u010dovat vodu.<\/p>\n<p>\u010ci\u0161t\u011bn\u00ed filtru:<\/p>\n<p>Vyjm\u011bte filtr ze spodn\u00ed \u010d\u00e1sti font\u00e1ny a opl\u00e1chn\u011bte jej. Neum\u00fdvejte filtr m\u00fddlem. Pokud filtr obsahuje ne\u010distoty nebo jin\u00e9 ciz\u00ed l\u00e1tky, vym\u011b\u0148te jej. Filtr vym\u011b\u0148ujte ka\u017ed\u00e9 t\u0159i a\u017e \u010dty\u0159i t\u00fddny nebo jakmile se objev\u00ed zn\u00e1mky nasycen\u00ed ciz\u00edmi l\u00e1tkami (zne\u010di\u0161t\u011bn\u00ed, zbytky krmiva, chlupy atd.). M\u016f\u017ee b\u00fdt nutn\u00e1 \u010dast\u011bj\u0161\u00ed v\u00fdm\u011bna v z\u00e1vislosti na prost\u0159ed\u00ed nebo kvalit\u011b vody, stejn\u011b jako p\u0159i pou\u017e\u00edv\u00e1n\u00ed n\u011bkolika zv\u00ed\u0159aty sou\u010dasn\u011b. Viz n\u00e1vod k obsluze font\u00e1nky.<\/p>\n","protected":false},"excerpt":{"rendered":"<p>Filtr s troj\u00edm \u00fa\u010dinkem\u00a0pro font\u00e1nky Catit Pixi\u00a0zaji\u0161\u0165uje d\u016fkladn\u011b vy\u010di\u0161t\u011bnou vodu. Bavln\u011bn\u00e1 tkanina:\u00a0filtruje \u010d\u00e1stice ne\u010distot z vody. Aktivn\u00ed uhl\u00ed: odstra\u0148uje z vody ne\u010distoty a pachy. Iontov\u00fd v\u00fdm\u011bn\u00edk:\u00a0pom\u00e1h\u00e1 zm\u011bk\u010dovat vodu. \u010ci\u0161t\u011bn\u00ed filtru: Vyjm\u011bte filtr ze spodn\u00ed \u010d\u00e1sti font\u00e1ny a opl\u00e1chn\u011bte jej. Neum\u00fdvejte filtr m\u00fddlem. Pokud filtr obsahuje ne\u010distoty nebo jin\u00e9 ciz\u00ed l\u00e1tky, vym\u011b\u0148te jej. Filtr vym\u011b\u0148ujte ka\u017ed\u00e9&#8230;<\/p>\n","protected":false},"featured_media":256181,"comment_status":"closed","ping_status":"open","template":"","meta":{"_acf_changed":false,"_kadence_starter_templates_imported_post":false,"_kad_post_transparent":"","_kad_post_title":"","_kad_post_layout":"","_kad_post_sidebar_id":"","_kad_post_content_style":"","_kad_post_vertical_padding":"","_kad_post_feature":"","_kad_post_feature_position":"","_kad_post_header":false,"_kad_post_footer":false,"_kad_post_classname":""},"product_brand":[2532],"product_cat":[436,2534,1464],"product_tag":[],"class_list":{"0":"post-256180","1":"product","2":"type-product","3":"status-publish","4":"has-post-thumbnail","6":"product_brand-cat-it","7":"product_cat-chovatelske-potreby-2","8":"product_cat-misky-a-zasobniky-pro-kocky","9":"product_cat-pro-kocky-chovatelske-potreby-2","10":"pa_obchod-superzoo-cz","12":"first","13":"instock","14":"product-type-external","15":"entry","16":"content-bg","17":"loop-entry"},"acf":[],"yoast_head":"<!-- This site is optimized with the Yoast SEO plugin v27.4 - https:\/\/yoast.com\/product\/yoast-seo-wordpress\/ -->\n<title>Filtr Catit pro font\u00e1nky Pixi 6ks - SHOPATOA.COM<\/title>\n<meta name=\"robots\" content=\"index, follow, max-snippet:-1, max-image-preview:large, max-video-preview:-1\" \/>\n<link rel=\"canonical\" href=\"https:\/\/shopatoa.com\/cz\/filtr-catit-pro-fontanky-pixi-6ks\/\" \/>\n<meta property=\"og:locale\" content=\"cs_CZ\" \/>\n<meta property=\"og:type\" content=\"article\" \/>\n<meta property=\"og:title\" content=\"Filtr Catit pro font\u00e1nky Pixi 6ks - SHOPATOA.COM\" \/>\n<meta property=\"og:description\" content=\"Filtr s troj\u00edm \u00fa\u010dinkem\u00a0pro font\u00e1nky Catit Pixi\u00a0zaji\u0161\u0165uje d\u016fkladn\u011b vy\u010di\u0161t\u011bnou vodu. Bavln\u011bn\u00e1 tkanina:\u00a0filtruje \u010d\u00e1stice ne\u010distot z vody. Aktivn\u00ed uhl\u00ed: odstra\u0148uje z vody ne\u010distoty a pachy. Iontov\u00fd v\u00fdm\u011bn\u00edk:\u00a0pom\u00e1h\u00e1 zm\u011bk\u010dovat vodu. \u010ci\u0161t\u011bn\u00ed filtru: Vyjm\u011bte filtr ze spodn\u00ed \u010d\u00e1sti font\u00e1ny a opl\u00e1chn\u011bte jej. Neum\u00fdvejte filtr m\u00fddlem. Pokud filtr obsahuje ne\u010distoty nebo jin\u00e9 ciz\u00ed l\u00e1tky, vym\u011b\u0148te jej. Filtr vym\u011b\u0148ujte ka\u017ed\u00e9...\" \/>\n<meta property=\"og:url\" content=\"https:\/\/shopatoa.com\/cz\/filtr-catit-pro-fontanky-pixi-6ks\/\" \/>\n<meta property=\"og:site_name\" content=\"SHOPATOA\" \/>\n<meta property=\"article:modified_time\" content=\"2026-01-31T19:59:30+00:00\" \/>\n<meta property=\"og:image\" content=\"https:\/\/storage.googleapis.com\/cz-shopatoa-img\/cz\/395b70c4-1_93935.jpg\" \/>\n\t<meta property=\"og:image:width\" content=\"600\" \/>\n\t<meta property=\"og:image:height\" content=\"600\" \/>\n\t<meta property=\"og:image:type\" content=\"image\/jpeg\" \/>\n<meta name=\"twitter:card\" content=\"summary_large_image\" \/>\n<meta name=\"twitter:label1\" content=\"Odhadovan\u00e1 doba \u010dten\u00ed\" \/>\n\t<meta name=\"twitter:data1\" content=\"1 minuta\" \/>\n<script type=\"application\/ld+json\" class=\"yoast-schema-graph\">{\"@context\":\"https:\\\/\\\/schema.org\",\"@graph\":[{\"@type\":\"WebPage\",\"@id\":\"https:\\\/\\\/shopatoa.com\\\/cz\\\/filtr-catit-pro-fontanky-pixi-6ks\\\/\",\"url\":\"https:\\\/\\\/shopatoa.com\\\/cz\\\/filtr-catit-pro-fontanky-pixi-6ks\\\/\",\"name\":\"Filtr Catit pro font\u00e1nky Pixi 6ks - SHOPATOA.COM\",\"isPartOf\":{\"@id\":\"https:\\\/\\\/shopatoa.com\\\/cz\\\/#website\"},\"primaryImageOfPage\":{\"@id\":\"https:\\\/\\\/shopatoa.com\\\/cz\\\/filtr-catit-pro-fontanky-pixi-6ks\\\/#primaryimage\"},\"image\":{\"@id\":\"https:\\\/\\\/shopatoa.com\\\/cz\\\/filtr-catit-pro-fontanky-pixi-6ks\\\/#primaryimage\"},\"thumbnailUrl\":\"https:\\\/\\\/storage.googleapis.com\\\/cz-shopatoa-img\\\/cz\\\/395b70c4-1_93935.jpg\",\"datePublished\":\"2025-04-04T00:21:22+00:00\",\"dateModified\":\"2026-01-31T19:59:30+00:00\",\"breadcrumb\":{\"@id\":\"https:\\\/\\\/shopatoa.com\\\/cz\\\/filtr-catit-pro-fontanky-pixi-6ks\\\/#breadcrumb\"},\"inLanguage\":\"cs\",\"potentialAction\":[{\"@type\":\"ReadAction\",\"target\":[\"https:\\\/\\\/shopatoa.com\\\/cz\\\/filtr-catit-pro-fontanky-pixi-6ks\\\/\"]}]},{\"@type\":\"ImageObject\",\"inLanguage\":\"cs\",\"@id\":\"https:\\\/\\\/shopatoa.com\\\/cz\\\/filtr-catit-pro-fontanky-pixi-6ks\\\/#primaryimage\",\"url\":\"https:\\\/\\\/storage.googleapis.com\\\/cz-shopatoa-img\\\/cz\\\/395b70c4-1_93935.jpg\",\"contentUrl\":\"https:\\\/\\\/storage.googleapis.com\\\/cz-shopatoa-img\\\/cz\\\/395b70c4-1_93935.jpg\",\"width\":600,\"height\":600},{\"@type\":\"BreadcrumbList\",\"@id\":\"https:\\\/\\\/shopatoa.com\\\/cz\\\/filtr-catit-pro-fontanky-pixi-6ks\\\/#breadcrumb\",\"itemListElement\":[{\"@type\":\"ListItem\",\"position\":1,\"name\":\"Dom\u016f\",\"item\":\"https:\\\/\\\/shopatoa.com\\\/cz\\\/\"},{\"@type\":\"ListItem\",\"position\":2,\"name\":\"Produkty\",\"item\":\"https:\\\/\\\/shopatoa.com\\\/cz\\\/shop\\\/\"},{\"@type\":\"ListItem\",\"position\":3,\"name\":\"Chovatelsk\u00e9 pot\u0159eby\",\"item\":\"https:\\\/\\\/shopatoa.com\\\/cz\\\/chovatelske-potreby-2\\\/\"},{\"@type\":\"ListItem\",\"position\":4,\"name\":\"Pro ko\u010dky\",\"item\":\"https:\\\/\\\/shopatoa.com\\\/cz\\\/pro-kocky-chovatelske-potreby-2\\\/\"},{\"@type\":\"ListItem\",\"position\":5,\"name\":\"Misky a z\u00e1sobn\u00edky pro ko\u010dky\",\"item\":\"https:\\\/\\\/shopatoa.com\\\/cz\\\/misky-a-zasobniky-pro-kocky\\\/\"},{\"@type\":\"ListItem\",\"position\":6,\"name\":\"Filtr Catit pro font\u00e1nky Pixi 6ks\"}]},{\"@type\":\"WebSite\",\"@id\":\"https:\\\/\\\/shopatoa.com\\\/cz\\\/#website\",\"url\":\"https:\\\/\\\/shopatoa.com\\\/cz\\\/\",\"name\":\"SHOPATOA\",\"description\":\"\",\"publisher\":{\"@id\":\"https:\\\/\\\/shopatoa.com\\\/cz\\\/#organization\"},\"potentialAction\":[{\"@type\":\"SearchAction\",\"target\":{\"@type\":\"EntryPoint\",\"urlTemplate\":\"https:\\\/\\\/shopatoa.com\\\/cz\\\/?s={search_term_string}\"},\"query-input\":{\"@type\":\"PropertyValueSpecification\",\"valueRequired\":true,\"valueName\":\"search_term_string\"}}],\"inLanguage\":\"cs\"},{\"@type\":\"Organization\",\"@id\":\"https:\\\/\\\/shopatoa.com\\\/cz\\\/#organization\",\"name\":\"SHOPATOA Digital s.r.o.\",\"url\":\"https:\\\/\\\/shopatoa.com\\\/cz\\\/\",\"logo\":{\"@type\":\"ImageObject\",\"inLanguage\":\"cs\",\"@id\":\"https:\\\/\\\/shopatoa.com\\\/cz\\\/#\\\/schema\\\/logo\\\/image\\\/\",\"url\":\"https:\\\/\\\/storage.googleapis.com\\\/cz-shopatoa-img\\\/cz\\\/ebccf434-shopatoa_logo.png\",\"contentUrl\":\"https:\\\/\\\/storage.googleapis.com\\\/cz-shopatoa-img\\\/cz\\\/ebccf434-shopatoa_logo.png\",\"width\":416,\"height\":63,\"caption\":\"SHOPATOA Digital s.r.o.\"},\"image\":{\"@id\":\"https:\\\/\\\/shopatoa.com\\\/cz\\\/#\\\/schema\\\/logo\\\/image\\\/\"}}]}<\/script>\n<!-- \/ Yoast SEO plugin. -->","yoast_head_json":{"title":"Filtr Catit pro font\u00e1nky Pixi 6ks - SHOPATOA.COM","robots":{"index":"index","follow":"follow","max-snippet":"max-snippet:-1","max-image-preview":"max-image-preview:large","max-video-preview":"max-video-preview:-1"},"canonical":"https:\/\/shopatoa.com\/cz\/filtr-catit-pro-fontanky-pixi-6ks\/","og_locale":"cs_CZ","og_type":"article","og_title":"Filtr Catit pro font\u00e1nky Pixi 6ks - SHOPATOA.COM","og_description":"Filtr s troj\u00edm \u00fa\u010dinkem\u00a0pro font\u00e1nky Catit Pixi\u00a0zaji\u0161\u0165uje d\u016fkladn\u011b vy\u010di\u0161t\u011bnou vodu. Bavln\u011bn\u00e1 tkanina:\u00a0filtruje \u010d\u00e1stice ne\u010distot z vody. Aktivn\u00ed uhl\u00ed: odstra\u0148uje z vody ne\u010distoty a pachy. Iontov\u00fd v\u00fdm\u011bn\u00edk:\u00a0pom\u00e1h\u00e1 zm\u011bk\u010dovat vodu. \u010ci\u0161t\u011bn\u00ed filtru: Vyjm\u011bte filtr ze spodn\u00ed \u010d\u00e1sti font\u00e1ny a opl\u00e1chn\u011bte jej. Neum\u00fdvejte filtr m\u00fddlem. Pokud filtr obsahuje ne\u010distoty nebo jin\u00e9 ciz\u00ed l\u00e1tky, vym\u011b\u0148te jej. Filtr vym\u011b\u0148ujte ka\u017ed\u00e9...","og_url":"https:\/\/shopatoa.com\/cz\/filtr-catit-pro-fontanky-pixi-6ks\/","og_site_name":"SHOPATOA","article_modified_time":"2026-01-31T19:59:30+00:00","og_image":[{"width":600,"height":600,"url":"https:\/\/storage.googleapis.com\/cz-shopatoa-img\/cz\/395b70c4-1_93935.jpg","type":"image\/jpeg"}],"twitter_card":"summary_large_image","twitter_misc":{"Odhadovan\u00e1 doba \u010dten\u00ed":"1 minuta"},"schema":{"@context":"https:\/\/schema.org","@graph":[{"@type":"WebPage","@id":"https:\/\/shopatoa.com\/cz\/filtr-catit-pro-fontanky-pixi-6ks\/","url":"https:\/\/shopatoa.com\/cz\/filtr-catit-pro-fontanky-pixi-6ks\/","name":"Filtr Catit pro font\u00e1nky Pixi 6ks - SHOPATOA.COM","isPartOf":{"@id":"https:\/\/shopatoa.com\/cz\/#website"},"primaryImageOfPage":{"@id":"https:\/\/shopatoa.com\/cz\/filtr-catit-pro-fontanky-pixi-6ks\/#primaryimage"},"image":{"@id":"https:\/\/shopatoa.com\/cz\/filtr-catit-pro-fontanky-pixi-6ks\/#primaryimage"},"thumbnailUrl":"https:\/\/storage.googleapis.com\/cz-shopatoa-img\/cz\/395b70c4-1_93935.jpg","datePublished":"2025-04-04T00:21:22+00:00","dateModified":"2026-01-31T19:59:30+00:00","breadcrumb":{"@id":"https:\/\/shopatoa.com\/cz\/filtr-catit-pro-fontanky-pixi-6ks\/#breadcrumb"},"inLanguage":"cs","potentialAction":[{"@type":"ReadAction","target":["https:\/\/shopatoa.com\/cz\/filtr-catit-pro-fontanky-pixi-6ks\/"]}]},{"@type":"ImageObject","inLanguage":"cs","@id":"https:\/\/shopatoa.com\/cz\/filtr-catit-pro-fontanky-pixi-6ks\/#primaryimage","url":"https:\/\/storage.googleapis.com\/cz-shopatoa-img\/cz\/395b70c4-1_93935.jpg","contentUrl":"https:\/\/storage.googleapis.com\/cz-shopatoa-img\/cz\/395b70c4-1_93935.jpg","width":600,"height":600},{"@type":"BreadcrumbList","@id":"https:\/\/shopatoa.com\/cz\/filtr-catit-pro-fontanky-pixi-6ks\/#breadcrumb","itemListElement":[{"@type":"ListItem","position":1,"name":"Dom\u016f","item":"https:\/\/shopatoa.com\/cz\/"},{"@type":"ListItem","position":2,"name":"Produkty","item":"https:\/\/shopatoa.com\/cz\/shop\/"},{"@type":"ListItem","position":3,"name":"Chovatelsk\u00e9 pot\u0159eby","item":"https:\/\/shopatoa.com\/cz\/chovatelske-potreby-2\/"},{"@type":"ListItem","position":4,"name":"Pro ko\u010dky","item":"https:\/\/shopatoa.com\/cz\/pro-kocky-chovatelske-potreby-2\/"},{"@type":"ListItem","position":5,"name":"Misky a z\u00e1sobn\u00edky pro ko\u010dky","item":"https:\/\/shopatoa.com\/cz\/misky-a-zasobniky-pro-kocky\/"},{"@type":"ListItem","position":6,"name":"Filtr Catit pro font\u00e1nky Pixi 6ks"}]},{"@type":"WebSite","@id":"https:\/\/shopatoa.com\/cz\/#website","url":"https:\/\/shopatoa.com\/cz\/","name":"SHOPATOA","description":"","publisher":{"@id":"https:\/\/shopatoa.com\/cz\/#organization"},"potentialAction":[{"@type":"SearchAction","target":{"@type":"EntryPoint","urlTemplate":"https:\/\/shopatoa.com\/cz\/?s={search_term_string}"},"query-input":{"@type":"PropertyValueSpecification","valueRequired":true,"valueName":"search_term_string"}}],"inLanguage":"cs"},{"@type":"Organization","@id":"https:\/\/shopatoa.com\/cz\/#organization","name":"SHOPATOA Digital s.r.o.","url":"https:\/\/shopatoa.com\/cz\/","logo":{"@type":"ImageObject","inLanguage":"cs","@id":"https:\/\/shopatoa.com\/cz\/#\/schema\/logo\/image\/","url":"https:\/\/storage.googleapis.com\/cz-shopatoa-img\/cz\/ebccf434-shopatoa_logo.png","contentUrl":"https:\/\/storage.googleapis.com\/cz-shopatoa-img\/cz\/ebccf434-shopatoa_logo.png","width":416,"height":63,"caption":"SHOPATOA Digital s.r.o."},"image":{"@id":"https:\/\/shopatoa.com\/cz\/#\/schema\/logo\/image\/"}}]}},"_links":{"self":[{"href":"https:\/\/shopatoa.com\/cz\/wp-json\/wp\/v2\/product\/256180","targetHints":{"allow":["GET"]}}],"collection":[{"href":"https:\/\/shopatoa.com\/cz\/wp-json\/wp\/v2\/product"}],"about":[{"href":"https:\/\/shopatoa.com\/cz\/wp-json\/wp\/v2\/types\/product"}],"replies":[{"embeddable":true,"href":"https:\/\/shopatoa.com\/cz\/wp-json\/wp\/v2\/comments?post=256180"}],"wp:featuredmedia":[{"embeddable":true,"href":"https:\/\/shopatoa.com\/cz\/wp-json\/wp\/v2\/media\/256181"}],"wp:attachment":[{"href":"https:\/\/shopatoa.com\/cz\/wp-json\/wp\/v2\/media?parent=256180"}],"wp:term":[{"taxonomy":"product_brand","embeddable":true,"href":"https:\/\/shopatoa.com\/cz\/wp-json\/wp\/v2\/product_brand?post=256180"},{"taxonomy":"product_cat","embeddable":true,"href":"https:\/\/shopatoa.com\/cz\/wp-json\/wp\/v2\/product_cat?post=256180"},{"taxonomy":"product_tag","embeddable":true,"href":"https:\/\/shopatoa.com\/cz\/wp-json\/wp\/v2\/product_tag?post=256180"}],"curies":[{"name":"wp","href":"https:\/\/api.w.org\/{rel}","templated":true}]}}