{"id":256184,"date":"2025-04-04T02:21:42","date_gmt":"2025-04-04T00:21:42","guid":{"rendered":"https:\/\/shopatoa.com\/cz\/?post_type=product&#038;p=256184"},"modified":"2026-02-01T16:48:26","modified_gmt":"2026-02-01T15:48:26","slug":"davkovac-catit-pixi-smart-6","status":"publish","type":"product","link":"https:\/\/shopatoa.com\/cz\/davkovac-catit-pixi-smart-6\/","title":{"rendered":"D\u00e1vkova\u010d Catit Pixi Smart 6"},"content":{"rendered":"<p>S\u00a0t\u00edmto automatick\u00fdm krm\u00edtkem m\u016f\u017eete svou ko\u010dku krmit, i kdy\u017e nejste doma.\u00a0M\u016f\u017eete naprogramovat a\u017e \u0161est r\u016fzn\u00fdch j\u00eddel denn\u011b a v p\u0159\u00edpad\u011b pot\u0159eby spustit okam\u017eit\u00e9 krmen\u00ed \u2013 jednodu\u0161e pomoc\u00ed aplikace v chytr\u00e9m telefonu.<\/p>\n<p>Krm\u00edtko je navr\u017eeno tak, aby bylo bezpe\u010dn\u00e9 pro ko\u010dky, a je mimo jin\u00e9 vybaveno z\u00e1mkem ovl\u00e1dac\u00edho panelu.\u00a0LCD displej s dotykov\u00fdm ovl\u00e1d\u00e1n\u00edm umo\u017e\u0148uje nekomplikovan\u00e9 ovl\u00e1d\u00e1n\u00ed jako alternativu k aplikaci. Sou\u010d\u00e1st\u00ed balen\u00ed jsou dv\u011b chladic\u00ed baterie, kter\u00e9 udr\u017e\u00ed zejm\u00e9na mokr\u00e9 krmivo d\u00e9le \u010derstv\u00e9. Automatick\u00e9 krm\u00edtko je nap\u00e1jeno z elektrick\u00e9 s\u00edt\u011b, ale je vybaveno p\u0159ihr\u00e1dkou na nouzov\u00e9 baterie, tak\u017ee v p\u0159\u00edpad\u011b v\u00fdpadku proudu ko\u010dka nep\u0159ijde o j\u00eddlo.\u00a0Zvukov\u00e9 sign\u00e1ly se oz\u00fdvaj\u00ed, kdy\u017e jsou baterie t\u00e9m\u011b\u0159 vybit\u00e9, kdy\u017e je stisknut ovl\u00e1dac\u00ed panel nebo kdy\u017e prob\u011bhne krmen\u00ed.<\/p>\n<p>\tD\u00e1lkov\u011b ovladateln\u00e9 krm\u00edtko pro ko\u010dky.<br \/>\n\tV\u0161estrann\u00e9 a individu\u00e1ln\u00ed pou\u017eit\u00ed:\u00a0pod\u00e1v\u00e1 a\u017e 6 krmen\u00ed denn\u011b, granule, mokr\u00e9 krmivo a pamlsky.<br \/>\n\tDigit\u00e1ln\u00ed ovl\u00e1d\u00e1n\u00ed:\u00a0ovl\u00e1d\u00e1n\u00ed prost\u0159ednictv\u00edm bezplatn\u00e9 aplikace Catit&#8230;<\/p>\n","protected":false},"excerpt":{"rendered":"<p>S\u00a0t\u00edmto automatick\u00fdm krm\u00edtkem m\u016f\u017eete svou ko\u010dku krmit, i kdy\u017e nejste doma.\u00a0M\u016f\u017eete naprogramovat a\u017e \u0161est r\u016fzn\u00fdch j\u00eddel denn\u011b a v p\u0159\u00edpad\u011b pot\u0159eby spustit okam\u017eit\u00e9 krmen\u00ed \u2013 jednodu\u0161e pomoc\u00ed aplikace v chytr\u00e9m telefonu. Krm\u00edtko je navr\u017eeno tak, aby bylo bezpe\u010dn\u00e9 pro ko\u010dky, a je mimo jin\u00e9 vybaveno z\u00e1mkem ovl\u00e1dac\u00edho panelu.\u00a0LCD displej s dotykov\u00fdm ovl\u00e1d\u00e1n\u00edm umo\u017e\u0148uje nekomplikovan\u00e9 ovl\u00e1d\u00e1n\u00ed&#8230;<\/p>\n","protected":false},"featured_media":256185,"comment_status":"closed","ping_status":"open","template":"","meta":{"_acf_changed":false,"_kadence_starter_templates_imported_post":false,"_kad_post_transparent":"","_kad_post_title":"","_kad_post_layout":"","_kad_post_sidebar_id":"","_kad_post_content_style":"","_kad_post_vertical_padding":"","_kad_post_feature":"","_kad_post_feature_position":"","_kad_post_header":false,"_kad_post_footer":false,"_kad_post_classname":""},"product_brand":[2532],"product_cat":[436,2534,1464],"product_tag":[],"class_list":{"0":"post-256184","1":"product","2":"type-product","3":"status-publish","4":"has-post-thumbnail","6":"product_brand-cat-it","7":"product_cat-chovatelske-potreby-2","8":"product_cat-misky-a-zasobniky-pro-kocky","9":"product_cat-pro-kocky-chovatelske-potreby-2","10":"pa_obchod-superzoo-cz","12":"first","13":"instock","14":"product-type-external","15":"entry","16":"content-bg","17":"loop-entry"},"acf":[],"yoast_head":"<!-- This site is optimized with the Yoast SEO plugin v27.4 - https:\/\/yoast.com\/product\/yoast-seo-wordpress\/ -->\n<title>D\u00e1vkova\u010d Catit Pixi Smart 6 - SHOPATOA.COM<\/title>\n<meta name=\"robots\" content=\"index, follow, max-snippet:-1, max-image-preview:large, max-video-preview:-1\" \/>\n<link rel=\"canonical\" href=\"https:\/\/shopatoa.com\/cz\/davkovac-catit-pixi-smart-6\/\" \/>\n<meta property=\"og:locale\" content=\"cs_CZ\" \/>\n<meta property=\"og:type\" content=\"article\" \/>\n<meta property=\"og:title\" content=\"D\u00e1vkova\u010d Catit Pixi Smart 6 - SHOPATOA.COM\" \/>\n<meta property=\"og:description\" content=\"S\u00a0t\u00edmto automatick\u00fdm krm\u00edtkem m\u016f\u017eete svou ko\u010dku krmit, i kdy\u017e nejste doma.\u00a0M\u016f\u017eete naprogramovat a\u017e \u0161est r\u016fzn\u00fdch j\u00eddel denn\u011b a v p\u0159\u00edpad\u011b pot\u0159eby spustit okam\u017eit\u00e9 krmen\u00ed \u2013 jednodu\u0161e pomoc\u00ed aplikace v chytr\u00e9m telefonu. Krm\u00edtko je navr\u017eeno tak, aby bylo bezpe\u010dn\u00e9 pro ko\u010dky, a je mimo jin\u00e9 vybaveno z\u00e1mkem ovl\u00e1dac\u00edho panelu.\u00a0LCD displej s dotykov\u00fdm ovl\u00e1d\u00e1n\u00edm umo\u017e\u0148uje nekomplikovan\u00e9 ovl\u00e1d\u00e1n\u00ed...\" \/>\n<meta property=\"og:url\" content=\"https:\/\/shopatoa.com\/cz\/davkovac-catit-pixi-smart-6\/\" \/>\n<meta property=\"og:site_name\" content=\"SHOPATOA\" \/>\n<meta property=\"article:modified_time\" content=\"2026-02-01T15:48:26+00:00\" \/>\n<meta property=\"og:image\" content=\"https:\/\/storage.googleapis.com\/cz-shopatoa-img\/cz\/e26e1305-1_94246.jpg\" \/>\n\t<meta property=\"og:image:width\" content=\"600\" \/>\n\t<meta property=\"og:image:height\" content=\"600\" \/>\n\t<meta property=\"og:image:type\" content=\"image\/jpeg\" \/>\n<meta name=\"twitter:card\" content=\"summary_large_image\" \/>\n<meta name=\"twitter:label1\" content=\"Odhadovan\u00e1 doba \u010dten\u00ed\" \/>\n\t<meta name=\"twitter:data1\" content=\"1 minuta\" \/>\n<script type=\"application\/ld+json\" class=\"yoast-schema-graph\">{\"@context\":\"https:\\\/\\\/schema.org\",\"@graph\":[{\"@type\":\"WebPage\",\"@id\":\"https:\\\/\\\/shopatoa.com\\\/cz\\\/davkovac-catit-pixi-smart-6\\\/\",\"url\":\"https:\\\/\\\/shopatoa.com\\\/cz\\\/davkovac-catit-pixi-smart-6\\\/\",\"name\":\"D\u00e1vkova\u010d Catit Pixi Smart 6 - SHOPATOA.COM\",\"isPartOf\":{\"@id\":\"https:\\\/\\\/shopatoa.com\\\/cz\\\/#website\"},\"primaryImageOfPage\":{\"@id\":\"https:\\\/\\\/shopatoa.com\\\/cz\\\/davkovac-catit-pixi-smart-6\\\/#primaryimage\"},\"image\":{\"@id\":\"https:\\\/\\\/shopatoa.com\\\/cz\\\/davkovac-catit-pixi-smart-6\\\/#primaryimage\"},\"thumbnailUrl\":\"https:\\\/\\\/storage.googleapis.com\\\/cz-shopatoa-img\\\/cz\\\/e26e1305-1_94246.jpg\",\"datePublished\":\"2025-04-04T00:21:42+00:00\",\"dateModified\":\"2026-02-01T15:48:26+00:00\",\"breadcrumb\":{\"@id\":\"https:\\\/\\\/shopatoa.com\\\/cz\\\/davkovac-catit-pixi-smart-6\\\/#breadcrumb\"},\"inLanguage\":\"cs\",\"potentialAction\":[{\"@type\":\"ReadAction\",\"target\":[\"https:\\\/\\\/shopatoa.com\\\/cz\\\/davkovac-catit-pixi-smart-6\\\/\"]}]},{\"@type\":\"ImageObject\",\"inLanguage\":\"cs\",\"@id\":\"https:\\\/\\\/shopatoa.com\\\/cz\\\/davkovac-catit-pixi-smart-6\\\/#primaryimage\",\"url\":\"https:\\\/\\\/storage.googleapis.com\\\/cz-shopatoa-img\\\/cz\\\/e26e1305-1_94246.jpg\",\"contentUrl\":\"https:\\\/\\\/storage.googleapis.com\\\/cz-shopatoa-img\\\/cz\\\/e26e1305-1_94246.jpg\",\"width\":600,\"height\":600},{\"@type\":\"BreadcrumbList\",\"@id\":\"https:\\\/\\\/shopatoa.com\\\/cz\\\/davkovac-catit-pixi-smart-6\\\/#breadcrumb\",\"itemListElement\":[{\"@type\":\"ListItem\",\"position\":1,\"name\":\"Dom\u016f\",\"item\":\"https:\\\/\\\/shopatoa.com\\\/cz\\\/\"},{\"@type\":\"ListItem\",\"position\":2,\"name\":\"Produkty\",\"item\":\"https:\\\/\\\/shopatoa.com\\\/cz\\\/shop\\\/\"},{\"@type\":\"ListItem\",\"position\":3,\"name\":\"Chovatelsk\u00e9 pot\u0159eby\",\"item\":\"https:\\\/\\\/shopatoa.com\\\/cz\\\/chovatelske-potreby-2\\\/\"},{\"@type\":\"ListItem\",\"position\":4,\"name\":\"Pro ko\u010dky\",\"item\":\"https:\\\/\\\/shopatoa.com\\\/cz\\\/pro-kocky-chovatelske-potreby-2\\\/\"},{\"@type\":\"ListItem\",\"position\":5,\"name\":\"Misky a z\u00e1sobn\u00edky pro ko\u010dky\",\"item\":\"https:\\\/\\\/shopatoa.com\\\/cz\\\/misky-a-zasobniky-pro-kocky\\\/\"},{\"@type\":\"ListItem\",\"position\":6,\"name\":\"D\u00e1vkova\u010d Catit Pixi Smart 6\"}]},{\"@type\":\"WebSite\",\"@id\":\"https:\\\/\\\/shopatoa.com\\\/cz\\\/#website\",\"url\":\"https:\\\/\\\/shopatoa.com\\\/cz\\\/\",\"name\":\"SHOPATOA\",\"description\":\"\",\"publisher\":{\"@id\":\"https:\\\/\\\/shopatoa.com\\\/cz\\\/#organization\"},\"potentialAction\":[{\"@type\":\"SearchAction\",\"target\":{\"@type\":\"EntryPoint\",\"urlTemplate\":\"https:\\\/\\\/shopatoa.com\\\/cz\\\/?s={search_term_string}\"},\"query-input\":{\"@type\":\"PropertyValueSpecification\",\"valueRequired\":true,\"valueName\":\"search_term_string\"}}],\"inLanguage\":\"cs\"},{\"@type\":\"Organization\",\"@id\":\"https:\\\/\\\/shopatoa.com\\\/cz\\\/#organization\",\"name\":\"SHOPATOA Digital s.r.o.\",\"url\":\"https:\\\/\\\/shopatoa.com\\\/cz\\\/\",\"logo\":{\"@type\":\"ImageObject\",\"inLanguage\":\"cs\",\"@id\":\"https:\\\/\\\/shopatoa.com\\\/cz\\\/#\\\/schema\\\/logo\\\/image\\\/\",\"url\":\"https:\\\/\\\/storage.googleapis.com\\\/cz-shopatoa-img\\\/cz\\\/ebccf434-shopatoa_logo.png\",\"contentUrl\":\"https:\\\/\\\/storage.googleapis.com\\\/cz-shopatoa-img\\\/cz\\\/ebccf434-shopatoa_logo.png\",\"width\":416,\"height\":63,\"caption\":\"SHOPATOA Digital s.r.o.\"},\"image\":{\"@id\":\"https:\\\/\\\/shopatoa.com\\\/cz\\\/#\\\/schema\\\/logo\\\/image\\\/\"}}]}<\/script>\n<!-- \/ Yoast SEO plugin. -->","yoast_head_json":{"title":"D\u00e1vkova\u010d Catit Pixi Smart 6 - SHOPATOA.COM","robots":{"index":"index","follow":"follow","max-snippet":"max-snippet:-1","max-image-preview":"max-image-preview:large","max-video-preview":"max-video-preview:-1"},"canonical":"https:\/\/shopatoa.com\/cz\/davkovac-catit-pixi-smart-6\/","og_locale":"cs_CZ","og_type":"article","og_title":"D\u00e1vkova\u010d Catit Pixi Smart 6 - SHOPATOA.COM","og_description":"S\u00a0t\u00edmto automatick\u00fdm krm\u00edtkem m\u016f\u017eete svou ko\u010dku krmit, i kdy\u017e nejste doma.\u00a0M\u016f\u017eete naprogramovat a\u017e \u0161est r\u016fzn\u00fdch j\u00eddel denn\u011b a v p\u0159\u00edpad\u011b pot\u0159eby spustit okam\u017eit\u00e9 krmen\u00ed \u2013 jednodu\u0161e pomoc\u00ed aplikace v chytr\u00e9m telefonu. Krm\u00edtko je navr\u017eeno tak, aby bylo bezpe\u010dn\u00e9 pro ko\u010dky, a je mimo jin\u00e9 vybaveno z\u00e1mkem ovl\u00e1dac\u00edho panelu.\u00a0LCD displej s dotykov\u00fdm ovl\u00e1d\u00e1n\u00edm umo\u017e\u0148uje nekomplikovan\u00e9 ovl\u00e1d\u00e1n\u00ed...","og_url":"https:\/\/shopatoa.com\/cz\/davkovac-catit-pixi-smart-6\/","og_site_name":"SHOPATOA","article_modified_time":"2026-02-01T15:48:26+00:00","og_image":[{"width":600,"height":600,"url":"https:\/\/storage.googleapis.com\/cz-shopatoa-img\/cz\/e26e1305-1_94246.jpg","type":"image\/jpeg"}],"twitter_card":"summary_large_image","twitter_misc":{"Odhadovan\u00e1 doba \u010dten\u00ed":"1 minuta"},"schema":{"@context":"https:\/\/schema.org","@graph":[{"@type":"WebPage","@id":"https:\/\/shopatoa.com\/cz\/davkovac-catit-pixi-smart-6\/","url":"https:\/\/shopatoa.com\/cz\/davkovac-catit-pixi-smart-6\/","name":"D\u00e1vkova\u010d Catit Pixi Smart 6 - SHOPATOA.COM","isPartOf":{"@id":"https:\/\/shopatoa.com\/cz\/#website"},"primaryImageOfPage":{"@id":"https:\/\/shopatoa.com\/cz\/davkovac-catit-pixi-smart-6\/#primaryimage"},"image":{"@id":"https:\/\/shopatoa.com\/cz\/davkovac-catit-pixi-smart-6\/#primaryimage"},"thumbnailUrl":"https:\/\/storage.googleapis.com\/cz-shopatoa-img\/cz\/e26e1305-1_94246.jpg","datePublished":"2025-04-04T00:21:42+00:00","dateModified":"2026-02-01T15:48:26+00:00","breadcrumb":{"@id":"https:\/\/shopatoa.com\/cz\/davkovac-catit-pixi-smart-6\/#breadcrumb"},"inLanguage":"cs","potentialAction":[{"@type":"ReadAction","target":["https:\/\/shopatoa.com\/cz\/davkovac-catit-pixi-smart-6\/"]}]},{"@type":"ImageObject","inLanguage":"cs","@id":"https:\/\/shopatoa.com\/cz\/davkovac-catit-pixi-smart-6\/#primaryimage","url":"https:\/\/storage.googleapis.com\/cz-shopatoa-img\/cz\/e26e1305-1_94246.jpg","contentUrl":"https:\/\/storage.googleapis.com\/cz-shopatoa-img\/cz\/e26e1305-1_94246.jpg","width":600,"height":600},{"@type":"BreadcrumbList","@id":"https:\/\/shopatoa.com\/cz\/davkovac-catit-pixi-smart-6\/#breadcrumb","itemListElement":[{"@type":"ListItem","position":1,"name":"Dom\u016f","item":"https:\/\/shopatoa.com\/cz\/"},{"@type":"ListItem","position":2,"name":"Produkty","item":"https:\/\/shopatoa.com\/cz\/shop\/"},{"@type":"ListItem","position":3,"name":"Chovatelsk\u00e9 pot\u0159eby","item":"https:\/\/shopatoa.com\/cz\/chovatelske-potreby-2\/"},{"@type":"ListItem","position":4,"name":"Pro ko\u010dky","item":"https:\/\/shopatoa.com\/cz\/pro-kocky-chovatelske-potreby-2\/"},{"@type":"ListItem","position":5,"name":"Misky a z\u00e1sobn\u00edky pro ko\u010dky","item":"https:\/\/shopatoa.com\/cz\/misky-a-zasobniky-pro-kocky\/"},{"@type":"ListItem","position":6,"name":"D\u00e1vkova\u010d Catit Pixi Smart 6"}]},{"@type":"WebSite","@id":"https:\/\/shopatoa.com\/cz\/#website","url":"https:\/\/shopatoa.com\/cz\/","name":"SHOPATOA","description":"","publisher":{"@id":"https:\/\/shopatoa.com\/cz\/#organization"},"potentialAction":[{"@type":"SearchAction","target":{"@type":"EntryPoint","urlTemplate":"https:\/\/shopatoa.com\/cz\/?s={search_term_string}"},"query-input":{"@type":"PropertyValueSpecification","valueRequired":true,"valueName":"search_term_string"}}],"inLanguage":"cs"},{"@type":"Organization","@id":"https:\/\/shopatoa.com\/cz\/#organization","name":"SHOPATOA Digital s.r.o.","url":"https:\/\/shopatoa.com\/cz\/","logo":{"@type":"ImageObject","inLanguage":"cs","@id":"https:\/\/shopatoa.com\/cz\/#\/schema\/logo\/image\/","url":"https:\/\/storage.googleapis.com\/cz-shopatoa-img\/cz\/ebccf434-shopatoa_logo.png","contentUrl":"https:\/\/storage.googleapis.com\/cz-shopatoa-img\/cz\/ebccf434-shopatoa_logo.png","width":416,"height":63,"caption":"SHOPATOA Digital s.r.o."},"image":{"@id":"https:\/\/shopatoa.com\/cz\/#\/schema\/logo\/image\/"}}]}},"_links":{"self":[{"href":"https:\/\/shopatoa.com\/cz\/wp-json\/wp\/v2\/product\/256184","targetHints":{"allow":["GET"]}}],"collection":[{"href":"https:\/\/shopatoa.com\/cz\/wp-json\/wp\/v2\/product"}],"about":[{"href":"https:\/\/shopatoa.com\/cz\/wp-json\/wp\/v2\/types\/product"}],"replies":[{"embeddable":true,"href":"https:\/\/shopatoa.com\/cz\/wp-json\/wp\/v2\/comments?post=256184"}],"wp:featuredmedia":[{"embeddable":true,"href":"https:\/\/shopatoa.com\/cz\/wp-json\/wp\/v2\/media\/256185"}],"wp:attachment":[{"href":"https:\/\/shopatoa.com\/cz\/wp-json\/wp\/v2\/media?parent=256184"}],"wp:term":[{"taxonomy":"product_brand","embeddable":true,"href":"https:\/\/shopatoa.com\/cz\/wp-json\/wp\/v2\/product_brand?post=256184"},{"taxonomy":"product_cat","embeddable":true,"href":"https:\/\/shopatoa.com\/cz\/wp-json\/wp\/v2\/product_cat?post=256184"},{"taxonomy":"product_tag","embeddable":true,"href":"https:\/\/shopatoa.com\/cz\/wp-json\/wp\/v2\/product_tag?post=256184"}],"curies":[{"name":"wp","href":"https:\/\/api.w.org\/{rel}","templated":true}]}}