{"id":256186,"date":"2025-04-04T02:21:52","date_gmt":"2025-04-04T00:21:52","guid":{"rendered":"https:\/\/shopatoa.com\/cz\/?post_type=product&#038;p=256186"},"modified":"2026-01-30T04:18:00","modified_gmt":"2026-01-30T03:18:00","slug":"chladici-vlozka-do-davkovace-catit-pixi-smart-6","status":"publish","type":"product","link":"https:\/\/shopatoa.com\/cz\/chladici-vlozka-do-davkovace-catit-pixi-smart-6\/","title":{"rendered":"Chlad\u00edc\u00ed vlo\u017eka do d\u00e1vkova\u010de Catit Pixi Smart 6"},"content":{"rendered":"<p>Tato sada 2 ledov\u00fdch bal\u00ed\u010dk\u016f Catit PIXI byla speci\u00e1ln\u011b vyvinuta pro pou\u017eit\u00ed s chytr\u00fdm d\u00e1vkova\u010dem Catit PIXI 6. Zat\u00edmco samotn\u00e9 krm\u00edtko ji\u017e obsahuje sadu ledov\u00fdch bal\u00ed\u010dk\u016f, m\u00edt po ruce dal\u0161\u00ed sadu v\u00e1m umo\u017en\u00ed snadno bal\u00ed\u010dek vym\u011bnit bez \u010dek\u00e1n\u00ed na dal\u0161\u00ed zmrazen\u00ed.<\/p>\n<p>P\u0159ed pou\u017eit\u00edm jednodu\u0161e uchov\u00e1vejte Catit PIXI Ice Packs v mrazni\u010dce p\u0159es noc nebo dokud d\u016fkladn\u011b nezmrznou, co\u017e trv\u00e1 a\u017e 12 hodin p\u0159i teplot\u011b -4\u00b0 a\u017e -24\u00b0 Celsia.<\/p>\n<p>Vlo\u017ete chladic\u00ed bal\u00ed\u010dky Catit PIXI do ur\u010den\u00e9ho prostoru pod podnosem d\u00e1vkova\u010de. D\u00edky tomu krmivo uvnit\u0159 z\u016fstane d\u00e9le \u010derstv\u00e9 a chladn\u00e9. P\u0159i pou\u017e\u00edv\u00e1n\u00ed ledov\u00fdch s\u00e1\u010dk\u016f se ujist\u011bte, \u017ee podava\u010d nepokl\u00e1d\u00e1te na vyh\u0159\u00edvanou podlahu.<\/p>\n<p>Specifikace<\/p>\n<p>Rozm\u011bry: 28,5 x 14,5 x 1,5 cm (V x \u0160 x T)<br \/>\nHmotnost: 230 g<\/p>\n","protected":false},"excerpt":{"rendered":"<p>Tato sada 2 ledov\u00fdch bal\u00ed\u010dk\u016f Catit PIXI byla speci\u00e1ln\u011b vyvinuta pro pou\u017eit\u00ed s chytr\u00fdm d\u00e1vkova\u010dem Catit PIXI 6. Zat\u00edmco samotn\u00e9 krm\u00edtko ji\u017e obsahuje sadu ledov\u00fdch bal\u00ed\u010dk\u016f, m\u00edt po ruce dal\u0161\u00ed sadu v\u00e1m umo\u017en\u00ed snadno bal\u00ed\u010dek vym\u011bnit bez \u010dek\u00e1n\u00ed na dal\u0161\u00ed zmrazen\u00ed. P\u0159ed pou\u017eit\u00edm jednodu\u0161e uchov\u00e1vejte Catit PIXI Ice Packs v mrazni\u010dce p\u0159es noc nebo dokud&#8230;<\/p>\n","protected":false},"featured_media":256187,"comment_status":"closed","ping_status":"open","template":"","meta":{"_acf_changed":false,"_kadence_starter_templates_imported_post":false,"_kad_post_transparent":"","_kad_post_title":"","_kad_post_layout":"","_kad_post_sidebar_id":"","_kad_post_content_style":"","_kad_post_vertical_padding":"","_kad_post_feature":"","_kad_post_feature_position":"","_kad_post_header":false,"_kad_post_footer":false,"_kad_post_classname":""},"product_brand":[2532],"product_cat":[436,2534,1464],"product_tag":[],"class_list":{"0":"post-256186","1":"product","2":"type-product","3":"status-publish","4":"has-post-thumbnail","6":"product_brand-cat-it","7":"product_cat-chovatelske-potreby-2","8":"product_cat-misky-a-zasobniky-pro-kocky","9":"product_cat-pro-kocky-chovatelske-potreby-2","10":"pa_obchod-superzoo-cz","12":"first","13":"instock","14":"product-type-external","15":"entry","16":"content-bg","17":"loop-entry"},"acf":[],"yoast_head":"<!-- This site is optimized with the Yoast SEO plugin v27.4 - https:\/\/yoast.com\/product\/yoast-seo-wordpress\/ -->\n<title>Chlad\u00edc\u00ed vlo\u017eka do d\u00e1vkova\u010de Catit Pixi Smart 6 - SHOPATOA.COM<\/title>\n<meta name=\"robots\" content=\"index, follow, max-snippet:-1, max-image-preview:large, max-video-preview:-1\" \/>\n<link rel=\"canonical\" href=\"https:\/\/shopatoa.com\/cz\/chladici-vlozka-do-davkovace-catit-pixi-smart-6\/\" \/>\n<meta property=\"og:locale\" content=\"cs_CZ\" \/>\n<meta property=\"og:type\" content=\"article\" \/>\n<meta property=\"og:title\" content=\"Chlad\u00edc\u00ed vlo\u017eka do d\u00e1vkova\u010de Catit Pixi Smart 6 - SHOPATOA.COM\" \/>\n<meta property=\"og:description\" content=\"Tato sada 2 ledov\u00fdch bal\u00ed\u010dk\u016f Catit PIXI byla speci\u00e1ln\u011b vyvinuta pro pou\u017eit\u00ed s chytr\u00fdm d\u00e1vkova\u010dem Catit PIXI 6. Zat\u00edmco samotn\u00e9 krm\u00edtko ji\u017e obsahuje sadu ledov\u00fdch bal\u00ed\u010dk\u016f, m\u00edt po ruce dal\u0161\u00ed sadu v\u00e1m umo\u017en\u00ed snadno bal\u00ed\u010dek vym\u011bnit bez \u010dek\u00e1n\u00ed na dal\u0161\u00ed zmrazen\u00ed. P\u0159ed pou\u017eit\u00edm jednodu\u0161e uchov\u00e1vejte Catit PIXI Ice Packs v mrazni\u010dce p\u0159es noc nebo dokud...\" \/>\n<meta property=\"og:url\" content=\"https:\/\/shopatoa.com\/cz\/chladici-vlozka-do-davkovace-catit-pixi-smart-6\/\" \/>\n<meta property=\"og:site_name\" content=\"SHOPATOA\" \/>\n<meta property=\"article:modified_time\" content=\"2026-01-30T03:18:00+00:00\" \/>\n<meta property=\"og:image\" content=\"https:\/\/storage.googleapis.com\/cz-shopatoa-img\/cz\/68319ebb-1_94255.jpg\" \/>\n\t<meta property=\"og:image:width\" content=\"600\" \/>\n\t<meta property=\"og:image:height\" content=\"600\" \/>\n\t<meta property=\"og:image:type\" content=\"image\/jpeg\" \/>\n<meta name=\"twitter:card\" content=\"summary_large_image\" \/>\n<meta name=\"twitter:label1\" content=\"Odhadovan\u00e1 doba \u010dten\u00ed\" \/>\n\t<meta name=\"twitter:data1\" content=\"1 minuta\" \/>\n<script type=\"application\/ld+json\" class=\"yoast-schema-graph\">{\"@context\":\"https:\\\/\\\/schema.org\",\"@graph\":[{\"@type\":\"WebPage\",\"@id\":\"https:\\\/\\\/shopatoa.com\\\/cz\\\/chladici-vlozka-do-davkovace-catit-pixi-smart-6\\\/\",\"url\":\"https:\\\/\\\/shopatoa.com\\\/cz\\\/chladici-vlozka-do-davkovace-catit-pixi-smart-6\\\/\",\"name\":\"Chlad\u00edc\u00ed vlo\u017eka do d\u00e1vkova\u010de Catit Pixi Smart 6 - SHOPATOA.COM\",\"isPartOf\":{\"@id\":\"https:\\\/\\\/shopatoa.com\\\/cz\\\/#website\"},\"primaryImageOfPage\":{\"@id\":\"https:\\\/\\\/shopatoa.com\\\/cz\\\/chladici-vlozka-do-davkovace-catit-pixi-smart-6\\\/#primaryimage\"},\"image\":{\"@id\":\"https:\\\/\\\/shopatoa.com\\\/cz\\\/chladici-vlozka-do-davkovace-catit-pixi-smart-6\\\/#primaryimage\"},\"thumbnailUrl\":\"https:\\\/\\\/storage.googleapis.com\\\/cz-shopatoa-img\\\/cz\\\/68319ebb-1_94255.jpg\",\"datePublished\":\"2025-04-04T00:21:52+00:00\",\"dateModified\":\"2026-01-30T03:18:00+00:00\",\"breadcrumb\":{\"@id\":\"https:\\\/\\\/shopatoa.com\\\/cz\\\/chladici-vlozka-do-davkovace-catit-pixi-smart-6\\\/#breadcrumb\"},\"inLanguage\":\"cs\",\"potentialAction\":[{\"@type\":\"ReadAction\",\"target\":[\"https:\\\/\\\/shopatoa.com\\\/cz\\\/chladici-vlozka-do-davkovace-catit-pixi-smart-6\\\/\"]}]},{\"@type\":\"ImageObject\",\"inLanguage\":\"cs\",\"@id\":\"https:\\\/\\\/shopatoa.com\\\/cz\\\/chladici-vlozka-do-davkovace-catit-pixi-smart-6\\\/#primaryimage\",\"url\":\"https:\\\/\\\/storage.googleapis.com\\\/cz-shopatoa-img\\\/cz\\\/68319ebb-1_94255.jpg\",\"contentUrl\":\"https:\\\/\\\/storage.googleapis.com\\\/cz-shopatoa-img\\\/cz\\\/68319ebb-1_94255.jpg\",\"width\":600,\"height\":600},{\"@type\":\"BreadcrumbList\",\"@id\":\"https:\\\/\\\/shopatoa.com\\\/cz\\\/chladici-vlozka-do-davkovace-catit-pixi-smart-6\\\/#breadcrumb\",\"itemListElement\":[{\"@type\":\"ListItem\",\"position\":1,\"name\":\"Dom\u016f\",\"item\":\"https:\\\/\\\/shopatoa.com\\\/cz\\\/\"},{\"@type\":\"ListItem\",\"position\":2,\"name\":\"Produkty\",\"item\":\"https:\\\/\\\/shopatoa.com\\\/cz\\\/shop\\\/\"},{\"@type\":\"ListItem\",\"position\":3,\"name\":\"Chovatelsk\u00e9 pot\u0159eby\",\"item\":\"https:\\\/\\\/shopatoa.com\\\/cz\\\/chovatelske-potreby-2\\\/\"},{\"@type\":\"ListItem\",\"position\":4,\"name\":\"Pro ko\u010dky\",\"item\":\"https:\\\/\\\/shopatoa.com\\\/cz\\\/pro-kocky-chovatelske-potreby-2\\\/\"},{\"@type\":\"ListItem\",\"position\":5,\"name\":\"Misky a z\u00e1sobn\u00edky pro ko\u010dky\",\"item\":\"https:\\\/\\\/shopatoa.com\\\/cz\\\/misky-a-zasobniky-pro-kocky\\\/\"},{\"@type\":\"ListItem\",\"position\":6,\"name\":\"Chlad\u00edc\u00ed vlo\u017eka do d\u00e1vkova\u010de Catit Pixi Smart 6\"}]},{\"@type\":\"WebSite\",\"@id\":\"https:\\\/\\\/shopatoa.com\\\/cz\\\/#website\",\"url\":\"https:\\\/\\\/shopatoa.com\\\/cz\\\/\",\"name\":\"SHOPATOA\",\"description\":\"\",\"publisher\":{\"@id\":\"https:\\\/\\\/shopatoa.com\\\/cz\\\/#organization\"},\"potentialAction\":[{\"@type\":\"SearchAction\",\"target\":{\"@type\":\"EntryPoint\",\"urlTemplate\":\"https:\\\/\\\/shopatoa.com\\\/cz\\\/?s={search_term_string}\"},\"query-input\":{\"@type\":\"PropertyValueSpecification\",\"valueRequired\":true,\"valueName\":\"search_term_string\"}}],\"inLanguage\":\"cs\"},{\"@type\":\"Organization\",\"@id\":\"https:\\\/\\\/shopatoa.com\\\/cz\\\/#organization\",\"name\":\"SHOPATOA Digital s.r.o.\",\"url\":\"https:\\\/\\\/shopatoa.com\\\/cz\\\/\",\"logo\":{\"@type\":\"ImageObject\",\"inLanguage\":\"cs\",\"@id\":\"https:\\\/\\\/shopatoa.com\\\/cz\\\/#\\\/schema\\\/logo\\\/image\\\/\",\"url\":\"https:\\\/\\\/storage.googleapis.com\\\/cz-shopatoa-img\\\/cz\\\/ebccf434-shopatoa_logo.png\",\"contentUrl\":\"https:\\\/\\\/storage.googleapis.com\\\/cz-shopatoa-img\\\/cz\\\/ebccf434-shopatoa_logo.png\",\"width\":416,\"height\":63,\"caption\":\"SHOPATOA Digital s.r.o.\"},\"image\":{\"@id\":\"https:\\\/\\\/shopatoa.com\\\/cz\\\/#\\\/schema\\\/logo\\\/image\\\/\"}}]}<\/script>\n<!-- \/ Yoast SEO plugin. -->","yoast_head_json":{"title":"Chlad\u00edc\u00ed vlo\u017eka do d\u00e1vkova\u010de Catit Pixi Smart 6 - SHOPATOA.COM","robots":{"index":"index","follow":"follow","max-snippet":"max-snippet:-1","max-image-preview":"max-image-preview:large","max-video-preview":"max-video-preview:-1"},"canonical":"https:\/\/shopatoa.com\/cz\/chladici-vlozka-do-davkovace-catit-pixi-smart-6\/","og_locale":"cs_CZ","og_type":"article","og_title":"Chlad\u00edc\u00ed vlo\u017eka do d\u00e1vkova\u010de Catit Pixi Smart 6 - SHOPATOA.COM","og_description":"Tato sada 2 ledov\u00fdch bal\u00ed\u010dk\u016f Catit PIXI byla speci\u00e1ln\u011b vyvinuta pro pou\u017eit\u00ed s chytr\u00fdm d\u00e1vkova\u010dem Catit PIXI 6. Zat\u00edmco samotn\u00e9 krm\u00edtko ji\u017e obsahuje sadu ledov\u00fdch bal\u00ed\u010dk\u016f, m\u00edt po ruce dal\u0161\u00ed sadu v\u00e1m umo\u017en\u00ed snadno bal\u00ed\u010dek vym\u011bnit bez \u010dek\u00e1n\u00ed na dal\u0161\u00ed zmrazen\u00ed. P\u0159ed pou\u017eit\u00edm jednodu\u0161e uchov\u00e1vejte Catit PIXI Ice Packs v mrazni\u010dce p\u0159es noc nebo dokud...","og_url":"https:\/\/shopatoa.com\/cz\/chladici-vlozka-do-davkovace-catit-pixi-smart-6\/","og_site_name":"SHOPATOA","article_modified_time":"2026-01-30T03:18:00+00:00","og_image":[{"width":600,"height":600,"url":"https:\/\/storage.googleapis.com\/cz-shopatoa-img\/cz\/68319ebb-1_94255.jpg","type":"image\/jpeg"}],"twitter_card":"summary_large_image","twitter_misc":{"Odhadovan\u00e1 doba \u010dten\u00ed":"1 minuta"},"schema":{"@context":"https:\/\/schema.org","@graph":[{"@type":"WebPage","@id":"https:\/\/shopatoa.com\/cz\/chladici-vlozka-do-davkovace-catit-pixi-smart-6\/","url":"https:\/\/shopatoa.com\/cz\/chladici-vlozka-do-davkovace-catit-pixi-smart-6\/","name":"Chlad\u00edc\u00ed vlo\u017eka do d\u00e1vkova\u010de Catit Pixi Smart 6 - SHOPATOA.COM","isPartOf":{"@id":"https:\/\/shopatoa.com\/cz\/#website"},"primaryImageOfPage":{"@id":"https:\/\/shopatoa.com\/cz\/chladici-vlozka-do-davkovace-catit-pixi-smart-6\/#primaryimage"},"image":{"@id":"https:\/\/shopatoa.com\/cz\/chladici-vlozka-do-davkovace-catit-pixi-smart-6\/#primaryimage"},"thumbnailUrl":"https:\/\/storage.googleapis.com\/cz-shopatoa-img\/cz\/68319ebb-1_94255.jpg","datePublished":"2025-04-04T00:21:52+00:00","dateModified":"2026-01-30T03:18:00+00:00","breadcrumb":{"@id":"https:\/\/shopatoa.com\/cz\/chladici-vlozka-do-davkovace-catit-pixi-smart-6\/#breadcrumb"},"inLanguage":"cs","potentialAction":[{"@type":"ReadAction","target":["https:\/\/shopatoa.com\/cz\/chladici-vlozka-do-davkovace-catit-pixi-smart-6\/"]}]},{"@type":"ImageObject","inLanguage":"cs","@id":"https:\/\/shopatoa.com\/cz\/chladici-vlozka-do-davkovace-catit-pixi-smart-6\/#primaryimage","url":"https:\/\/storage.googleapis.com\/cz-shopatoa-img\/cz\/68319ebb-1_94255.jpg","contentUrl":"https:\/\/storage.googleapis.com\/cz-shopatoa-img\/cz\/68319ebb-1_94255.jpg","width":600,"height":600},{"@type":"BreadcrumbList","@id":"https:\/\/shopatoa.com\/cz\/chladici-vlozka-do-davkovace-catit-pixi-smart-6\/#breadcrumb","itemListElement":[{"@type":"ListItem","position":1,"name":"Dom\u016f","item":"https:\/\/shopatoa.com\/cz\/"},{"@type":"ListItem","position":2,"name":"Produkty","item":"https:\/\/shopatoa.com\/cz\/shop\/"},{"@type":"ListItem","position":3,"name":"Chovatelsk\u00e9 pot\u0159eby","item":"https:\/\/shopatoa.com\/cz\/chovatelske-potreby-2\/"},{"@type":"ListItem","position":4,"name":"Pro ko\u010dky","item":"https:\/\/shopatoa.com\/cz\/pro-kocky-chovatelske-potreby-2\/"},{"@type":"ListItem","position":5,"name":"Misky a z\u00e1sobn\u00edky pro ko\u010dky","item":"https:\/\/shopatoa.com\/cz\/misky-a-zasobniky-pro-kocky\/"},{"@type":"ListItem","position":6,"name":"Chlad\u00edc\u00ed vlo\u017eka do d\u00e1vkova\u010de Catit Pixi Smart 6"}]},{"@type":"WebSite","@id":"https:\/\/shopatoa.com\/cz\/#website","url":"https:\/\/shopatoa.com\/cz\/","name":"SHOPATOA","description":"","publisher":{"@id":"https:\/\/shopatoa.com\/cz\/#organization"},"potentialAction":[{"@type":"SearchAction","target":{"@type":"EntryPoint","urlTemplate":"https:\/\/shopatoa.com\/cz\/?s={search_term_string}"},"query-input":{"@type":"PropertyValueSpecification","valueRequired":true,"valueName":"search_term_string"}}],"inLanguage":"cs"},{"@type":"Organization","@id":"https:\/\/shopatoa.com\/cz\/#organization","name":"SHOPATOA Digital s.r.o.","url":"https:\/\/shopatoa.com\/cz\/","logo":{"@type":"ImageObject","inLanguage":"cs","@id":"https:\/\/shopatoa.com\/cz\/#\/schema\/logo\/image\/","url":"https:\/\/storage.googleapis.com\/cz-shopatoa-img\/cz\/ebccf434-shopatoa_logo.png","contentUrl":"https:\/\/storage.googleapis.com\/cz-shopatoa-img\/cz\/ebccf434-shopatoa_logo.png","width":416,"height":63,"caption":"SHOPATOA Digital s.r.o."},"image":{"@id":"https:\/\/shopatoa.com\/cz\/#\/schema\/logo\/image\/"}}]}},"_links":{"self":[{"href":"https:\/\/shopatoa.com\/cz\/wp-json\/wp\/v2\/product\/256186","targetHints":{"allow":["GET"]}}],"collection":[{"href":"https:\/\/shopatoa.com\/cz\/wp-json\/wp\/v2\/product"}],"about":[{"href":"https:\/\/shopatoa.com\/cz\/wp-json\/wp\/v2\/types\/product"}],"replies":[{"embeddable":true,"href":"https:\/\/shopatoa.com\/cz\/wp-json\/wp\/v2\/comments?post=256186"}],"wp:featuredmedia":[{"embeddable":true,"href":"https:\/\/shopatoa.com\/cz\/wp-json\/wp\/v2\/media\/256187"}],"wp:attachment":[{"href":"https:\/\/shopatoa.com\/cz\/wp-json\/wp\/v2\/media?parent=256186"}],"wp:term":[{"taxonomy":"product_brand","embeddable":true,"href":"https:\/\/shopatoa.com\/cz\/wp-json\/wp\/v2\/product_brand?post=256186"},{"taxonomy":"product_cat","embeddable":true,"href":"https:\/\/shopatoa.com\/cz\/wp-json\/wp\/v2\/product_cat?post=256186"},{"taxonomy":"product_tag","embeddable":true,"href":"https:\/\/shopatoa.com\/cz\/wp-json\/wp\/v2\/product_tag?post=256186"}],"curies":[{"name":"wp","href":"https:\/\/api.w.org\/{rel}","templated":true}]}}