{"id":256188,"date":"2025-04-04T02:22:01","date_gmt":"2025-04-04T00:22:01","guid":{"rendered":"https:\/\/shopatoa.com\/cz\/?post_type=product&#038;p=256188"},"modified":"2026-02-02T11:20:18","modified_gmt":"2026-02-02T10:20:18","slug":"kamera-na-hlidani-catit-pixi-smart-myska","status":"publish","type":"product","link":"https:\/\/shopatoa.com\/cz\/kamera-na-hlidani-catit-pixi-smart-myska\/","title":{"rendered":"Kamera na hl\u00edd\u00e1n\u00ed Catit Pixi Smart my\u0161ka"},"content":{"rendered":"<p>Toto za\u0159\u00edzen\u00ed ve tvaru my\u0161i je vybaveno 1080p HD kamerou s automatick\u00fdm infra\u010derven\u00fdm no\u010dn\u00edm vid\u011bn\u00edm, vestav\u011bn\u00fdm mikrofonem a reproduktorem pro obousm\u011brnou komunikaci a tak\u00e9 detekc\u00ed pohybu, tak\u017ee si m\u016f\u017eete b\u00fdt jisti, \u017ee v\u00e1m neunikne \u017e\u00e1dn\u00fd okam\u017eik.<\/p>\n<p>Um\u00edst\u011bte kameru Catit PIXI Smart Mouse na strategick\u00e9 m\u00edsto mimo dosah va\u0161\u00ed ko\u010dky, abyste ji mohli sledovat pomoc\u00ed sv\u00e9ho smartphonu.<\/p>\n<p>D\u00edky kame\u0159e se p\u0159es v\u00e1\u0161 mobil m\u016f\u017eete pod\u00edvat, jak se va\u0161e ko\u010dka m\u00e1, kdy\u017e zrovna nejste doma. Zabudovan\u00fdm mikrofonem a reproduktorem se navz\u00e1jem usly\u0161\u00edte. Sly\u0161et v\u00e1\u0161 zn\u00e1m\u00fd hlas m\u016f\u017ee va\u0161\u00ed ko\u010dce pomoci c\u00edtit se uvoln\u011bn\u011bji, kdy\u017e nejste pobl\u00ed\u017e.<\/p>\n","protected":false},"excerpt":{"rendered":"<p>Toto za\u0159\u00edzen\u00ed ve tvaru my\u0161i je vybaveno 1080p HD kamerou s automatick\u00fdm infra\u010derven\u00fdm no\u010dn\u00edm vid\u011bn\u00edm, vestav\u011bn\u00fdm mikrofonem a reproduktorem pro obousm\u011brnou komunikaci a tak\u00e9 detekc\u00ed pohybu, tak\u017ee si m\u016f\u017eete b\u00fdt jisti, \u017ee v\u00e1m neunikne \u017e\u00e1dn\u00fd okam\u017eik. Um\u00edst\u011bte kameru Catit PIXI Smart Mouse na strategick\u00e9 m\u00edsto mimo dosah va\u0161\u00ed ko\u010dky, abyste ji mohli sledovat pomoc\u00ed sv\u00e9ho&#8230;<\/p>\n","protected":false},"featured_media":256189,"comment_status":"closed","ping_status":"open","template":"","meta":{"_acf_changed":false,"_kadence_starter_templates_imported_post":false,"_kad_post_transparent":"","_kad_post_title":"","_kad_post_layout":"","_kad_post_sidebar_id":"","_kad_post_content_style":"","_kad_post_vertical_padding":"","_kad_post_feature":"","_kad_post_feature_position":"","_kad_post_header":false,"_kad_post_footer":false,"_kad_post_classname":""},"product_brand":[2532],"product_cat":[436,740,742,741,739],"product_tag":[],"class_list":{"0":"post-256188","1":"product","2":"type-product","3":"status-publish","4":"has-post-thumbnail","6":"product_brand-cat-it","7":"product_cat-chovatelske-potreby-2","8":"product_cat-hygiena-a-kosmetika-pro-psy","9":"product_cat-kosmetika-a-uprava-psa","10":"product_cat-pece-o-psi-srst","11":"product_cat-pro-psy-chovatelske-potreby-2","12":"pa_obchod-superzoo-cz","14":"first","15":"instock","16":"product-type-external","17":"entry","18":"content-bg","19":"loop-entry"},"acf":[],"yoast_head":"<!-- This site is optimized with the Yoast SEO plugin v27.4 - https:\/\/yoast.com\/product\/yoast-seo-wordpress\/ -->\n<title>Kamera na hl\u00edd\u00e1n\u00ed Catit Pixi Smart my\u0161ka - SHOPATOA.COM<\/title>\n<meta name=\"robots\" content=\"index, follow, max-snippet:-1, max-image-preview:large, max-video-preview:-1\" \/>\n<link rel=\"canonical\" href=\"https:\/\/shopatoa.com\/cz\/kamera-na-hlidani-catit-pixi-smart-myska\/\" \/>\n<meta property=\"og:locale\" content=\"cs_CZ\" \/>\n<meta property=\"og:type\" content=\"article\" \/>\n<meta property=\"og:title\" content=\"Kamera na hl\u00edd\u00e1n\u00ed Catit Pixi Smart my\u0161ka - SHOPATOA.COM\" \/>\n<meta property=\"og:description\" content=\"Toto za\u0159\u00edzen\u00ed ve tvaru my\u0161i je vybaveno 1080p HD kamerou s automatick\u00fdm infra\u010derven\u00fdm no\u010dn\u00edm vid\u011bn\u00edm, vestav\u011bn\u00fdm mikrofonem a reproduktorem pro obousm\u011brnou komunikaci a tak\u00e9 detekc\u00ed pohybu, tak\u017ee si m\u016f\u017eete b\u00fdt jisti, \u017ee v\u00e1m neunikne \u017e\u00e1dn\u00fd okam\u017eik. Um\u00edst\u011bte kameru Catit PIXI Smart Mouse na strategick\u00e9 m\u00edsto mimo dosah va\u0161\u00ed ko\u010dky, abyste ji mohli sledovat pomoc\u00ed sv\u00e9ho...\" \/>\n<meta property=\"og:url\" content=\"https:\/\/shopatoa.com\/cz\/kamera-na-hlidani-catit-pixi-smart-myska\/\" \/>\n<meta property=\"og:site_name\" content=\"SHOPATOA\" \/>\n<meta property=\"article:modified_time\" content=\"2026-02-02T10:20:18+00:00\" \/>\n<meta property=\"og:image\" content=\"https:\/\/storage.googleapis.com\/cz-shopatoa-img\/cz\/4a695ee8-1_94257.jpg\" \/>\n\t<meta property=\"og:image:width\" content=\"600\" \/>\n\t<meta property=\"og:image:height\" content=\"600\" \/>\n\t<meta property=\"og:image:type\" content=\"image\/jpeg\" \/>\n<meta name=\"twitter:card\" content=\"summary_large_image\" \/>\n<meta name=\"twitter:label1\" content=\"Odhadovan\u00e1 doba \u010dten\u00ed\" \/>\n\t<meta name=\"twitter:data1\" content=\"1 minuta\" \/>\n<script type=\"application\/ld+json\" class=\"yoast-schema-graph\">{\"@context\":\"https:\\\/\\\/schema.org\",\"@graph\":[{\"@type\":\"WebPage\",\"@id\":\"https:\\\/\\\/shopatoa.com\\\/cz\\\/kamera-na-hlidani-catit-pixi-smart-myska\\\/\",\"url\":\"https:\\\/\\\/shopatoa.com\\\/cz\\\/kamera-na-hlidani-catit-pixi-smart-myska\\\/\",\"name\":\"Kamera na hl\u00edd\u00e1n\u00ed Catit Pixi Smart my\u0161ka - SHOPATOA.COM\",\"isPartOf\":{\"@id\":\"https:\\\/\\\/shopatoa.com\\\/cz\\\/#website\"},\"primaryImageOfPage\":{\"@id\":\"https:\\\/\\\/shopatoa.com\\\/cz\\\/kamera-na-hlidani-catit-pixi-smart-myska\\\/#primaryimage\"},\"image\":{\"@id\":\"https:\\\/\\\/shopatoa.com\\\/cz\\\/kamera-na-hlidani-catit-pixi-smart-myska\\\/#primaryimage\"},\"thumbnailUrl\":\"https:\\\/\\\/storage.googleapis.com\\\/cz-shopatoa-img\\\/cz\\\/4a695ee8-1_94257.jpg\",\"datePublished\":\"2025-04-04T00:22:01+00:00\",\"dateModified\":\"2026-02-02T10:20:18+00:00\",\"breadcrumb\":{\"@id\":\"https:\\\/\\\/shopatoa.com\\\/cz\\\/kamera-na-hlidani-catit-pixi-smart-myska\\\/#breadcrumb\"},\"inLanguage\":\"cs\",\"potentialAction\":[{\"@type\":\"ReadAction\",\"target\":[\"https:\\\/\\\/shopatoa.com\\\/cz\\\/kamera-na-hlidani-catit-pixi-smart-myska\\\/\"]}]},{\"@type\":\"ImageObject\",\"inLanguage\":\"cs\",\"@id\":\"https:\\\/\\\/shopatoa.com\\\/cz\\\/kamera-na-hlidani-catit-pixi-smart-myska\\\/#primaryimage\",\"url\":\"https:\\\/\\\/storage.googleapis.com\\\/cz-shopatoa-img\\\/cz\\\/4a695ee8-1_94257.jpg\",\"contentUrl\":\"https:\\\/\\\/storage.googleapis.com\\\/cz-shopatoa-img\\\/cz\\\/4a695ee8-1_94257.jpg\",\"width\":600,\"height\":600},{\"@type\":\"BreadcrumbList\",\"@id\":\"https:\\\/\\\/shopatoa.com\\\/cz\\\/kamera-na-hlidani-catit-pixi-smart-myska\\\/#breadcrumb\",\"itemListElement\":[{\"@type\":\"ListItem\",\"position\":1,\"name\":\"Dom\u016f\",\"item\":\"https:\\\/\\\/shopatoa.com\\\/cz\\\/\"},{\"@type\":\"ListItem\",\"position\":2,\"name\":\"Produkty\",\"item\":\"https:\\\/\\\/shopatoa.com\\\/cz\\\/shop\\\/\"},{\"@type\":\"ListItem\",\"position\":3,\"name\":\"Chovatelsk\u00e9 pot\u0159eby\",\"item\":\"https:\\\/\\\/shopatoa.com\\\/cz\\\/chovatelske-potreby-2\\\/\"},{\"@type\":\"ListItem\",\"position\":4,\"name\":\"Pro psy\",\"item\":\"https:\\\/\\\/shopatoa.com\\\/cz\\\/pro-psy-chovatelske-potreby-2\\\/\"},{\"@type\":\"ListItem\",\"position\":5,\"name\":\"Hygiena a kosmetika pro psy\",\"item\":\"https:\\\/\\\/shopatoa.com\\\/cz\\\/hygiena-a-kosmetika-pro-psy\\\/\"},{\"@type\":\"ListItem\",\"position\":6,\"name\":\"P\u00e9\u010de o ps\u00ed srst\",\"item\":\"https:\\\/\\\/shopatoa.com\\\/cz\\\/pece-o-psi-srst\\\/\"},{\"@type\":\"ListItem\",\"position\":7,\"name\":\"Kosmetika a \u00faprava psa\",\"item\":\"https:\\\/\\\/shopatoa.com\\\/cz\\\/kosmetika-a-uprava-psa\\\/\"},{\"@type\":\"ListItem\",\"position\":8,\"name\":\"Kamera na hl\u00edd\u00e1n\u00ed Catit Pixi Smart my\u0161ka\"}]},{\"@type\":\"WebSite\",\"@id\":\"https:\\\/\\\/shopatoa.com\\\/cz\\\/#website\",\"url\":\"https:\\\/\\\/shopatoa.com\\\/cz\\\/\",\"name\":\"SHOPATOA\",\"description\":\"\",\"publisher\":{\"@id\":\"https:\\\/\\\/shopatoa.com\\\/cz\\\/#organization\"},\"potentialAction\":[{\"@type\":\"SearchAction\",\"target\":{\"@type\":\"EntryPoint\",\"urlTemplate\":\"https:\\\/\\\/shopatoa.com\\\/cz\\\/?s={search_term_string}\"},\"query-input\":{\"@type\":\"PropertyValueSpecification\",\"valueRequired\":true,\"valueName\":\"search_term_string\"}}],\"inLanguage\":\"cs\"},{\"@type\":\"Organization\",\"@id\":\"https:\\\/\\\/shopatoa.com\\\/cz\\\/#organization\",\"name\":\"SHOPATOA Digital s.r.o.\",\"url\":\"https:\\\/\\\/shopatoa.com\\\/cz\\\/\",\"logo\":{\"@type\":\"ImageObject\",\"inLanguage\":\"cs\",\"@id\":\"https:\\\/\\\/shopatoa.com\\\/cz\\\/#\\\/schema\\\/logo\\\/image\\\/\",\"url\":\"https:\\\/\\\/storage.googleapis.com\\\/cz-shopatoa-img\\\/cz\\\/ebccf434-shopatoa_logo.png\",\"contentUrl\":\"https:\\\/\\\/storage.googleapis.com\\\/cz-shopatoa-img\\\/cz\\\/ebccf434-shopatoa_logo.png\",\"width\":416,\"height\":63,\"caption\":\"SHOPATOA Digital s.r.o.\"},\"image\":{\"@id\":\"https:\\\/\\\/shopatoa.com\\\/cz\\\/#\\\/schema\\\/logo\\\/image\\\/\"}}]}<\/script>\n<!-- \/ Yoast SEO plugin. -->","yoast_head_json":{"title":"Kamera na hl\u00edd\u00e1n\u00ed Catit Pixi Smart my\u0161ka - SHOPATOA.COM","robots":{"index":"index","follow":"follow","max-snippet":"max-snippet:-1","max-image-preview":"max-image-preview:large","max-video-preview":"max-video-preview:-1"},"canonical":"https:\/\/shopatoa.com\/cz\/kamera-na-hlidani-catit-pixi-smart-myska\/","og_locale":"cs_CZ","og_type":"article","og_title":"Kamera na hl\u00edd\u00e1n\u00ed Catit Pixi Smart my\u0161ka - SHOPATOA.COM","og_description":"Toto za\u0159\u00edzen\u00ed ve tvaru my\u0161i je vybaveno 1080p HD kamerou s automatick\u00fdm infra\u010derven\u00fdm no\u010dn\u00edm vid\u011bn\u00edm, vestav\u011bn\u00fdm mikrofonem a reproduktorem pro obousm\u011brnou komunikaci a tak\u00e9 detekc\u00ed pohybu, tak\u017ee si m\u016f\u017eete b\u00fdt jisti, \u017ee v\u00e1m neunikne \u017e\u00e1dn\u00fd okam\u017eik. Um\u00edst\u011bte kameru Catit PIXI Smart Mouse na strategick\u00e9 m\u00edsto mimo dosah va\u0161\u00ed ko\u010dky, abyste ji mohli sledovat pomoc\u00ed sv\u00e9ho...","og_url":"https:\/\/shopatoa.com\/cz\/kamera-na-hlidani-catit-pixi-smart-myska\/","og_site_name":"SHOPATOA","article_modified_time":"2026-02-02T10:20:18+00:00","og_image":[{"width":600,"height":600,"url":"https:\/\/storage.googleapis.com\/cz-shopatoa-img\/cz\/4a695ee8-1_94257.jpg","type":"image\/jpeg"}],"twitter_card":"summary_large_image","twitter_misc":{"Odhadovan\u00e1 doba \u010dten\u00ed":"1 minuta"},"schema":{"@context":"https:\/\/schema.org","@graph":[{"@type":"WebPage","@id":"https:\/\/shopatoa.com\/cz\/kamera-na-hlidani-catit-pixi-smart-myska\/","url":"https:\/\/shopatoa.com\/cz\/kamera-na-hlidani-catit-pixi-smart-myska\/","name":"Kamera na hl\u00edd\u00e1n\u00ed Catit Pixi Smart my\u0161ka - SHOPATOA.COM","isPartOf":{"@id":"https:\/\/shopatoa.com\/cz\/#website"},"primaryImageOfPage":{"@id":"https:\/\/shopatoa.com\/cz\/kamera-na-hlidani-catit-pixi-smart-myska\/#primaryimage"},"image":{"@id":"https:\/\/shopatoa.com\/cz\/kamera-na-hlidani-catit-pixi-smart-myska\/#primaryimage"},"thumbnailUrl":"https:\/\/storage.googleapis.com\/cz-shopatoa-img\/cz\/4a695ee8-1_94257.jpg","datePublished":"2025-04-04T00:22:01+00:00","dateModified":"2026-02-02T10:20:18+00:00","breadcrumb":{"@id":"https:\/\/shopatoa.com\/cz\/kamera-na-hlidani-catit-pixi-smart-myska\/#breadcrumb"},"inLanguage":"cs","potentialAction":[{"@type":"ReadAction","target":["https:\/\/shopatoa.com\/cz\/kamera-na-hlidani-catit-pixi-smart-myska\/"]}]},{"@type":"ImageObject","inLanguage":"cs","@id":"https:\/\/shopatoa.com\/cz\/kamera-na-hlidani-catit-pixi-smart-myska\/#primaryimage","url":"https:\/\/storage.googleapis.com\/cz-shopatoa-img\/cz\/4a695ee8-1_94257.jpg","contentUrl":"https:\/\/storage.googleapis.com\/cz-shopatoa-img\/cz\/4a695ee8-1_94257.jpg","width":600,"height":600},{"@type":"BreadcrumbList","@id":"https:\/\/shopatoa.com\/cz\/kamera-na-hlidani-catit-pixi-smart-myska\/#breadcrumb","itemListElement":[{"@type":"ListItem","position":1,"name":"Dom\u016f","item":"https:\/\/shopatoa.com\/cz\/"},{"@type":"ListItem","position":2,"name":"Produkty","item":"https:\/\/shopatoa.com\/cz\/shop\/"},{"@type":"ListItem","position":3,"name":"Chovatelsk\u00e9 pot\u0159eby","item":"https:\/\/shopatoa.com\/cz\/chovatelske-potreby-2\/"},{"@type":"ListItem","position":4,"name":"Pro psy","item":"https:\/\/shopatoa.com\/cz\/pro-psy-chovatelske-potreby-2\/"},{"@type":"ListItem","position":5,"name":"Hygiena a kosmetika pro psy","item":"https:\/\/shopatoa.com\/cz\/hygiena-a-kosmetika-pro-psy\/"},{"@type":"ListItem","position":6,"name":"P\u00e9\u010de o ps\u00ed srst","item":"https:\/\/shopatoa.com\/cz\/pece-o-psi-srst\/"},{"@type":"ListItem","position":7,"name":"Kosmetika a \u00faprava psa","item":"https:\/\/shopatoa.com\/cz\/kosmetika-a-uprava-psa\/"},{"@type":"ListItem","position":8,"name":"Kamera na hl\u00edd\u00e1n\u00ed Catit Pixi Smart my\u0161ka"}]},{"@type":"WebSite","@id":"https:\/\/shopatoa.com\/cz\/#website","url":"https:\/\/shopatoa.com\/cz\/","name":"SHOPATOA","description":"","publisher":{"@id":"https:\/\/shopatoa.com\/cz\/#organization"},"potentialAction":[{"@type":"SearchAction","target":{"@type":"EntryPoint","urlTemplate":"https:\/\/shopatoa.com\/cz\/?s={search_term_string}"},"query-input":{"@type":"PropertyValueSpecification","valueRequired":true,"valueName":"search_term_string"}}],"inLanguage":"cs"},{"@type":"Organization","@id":"https:\/\/shopatoa.com\/cz\/#organization","name":"SHOPATOA Digital s.r.o.","url":"https:\/\/shopatoa.com\/cz\/","logo":{"@type":"ImageObject","inLanguage":"cs","@id":"https:\/\/shopatoa.com\/cz\/#\/schema\/logo\/image\/","url":"https:\/\/storage.googleapis.com\/cz-shopatoa-img\/cz\/ebccf434-shopatoa_logo.png","contentUrl":"https:\/\/storage.googleapis.com\/cz-shopatoa-img\/cz\/ebccf434-shopatoa_logo.png","width":416,"height":63,"caption":"SHOPATOA Digital s.r.o."},"image":{"@id":"https:\/\/shopatoa.com\/cz\/#\/schema\/logo\/image\/"}}]}},"_links":{"self":[{"href":"https:\/\/shopatoa.com\/cz\/wp-json\/wp\/v2\/product\/256188","targetHints":{"allow":["GET"]}}],"collection":[{"href":"https:\/\/shopatoa.com\/cz\/wp-json\/wp\/v2\/product"}],"about":[{"href":"https:\/\/shopatoa.com\/cz\/wp-json\/wp\/v2\/types\/product"}],"replies":[{"embeddable":true,"href":"https:\/\/shopatoa.com\/cz\/wp-json\/wp\/v2\/comments?post=256188"}],"wp:featuredmedia":[{"embeddable":true,"href":"https:\/\/shopatoa.com\/cz\/wp-json\/wp\/v2\/media\/256189"}],"wp:attachment":[{"href":"https:\/\/shopatoa.com\/cz\/wp-json\/wp\/v2\/media?parent=256188"}],"wp:term":[{"taxonomy":"product_brand","embeddable":true,"href":"https:\/\/shopatoa.com\/cz\/wp-json\/wp\/v2\/product_brand?post=256188"},{"taxonomy":"product_cat","embeddable":true,"href":"https:\/\/shopatoa.com\/cz\/wp-json\/wp\/v2\/product_cat?post=256188"},{"taxonomy":"product_tag","embeddable":true,"href":"https:\/\/shopatoa.com\/cz\/wp-json\/wp\/v2\/product_tag?post=256188"}],"curies":[{"name":"wp","href":"https:\/\/api.w.org\/{rel}","templated":true}]}}