{"id":256192,"date":"2025-04-04T02:25:12","date_gmt":"2025-04-04T00:25:12","guid":{"rendered":"https:\/\/shopatoa.com\/cz\/?post_type=product&#038;p=256192"},"modified":"2026-01-31T20:40:04","modified_gmt":"2026-01-31T19:40:04","slug":"nerezova-miska-pro-fontanky-catit-pixi","status":"publish","type":"product","link":"https:\/\/shopatoa.com\/cz\/nerezova-miska-pro-fontanky-catit-pixi\/","title":{"rendered":"Nerezov\u00e1 miska pro font\u00e1nky Catit Pixi"},"content":{"rendered":"<p>Samostatn\u00fd horn\u00ed kryt lze pou\u017e\u00edt k upgradu va\u0161\u00ed font\u00e1ny Catit PIXI z p\u016fvodn\u00edho plastu na nerezovou pitnou plochu, nebo se m\u016f\u017ee hodit jako n\u00e1hradn\u00ed, kterou m\u016f\u017eete pou\u017e\u00edt, kdy\u017e je t\u0159eba vy\u010distit p\u016fvodn\u00ed vr\u0161ek.<\/p>\n<p>Tato nerezov\u00e1 font\u00e1na je kompatibiln\u00ed se v\u0161emi pitn\u00fdmi font\u00e1nami Catit PIXI s v\u00fdjimkou Smart Fountain, jako ide\u00e1ln\u00ed n\u00e1hrada za standardn\u00ed plastov\u00fd kryt font\u00e1ny. Horn\u00ed \u010d\u00e1st je vyrobena z vysoce kvalitn\u00ed nerezov\u00e9 oceli a lze ji m\u00fdt v my\u010dce n\u00e1dob\u00ed.<\/p>\n<p>Rozm\u011bry<\/p>\n<p>19,5 x 19,5 x 1,5 cm<\/p>\n","protected":false},"excerpt":{"rendered":"<p>Samostatn\u00fd horn\u00ed kryt lze pou\u017e\u00edt k upgradu va\u0161\u00ed font\u00e1ny Catit PIXI z p\u016fvodn\u00edho plastu na nerezovou pitnou plochu, nebo se m\u016f\u017ee hodit jako n\u00e1hradn\u00ed, kterou m\u016f\u017eete pou\u017e\u00edt, kdy\u017e je t\u0159eba vy\u010distit p\u016fvodn\u00ed vr\u0161ek. Tato nerezov\u00e1 font\u00e1na je kompatibiln\u00ed se v\u0161emi pitn\u00fdmi font\u00e1nami Catit PIXI s v\u00fdjimkou Smart Fountain, jako ide\u00e1ln\u00ed n\u00e1hrada za standardn\u00ed plastov\u00fd kryt&#8230;<\/p>\n","protected":false},"featured_media":256193,"comment_status":"closed","ping_status":"open","template":"","meta":{"_acf_changed":false,"_kadence_starter_templates_imported_post":false,"_kad_post_transparent":"","_kad_post_title":"","_kad_post_layout":"","_kad_post_sidebar_id":"","_kad_post_content_style":"","_kad_post_vertical_padding":"","_kad_post_feature":"","_kad_post_feature_position":"","_kad_post_header":false,"_kad_post_footer":false,"_kad_post_classname":""},"product_brand":[2532],"product_cat":[436,2534,1464],"product_tag":[],"class_list":{"0":"post-256192","1":"product","2":"type-product","3":"status-publish","4":"has-post-thumbnail","6":"product_brand-cat-it","7":"product_cat-chovatelske-potreby-2","8":"product_cat-misky-a-zasobniky-pro-kocky","9":"product_cat-pro-kocky-chovatelske-potreby-2","10":"pa_obchod-superzoo-cz","12":"first","13":"instock","14":"product-type-external","15":"entry","16":"content-bg","17":"loop-entry"},"acf":[],"yoast_head":"<!-- This site is optimized with the Yoast SEO plugin v27.4 - https:\/\/yoast.com\/product\/yoast-seo-wordpress\/ -->\n<title>Nerezov\u00e1 miska pro font\u00e1nky Catit Pixi - SHOPATOA.COM<\/title>\n<meta name=\"robots\" content=\"index, follow, max-snippet:-1, max-image-preview:large, max-video-preview:-1\" \/>\n<link rel=\"canonical\" href=\"https:\/\/shopatoa.com\/cz\/nerezova-miska-pro-fontanky-catit-pixi\/\" \/>\n<meta property=\"og:locale\" content=\"cs_CZ\" \/>\n<meta property=\"og:type\" content=\"article\" \/>\n<meta property=\"og:title\" content=\"Nerezov\u00e1 miska pro font\u00e1nky Catit Pixi - SHOPATOA.COM\" \/>\n<meta property=\"og:description\" content=\"Samostatn\u00fd horn\u00ed kryt lze pou\u017e\u00edt k upgradu va\u0161\u00ed font\u00e1ny Catit PIXI z p\u016fvodn\u00edho plastu na nerezovou pitnou plochu, nebo se m\u016f\u017ee hodit jako n\u00e1hradn\u00ed, kterou m\u016f\u017eete pou\u017e\u00edt, kdy\u017e je t\u0159eba vy\u010distit p\u016fvodn\u00ed vr\u0161ek. Tato nerezov\u00e1 font\u00e1na je kompatibiln\u00ed se v\u0161emi pitn\u00fdmi font\u00e1nami Catit PIXI s v\u00fdjimkou Smart Fountain, jako ide\u00e1ln\u00ed n\u00e1hrada za standardn\u00ed plastov\u00fd kryt...\" \/>\n<meta property=\"og:url\" content=\"https:\/\/shopatoa.com\/cz\/nerezova-miska-pro-fontanky-catit-pixi\/\" \/>\n<meta property=\"og:site_name\" content=\"SHOPATOA\" \/>\n<meta property=\"article:modified_time\" content=\"2026-01-31T19:40:04+00:00\" \/>\n<meta property=\"og:image\" content=\"https:\/\/storage.googleapis.com\/cz-shopatoa-img\/cz\/8c308b34-1_94266.jpg\" \/>\n\t<meta property=\"og:image:width\" content=\"600\" \/>\n\t<meta property=\"og:image:height\" content=\"600\" \/>\n\t<meta property=\"og:image:type\" content=\"image\/jpeg\" \/>\n<meta name=\"twitter:card\" content=\"summary_large_image\" \/>\n<meta name=\"twitter:label1\" content=\"Odhadovan\u00e1 doba \u010dten\u00ed\" \/>\n\t<meta name=\"twitter:data1\" content=\"1 minuta\" \/>\n<script type=\"application\/ld+json\" class=\"yoast-schema-graph\">{\"@context\":\"https:\\\/\\\/schema.org\",\"@graph\":[{\"@type\":\"WebPage\",\"@id\":\"https:\\\/\\\/shopatoa.com\\\/cz\\\/nerezova-miska-pro-fontanky-catit-pixi\\\/\",\"url\":\"https:\\\/\\\/shopatoa.com\\\/cz\\\/nerezova-miska-pro-fontanky-catit-pixi\\\/\",\"name\":\"Nerezov\u00e1 miska pro font\u00e1nky Catit Pixi - SHOPATOA.COM\",\"isPartOf\":{\"@id\":\"https:\\\/\\\/shopatoa.com\\\/cz\\\/#website\"},\"primaryImageOfPage\":{\"@id\":\"https:\\\/\\\/shopatoa.com\\\/cz\\\/nerezova-miska-pro-fontanky-catit-pixi\\\/#primaryimage\"},\"image\":{\"@id\":\"https:\\\/\\\/shopatoa.com\\\/cz\\\/nerezova-miska-pro-fontanky-catit-pixi\\\/#primaryimage\"},\"thumbnailUrl\":\"https:\\\/\\\/storage.googleapis.com\\\/cz-shopatoa-img\\\/cz\\\/8c308b34-1_94266.jpg\",\"datePublished\":\"2025-04-04T00:25:12+00:00\",\"dateModified\":\"2026-01-31T19:40:04+00:00\",\"breadcrumb\":{\"@id\":\"https:\\\/\\\/shopatoa.com\\\/cz\\\/nerezova-miska-pro-fontanky-catit-pixi\\\/#breadcrumb\"},\"inLanguage\":\"cs\",\"potentialAction\":[{\"@type\":\"ReadAction\",\"target\":[\"https:\\\/\\\/shopatoa.com\\\/cz\\\/nerezova-miska-pro-fontanky-catit-pixi\\\/\"]}]},{\"@type\":\"ImageObject\",\"inLanguage\":\"cs\",\"@id\":\"https:\\\/\\\/shopatoa.com\\\/cz\\\/nerezova-miska-pro-fontanky-catit-pixi\\\/#primaryimage\",\"url\":\"https:\\\/\\\/storage.googleapis.com\\\/cz-shopatoa-img\\\/cz\\\/8c308b34-1_94266.jpg\",\"contentUrl\":\"https:\\\/\\\/storage.googleapis.com\\\/cz-shopatoa-img\\\/cz\\\/8c308b34-1_94266.jpg\",\"width\":600,\"height\":600},{\"@type\":\"BreadcrumbList\",\"@id\":\"https:\\\/\\\/shopatoa.com\\\/cz\\\/nerezova-miska-pro-fontanky-catit-pixi\\\/#breadcrumb\",\"itemListElement\":[{\"@type\":\"ListItem\",\"position\":1,\"name\":\"Dom\u016f\",\"item\":\"https:\\\/\\\/shopatoa.com\\\/cz\\\/\"},{\"@type\":\"ListItem\",\"position\":2,\"name\":\"Produkty\",\"item\":\"https:\\\/\\\/shopatoa.com\\\/cz\\\/shop\\\/\"},{\"@type\":\"ListItem\",\"position\":3,\"name\":\"Chovatelsk\u00e9 pot\u0159eby\",\"item\":\"https:\\\/\\\/shopatoa.com\\\/cz\\\/chovatelske-potreby-2\\\/\"},{\"@type\":\"ListItem\",\"position\":4,\"name\":\"Pro ko\u010dky\",\"item\":\"https:\\\/\\\/shopatoa.com\\\/cz\\\/pro-kocky-chovatelske-potreby-2\\\/\"},{\"@type\":\"ListItem\",\"position\":5,\"name\":\"Misky a z\u00e1sobn\u00edky pro ko\u010dky\",\"item\":\"https:\\\/\\\/shopatoa.com\\\/cz\\\/misky-a-zasobniky-pro-kocky\\\/\"},{\"@type\":\"ListItem\",\"position\":6,\"name\":\"Nerezov\u00e1 miska pro font\u00e1nky Catit Pixi\"}]},{\"@type\":\"WebSite\",\"@id\":\"https:\\\/\\\/shopatoa.com\\\/cz\\\/#website\",\"url\":\"https:\\\/\\\/shopatoa.com\\\/cz\\\/\",\"name\":\"SHOPATOA\",\"description\":\"\",\"publisher\":{\"@id\":\"https:\\\/\\\/shopatoa.com\\\/cz\\\/#organization\"},\"potentialAction\":[{\"@type\":\"SearchAction\",\"target\":{\"@type\":\"EntryPoint\",\"urlTemplate\":\"https:\\\/\\\/shopatoa.com\\\/cz\\\/?s={search_term_string}\"},\"query-input\":{\"@type\":\"PropertyValueSpecification\",\"valueRequired\":true,\"valueName\":\"search_term_string\"}}],\"inLanguage\":\"cs\"},{\"@type\":\"Organization\",\"@id\":\"https:\\\/\\\/shopatoa.com\\\/cz\\\/#organization\",\"name\":\"SHOPATOA Digital s.r.o.\",\"url\":\"https:\\\/\\\/shopatoa.com\\\/cz\\\/\",\"logo\":{\"@type\":\"ImageObject\",\"inLanguage\":\"cs\",\"@id\":\"https:\\\/\\\/shopatoa.com\\\/cz\\\/#\\\/schema\\\/logo\\\/image\\\/\",\"url\":\"https:\\\/\\\/storage.googleapis.com\\\/cz-shopatoa-img\\\/cz\\\/ebccf434-shopatoa_logo.png\",\"contentUrl\":\"https:\\\/\\\/storage.googleapis.com\\\/cz-shopatoa-img\\\/cz\\\/ebccf434-shopatoa_logo.png\",\"width\":416,\"height\":63,\"caption\":\"SHOPATOA Digital s.r.o.\"},\"image\":{\"@id\":\"https:\\\/\\\/shopatoa.com\\\/cz\\\/#\\\/schema\\\/logo\\\/image\\\/\"}}]}<\/script>\n<!-- \/ Yoast SEO plugin. -->","yoast_head_json":{"title":"Nerezov\u00e1 miska pro font\u00e1nky Catit Pixi - SHOPATOA.COM","robots":{"index":"index","follow":"follow","max-snippet":"max-snippet:-1","max-image-preview":"max-image-preview:large","max-video-preview":"max-video-preview:-1"},"canonical":"https:\/\/shopatoa.com\/cz\/nerezova-miska-pro-fontanky-catit-pixi\/","og_locale":"cs_CZ","og_type":"article","og_title":"Nerezov\u00e1 miska pro font\u00e1nky Catit Pixi - SHOPATOA.COM","og_description":"Samostatn\u00fd horn\u00ed kryt lze pou\u017e\u00edt k upgradu va\u0161\u00ed font\u00e1ny Catit PIXI z p\u016fvodn\u00edho plastu na nerezovou pitnou plochu, nebo se m\u016f\u017ee hodit jako n\u00e1hradn\u00ed, kterou m\u016f\u017eete pou\u017e\u00edt, kdy\u017e je t\u0159eba vy\u010distit p\u016fvodn\u00ed vr\u0161ek. Tato nerezov\u00e1 font\u00e1na je kompatibiln\u00ed se v\u0161emi pitn\u00fdmi font\u00e1nami Catit PIXI s v\u00fdjimkou Smart Fountain, jako ide\u00e1ln\u00ed n\u00e1hrada za standardn\u00ed plastov\u00fd kryt...","og_url":"https:\/\/shopatoa.com\/cz\/nerezova-miska-pro-fontanky-catit-pixi\/","og_site_name":"SHOPATOA","article_modified_time":"2026-01-31T19:40:04+00:00","og_image":[{"width":600,"height":600,"url":"https:\/\/storage.googleapis.com\/cz-shopatoa-img\/cz\/8c308b34-1_94266.jpg","type":"image\/jpeg"}],"twitter_card":"summary_large_image","twitter_misc":{"Odhadovan\u00e1 doba \u010dten\u00ed":"1 minuta"},"schema":{"@context":"https:\/\/schema.org","@graph":[{"@type":"WebPage","@id":"https:\/\/shopatoa.com\/cz\/nerezova-miska-pro-fontanky-catit-pixi\/","url":"https:\/\/shopatoa.com\/cz\/nerezova-miska-pro-fontanky-catit-pixi\/","name":"Nerezov\u00e1 miska pro font\u00e1nky Catit Pixi - SHOPATOA.COM","isPartOf":{"@id":"https:\/\/shopatoa.com\/cz\/#website"},"primaryImageOfPage":{"@id":"https:\/\/shopatoa.com\/cz\/nerezova-miska-pro-fontanky-catit-pixi\/#primaryimage"},"image":{"@id":"https:\/\/shopatoa.com\/cz\/nerezova-miska-pro-fontanky-catit-pixi\/#primaryimage"},"thumbnailUrl":"https:\/\/storage.googleapis.com\/cz-shopatoa-img\/cz\/8c308b34-1_94266.jpg","datePublished":"2025-04-04T00:25:12+00:00","dateModified":"2026-01-31T19:40:04+00:00","breadcrumb":{"@id":"https:\/\/shopatoa.com\/cz\/nerezova-miska-pro-fontanky-catit-pixi\/#breadcrumb"},"inLanguage":"cs","potentialAction":[{"@type":"ReadAction","target":["https:\/\/shopatoa.com\/cz\/nerezova-miska-pro-fontanky-catit-pixi\/"]}]},{"@type":"ImageObject","inLanguage":"cs","@id":"https:\/\/shopatoa.com\/cz\/nerezova-miska-pro-fontanky-catit-pixi\/#primaryimage","url":"https:\/\/storage.googleapis.com\/cz-shopatoa-img\/cz\/8c308b34-1_94266.jpg","contentUrl":"https:\/\/storage.googleapis.com\/cz-shopatoa-img\/cz\/8c308b34-1_94266.jpg","width":600,"height":600},{"@type":"BreadcrumbList","@id":"https:\/\/shopatoa.com\/cz\/nerezova-miska-pro-fontanky-catit-pixi\/#breadcrumb","itemListElement":[{"@type":"ListItem","position":1,"name":"Dom\u016f","item":"https:\/\/shopatoa.com\/cz\/"},{"@type":"ListItem","position":2,"name":"Produkty","item":"https:\/\/shopatoa.com\/cz\/shop\/"},{"@type":"ListItem","position":3,"name":"Chovatelsk\u00e9 pot\u0159eby","item":"https:\/\/shopatoa.com\/cz\/chovatelske-potreby-2\/"},{"@type":"ListItem","position":4,"name":"Pro ko\u010dky","item":"https:\/\/shopatoa.com\/cz\/pro-kocky-chovatelske-potreby-2\/"},{"@type":"ListItem","position":5,"name":"Misky a z\u00e1sobn\u00edky pro ko\u010dky","item":"https:\/\/shopatoa.com\/cz\/misky-a-zasobniky-pro-kocky\/"},{"@type":"ListItem","position":6,"name":"Nerezov\u00e1 miska pro font\u00e1nky Catit Pixi"}]},{"@type":"WebSite","@id":"https:\/\/shopatoa.com\/cz\/#website","url":"https:\/\/shopatoa.com\/cz\/","name":"SHOPATOA","description":"","publisher":{"@id":"https:\/\/shopatoa.com\/cz\/#organization"},"potentialAction":[{"@type":"SearchAction","target":{"@type":"EntryPoint","urlTemplate":"https:\/\/shopatoa.com\/cz\/?s={search_term_string}"},"query-input":{"@type":"PropertyValueSpecification","valueRequired":true,"valueName":"search_term_string"}}],"inLanguage":"cs"},{"@type":"Organization","@id":"https:\/\/shopatoa.com\/cz\/#organization","name":"SHOPATOA Digital s.r.o.","url":"https:\/\/shopatoa.com\/cz\/","logo":{"@type":"ImageObject","inLanguage":"cs","@id":"https:\/\/shopatoa.com\/cz\/#\/schema\/logo\/image\/","url":"https:\/\/storage.googleapis.com\/cz-shopatoa-img\/cz\/ebccf434-shopatoa_logo.png","contentUrl":"https:\/\/storage.googleapis.com\/cz-shopatoa-img\/cz\/ebccf434-shopatoa_logo.png","width":416,"height":63,"caption":"SHOPATOA Digital s.r.o."},"image":{"@id":"https:\/\/shopatoa.com\/cz\/#\/schema\/logo\/image\/"}}]}},"_links":{"self":[{"href":"https:\/\/shopatoa.com\/cz\/wp-json\/wp\/v2\/product\/256192","targetHints":{"allow":["GET"]}}],"collection":[{"href":"https:\/\/shopatoa.com\/cz\/wp-json\/wp\/v2\/product"}],"about":[{"href":"https:\/\/shopatoa.com\/cz\/wp-json\/wp\/v2\/types\/product"}],"replies":[{"embeddable":true,"href":"https:\/\/shopatoa.com\/cz\/wp-json\/wp\/v2\/comments?post=256192"}],"wp:featuredmedia":[{"embeddable":true,"href":"https:\/\/shopatoa.com\/cz\/wp-json\/wp\/v2\/media\/256193"}],"wp:attachment":[{"href":"https:\/\/shopatoa.com\/cz\/wp-json\/wp\/v2\/media?parent=256192"}],"wp:term":[{"taxonomy":"product_brand","embeddable":true,"href":"https:\/\/shopatoa.com\/cz\/wp-json\/wp\/v2\/product_brand?post=256192"},{"taxonomy":"product_cat","embeddable":true,"href":"https:\/\/shopatoa.com\/cz\/wp-json\/wp\/v2\/product_cat?post=256192"},{"taxonomy":"product_tag","embeddable":true,"href":"https:\/\/shopatoa.com\/cz\/wp-json\/wp\/v2\/product_tag?post=256192"}],"curies":[{"name":"wp","href":"https:\/\/api.w.org\/{rel}","templated":true}]}}