{"id":256196,"date":"2025-04-04T02:25:31","date_gmt":"2025-04-04T00:25:31","guid":{"rendered":"https:\/\/shopatoa.com\/cz\/?post_type=product&#038;p=256196"},"modified":"2026-02-01T04:07:52","modified_gmt":"2026-02-01T03:07:52","slug":"canvit-barf-silybum-marianum-160g","status":"publish","type":"product","link":"https:\/\/shopatoa.com\/cz\/canvit-barf-silybum-marianum-160g\/","title":{"rendered":"Canvit BARF Silybum Marianum 160g"},"content":{"rendered":"<p>Semena Ostropest\u0159ce mari\u00e1nsk\u00e9ho obsahuj\u00ed silymarin, skupinu biologicky aktivn\u00edch l\u00e1tek zn\u00e1m\u00fdch pro sv\u016fj ochrann\u00fd a regenera\u010dn\u00ed \u00fa\u010dinek na jatern\u00ed bu\u0148ky.<\/p>\n<p>Silymarin je siln\u00fdm antioxidantem se schopnost\u00ed chr\u00e1nit jatern\u00ed bu\u0148ky b\u011bhem jejich \u010dinnosti a d\u00e1le podporuje regeneraci ji\u017e po\u0161kozen\u00e9 jatern\u00ed tk\u00e1n\u011b. Mezi dal\u0161\u00ed p\u0159\u00ednosy silymarinu pat\u0159\u00ed protiz\u00e1n\u011btliv\u00fd \u00fa\u010dinek schopn\u00fd potla\u010dit nespecifick\u00e9 st\u0159evn\u00ed z\u00e1n\u011bty a protin\u00e1dorov\u00fd \u00fa\u010dinek.<\/p>\n<p>Indikace:<\/p>\n<p>\tSou\u010d\u00e1st ochrann\u00e9 l\u00e9\u010dby jater<br \/>\n\tOchrana jater p\u0159i otrav\u011b a l\u00e9\u010db\u011b l\u00e9ky zat\u011b\u017euj\u00edc\u00edch j\u00e1tra (antibiotika, chemoterapeutika)<br \/>\n\tVhodn\u00fd dopln\u011bk pro \u201edetoxifika\u010dn\u00ed k\u016fru\u201c<\/p>\n<p>D\u00e1vka:<\/p>\n<p>na 10 kg psa: 2-3 g = 1 l\u017ei\u010dka 2x denn\u011b<\/p>\n<p>Balen\u00ed:<\/p>\n<p>180 g pro psa do 10 kg vydr\u017e\u00ed po dobu 3 m\u011bs\u00edc\u016f<\/p>\n","protected":false},"excerpt":{"rendered":"<p>Semena Ostropest\u0159ce mari\u00e1nsk\u00e9ho obsahuj\u00ed silymarin, skupinu biologicky aktivn\u00edch l\u00e1tek zn\u00e1m\u00fdch pro sv\u016fj ochrann\u00fd a regenera\u010dn\u00ed \u00fa\u010dinek na jatern\u00ed bu\u0148ky. Silymarin je siln\u00fdm antioxidantem se schopnost\u00ed chr\u00e1nit jatern\u00ed bu\u0148ky b\u011bhem jejich \u010dinnosti a d\u00e1le podporuje regeneraci ji\u017e po\u0161kozen\u00e9 jatern\u00ed tk\u00e1n\u011b. Mezi dal\u0161\u00ed p\u0159\u00ednosy silymarinu pat\u0159\u00ed protiz\u00e1n\u011btliv\u00fd \u00fa\u010dinek schopn\u00fd potla\u010dit nespecifick\u00e9 st\u0159evn\u00ed z\u00e1n\u011bty a protin\u00e1dorov\u00fd \u00fa\u010dinek. Indikace:&#8230;<\/p>\n","protected":false},"featured_media":256197,"comment_status":"closed","ping_status":"open","template":"","meta":{"_acf_changed":false,"_kadence_starter_templates_imported_post":false,"_kad_post_transparent":"","_kad_post_title":"","_kad_post_layout":"","_kad_post_sidebar_id":"","_kad_post_content_style":"","_kad_post_vertical_padding":"","_kad_post_feature":"","_kad_post_feature_position":"","_kad_post_header":false,"_kad_post_footer":false,"_kad_post_classname":""},"product_brand":[632],"product_cat":[436,2568,2576,739],"product_tag":[],"class_list":{"0":"post-256196","1":"product","2":"type-product","3":"status-publish","4":"has-post-thumbnail","6":"product_brand-canvit","7":"product_cat-chovatelske-potreby-2","8":"product_cat-krmivo-pro-psy-pro-psy-chovatelske-potreby-2","9":"product_cat-pamlsky-pro-psy","10":"product_cat-pro-psy-chovatelske-potreby-2","11":"pa_obchod-superzoo-cz","13":"first","14":"instock","15":"product-type-external","16":"entry","17":"content-bg","18":"loop-entry"},"acf":[],"yoast_head":"<!-- This site is optimized with the Yoast SEO plugin v27.4 - https:\/\/yoast.com\/product\/yoast-seo-wordpress\/ -->\n<title>Canvit BARF Silybum Marianum 160g - SHOPATOA.COM<\/title>\n<meta name=\"robots\" content=\"index, follow, max-snippet:-1, max-image-preview:large, max-video-preview:-1\" \/>\n<link rel=\"canonical\" href=\"https:\/\/shopatoa.com\/cz\/canvit-barf-silybum-marianum-160g\/\" \/>\n<meta property=\"og:locale\" content=\"cs_CZ\" \/>\n<meta property=\"og:type\" content=\"article\" \/>\n<meta property=\"og:title\" content=\"Canvit BARF Silybum Marianum 160g - SHOPATOA.COM\" \/>\n<meta property=\"og:description\" content=\"Semena Ostropest\u0159ce mari\u00e1nsk\u00e9ho obsahuj\u00ed silymarin, skupinu biologicky aktivn\u00edch l\u00e1tek zn\u00e1m\u00fdch pro sv\u016fj ochrann\u00fd a regenera\u010dn\u00ed \u00fa\u010dinek na jatern\u00ed bu\u0148ky. Silymarin je siln\u00fdm antioxidantem se schopnost\u00ed chr\u00e1nit jatern\u00ed bu\u0148ky b\u011bhem jejich \u010dinnosti a d\u00e1le podporuje regeneraci ji\u017e po\u0161kozen\u00e9 jatern\u00ed tk\u00e1n\u011b. Mezi dal\u0161\u00ed p\u0159\u00ednosy silymarinu pat\u0159\u00ed protiz\u00e1n\u011btliv\u00fd \u00fa\u010dinek schopn\u00fd potla\u010dit nespecifick\u00e9 st\u0159evn\u00ed z\u00e1n\u011bty a protin\u00e1dorov\u00fd \u00fa\u010dinek. Indikace:...\" \/>\n<meta property=\"og:url\" content=\"https:\/\/shopatoa.com\/cz\/canvit-barf-silybum-marianum-160g\/\" \/>\n<meta property=\"og:site_name\" content=\"SHOPATOA\" \/>\n<meta property=\"article:modified_time\" content=\"2026-02-01T03:07:52+00:00\" \/>\n<meta property=\"og:image\" content=\"https:\/\/storage.googleapis.com\/cz-shopatoa-img\/cz\/942eff96-1_53059.jpg\" \/>\n\t<meta property=\"og:image:width\" content=\"600\" \/>\n\t<meta property=\"og:image:height\" content=\"600\" \/>\n\t<meta property=\"og:image:type\" content=\"image\/jpeg\" \/>\n<meta name=\"twitter:card\" content=\"summary_large_image\" \/>\n<meta name=\"twitter:label1\" content=\"Odhadovan\u00e1 doba \u010dten\u00ed\" \/>\n\t<meta name=\"twitter:data1\" content=\"1 minuta\" \/>\n<script type=\"application\/ld+json\" class=\"yoast-schema-graph\">{\"@context\":\"https:\\\/\\\/schema.org\",\"@graph\":[{\"@type\":\"WebPage\",\"@id\":\"https:\\\/\\\/shopatoa.com\\\/cz\\\/canvit-barf-silybum-marianum-160g\\\/\",\"url\":\"https:\\\/\\\/shopatoa.com\\\/cz\\\/canvit-barf-silybum-marianum-160g\\\/\",\"name\":\"Canvit BARF Silybum Marianum 160g - SHOPATOA.COM\",\"isPartOf\":{\"@id\":\"https:\\\/\\\/shopatoa.com\\\/cz\\\/#website\"},\"primaryImageOfPage\":{\"@id\":\"https:\\\/\\\/shopatoa.com\\\/cz\\\/canvit-barf-silybum-marianum-160g\\\/#primaryimage\"},\"image\":{\"@id\":\"https:\\\/\\\/shopatoa.com\\\/cz\\\/canvit-barf-silybum-marianum-160g\\\/#primaryimage\"},\"thumbnailUrl\":\"https:\\\/\\\/storage.googleapis.com\\\/cz-shopatoa-img\\\/cz\\\/942eff96-1_53059.jpg\",\"datePublished\":\"2025-04-04T00:25:31+00:00\",\"dateModified\":\"2026-02-01T03:07:52+00:00\",\"breadcrumb\":{\"@id\":\"https:\\\/\\\/shopatoa.com\\\/cz\\\/canvit-barf-silybum-marianum-160g\\\/#breadcrumb\"},\"inLanguage\":\"cs\",\"potentialAction\":[{\"@type\":\"ReadAction\",\"target\":[\"https:\\\/\\\/shopatoa.com\\\/cz\\\/canvit-barf-silybum-marianum-160g\\\/\"]}]},{\"@type\":\"ImageObject\",\"inLanguage\":\"cs\",\"@id\":\"https:\\\/\\\/shopatoa.com\\\/cz\\\/canvit-barf-silybum-marianum-160g\\\/#primaryimage\",\"url\":\"https:\\\/\\\/storage.googleapis.com\\\/cz-shopatoa-img\\\/cz\\\/942eff96-1_53059.jpg\",\"contentUrl\":\"https:\\\/\\\/storage.googleapis.com\\\/cz-shopatoa-img\\\/cz\\\/942eff96-1_53059.jpg\",\"width\":600,\"height\":600},{\"@type\":\"BreadcrumbList\",\"@id\":\"https:\\\/\\\/shopatoa.com\\\/cz\\\/canvit-barf-silybum-marianum-160g\\\/#breadcrumb\",\"itemListElement\":[{\"@type\":\"ListItem\",\"position\":1,\"name\":\"Dom\u016f\",\"item\":\"https:\\\/\\\/shopatoa.com\\\/cz\\\/\"},{\"@type\":\"ListItem\",\"position\":2,\"name\":\"Produkty\",\"item\":\"https:\\\/\\\/shopatoa.com\\\/cz\\\/shop\\\/\"},{\"@type\":\"ListItem\",\"position\":3,\"name\":\"Chovatelsk\u00e9 pot\u0159eby\",\"item\":\"https:\\\/\\\/shopatoa.com\\\/cz\\\/chovatelske-potreby-2\\\/\"},{\"@type\":\"ListItem\",\"position\":4,\"name\":\"Pro psy\",\"item\":\"https:\\\/\\\/shopatoa.com\\\/cz\\\/pro-psy-chovatelske-potreby-2\\\/\"},{\"@type\":\"ListItem\",\"position\":5,\"name\":\"Krmivo pro psy\",\"item\":\"https:\\\/\\\/shopatoa.com\\\/cz\\\/krmivo-pro-psy-pro-psy-chovatelske-potreby-2\\\/\"},{\"@type\":\"ListItem\",\"position\":6,\"name\":\"Pamlsky pro psy\",\"item\":\"https:\\\/\\\/shopatoa.com\\\/cz\\\/pamlsky-pro-psy\\\/\"},{\"@type\":\"ListItem\",\"position\":7,\"name\":\"Canvit BARF Silybum Marianum 160g\"}]},{\"@type\":\"WebSite\",\"@id\":\"https:\\\/\\\/shopatoa.com\\\/cz\\\/#website\",\"url\":\"https:\\\/\\\/shopatoa.com\\\/cz\\\/\",\"name\":\"SHOPATOA\",\"description\":\"\",\"publisher\":{\"@id\":\"https:\\\/\\\/shopatoa.com\\\/cz\\\/#organization\"},\"potentialAction\":[{\"@type\":\"SearchAction\",\"target\":{\"@type\":\"EntryPoint\",\"urlTemplate\":\"https:\\\/\\\/shopatoa.com\\\/cz\\\/?s={search_term_string}\"},\"query-input\":{\"@type\":\"PropertyValueSpecification\",\"valueRequired\":true,\"valueName\":\"search_term_string\"}}],\"inLanguage\":\"cs\"},{\"@type\":\"Organization\",\"@id\":\"https:\\\/\\\/shopatoa.com\\\/cz\\\/#organization\",\"name\":\"SHOPATOA Digital s.r.o.\",\"url\":\"https:\\\/\\\/shopatoa.com\\\/cz\\\/\",\"logo\":{\"@type\":\"ImageObject\",\"inLanguage\":\"cs\",\"@id\":\"https:\\\/\\\/shopatoa.com\\\/cz\\\/#\\\/schema\\\/logo\\\/image\\\/\",\"url\":\"https:\\\/\\\/storage.googleapis.com\\\/cz-shopatoa-img\\\/cz\\\/ebccf434-shopatoa_logo.png\",\"contentUrl\":\"https:\\\/\\\/storage.googleapis.com\\\/cz-shopatoa-img\\\/cz\\\/ebccf434-shopatoa_logo.png\",\"width\":416,\"height\":63,\"caption\":\"SHOPATOA Digital s.r.o.\"},\"image\":{\"@id\":\"https:\\\/\\\/shopatoa.com\\\/cz\\\/#\\\/schema\\\/logo\\\/image\\\/\"}}]}<\/script>\n<!-- \/ Yoast SEO plugin. -->","yoast_head_json":{"title":"Canvit BARF Silybum Marianum 160g - SHOPATOA.COM","robots":{"index":"index","follow":"follow","max-snippet":"max-snippet:-1","max-image-preview":"max-image-preview:large","max-video-preview":"max-video-preview:-1"},"canonical":"https:\/\/shopatoa.com\/cz\/canvit-barf-silybum-marianum-160g\/","og_locale":"cs_CZ","og_type":"article","og_title":"Canvit BARF Silybum Marianum 160g - SHOPATOA.COM","og_description":"Semena Ostropest\u0159ce mari\u00e1nsk\u00e9ho obsahuj\u00ed silymarin, skupinu biologicky aktivn\u00edch l\u00e1tek zn\u00e1m\u00fdch pro sv\u016fj ochrann\u00fd a regenera\u010dn\u00ed \u00fa\u010dinek na jatern\u00ed bu\u0148ky. Silymarin je siln\u00fdm antioxidantem se schopnost\u00ed chr\u00e1nit jatern\u00ed bu\u0148ky b\u011bhem jejich \u010dinnosti a d\u00e1le podporuje regeneraci ji\u017e po\u0161kozen\u00e9 jatern\u00ed tk\u00e1n\u011b. Mezi dal\u0161\u00ed p\u0159\u00ednosy silymarinu pat\u0159\u00ed protiz\u00e1n\u011btliv\u00fd \u00fa\u010dinek schopn\u00fd potla\u010dit nespecifick\u00e9 st\u0159evn\u00ed z\u00e1n\u011bty a protin\u00e1dorov\u00fd \u00fa\u010dinek. Indikace:...","og_url":"https:\/\/shopatoa.com\/cz\/canvit-barf-silybum-marianum-160g\/","og_site_name":"SHOPATOA","article_modified_time":"2026-02-01T03:07:52+00:00","og_image":[{"width":600,"height":600,"url":"https:\/\/storage.googleapis.com\/cz-shopatoa-img\/cz\/942eff96-1_53059.jpg","type":"image\/jpeg"}],"twitter_card":"summary_large_image","twitter_misc":{"Odhadovan\u00e1 doba \u010dten\u00ed":"1 minuta"},"schema":{"@context":"https:\/\/schema.org","@graph":[{"@type":"WebPage","@id":"https:\/\/shopatoa.com\/cz\/canvit-barf-silybum-marianum-160g\/","url":"https:\/\/shopatoa.com\/cz\/canvit-barf-silybum-marianum-160g\/","name":"Canvit BARF Silybum Marianum 160g - SHOPATOA.COM","isPartOf":{"@id":"https:\/\/shopatoa.com\/cz\/#website"},"primaryImageOfPage":{"@id":"https:\/\/shopatoa.com\/cz\/canvit-barf-silybum-marianum-160g\/#primaryimage"},"image":{"@id":"https:\/\/shopatoa.com\/cz\/canvit-barf-silybum-marianum-160g\/#primaryimage"},"thumbnailUrl":"https:\/\/storage.googleapis.com\/cz-shopatoa-img\/cz\/942eff96-1_53059.jpg","datePublished":"2025-04-04T00:25:31+00:00","dateModified":"2026-02-01T03:07:52+00:00","breadcrumb":{"@id":"https:\/\/shopatoa.com\/cz\/canvit-barf-silybum-marianum-160g\/#breadcrumb"},"inLanguage":"cs","potentialAction":[{"@type":"ReadAction","target":["https:\/\/shopatoa.com\/cz\/canvit-barf-silybum-marianum-160g\/"]}]},{"@type":"ImageObject","inLanguage":"cs","@id":"https:\/\/shopatoa.com\/cz\/canvit-barf-silybum-marianum-160g\/#primaryimage","url":"https:\/\/storage.googleapis.com\/cz-shopatoa-img\/cz\/942eff96-1_53059.jpg","contentUrl":"https:\/\/storage.googleapis.com\/cz-shopatoa-img\/cz\/942eff96-1_53059.jpg","width":600,"height":600},{"@type":"BreadcrumbList","@id":"https:\/\/shopatoa.com\/cz\/canvit-barf-silybum-marianum-160g\/#breadcrumb","itemListElement":[{"@type":"ListItem","position":1,"name":"Dom\u016f","item":"https:\/\/shopatoa.com\/cz\/"},{"@type":"ListItem","position":2,"name":"Produkty","item":"https:\/\/shopatoa.com\/cz\/shop\/"},{"@type":"ListItem","position":3,"name":"Chovatelsk\u00e9 pot\u0159eby","item":"https:\/\/shopatoa.com\/cz\/chovatelske-potreby-2\/"},{"@type":"ListItem","position":4,"name":"Pro psy","item":"https:\/\/shopatoa.com\/cz\/pro-psy-chovatelske-potreby-2\/"},{"@type":"ListItem","position":5,"name":"Krmivo pro psy","item":"https:\/\/shopatoa.com\/cz\/krmivo-pro-psy-pro-psy-chovatelske-potreby-2\/"},{"@type":"ListItem","position":6,"name":"Pamlsky pro psy","item":"https:\/\/shopatoa.com\/cz\/pamlsky-pro-psy\/"},{"@type":"ListItem","position":7,"name":"Canvit BARF Silybum Marianum 160g"}]},{"@type":"WebSite","@id":"https:\/\/shopatoa.com\/cz\/#website","url":"https:\/\/shopatoa.com\/cz\/","name":"SHOPATOA","description":"","publisher":{"@id":"https:\/\/shopatoa.com\/cz\/#organization"},"potentialAction":[{"@type":"SearchAction","target":{"@type":"EntryPoint","urlTemplate":"https:\/\/shopatoa.com\/cz\/?s={search_term_string}"},"query-input":{"@type":"PropertyValueSpecification","valueRequired":true,"valueName":"search_term_string"}}],"inLanguage":"cs"},{"@type":"Organization","@id":"https:\/\/shopatoa.com\/cz\/#organization","name":"SHOPATOA Digital s.r.o.","url":"https:\/\/shopatoa.com\/cz\/","logo":{"@type":"ImageObject","inLanguage":"cs","@id":"https:\/\/shopatoa.com\/cz\/#\/schema\/logo\/image\/","url":"https:\/\/storage.googleapis.com\/cz-shopatoa-img\/cz\/ebccf434-shopatoa_logo.png","contentUrl":"https:\/\/storage.googleapis.com\/cz-shopatoa-img\/cz\/ebccf434-shopatoa_logo.png","width":416,"height":63,"caption":"SHOPATOA Digital s.r.o."},"image":{"@id":"https:\/\/shopatoa.com\/cz\/#\/schema\/logo\/image\/"}}]}},"_links":{"self":[{"href":"https:\/\/shopatoa.com\/cz\/wp-json\/wp\/v2\/product\/256196","targetHints":{"allow":["GET"]}}],"collection":[{"href":"https:\/\/shopatoa.com\/cz\/wp-json\/wp\/v2\/product"}],"about":[{"href":"https:\/\/shopatoa.com\/cz\/wp-json\/wp\/v2\/types\/product"}],"replies":[{"embeddable":true,"href":"https:\/\/shopatoa.com\/cz\/wp-json\/wp\/v2\/comments?post=256196"}],"wp:featuredmedia":[{"embeddable":true,"href":"https:\/\/shopatoa.com\/cz\/wp-json\/wp\/v2\/media\/256197"}],"wp:attachment":[{"href":"https:\/\/shopatoa.com\/cz\/wp-json\/wp\/v2\/media?parent=256196"}],"wp:term":[{"taxonomy":"product_brand","embeddable":true,"href":"https:\/\/shopatoa.com\/cz\/wp-json\/wp\/v2\/product_brand?post=256196"},{"taxonomy":"product_cat","embeddable":true,"href":"https:\/\/shopatoa.com\/cz\/wp-json\/wp\/v2\/product_cat?post=256196"},{"taxonomy":"product_tag","embeddable":true,"href":"https:\/\/shopatoa.com\/cz\/wp-json\/wp\/v2\/product_tag?post=256196"}],"curies":[{"name":"wp","href":"https:\/\/api.w.org\/{rel}","templated":true}]}}