{"id":256202,"date":"2025-04-04T02:25:56","date_gmt":"2025-04-04T00:25:56","guid":{"rendered":"https:\/\/shopatoa.com\/cz\/?post_type=product&#038;p=256202"},"modified":"2026-02-01T04:07:49","modified_gmt":"2026-02-01T03:07:49","slug":"canvit-barf-green-lipped-mussel-180g","status":"publish","type":"product","link":"https:\/\/shopatoa.com\/cz\/canvit-barf-green-lipped-mussel-180g\/","title":{"rendered":"Canvit BARF Green-lipped Mussel 180g"},"content":{"rendered":"<p>Novoz\u00e9landsk\u00e1 sl\u00e1vka zeleno\u00fast\u00e1 je bohat\u00fdm zdrojem kloubn\u00ed v\u00fd\u017eivy ve form\u011b glucosaminglykan\u016f (glukosamin a chondroitin) a nenasycen\u00fdch mastn\u00fdch kyselin v\u00a0p\u0159irozen\u00e9 podob\u011b pro spr\u00e1vnou funkci kloub\u016f.<\/p>\n<p>Z\u00e1kladn\u00edmi stavebn\u00edmi kameny chrupavky a kloubn\u00edch struktur jsou komplexn\u00ed glukosaminglycany (glukosamin, chondroitin), kter\u00e9 jsou ve velk\u00e9 m\u00ed\u0159e zastoupen\u00e9 ve st\u011bn\u011b Novoz\u00e9landsk\u00e9 sl\u00e1vky zeleno\u00fast\u00e9. Glukosaminglycany v\u00a0p\u0159irozen\u00e9 form\u011b vykazuj\u00ed vysokou biologickou dostupnost a \u00fa\u010dinnost v\u00a0kloubech v\u00a0porovn\u00e1n\u00ed s\u00a0\u010distou formou glukosaminu a chondroitinu.\u00a0<\/p>\n<p>Indikace:<\/p>\n<p>\tDopln\u011bk terapie onemocn\u011bn\u00ed kloub\u016f (osteoartritis, dysplazie)<br \/>\n\tPodpora regenerace a ochrana kloub\u016f u sportovn\u00edch a pracovn\u00edch ps\u016f<br \/>\n\tZpomalen\u00ed opot\u0159eben\u00ed a ochrana kloub\u016f u st\u00e1rnouc\u00edch a ob\u00e9zn\u00edch ps\u016f<br \/>\n\tPodpora rekonvalescence po operac\u00edch pohybov\u00e9ho apar\u00e1tu ps\u016f<\/p>\n<p>D\u00e1vka:<\/p>\n<p>na 10 kg psa: \u00bc l\u017ei\u010dky denn\u011b<\/p>\n<p>Balen\u00ed:<\/p>\n<p>180 g pro psa do 10 kg vydr\u017e\u00ed po dobu 4 m\u011bs\u00edc\u016f<\/p>\n","protected":false},"excerpt":{"rendered":"<p>Novoz\u00e9landsk\u00e1 sl\u00e1vka zeleno\u00fast\u00e1 je bohat\u00fdm zdrojem kloubn\u00ed v\u00fd\u017eivy ve form\u011b glucosaminglykan\u016f (glukosamin a chondroitin) a nenasycen\u00fdch mastn\u00fdch kyselin v\u00a0p\u0159irozen\u00e9 podob\u011b pro spr\u00e1vnou funkci kloub\u016f. Z\u00e1kladn\u00edmi stavebn\u00edmi kameny chrupavky a kloubn\u00edch struktur jsou komplexn\u00ed glukosaminglycany (glukosamin, chondroitin), kter\u00e9 jsou ve velk\u00e9 m\u00ed\u0159e zastoupen\u00e9 ve st\u011bn\u011b Novoz\u00e9landsk\u00e9 sl\u00e1vky zeleno\u00fast\u00e9. Glukosaminglycany v\u00a0p\u0159irozen\u00e9 form\u011b vykazuj\u00ed vysokou biologickou dostupnost a&#8230;<\/p>\n","protected":false},"featured_media":256203,"comment_status":"closed","ping_status":"open","template":"","meta":{"_acf_changed":false,"_kadence_starter_templates_imported_post":false,"_kad_post_transparent":"","_kad_post_title":"","_kad_post_layout":"","_kad_post_sidebar_id":"","_kad_post_content_style":"","_kad_post_vertical_padding":"","_kad_post_feature":"","_kad_post_feature_position":"","_kad_post_header":false,"_kad_post_footer":false,"_kad_post_classname":""},"product_brand":[632],"product_cat":[436,2568,2576,739],"product_tag":[],"class_list":{"0":"post-256202","1":"product","2":"type-product","3":"status-publish","4":"has-post-thumbnail","6":"product_brand-canvit","7":"product_cat-chovatelske-potreby-2","8":"product_cat-krmivo-pro-psy-pro-psy-chovatelske-potreby-2","9":"product_cat-pamlsky-pro-psy","10":"product_cat-pro-psy-chovatelske-potreby-2","11":"pa_obchod-superzoo-cz","13":"first","14":"instock","15":"product-type-external","16":"entry","17":"content-bg","18":"loop-entry"},"acf":[],"yoast_head":"<!-- This site is optimized with the Yoast SEO plugin v27.4 - https:\/\/yoast.com\/product\/yoast-seo-wordpress\/ -->\n<title>Canvit BARF Green-lipped Mussel 180g - SHOPATOA.COM<\/title>\n<meta name=\"robots\" content=\"index, follow, max-snippet:-1, max-image-preview:large, max-video-preview:-1\" \/>\n<link rel=\"canonical\" href=\"https:\/\/shopatoa.com\/cz\/canvit-barf-green-lipped-mussel-180g\/\" \/>\n<meta property=\"og:locale\" content=\"cs_CZ\" \/>\n<meta property=\"og:type\" content=\"article\" \/>\n<meta property=\"og:title\" content=\"Canvit BARF Green-lipped Mussel 180g - SHOPATOA.COM\" \/>\n<meta property=\"og:description\" content=\"Novoz\u00e9landsk\u00e1 sl\u00e1vka zeleno\u00fast\u00e1 je bohat\u00fdm zdrojem kloubn\u00ed v\u00fd\u017eivy ve form\u011b glucosaminglykan\u016f (glukosamin a chondroitin) a nenasycen\u00fdch mastn\u00fdch kyselin v\u00a0p\u0159irozen\u00e9 podob\u011b pro spr\u00e1vnou funkci kloub\u016f. Z\u00e1kladn\u00edmi stavebn\u00edmi kameny chrupavky a kloubn\u00edch struktur jsou komplexn\u00ed glukosaminglycany (glukosamin, chondroitin), kter\u00e9 jsou ve velk\u00e9 m\u00ed\u0159e zastoupen\u00e9 ve st\u011bn\u011b Novoz\u00e9landsk\u00e9 sl\u00e1vky zeleno\u00fast\u00e9. Glukosaminglycany v\u00a0p\u0159irozen\u00e9 form\u011b vykazuj\u00ed vysokou biologickou dostupnost a...\" \/>\n<meta property=\"og:url\" content=\"https:\/\/shopatoa.com\/cz\/canvit-barf-green-lipped-mussel-180g\/\" \/>\n<meta property=\"og:site_name\" content=\"SHOPATOA\" \/>\n<meta property=\"article:modified_time\" content=\"2026-02-01T03:07:49+00:00\" \/>\n<meta property=\"og:image\" content=\"https:\/\/storage.googleapis.com\/cz-shopatoa-img\/cz\/d7e88880-1_53052.jpg\" \/>\n\t<meta property=\"og:image:width\" content=\"600\" \/>\n\t<meta property=\"og:image:height\" content=\"600\" \/>\n\t<meta property=\"og:image:type\" content=\"image\/jpeg\" \/>\n<meta name=\"twitter:card\" content=\"summary_large_image\" \/>\n<meta name=\"twitter:label1\" content=\"Odhadovan\u00e1 doba \u010dten\u00ed\" \/>\n\t<meta name=\"twitter:data1\" content=\"1 minuta\" \/>\n<script type=\"application\/ld+json\" class=\"yoast-schema-graph\">{\"@context\":\"https:\\\/\\\/schema.org\",\"@graph\":[{\"@type\":\"WebPage\",\"@id\":\"https:\\\/\\\/shopatoa.com\\\/cz\\\/canvit-barf-green-lipped-mussel-180g\\\/\",\"url\":\"https:\\\/\\\/shopatoa.com\\\/cz\\\/canvit-barf-green-lipped-mussel-180g\\\/\",\"name\":\"Canvit BARF Green-lipped Mussel 180g - SHOPATOA.COM\",\"isPartOf\":{\"@id\":\"https:\\\/\\\/shopatoa.com\\\/cz\\\/#website\"},\"primaryImageOfPage\":{\"@id\":\"https:\\\/\\\/shopatoa.com\\\/cz\\\/canvit-barf-green-lipped-mussel-180g\\\/#primaryimage\"},\"image\":{\"@id\":\"https:\\\/\\\/shopatoa.com\\\/cz\\\/canvit-barf-green-lipped-mussel-180g\\\/#primaryimage\"},\"thumbnailUrl\":\"https:\\\/\\\/storage.googleapis.com\\\/cz-shopatoa-img\\\/cz\\\/d7e88880-1_53052.jpg\",\"datePublished\":\"2025-04-04T00:25:56+00:00\",\"dateModified\":\"2026-02-01T03:07:49+00:00\",\"breadcrumb\":{\"@id\":\"https:\\\/\\\/shopatoa.com\\\/cz\\\/canvit-barf-green-lipped-mussel-180g\\\/#breadcrumb\"},\"inLanguage\":\"cs\",\"potentialAction\":[{\"@type\":\"ReadAction\",\"target\":[\"https:\\\/\\\/shopatoa.com\\\/cz\\\/canvit-barf-green-lipped-mussel-180g\\\/\"]}]},{\"@type\":\"ImageObject\",\"inLanguage\":\"cs\",\"@id\":\"https:\\\/\\\/shopatoa.com\\\/cz\\\/canvit-barf-green-lipped-mussel-180g\\\/#primaryimage\",\"url\":\"https:\\\/\\\/storage.googleapis.com\\\/cz-shopatoa-img\\\/cz\\\/d7e88880-1_53052.jpg\",\"contentUrl\":\"https:\\\/\\\/storage.googleapis.com\\\/cz-shopatoa-img\\\/cz\\\/d7e88880-1_53052.jpg\",\"width\":600,\"height\":600},{\"@type\":\"BreadcrumbList\",\"@id\":\"https:\\\/\\\/shopatoa.com\\\/cz\\\/canvit-barf-green-lipped-mussel-180g\\\/#breadcrumb\",\"itemListElement\":[{\"@type\":\"ListItem\",\"position\":1,\"name\":\"Dom\u016f\",\"item\":\"https:\\\/\\\/shopatoa.com\\\/cz\\\/\"},{\"@type\":\"ListItem\",\"position\":2,\"name\":\"Produkty\",\"item\":\"https:\\\/\\\/shopatoa.com\\\/cz\\\/shop\\\/\"},{\"@type\":\"ListItem\",\"position\":3,\"name\":\"Chovatelsk\u00e9 pot\u0159eby\",\"item\":\"https:\\\/\\\/shopatoa.com\\\/cz\\\/chovatelske-potreby-2\\\/\"},{\"@type\":\"ListItem\",\"position\":4,\"name\":\"Pro psy\",\"item\":\"https:\\\/\\\/shopatoa.com\\\/cz\\\/pro-psy-chovatelske-potreby-2\\\/\"},{\"@type\":\"ListItem\",\"position\":5,\"name\":\"Krmivo pro psy\",\"item\":\"https:\\\/\\\/shopatoa.com\\\/cz\\\/krmivo-pro-psy-pro-psy-chovatelske-potreby-2\\\/\"},{\"@type\":\"ListItem\",\"position\":6,\"name\":\"Pamlsky pro psy\",\"item\":\"https:\\\/\\\/shopatoa.com\\\/cz\\\/pamlsky-pro-psy\\\/\"},{\"@type\":\"ListItem\",\"position\":7,\"name\":\"Canvit BARF Green-lipped Mussel 180g\"}]},{\"@type\":\"WebSite\",\"@id\":\"https:\\\/\\\/shopatoa.com\\\/cz\\\/#website\",\"url\":\"https:\\\/\\\/shopatoa.com\\\/cz\\\/\",\"name\":\"SHOPATOA\",\"description\":\"\",\"publisher\":{\"@id\":\"https:\\\/\\\/shopatoa.com\\\/cz\\\/#organization\"},\"potentialAction\":[{\"@type\":\"SearchAction\",\"target\":{\"@type\":\"EntryPoint\",\"urlTemplate\":\"https:\\\/\\\/shopatoa.com\\\/cz\\\/?s={search_term_string}\"},\"query-input\":{\"@type\":\"PropertyValueSpecification\",\"valueRequired\":true,\"valueName\":\"search_term_string\"}}],\"inLanguage\":\"cs\"},{\"@type\":\"Organization\",\"@id\":\"https:\\\/\\\/shopatoa.com\\\/cz\\\/#organization\",\"name\":\"SHOPATOA Digital s.r.o.\",\"url\":\"https:\\\/\\\/shopatoa.com\\\/cz\\\/\",\"logo\":{\"@type\":\"ImageObject\",\"inLanguage\":\"cs\",\"@id\":\"https:\\\/\\\/shopatoa.com\\\/cz\\\/#\\\/schema\\\/logo\\\/image\\\/\",\"url\":\"https:\\\/\\\/storage.googleapis.com\\\/cz-shopatoa-img\\\/cz\\\/ebccf434-shopatoa_logo.png\",\"contentUrl\":\"https:\\\/\\\/storage.googleapis.com\\\/cz-shopatoa-img\\\/cz\\\/ebccf434-shopatoa_logo.png\",\"width\":416,\"height\":63,\"caption\":\"SHOPATOA Digital s.r.o.\"},\"image\":{\"@id\":\"https:\\\/\\\/shopatoa.com\\\/cz\\\/#\\\/schema\\\/logo\\\/image\\\/\"}}]}<\/script>\n<!-- \/ Yoast SEO plugin. -->","yoast_head_json":{"title":"Canvit BARF Green-lipped Mussel 180g - SHOPATOA.COM","robots":{"index":"index","follow":"follow","max-snippet":"max-snippet:-1","max-image-preview":"max-image-preview:large","max-video-preview":"max-video-preview:-1"},"canonical":"https:\/\/shopatoa.com\/cz\/canvit-barf-green-lipped-mussel-180g\/","og_locale":"cs_CZ","og_type":"article","og_title":"Canvit BARF Green-lipped Mussel 180g - SHOPATOA.COM","og_description":"Novoz\u00e9landsk\u00e1 sl\u00e1vka zeleno\u00fast\u00e1 je bohat\u00fdm zdrojem kloubn\u00ed v\u00fd\u017eivy ve form\u011b glucosaminglykan\u016f (glukosamin a chondroitin) a nenasycen\u00fdch mastn\u00fdch kyselin v\u00a0p\u0159irozen\u00e9 podob\u011b pro spr\u00e1vnou funkci kloub\u016f. Z\u00e1kladn\u00edmi stavebn\u00edmi kameny chrupavky a kloubn\u00edch struktur jsou komplexn\u00ed glukosaminglycany (glukosamin, chondroitin), kter\u00e9 jsou ve velk\u00e9 m\u00ed\u0159e zastoupen\u00e9 ve st\u011bn\u011b Novoz\u00e9landsk\u00e9 sl\u00e1vky zeleno\u00fast\u00e9. Glukosaminglycany v\u00a0p\u0159irozen\u00e9 form\u011b vykazuj\u00ed vysokou biologickou dostupnost a...","og_url":"https:\/\/shopatoa.com\/cz\/canvit-barf-green-lipped-mussel-180g\/","og_site_name":"SHOPATOA","article_modified_time":"2026-02-01T03:07:49+00:00","og_image":[{"width":600,"height":600,"url":"https:\/\/storage.googleapis.com\/cz-shopatoa-img\/cz\/d7e88880-1_53052.jpg","type":"image\/jpeg"}],"twitter_card":"summary_large_image","twitter_misc":{"Odhadovan\u00e1 doba \u010dten\u00ed":"1 minuta"},"schema":{"@context":"https:\/\/schema.org","@graph":[{"@type":"WebPage","@id":"https:\/\/shopatoa.com\/cz\/canvit-barf-green-lipped-mussel-180g\/","url":"https:\/\/shopatoa.com\/cz\/canvit-barf-green-lipped-mussel-180g\/","name":"Canvit BARF Green-lipped Mussel 180g - SHOPATOA.COM","isPartOf":{"@id":"https:\/\/shopatoa.com\/cz\/#website"},"primaryImageOfPage":{"@id":"https:\/\/shopatoa.com\/cz\/canvit-barf-green-lipped-mussel-180g\/#primaryimage"},"image":{"@id":"https:\/\/shopatoa.com\/cz\/canvit-barf-green-lipped-mussel-180g\/#primaryimage"},"thumbnailUrl":"https:\/\/storage.googleapis.com\/cz-shopatoa-img\/cz\/d7e88880-1_53052.jpg","datePublished":"2025-04-04T00:25:56+00:00","dateModified":"2026-02-01T03:07:49+00:00","breadcrumb":{"@id":"https:\/\/shopatoa.com\/cz\/canvit-barf-green-lipped-mussel-180g\/#breadcrumb"},"inLanguage":"cs","potentialAction":[{"@type":"ReadAction","target":["https:\/\/shopatoa.com\/cz\/canvit-barf-green-lipped-mussel-180g\/"]}]},{"@type":"ImageObject","inLanguage":"cs","@id":"https:\/\/shopatoa.com\/cz\/canvit-barf-green-lipped-mussel-180g\/#primaryimage","url":"https:\/\/storage.googleapis.com\/cz-shopatoa-img\/cz\/d7e88880-1_53052.jpg","contentUrl":"https:\/\/storage.googleapis.com\/cz-shopatoa-img\/cz\/d7e88880-1_53052.jpg","width":600,"height":600},{"@type":"BreadcrumbList","@id":"https:\/\/shopatoa.com\/cz\/canvit-barf-green-lipped-mussel-180g\/#breadcrumb","itemListElement":[{"@type":"ListItem","position":1,"name":"Dom\u016f","item":"https:\/\/shopatoa.com\/cz\/"},{"@type":"ListItem","position":2,"name":"Produkty","item":"https:\/\/shopatoa.com\/cz\/shop\/"},{"@type":"ListItem","position":3,"name":"Chovatelsk\u00e9 pot\u0159eby","item":"https:\/\/shopatoa.com\/cz\/chovatelske-potreby-2\/"},{"@type":"ListItem","position":4,"name":"Pro psy","item":"https:\/\/shopatoa.com\/cz\/pro-psy-chovatelske-potreby-2\/"},{"@type":"ListItem","position":5,"name":"Krmivo pro psy","item":"https:\/\/shopatoa.com\/cz\/krmivo-pro-psy-pro-psy-chovatelske-potreby-2\/"},{"@type":"ListItem","position":6,"name":"Pamlsky pro psy","item":"https:\/\/shopatoa.com\/cz\/pamlsky-pro-psy\/"},{"@type":"ListItem","position":7,"name":"Canvit BARF Green-lipped Mussel 180g"}]},{"@type":"WebSite","@id":"https:\/\/shopatoa.com\/cz\/#website","url":"https:\/\/shopatoa.com\/cz\/","name":"SHOPATOA","description":"","publisher":{"@id":"https:\/\/shopatoa.com\/cz\/#organization"},"potentialAction":[{"@type":"SearchAction","target":{"@type":"EntryPoint","urlTemplate":"https:\/\/shopatoa.com\/cz\/?s={search_term_string}"},"query-input":{"@type":"PropertyValueSpecification","valueRequired":true,"valueName":"search_term_string"}}],"inLanguage":"cs"},{"@type":"Organization","@id":"https:\/\/shopatoa.com\/cz\/#organization","name":"SHOPATOA Digital s.r.o.","url":"https:\/\/shopatoa.com\/cz\/","logo":{"@type":"ImageObject","inLanguage":"cs","@id":"https:\/\/shopatoa.com\/cz\/#\/schema\/logo\/image\/","url":"https:\/\/storage.googleapis.com\/cz-shopatoa-img\/cz\/ebccf434-shopatoa_logo.png","contentUrl":"https:\/\/storage.googleapis.com\/cz-shopatoa-img\/cz\/ebccf434-shopatoa_logo.png","width":416,"height":63,"caption":"SHOPATOA Digital s.r.o."},"image":{"@id":"https:\/\/shopatoa.com\/cz\/#\/schema\/logo\/image\/"}}]}},"_links":{"self":[{"href":"https:\/\/shopatoa.com\/cz\/wp-json\/wp\/v2\/product\/256202","targetHints":{"allow":["GET"]}}],"collection":[{"href":"https:\/\/shopatoa.com\/cz\/wp-json\/wp\/v2\/product"}],"about":[{"href":"https:\/\/shopatoa.com\/cz\/wp-json\/wp\/v2\/types\/product"}],"replies":[{"embeddable":true,"href":"https:\/\/shopatoa.com\/cz\/wp-json\/wp\/v2\/comments?post=256202"}],"wp:featuredmedia":[{"embeddable":true,"href":"https:\/\/shopatoa.com\/cz\/wp-json\/wp\/v2\/media\/256203"}],"wp:attachment":[{"href":"https:\/\/shopatoa.com\/cz\/wp-json\/wp\/v2\/media?parent=256202"}],"wp:term":[{"taxonomy":"product_brand","embeddable":true,"href":"https:\/\/shopatoa.com\/cz\/wp-json\/wp\/v2\/product_brand?post=256202"},{"taxonomy":"product_cat","embeddable":true,"href":"https:\/\/shopatoa.com\/cz\/wp-json\/wp\/v2\/product_cat?post=256202"},{"taxonomy":"product_tag","embeddable":true,"href":"https:\/\/shopatoa.com\/cz\/wp-json\/wp\/v2\/product_tag?post=256202"}],"curies":[{"name":"wp","href":"https:\/\/api.w.org\/{rel}","templated":true}]}}