{"id":256214,"date":"2025-04-04T02:26:48","date_gmt":"2025-04-04T00:26:48","guid":{"rendered":"https:\/\/shopatoa.com\/cz\/?post_type=product&#038;p=256214"},"modified":"2026-02-01T16:48:20","modified_gmt":"2026-02-01T15:48:20","slug":"pasta-pro-kotata-beaphar-100g","status":"publish","type":"product","link":"https:\/\/shopatoa.com\/cz\/pasta-pro-kotata-beaphar-100g\/","title":{"rendered":"Pasta pro ko\u0165ata Beaphar 100g"},"content":{"rendered":"<p>Pochoutka, kter\u00e1 kot\u011bti nejen chutn\u00e1, ale tak\u00e9 mu dod\u00e1 cenn\u00e9 \u017eiviny. Pasta Beaphar pro ko\u0165ata je\u00a0ide\u00e1ln\u00ed jako dopl\u0148kov\u00e9 krmivo a velmi snadno se pod\u00e1v\u00e1\u00a0&#8211; p\u0159\u00edmo z tuby nebo jako chutn\u00e1 poleva na granule \u010di konzervu.<\/p>\n<p>P\u0159\u00edsadami je ku\u0159ec\u00ed, kr\u016ft\u00ed a kachn\u00ed, kter\u00e9 jsou nejen velmi chutn\u00e9, ale jsou tak\u00e9 velmi dob\u0159e straviteln\u00e9 pro ko\u010dky s citliv\u00fdm \u017ealudkem. V\u0161echny t\u0159i druhy masa jsou nav\u00edc vynikaj\u00edc\u00edm p\u0159\u00edrodn\u00edm zdrojem b\u00edlkovin!<\/p>\n<p>\tObsahuje v\u0161echny vitam\u00edny, kter\u00e9 rostouc\u00ed kot\u011b pot\u0159ebuje, aby se z\u00a0n\u011bj stala zdrav\u00e1 ko\u010dka nebo kocour.<br \/>\n\tSou\u010d\u00e1st\u00ed slo\u017een\u00ed je i ml\u00e9\u010dn\u00fd v\u00e1pn\u00edk a v\u0161echny miner\u00e1ly, pot\u0159ebn\u00e9 ke spr\u00e1vn\u00e9mu a zdrav\u00e9mu v\u00fdvoji siln\u00fdch kost\u00ed a zub\u016f.<br \/>\n\tVysoce kvalitn\u00ed pasta pro ko\u010dky.<br \/>\n\tVelmi chutn\u00e1: ide\u00e1ln\u00ed jako mal\u00e1 sva\u010dinka mezi j\u00eddly.<br \/>\n\tP\u0159idan\u00e1 DHA m\u00e1 p\u0159\u00edzniv\u00fd vliv na srde\u010dn\u00ed syst\u00e9m, zrak a kognitivn\u00ed syst\u00e9m.<\/p>\n<p>Slo\u017een\u00ed<br \/>\nOleje a tuky, ml\u00e9ko a ml\u00e9\u010dn\u00e9 v\u00fdrobky, miner\u00e1ly, kvasnice, deriv\u00e1ty rostlinn\u00e9ho p\u016fvodu, obiloviny, maso a v\u00fdrobky \u017eivo\u010di\u0161n\u00e9ho p\u016fvodu, r\u016fzn\u00e9 cukry.<\/p>\n<p>Doporu\u010den\u00e9&#8230;<\/p>\n","protected":false},"excerpt":{"rendered":"<p>Pochoutka, kter\u00e1 kot\u011bti nejen chutn\u00e1, ale tak\u00e9 mu dod\u00e1 cenn\u00e9 \u017eiviny. Pasta Beaphar pro ko\u0165ata je\u00a0ide\u00e1ln\u00ed jako dopl\u0148kov\u00e9 krmivo a velmi snadno se pod\u00e1v\u00e1\u00a0&#8211; p\u0159\u00edmo z tuby nebo jako chutn\u00e1 poleva na granule \u010di konzervu. P\u0159\u00edsadami je ku\u0159ec\u00ed, kr\u016ft\u00ed a kachn\u00ed, kter\u00e9 jsou nejen velmi chutn\u00e9, ale jsou tak\u00e9 velmi dob\u0159e straviteln\u00e9 pro ko\u010dky s&#8230;<\/p>\n","protected":false},"featured_media":256215,"comment_status":"closed","ping_status":"open","template":"","meta":{"_acf_changed":false,"_kadence_starter_templates_imported_post":false,"_kad_post_transparent":"","_kad_post_title":"","_kad_post_layout":"","_kad_post_sidebar_id":"","_kad_post_content_style":"","_kad_post_vertical_padding":"","_kad_post_feature":"","_kad_post_feature_position":"","_kad_post_header":false,"_kad_post_footer":false,"_kad_post_classname":""},"product_brand":[2037],"product_cat":[436,1465,2581,1464],"product_tag":[],"class_list":{"0":"post-256214","1":"product","2":"type-product","3":"status-publish","4":"has-post-thumbnail","6":"product_brand-beaphar","7":"product_cat-chovatelske-potreby-2","8":"product_cat-krmivo-pro-kocky-pro-kocky-chovatelske-potreby-2","9":"product_cat-pamlsky-pro-kocky","10":"product_cat-pro-kocky-chovatelske-potreby-2","11":"pa_obchod-superzoo-cz","13":"first","14":"instock","15":"product-type-external","16":"entry","17":"content-bg","18":"loop-entry"},"acf":[],"yoast_head":"<!-- This site is optimized with the Yoast SEO plugin v27.4 - https:\/\/yoast.com\/product\/yoast-seo-wordpress\/ -->\n<title>Pasta pro ko\u0165ata Beaphar 100g - SHOPATOA.COM<\/title>\n<meta name=\"robots\" content=\"index, follow, max-snippet:-1, max-image-preview:large, max-video-preview:-1\" \/>\n<link rel=\"canonical\" href=\"https:\/\/shopatoa.com\/cz\/pasta-pro-kotata-beaphar-100g\/\" \/>\n<meta property=\"og:locale\" content=\"cs_CZ\" \/>\n<meta property=\"og:type\" content=\"article\" \/>\n<meta property=\"og:title\" content=\"Pasta pro ko\u0165ata Beaphar 100g - SHOPATOA.COM\" \/>\n<meta property=\"og:description\" content=\"Pochoutka, kter\u00e1 kot\u011bti nejen chutn\u00e1, ale tak\u00e9 mu dod\u00e1 cenn\u00e9 \u017eiviny. Pasta Beaphar pro ko\u0165ata je\u00a0ide\u00e1ln\u00ed jako dopl\u0148kov\u00e9 krmivo a velmi snadno se pod\u00e1v\u00e1\u00a0&#8211; p\u0159\u00edmo z tuby nebo jako chutn\u00e1 poleva na granule \u010di konzervu. P\u0159\u00edsadami je ku\u0159ec\u00ed, kr\u016ft\u00ed a kachn\u00ed, kter\u00e9 jsou nejen velmi chutn\u00e9, ale jsou tak\u00e9 velmi dob\u0159e straviteln\u00e9 pro ko\u010dky s...\" \/>\n<meta property=\"og:url\" content=\"https:\/\/shopatoa.com\/cz\/pasta-pro-kotata-beaphar-100g\/\" \/>\n<meta property=\"og:site_name\" content=\"SHOPATOA\" \/>\n<meta property=\"article:modified_time\" content=\"2026-02-01T15:48:20+00:00\" \/>\n<meta property=\"og:image\" content=\"https:\/\/storage.googleapis.com\/cz-shopatoa-img\/cz\/a73284fa-1_92840.jpg\" \/>\n\t<meta property=\"og:image:width\" content=\"600\" \/>\n\t<meta property=\"og:image:height\" content=\"600\" \/>\n\t<meta property=\"og:image:type\" content=\"image\/jpeg\" \/>\n<meta name=\"twitter:card\" content=\"summary_large_image\" \/>\n<meta name=\"twitter:label1\" content=\"Odhadovan\u00e1 doba \u010dten\u00ed\" \/>\n\t<meta name=\"twitter:data1\" content=\"1 minuta\" \/>\n<script type=\"application\/ld+json\" class=\"yoast-schema-graph\">{\"@context\":\"https:\\\/\\\/schema.org\",\"@graph\":[{\"@type\":\"WebPage\",\"@id\":\"https:\\\/\\\/shopatoa.com\\\/cz\\\/pasta-pro-kotata-beaphar-100g\\\/\",\"url\":\"https:\\\/\\\/shopatoa.com\\\/cz\\\/pasta-pro-kotata-beaphar-100g\\\/\",\"name\":\"Pasta pro ko\u0165ata Beaphar 100g - SHOPATOA.COM\",\"isPartOf\":{\"@id\":\"https:\\\/\\\/shopatoa.com\\\/cz\\\/#website\"},\"primaryImageOfPage\":{\"@id\":\"https:\\\/\\\/shopatoa.com\\\/cz\\\/pasta-pro-kotata-beaphar-100g\\\/#primaryimage\"},\"image\":{\"@id\":\"https:\\\/\\\/shopatoa.com\\\/cz\\\/pasta-pro-kotata-beaphar-100g\\\/#primaryimage\"},\"thumbnailUrl\":\"https:\\\/\\\/storage.googleapis.com\\\/cz-shopatoa-img\\\/cz\\\/a73284fa-1_92840.jpg\",\"datePublished\":\"2025-04-04T00:26:48+00:00\",\"dateModified\":\"2026-02-01T15:48:20+00:00\",\"breadcrumb\":{\"@id\":\"https:\\\/\\\/shopatoa.com\\\/cz\\\/pasta-pro-kotata-beaphar-100g\\\/#breadcrumb\"},\"inLanguage\":\"cs\",\"potentialAction\":[{\"@type\":\"ReadAction\",\"target\":[\"https:\\\/\\\/shopatoa.com\\\/cz\\\/pasta-pro-kotata-beaphar-100g\\\/\"]}]},{\"@type\":\"ImageObject\",\"inLanguage\":\"cs\",\"@id\":\"https:\\\/\\\/shopatoa.com\\\/cz\\\/pasta-pro-kotata-beaphar-100g\\\/#primaryimage\",\"url\":\"https:\\\/\\\/storage.googleapis.com\\\/cz-shopatoa-img\\\/cz\\\/a73284fa-1_92840.jpg\",\"contentUrl\":\"https:\\\/\\\/storage.googleapis.com\\\/cz-shopatoa-img\\\/cz\\\/a73284fa-1_92840.jpg\",\"width\":600,\"height\":600},{\"@type\":\"BreadcrumbList\",\"@id\":\"https:\\\/\\\/shopatoa.com\\\/cz\\\/pasta-pro-kotata-beaphar-100g\\\/#breadcrumb\",\"itemListElement\":[{\"@type\":\"ListItem\",\"position\":1,\"name\":\"Dom\u016f\",\"item\":\"https:\\\/\\\/shopatoa.com\\\/cz\\\/\"},{\"@type\":\"ListItem\",\"position\":2,\"name\":\"Produkty\",\"item\":\"https:\\\/\\\/shopatoa.com\\\/cz\\\/shop\\\/\"},{\"@type\":\"ListItem\",\"position\":3,\"name\":\"Chovatelsk\u00e9 pot\u0159eby\",\"item\":\"https:\\\/\\\/shopatoa.com\\\/cz\\\/chovatelske-potreby-2\\\/\"},{\"@type\":\"ListItem\",\"position\":4,\"name\":\"Pro ko\u010dky\",\"item\":\"https:\\\/\\\/shopatoa.com\\\/cz\\\/pro-kocky-chovatelske-potreby-2\\\/\"},{\"@type\":\"ListItem\",\"position\":5,\"name\":\"Krmivo pro ko\u010dky\",\"item\":\"https:\\\/\\\/shopatoa.com\\\/cz\\\/krmivo-pro-kocky-pro-kocky-chovatelske-potreby-2\\\/\"},{\"@type\":\"ListItem\",\"position\":6,\"name\":\"Pamlsky pro ko\u010dky\",\"item\":\"https:\\\/\\\/shopatoa.com\\\/cz\\\/pamlsky-pro-kocky\\\/\"},{\"@type\":\"ListItem\",\"position\":7,\"name\":\"Pasta pro ko\u0165ata Beaphar 100g\"}]},{\"@type\":\"WebSite\",\"@id\":\"https:\\\/\\\/shopatoa.com\\\/cz\\\/#website\",\"url\":\"https:\\\/\\\/shopatoa.com\\\/cz\\\/\",\"name\":\"SHOPATOA\",\"description\":\"\",\"publisher\":{\"@id\":\"https:\\\/\\\/shopatoa.com\\\/cz\\\/#organization\"},\"potentialAction\":[{\"@type\":\"SearchAction\",\"target\":{\"@type\":\"EntryPoint\",\"urlTemplate\":\"https:\\\/\\\/shopatoa.com\\\/cz\\\/?s={search_term_string}\"},\"query-input\":{\"@type\":\"PropertyValueSpecification\",\"valueRequired\":true,\"valueName\":\"search_term_string\"}}],\"inLanguage\":\"cs\"},{\"@type\":\"Organization\",\"@id\":\"https:\\\/\\\/shopatoa.com\\\/cz\\\/#organization\",\"name\":\"SHOPATOA Digital s.r.o.\",\"url\":\"https:\\\/\\\/shopatoa.com\\\/cz\\\/\",\"logo\":{\"@type\":\"ImageObject\",\"inLanguage\":\"cs\",\"@id\":\"https:\\\/\\\/shopatoa.com\\\/cz\\\/#\\\/schema\\\/logo\\\/image\\\/\",\"url\":\"https:\\\/\\\/storage.googleapis.com\\\/cz-shopatoa-img\\\/cz\\\/ebccf434-shopatoa_logo.png\",\"contentUrl\":\"https:\\\/\\\/storage.googleapis.com\\\/cz-shopatoa-img\\\/cz\\\/ebccf434-shopatoa_logo.png\",\"width\":416,\"height\":63,\"caption\":\"SHOPATOA Digital s.r.o.\"},\"image\":{\"@id\":\"https:\\\/\\\/shopatoa.com\\\/cz\\\/#\\\/schema\\\/logo\\\/image\\\/\"}}]}<\/script>\n<!-- \/ Yoast SEO plugin. -->","yoast_head_json":{"title":"Pasta pro ko\u0165ata Beaphar 100g - SHOPATOA.COM","robots":{"index":"index","follow":"follow","max-snippet":"max-snippet:-1","max-image-preview":"max-image-preview:large","max-video-preview":"max-video-preview:-1"},"canonical":"https:\/\/shopatoa.com\/cz\/pasta-pro-kotata-beaphar-100g\/","og_locale":"cs_CZ","og_type":"article","og_title":"Pasta pro ko\u0165ata Beaphar 100g - SHOPATOA.COM","og_description":"Pochoutka, kter\u00e1 kot\u011bti nejen chutn\u00e1, ale tak\u00e9 mu dod\u00e1 cenn\u00e9 \u017eiviny. Pasta Beaphar pro ko\u0165ata je\u00a0ide\u00e1ln\u00ed jako dopl\u0148kov\u00e9 krmivo a velmi snadno se pod\u00e1v\u00e1\u00a0&#8211; p\u0159\u00edmo z tuby nebo jako chutn\u00e1 poleva na granule \u010di konzervu. P\u0159\u00edsadami je ku\u0159ec\u00ed, kr\u016ft\u00ed a kachn\u00ed, kter\u00e9 jsou nejen velmi chutn\u00e9, ale jsou tak\u00e9 velmi dob\u0159e straviteln\u00e9 pro ko\u010dky s...","og_url":"https:\/\/shopatoa.com\/cz\/pasta-pro-kotata-beaphar-100g\/","og_site_name":"SHOPATOA","article_modified_time":"2026-02-01T15:48:20+00:00","og_image":[{"width":600,"height":600,"url":"https:\/\/storage.googleapis.com\/cz-shopatoa-img\/cz\/a73284fa-1_92840.jpg","type":"image\/jpeg"}],"twitter_card":"summary_large_image","twitter_misc":{"Odhadovan\u00e1 doba \u010dten\u00ed":"1 minuta"},"schema":{"@context":"https:\/\/schema.org","@graph":[{"@type":"WebPage","@id":"https:\/\/shopatoa.com\/cz\/pasta-pro-kotata-beaphar-100g\/","url":"https:\/\/shopatoa.com\/cz\/pasta-pro-kotata-beaphar-100g\/","name":"Pasta pro ko\u0165ata Beaphar 100g - SHOPATOA.COM","isPartOf":{"@id":"https:\/\/shopatoa.com\/cz\/#website"},"primaryImageOfPage":{"@id":"https:\/\/shopatoa.com\/cz\/pasta-pro-kotata-beaphar-100g\/#primaryimage"},"image":{"@id":"https:\/\/shopatoa.com\/cz\/pasta-pro-kotata-beaphar-100g\/#primaryimage"},"thumbnailUrl":"https:\/\/storage.googleapis.com\/cz-shopatoa-img\/cz\/a73284fa-1_92840.jpg","datePublished":"2025-04-04T00:26:48+00:00","dateModified":"2026-02-01T15:48:20+00:00","breadcrumb":{"@id":"https:\/\/shopatoa.com\/cz\/pasta-pro-kotata-beaphar-100g\/#breadcrumb"},"inLanguage":"cs","potentialAction":[{"@type":"ReadAction","target":["https:\/\/shopatoa.com\/cz\/pasta-pro-kotata-beaphar-100g\/"]}]},{"@type":"ImageObject","inLanguage":"cs","@id":"https:\/\/shopatoa.com\/cz\/pasta-pro-kotata-beaphar-100g\/#primaryimage","url":"https:\/\/storage.googleapis.com\/cz-shopatoa-img\/cz\/a73284fa-1_92840.jpg","contentUrl":"https:\/\/storage.googleapis.com\/cz-shopatoa-img\/cz\/a73284fa-1_92840.jpg","width":600,"height":600},{"@type":"BreadcrumbList","@id":"https:\/\/shopatoa.com\/cz\/pasta-pro-kotata-beaphar-100g\/#breadcrumb","itemListElement":[{"@type":"ListItem","position":1,"name":"Dom\u016f","item":"https:\/\/shopatoa.com\/cz\/"},{"@type":"ListItem","position":2,"name":"Produkty","item":"https:\/\/shopatoa.com\/cz\/shop\/"},{"@type":"ListItem","position":3,"name":"Chovatelsk\u00e9 pot\u0159eby","item":"https:\/\/shopatoa.com\/cz\/chovatelske-potreby-2\/"},{"@type":"ListItem","position":4,"name":"Pro ko\u010dky","item":"https:\/\/shopatoa.com\/cz\/pro-kocky-chovatelske-potreby-2\/"},{"@type":"ListItem","position":5,"name":"Krmivo pro ko\u010dky","item":"https:\/\/shopatoa.com\/cz\/krmivo-pro-kocky-pro-kocky-chovatelske-potreby-2\/"},{"@type":"ListItem","position":6,"name":"Pamlsky pro ko\u010dky","item":"https:\/\/shopatoa.com\/cz\/pamlsky-pro-kocky\/"},{"@type":"ListItem","position":7,"name":"Pasta pro ko\u0165ata Beaphar 100g"}]},{"@type":"WebSite","@id":"https:\/\/shopatoa.com\/cz\/#website","url":"https:\/\/shopatoa.com\/cz\/","name":"SHOPATOA","description":"","publisher":{"@id":"https:\/\/shopatoa.com\/cz\/#organization"},"potentialAction":[{"@type":"SearchAction","target":{"@type":"EntryPoint","urlTemplate":"https:\/\/shopatoa.com\/cz\/?s={search_term_string}"},"query-input":{"@type":"PropertyValueSpecification","valueRequired":true,"valueName":"search_term_string"}}],"inLanguage":"cs"},{"@type":"Organization","@id":"https:\/\/shopatoa.com\/cz\/#organization","name":"SHOPATOA Digital s.r.o.","url":"https:\/\/shopatoa.com\/cz\/","logo":{"@type":"ImageObject","inLanguage":"cs","@id":"https:\/\/shopatoa.com\/cz\/#\/schema\/logo\/image\/","url":"https:\/\/storage.googleapis.com\/cz-shopatoa-img\/cz\/ebccf434-shopatoa_logo.png","contentUrl":"https:\/\/storage.googleapis.com\/cz-shopatoa-img\/cz\/ebccf434-shopatoa_logo.png","width":416,"height":63,"caption":"SHOPATOA Digital s.r.o."},"image":{"@id":"https:\/\/shopatoa.com\/cz\/#\/schema\/logo\/image\/"}}]}},"_links":{"self":[{"href":"https:\/\/shopatoa.com\/cz\/wp-json\/wp\/v2\/product\/256214","targetHints":{"allow":["GET"]}}],"collection":[{"href":"https:\/\/shopatoa.com\/cz\/wp-json\/wp\/v2\/product"}],"about":[{"href":"https:\/\/shopatoa.com\/cz\/wp-json\/wp\/v2\/types\/product"}],"replies":[{"embeddable":true,"href":"https:\/\/shopatoa.com\/cz\/wp-json\/wp\/v2\/comments?post=256214"}],"wp:featuredmedia":[{"embeddable":true,"href":"https:\/\/shopatoa.com\/cz\/wp-json\/wp\/v2\/media\/256215"}],"wp:attachment":[{"href":"https:\/\/shopatoa.com\/cz\/wp-json\/wp\/v2\/media?parent=256214"}],"wp:term":[{"taxonomy":"product_brand","embeddable":true,"href":"https:\/\/shopatoa.com\/cz\/wp-json\/wp\/v2\/product_brand?post=256214"},{"taxonomy":"product_cat","embeddable":true,"href":"https:\/\/shopatoa.com\/cz\/wp-json\/wp\/v2\/product_cat?post=256214"},{"taxonomy":"product_tag","embeddable":true,"href":"https:\/\/shopatoa.com\/cz\/wp-json\/wp\/v2\/product_tag?post=256214"}],"curies":[{"name":"wp","href":"https:\/\/api.w.org\/{rel}","templated":true}]}}