{"id":256220,"date":"2025-04-04T02:30:13","date_gmt":"2025-04-04T00:30:13","guid":{"rendered":"https:\/\/shopatoa.com\/cz\/?post_type=product&#038;p=256220"},"modified":"2026-01-29T20:17:43","modified_gmt":"2026-01-29T19:17:43","slug":"krmitko-robin-2v1-s-eurozavesem-antracit","status":"publish","type":"product","link":"https:\/\/shopatoa.com\/cz\/krmitko-robin-2v1-s-eurozavesem-antracit\/","title":{"rendered":"Krm\u00edtko Robin 2v1 s euroz\u00e1v\u011bsem antracit"},"content":{"rendered":"<p>Modern\u00ed a elegantn\u00ed krm\u00edtko pro venkovn\u00ed ptactvo se dv\u011bma zp\u016fsoby vyu\u017eit\u00ed, kter\u00e9 se d\u00e1 prakticky zav\u011bsit na ka\u017edou v\u011btev. D\u00edky krm\u00edtku s\u00a0krmen\u00edm bude va\u0161e zahrada nejen pln\u00e1 \u017eivota, ale tak\u00e9 t\u00edm pt\u00e1\u010dk\u016fm pom\u016f\u017eete zajistit potravu i v\u00a0zim\u011b, kdy si j\u00ed sami neulov\u00ed.<\/p>\n<p>\tTento set na krmen\u00ed je navr\u017een\u00fd tak, aby p\u0159il\u00e1kal \u0161irokou \u0161k\u00e1lu pta\u010d\u00edch druh\u016f a poskytl jim pestrou a v\u00fd\u017eivnou stravu, kterou si zaslou\u017e\u00ed.<br \/>\n\tJeliko\u017e je krm\u00edtko vybaveno dv\u011bma r\u016fzn\u00fdmi z\u00e1sobn\u00edky, m\u016f\u017eete ho pou\u017e\u00edt jak na sypkou sm\u011bs zrnin, tak i jako dr\u017e\u00e1k na lojov\u00e9 koule. D\u00edky t\u00e9to mo\u017enosti budete moci krmivo st\u0159\u00eddat, a tak u\u017e \u017e\u00e1dn\u00fd vyb\u00edrav\u00fd pt\u00e1\u010dek nebude o hladu.<br \/>\n\tJeden z\u00e1sobn\u00edk o objemu 0,55l je ur\u010den\u00fd na sypkou sm\u011bs, zat\u00edmco druh\u00fd pojme a\u017e t\u0159i lojov\u00e9 koule.<br \/>\n\tMimo jin\u00e9 je toto krm\u00edtko i velmi jednoduch\u00e9 na instalaci. Sta\u010d\u00ed jej zav\u011bsit za \u0161\u0148\u016frku, kter\u00e1 je sou\u010d\u00e1st\u00ed balen\u00ed. D\u00edky tomu m\u016f\u017eete krm\u00edtko um\u00edstit na libovoln\u00e9 m\u00edsto na va\u0161\u00ed zahrad\u011b, kde bude pro pt\u00e1ky dob\u0159e viditeln\u00e9 a p\u0159\u00edstupn\u00e9.<br \/>\n\tSnadn\u00fd a rychl\u00fd p\u0159\u00edstup&#8230;<\/p>\n","protected":false},"excerpt":{"rendered":"<p>Modern\u00ed a elegantn\u00ed krm\u00edtko pro venkovn\u00ed ptactvo se dv\u011bma zp\u016fsoby vyu\u017eit\u00ed, kter\u00e9 se d\u00e1 prakticky zav\u011bsit na ka\u017edou v\u011btev. D\u00edky krm\u00edtku s\u00a0krmen\u00edm bude va\u0161e zahrada nejen pln\u00e1 \u017eivota, ale tak\u00e9 t\u00edm pt\u00e1\u010dk\u016fm pom\u016f\u017eete zajistit potravu i v\u00a0zim\u011b, kdy si j\u00ed sami neulov\u00ed. Tento set na krmen\u00ed je navr\u017een\u00fd tak, aby p\u0159il\u00e1kal \u0161irokou \u0161k\u00e1lu pta\u010d\u00edch druh\u016f&#8230;<\/p>\n","protected":false},"featured_media":256221,"comment_status":"closed","ping_status":"open","template":"","meta":{"_acf_changed":false,"_kadence_starter_templates_imported_post":false,"_kad_post_transparent":"","_kad_post_title":"","_kad_post_layout":"","_kad_post_sidebar_id":"","_kad_post_content_style":"","_kad_post_vertical_padding":"","_kad_post_feature":"","_kad_post_feature_position":"","_kad_post_header":false,"_kad_post_footer":false,"_kad_post_classname":""},"product_brand":[2787],"product_cat":[2540,2634,2661],"product_tag":[],"class_list":{"0":"post-256220","1":"product","2":"type-product","3":"status-publish","4":"has-post-thumbnail","6":"product_brand-plastia","7":"product_cat-hracky","8":"product_cat-hracky-na-zahradu","9":"product_cat-venkovni-sportovni-hry","10":"pa_obchod-superzoo-cz","12":"first","13":"instock","14":"product-type-external","15":"entry","16":"content-bg","17":"loop-entry"},"acf":[],"yoast_head":"<!-- This site is optimized with the Yoast SEO plugin v27.4 - https:\/\/yoast.com\/product\/yoast-seo-wordpress\/ -->\n<title>Krm\u00edtko Robin 2v1 s euroz\u00e1v\u011bsem antracit - SHOPATOA.COM<\/title>\n<meta name=\"robots\" content=\"index, follow, max-snippet:-1, max-image-preview:large, max-video-preview:-1\" \/>\n<link rel=\"canonical\" href=\"https:\/\/shopatoa.com\/cz\/krmitko-robin-2v1-s-eurozavesem-antracit\/\" \/>\n<meta property=\"og:locale\" content=\"cs_CZ\" \/>\n<meta property=\"og:type\" content=\"article\" \/>\n<meta property=\"og:title\" content=\"Krm\u00edtko Robin 2v1 s euroz\u00e1v\u011bsem antracit - SHOPATOA.COM\" \/>\n<meta property=\"og:description\" content=\"Modern\u00ed a elegantn\u00ed krm\u00edtko pro venkovn\u00ed ptactvo se dv\u011bma zp\u016fsoby vyu\u017eit\u00ed, kter\u00e9 se d\u00e1 prakticky zav\u011bsit na ka\u017edou v\u011btev. D\u00edky krm\u00edtku s\u00a0krmen\u00edm bude va\u0161e zahrada nejen pln\u00e1 \u017eivota, ale tak\u00e9 t\u00edm pt\u00e1\u010dk\u016fm pom\u016f\u017eete zajistit potravu i v\u00a0zim\u011b, kdy si j\u00ed sami neulov\u00ed. Tento set na krmen\u00ed je navr\u017een\u00fd tak, aby p\u0159il\u00e1kal \u0161irokou \u0161k\u00e1lu pta\u010d\u00edch druh\u016f...\" \/>\n<meta property=\"og:url\" content=\"https:\/\/shopatoa.com\/cz\/krmitko-robin-2v1-s-eurozavesem-antracit\/\" \/>\n<meta property=\"og:site_name\" content=\"SHOPATOA\" \/>\n<meta property=\"article:modified_time\" content=\"2026-01-29T19:17:43+00:00\" \/>\n<meta property=\"og:image\" content=\"https:\/\/storage.googleapis.com\/cz-shopatoa-img\/cz\/9557e547-1_94536.jpg\" \/>\n\t<meta property=\"og:image:width\" content=\"600\" \/>\n\t<meta property=\"og:image:height\" content=\"600\" \/>\n\t<meta property=\"og:image:type\" content=\"image\/jpeg\" \/>\n<meta name=\"twitter:card\" content=\"summary_large_image\" \/>\n<meta name=\"twitter:label1\" content=\"Odhadovan\u00e1 doba \u010dten\u00ed\" \/>\n\t<meta name=\"twitter:data1\" content=\"1 minuta\" \/>\n<script type=\"application\/ld+json\" class=\"yoast-schema-graph\">{\"@context\":\"https:\\\/\\\/schema.org\",\"@graph\":[{\"@type\":\"WebPage\",\"@id\":\"https:\\\/\\\/shopatoa.com\\\/cz\\\/krmitko-robin-2v1-s-eurozavesem-antracit\\\/\",\"url\":\"https:\\\/\\\/shopatoa.com\\\/cz\\\/krmitko-robin-2v1-s-eurozavesem-antracit\\\/\",\"name\":\"Krm\u00edtko Robin 2v1 s euroz\u00e1v\u011bsem antracit - SHOPATOA.COM\",\"isPartOf\":{\"@id\":\"https:\\\/\\\/shopatoa.com\\\/cz\\\/#website\"},\"primaryImageOfPage\":{\"@id\":\"https:\\\/\\\/shopatoa.com\\\/cz\\\/krmitko-robin-2v1-s-eurozavesem-antracit\\\/#primaryimage\"},\"image\":{\"@id\":\"https:\\\/\\\/shopatoa.com\\\/cz\\\/krmitko-robin-2v1-s-eurozavesem-antracit\\\/#primaryimage\"},\"thumbnailUrl\":\"https:\\\/\\\/storage.googleapis.com\\\/cz-shopatoa-img\\\/cz\\\/9557e547-1_94536.jpg\",\"datePublished\":\"2025-04-04T00:30:13+00:00\",\"dateModified\":\"2026-01-29T19:17:43+00:00\",\"breadcrumb\":{\"@id\":\"https:\\\/\\\/shopatoa.com\\\/cz\\\/krmitko-robin-2v1-s-eurozavesem-antracit\\\/#breadcrumb\"},\"inLanguage\":\"cs\",\"potentialAction\":[{\"@type\":\"ReadAction\",\"target\":[\"https:\\\/\\\/shopatoa.com\\\/cz\\\/krmitko-robin-2v1-s-eurozavesem-antracit\\\/\"]}]},{\"@type\":\"ImageObject\",\"inLanguage\":\"cs\",\"@id\":\"https:\\\/\\\/shopatoa.com\\\/cz\\\/krmitko-robin-2v1-s-eurozavesem-antracit\\\/#primaryimage\",\"url\":\"https:\\\/\\\/storage.googleapis.com\\\/cz-shopatoa-img\\\/cz\\\/9557e547-1_94536.jpg\",\"contentUrl\":\"https:\\\/\\\/storage.googleapis.com\\\/cz-shopatoa-img\\\/cz\\\/9557e547-1_94536.jpg\",\"width\":600,\"height\":600},{\"@type\":\"BreadcrumbList\",\"@id\":\"https:\\\/\\\/shopatoa.com\\\/cz\\\/krmitko-robin-2v1-s-eurozavesem-antracit\\\/#breadcrumb\",\"itemListElement\":[{\"@type\":\"ListItem\",\"position\":1,\"name\":\"Dom\u016f\",\"item\":\"https:\\\/\\\/shopatoa.com\\\/cz\\\/\"},{\"@type\":\"ListItem\",\"position\":2,\"name\":\"Produkty\",\"item\":\"https:\\\/\\\/shopatoa.com\\\/cz\\\/shop\\\/\"},{\"@type\":\"ListItem\",\"position\":3,\"name\":\"Hra\u010dky\",\"item\":\"https:\\\/\\\/shopatoa.com\\\/cz\\\/hracky\\\/\"},{\"@type\":\"ListItem\",\"position\":4,\"name\":\"Hra\u010dky na zahradu\",\"item\":\"https:\\\/\\\/shopatoa.com\\\/cz\\\/hracky-na-zahradu\\\/\"},{\"@type\":\"ListItem\",\"position\":5,\"name\":\"Venkovn\u00ed sportovn\u00ed hry\",\"item\":\"https:\\\/\\\/shopatoa.com\\\/cz\\\/venkovni-sportovni-hry\\\/\"},{\"@type\":\"ListItem\",\"position\":6,\"name\":\"Krm\u00edtko Robin 2v1 s euroz\u00e1v\u011bsem antracit\"}]},{\"@type\":\"WebSite\",\"@id\":\"https:\\\/\\\/shopatoa.com\\\/cz\\\/#website\",\"url\":\"https:\\\/\\\/shopatoa.com\\\/cz\\\/\",\"name\":\"SHOPATOA\",\"description\":\"\",\"publisher\":{\"@id\":\"https:\\\/\\\/shopatoa.com\\\/cz\\\/#organization\"},\"potentialAction\":[{\"@type\":\"SearchAction\",\"target\":{\"@type\":\"EntryPoint\",\"urlTemplate\":\"https:\\\/\\\/shopatoa.com\\\/cz\\\/?s={search_term_string}\"},\"query-input\":{\"@type\":\"PropertyValueSpecification\",\"valueRequired\":true,\"valueName\":\"search_term_string\"}}],\"inLanguage\":\"cs\"},{\"@type\":\"Organization\",\"@id\":\"https:\\\/\\\/shopatoa.com\\\/cz\\\/#organization\",\"name\":\"SHOPATOA Digital s.r.o.\",\"url\":\"https:\\\/\\\/shopatoa.com\\\/cz\\\/\",\"logo\":{\"@type\":\"ImageObject\",\"inLanguage\":\"cs\",\"@id\":\"https:\\\/\\\/shopatoa.com\\\/cz\\\/#\\\/schema\\\/logo\\\/image\\\/\",\"url\":\"https:\\\/\\\/storage.googleapis.com\\\/cz-shopatoa-img\\\/cz\\\/ebccf434-shopatoa_logo.png\",\"contentUrl\":\"https:\\\/\\\/storage.googleapis.com\\\/cz-shopatoa-img\\\/cz\\\/ebccf434-shopatoa_logo.png\",\"width\":416,\"height\":63,\"caption\":\"SHOPATOA Digital s.r.o.\"},\"image\":{\"@id\":\"https:\\\/\\\/shopatoa.com\\\/cz\\\/#\\\/schema\\\/logo\\\/image\\\/\"}}]}<\/script>\n<!-- \/ Yoast SEO plugin. -->","yoast_head_json":{"title":"Krm\u00edtko Robin 2v1 s euroz\u00e1v\u011bsem antracit - SHOPATOA.COM","robots":{"index":"index","follow":"follow","max-snippet":"max-snippet:-1","max-image-preview":"max-image-preview:large","max-video-preview":"max-video-preview:-1"},"canonical":"https:\/\/shopatoa.com\/cz\/krmitko-robin-2v1-s-eurozavesem-antracit\/","og_locale":"cs_CZ","og_type":"article","og_title":"Krm\u00edtko Robin 2v1 s euroz\u00e1v\u011bsem antracit - SHOPATOA.COM","og_description":"Modern\u00ed a elegantn\u00ed krm\u00edtko pro venkovn\u00ed ptactvo se dv\u011bma zp\u016fsoby vyu\u017eit\u00ed, kter\u00e9 se d\u00e1 prakticky zav\u011bsit na ka\u017edou v\u011btev. D\u00edky krm\u00edtku s\u00a0krmen\u00edm bude va\u0161e zahrada nejen pln\u00e1 \u017eivota, ale tak\u00e9 t\u00edm pt\u00e1\u010dk\u016fm pom\u016f\u017eete zajistit potravu i v\u00a0zim\u011b, kdy si j\u00ed sami neulov\u00ed. Tento set na krmen\u00ed je navr\u017een\u00fd tak, aby p\u0159il\u00e1kal \u0161irokou \u0161k\u00e1lu pta\u010d\u00edch druh\u016f...","og_url":"https:\/\/shopatoa.com\/cz\/krmitko-robin-2v1-s-eurozavesem-antracit\/","og_site_name":"SHOPATOA","article_modified_time":"2026-01-29T19:17:43+00:00","og_image":[{"width":600,"height":600,"url":"https:\/\/storage.googleapis.com\/cz-shopatoa-img\/cz\/9557e547-1_94536.jpg","type":"image\/jpeg"}],"twitter_card":"summary_large_image","twitter_misc":{"Odhadovan\u00e1 doba \u010dten\u00ed":"1 minuta"},"schema":{"@context":"https:\/\/schema.org","@graph":[{"@type":"WebPage","@id":"https:\/\/shopatoa.com\/cz\/krmitko-robin-2v1-s-eurozavesem-antracit\/","url":"https:\/\/shopatoa.com\/cz\/krmitko-robin-2v1-s-eurozavesem-antracit\/","name":"Krm\u00edtko Robin 2v1 s euroz\u00e1v\u011bsem antracit - SHOPATOA.COM","isPartOf":{"@id":"https:\/\/shopatoa.com\/cz\/#website"},"primaryImageOfPage":{"@id":"https:\/\/shopatoa.com\/cz\/krmitko-robin-2v1-s-eurozavesem-antracit\/#primaryimage"},"image":{"@id":"https:\/\/shopatoa.com\/cz\/krmitko-robin-2v1-s-eurozavesem-antracit\/#primaryimage"},"thumbnailUrl":"https:\/\/storage.googleapis.com\/cz-shopatoa-img\/cz\/9557e547-1_94536.jpg","datePublished":"2025-04-04T00:30:13+00:00","dateModified":"2026-01-29T19:17:43+00:00","breadcrumb":{"@id":"https:\/\/shopatoa.com\/cz\/krmitko-robin-2v1-s-eurozavesem-antracit\/#breadcrumb"},"inLanguage":"cs","potentialAction":[{"@type":"ReadAction","target":["https:\/\/shopatoa.com\/cz\/krmitko-robin-2v1-s-eurozavesem-antracit\/"]}]},{"@type":"ImageObject","inLanguage":"cs","@id":"https:\/\/shopatoa.com\/cz\/krmitko-robin-2v1-s-eurozavesem-antracit\/#primaryimage","url":"https:\/\/storage.googleapis.com\/cz-shopatoa-img\/cz\/9557e547-1_94536.jpg","contentUrl":"https:\/\/storage.googleapis.com\/cz-shopatoa-img\/cz\/9557e547-1_94536.jpg","width":600,"height":600},{"@type":"BreadcrumbList","@id":"https:\/\/shopatoa.com\/cz\/krmitko-robin-2v1-s-eurozavesem-antracit\/#breadcrumb","itemListElement":[{"@type":"ListItem","position":1,"name":"Dom\u016f","item":"https:\/\/shopatoa.com\/cz\/"},{"@type":"ListItem","position":2,"name":"Produkty","item":"https:\/\/shopatoa.com\/cz\/shop\/"},{"@type":"ListItem","position":3,"name":"Hra\u010dky","item":"https:\/\/shopatoa.com\/cz\/hracky\/"},{"@type":"ListItem","position":4,"name":"Hra\u010dky na zahradu","item":"https:\/\/shopatoa.com\/cz\/hracky-na-zahradu\/"},{"@type":"ListItem","position":5,"name":"Venkovn\u00ed sportovn\u00ed hry","item":"https:\/\/shopatoa.com\/cz\/venkovni-sportovni-hry\/"},{"@type":"ListItem","position":6,"name":"Krm\u00edtko Robin 2v1 s euroz\u00e1v\u011bsem antracit"}]},{"@type":"WebSite","@id":"https:\/\/shopatoa.com\/cz\/#website","url":"https:\/\/shopatoa.com\/cz\/","name":"SHOPATOA","description":"","publisher":{"@id":"https:\/\/shopatoa.com\/cz\/#organization"},"potentialAction":[{"@type":"SearchAction","target":{"@type":"EntryPoint","urlTemplate":"https:\/\/shopatoa.com\/cz\/?s={search_term_string}"},"query-input":{"@type":"PropertyValueSpecification","valueRequired":true,"valueName":"search_term_string"}}],"inLanguage":"cs"},{"@type":"Organization","@id":"https:\/\/shopatoa.com\/cz\/#organization","name":"SHOPATOA Digital s.r.o.","url":"https:\/\/shopatoa.com\/cz\/","logo":{"@type":"ImageObject","inLanguage":"cs","@id":"https:\/\/shopatoa.com\/cz\/#\/schema\/logo\/image\/","url":"https:\/\/storage.googleapis.com\/cz-shopatoa-img\/cz\/ebccf434-shopatoa_logo.png","contentUrl":"https:\/\/storage.googleapis.com\/cz-shopatoa-img\/cz\/ebccf434-shopatoa_logo.png","width":416,"height":63,"caption":"SHOPATOA Digital s.r.o."},"image":{"@id":"https:\/\/shopatoa.com\/cz\/#\/schema\/logo\/image\/"}}]}},"_links":{"self":[{"href":"https:\/\/shopatoa.com\/cz\/wp-json\/wp\/v2\/product\/256220","targetHints":{"allow":["GET"]}}],"collection":[{"href":"https:\/\/shopatoa.com\/cz\/wp-json\/wp\/v2\/product"}],"about":[{"href":"https:\/\/shopatoa.com\/cz\/wp-json\/wp\/v2\/types\/product"}],"replies":[{"embeddable":true,"href":"https:\/\/shopatoa.com\/cz\/wp-json\/wp\/v2\/comments?post=256220"}],"wp:featuredmedia":[{"embeddable":true,"href":"https:\/\/shopatoa.com\/cz\/wp-json\/wp\/v2\/media\/256221"}],"wp:attachment":[{"href":"https:\/\/shopatoa.com\/cz\/wp-json\/wp\/v2\/media?parent=256220"}],"wp:term":[{"taxonomy":"product_brand","embeddable":true,"href":"https:\/\/shopatoa.com\/cz\/wp-json\/wp\/v2\/product_brand?post=256220"},{"taxonomy":"product_cat","embeddable":true,"href":"https:\/\/shopatoa.com\/cz\/wp-json\/wp\/v2\/product_cat?post=256220"},{"taxonomy":"product_tag","embeddable":true,"href":"https:\/\/shopatoa.com\/cz\/wp-json\/wp\/v2\/product_tag?post=256220"}],"curies":[{"name":"wp","href":"https:\/\/api.w.org\/{rel}","templated":true}]}}