{"id":256222,"date":"2025-04-04T02:30:21","date_gmt":"2025-04-04T00:30:21","guid":{"rendered":"https:\/\/shopatoa.com\/cz\/?post_type=product&#038;p=256222"},"modified":"2026-01-31T22:37:52","modified_gmt":"2026-01-31T21:37:52","slug":"krmitko-plastia-finch-antracit","status":"publish","type":"product","link":"https:\/\/shopatoa.com\/cz\/krmitko-plastia-finch-antracit\/","title":{"rendered":"Krm\u00edtko Plastia Finch antracit"},"content":{"rendered":"<p>Modern\u00ed a elegantn\u00ed krm\u00edtko pro venkovn\u00ed ptactvo, kter\u00e9 se d\u00e1 prakticky zav\u011bsit na ka\u017edou v\u011btev. D\u00edky krm\u00edtku s\u00a0krmen\u00edm bude va\u0161e zahrada nejen pln\u00e1 \u017eivota, ale tak\u00e9 t\u00edm pt\u00e1\u010dk\u016fm pom\u016f\u017eete zajistit potravu i v\u00a0zim\u011b, kdy si j\u00ed sami neulov\u00ed.<\/p>\n<p>\tToto krm\u00edtko je navr\u017eeno tak, aby p\u0159il\u00e1kalo \u0161irokou \u0161k\u00e1lu pta\u010d\u00edch druh\u016f a poskytlo jim pestrou a v\u00fd\u017eivnou stravu, kterou si zaslou\u017e\u00ed.<\/p>\n<p>\tToto krm\u00edtko je tak\u00e9 nesm\u00edrn\u011b jednoduch\u00e9 na instalaci. Konkr\u00e9tn\u011b tento typ m\u00e1 t\u0159i mo\u017enosti p\u0159ipevn\u011bn\u00ed, tak\u017ee ho m\u016f\u017eete um\u00edstit na libovoln\u00e9 m\u00edsto na va\u0161\u00ed zahrad\u011b, kde bude pro pt\u00e1ky dob\u0159e viditeln\u00e9 a p\u0159\u00edstupn\u00e9. Lze ho p\u0159ipevnit stahovac\u00edmi p\u00e1skami, pov\u011bsit na v\u011btev za \u0161\u0148\u016frku, je\u017e je sou\u010d\u00e1st\u00ed balen\u00ed, anebo ho lehce nasadit na ty\u010d.<br \/>\n\tObjem n\u00e1sypky \u010din\u00ed 1,3l, tud\u00ed\u017e z\u00e1soba krmen\u00ed bude dostate\u010dn\u00e1 a \u017e\u00e1dn\u00fd pt\u00e1\u010dek u\u017e nebude o hladu.<br \/>\n\tJe vyrobeno z\u00a0kvalitn\u00edch materi\u00e1l\u016f, tud\u00ed\u017e je velmi dob\u0159e odoln\u00e9 v\u016f\u010di pov\u011btrnostn\u00edm vliv\u016fm a zaru\u010duje dlouhou \u017eivotnost.<br \/>\n\tKrm\u00edtko je navr\u017eeno tak, aby minimalizovalo pl\u00fdtv\u00e1n\u00ed&#8230;<\/p>\n","protected":false},"excerpt":{"rendered":"<p>Modern\u00ed a elegantn\u00ed krm\u00edtko pro venkovn\u00ed ptactvo, kter\u00e9 se d\u00e1 prakticky zav\u011bsit na ka\u017edou v\u011btev. D\u00edky krm\u00edtku s\u00a0krmen\u00edm bude va\u0161e zahrada nejen pln\u00e1 \u017eivota, ale tak\u00e9 t\u00edm pt\u00e1\u010dk\u016fm pom\u016f\u017eete zajistit potravu i v\u00a0zim\u011b, kdy si j\u00ed sami neulov\u00ed. Toto krm\u00edtko je navr\u017eeno tak, aby p\u0159il\u00e1kalo \u0161irokou \u0161k\u00e1lu pta\u010d\u00edch druh\u016f a poskytlo jim pestrou a v\u00fd\u017eivnou&#8230;<\/p>\n","protected":false},"featured_media":256223,"comment_status":"closed","ping_status":"open","template":"","meta":{"_acf_changed":false,"_kadence_starter_templates_imported_post":false,"_kad_post_transparent":"","_kad_post_title":"","_kad_post_layout":"","_kad_post_sidebar_id":"","_kad_post_content_style":"","_kad_post_vertical_padding":"","_kad_post_feature":"","_kad_post_feature_position":"","_kad_post_header":false,"_kad_post_footer":false,"_kad_post_classname":""},"product_brand":[2787],"product_cat":[2540,2634,2661],"product_tag":[],"class_list":{"0":"post-256222","1":"product","2":"type-product","3":"status-publish","4":"has-post-thumbnail","6":"product_brand-plastia","7":"product_cat-hracky","8":"product_cat-hracky-na-zahradu","9":"product_cat-venkovni-sportovni-hry","10":"pa_obchod-superzoo-cz","12":"first","13":"instock","14":"product-type-external","15":"entry","16":"content-bg","17":"loop-entry"},"acf":[],"yoast_head":"<!-- This site is optimized with the Yoast SEO plugin v27.4 - https:\/\/yoast.com\/product\/yoast-seo-wordpress\/ -->\n<title>Krm\u00edtko Plastia Finch antracit - SHOPATOA.COM<\/title>\n<meta name=\"robots\" content=\"index, follow, max-snippet:-1, max-image-preview:large, max-video-preview:-1\" \/>\n<link rel=\"canonical\" href=\"https:\/\/shopatoa.com\/cz\/krmitko-plastia-finch-antracit\/\" \/>\n<meta property=\"og:locale\" content=\"cs_CZ\" \/>\n<meta property=\"og:type\" content=\"article\" \/>\n<meta property=\"og:title\" content=\"Krm\u00edtko Plastia Finch antracit - SHOPATOA.COM\" \/>\n<meta property=\"og:description\" content=\"Modern\u00ed a elegantn\u00ed krm\u00edtko pro venkovn\u00ed ptactvo, kter\u00e9 se d\u00e1 prakticky zav\u011bsit na ka\u017edou v\u011btev. D\u00edky krm\u00edtku s\u00a0krmen\u00edm bude va\u0161e zahrada nejen pln\u00e1 \u017eivota, ale tak\u00e9 t\u00edm pt\u00e1\u010dk\u016fm pom\u016f\u017eete zajistit potravu i v\u00a0zim\u011b, kdy si j\u00ed sami neulov\u00ed. Toto krm\u00edtko je navr\u017eeno tak, aby p\u0159il\u00e1kalo \u0161irokou \u0161k\u00e1lu pta\u010d\u00edch druh\u016f a poskytlo jim pestrou a v\u00fd\u017eivnou...\" \/>\n<meta property=\"og:url\" content=\"https:\/\/shopatoa.com\/cz\/krmitko-plastia-finch-antracit\/\" \/>\n<meta property=\"og:site_name\" content=\"SHOPATOA\" \/>\n<meta property=\"article:modified_time\" content=\"2026-01-31T21:37:52+00:00\" \/>\n<meta property=\"og:image\" content=\"https:\/\/storage.googleapis.com\/cz-shopatoa-img\/cz\/06aef4ba-1_94534.jpg\" \/>\n\t<meta property=\"og:image:width\" content=\"600\" \/>\n\t<meta property=\"og:image:height\" content=\"600\" \/>\n\t<meta property=\"og:image:type\" content=\"image\/jpeg\" \/>\n<meta name=\"twitter:card\" content=\"summary_large_image\" \/>\n<meta name=\"twitter:label1\" content=\"Odhadovan\u00e1 doba \u010dten\u00ed\" \/>\n\t<meta name=\"twitter:data1\" content=\"1 minuta\" \/>\n<script type=\"application\/ld+json\" class=\"yoast-schema-graph\">{\"@context\":\"https:\\\/\\\/schema.org\",\"@graph\":[{\"@type\":\"WebPage\",\"@id\":\"https:\\\/\\\/shopatoa.com\\\/cz\\\/krmitko-plastia-finch-antracit\\\/\",\"url\":\"https:\\\/\\\/shopatoa.com\\\/cz\\\/krmitko-plastia-finch-antracit\\\/\",\"name\":\"Krm\u00edtko Plastia Finch antracit - SHOPATOA.COM\",\"isPartOf\":{\"@id\":\"https:\\\/\\\/shopatoa.com\\\/cz\\\/#website\"},\"primaryImageOfPage\":{\"@id\":\"https:\\\/\\\/shopatoa.com\\\/cz\\\/krmitko-plastia-finch-antracit\\\/#primaryimage\"},\"image\":{\"@id\":\"https:\\\/\\\/shopatoa.com\\\/cz\\\/krmitko-plastia-finch-antracit\\\/#primaryimage\"},\"thumbnailUrl\":\"https:\\\/\\\/storage.googleapis.com\\\/cz-shopatoa-img\\\/cz\\\/06aef4ba-1_94534.jpg\",\"datePublished\":\"2025-04-04T00:30:21+00:00\",\"dateModified\":\"2026-01-31T21:37:52+00:00\",\"breadcrumb\":{\"@id\":\"https:\\\/\\\/shopatoa.com\\\/cz\\\/krmitko-plastia-finch-antracit\\\/#breadcrumb\"},\"inLanguage\":\"cs\",\"potentialAction\":[{\"@type\":\"ReadAction\",\"target\":[\"https:\\\/\\\/shopatoa.com\\\/cz\\\/krmitko-plastia-finch-antracit\\\/\"]}]},{\"@type\":\"ImageObject\",\"inLanguage\":\"cs\",\"@id\":\"https:\\\/\\\/shopatoa.com\\\/cz\\\/krmitko-plastia-finch-antracit\\\/#primaryimage\",\"url\":\"https:\\\/\\\/storage.googleapis.com\\\/cz-shopatoa-img\\\/cz\\\/06aef4ba-1_94534.jpg\",\"contentUrl\":\"https:\\\/\\\/storage.googleapis.com\\\/cz-shopatoa-img\\\/cz\\\/06aef4ba-1_94534.jpg\",\"width\":600,\"height\":600},{\"@type\":\"BreadcrumbList\",\"@id\":\"https:\\\/\\\/shopatoa.com\\\/cz\\\/krmitko-plastia-finch-antracit\\\/#breadcrumb\",\"itemListElement\":[{\"@type\":\"ListItem\",\"position\":1,\"name\":\"Dom\u016f\",\"item\":\"https:\\\/\\\/shopatoa.com\\\/cz\\\/\"},{\"@type\":\"ListItem\",\"position\":2,\"name\":\"Produkty\",\"item\":\"https:\\\/\\\/shopatoa.com\\\/cz\\\/shop\\\/\"},{\"@type\":\"ListItem\",\"position\":3,\"name\":\"Hra\u010dky\",\"item\":\"https:\\\/\\\/shopatoa.com\\\/cz\\\/hracky\\\/\"},{\"@type\":\"ListItem\",\"position\":4,\"name\":\"Hra\u010dky na zahradu\",\"item\":\"https:\\\/\\\/shopatoa.com\\\/cz\\\/hracky-na-zahradu\\\/\"},{\"@type\":\"ListItem\",\"position\":5,\"name\":\"Venkovn\u00ed sportovn\u00ed hry\",\"item\":\"https:\\\/\\\/shopatoa.com\\\/cz\\\/venkovni-sportovni-hry\\\/\"},{\"@type\":\"ListItem\",\"position\":6,\"name\":\"Krm\u00edtko Plastia Finch antracit\"}]},{\"@type\":\"WebSite\",\"@id\":\"https:\\\/\\\/shopatoa.com\\\/cz\\\/#website\",\"url\":\"https:\\\/\\\/shopatoa.com\\\/cz\\\/\",\"name\":\"SHOPATOA\",\"description\":\"\",\"publisher\":{\"@id\":\"https:\\\/\\\/shopatoa.com\\\/cz\\\/#organization\"},\"potentialAction\":[{\"@type\":\"SearchAction\",\"target\":{\"@type\":\"EntryPoint\",\"urlTemplate\":\"https:\\\/\\\/shopatoa.com\\\/cz\\\/?s={search_term_string}\"},\"query-input\":{\"@type\":\"PropertyValueSpecification\",\"valueRequired\":true,\"valueName\":\"search_term_string\"}}],\"inLanguage\":\"cs\"},{\"@type\":\"Organization\",\"@id\":\"https:\\\/\\\/shopatoa.com\\\/cz\\\/#organization\",\"name\":\"SHOPATOA Digital s.r.o.\",\"url\":\"https:\\\/\\\/shopatoa.com\\\/cz\\\/\",\"logo\":{\"@type\":\"ImageObject\",\"inLanguage\":\"cs\",\"@id\":\"https:\\\/\\\/shopatoa.com\\\/cz\\\/#\\\/schema\\\/logo\\\/image\\\/\",\"url\":\"https:\\\/\\\/storage.googleapis.com\\\/cz-shopatoa-img\\\/cz\\\/ebccf434-shopatoa_logo.png\",\"contentUrl\":\"https:\\\/\\\/storage.googleapis.com\\\/cz-shopatoa-img\\\/cz\\\/ebccf434-shopatoa_logo.png\",\"width\":416,\"height\":63,\"caption\":\"SHOPATOA Digital s.r.o.\"},\"image\":{\"@id\":\"https:\\\/\\\/shopatoa.com\\\/cz\\\/#\\\/schema\\\/logo\\\/image\\\/\"}}]}<\/script>\n<!-- \/ Yoast SEO plugin. -->","yoast_head_json":{"title":"Krm\u00edtko Plastia Finch antracit - SHOPATOA.COM","robots":{"index":"index","follow":"follow","max-snippet":"max-snippet:-1","max-image-preview":"max-image-preview:large","max-video-preview":"max-video-preview:-1"},"canonical":"https:\/\/shopatoa.com\/cz\/krmitko-plastia-finch-antracit\/","og_locale":"cs_CZ","og_type":"article","og_title":"Krm\u00edtko Plastia Finch antracit - SHOPATOA.COM","og_description":"Modern\u00ed a elegantn\u00ed krm\u00edtko pro venkovn\u00ed ptactvo, kter\u00e9 se d\u00e1 prakticky zav\u011bsit na ka\u017edou v\u011btev. D\u00edky krm\u00edtku s\u00a0krmen\u00edm bude va\u0161e zahrada nejen pln\u00e1 \u017eivota, ale tak\u00e9 t\u00edm pt\u00e1\u010dk\u016fm pom\u016f\u017eete zajistit potravu i v\u00a0zim\u011b, kdy si j\u00ed sami neulov\u00ed. Toto krm\u00edtko je navr\u017eeno tak, aby p\u0159il\u00e1kalo \u0161irokou \u0161k\u00e1lu pta\u010d\u00edch druh\u016f a poskytlo jim pestrou a v\u00fd\u017eivnou...","og_url":"https:\/\/shopatoa.com\/cz\/krmitko-plastia-finch-antracit\/","og_site_name":"SHOPATOA","article_modified_time":"2026-01-31T21:37:52+00:00","og_image":[{"width":600,"height":600,"url":"https:\/\/storage.googleapis.com\/cz-shopatoa-img\/cz\/06aef4ba-1_94534.jpg","type":"image\/jpeg"}],"twitter_card":"summary_large_image","twitter_misc":{"Odhadovan\u00e1 doba \u010dten\u00ed":"1 minuta"},"schema":{"@context":"https:\/\/schema.org","@graph":[{"@type":"WebPage","@id":"https:\/\/shopatoa.com\/cz\/krmitko-plastia-finch-antracit\/","url":"https:\/\/shopatoa.com\/cz\/krmitko-plastia-finch-antracit\/","name":"Krm\u00edtko Plastia Finch antracit - SHOPATOA.COM","isPartOf":{"@id":"https:\/\/shopatoa.com\/cz\/#website"},"primaryImageOfPage":{"@id":"https:\/\/shopatoa.com\/cz\/krmitko-plastia-finch-antracit\/#primaryimage"},"image":{"@id":"https:\/\/shopatoa.com\/cz\/krmitko-plastia-finch-antracit\/#primaryimage"},"thumbnailUrl":"https:\/\/storage.googleapis.com\/cz-shopatoa-img\/cz\/06aef4ba-1_94534.jpg","datePublished":"2025-04-04T00:30:21+00:00","dateModified":"2026-01-31T21:37:52+00:00","breadcrumb":{"@id":"https:\/\/shopatoa.com\/cz\/krmitko-plastia-finch-antracit\/#breadcrumb"},"inLanguage":"cs","potentialAction":[{"@type":"ReadAction","target":["https:\/\/shopatoa.com\/cz\/krmitko-plastia-finch-antracit\/"]}]},{"@type":"ImageObject","inLanguage":"cs","@id":"https:\/\/shopatoa.com\/cz\/krmitko-plastia-finch-antracit\/#primaryimage","url":"https:\/\/storage.googleapis.com\/cz-shopatoa-img\/cz\/06aef4ba-1_94534.jpg","contentUrl":"https:\/\/storage.googleapis.com\/cz-shopatoa-img\/cz\/06aef4ba-1_94534.jpg","width":600,"height":600},{"@type":"BreadcrumbList","@id":"https:\/\/shopatoa.com\/cz\/krmitko-plastia-finch-antracit\/#breadcrumb","itemListElement":[{"@type":"ListItem","position":1,"name":"Dom\u016f","item":"https:\/\/shopatoa.com\/cz\/"},{"@type":"ListItem","position":2,"name":"Produkty","item":"https:\/\/shopatoa.com\/cz\/shop\/"},{"@type":"ListItem","position":3,"name":"Hra\u010dky","item":"https:\/\/shopatoa.com\/cz\/hracky\/"},{"@type":"ListItem","position":4,"name":"Hra\u010dky na zahradu","item":"https:\/\/shopatoa.com\/cz\/hracky-na-zahradu\/"},{"@type":"ListItem","position":5,"name":"Venkovn\u00ed sportovn\u00ed hry","item":"https:\/\/shopatoa.com\/cz\/venkovni-sportovni-hry\/"},{"@type":"ListItem","position":6,"name":"Krm\u00edtko Plastia Finch antracit"}]},{"@type":"WebSite","@id":"https:\/\/shopatoa.com\/cz\/#website","url":"https:\/\/shopatoa.com\/cz\/","name":"SHOPATOA","description":"","publisher":{"@id":"https:\/\/shopatoa.com\/cz\/#organization"},"potentialAction":[{"@type":"SearchAction","target":{"@type":"EntryPoint","urlTemplate":"https:\/\/shopatoa.com\/cz\/?s={search_term_string}"},"query-input":{"@type":"PropertyValueSpecification","valueRequired":true,"valueName":"search_term_string"}}],"inLanguage":"cs"},{"@type":"Organization","@id":"https:\/\/shopatoa.com\/cz\/#organization","name":"SHOPATOA Digital s.r.o.","url":"https:\/\/shopatoa.com\/cz\/","logo":{"@type":"ImageObject","inLanguage":"cs","@id":"https:\/\/shopatoa.com\/cz\/#\/schema\/logo\/image\/","url":"https:\/\/storage.googleapis.com\/cz-shopatoa-img\/cz\/ebccf434-shopatoa_logo.png","contentUrl":"https:\/\/storage.googleapis.com\/cz-shopatoa-img\/cz\/ebccf434-shopatoa_logo.png","width":416,"height":63,"caption":"SHOPATOA Digital s.r.o."},"image":{"@id":"https:\/\/shopatoa.com\/cz\/#\/schema\/logo\/image\/"}}]}},"_links":{"self":[{"href":"https:\/\/shopatoa.com\/cz\/wp-json\/wp\/v2\/product\/256222","targetHints":{"allow":["GET"]}}],"collection":[{"href":"https:\/\/shopatoa.com\/cz\/wp-json\/wp\/v2\/product"}],"about":[{"href":"https:\/\/shopatoa.com\/cz\/wp-json\/wp\/v2\/types\/product"}],"replies":[{"embeddable":true,"href":"https:\/\/shopatoa.com\/cz\/wp-json\/wp\/v2\/comments?post=256222"}],"wp:featuredmedia":[{"embeddable":true,"href":"https:\/\/shopatoa.com\/cz\/wp-json\/wp\/v2\/media\/256223"}],"wp:attachment":[{"href":"https:\/\/shopatoa.com\/cz\/wp-json\/wp\/v2\/media?parent=256222"}],"wp:term":[{"taxonomy":"product_brand","embeddable":true,"href":"https:\/\/shopatoa.com\/cz\/wp-json\/wp\/v2\/product_brand?post=256222"},{"taxonomy":"product_cat","embeddable":true,"href":"https:\/\/shopatoa.com\/cz\/wp-json\/wp\/v2\/product_cat?post=256222"},{"taxonomy":"product_tag","embeddable":true,"href":"https:\/\/shopatoa.com\/cz\/wp-json\/wp\/v2\/product_tag?post=256222"}],"curies":[{"name":"wp","href":"https:\/\/api.w.org\/{rel}","templated":true}]}}