{"id":256228,"date":"2025-04-04T02:30:47","date_gmt":"2025-04-04T00:30:47","guid":{"rendered":"https:\/\/shopatoa.com\/cz\/?post_type=product&#038;p=256228"},"modified":"2026-01-31T20:09:56","modified_gmt":"2026-01-31T19:09:56","slug":"miska-repti-planet-pro-hady-125cm","status":"publish","type":"product","link":"https:\/\/shopatoa.com\/cz\/miska-repti-planet-pro-hady-125cm\/","title":{"rendered":"Miska Repti Planet pro hady 12,5cm"},"content":{"rendered":"<p>Miska na vodu pro plazy s\u00a0designem vhodn\u00fdm obzvl\u00e1\u0161t\u011b pro hady.<\/p>\n<p>\t\u0160irok\u00e1 z\u00e1kladna a v\u00e1ha misky zabra\u0148uje p\u0159evr\u017een\u00ed zv\u00ed\u0159etem. Z\u00e1rove\u0148 se do n\u00ed d\u00edky velk\u00e9mu objemu vejde hodn\u011b vody.<br \/>\n\tVnit\u0159n\u00ed plocha je st\u0159\u00edkan\u00e1, t\u00edm p\u00e1dem minimalizuje tvorbu bakteri\u00ed, velice dob\u0159e se \u010dist\u00ed, neulp\u00edvaj\u00ed na n\u00ed ne\u010distoty, a tak se i snadno dezinfikuje.<br \/>\n\tVn\u011bj\u0161\u00ed plocha m\u00e1 hrub\u00fd vzor, kter\u00fd je had\u016fm n\u00e1pomocn\u00fd p\u0159i obm\u011bn\u011b vn\u011bj\u0161\u00ed \u010d\u00e1sti poko\u017eky, kdy se mohou o misku t\u0159\u00edt, a t\u00edm snadn\u011bji svl\u00e9knout starou k\u016f\u017ei.<br \/>\n\tN\u011bkter\u00e9 men\u0161\u00ed druhy had\u016f, anebo ml\u00e1\u010fata se r\u00e1da do misky choul\u00ed, obzvl\u00e1\u0161t\u011b pak v\u00a0letn\u00edch m\u011bs\u00edc\u00edch, kdy jim voda poslou\u017e\u00ed k\u00a0ochlazen\u00ed.<br \/>\n\tVyrobeno z\u00a0ekologick\u00e9ho prysky\u0159icov\u00e9ho materi\u00e1lu.<\/p>\n<p>Rozm\u011bry <\/p>\n<p>12,5 x 9,5 x 9 cm<\/p>\n","protected":false},"excerpt":{"rendered":"<p>Miska na vodu pro plazy s\u00a0designem vhodn\u00fdm obzvl\u00e1\u0161t\u011b pro hady. \u0160irok\u00e1 z\u00e1kladna a v\u00e1ha misky zabra\u0148uje p\u0159evr\u017een\u00ed zv\u00ed\u0159etem. Z\u00e1rove\u0148 se do n\u00ed d\u00edky velk\u00e9mu objemu vejde hodn\u011b vody. Vnit\u0159n\u00ed plocha je st\u0159\u00edkan\u00e1, t\u00edm p\u00e1dem minimalizuje tvorbu bakteri\u00ed, velice dob\u0159e se \u010dist\u00ed, neulp\u00edvaj\u00ed na n\u00ed ne\u010distoty, a tak se i snadno dezinfikuje. Vn\u011bj\u0161\u00ed plocha m\u00e1 hrub\u00fd&#8230;<\/p>\n","protected":false},"featured_media":256229,"comment_status":"closed","ping_status":"open","template":"","meta":{"_acf_changed":false,"_kadence_starter_templates_imported_post":false,"_kad_post_transparent":"","_kad_post_title":"","_kad_post_layout":"","_kad_post_sidebar_id":"","_kad_post_content_style":"","_kad_post_vertical_padding":"","_kad_post_feature":"","_kad_post_feature_position":"","_kad_post_header":false,"_kad_post_footer":false,"_kad_post_classname":""},"product_brand":[2722],"product_cat":[436,2528],"product_tag":[],"class_list":{"0":"post-256228","1":"product","2":"type-product","3":"status-publish","4":"has-post-thumbnail","6":"product_brand-repti-planet","7":"product_cat-chovatelske-potreby-2","8":"product_cat-teraristika","9":"pa_obchod-superzoo-cz","11":"first","12":"instock","13":"product-type-external","14":"entry","15":"content-bg","16":"loop-entry"},"acf":[],"yoast_head":"<!-- This site is optimized with the Yoast SEO plugin v27.4 - https:\/\/yoast.com\/product\/yoast-seo-wordpress\/ -->\n<title>Miska Repti Planet pro hady 12,5cm - SHOPATOA.COM<\/title>\n<meta name=\"robots\" content=\"index, follow, max-snippet:-1, max-image-preview:large, max-video-preview:-1\" \/>\n<link rel=\"canonical\" href=\"https:\/\/shopatoa.com\/cz\/miska-repti-planet-pro-hady-125cm\/\" \/>\n<meta property=\"og:locale\" content=\"cs_CZ\" \/>\n<meta property=\"og:type\" content=\"article\" \/>\n<meta property=\"og:title\" content=\"Miska Repti Planet pro hady 12,5cm - SHOPATOA.COM\" \/>\n<meta property=\"og:description\" content=\"Miska na vodu pro plazy s\u00a0designem vhodn\u00fdm obzvl\u00e1\u0161t\u011b pro hady. \u0160irok\u00e1 z\u00e1kladna a v\u00e1ha misky zabra\u0148uje p\u0159evr\u017een\u00ed zv\u00ed\u0159etem. Z\u00e1rove\u0148 se do n\u00ed d\u00edky velk\u00e9mu objemu vejde hodn\u011b vody. Vnit\u0159n\u00ed plocha je st\u0159\u00edkan\u00e1, t\u00edm p\u00e1dem minimalizuje tvorbu bakteri\u00ed, velice dob\u0159e se \u010dist\u00ed, neulp\u00edvaj\u00ed na n\u00ed ne\u010distoty, a tak se i snadno dezinfikuje. Vn\u011bj\u0161\u00ed plocha m\u00e1 hrub\u00fd...\" \/>\n<meta property=\"og:url\" content=\"https:\/\/shopatoa.com\/cz\/miska-repti-planet-pro-hady-125cm\/\" \/>\n<meta property=\"og:site_name\" content=\"SHOPATOA\" \/>\n<meta property=\"article:modified_time\" content=\"2026-01-31T19:09:56+00:00\" \/>\n<meta property=\"og:image\" content=\"https:\/\/storage.googleapis.com\/cz-shopatoa-img\/cz\/76ad8fd4-1_94286.jpg\" \/>\n\t<meta property=\"og:image:width\" content=\"600\" \/>\n\t<meta property=\"og:image:height\" content=\"600\" \/>\n\t<meta property=\"og:image:type\" content=\"image\/jpeg\" \/>\n<meta name=\"twitter:card\" content=\"summary_large_image\" \/>\n<meta name=\"twitter:label1\" content=\"Odhadovan\u00e1 doba \u010dten\u00ed\" \/>\n\t<meta name=\"twitter:data1\" content=\"1 minuta\" \/>\n<script type=\"application\/ld+json\" class=\"yoast-schema-graph\">{\"@context\":\"https:\\\/\\\/schema.org\",\"@graph\":[{\"@type\":\"WebPage\",\"@id\":\"https:\\\/\\\/shopatoa.com\\\/cz\\\/miska-repti-planet-pro-hady-125cm\\\/\",\"url\":\"https:\\\/\\\/shopatoa.com\\\/cz\\\/miska-repti-planet-pro-hady-125cm\\\/\",\"name\":\"Miska Repti Planet pro hady 12,5cm - SHOPATOA.COM\",\"isPartOf\":{\"@id\":\"https:\\\/\\\/shopatoa.com\\\/cz\\\/#website\"},\"primaryImageOfPage\":{\"@id\":\"https:\\\/\\\/shopatoa.com\\\/cz\\\/miska-repti-planet-pro-hady-125cm\\\/#primaryimage\"},\"image\":{\"@id\":\"https:\\\/\\\/shopatoa.com\\\/cz\\\/miska-repti-planet-pro-hady-125cm\\\/#primaryimage\"},\"thumbnailUrl\":\"https:\\\/\\\/storage.googleapis.com\\\/cz-shopatoa-img\\\/cz\\\/76ad8fd4-1_94286.jpg\",\"datePublished\":\"2025-04-04T00:30:47+00:00\",\"dateModified\":\"2026-01-31T19:09:56+00:00\",\"breadcrumb\":{\"@id\":\"https:\\\/\\\/shopatoa.com\\\/cz\\\/miska-repti-planet-pro-hady-125cm\\\/#breadcrumb\"},\"inLanguage\":\"cs\",\"potentialAction\":[{\"@type\":\"ReadAction\",\"target\":[\"https:\\\/\\\/shopatoa.com\\\/cz\\\/miska-repti-planet-pro-hady-125cm\\\/\"]}]},{\"@type\":\"ImageObject\",\"inLanguage\":\"cs\",\"@id\":\"https:\\\/\\\/shopatoa.com\\\/cz\\\/miska-repti-planet-pro-hady-125cm\\\/#primaryimage\",\"url\":\"https:\\\/\\\/storage.googleapis.com\\\/cz-shopatoa-img\\\/cz\\\/76ad8fd4-1_94286.jpg\",\"contentUrl\":\"https:\\\/\\\/storage.googleapis.com\\\/cz-shopatoa-img\\\/cz\\\/76ad8fd4-1_94286.jpg\",\"width\":600,\"height\":600},{\"@type\":\"BreadcrumbList\",\"@id\":\"https:\\\/\\\/shopatoa.com\\\/cz\\\/miska-repti-planet-pro-hady-125cm\\\/#breadcrumb\",\"itemListElement\":[{\"@type\":\"ListItem\",\"position\":1,\"name\":\"Dom\u016f\",\"item\":\"https:\\\/\\\/shopatoa.com\\\/cz\\\/\"},{\"@type\":\"ListItem\",\"position\":2,\"name\":\"Produkty\",\"item\":\"https:\\\/\\\/shopatoa.com\\\/cz\\\/shop\\\/\"},{\"@type\":\"ListItem\",\"position\":3,\"name\":\"Chovatelsk\u00e9 pot\u0159eby\",\"item\":\"https:\\\/\\\/shopatoa.com\\\/cz\\\/chovatelske-potreby-2\\\/\"},{\"@type\":\"ListItem\",\"position\":4,\"name\":\"Teraristika\",\"item\":\"https:\\\/\\\/shopatoa.com\\\/cz\\\/teraristika\\\/\"},{\"@type\":\"ListItem\",\"position\":5,\"name\":\"Miska Repti Planet pro hady 12,5cm\"}]},{\"@type\":\"WebSite\",\"@id\":\"https:\\\/\\\/shopatoa.com\\\/cz\\\/#website\",\"url\":\"https:\\\/\\\/shopatoa.com\\\/cz\\\/\",\"name\":\"SHOPATOA\",\"description\":\"\",\"publisher\":{\"@id\":\"https:\\\/\\\/shopatoa.com\\\/cz\\\/#organization\"},\"potentialAction\":[{\"@type\":\"SearchAction\",\"target\":{\"@type\":\"EntryPoint\",\"urlTemplate\":\"https:\\\/\\\/shopatoa.com\\\/cz\\\/?s={search_term_string}\"},\"query-input\":{\"@type\":\"PropertyValueSpecification\",\"valueRequired\":true,\"valueName\":\"search_term_string\"}}],\"inLanguage\":\"cs\"},{\"@type\":\"Organization\",\"@id\":\"https:\\\/\\\/shopatoa.com\\\/cz\\\/#organization\",\"name\":\"SHOPATOA Digital s.r.o.\",\"url\":\"https:\\\/\\\/shopatoa.com\\\/cz\\\/\",\"logo\":{\"@type\":\"ImageObject\",\"inLanguage\":\"cs\",\"@id\":\"https:\\\/\\\/shopatoa.com\\\/cz\\\/#\\\/schema\\\/logo\\\/image\\\/\",\"url\":\"https:\\\/\\\/storage.googleapis.com\\\/cz-shopatoa-img\\\/cz\\\/ebccf434-shopatoa_logo.png\",\"contentUrl\":\"https:\\\/\\\/storage.googleapis.com\\\/cz-shopatoa-img\\\/cz\\\/ebccf434-shopatoa_logo.png\",\"width\":416,\"height\":63,\"caption\":\"SHOPATOA Digital s.r.o.\"},\"image\":{\"@id\":\"https:\\\/\\\/shopatoa.com\\\/cz\\\/#\\\/schema\\\/logo\\\/image\\\/\"}}]}<\/script>\n<!-- \/ Yoast SEO plugin. -->","yoast_head_json":{"title":"Miska Repti Planet pro hady 12,5cm - SHOPATOA.COM","robots":{"index":"index","follow":"follow","max-snippet":"max-snippet:-1","max-image-preview":"max-image-preview:large","max-video-preview":"max-video-preview:-1"},"canonical":"https:\/\/shopatoa.com\/cz\/miska-repti-planet-pro-hady-125cm\/","og_locale":"cs_CZ","og_type":"article","og_title":"Miska Repti Planet pro hady 12,5cm - SHOPATOA.COM","og_description":"Miska na vodu pro plazy s\u00a0designem vhodn\u00fdm obzvl\u00e1\u0161t\u011b pro hady. \u0160irok\u00e1 z\u00e1kladna a v\u00e1ha misky zabra\u0148uje p\u0159evr\u017een\u00ed zv\u00ed\u0159etem. Z\u00e1rove\u0148 se do n\u00ed d\u00edky velk\u00e9mu objemu vejde hodn\u011b vody. Vnit\u0159n\u00ed plocha je st\u0159\u00edkan\u00e1, t\u00edm p\u00e1dem minimalizuje tvorbu bakteri\u00ed, velice dob\u0159e se \u010dist\u00ed, neulp\u00edvaj\u00ed na n\u00ed ne\u010distoty, a tak se i snadno dezinfikuje. Vn\u011bj\u0161\u00ed plocha m\u00e1 hrub\u00fd...","og_url":"https:\/\/shopatoa.com\/cz\/miska-repti-planet-pro-hady-125cm\/","og_site_name":"SHOPATOA","article_modified_time":"2026-01-31T19:09:56+00:00","og_image":[{"width":600,"height":600,"url":"https:\/\/storage.googleapis.com\/cz-shopatoa-img\/cz\/76ad8fd4-1_94286.jpg","type":"image\/jpeg"}],"twitter_card":"summary_large_image","twitter_misc":{"Odhadovan\u00e1 doba \u010dten\u00ed":"1 minuta"},"schema":{"@context":"https:\/\/schema.org","@graph":[{"@type":"WebPage","@id":"https:\/\/shopatoa.com\/cz\/miska-repti-planet-pro-hady-125cm\/","url":"https:\/\/shopatoa.com\/cz\/miska-repti-planet-pro-hady-125cm\/","name":"Miska Repti Planet pro hady 12,5cm - SHOPATOA.COM","isPartOf":{"@id":"https:\/\/shopatoa.com\/cz\/#website"},"primaryImageOfPage":{"@id":"https:\/\/shopatoa.com\/cz\/miska-repti-planet-pro-hady-125cm\/#primaryimage"},"image":{"@id":"https:\/\/shopatoa.com\/cz\/miska-repti-planet-pro-hady-125cm\/#primaryimage"},"thumbnailUrl":"https:\/\/storage.googleapis.com\/cz-shopatoa-img\/cz\/76ad8fd4-1_94286.jpg","datePublished":"2025-04-04T00:30:47+00:00","dateModified":"2026-01-31T19:09:56+00:00","breadcrumb":{"@id":"https:\/\/shopatoa.com\/cz\/miska-repti-planet-pro-hady-125cm\/#breadcrumb"},"inLanguage":"cs","potentialAction":[{"@type":"ReadAction","target":["https:\/\/shopatoa.com\/cz\/miska-repti-planet-pro-hady-125cm\/"]}]},{"@type":"ImageObject","inLanguage":"cs","@id":"https:\/\/shopatoa.com\/cz\/miska-repti-planet-pro-hady-125cm\/#primaryimage","url":"https:\/\/storage.googleapis.com\/cz-shopatoa-img\/cz\/76ad8fd4-1_94286.jpg","contentUrl":"https:\/\/storage.googleapis.com\/cz-shopatoa-img\/cz\/76ad8fd4-1_94286.jpg","width":600,"height":600},{"@type":"BreadcrumbList","@id":"https:\/\/shopatoa.com\/cz\/miska-repti-planet-pro-hady-125cm\/#breadcrumb","itemListElement":[{"@type":"ListItem","position":1,"name":"Dom\u016f","item":"https:\/\/shopatoa.com\/cz\/"},{"@type":"ListItem","position":2,"name":"Produkty","item":"https:\/\/shopatoa.com\/cz\/shop\/"},{"@type":"ListItem","position":3,"name":"Chovatelsk\u00e9 pot\u0159eby","item":"https:\/\/shopatoa.com\/cz\/chovatelske-potreby-2\/"},{"@type":"ListItem","position":4,"name":"Teraristika","item":"https:\/\/shopatoa.com\/cz\/teraristika\/"},{"@type":"ListItem","position":5,"name":"Miska Repti Planet pro hady 12,5cm"}]},{"@type":"WebSite","@id":"https:\/\/shopatoa.com\/cz\/#website","url":"https:\/\/shopatoa.com\/cz\/","name":"SHOPATOA","description":"","publisher":{"@id":"https:\/\/shopatoa.com\/cz\/#organization"},"potentialAction":[{"@type":"SearchAction","target":{"@type":"EntryPoint","urlTemplate":"https:\/\/shopatoa.com\/cz\/?s={search_term_string}"},"query-input":{"@type":"PropertyValueSpecification","valueRequired":true,"valueName":"search_term_string"}}],"inLanguage":"cs"},{"@type":"Organization","@id":"https:\/\/shopatoa.com\/cz\/#organization","name":"SHOPATOA Digital s.r.o.","url":"https:\/\/shopatoa.com\/cz\/","logo":{"@type":"ImageObject","inLanguage":"cs","@id":"https:\/\/shopatoa.com\/cz\/#\/schema\/logo\/image\/","url":"https:\/\/storage.googleapis.com\/cz-shopatoa-img\/cz\/ebccf434-shopatoa_logo.png","contentUrl":"https:\/\/storage.googleapis.com\/cz-shopatoa-img\/cz\/ebccf434-shopatoa_logo.png","width":416,"height":63,"caption":"SHOPATOA Digital s.r.o."},"image":{"@id":"https:\/\/shopatoa.com\/cz\/#\/schema\/logo\/image\/"}}]}},"_links":{"self":[{"href":"https:\/\/shopatoa.com\/cz\/wp-json\/wp\/v2\/product\/256228","targetHints":{"allow":["GET"]}}],"collection":[{"href":"https:\/\/shopatoa.com\/cz\/wp-json\/wp\/v2\/product"}],"about":[{"href":"https:\/\/shopatoa.com\/cz\/wp-json\/wp\/v2\/types\/product"}],"replies":[{"embeddable":true,"href":"https:\/\/shopatoa.com\/cz\/wp-json\/wp\/v2\/comments?post=256228"}],"wp:featuredmedia":[{"embeddable":true,"href":"https:\/\/shopatoa.com\/cz\/wp-json\/wp\/v2\/media\/256229"}],"wp:attachment":[{"href":"https:\/\/shopatoa.com\/cz\/wp-json\/wp\/v2\/media?parent=256228"}],"wp:term":[{"taxonomy":"product_brand","embeddable":true,"href":"https:\/\/shopatoa.com\/cz\/wp-json\/wp\/v2\/product_brand?post=256228"},{"taxonomy":"product_cat","embeddable":true,"href":"https:\/\/shopatoa.com\/cz\/wp-json\/wp\/v2\/product_cat?post=256228"},{"taxonomy":"product_tag","embeddable":true,"href":"https:\/\/shopatoa.com\/cz\/wp-json\/wp\/v2\/product_tag?post=256228"}],"curies":[{"name":"wp","href":"https:\/\/api.w.org\/{rel}","templated":true}]}}