{"id":256294,"date":"2025-04-04T02:41:44","date_gmt":"2025-04-04T00:41:44","guid":{"rendered":"https:\/\/shopatoa.com\/cz\/?post_type=product&#038;p=256294"},"modified":"2026-01-31T20:57:28","modified_gmt":"2026-01-31T19:57:28","slug":"seno-ceske-prirodni-lucni-2kg","status":"publish","type":"product","link":"https:\/\/shopatoa.com\/cz\/seno-ceske-prirodni-lucni-2kg\/","title":{"rendered":"Seno \u010desk\u00e9 p\u0159\u00edrodn\u00ed lu\u010dn\u00ed 2kg"},"content":{"rendered":"<p>Ru\u010dn\u011b t\u0159\u00edd\u011bn\u00e1 a balen\u00e1 sm\u011bs travin a bylin, bezpra\u0161n\u00e1. Nezbytn\u00fd, zdrav\u00fd, p\u0159\u00edrodn\u00ed z\u00e1klad krmn\u00e9 d\u00e1vky pro v\u0161echny kr\u00e1l\u00ed\u010dky, mor\u010data, \u010din\u010dily, osm\u00e1ky a jin\u00e9 drobn\u00e9 hlodavce. D\u00edky vysok\u00e9 kvalit\u011b uspokoj\u00ed i ty nejn\u00e1ro\u010dn\u011bj\u0161\u00ed z nich.<\/p>\n<p>Seno je chutnou a p\u0159irozenou sou\u010d\u00e1st\u00ed ka\u017edodenn\u00edho krmiva va\u0161eho zv\u00ed\u0159ete. P\u0159irozen\u011b obsa\u017een\u00e1 vl\u00e1knina napom\u00e1h\u00e1\u00a0spr\u00e1vn\u00e9 funkci za\u017e\u00edv\u00e1n\u00ed\u00a0kr\u00e1l\u00edk\u016f, mor\u010dat a dal\u0161\u00edch zv\u00ed\u0159at. Vl\u00e1knina je tak\u00e9 d\u016fle\u017eit\u00e1\u00a0pro spr\u00e1vn\u00fd r\u016fst a obru\u0161ov\u00e1n\u00ed zub\u016f\u00a0n\u011bkter\u00fdch druh\u016f zv\u00ed\u0159at, proto by jim m\u011blo b\u00fdt seno neust\u00e1le k dispozici.<\/p>\n<p>Slo\u017een\u00ed:\u00a0lu\u010dn\u00ed seno.<\/p>\n<p>Doporu\u010den\u00fd krmn\u00fd n\u00e1vod: Pod\u00e1vejte denn\u011b jako dopln\u011bk ke kompletn\u00edmu krmivu. V\u017edy zajist\u011bte zv\u00ed\u0159eti neomezen\u00fd p\u0159\u00edstup k \u010derstv\u00e9 pitn\u00e9 vod\u011b. Vhodn\u00e9 pro ka\u017edodenn\u00ed krmen\u00ed v\u00a0neomezen\u00e9m mno\u017estv\u00ed.<\/p>\n","protected":false},"excerpt":{"rendered":"<p>Ru\u010dn\u011b t\u0159\u00edd\u011bn\u00e1 a balen\u00e1 sm\u011bs travin a bylin, bezpra\u0161n\u00e1. Nezbytn\u00fd, zdrav\u00fd, p\u0159\u00edrodn\u00ed z\u00e1klad krmn\u00e9 d\u00e1vky pro v\u0161echny kr\u00e1l\u00ed\u010dky, mor\u010data, \u010din\u010dily, osm\u00e1ky a jin\u00e9 drobn\u00e9 hlodavce. D\u00edky vysok\u00e9 kvalit\u011b uspokoj\u00ed i ty nejn\u00e1ro\u010dn\u011bj\u0161\u00ed z nich. Seno je chutnou a p\u0159irozenou sou\u010d\u00e1st\u00ed ka\u017edodenn\u00edho krmiva va\u0161eho zv\u00ed\u0159ete. P\u0159irozen\u011b obsa\u017een\u00e1 vl\u00e1knina napom\u00e1h\u00e1\u00a0spr\u00e1vn\u00e9 funkci za\u017e\u00edv\u00e1n\u00ed\u00a0kr\u00e1l\u00edk\u016f, mor\u010dat a dal\u0161\u00edch zv\u00ed\u0159at. Vl\u00e1knina&#8230;<\/p>\n","protected":false},"featured_media":256295,"comment_status":"closed","ping_status":"open","template":"","meta":{"_acf_changed":false,"_kadence_starter_templates_imported_post":false,"_kad_post_transparent":"","_kad_post_title":"","_kad_post_layout":"","_kad_post_sidebar_id":"","_kad_post_content_style":"","_kad_post_vertical_padding":"","_kad_post_feature":"","_kad_post_feature_position":"","_kad_post_header":false,"_kad_post_footer":false,"_kad_post_classname":""},"product_brand":[2788],"product_cat":[436,2714,2501],"product_tag":[],"class_list":{"0":"post-256294","1":"product","2":"type-product","3":"status-publish","4":"has-post-thumbnail","6":"product_brand-ceske-seno","7":"product_cat-chovatelske-potreby-2","8":"product_cat-krmivo-pro-hlodavce","9":"product_cat-pro-hlodavce","10":"pa_obchod-superzoo-cz","12":"first","13":"instock","14":"product-type-external","15":"entry","16":"content-bg","17":"loop-entry"},"acf":[],"yoast_head":"<!-- This site is optimized with the Yoast SEO plugin v27.4 - https:\/\/yoast.com\/product\/yoast-seo-wordpress\/ -->\n<title>Seno \u010desk\u00e9 p\u0159\u00edrodn\u00ed lu\u010dn\u00ed 2kg - SHOPATOA.COM<\/title>\n<meta name=\"robots\" content=\"index, follow, max-snippet:-1, max-image-preview:large, max-video-preview:-1\" \/>\n<link rel=\"canonical\" href=\"https:\/\/shopatoa.com\/cz\/seno-ceske-prirodni-lucni-2kg\/\" \/>\n<meta property=\"og:locale\" content=\"cs_CZ\" \/>\n<meta property=\"og:type\" content=\"article\" \/>\n<meta property=\"og:title\" content=\"Seno \u010desk\u00e9 p\u0159\u00edrodn\u00ed lu\u010dn\u00ed 2kg - SHOPATOA.COM\" \/>\n<meta property=\"og:description\" content=\"Ru\u010dn\u011b t\u0159\u00edd\u011bn\u00e1 a balen\u00e1 sm\u011bs travin a bylin, bezpra\u0161n\u00e1. Nezbytn\u00fd, zdrav\u00fd, p\u0159\u00edrodn\u00ed z\u00e1klad krmn\u00e9 d\u00e1vky pro v\u0161echny kr\u00e1l\u00ed\u010dky, mor\u010data, \u010din\u010dily, osm\u00e1ky a jin\u00e9 drobn\u00e9 hlodavce. D\u00edky vysok\u00e9 kvalit\u011b uspokoj\u00ed i ty nejn\u00e1ro\u010dn\u011bj\u0161\u00ed z nich. Seno je chutnou a p\u0159irozenou sou\u010d\u00e1st\u00ed ka\u017edodenn\u00edho krmiva va\u0161eho zv\u00ed\u0159ete. P\u0159irozen\u011b obsa\u017een\u00e1 vl\u00e1knina napom\u00e1h\u00e1\u00a0spr\u00e1vn\u00e9 funkci za\u017e\u00edv\u00e1n\u00ed\u00a0kr\u00e1l\u00edk\u016f, mor\u010dat a dal\u0161\u00edch zv\u00ed\u0159at. Vl\u00e1knina...\" \/>\n<meta property=\"og:url\" content=\"https:\/\/shopatoa.com\/cz\/seno-ceske-prirodni-lucni-2kg\/\" \/>\n<meta property=\"og:site_name\" content=\"SHOPATOA\" \/>\n<meta property=\"article:modified_time\" content=\"2026-01-31T19:57:28+00:00\" \/>\n<meta property=\"og:image\" content=\"https:\/\/storage.googleapis.com\/cz-shopatoa-img\/cz\/b49756e6-1_94151.jpg\" \/>\n\t<meta property=\"og:image:width\" content=\"600\" \/>\n\t<meta property=\"og:image:height\" content=\"600\" \/>\n\t<meta property=\"og:image:type\" content=\"image\/jpeg\" \/>\n<meta name=\"twitter:card\" content=\"summary_large_image\" \/>\n<meta name=\"twitter:label1\" content=\"Odhadovan\u00e1 doba \u010dten\u00ed\" \/>\n\t<meta name=\"twitter:data1\" content=\"1 minuta\" \/>\n<script type=\"application\/ld+json\" class=\"yoast-schema-graph\">{\"@context\":\"https:\\\/\\\/schema.org\",\"@graph\":[{\"@type\":\"WebPage\",\"@id\":\"https:\\\/\\\/shopatoa.com\\\/cz\\\/seno-ceske-prirodni-lucni-2kg\\\/\",\"url\":\"https:\\\/\\\/shopatoa.com\\\/cz\\\/seno-ceske-prirodni-lucni-2kg\\\/\",\"name\":\"Seno \u010desk\u00e9 p\u0159\u00edrodn\u00ed lu\u010dn\u00ed 2kg - SHOPATOA.COM\",\"isPartOf\":{\"@id\":\"https:\\\/\\\/shopatoa.com\\\/cz\\\/#website\"},\"primaryImageOfPage\":{\"@id\":\"https:\\\/\\\/shopatoa.com\\\/cz\\\/seno-ceske-prirodni-lucni-2kg\\\/#primaryimage\"},\"image\":{\"@id\":\"https:\\\/\\\/shopatoa.com\\\/cz\\\/seno-ceske-prirodni-lucni-2kg\\\/#primaryimage\"},\"thumbnailUrl\":\"https:\\\/\\\/storage.googleapis.com\\\/cz-shopatoa-img\\\/cz\\\/b49756e6-1_94151.jpg\",\"datePublished\":\"2025-04-04T00:41:44+00:00\",\"dateModified\":\"2026-01-31T19:57:28+00:00\",\"breadcrumb\":{\"@id\":\"https:\\\/\\\/shopatoa.com\\\/cz\\\/seno-ceske-prirodni-lucni-2kg\\\/#breadcrumb\"},\"inLanguage\":\"cs\",\"potentialAction\":[{\"@type\":\"ReadAction\",\"target\":[\"https:\\\/\\\/shopatoa.com\\\/cz\\\/seno-ceske-prirodni-lucni-2kg\\\/\"]}]},{\"@type\":\"ImageObject\",\"inLanguage\":\"cs\",\"@id\":\"https:\\\/\\\/shopatoa.com\\\/cz\\\/seno-ceske-prirodni-lucni-2kg\\\/#primaryimage\",\"url\":\"https:\\\/\\\/storage.googleapis.com\\\/cz-shopatoa-img\\\/cz\\\/b49756e6-1_94151.jpg\",\"contentUrl\":\"https:\\\/\\\/storage.googleapis.com\\\/cz-shopatoa-img\\\/cz\\\/b49756e6-1_94151.jpg\",\"width\":600,\"height\":600},{\"@type\":\"BreadcrumbList\",\"@id\":\"https:\\\/\\\/shopatoa.com\\\/cz\\\/seno-ceske-prirodni-lucni-2kg\\\/#breadcrumb\",\"itemListElement\":[{\"@type\":\"ListItem\",\"position\":1,\"name\":\"Dom\u016f\",\"item\":\"https:\\\/\\\/shopatoa.com\\\/cz\\\/\"},{\"@type\":\"ListItem\",\"position\":2,\"name\":\"Produkty\",\"item\":\"https:\\\/\\\/shopatoa.com\\\/cz\\\/shop\\\/\"},{\"@type\":\"ListItem\",\"position\":3,\"name\":\"Chovatelsk\u00e9 pot\u0159eby\",\"item\":\"https:\\\/\\\/shopatoa.com\\\/cz\\\/chovatelske-potreby-2\\\/\"},{\"@type\":\"ListItem\",\"position\":4,\"name\":\"Pro hlodavce\",\"item\":\"https:\\\/\\\/shopatoa.com\\\/cz\\\/pro-hlodavce\\\/\"},{\"@type\":\"ListItem\",\"position\":5,\"name\":\"Krmivo pro hlodavce\",\"item\":\"https:\\\/\\\/shopatoa.com\\\/cz\\\/krmivo-pro-hlodavce\\\/\"},{\"@type\":\"ListItem\",\"position\":6,\"name\":\"Seno \u010desk\u00e9 p\u0159\u00edrodn\u00ed lu\u010dn\u00ed 2kg\"}]},{\"@type\":\"WebSite\",\"@id\":\"https:\\\/\\\/shopatoa.com\\\/cz\\\/#website\",\"url\":\"https:\\\/\\\/shopatoa.com\\\/cz\\\/\",\"name\":\"SHOPATOA\",\"description\":\"\",\"publisher\":{\"@id\":\"https:\\\/\\\/shopatoa.com\\\/cz\\\/#organization\"},\"potentialAction\":[{\"@type\":\"SearchAction\",\"target\":{\"@type\":\"EntryPoint\",\"urlTemplate\":\"https:\\\/\\\/shopatoa.com\\\/cz\\\/?s={search_term_string}\"},\"query-input\":{\"@type\":\"PropertyValueSpecification\",\"valueRequired\":true,\"valueName\":\"search_term_string\"}}],\"inLanguage\":\"cs\"},{\"@type\":\"Organization\",\"@id\":\"https:\\\/\\\/shopatoa.com\\\/cz\\\/#organization\",\"name\":\"SHOPATOA Digital s.r.o.\",\"url\":\"https:\\\/\\\/shopatoa.com\\\/cz\\\/\",\"logo\":{\"@type\":\"ImageObject\",\"inLanguage\":\"cs\",\"@id\":\"https:\\\/\\\/shopatoa.com\\\/cz\\\/#\\\/schema\\\/logo\\\/image\\\/\",\"url\":\"https:\\\/\\\/storage.googleapis.com\\\/cz-shopatoa-img\\\/cz\\\/ebccf434-shopatoa_logo.png\",\"contentUrl\":\"https:\\\/\\\/storage.googleapis.com\\\/cz-shopatoa-img\\\/cz\\\/ebccf434-shopatoa_logo.png\",\"width\":416,\"height\":63,\"caption\":\"SHOPATOA Digital s.r.o.\"},\"image\":{\"@id\":\"https:\\\/\\\/shopatoa.com\\\/cz\\\/#\\\/schema\\\/logo\\\/image\\\/\"}}]}<\/script>\n<!-- \/ Yoast SEO plugin. -->","yoast_head_json":{"title":"Seno \u010desk\u00e9 p\u0159\u00edrodn\u00ed lu\u010dn\u00ed 2kg - SHOPATOA.COM","robots":{"index":"index","follow":"follow","max-snippet":"max-snippet:-1","max-image-preview":"max-image-preview:large","max-video-preview":"max-video-preview:-1"},"canonical":"https:\/\/shopatoa.com\/cz\/seno-ceske-prirodni-lucni-2kg\/","og_locale":"cs_CZ","og_type":"article","og_title":"Seno \u010desk\u00e9 p\u0159\u00edrodn\u00ed lu\u010dn\u00ed 2kg - SHOPATOA.COM","og_description":"Ru\u010dn\u011b t\u0159\u00edd\u011bn\u00e1 a balen\u00e1 sm\u011bs travin a bylin, bezpra\u0161n\u00e1. Nezbytn\u00fd, zdrav\u00fd, p\u0159\u00edrodn\u00ed z\u00e1klad krmn\u00e9 d\u00e1vky pro v\u0161echny kr\u00e1l\u00ed\u010dky, mor\u010data, \u010din\u010dily, osm\u00e1ky a jin\u00e9 drobn\u00e9 hlodavce. D\u00edky vysok\u00e9 kvalit\u011b uspokoj\u00ed i ty nejn\u00e1ro\u010dn\u011bj\u0161\u00ed z nich. Seno je chutnou a p\u0159irozenou sou\u010d\u00e1st\u00ed ka\u017edodenn\u00edho krmiva va\u0161eho zv\u00ed\u0159ete. P\u0159irozen\u011b obsa\u017een\u00e1 vl\u00e1knina napom\u00e1h\u00e1\u00a0spr\u00e1vn\u00e9 funkci za\u017e\u00edv\u00e1n\u00ed\u00a0kr\u00e1l\u00edk\u016f, mor\u010dat a dal\u0161\u00edch zv\u00ed\u0159at. Vl\u00e1knina...","og_url":"https:\/\/shopatoa.com\/cz\/seno-ceske-prirodni-lucni-2kg\/","og_site_name":"SHOPATOA","article_modified_time":"2026-01-31T19:57:28+00:00","og_image":[{"width":600,"height":600,"url":"https:\/\/storage.googleapis.com\/cz-shopatoa-img\/cz\/b49756e6-1_94151.jpg","type":"image\/jpeg"}],"twitter_card":"summary_large_image","twitter_misc":{"Odhadovan\u00e1 doba \u010dten\u00ed":"1 minuta"},"schema":{"@context":"https:\/\/schema.org","@graph":[{"@type":"WebPage","@id":"https:\/\/shopatoa.com\/cz\/seno-ceske-prirodni-lucni-2kg\/","url":"https:\/\/shopatoa.com\/cz\/seno-ceske-prirodni-lucni-2kg\/","name":"Seno \u010desk\u00e9 p\u0159\u00edrodn\u00ed lu\u010dn\u00ed 2kg - SHOPATOA.COM","isPartOf":{"@id":"https:\/\/shopatoa.com\/cz\/#website"},"primaryImageOfPage":{"@id":"https:\/\/shopatoa.com\/cz\/seno-ceske-prirodni-lucni-2kg\/#primaryimage"},"image":{"@id":"https:\/\/shopatoa.com\/cz\/seno-ceske-prirodni-lucni-2kg\/#primaryimage"},"thumbnailUrl":"https:\/\/storage.googleapis.com\/cz-shopatoa-img\/cz\/b49756e6-1_94151.jpg","datePublished":"2025-04-04T00:41:44+00:00","dateModified":"2026-01-31T19:57:28+00:00","breadcrumb":{"@id":"https:\/\/shopatoa.com\/cz\/seno-ceske-prirodni-lucni-2kg\/#breadcrumb"},"inLanguage":"cs","potentialAction":[{"@type":"ReadAction","target":["https:\/\/shopatoa.com\/cz\/seno-ceske-prirodni-lucni-2kg\/"]}]},{"@type":"ImageObject","inLanguage":"cs","@id":"https:\/\/shopatoa.com\/cz\/seno-ceske-prirodni-lucni-2kg\/#primaryimage","url":"https:\/\/storage.googleapis.com\/cz-shopatoa-img\/cz\/b49756e6-1_94151.jpg","contentUrl":"https:\/\/storage.googleapis.com\/cz-shopatoa-img\/cz\/b49756e6-1_94151.jpg","width":600,"height":600},{"@type":"BreadcrumbList","@id":"https:\/\/shopatoa.com\/cz\/seno-ceske-prirodni-lucni-2kg\/#breadcrumb","itemListElement":[{"@type":"ListItem","position":1,"name":"Dom\u016f","item":"https:\/\/shopatoa.com\/cz\/"},{"@type":"ListItem","position":2,"name":"Produkty","item":"https:\/\/shopatoa.com\/cz\/shop\/"},{"@type":"ListItem","position":3,"name":"Chovatelsk\u00e9 pot\u0159eby","item":"https:\/\/shopatoa.com\/cz\/chovatelske-potreby-2\/"},{"@type":"ListItem","position":4,"name":"Pro hlodavce","item":"https:\/\/shopatoa.com\/cz\/pro-hlodavce\/"},{"@type":"ListItem","position":5,"name":"Krmivo pro hlodavce","item":"https:\/\/shopatoa.com\/cz\/krmivo-pro-hlodavce\/"},{"@type":"ListItem","position":6,"name":"Seno \u010desk\u00e9 p\u0159\u00edrodn\u00ed lu\u010dn\u00ed 2kg"}]},{"@type":"WebSite","@id":"https:\/\/shopatoa.com\/cz\/#website","url":"https:\/\/shopatoa.com\/cz\/","name":"SHOPATOA","description":"","publisher":{"@id":"https:\/\/shopatoa.com\/cz\/#organization"},"potentialAction":[{"@type":"SearchAction","target":{"@type":"EntryPoint","urlTemplate":"https:\/\/shopatoa.com\/cz\/?s={search_term_string}"},"query-input":{"@type":"PropertyValueSpecification","valueRequired":true,"valueName":"search_term_string"}}],"inLanguage":"cs"},{"@type":"Organization","@id":"https:\/\/shopatoa.com\/cz\/#organization","name":"SHOPATOA Digital s.r.o.","url":"https:\/\/shopatoa.com\/cz\/","logo":{"@type":"ImageObject","inLanguage":"cs","@id":"https:\/\/shopatoa.com\/cz\/#\/schema\/logo\/image\/","url":"https:\/\/storage.googleapis.com\/cz-shopatoa-img\/cz\/ebccf434-shopatoa_logo.png","contentUrl":"https:\/\/storage.googleapis.com\/cz-shopatoa-img\/cz\/ebccf434-shopatoa_logo.png","width":416,"height":63,"caption":"SHOPATOA Digital s.r.o."},"image":{"@id":"https:\/\/shopatoa.com\/cz\/#\/schema\/logo\/image\/"}}]}},"_links":{"self":[{"href":"https:\/\/shopatoa.com\/cz\/wp-json\/wp\/v2\/product\/256294","targetHints":{"allow":["GET"]}}],"collection":[{"href":"https:\/\/shopatoa.com\/cz\/wp-json\/wp\/v2\/product"}],"about":[{"href":"https:\/\/shopatoa.com\/cz\/wp-json\/wp\/v2\/types\/product"}],"replies":[{"embeddable":true,"href":"https:\/\/shopatoa.com\/cz\/wp-json\/wp\/v2\/comments?post=256294"}],"wp:featuredmedia":[{"embeddable":true,"href":"https:\/\/shopatoa.com\/cz\/wp-json\/wp\/v2\/media\/256295"}],"wp:attachment":[{"href":"https:\/\/shopatoa.com\/cz\/wp-json\/wp\/v2\/media?parent=256294"}],"wp:term":[{"taxonomy":"product_brand","embeddable":true,"href":"https:\/\/shopatoa.com\/cz\/wp-json\/wp\/v2\/product_brand?post=256294"},{"taxonomy":"product_cat","embeddable":true,"href":"https:\/\/shopatoa.com\/cz\/wp-json\/wp\/v2\/product_cat?post=256294"},{"taxonomy":"product_tag","embeddable":true,"href":"https:\/\/shopatoa.com\/cz\/wp-json\/wp\/v2\/product_tag?post=256294"}],"curies":[{"name":"wp","href":"https:\/\/api.w.org\/{rel}","templated":true}]}}