{"id":256308,"date":"2025-04-04T02:45:58","date_gmt":"2025-04-04T00:45:58","guid":{"rendered":"https:\/\/shopatoa.com\/cz\/?post_type=product&#038;p=256308"},"modified":"2026-02-03T21:00:34","modified_gmt":"2026-02-03T20:00:34","slug":"terarium-repti-planet-sitovane-professional-120cm","status":"publish","type":"product","link":"https:\/\/shopatoa.com\/cz\/terarium-repti-planet-sitovane-professional-120cm\/","title":{"rendered":"Ter\u00e1rium Repti Planet s\u00ed\u0165ovan\u00e9 Professional 120cm"},"content":{"rendered":"<p>Pr\u00e9miov\u00e9 s\u00ed\u0165ovan\u00e9 ter\u00e1rium vysok\u00e9 kvality, ide\u00e1ln\u00ed pro stromov\u00e9 plazy a oboj\u017eiveln\u00edky, kte\u0159\u00ed vy\u017eaduj\u00ed intenzivn\u011bj\u0161\u00ed proud\u011bn\u00ed vzduchu.\u200b<\/p>\n<p>S\u00ed\u0165 na v\u0161ech stran\u00e1ch ter\u00e1ria (v\u010detn\u011b p\u0159edn\u00ed a zadn\u00ed st\u011bny) zaji\u0161\u0165uje maxim\u00e1ln\u00ed mo\u017enou ventilaci a p\u0159\u00edstup \u010derstv\u00e9ho vzduchu (vhodn\u00e9 pro horsk\u00e9 chameleony, abronie a mnoho dal\u0161\u00edch plaz\u016f a oboj\u017eiveln\u00edk\u016f). <\/p>\n<p>Intenzivn\u00ed proud\u011bn\u00ed vzduchu minimalizuje tvorbu pl\u00edsn\u00ed.\u200b<\/p>\n<p>Specifikace<\/p>\n<p>\tVysoce kvalitn\u00ed \u010dern\u00fd hlin\u00edkov\u00fd r\u00e1m, odoln\u00fd proti korozi (velmi lehk\u00e1 konstrukce).<br \/>\n\tNov\u00fd patentovan\u00fd design pro snadnou mont\u00e1\u017e a demont\u00e1\u017e b\u011bhem p\u00e1r minut.<br \/>\n\tS\u00ed\u0165ovan\u00e1 v\u00fdpl\u0148 v\u0161ech bo\u010dn\u00edch i vrchn\u00edch d\u00edl\u016f je vyrobena z velmi kvalitn\u00ed lakovan\u00e9 nerezov\u00e9 oceli, odoln\u00e9 proti korozi.<br \/>\n\tS\u00ed\u0165ovan\u00e9 st\u011bny a strop umo\u017e\u0148uj\u00ed pronik\u00e1n\u00ed UVB z\u00e1\u0159en\u00ed. Proto sv\u011bteln\u00fd a tepeln\u00fd zdroj m\u016f\u017eete jednodu\u0161e um\u00edstit p\u0159\u00edmo k s\u00ed\u0165ce.<br \/>\n\tVykl\u00e1p\u011bc\u00ed p\u0159edn\u00ed spodn\u00ed d\u00edl usnad\u0148uje \u010di\u0161t\u011bn\u00ed a manipulaci.<br \/>\n\tPlastov\u00e1 vani\u010dka na dn\u011b umo\u017e\u0148uje pou\u017eit\u00ed substr\u00e1tu p\u0159\u00edmo v ter\u00e1riu.<br \/>\n\tAdapt\u00e9r pro kabely je ve stejn\u00e9m&#8230;<\/p>\n","protected":false},"excerpt":{"rendered":"<p>Pr\u00e9miov\u00e9 s\u00ed\u0165ovan\u00e9 ter\u00e1rium vysok\u00e9 kvality, ide\u00e1ln\u00ed pro stromov\u00e9 plazy a oboj\u017eiveln\u00edky, kte\u0159\u00ed vy\u017eaduj\u00ed intenzivn\u011bj\u0161\u00ed proud\u011bn\u00ed vzduchu.\u200b S\u00ed\u0165 na v\u0161ech stran\u00e1ch ter\u00e1ria (v\u010detn\u011b p\u0159edn\u00ed a zadn\u00ed st\u011bny) zaji\u0161\u0165uje maxim\u00e1ln\u00ed mo\u017enou ventilaci a p\u0159\u00edstup \u010derstv\u00e9ho vzduchu (vhodn\u00e9 pro horsk\u00e9 chameleony, abronie a mnoho dal\u0161\u00edch plaz\u016f a oboj\u017eiveln\u00edk\u016f). Intenzivn\u00ed proud\u011bn\u00ed vzduchu minimalizuje tvorbu pl\u00edsn\u00ed.\u200b Specifikace Vysoce kvalitn\u00ed \u010dern\u00fd&#8230;<\/p>\n","protected":false},"featured_media":256309,"comment_status":"closed","ping_status":"open","template":"","meta":{"_acf_changed":false,"_kadence_starter_templates_imported_post":false,"_kad_post_transparent":"","_kad_post_title":"","_kad_post_layout":"","_kad_post_sidebar_id":"","_kad_post_content_style":"","_kad_post_vertical_padding":"","_kad_post_feature":"","_kad_post_feature_position":"","_kad_post_header":false,"_kad_post_footer":false,"_kad_post_classname":""},"product_brand":[2722],"product_cat":[436,2555,2528],"product_tag":[],"class_list":{"0":"post-256308","1":"product","2":"type-product","3":"status-publish","4":"has-post-thumbnail","6":"product_brand-repti-planet","7":"product_cat-chovatelske-potreby-2","8":"product_cat-teraria","9":"product_cat-teraristika","10":"pa_obchod-superzoo-cz","12":"first","13":"instock","14":"product-type-external","15":"entry","16":"content-bg","17":"loop-entry"},"acf":[],"yoast_head":"<!-- This site is optimized with the Yoast SEO plugin v27.4 - https:\/\/yoast.com\/product\/yoast-seo-wordpress\/ -->\n<title>Ter\u00e1rium Repti Planet s\u00ed\u0165ovan\u00e9 Professional 120cm - SHOPATOA.COM<\/title>\n<meta name=\"robots\" content=\"index, follow, max-snippet:-1, max-image-preview:large, max-video-preview:-1\" \/>\n<link rel=\"canonical\" href=\"https:\/\/shopatoa.com\/cz\/terarium-repti-planet-sitovane-professional-120cm\/\" \/>\n<meta property=\"og:locale\" content=\"cs_CZ\" \/>\n<meta property=\"og:type\" content=\"article\" \/>\n<meta property=\"og:title\" content=\"Ter\u00e1rium Repti Planet s\u00ed\u0165ovan\u00e9 Professional 120cm - SHOPATOA.COM\" \/>\n<meta property=\"og:description\" content=\"Pr\u00e9miov\u00e9 s\u00ed\u0165ovan\u00e9 ter\u00e1rium vysok\u00e9 kvality, ide\u00e1ln\u00ed pro stromov\u00e9 plazy a oboj\u017eiveln\u00edky, kte\u0159\u00ed vy\u017eaduj\u00ed intenzivn\u011bj\u0161\u00ed proud\u011bn\u00ed vzduchu.\u200b S\u00ed\u0165 na v\u0161ech stran\u00e1ch ter\u00e1ria (v\u010detn\u011b p\u0159edn\u00ed a zadn\u00ed st\u011bny) zaji\u0161\u0165uje maxim\u00e1ln\u00ed mo\u017enou ventilaci a p\u0159\u00edstup \u010derstv\u00e9ho vzduchu (vhodn\u00e9 pro horsk\u00e9 chameleony, abronie a mnoho dal\u0161\u00edch plaz\u016f a oboj\u017eiveln\u00edk\u016f). Intenzivn\u00ed proud\u011bn\u00ed vzduchu minimalizuje tvorbu pl\u00edsn\u00ed.\u200b Specifikace Vysoce kvalitn\u00ed \u010dern\u00fd...\" \/>\n<meta property=\"og:url\" content=\"https:\/\/shopatoa.com\/cz\/terarium-repti-planet-sitovane-professional-120cm\/\" \/>\n<meta property=\"og:site_name\" content=\"SHOPATOA\" \/>\n<meta property=\"article:modified_time\" content=\"2026-02-03T20:00:34+00:00\" \/>\n<meta property=\"og:image\" content=\"https:\/\/storage.googleapis.com\/cz-shopatoa-img\/cz\/ad3f64f2-1_94330.jpg\" \/>\n\t<meta property=\"og:image:width\" content=\"600\" \/>\n\t<meta property=\"og:image:height\" content=\"600\" \/>\n\t<meta property=\"og:image:type\" content=\"image\/jpeg\" \/>\n<meta name=\"twitter:card\" content=\"summary_large_image\" \/>\n<meta name=\"twitter:label1\" content=\"Odhadovan\u00e1 doba \u010dten\u00ed\" \/>\n\t<meta name=\"twitter:data1\" content=\"1 minuta\" \/>\n<script type=\"application\/ld+json\" class=\"yoast-schema-graph\">{\"@context\":\"https:\\\/\\\/schema.org\",\"@graph\":[{\"@type\":\"WebPage\",\"@id\":\"https:\\\/\\\/shopatoa.com\\\/cz\\\/terarium-repti-planet-sitovane-professional-120cm\\\/\",\"url\":\"https:\\\/\\\/shopatoa.com\\\/cz\\\/terarium-repti-planet-sitovane-professional-120cm\\\/\",\"name\":\"Ter\u00e1rium Repti Planet s\u00ed\u0165ovan\u00e9 Professional 120cm - SHOPATOA.COM\",\"isPartOf\":{\"@id\":\"https:\\\/\\\/shopatoa.com\\\/cz\\\/#website\"},\"primaryImageOfPage\":{\"@id\":\"https:\\\/\\\/shopatoa.com\\\/cz\\\/terarium-repti-planet-sitovane-professional-120cm\\\/#primaryimage\"},\"image\":{\"@id\":\"https:\\\/\\\/shopatoa.com\\\/cz\\\/terarium-repti-planet-sitovane-professional-120cm\\\/#primaryimage\"},\"thumbnailUrl\":\"https:\\\/\\\/storage.googleapis.com\\\/cz-shopatoa-img\\\/cz\\\/ad3f64f2-1_94330.jpg\",\"datePublished\":\"2025-04-04T00:45:58+00:00\",\"dateModified\":\"2026-02-03T20:00:34+00:00\",\"breadcrumb\":{\"@id\":\"https:\\\/\\\/shopatoa.com\\\/cz\\\/terarium-repti-planet-sitovane-professional-120cm\\\/#breadcrumb\"},\"inLanguage\":\"cs\",\"potentialAction\":[{\"@type\":\"ReadAction\",\"target\":[\"https:\\\/\\\/shopatoa.com\\\/cz\\\/terarium-repti-planet-sitovane-professional-120cm\\\/\"]}]},{\"@type\":\"ImageObject\",\"inLanguage\":\"cs\",\"@id\":\"https:\\\/\\\/shopatoa.com\\\/cz\\\/terarium-repti-planet-sitovane-professional-120cm\\\/#primaryimage\",\"url\":\"https:\\\/\\\/storage.googleapis.com\\\/cz-shopatoa-img\\\/cz\\\/ad3f64f2-1_94330.jpg\",\"contentUrl\":\"https:\\\/\\\/storage.googleapis.com\\\/cz-shopatoa-img\\\/cz\\\/ad3f64f2-1_94330.jpg\",\"width\":600,\"height\":600},{\"@type\":\"BreadcrumbList\",\"@id\":\"https:\\\/\\\/shopatoa.com\\\/cz\\\/terarium-repti-planet-sitovane-professional-120cm\\\/#breadcrumb\",\"itemListElement\":[{\"@type\":\"ListItem\",\"position\":1,\"name\":\"Dom\u016f\",\"item\":\"https:\\\/\\\/shopatoa.com\\\/cz\\\/\"},{\"@type\":\"ListItem\",\"position\":2,\"name\":\"Produkty\",\"item\":\"https:\\\/\\\/shopatoa.com\\\/cz\\\/shop\\\/\"},{\"@type\":\"ListItem\",\"position\":3,\"name\":\"Chovatelsk\u00e9 pot\u0159eby\",\"item\":\"https:\\\/\\\/shopatoa.com\\\/cz\\\/chovatelske-potreby-2\\\/\"},{\"@type\":\"ListItem\",\"position\":4,\"name\":\"Teraristika\",\"item\":\"https:\\\/\\\/shopatoa.com\\\/cz\\\/teraristika\\\/\"},{\"@type\":\"ListItem\",\"position\":5,\"name\":\"Ter\u00e1ria\",\"item\":\"https:\\\/\\\/shopatoa.com\\\/cz\\\/teraria\\\/\"},{\"@type\":\"ListItem\",\"position\":6,\"name\":\"Ter\u00e1rium Repti Planet s\u00ed\u0165ovan\u00e9 Professional 120cm\"}]},{\"@type\":\"WebSite\",\"@id\":\"https:\\\/\\\/shopatoa.com\\\/cz\\\/#website\",\"url\":\"https:\\\/\\\/shopatoa.com\\\/cz\\\/\",\"name\":\"SHOPATOA\",\"description\":\"\",\"publisher\":{\"@id\":\"https:\\\/\\\/shopatoa.com\\\/cz\\\/#organization\"},\"potentialAction\":[{\"@type\":\"SearchAction\",\"target\":{\"@type\":\"EntryPoint\",\"urlTemplate\":\"https:\\\/\\\/shopatoa.com\\\/cz\\\/?s={search_term_string}\"},\"query-input\":{\"@type\":\"PropertyValueSpecification\",\"valueRequired\":true,\"valueName\":\"search_term_string\"}}],\"inLanguage\":\"cs\"},{\"@type\":\"Organization\",\"@id\":\"https:\\\/\\\/shopatoa.com\\\/cz\\\/#organization\",\"name\":\"SHOPATOA Digital s.r.o.\",\"url\":\"https:\\\/\\\/shopatoa.com\\\/cz\\\/\",\"logo\":{\"@type\":\"ImageObject\",\"inLanguage\":\"cs\",\"@id\":\"https:\\\/\\\/shopatoa.com\\\/cz\\\/#\\\/schema\\\/logo\\\/image\\\/\",\"url\":\"https:\\\/\\\/storage.googleapis.com\\\/cz-shopatoa-img\\\/cz\\\/ebccf434-shopatoa_logo.png\",\"contentUrl\":\"https:\\\/\\\/storage.googleapis.com\\\/cz-shopatoa-img\\\/cz\\\/ebccf434-shopatoa_logo.png\",\"width\":416,\"height\":63,\"caption\":\"SHOPATOA Digital s.r.o.\"},\"image\":{\"@id\":\"https:\\\/\\\/shopatoa.com\\\/cz\\\/#\\\/schema\\\/logo\\\/image\\\/\"}}]}<\/script>\n<!-- \/ Yoast SEO plugin. -->","yoast_head_json":{"title":"Ter\u00e1rium Repti Planet s\u00ed\u0165ovan\u00e9 Professional 120cm - SHOPATOA.COM","robots":{"index":"index","follow":"follow","max-snippet":"max-snippet:-1","max-image-preview":"max-image-preview:large","max-video-preview":"max-video-preview:-1"},"canonical":"https:\/\/shopatoa.com\/cz\/terarium-repti-planet-sitovane-professional-120cm\/","og_locale":"cs_CZ","og_type":"article","og_title":"Ter\u00e1rium Repti Planet s\u00ed\u0165ovan\u00e9 Professional 120cm - SHOPATOA.COM","og_description":"Pr\u00e9miov\u00e9 s\u00ed\u0165ovan\u00e9 ter\u00e1rium vysok\u00e9 kvality, ide\u00e1ln\u00ed pro stromov\u00e9 plazy a oboj\u017eiveln\u00edky, kte\u0159\u00ed vy\u017eaduj\u00ed intenzivn\u011bj\u0161\u00ed proud\u011bn\u00ed vzduchu.\u200b S\u00ed\u0165 na v\u0161ech stran\u00e1ch ter\u00e1ria (v\u010detn\u011b p\u0159edn\u00ed a zadn\u00ed st\u011bny) zaji\u0161\u0165uje maxim\u00e1ln\u00ed mo\u017enou ventilaci a p\u0159\u00edstup \u010derstv\u00e9ho vzduchu (vhodn\u00e9 pro horsk\u00e9 chameleony, abronie a mnoho dal\u0161\u00edch plaz\u016f a oboj\u017eiveln\u00edk\u016f). Intenzivn\u00ed proud\u011bn\u00ed vzduchu minimalizuje tvorbu pl\u00edsn\u00ed.\u200b Specifikace Vysoce kvalitn\u00ed \u010dern\u00fd...","og_url":"https:\/\/shopatoa.com\/cz\/terarium-repti-planet-sitovane-professional-120cm\/","og_site_name":"SHOPATOA","article_modified_time":"2026-02-03T20:00:34+00:00","og_image":[{"width":600,"height":600,"url":"https:\/\/storage.googleapis.com\/cz-shopatoa-img\/cz\/ad3f64f2-1_94330.jpg","type":"image\/jpeg"}],"twitter_card":"summary_large_image","twitter_misc":{"Odhadovan\u00e1 doba \u010dten\u00ed":"1 minuta"},"schema":{"@context":"https:\/\/schema.org","@graph":[{"@type":"WebPage","@id":"https:\/\/shopatoa.com\/cz\/terarium-repti-planet-sitovane-professional-120cm\/","url":"https:\/\/shopatoa.com\/cz\/terarium-repti-planet-sitovane-professional-120cm\/","name":"Ter\u00e1rium Repti Planet s\u00ed\u0165ovan\u00e9 Professional 120cm - SHOPATOA.COM","isPartOf":{"@id":"https:\/\/shopatoa.com\/cz\/#website"},"primaryImageOfPage":{"@id":"https:\/\/shopatoa.com\/cz\/terarium-repti-planet-sitovane-professional-120cm\/#primaryimage"},"image":{"@id":"https:\/\/shopatoa.com\/cz\/terarium-repti-planet-sitovane-professional-120cm\/#primaryimage"},"thumbnailUrl":"https:\/\/storage.googleapis.com\/cz-shopatoa-img\/cz\/ad3f64f2-1_94330.jpg","datePublished":"2025-04-04T00:45:58+00:00","dateModified":"2026-02-03T20:00:34+00:00","breadcrumb":{"@id":"https:\/\/shopatoa.com\/cz\/terarium-repti-planet-sitovane-professional-120cm\/#breadcrumb"},"inLanguage":"cs","potentialAction":[{"@type":"ReadAction","target":["https:\/\/shopatoa.com\/cz\/terarium-repti-planet-sitovane-professional-120cm\/"]}]},{"@type":"ImageObject","inLanguage":"cs","@id":"https:\/\/shopatoa.com\/cz\/terarium-repti-planet-sitovane-professional-120cm\/#primaryimage","url":"https:\/\/storage.googleapis.com\/cz-shopatoa-img\/cz\/ad3f64f2-1_94330.jpg","contentUrl":"https:\/\/storage.googleapis.com\/cz-shopatoa-img\/cz\/ad3f64f2-1_94330.jpg","width":600,"height":600},{"@type":"BreadcrumbList","@id":"https:\/\/shopatoa.com\/cz\/terarium-repti-planet-sitovane-professional-120cm\/#breadcrumb","itemListElement":[{"@type":"ListItem","position":1,"name":"Dom\u016f","item":"https:\/\/shopatoa.com\/cz\/"},{"@type":"ListItem","position":2,"name":"Produkty","item":"https:\/\/shopatoa.com\/cz\/shop\/"},{"@type":"ListItem","position":3,"name":"Chovatelsk\u00e9 pot\u0159eby","item":"https:\/\/shopatoa.com\/cz\/chovatelske-potreby-2\/"},{"@type":"ListItem","position":4,"name":"Teraristika","item":"https:\/\/shopatoa.com\/cz\/teraristika\/"},{"@type":"ListItem","position":5,"name":"Ter\u00e1ria","item":"https:\/\/shopatoa.com\/cz\/teraria\/"},{"@type":"ListItem","position":6,"name":"Ter\u00e1rium Repti Planet s\u00ed\u0165ovan\u00e9 Professional 120cm"}]},{"@type":"WebSite","@id":"https:\/\/shopatoa.com\/cz\/#website","url":"https:\/\/shopatoa.com\/cz\/","name":"SHOPATOA","description":"","publisher":{"@id":"https:\/\/shopatoa.com\/cz\/#organization"},"potentialAction":[{"@type":"SearchAction","target":{"@type":"EntryPoint","urlTemplate":"https:\/\/shopatoa.com\/cz\/?s={search_term_string}"},"query-input":{"@type":"PropertyValueSpecification","valueRequired":true,"valueName":"search_term_string"}}],"inLanguage":"cs"},{"@type":"Organization","@id":"https:\/\/shopatoa.com\/cz\/#organization","name":"SHOPATOA Digital s.r.o.","url":"https:\/\/shopatoa.com\/cz\/","logo":{"@type":"ImageObject","inLanguage":"cs","@id":"https:\/\/shopatoa.com\/cz\/#\/schema\/logo\/image\/","url":"https:\/\/storage.googleapis.com\/cz-shopatoa-img\/cz\/ebccf434-shopatoa_logo.png","contentUrl":"https:\/\/storage.googleapis.com\/cz-shopatoa-img\/cz\/ebccf434-shopatoa_logo.png","width":416,"height":63,"caption":"SHOPATOA Digital s.r.o."},"image":{"@id":"https:\/\/shopatoa.com\/cz\/#\/schema\/logo\/image\/"}}]}},"_links":{"self":[{"href":"https:\/\/shopatoa.com\/cz\/wp-json\/wp\/v2\/product\/256308","targetHints":{"allow":["GET"]}}],"collection":[{"href":"https:\/\/shopatoa.com\/cz\/wp-json\/wp\/v2\/product"}],"about":[{"href":"https:\/\/shopatoa.com\/cz\/wp-json\/wp\/v2\/types\/product"}],"replies":[{"embeddable":true,"href":"https:\/\/shopatoa.com\/cz\/wp-json\/wp\/v2\/comments?post=256308"}],"wp:featuredmedia":[{"embeddable":true,"href":"https:\/\/shopatoa.com\/cz\/wp-json\/wp\/v2\/media\/256309"}],"wp:attachment":[{"href":"https:\/\/shopatoa.com\/cz\/wp-json\/wp\/v2\/media?parent=256308"}],"wp:term":[{"taxonomy":"product_brand","embeddable":true,"href":"https:\/\/shopatoa.com\/cz\/wp-json\/wp\/v2\/product_brand?post=256308"},{"taxonomy":"product_cat","embeddable":true,"href":"https:\/\/shopatoa.com\/cz\/wp-json\/wp\/v2\/product_cat?post=256308"},{"taxonomy":"product_tag","embeddable":true,"href":"https:\/\/shopatoa.com\/cz\/wp-json\/wp\/v2\/product_tag?post=256308"}],"curies":[{"name":"wp","href":"https:\/\/api.w.org\/{rel}","templated":true}]}}