{"id":256336,"date":"2025-04-04T02:51:11","date_gmt":"2025-04-04T00:51:11","guid":{"rendered":"https:\/\/shopatoa.com\/cz\/?post_type=product&#038;p=256336"},"modified":"2026-01-31T11:57:56","modified_gmt":"2026-01-31T10:57:56","slug":"sera-aquatan-500ml","status":"publish","type":"product","link":"https:\/\/shopatoa.com\/cz\/sera-aquatan-500ml\/","title":{"rendered":"Sera Aquatan 500ml"},"content":{"rendered":"<p>Sera Aquatan upravuje vodu z\u00a0kohoutku na vodu vhodnou pro akvarijn\u00ed ryby.<\/p>\n<p>Pokud ryby \u017eij\u00ed v\u00a0akv\u00e1riu s\u00a0\u010distou vodou upravenou dle jejich pot\u0159eb, vy\u017eaduje pak \u00fadr\u017eba akv\u00e1ria m\u00e9n\u011b \u00fasil\u00ed.<\/p>\n<p>Sera Aquatan m\u00e1 okam\u017eit\u00fd \u00fa\u010dinek.<\/p>\n<p>\tD\u00edky neutr\u00e1ln\u00edmu PH m\u016f\u017ee b\u00fdt p\u0159\u00edpravek pou\u017eit p\u0159i transportu ryb.<br \/>\n\tEliminace chl\u00f3ru.<br \/>\n\tV\u00e1\u017ee t\u011b\u017ek\u00e9 kovy.<br \/>\n\tObsa\u017een\u00fd j\u00f3d podporuje vybarven\u00ed ryb.<br \/>\n\tOchrann\u00e9 koloidy chr\u00e1n\u00ed ko\u017en\u00ed sliz a \u017e\u00e1bry.<br \/>\n\tNem\u011bn\u00ed PH vody ani v\u00a0p\u0159\u00edpad\u011b, \u017ee bylo pou\u017eito v\u011bt\u0161\u00ed mno\u017estv\u00ed p\u0159\u00edpravku.<br \/>\n\tZdrav\u00fd r\u016fst a vitalita ryb d\u00edky obsa\u017een\u00e9mu ho\u0159\u010d\u00edku<br \/>\n\tM\u00e9n\u011b stresu a podpora funkce nervov\u00e9ho syst\u00e9mu d\u00edky komplexu vitam\u00ednu B.<\/p>\n","protected":false},"excerpt":{"rendered":"<p>Sera Aquatan upravuje vodu z\u00a0kohoutku na vodu vhodnou pro akvarijn\u00ed ryby. Pokud ryby \u017eij\u00ed v\u00a0akv\u00e1riu s\u00a0\u010distou vodou upravenou dle jejich pot\u0159eb, vy\u017eaduje pak \u00fadr\u017eba akv\u00e1ria m\u00e9n\u011b \u00fasil\u00ed. Sera Aquatan m\u00e1 okam\u017eit\u00fd \u00fa\u010dinek. D\u00edky neutr\u00e1ln\u00edmu PH m\u016f\u017ee b\u00fdt p\u0159\u00edpravek pou\u017eit p\u0159i transportu ryb. Eliminace chl\u00f3ru. V\u00e1\u017ee t\u011b\u017ek\u00e9 kovy. Obsa\u017een\u00fd j\u00f3d podporuje vybarven\u00ed ryb. Ochrann\u00e9 koloidy chr\u00e1n\u00ed&#8230;<\/p>\n","protected":false},"featured_media":256337,"comment_status":"closed","ping_status":"open","template":"","meta":{"_acf_changed":false,"_kadence_starter_templates_imported_post":false,"_kad_post_transparent":"","_kad_post_title":"","_kad_post_layout":"","_kad_post_sidebar_id":"","_kad_post_content_style":"","_kad_post_vertical_padding":"","_kad_post_feature":"","_kad_post_feature_position":"","_kad_post_header":false,"_kad_post_footer":false,"_kad_post_classname":""},"product_brand":[2709],"product_cat":[2510,436,2513,2615],"product_tag":[],"class_list":{"0":"post-256336","1":"product","2":"type-product","3":"status-publish","4":"has-post-thumbnail","6":"product_brand-sera","7":"product_cat-akvaristika","8":"product_cat-chovatelske-potreby-2","9":"product_cat-pece-a-udrzba-akvaria","10":"product_cat-uprava-akvarijni-vody-a-testy","11":"pa_obchod-superzoo-cz","13":"first","14":"instock","15":"product-type-external","16":"entry","17":"content-bg","18":"loop-entry"},"acf":[],"yoast_head":"<!-- This site is optimized with the Yoast SEO plugin v27.4 - https:\/\/yoast.com\/product\/yoast-seo-wordpress\/ -->\n<title>Sera Aquatan 500ml - SHOPATOA.COM<\/title>\n<meta name=\"robots\" content=\"index, follow, max-snippet:-1, max-image-preview:large, max-video-preview:-1\" \/>\n<link rel=\"canonical\" href=\"https:\/\/shopatoa.com\/cz\/sera-aquatan-500ml\/\" \/>\n<meta property=\"og:locale\" content=\"cs_CZ\" \/>\n<meta property=\"og:type\" content=\"article\" \/>\n<meta property=\"og:title\" content=\"Sera Aquatan 500ml - SHOPATOA.COM\" \/>\n<meta property=\"og:description\" content=\"Sera Aquatan upravuje vodu z\u00a0kohoutku na vodu vhodnou pro akvarijn\u00ed ryby. Pokud ryby \u017eij\u00ed v\u00a0akv\u00e1riu s\u00a0\u010distou vodou upravenou dle jejich pot\u0159eb, vy\u017eaduje pak \u00fadr\u017eba akv\u00e1ria m\u00e9n\u011b \u00fasil\u00ed. Sera Aquatan m\u00e1 okam\u017eit\u00fd \u00fa\u010dinek. D\u00edky neutr\u00e1ln\u00edmu PH m\u016f\u017ee b\u00fdt p\u0159\u00edpravek pou\u017eit p\u0159i transportu ryb. Eliminace chl\u00f3ru. V\u00e1\u017ee t\u011b\u017ek\u00e9 kovy. Obsa\u017een\u00fd j\u00f3d podporuje vybarven\u00ed ryb. Ochrann\u00e9 koloidy chr\u00e1n\u00ed...\" \/>\n<meta property=\"og:url\" content=\"https:\/\/shopatoa.com\/cz\/sera-aquatan-500ml\/\" \/>\n<meta property=\"og:site_name\" content=\"SHOPATOA\" \/>\n<meta property=\"article:modified_time\" content=\"2026-01-31T10:57:56+00:00\" \/>\n<meta property=\"og:image\" content=\"https:\/\/storage.googleapis.com\/cz-shopatoa-img\/cz\/16a6a15c-1_62199.jpg\" \/>\n\t<meta property=\"og:image:width\" content=\"600\" \/>\n\t<meta property=\"og:image:height\" content=\"600\" \/>\n\t<meta property=\"og:image:type\" content=\"image\/jpeg\" \/>\n<meta name=\"twitter:card\" content=\"summary_large_image\" \/>\n<meta name=\"twitter:label1\" content=\"Odhadovan\u00e1 doba \u010dten\u00ed\" \/>\n\t<meta name=\"twitter:data1\" content=\"1 minuta\" \/>\n<script type=\"application\/ld+json\" class=\"yoast-schema-graph\">{\"@context\":\"https:\\\/\\\/schema.org\",\"@graph\":[{\"@type\":\"WebPage\",\"@id\":\"https:\\\/\\\/shopatoa.com\\\/cz\\\/sera-aquatan-500ml\\\/\",\"url\":\"https:\\\/\\\/shopatoa.com\\\/cz\\\/sera-aquatan-500ml\\\/\",\"name\":\"Sera Aquatan 500ml - SHOPATOA.COM\",\"isPartOf\":{\"@id\":\"https:\\\/\\\/shopatoa.com\\\/cz\\\/#website\"},\"primaryImageOfPage\":{\"@id\":\"https:\\\/\\\/shopatoa.com\\\/cz\\\/sera-aquatan-500ml\\\/#primaryimage\"},\"image\":{\"@id\":\"https:\\\/\\\/shopatoa.com\\\/cz\\\/sera-aquatan-500ml\\\/#primaryimage\"},\"thumbnailUrl\":\"https:\\\/\\\/storage.googleapis.com\\\/cz-shopatoa-img\\\/cz\\\/16a6a15c-1_62199.jpg\",\"datePublished\":\"2025-04-04T00:51:11+00:00\",\"dateModified\":\"2026-01-31T10:57:56+00:00\",\"breadcrumb\":{\"@id\":\"https:\\\/\\\/shopatoa.com\\\/cz\\\/sera-aquatan-500ml\\\/#breadcrumb\"},\"inLanguage\":\"cs\",\"potentialAction\":[{\"@type\":\"ReadAction\",\"target\":[\"https:\\\/\\\/shopatoa.com\\\/cz\\\/sera-aquatan-500ml\\\/\"]}]},{\"@type\":\"ImageObject\",\"inLanguage\":\"cs\",\"@id\":\"https:\\\/\\\/shopatoa.com\\\/cz\\\/sera-aquatan-500ml\\\/#primaryimage\",\"url\":\"https:\\\/\\\/storage.googleapis.com\\\/cz-shopatoa-img\\\/cz\\\/16a6a15c-1_62199.jpg\",\"contentUrl\":\"https:\\\/\\\/storage.googleapis.com\\\/cz-shopatoa-img\\\/cz\\\/16a6a15c-1_62199.jpg\",\"width\":600,\"height\":600},{\"@type\":\"BreadcrumbList\",\"@id\":\"https:\\\/\\\/shopatoa.com\\\/cz\\\/sera-aquatan-500ml\\\/#breadcrumb\",\"itemListElement\":[{\"@type\":\"ListItem\",\"position\":1,\"name\":\"Dom\u016f\",\"item\":\"https:\\\/\\\/shopatoa.com\\\/cz\\\/\"},{\"@type\":\"ListItem\",\"position\":2,\"name\":\"Produkty\",\"item\":\"https:\\\/\\\/shopatoa.com\\\/cz\\\/shop\\\/\"},{\"@type\":\"ListItem\",\"position\":3,\"name\":\"Chovatelsk\u00e9 pot\u0159eby\",\"item\":\"https:\\\/\\\/shopatoa.com\\\/cz\\\/chovatelske-potreby-2\\\/\"},{\"@type\":\"ListItem\",\"position\":4,\"name\":\"Akvaristika\",\"item\":\"https:\\\/\\\/shopatoa.com\\\/cz\\\/akvaristika\\\/\"},{\"@type\":\"ListItem\",\"position\":5,\"name\":\"P\u00e9\u010de a \u00fadr\u017eba akv\u00e1ria\",\"item\":\"https:\\\/\\\/shopatoa.com\\\/cz\\\/pece-a-udrzba-akvaria\\\/\"},{\"@type\":\"ListItem\",\"position\":6,\"name\":\"\u00daprava akvarijn\u00ed vody a testy\",\"item\":\"https:\\\/\\\/shopatoa.com\\\/cz\\\/uprava-akvarijni-vody-a-testy\\\/\"},{\"@type\":\"ListItem\",\"position\":7,\"name\":\"Sera Aquatan 500ml\"}]},{\"@type\":\"WebSite\",\"@id\":\"https:\\\/\\\/shopatoa.com\\\/cz\\\/#website\",\"url\":\"https:\\\/\\\/shopatoa.com\\\/cz\\\/\",\"name\":\"SHOPATOA\",\"description\":\"\",\"publisher\":{\"@id\":\"https:\\\/\\\/shopatoa.com\\\/cz\\\/#organization\"},\"potentialAction\":[{\"@type\":\"SearchAction\",\"target\":{\"@type\":\"EntryPoint\",\"urlTemplate\":\"https:\\\/\\\/shopatoa.com\\\/cz\\\/?s={search_term_string}\"},\"query-input\":{\"@type\":\"PropertyValueSpecification\",\"valueRequired\":true,\"valueName\":\"search_term_string\"}}],\"inLanguage\":\"cs\"},{\"@type\":\"Organization\",\"@id\":\"https:\\\/\\\/shopatoa.com\\\/cz\\\/#organization\",\"name\":\"SHOPATOA Digital s.r.o.\",\"url\":\"https:\\\/\\\/shopatoa.com\\\/cz\\\/\",\"logo\":{\"@type\":\"ImageObject\",\"inLanguage\":\"cs\",\"@id\":\"https:\\\/\\\/shopatoa.com\\\/cz\\\/#\\\/schema\\\/logo\\\/image\\\/\",\"url\":\"https:\\\/\\\/storage.googleapis.com\\\/cz-shopatoa-img\\\/cz\\\/ebccf434-shopatoa_logo.png\",\"contentUrl\":\"https:\\\/\\\/storage.googleapis.com\\\/cz-shopatoa-img\\\/cz\\\/ebccf434-shopatoa_logo.png\",\"width\":416,\"height\":63,\"caption\":\"SHOPATOA Digital s.r.o.\"},\"image\":{\"@id\":\"https:\\\/\\\/shopatoa.com\\\/cz\\\/#\\\/schema\\\/logo\\\/image\\\/\"}}]}<\/script>\n<!-- \/ Yoast SEO plugin. -->","yoast_head_json":{"title":"Sera Aquatan 500ml - SHOPATOA.COM","robots":{"index":"index","follow":"follow","max-snippet":"max-snippet:-1","max-image-preview":"max-image-preview:large","max-video-preview":"max-video-preview:-1"},"canonical":"https:\/\/shopatoa.com\/cz\/sera-aquatan-500ml\/","og_locale":"cs_CZ","og_type":"article","og_title":"Sera Aquatan 500ml - SHOPATOA.COM","og_description":"Sera Aquatan upravuje vodu z\u00a0kohoutku na vodu vhodnou pro akvarijn\u00ed ryby. Pokud ryby \u017eij\u00ed v\u00a0akv\u00e1riu s\u00a0\u010distou vodou upravenou dle jejich pot\u0159eb, vy\u017eaduje pak \u00fadr\u017eba akv\u00e1ria m\u00e9n\u011b \u00fasil\u00ed. Sera Aquatan m\u00e1 okam\u017eit\u00fd \u00fa\u010dinek. D\u00edky neutr\u00e1ln\u00edmu PH m\u016f\u017ee b\u00fdt p\u0159\u00edpravek pou\u017eit p\u0159i transportu ryb. Eliminace chl\u00f3ru. V\u00e1\u017ee t\u011b\u017ek\u00e9 kovy. Obsa\u017een\u00fd j\u00f3d podporuje vybarven\u00ed ryb. Ochrann\u00e9 koloidy chr\u00e1n\u00ed...","og_url":"https:\/\/shopatoa.com\/cz\/sera-aquatan-500ml\/","og_site_name":"SHOPATOA","article_modified_time":"2026-01-31T10:57:56+00:00","og_image":[{"width":600,"height":600,"url":"https:\/\/storage.googleapis.com\/cz-shopatoa-img\/cz\/16a6a15c-1_62199.jpg","type":"image\/jpeg"}],"twitter_card":"summary_large_image","twitter_misc":{"Odhadovan\u00e1 doba \u010dten\u00ed":"1 minuta"},"schema":{"@context":"https:\/\/schema.org","@graph":[{"@type":"WebPage","@id":"https:\/\/shopatoa.com\/cz\/sera-aquatan-500ml\/","url":"https:\/\/shopatoa.com\/cz\/sera-aquatan-500ml\/","name":"Sera Aquatan 500ml - SHOPATOA.COM","isPartOf":{"@id":"https:\/\/shopatoa.com\/cz\/#website"},"primaryImageOfPage":{"@id":"https:\/\/shopatoa.com\/cz\/sera-aquatan-500ml\/#primaryimage"},"image":{"@id":"https:\/\/shopatoa.com\/cz\/sera-aquatan-500ml\/#primaryimage"},"thumbnailUrl":"https:\/\/storage.googleapis.com\/cz-shopatoa-img\/cz\/16a6a15c-1_62199.jpg","datePublished":"2025-04-04T00:51:11+00:00","dateModified":"2026-01-31T10:57:56+00:00","breadcrumb":{"@id":"https:\/\/shopatoa.com\/cz\/sera-aquatan-500ml\/#breadcrumb"},"inLanguage":"cs","potentialAction":[{"@type":"ReadAction","target":["https:\/\/shopatoa.com\/cz\/sera-aquatan-500ml\/"]}]},{"@type":"ImageObject","inLanguage":"cs","@id":"https:\/\/shopatoa.com\/cz\/sera-aquatan-500ml\/#primaryimage","url":"https:\/\/storage.googleapis.com\/cz-shopatoa-img\/cz\/16a6a15c-1_62199.jpg","contentUrl":"https:\/\/storage.googleapis.com\/cz-shopatoa-img\/cz\/16a6a15c-1_62199.jpg","width":600,"height":600},{"@type":"BreadcrumbList","@id":"https:\/\/shopatoa.com\/cz\/sera-aquatan-500ml\/#breadcrumb","itemListElement":[{"@type":"ListItem","position":1,"name":"Dom\u016f","item":"https:\/\/shopatoa.com\/cz\/"},{"@type":"ListItem","position":2,"name":"Produkty","item":"https:\/\/shopatoa.com\/cz\/shop\/"},{"@type":"ListItem","position":3,"name":"Chovatelsk\u00e9 pot\u0159eby","item":"https:\/\/shopatoa.com\/cz\/chovatelske-potreby-2\/"},{"@type":"ListItem","position":4,"name":"Akvaristika","item":"https:\/\/shopatoa.com\/cz\/akvaristika\/"},{"@type":"ListItem","position":5,"name":"P\u00e9\u010de a \u00fadr\u017eba akv\u00e1ria","item":"https:\/\/shopatoa.com\/cz\/pece-a-udrzba-akvaria\/"},{"@type":"ListItem","position":6,"name":"\u00daprava akvarijn\u00ed vody a testy","item":"https:\/\/shopatoa.com\/cz\/uprava-akvarijni-vody-a-testy\/"},{"@type":"ListItem","position":7,"name":"Sera Aquatan 500ml"}]},{"@type":"WebSite","@id":"https:\/\/shopatoa.com\/cz\/#website","url":"https:\/\/shopatoa.com\/cz\/","name":"SHOPATOA","description":"","publisher":{"@id":"https:\/\/shopatoa.com\/cz\/#organization"},"potentialAction":[{"@type":"SearchAction","target":{"@type":"EntryPoint","urlTemplate":"https:\/\/shopatoa.com\/cz\/?s={search_term_string}"},"query-input":{"@type":"PropertyValueSpecification","valueRequired":true,"valueName":"search_term_string"}}],"inLanguage":"cs"},{"@type":"Organization","@id":"https:\/\/shopatoa.com\/cz\/#organization","name":"SHOPATOA Digital s.r.o.","url":"https:\/\/shopatoa.com\/cz\/","logo":{"@type":"ImageObject","inLanguage":"cs","@id":"https:\/\/shopatoa.com\/cz\/#\/schema\/logo\/image\/","url":"https:\/\/storage.googleapis.com\/cz-shopatoa-img\/cz\/ebccf434-shopatoa_logo.png","contentUrl":"https:\/\/storage.googleapis.com\/cz-shopatoa-img\/cz\/ebccf434-shopatoa_logo.png","width":416,"height":63,"caption":"SHOPATOA Digital s.r.o."},"image":{"@id":"https:\/\/shopatoa.com\/cz\/#\/schema\/logo\/image\/"}}]}},"_links":{"self":[{"href":"https:\/\/shopatoa.com\/cz\/wp-json\/wp\/v2\/product\/256336","targetHints":{"allow":["GET"]}}],"collection":[{"href":"https:\/\/shopatoa.com\/cz\/wp-json\/wp\/v2\/product"}],"about":[{"href":"https:\/\/shopatoa.com\/cz\/wp-json\/wp\/v2\/types\/product"}],"replies":[{"embeddable":true,"href":"https:\/\/shopatoa.com\/cz\/wp-json\/wp\/v2\/comments?post=256336"}],"wp:featuredmedia":[{"embeddable":true,"href":"https:\/\/shopatoa.com\/cz\/wp-json\/wp\/v2\/media\/256337"}],"wp:attachment":[{"href":"https:\/\/shopatoa.com\/cz\/wp-json\/wp\/v2\/media?parent=256336"}],"wp:term":[{"taxonomy":"product_brand","embeddable":true,"href":"https:\/\/shopatoa.com\/cz\/wp-json\/wp\/v2\/product_brand?post=256336"},{"taxonomy":"product_cat","embeddable":true,"href":"https:\/\/shopatoa.com\/cz\/wp-json\/wp\/v2\/product_cat?post=256336"},{"taxonomy":"product_tag","embeddable":true,"href":"https:\/\/shopatoa.com\/cz\/wp-json\/wp\/v2\/product_tag?post=256336"}],"curies":[{"name":"wp","href":"https:\/\/api.w.org\/{rel}","templated":true}]}}