{"id":256342,"date":"2025-04-04T02:51:39","date_gmt":"2025-04-04T00:51:39","guid":{"rendered":"https:\/\/shopatoa.com\/cz\/?post_type=product&#038;p=256342"},"modified":"2026-02-04T13:09:17","modified_gmt":"2026-02-04T12:09:17","slug":"sera-baktopur-50ml","status":"publish","type":"product","link":"https:\/\/shopatoa.com\/cz\/sera-baktopur-50ml\/","title":{"rendered":"Sera Baktopur 50ml"},"content":{"rendered":"<p>P\u0159\u00edpravek je ur\u010den k pou\u017eit\u00ed ve sladkovodn\u00edch akv\u00e1ri\u00edch p\u0159i hnilob\u011b tlamy a ploutv\u00ed nebo p\u0159i bakteri\u00e1ln\u00edch infekc\u00edch.<\/p>\n<p>Slo\u017een\u00ed (na 100 ml): Akryflavin: 209,7 mg, Methyl\u00e9nov\u00e1 mod\u0159: 4,95 mg, \u010ci\u0161t\u011bn\u00e1 voda do 100 ml.<\/p>\n<p>Upozorn\u011bn\u00ed: Nepou\u017e\u00edvat u zv\u00ed\u0159at ur\u010den\u00fdch ke konzumaci lidmi. Uchov\u00e1vejte pod z\u00e1mkem a mimo dosah d\u011bt\u00ed a dom\u00e1c\u00edch zv\u00ed\u0159at. Skladujte p\u0159i pokojov\u00e9 teplot\u011b a mimo dosah sv\u011btla.<\/p>\n<p>D\u00e1vkov\u00e1n\u00ed: Jednou nebo dvakr\u00e1t 1 ml na ka\u017ed\u00fdch 20 litr\u016f akvarijn\u00ed vody. Pros\u00edm, v\u011bnujte pozornost p\u0159ilo\u017een\u00fdm instrukc\u00edm!<\/p>\n<p>Balen\u00ed obsahuje 50 ml roztoku, kter\u00fd je vhodn\u00fd pro o\u0161et\u0159en\u00ed vody o objemu 800 litr\u016f.<\/p>\n","protected":false},"excerpt":{"rendered":"<p>P\u0159\u00edpravek je ur\u010den k pou\u017eit\u00ed ve sladkovodn\u00edch akv\u00e1ri\u00edch p\u0159i hnilob\u011b tlamy a ploutv\u00ed nebo p\u0159i bakteri\u00e1ln\u00edch infekc\u00edch. Slo\u017een\u00ed (na 100 ml): Akryflavin: 209,7 mg, Methyl\u00e9nov\u00e1 mod\u0159: 4,95 mg, \u010ci\u0161t\u011bn\u00e1 voda do 100 ml. Upozorn\u011bn\u00ed: Nepou\u017e\u00edvat u zv\u00ed\u0159at ur\u010den\u00fdch ke konzumaci lidmi. Uchov\u00e1vejte pod z\u00e1mkem a mimo dosah d\u011bt\u00ed a dom\u00e1c\u00edch zv\u00ed\u0159at. Skladujte p\u0159i pokojov\u00e9 teplot\u011b&#8230;<\/p>\n","protected":false},"featured_media":256343,"comment_status":"closed","ping_status":"open","template":"","meta":{"_acf_changed":false,"_kadence_starter_templates_imported_post":false,"_kad_post_transparent":"","_kad_post_title":"","_kad_post_layout":"","_kad_post_sidebar_id":"","_kad_post_content_style":"","_kad_post_vertical_padding":"","_kad_post_feature":"","_kad_post_feature_position":"","_kad_post_header":false,"_kad_post_footer":false,"_kad_post_classname":""},"product_brand":[2709],"product_cat":[2510,436],"product_tag":[],"class_list":{"0":"post-256342","1":"product","2":"type-product","3":"status-publish","4":"has-post-thumbnail","6":"product_brand-sera","7":"product_cat-akvaristika","8":"product_cat-chovatelske-potreby-2","9":"pa_obchod-superzoo-cz","11":"first","12":"instock","13":"product-type-external","14":"entry","15":"content-bg","16":"loop-entry"},"acf":[],"yoast_head":"<!-- This site is optimized with the Yoast SEO plugin v27.4 - https:\/\/yoast.com\/product\/yoast-seo-wordpress\/ -->\n<title>Sera Baktopur 50ml - SHOPATOA.COM<\/title>\n<meta name=\"robots\" content=\"index, follow, max-snippet:-1, max-image-preview:large, max-video-preview:-1\" \/>\n<link rel=\"canonical\" href=\"https:\/\/shopatoa.com\/cz\/sera-baktopur-50ml\/\" \/>\n<meta property=\"og:locale\" content=\"cs_CZ\" \/>\n<meta property=\"og:type\" content=\"article\" \/>\n<meta property=\"og:title\" content=\"Sera Baktopur 50ml - SHOPATOA.COM\" \/>\n<meta property=\"og:description\" content=\"P\u0159\u00edpravek je ur\u010den k pou\u017eit\u00ed ve sladkovodn\u00edch akv\u00e1ri\u00edch p\u0159i hnilob\u011b tlamy a ploutv\u00ed nebo p\u0159i bakteri\u00e1ln\u00edch infekc\u00edch. Slo\u017een\u00ed (na 100 ml): Akryflavin: 209,7 mg, Methyl\u00e9nov\u00e1 mod\u0159: 4,95 mg, \u010ci\u0161t\u011bn\u00e1 voda do 100 ml. Upozorn\u011bn\u00ed: Nepou\u017e\u00edvat u zv\u00ed\u0159at ur\u010den\u00fdch ke konzumaci lidmi. Uchov\u00e1vejte pod z\u00e1mkem a mimo dosah d\u011bt\u00ed a dom\u00e1c\u00edch zv\u00ed\u0159at. Skladujte p\u0159i pokojov\u00e9 teplot\u011b...\" \/>\n<meta property=\"og:url\" content=\"https:\/\/shopatoa.com\/cz\/sera-baktopur-50ml\/\" \/>\n<meta property=\"og:site_name\" content=\"SHOPATOA\" \/>\n<meta property=\"article:modified_time\" content=\"2026-02-04T12:09:17+00:00\" \/>\n<meta property=\"og:image\" content=\"https:\/\/storage.googleapis.com\/cz-shopatoa-img\/cz\/232442ae-1_93956.jpg\" \/>\n\t<meta property=\"og:image:width\" content=\"600\" \/>\n\t<meta property=\"og:image:height\" content=\"600\" \/>\n\t<meta property=\"og:image:type\" content=\"image\/jpeg\" \/>\n<meta name=\"twitter:card\" content=\"summary_large_image\" \/>\n<meta name=\"twitter:label1\" content=\"Odhadovan\u00e1 doba \u010dten\u00ed\" \/>\n\t<meta name=\"twitter:data1\" content=\"1 minuta\" \/>\n<script type=\"application\/ld+json\" class=\"yoast-schema-graph\">{\"@context\":\"https:\\\/\\\/schema.org\",\"@graph\":[{\"@type\":\"WebPage\",\"@id\":\"https:\\\/\\\/shopatoa.com\\\/cz\\\/sera-baktopur-50ml\\\/\",\"url\":\"https:\\\/\\\/shopatoa.com\\\/cz\\\/sera-baktopur-50ml\\\/\",\"name\":\"Sera Baktopur 50ml - SHOPATOA.COM\",\"isPartOf\":{\"@id\":\"https:\\\/\\\/shopatoa.com\\\/cz\\\/#website\"},\"primaryImageOfPage\":{\"@id\":\"https:\\\/\\\/shopatoa.com\\\/cz\\\/sera-baktopur-50ml\\\/#primaryimage\"},\"image\":{\"@id\":\"https:\\\/\\\/shopatoa.com\\\/cz\\\/sera-baktopur-50ml\\\/#primaryimage\"},\"thumbnailUrl\":\"https:\\\/\\\/storage.googleapis.com\\\/cz-shopatoa-img\\\/cz\\\/232442ae-1_93956.jpg\",\"datePublished\":\"2025-04-04T00:51:39+00:00\",\"dateModified\":\"2026-02-04T12:09:17+00:00\",\"breadcrumb\":{\"@id\":\"https:\\\/\\\/shopatoa.com\\\/cz\\\/sera-baktopur-50ml\\\/#breadcrumb\"},\"inLanguage\":\"cs\",\"potentialAction\":[{\"@type\":\"ReadAction\",\"target\":[\"https:\\\/\\\/shopatoa.com\\\/cz\\\/sera-baktopur-50ml\\\/\"]}]},{\"@type\":\"ImageObject\",\"inLanguage\":\"cs\",\"@id\":\"https:\\\/\\\/shopatoa.com\\\/cz\\\/sera-baktopur-50ml\\\/#primaryimage\",\"url\":\"https:\\\/\\\/storage.googleapis.com\\\/cz-shopatoa-img\\\/cz\\\/232442ae-1_93956.jpg\",\"contentUrl\":\"https:\\\/\\\/storage.googleapis.com\\\/cz-shopatoa-img\\\/cz\\\/232442ae-1_93956.jpg\",\"width\":600,\"height\":600},{\"@type\":\"BreadcrumbList\",\"@id\":\"https:\\\/\\\/shopatoa.com\\\/cz\\\/sera-baktopur-50ml\\\/#breadcrumb\",\"itemListElement\":[{\"@type\":\"ListItem\",\"position\":1,\"name\":\"Dom\u016f\",\"item\":\"https:\\\/\\\/shopatoa.com\\\/cz\\\/\"},{\"@type\":\"ListItem\",\"position\":2,\"name\":\"Produkty\",\"item\":\"https:\\\/\\\/shopatoa.com\\\/cz\\\/shop\\\/\"},{\"@type\":\"ListItem\",\"position\":3,\"name\":\"Chovatelsk\u00e9 pot\u0159eby\",\"item\":\"https:\\\/\\\/shopatoa.com\\\/cz\\\/chovatelske-potreby-2\\\/\"},{\"@type\":\"ListItem\",\"position\":4,\"name\":\"Akvaristika\",\"item\":\"https:\\\/\\\/shopatoa.com\\\/cz\\\/akvaristika\\\/\"},{\"@type\":\"ListItem\",\"position\":5,\"name\":\"Sera Baktopur 50ml\"}]},{\"@type\":\"WebSite\",\"@id\":\"https:\\\/\\\/shopatoa.com\\\/cz\\\/#website\",\"url\":\"https:\\\/\\\/shopatoa.com\\\/cz\\\/\",\"name\":\"SHOPATOA\",\"description\":\"\",\"publisher\":{\"@id\":\"https:\\\/\\\/shopatoa.com\\\/cz\\\/#organization\"},\"potentialAction\":[{\"@type\":\"SearchAction\",\"target\":{\"@type\":\"EntryPoint\",\"urlTemplate\":\"https:\\\/\\\/shopatoa.com\\\/cz\\\/?s={search_term_string}\"},\"query-input\":{\"@type\":\"PropertyValueSpecification\",\"valueRequired\":true,\"valueName\":\"search_term_string\"}}],\"inLanguage\":\"cs\"},{\"@type\":\"Organization\",\"@id\":\"https:\\\/\\\/shopatoa.com\\\/cz\\\/#organization\",\"name\":\"SHOPATOA Digital s.r.o.\",\"url\":\"https:\\\/\\\/shopatoa.com\\\/cz\\\/\",\"logo\":{\"@type\":\"ImageObject\",\"inLanguage\":\"cs\",\"@id\":\"https:\\\/\\\/shopatoa.com\\\/cz\\\/#\\\/schema\\\/logo\\\/image\\\/\",\"url\":\"https:\\\/\\\/storage.googleapis.com\\\/cz-shopatoa-img\\\/cz\\\/ebccf434-shopatoa_logo.png\",\"contentUrl\":\"https:\\\/\\\/storage.googleapis.com\\\/cz-shopatoa-img\\\/cz\\\/ebccf434-shopatoa_logo.png\",\"width\":416,\"height\":63,\"caption\":\"SHOPATOA Digital s.r.o.\"},\"image\":{\"@id\":\"https:\\\/\\\/shopatoa.com\\\/cz\\\/#\\\/schema\\\/logo\\\/image\\\/\"}}]}<\/script>\n<!-- \/ Yoast SEO plugin. -->","yoast_head_json":{"title":"Sera Baktopur 50ml - SHOPATOA.COM","robots":{"index":"index","follow":"follow","max-snippet":"max-snippet:-1","max-image-preview":"max-image-preview:large","max-video-preview":"max-video-preview:-1"},"canonical":"https:\/\/shopatoa.com\/cz\/sera-baktopur-50ml\/","og_locale":"cs_CZ","og_type":"article","og_title":"Sera Baktopur 50ml - SHOPATOA.COM","og_description":"P\u0159\u00edpravek je ur\u010den k pou\u017eit\u00ed ve sladkovodn\u00edch akv\u00e1ri\u00edch p\u0159i hnilob\u011b tlamy a ploutv\u00ed nebo p\u0159i bakteri\u00e1ln\u00edch infekc\u00edch. Slo\u017een\u00ed (na 100 ml): Akryflavin: 209,7 mg, Methyl\u00e9nov\u00e1 mod\u0159: 4,95 mg, \u010ci\u0161t\u011bn\u00e1 voda do 100 ml. Upozorn\u011bn\u00ed: Nepou\u017e\u00edvat u zv\u00ed\u0159at ur\u010den\u00fdch ke konzumaci lidmi. Uchov\u00e1vejte pod z\u00e1mkem a mimo dosah d\u011bt\u00ed a dom\u00e1c\u00edch zv\u00ed\u0159at. Skladujte p\u0159i pokojov\u00e9 teplot\u011b...","og_url":"https:\/\/shopatoa.com\/cz\/sera-baktopur-50ml\/","og_site_name":"SHOPATOA","article_modified_time":"2026-02-04T12:09:17+00:00","og_image":[{"width":600,"height":600,"url":"https:\/\/storage.googleapis.com\/cz-shopatoa-img\/cz\/232442ae-1_93956.jpg","type":"image\/jpeg"}],"twitter_card":"summary_large_image","twitter_misc":{"Odhadovan\u00e1 doba \u010dten\u00ed":"1 minuta"},"schema":{"@context":"https:\/\/schema.org","@graph":[{"@type":"WebPage","@id":"https:\/\/shopatoa.com\/cz\/sera-baktopur-50ml\/","url":"https:\/\/shopatoa.com\/cz\/sera-baktopur-50ml\/","name":"Sera Baktopur 50ml - SHOPATOA.COM","isPartOf":{"@id":"https:\/\/shopatoa.com\/cz\/#website"},"primaryImageOfPage":{"@id":"https:\/\/shopatoa.com\/cz\/sera-baktopur-50ml\/#primaryimage"},"image":{"@id":"https:\/\/shopatoa.com\/cz\/sera-baktopur-50ml\/#primaryimage"},"thumbnailUrl":"https:\/\/storage.googleapis.com\/cz-shopatoa-img\/cz\/232442ae-1_93956.jpg","datePublished":"2025-04-04T00:51:39+00:00","dateModified":"2026-02-04T12:09:17+00:00","breadcrumb":{"@id":"https:\/\/shopatoa.com\/cz\/sera-baktopur-50ml\/#breadcrumb"},"inLanguage":"cs","potentialAction":[{"@type":"ReadAction","target":["https:\/\/shopatoa.com\/cz\/sera-baktopur-50ml\/"]}]},{"@type":"ImageObject","inLanguage":"cs","@id":"https:\/\/shopatoa.com\/cz\/sera-baktopur-50ml\/#primaryimage","url":"https:\/\/storage.googleapis.com\/cz-shopatoa-img\/cz\/232442ae-1_93956.jpg","contentUrl":"https:\/\/storage.googleapis.com\/cz-shopatoa-img\/cz\/232442ae-1_93956.jpg","width":600,"height":600},{"@type":"BreadcrumbList","@id":"https:\/\/shopatoa.com\/cz\/sera-baktopur-50ml\/#breadcrumb","itemListElement":[{"@type":"ListItem","position":1,"name":"Dom\u016f","item":"https:\/\/shopatoa.com\/cz\/"},{"@type":"ListItem","position":2,"name":"Produkty","item":"https:\/\/shopatoa.com\/cz\/shop\/"},{"@type":"ListItem","position":3,"name":"Chovatelsk\u00e9 pot\u0159eby","item":"https:\/\/shopatoa.com\/cz\/chovatelske-potreby-2\/"},{"@type":"ListItem","position":4,"name":"Akvaristika","item":"https:\/\/shopatoa.com\/cz\/akvaristika\/"},{"@type":"ListItem","position":5,"name":"Sera Baktopur 50ml"}]},{"@type":"WebSite","@id":"https:\/\/shopatoa.com\/cz\/#website","url":"https:\/\/shopatoa.com\/cz\/","name":"SHOPATOA","description":"","publisher":{"@id":"https:\/\/shopatoa.com\/cz\/#organization"},"potentialAction":[{"@type":"SearchAction","target":{"@type":"EntryPoint","urlTemplate":"https:\/\/shopatoa.com\/cz\/?s={search_term_string}"},"query-input":{"@type":"PropertyValueSpecification","valueRequired":true,"valueName":"search_term_string"}}],"inLanguage":"cs"},{"@type":"Organization","@id":"https:\/\/shopatoa.com\/cz\/#organization","name":"SHOPATOA Digital s.r.o.","url":"https:\/\/shopatoa.com\/cz\/","logo":{"@type":"ImageObject","inLanguage":"cs","@id":"https:\/\/shopatoa.com\/cz\/#\/schema\/logo\/image\/","url":"https:\/\/storage.googleapis.com\/cz-shopatoa-img\/cz\/ebccf434-shopatoa_logo.png","contentUrl":"https:\/\/storage.googleapis.com\/cz-shopatoa-img\/cz\/ebccf434-shopatoa_logo.png","width":416,"height":63,"caption":"SHOPATOA Digital s.r.o."},"image":{"@id":"https:\/\/shopatoa.com\/cz\/#\/schema\/logo\/image\/"}}]}},"_links":{"self":[{"href":"https:\/\/shopatoa.com\/cz\/wp-json\/wp\/v2\/product\/256342","targetHints":{"allow":["GET"]}}],"collection":[{"href":"https:\/\/shopatoa.com\/cz\/wp-json\/wp\/v2\/product"}],"about":[{"href":"https:\/\/shopatoa.com\/cz\/wp-json\/wp\/v2\/types\/product"}],"replies":[{"embeddable":true,"href":"https:\/\/shopatoa.com\/cz\/wp-json\/wp\/v2\/comments?post=256342"}],"wp:featuredmedia":[{"embeddable":true,"href":"https:\/\/shopatoa.com\/cz\/wp-json\/wp\/v2\/media\/256343"}],"wp:attachment":[{"href":"https:\/\/shopatoa.com\/cz\/wp-json\/wp\/v2\/media?parent=256342"}],"wp:term":[{"taxonomy":"product_brand","embeddable":true,"href":"https:\/\/shopatoa.com\/cz\/wp-json\/wp\/v2\/product_brand?post=256342"},{"taxonomy":"product_cat","embeddable":true,"href":"https:\/\/shopatoa.com\/cz\/wp-json\/wp\/v2\/product_cat?post=256342"},{"taxonomy":"product_tag","embeddable":true,"href":"https:\/\/shopatoa.com\/cz\/wp-json\/wp\/v2\/product_tag?post=256342"}],"curies":[{"name":"wp","href":"https:\/\/api.w.org\/{rel}","templated":true}]}}