{"id":256378,"date":"2025-04-04T03:00:25","date_gmt":"2025-04-04T01:00:25","guid":{"rendered":"https:\/\/shopatoa.com\/cz\/?post_type=product&#038;p=256378"},"modified":"2025-05-16T15:37:29","modified_gmt":"2025-05-16T13:37:29","slug":"stopovaci-voditko-bafpet-popruh-cerne-2cm-x-15m","status":"publish","type":"product","link":"https:\/\/shopatoa.com\/cz\/stopovaci-voditko-bafpet-popruh-cerne-2cm-x-15m\/","title":{"rendered":"Stopovac\u00ed vod\u00edtko Bafpet popruh \u010dern\u00e9 2cm x 15m"},"content":{"rendered":"<p>V\u00fdcvikov\u00e9 a stopovac\u00ed vod\u00edtko.<\/p>\n<p>\tPopruhov\u00e9 stopovac\u00ed vod\u00edtko z nesav\u00e9ho polyamidu.<br \/>\n\tBarva \u010dern\u00e1.<br \/>\n\tNa konci je popruh zataven (nen\u00ed zde smy\u010dka).<br \/>\n\tVoln\u00fd konec popruhu vod\u00edtka se omot\u00e1v\u00e1 kolem ruky. Na druh\u00e9m konci tohoto stopovac\u00edho vod\u00edtka je h\u00e1kov\u00e1 odlit\u00e1 pochromovan\u00e1 karabina pro p\u0159ipevn\u011bn\u00ed k obojku psa. Spoj popruhu s karabinou tvo\u0159\u00ed p\u0159in\u00fdtovan\u00e1 ko\u017een\u00e1 koncovka.<br \/>\n\tD\u00e9lka vod\u00edtka: 15 m<br \/>\n\t\u0160\u00ed\u0159ka popruhu: 20 mm<br \/>\n\tD\u00e9lka karabiny: 85 mm<\/p>\n","protected":false},"excerpt":{"rendered":"<p>V\u00fdcvikov\u00e9 a stopovac\u00ed vod\u00edtko. Popruhov\u00e9 stopovac\u00ed vod\u00edtko z nesav\u00e9ho polyamidu. Barva \u010dern\u00e1. Na konci je popruh zataven (nen\u00ed zde smy\u010dka). Voln\u00fd konec popruhu vod\u00edtka se omot\u00e1v\u00e1 kolem ruky. Na druh\u00e9m konci tohoto stopovac\u00edho vod\u00edtka je h\u00e1kov\u00e1 odlit\u00e1 pochromovan\u00e1 karabina pro p\u0159ipevn\u011bn\u00ed k obojku psa. Spoj popruhu s karabinou tvo\u0159\u00ed p\u0159in\u00fdtovan\u00e1 ko\u017een\u00e1 koncovka. D\u00e9lka vod\u00edtka: 15&#8230;<\/p>\n","protected":false},"featured_media":256379,"comment_status":"closed","ping_status":"open","template":"","meta":{"_acf_changed":false,"_kadence_starter_templates_imported_post":false,"_kad_post_transparent":"","_kad_post_title":"","_kad_post_layout":"","_kad_post_sidebar_id":"","_kad_post_content_style":"","_kad_post_vertical_padding":"","_kad_post_feature":"","_kad_post_feature_position":"","_kad_post_header":false,"_kad_post_footer":false,"_kad_post_classname":""},"product_brand":[2706],"product_cat":[436,2506,739,2633],"product_tag":[],"class_list":{"0":"post-256378","1":"product","2":"type-product","3":"status-publish","4":"has-post-thumbnail","6":"product_brand-baf","7":"product_cat-chovatelske-potreby-2","8":"product_cat-obojky-a-voditka-pro-psy","9":"product_cat-pro-psy-chovatelske-potreby-2","10":"product_cat-voditka-pro-psy","11":"pa_obchod-superzoo-cz","13":"first","14":"instock","15":"product-type-external","16":"entry","17":"content-bg","18":"loop-entry"},"acf":[],"yoast_head":"<!-- This site is optimized with the Yoast SEO plugin v27.4 - https:\/\/yoast.com\/product\/yoast-seo-wordpress\/ -->\n<title>Stopovac\u00ed vod\u00edtko Bafpet popruh \u010dern\u00e9 2cm x 15m - SHOPATOA.COM<\/title>\n<meta name=\"robots\" content=\"index, follow, max-snippet:-1, max-image-preview:large, max-video-preview:-1\" \/>\n<link rel=\"canonical\" href=\"https:\/\/shopatoa.com\/cz\/stopovaci-voditko-bafpet-popruh-cerne-2cm-x-15m\/\" \/>\n<meta property=\"og:locale\" content=\"cs_CZ\" \/>\n<meta property=\"og:type\" content=\"article\" \/>\n<meta property=\"og:title\" content=\"Stopovac\u00ed vod\u00edtko Bafpet popruh \u010dern\u00e9 2cm x 15m - SHOPATOA.COM\" \/>\n<meta property=\"og:description\" content=\"V\u00fdcvikov\u00e9 a stopovac\u00ed vod\u00edtko. Popruhov\u00e9 stopovac\u00ed vod\u00edtko z nesav\u00e9ho polyamidu. Barva \u010dern\u00e1. Na konci je popruh zataven (nen\u00ed zde smy\u010dka). Voln\u00fd konec popruhu vod\u00edtka se omot\u00e1v\u00e1 kolem ruky. Na druh\u00e9m konci tohoto stopovac\u00edho vod\u00edtka je h\u00e1kov\u00e1 odlit\u00e1 pochromovan\u00e1 karabina pro p\u0159ipevn\u011bn\u00ed k obojku psa. Spoj popruhu s karabinou tvo\u0159\u00ed p\u0159in\u00fdtovan\u00e1 ko\u017een\u00e1 koncovka. D\u00e9lka vod\u00edtka: 15...\" \/>\n<meta property=\"og:url\" content=\"https:\/\/shopatoa.com\/cz\/stopovaci-voditko-bafpet-popruh-cerne-2cm-x-15m\/\" \/>\n<meta property=\"og:site_name\" content=\"SHOPATOA\" \/>\n<meta property=\"article:modified_time\" content=\"2025-05-16T13:37:29+00:00\" \/>\n<meta property=\"og:image\" content=\"https:\/\/storage.googleapis.com\/cz-shopatoa-img\/cz\/84907e7b-1_91787.jpg\" \/>\n\t<meta property=\"og:image:width\" content=\"600\" \/>\n\t<meta property=\"og:image:height\" content=\"600\" \/>\n\t<meta property=\"og:image:type\" content=\"image\/jpeg\" \/>\n<meta name=\"twitter:card\" content=\"summary_large_image\" \/>\n<script type=\"application\/ld+json\" class=\"yoast-schema-graph\">{\"@context\":\"https:\\\/\\\/schema.org\",\"@graph\":[{\"@type\":\"WebPage\",\"@id\":\"https:\\\/\\\/shopatoa.com\\\/cz\\\/stopovaci-voditko-bafpet-popruh-cerne-2cm-x-15m\\\/\",\"url\":\"https:\\\/\\\/shopatoa.com\\\/cz\\\/stopovaci-voditko-bafpet-popruh-cerne-2cm-x-15m\\\/\",\"name\":\"Stopovac\u00ed vod\u00edtko Bafpet popruh \u010dern\u00e9 2cm x 15m - SHOPATOA.COM\",\"isPartOf\":{\"@id\":\"https:\\\/\\\/shopatoa.com\\\/cz\\\/#website\"},\"primaryImageOfPage\":{\"@id\":\"https:\\\/\\\/shopatoa.com\\\/cz\\\/stopovaci-voditko-bafpet-popruh-cerne-2cm-x-15m\\\/#primaryimage\"},\"image\":{\"@id\":\"https:\\\/\\\/shopatoa.com\\\/cz\\\/stopovaci-voditko-bafpet-popruh-cerne-2cm-x-15m\\\/#primaryimage\"},\"thumbnailUrl\":\"https:\\\/\\\/storage.googleapis.com\\\/cz-shopatoa-img\\\/cz\\\/84907e7b-1_91787.jpg\",\"datePublished\":\"2025-04-04T01:00:25+00:00\",\"dateModified\":\"2025-05-16T13:37:29+00:00\",\"breadcrumb\":{\"@id\":\"https:\\\/\\\/shopatoa.com\\\/cz\\\/stopovaci-voditko-bafpet-popruh-cerne-2cm-x-15m\\\/#breadcrumb\"},\"inLanguage\":\"cs\",\"potentialAction\":[{\"@type\":\"ReadAction\",\"target\":[\"https:\\\/\\\/shopatoa.com\\\/cz\\\/stopovaci-voditko-bafpet-popruh-cerne-2cm-x-15m\\\/\"]}]},{\"@type\":\"ImageObject\",\"inLanguage\":\"cs\",\"@id\":\"https:\\\/\\\/shopatoa.com\\\/cz\\\/stopovaci-voditko-bafpet-popruh-cerne-2cm-x-15m\\\/#primaryimage\",\"url\":\"https:\\\/\\\/storage.googleapis.com\\\/cz-shopatoa-img\\\/cz\\\/84907e7b-1_91787.jpg\",\"contentUrl\":\"https:\\\/\\\/storage.googleapis.com\\\/cz-shopatoa-img\\\/cz\\\/84907e7b-1_91787.jpg\",\"width\":600,\"height\":600},{\"@type\":\"BreadcrumbList\",\"@id\":\"https:\\\/\\\/shopatoa.com\\\/cz\\\/stopovaci-voditko-bafpet-popruh-cerne-2cm-x-15m\\\/#breadcrumb\",\"itemListElement\":[{\"@type\":\"ListItem\",\"position\":1,\"name\":\"Dom\u016f\",\"item\":\"https:\\\/\\\/shopatoa.com\\\/cz\\\/\"},{\"@type\":\"ListItem\",\"position\":2,\"name\":\"Produkty\",\"item\":\"https:\\\/\\\/shopatoa.com\\\/cz\\\/shop\\\/\"},{\"@type\":\"ListItem\",\"position\":3,\"name\":\"Chovatelsk\u00e9 pot\u0159eby\",\"item\":\"https:\\\/\\\/shopatoa.com\\\/cz\\\/chovatelske-potreby-2\\\/\"},{\"@type\":\"ListItem\",\"position\":4,\"name\":\"Pro psy\",\"item\":\"https:\\\/\\\/shopatoa.com\\\/cz\\\/pro-psy-chovatelske-potreby-2\\\/\"},{\"@type\":\"ListItem\",\"position\":5,\"name\":\"Obojky a vod\u00edtka pro psy\",\"item\":\"https:\\\/\\\/shopatoa.com\\\/cz\\\/obojky-a-voditka-pro-psy\\\/\"},{\"@type\":\"ListItem\",\"position\":6,\"name\":\"Vod\u00edtka pro psy\",\"item\":\"https:\\\/\\\/shopatoa.com\\\/cz\\\/voditka-pro-psy\\\/\"},{\"@type\":\"ListItem\",\"position\":7,\"name\":\"Stopovac\u00ed vod\u00edtko Bafpet popruh \u010dern\u00e9 2cm x 15m\"}]},{\"@type\":\"WebSite\",\"@id\":\"https:\\\/\\\/shopatoa.com\\\/cz\\\/#website\",\"url\":\"https:\\\/\\\/shopatoa.com\\\/cz\\\/\",\"name\":\"SHOPATOA\",\"description\":\"\",\"publisher\":{\"@id\":\"https:\\\/\\\/shopatoa.com\\\/cz\\\/#organization\"},\"potentialAction\":[{\"@type\":\"SearchAction\",\"target\":{\"@type\":\"EntryPoint\",\"urlTemplate\":\"https:\\\/\\\/shopatoa.com\\\/cz\\\/?s={search_term_string}\"},\"query-input\":{\"@type\":\"PropertyValueSpecification\",\"valueRequired\":true,\"valueName\":\"search_term_string\"}}],\"inLanguage\":\"cs\"},{\"@type\":\"Organization\",\"@id\":\"https:\\\/\\\/shopatoa.com\\\/cz\\\/#organization\",\"name\":\"SHOPATOA Digital s.r.o.\",\"url\":\"https:\\\/\\\/shopatoa.com\\\/cz\\\/\",\"logo\":{\"@type\":\"ImageObject\",\"inLanguage\":\"cs\",\"@id\":\"https:\\\/\\\/shopatoa.com\\\/cz\\\/#\\\/schema\\\/logo\\\/image\\\/\",\"url\":\"https:\\\/\\\/storage.googleapis.com\\\/cz-shopatoa-img\\\/cz\\\/ebccf434-shopatoa_logo.png\",\"contentUrl\":\"https:\\\/\\\/storage.googleapis.com\\\/cz-shopatoa-img\\\/cz\\\/ebccf434-shopatoa_logo.png\",\"width\":416,\"height\":63,\"caption\":\"SHOPATOA Digital s.r.o.\"},\"image\":{\"@id\":\"https:\\\/\\\/shopatoa.com\\\/cz\\\/#\\\/schema\\\/logo\\\/image\\\/\"}}]}<\/script>\n<!-- \/ Yoast SEO plugin. -->","yoast_head_json":{"title":"Stopovac\u00ed vod\u00edtko Bafpet popruh \u010dern\u00e9 2cm x 15m - SHOPATOA.COM","robots":{"index":"index","follow":"follow","max-snippet":"max-snippet:-1","max-image-preview":"max-image-preview:large","max-video-preview":"max-video-preview:-1"},"canonical":"https:\/\/shopatoa.com\/cz\/stopovaci-voditko-bafpet-popruh-cerne-2cm-x-15m\/","og_locale":"cs_CZ","og_type":"article","og_title":"Stopovac\u00ed vod\u00edtko Bafpet popruh \u010dern\u00e9 2cm x 15m - SHOPATOA.COM","og_description":"V\u00fdcvikov\u00e9 a stopovac\u00ed vod\u00edtko. Popruhov\u00e9 stopovac\u00ed vod\u00edtko z nesav\u00e9ho polyamidu. Barva \u010dern\u00e1. Na konci je popruh zataven (nen\u00ed zde smy\u010dka). Voln\u00fd konec popruhu vod\u00edtka se omot\u00e1v\u00e1 kolem ruky. Na druh\u00e9m konci tohoto stopovac\u00edho vod\u00edtka je h\u00e1kov\u00e1 odlit\u00e1 pochromovan\u00e1 karabina pro p\u0159ipevn\u011bn\u00ed k obojku psa. Spoj popruhu s karabinou tvo\u0159\u00ed p\u0159in\u00fdtovan\u00e1 ko\u017een\u00e1 koncovka. D\u00e9lka vod\u00edtka: 15...","og_url":"https:\/\/shopatoa.com\/cz\/stopovaci-voditko-bafpet-popruh-cerne-2cm-x-15m\/","og_site_name":"SHOPATOA","article_modified_time":"2025-05-16T13:37:29+00:00","og_image":[{"width":600,"height":600,"url":"https:\/\/storage.googleapis.com\/cz-shopatoa-img\/cz\/84907e7b-1_91787.jpg","type":"image\/jpeg"}],"twitter_card":"summary_large_image","schema":{"@context":"https:\/\/schema.org","@graph":[{"@type":"WebPage","@id":"https:\/\/shopatoa.com\/cz\/stopovaci-voditko-bafpet-popruh-cerne-2cm-x-15m\/","url":"https:\/\/shopatoa.com\/cz\/stopovaci-voditko-bafpet-popruh-cerne-2cm-x-15m\/","name":"Stopovac\u00ed vod\u00edtko Bafpet popruh \u010dern\u00e9 2cm x 15m - SHOPATOA.COM","isPartOf":{"@id":"https:\/\/shopatoa.com\/cz\/#website"},"primaryImageOfPage":{"@id":"https:\/\/shopatoa.com\/cz\/stopovaci-voditko-bafpet-popruh-cerne-2cm-x-15m\/#primaryimage"},"image":{"@id":"https:\/\/shopatoa.com\/cz\/stopovaci-voditko-bafpet-popruh-cerne-2cm-x-15m\/#primaryimage"},"thumbnailUrl":"https:\/\/storage.googleapis.com\/cz-shopatoa-img\/cz\/84907e7b-1_91787.jpg","datePublished":"2025-04-04T01:00:25+00:00","dateModified":"2025-05-16T13:37:29+00:00","breadcrumb":{"@id":"https:\/\/shopatoa.com\/cz\/stopovaci-voditko-bafpet-popruh-cerne-2cm-x-15m\/#breadcrumb"},"inLanguage":"cs","potentialAction":[{"@type":"ReadAction","target":["https:\/\/shopatoa.com\/cz\/stopovaci-voditko-bafpet-popruh-cerne-2cm-x-15m\/"]}]},{"@type":"ImageObject","inLanguage":"cs","@id":"https:\/\/shopatoa.com\/cz\/stopovaci-voditko-bafpet-popruh-cerne-2cm-x-15m\/#primaryimage","url":"https:\/\/storage.googleapis.com\/cz-shopatoa-img\/cz\/84907e7b-1_91787.jpg","contentUrl":"https:\/\/storage.googleapis.com\/cz-shopatoa-img\/cz\/84907e7b-1_91787.jpg","width":600,"height":600},{"@type":"BreadcrumbList","@id":"https:\/\/shopatoa.com\/cz\/stopovaci-voditko-bafpet-popruh-cerne-2cm-x-15m\/#breadcrumb","itemListElement":[{"@type":"ListItem","position":1,"name":"Dom\u016f","item":"https:\/\/shopatoa.com\/cz\/"},{"@type":"ListItem","position":2,"name":"Produkty","item":"https:\/\/shopatoa.com\/cz\/shop\/"},{"@type":"ListItem","position":3,"name":"Chovatelsk\u00e9 pot\u0159eby","item":"https:\/\/shopatoa.com\/cz\/chovatelske-potreby-2\/"},{"@type":"ListItem","position":4,"name":"Pro psy","item":"https:\/\/shopatoa.com\/cz\/pro-psy-chovatelske-potreby-2\/"},{"@type":"ListItem","position":5,"name":"Obojky a vod\u00edtka pro psy","item":"https:\/\/shopatoa.com\/cz\/obojky-a-voditka-pro-psy\/"},{"@type":"ListItem","position":6,"name":"Vod\u00edtka pro psy","item":"https:\/\/shopatoa.com\/cz\/voditka-pro-psy\/"},{"@type":"ListItem","position":7,"name":"Stopovac\u00ed vod\u00edtko Bafpet popruh \u010dern\u00e9 2cm x 15m"}]},{"@type":"WebSite","@id":"https:\/\/shopatoa.com\/cz\/#website","url":"https:\/\/shopatoa.com\/cz\/","name":"SHOPATOA","description":"","publisher":{"@id":"https:\/\/shopatoa.com\/cz\/#organization"},"potentialAction":[{"@type":"SearchAction","target":{"@type":"EntryPoint","urlTemplate":"https:\/\/shopatoa.com\/cz\/?s={search_term_string}"},"query-input":{"@type":"PropertyValueSpecification","valueRequired":true,"valueName":"search_term_string"}}],"inLanguage":"cs"},{"@type":"Organization","@id":"https:\/\/shopatoa.com\/cz\/#organization","name":"SHOPATOA Digital s.r.o.","url":"https:\/\/shopatoa.com\/cz\/","logo":{"@type":"ImageObject","inLanguage":"cs","@id":"https:\/\/shopatoa.com\/cz\/#\/schema\/logo\/image\/","url":"https:\/\/storage.googleapis.com\/cz-shopatoa-img\/cz\/ebccf434-shopatoa_logo.png","contentUrl":"https:\/\/storage.googleapis.com\/cz-shopatoa-img\/cz\/ebccf434-shopatoa_logo.png","width":416,"height":63,"caption":"SHOPATOA Digital s.r.o."},"image":{"@id":"https:\/\/shopatoa.com\/cz\/#\/schema\/logo\/image\/"}}]}},"_links":{"self":[{"href":"https:\/\/shopatoa.com\/cz\/wp-json\/wp\/v2\/product\/256378","targetHints":{"allow":["GET"]}}],"collection":[{"href":"https:\/\/shopatoa.com\/cz\/wp-json\/wp\/v2\/product"}],"about":[{"href":"https:\/\/shopatoa.com\/cz\/wp-json\/wp\/v2\/types\/product"}],"replies":[{"embeddable":true,"href":"https:\/\/shopatoa.com\/cz\/wp-json\/wp\/v2\/comments?post=256378"}],"wp:featuredmedia":[{"embeddable":true,"href":"https:\/\/shopatoa.com\/cz\/wp-json\/wp\/v2\/media\/256379"}],"wp:attachment":[{"href":"https:\/\/shopatoa.com\/cz\/wp-json\/wp\/v2\/media?parent=256378"}],"wp:term":[{"taxonomy":"product_brand","embeddable":true,"href":"https:\/\/shopatoa.com\/cz\/wp-json\/wp\/v2\/product_brand?post=256378"},{"taxonomy":"product_cat","embeddable":true,"href":"https:\/\/shopatoa.com\/cz\/wp-json\/wp\/v2\/product_cat?post=256378"},{"taxonomy":"product_tag","embeddable":true,"href":"https:\/\/shopatoa.com\/cz\/wp-json\/wp\/v2\/product_tag?post=256378"}],"curies":[{"name":"wp","href":"https:\/\/api.w.org\/{rel}","templated":true}]}}