{"id":256516,"date":"2025-04-04T03:25:48","date_gmt":"2025-04-04T01:25:48","guid":{"rendered":"https:\/\/shopatoa.com\/cz\/?post_type=product&#038;p=256516"},"modified":"2025-05-16T15:39:27","modified_gmt":"2025-05-16T13:39:27","slug":"klec-ferplast-rekord-4-cerna","status":"publish","type":"product","link":"https:\/\/shopatoa.com\/cz\/klec-ferplast-rekord-4-cerna\/","title":{"rendered":"Klec Ferplast Rekord 4 \u010dern\u00e1"},"content":{"rendered":"<p>Klec Rekord\u00a04 m\u00e1 dr\u00e1ty o\u0161et\u0159en\u00e9 \u010dern\u00fdm lakem proti korozi a vrchn\u00ed rohy opat\u0159en\u00e9 krytkami pro v\u011bt\u0161\u00ed bezpe\u010dnost a stabilitu. Vysok\u00e9 plastov\u00e9 dno zamezuje vypad\u00e1v\u00e1n\u00ed podest\u00fdlky a vysunovac\u00ed z\u00e1suvka zaji\u0161\u0165uje snadn\u00e9 a rychl\u00e9 vy\u010di\u0161t\u011bn\u00ed klece. D\u00edky sv\u00e9 velikosti p\u0159edstavuje ide\u00e1ln\u00ed volbu pro kan\u00e1rky, andulky a jin\u00e9 men\u0161\u00ed exotick\u00e9 pt\u00e1ky.<\/p>\n<p>Sou\u010d\u00e1st\u00ed klece jsou\u00a03\u00a0plastov\u00e1 bid\u00fdlka, nap\u00e1je\u010dka na vodu, 2 klipy na zeleninu\/proso, zrcadlov\u00e1 hra\u010dka se zvonkem a 2 krm\u00edtka Brava 2. Tato krm\u00edtka jsou navr\u017een\u00e1 tak, aby se jednodu\u0161e dopl\u0148ovala a \u010distila a p\u0159i vyjmut\u00ed nezanechala \u017e\u00e1dn\u00fd otvor, kter\u00fdm by pt\u00e1k mohl ul\u00e9tnout.<\/p>\n<p>Hlavn\u00ed p\u0159ednosti:<\/p>\n<p>\tIde\u00e1ln\u00ed pro kan\u00e1rky a jin\u00e9 men\u0161\u00ed exotick\u00e9 pt\u00e1ky.<br \/>\n\tVysok\u00e9 plastov\u00e9 dno zamezuje vypad\u00e1v\u00e1n\u00ed podest\u00fdlky.<br \/>\n\tVysunovac\u00ed z\u00e1suvka pro snadn\u00e9 vy\u010di\u0161t\u011bn\u00ed klece.<br \/>\n\tKovov\u00e9 dr\u00e1ty o\u0161et\u0159en\u00e9 proti korozi.<br \/>\n\tBohat\u00e1 v\u00fdbava.<\/p>\n<p>Rozm\u011bry (cca):<\/p>\n<p>60 \u00d7 32,5 \u00d7 57,5 cm (d\u00e9lka \u00d7 \u0161\u00ed\u0159ka \u00d7 v\u00fd\u0161ka)<\/p>\n<p>Materi\u00e1l:<\/p>\n<p>Recyklovan\u00fd plast, kov.<\/p>\n<p>Barva:<\/p>\n<p>\u010cern\u00e1, \u010derven\u00e1.<\/p>\n","protected":false},"excerpt":{"rendered":"<p>Klec Rekord\u00a04 m\u00e1 dr\u00e1ty o\u0161et\u0159en\u00e9 \u010dern\u00fdm lakem proti korozi a vrchn\u00ed rohy opat\u0159en\u00e9 krytkami pro v\u011bt\u0161\u00ed bezpe\u010dnost a stabilitu. Vysok\u00e9 plastov\u00e9 dno zamezuje vypad\u00e1v\u00e1n\u00ed podest\u00fdlky a vysunovac\u00ed z\u00e1suvka zaji\u0161\u0165uje snadn\u00e9 a rychl\u00e9 vy\u010di\u0161t\u011bn\u00ed klece. D\u00edky sv\u00e9 velikosti p\u0159edstavuje ide\u00e1ln\u00ed volbu pro kan\u00e1rky, andulky a jin\u00e9 men\u0161\u00ed exotick\u00e9 pt\u00e1ky. Sou\u010d\u00e1st\u00ed klece jsou\u00a03\u00a0plastov\u00e1 bid\u00fdlka, nap\u00e1je\u010dka na vodu,&#8230;<\/p>\n","protected":false},"featured_media":256517,"comment_status":"closed","ping_status":"open","template":"","meta":{"_acf_changed":false,"_kadence_starter_templates_imported_post":false,"_kad_post_transparent":"","_kad_post_title":"","_kad_post_layout":"","_kad_post_sidebar_id":"","_kad_post_content_style":"","_kad_post_vertical_padding":"","_kad_post_feature":"","_kad_post_feature_position":"","_kad_post_header":false,"_kad_post_footer":false,"_kad_post_classname":""},"product_brand":[2688],"product_cat":[436,2667,2563],"product_tag":[],"class_list":{"0":"post-256516","1":"product","2":"type-product","3":"status-publish","4":"has-post-thumbnail","6":"product_brand-ferplast","7":"product_cat-chovatelske-potreby-2","8":"product_cat-klece-a-voliery","9":"product_cat-pro-ptaky","10":"pa_obchod-superzoo-cz","12":"first","13":"instock","14":"product-type-external","15":"entry","16":"content-bg","17":"loop-entry"},"acf":[],"yoast_head":"<!-- This site is optimized with the Yoast SEO plugin v27.4 - https:\/\/yoast.com\/product\/yoast-seo-wordpress\/ -->\n<title>Klec Ferplast Rekord 4 \u010dern\u00e1 - SHOPATOA.COM<\/title>\n<meta name=\"robots\" content=\"index, follow, max-snippet:-1, max-image-preview:large, max-video-preview:-1\" \/>\n<link rel=\"canonical\" href=\"https:\/\/shopatoa.com\/cz\/klec-ferplast-rekord-4-cerna\/\" \/>\n<meta property=\"og:locale\" content=\"cs_CZ\" \/>\n<meta property=\"og:type\" content=\"article\" \/>\n<meta property=\"og:title\" content=\"Klec Ferplast Rekord 4 \u010dern\u00e1 - SHOPATOA.COM\" \/>\n<meta property=\"og:description\" content=\"Klec Rekord\u00a04 m\u00e1 dr\u00e1ty o\u0161et\u0159en\u00e9 \u010dern\u00fdm lakem proti korozi a vrchn\u00ed rohy opat\u0159en\u00e9 krytkami pro v\u011bt\u0161\u00ed bezpe\u010dnost a stabilitu. Vysok\u00e9 plastov\u00e9 dno zamezuje vypad\u00e1v\u00e1n\u00ed podest\u00fdlky a vysunovac\u00ed z\u00e1suvka zaji\u0161\u0165uje snadn\u00e9 a rychl\u00e9 vy\u010di\u0161t\u011bn\u00ed klece. D\u00edky sv\u00e9 velikosti p\u0159edstavuje ide\u00e1ln\u00ed volbu pro kan\u00e1rky, andulky a jin\u00e9 men\u0161\u00ed exotick\u00e9 pt\u00e1ky. Sou\u010d\u00e1st\u00ed klece jsou\u00a03\u00a0plastov\u00e1 bid\u00fdlka, nap\u00e1je\u010dka na vodu,...\" \/>\n<meta property=\"og:url\" content=\"https:\/\/shopatoa.com\/cz\/klec-ferplast-rekord-4-cerna\/\" \/>\n<meta property=\"og:site_name\" content=\"SHOPATOA\" \/>\n<meta property=\"article:modified_time\" content=\"2025-05-16T13:39:27+00:00\" \/>\n<meta property=\"og:image\" content=\"https:\/\/storage.googleapis.com\/cz-shopatoa-img\/cz\/8b2f807a-1_70541.jpg\" \/>\n\t<meta property=\"og:image:width\" content=\"600\" \/>\n\t<meta property=\"og:image:height\" content=\"600\" \/>\n\t<meta property=\"og:image:type\" content=\"image\/jpeg\" \/>\n<meta name=\"twitter:card\" content=\"summary_large_image\" \/>\n<meta name=\"twitter:label1\" content=\"Odhadovan\u00e1 doba \u010dten\u00ed\" \/>\n\t<meta name=\"twitter:data1\" content=\"1 minuta\" \/>\n<script type=\"application\/ld+json\" class=\"yoast-schema-graph\">{\"@context\":\"https:\\\/\\\/schema.org\",\"@graph\":[{\"@type\":\"WebPage\",\"@id\":\"https:\\\/\\\/shopatoa.com\\\/cz\\\/klec-ferplast-rekord-4-cerna\\\/\",\"url\":\"https:\\\/\\\/shopatoa.com\\\/cz\\\/klec-ferplast-rekord-4-cerna\\\/\",\"name\":\"Klec Ferplast Rekord 4 \u010dern\u00e1 - SHOPATOA.COM\",\"isPartOf\":{\"@id\":\"https:\\\/\\\/shopatoa.com\\\/cz\\\/#website\"},\"primaryImageOfPage\":{\"@id\":\"https:\\\/\\\/shopatoa.com\\\/cz\\\/klec-ferplast-rekord-4-cerna\\\/#primaryimage\"},\"image\":{\"@id\":\"https:\\\/\\\/shopatoa.com\\\/cz\\\/klec-ferplast-rekord-4-cerna\\\/#primaryimage\"},\"thumbnailUrl\":\"https:\\\/\\\/storage.googleapis.com\\\/cz-shopatoa-img\\\/cz\\\/8b2f807a-1_70541.jpg\",\"datePublished\":\"2025-04-04T01:25:48+00:00\",\"dateModified\":\"2025-05-16T13:39:27+00:00\",\"breadcrumb\":{\"@id\":\"https:\\\/\\\/shopatoa.com\\\/cz\\\/klec-ferplast-rekord-4-cerna\\\/#breadcrumb\"},\"inLanguage\":\"cs\",\"potentialAction\":[{\"@type\":\"ReadAction\",\"target\":[\"https:\\\/\\\/shopatoa.com\\\/cz\\\/klec-ferplast-rekord-4-cerna\\\/\"]}]},{\"@type\":\"ImageObject\",\"inLanguage\":\"cs\",\"@id\":\"https:\\\/\\\/shopatoa.com\\\/cz\\\/klec-ferplast-rekord-4-cerna\\\/#primaryimage\",\"url\":\"https:\\\/\\\/storage.googleapis.com\\\/cz-shopatoa-img\\\/cz\\\/8b2f807a-1_70541.jpg\",\"contentUrl\":\"https:\\\/\\\/storage.googleapis.com\\\/cz-shopatoa-img\\\/cz\\\/8b2f807a-1_70541.jpg\",\"width\":600,\"height\":600},{\"@type\":\"BreadcrumbList\",\"@id\":\"https:\\\/\\\/shopatoa.com\\\/cz\\\/klec-ferplast-rekord-4-cerna\\\/#breadcrumb\",\"itemListElement\":[{\"@type\":\"ListItem\",\"position\":1,\"name\":\"Dom\u016f\",\"item\":\"https:\\\/\\\/shopatoa.com\\\/cz\\\/\"},{\"@type\":\"ListItem\",\"position\":2,\"name\":\"Produkty\",\"item\":\"https:\\\/\\\/shopatoa.com\\\/cz\\\/shop\\\/\"},{\"@type\":\"ListItem\",\"position\":3,\"name\":\"Chovatelsk\u00e9 pot\u0159eby\",\"item\":\"https:\\\/\\\/shopatoa.com\\\/cz\\\/chovatelske-potreby-2\\\/\"},{\"@type\":\"ListItem\",\"position\":4,\"name\":\"Pro pt\u00e1ky\",\"item\":\"https:\\\/\\\/shopatoa.com\\\/cz\\\/pro-ptaky\\\/\"},{\"@type\":\"ListItem\",\"position\":5,\"name\":\"Klece a voli\u00e9ry\",\"item\":\"https:\\\/\\\/shopatoa.com\\\/cz\\\/klece-a-voliery\\\/\"},{\"@type\":\"ListItem\",\"position\":6,\"name\":\"Klec Ferplast Rekord 4 \u010dern\u00e1\"}]},{\"@type\":\"WebSite\",\"@id\":\"https:\\\/\\\/shopatoa.com\\\/cz\\\/#website\",\"url\":\"https:\\\/\\\/shopatoa.com\\\/cz\\\/\",\"name\":\"SHOPATOA\",\"description\":\"\",\"publisher\":{\"@id\":\"https:\\\/\\\/shopatoa.com\\\/cz\\\/#organization\"},\"potentialAction\":[{\"@type\":\"SearchAction\",\"target\":{\"@type\":\"EntryPoint\",\"urlTemplate\":\"https:\\\/\\\/shopatoa.com\\\/cz\\\/?s={search_term_string}\"},\"query-input\":{\"@type\":\"PropertyValueSpecification\",\"valueRequired\":true,\"valueName\":\"search_term_string\"}}],\"inLanguage\":\"cs\"},{\"@type\":\"Organization\",\"@id\":\"https:\\\/\\\/shopatoa.com\\\/cz\\\/#organization\",\"name\":\"SHOPATOA Digital s.r.o.\",\"url\":\"https:\\\/\\\/shopatoa.com\\\/cz\\\/\",\"logo\":{\"@type\":\"ImageObject\",\"inLanguage\":\"cs\",\"@id\":\"https:\\\/\\\/shopatoa.com\\\/cz\\\/#\\\/schema\\\/logo\\\/image\\\/\",\"url\":\"https:\\\/\\\/storage.googleapis.com\\\/cz-shopatoa-img\\\/cz\\\/ebccf434-shopatoa_logo.png\",\"contentUrl\":\"https:\\\/\\\/storage.googleapis.com\\\/cz-shopatoa-img\\\/cz\\\/ebccf434-shopatoa_logo.png\",\"width\":416,\"height\":63,\"caption\":\"SHOPATOA Digital s.r.o.\"},\"image\":{\"@id\":\"https:\\\/\\\/shopatoa.com\\\/cz\\\/#\\\/schema\\\/logo\\\/image\\\/\"}}]}<\/script>\n<!-- \/ Yoast SEO plugin. -->","yoast_head_json":{"title":"Klec Ferplast Rekord 4 \u010dern\u00e1 - SHOPATOA.COM","robots":{"index":"index","follow":"follow","max-snippet":"max-snippet:-1","max-image-preview":"max-image-preview:large","max-video-preview":"max-video-preview:-1"},"canonical":"https:\/\/shopatoa.com\/cz\/klec-ferplast-rekord-4-cerna\/","og_locale":"cs_CZ","og_type":"article","og_title":"Klec Ferplast Rekord 4 \u010dern\u00e1 - SHOPATOA.COM","og_description":"Klec Rekord\u00a04 m\u00e1 dr\u00e1ty o\u0161et\u0159en\u00e9 \u010dern\u00fdm lakem proti korozi a vrchn\u00ed rohy opat\u0159en\u00e9 krytkami pro v\u011bt\u0161\u00ed bezpe\u010dnost a stabilitu. Vysok\u00e9 plastov\u00e9 dno zamezuje vypad\u00e1v\u00e1n\u00ed podest\u00fdlky a vysunovac\u00ed z\u00e1suvka zaji\u0161\u0165uje snadn\u00e9 a rychl\u00e9 vy\u010di\u0161t\u011bn\u00ed klece. D\u00edky sv\u00e9 velikosti p\u0159edstavuje ide\u00e1ln\u00ed volbu pro kan\u00e1rky, andulky a jin\u00e9 men\u0161\u00ed exotick\u00e9 pt\u00e1ky. Sou\u010d\u00e1st\u00ed klece jsou\u00a03\u00a0plastov\u00e1 bid\u00fdlka, nap\u00e1je\u010dka na vodu,...","og_url":"https:\/\/shopatoa.com\/cz\/klec-ferplast-rekord-4-cerna\/","og_site_name":"SHOPATOA","article_modified_time":"2025-05-16T13:39:27+00:00","og_image":[{"width":600,"height":600,"url":"https:\/\/storage.googleapis.com\/cz-shopatoa-img\/cz\/8b2f807a-1_70541.jpg","type":"image\/jpeg"}],"twitter_card":"summary_large_image","twitter_misc":{"Odhadovan\u00e1 doba \u010dten\u00ed":"1 minuta"},"schema":{"@context":"https:\/\/schema.org","@graph":[{"@type":"WebPage","@id":"https:\/\/shopatoa.com\/cz\/klec-ferplast-rekord-4-cerna\/","url":"https:\/\/shopatoa.com\/cz\/klec-ferplast-rekord-4-cerna\/","name":"Klec Ferplast Rekord 4 \u010dern\u00e1 - SHOPATOA.COM","isPartOf":{"@id":"https:\/\/shopatoa.com\/cz\/#website"},"primaryImageOfPage":{"@id":"https:\/\/shopatoa.com\/cz\/klec-ferplast-rekord-4-cerna\/#primaryimage"},"image":{"@id":"https:\/\/shopatoa.com\/cz\/klec-ferplast-rekord-4-cerna\/#primaryimage"},"thumbnailUrl":"https:\/\/storage.googleapis.com\/cz-shopatoa-img\/cz\/8b2f807a-1_70541.jpg","datePublished":"2025-04-04T01:25:48+00:00","dateModified":"2025-05-16T13:39:27+00:00","breadcrumb":{"@id":"https:\/\/shopatoa.com\/cz\/klec-ferplast-rekord-4-cerna\/#breadcrumb"},"inLanguage":"cs","potentialAction":[{"@type":"ReadAction","target":["https:\/\/shopatoa.com\/cz\/klec-ferplast-rekord-4-cerna\/"]}]},{"@type":"ImageObject","inLanguage":"cs","@id":"https:\/\/shopatoa.com\/cz\/klec-ferplast-rekord-4-cerna\/#primaryimage","url":"https:\/\/storage.googleapis.com\/cz-shopatoa-img\/cz\/8b2f807a-1_70541.jpg","contentUrl":"https:\/\/storage.googleapis.com\/cz-shopatoa-img\/cz\/8b2f807a-1_70541.jpg","width":600,"height":600},{"@type":"BreadcrumbList","@id":"https:\/\/shopatoa.com\/cz\/klec-ferplast-rekord-4-cerna\/#breadcrumb","itemListElement":[{"@type":"ListItem","position":1,"name":"Dom\u016f","item":"https:\/\/shopatoa.com\/cz\/"},{"@type":"ListItem","position":2,"name":"Produkty","item":"https:\/\/shopatoa.com\/cz\/shop\/"},{"@type":"ListItem","position":3,"name":"Chovatelsk\u00e9 pot\u0159eby","item":"https:\/\/shopatoa.com\/cz\/chovatelske-potreby-2\/"},{"@type":"ListItem","position":4,"name":"Pro pt\u00e1ky","item":"https:\/\/shopatoa.com\/cz\/pro-ptaky\/"},{"@type":"ListItem","position":5,"name":"Klece a voli\u00e9ry","item":"https:\/\/shopatoa.com\/cz\/klece-a-voliery\/"},{"@type":"ListItem","position":6,"name":"Klec Ferplast Rekord 4 \u010dern\u00e1"}]},{"@type":"WebSite","@id":"https:\/\/shopatoa.com\/cz\/#website","url":"https:\/\/shopatoa.com\/cz\/","name":"SHOPATOA","description":"","publisher":{"@id":"https:\/\/shopatoa.com\/cz\/#organization"},"potentialAction":[{"@type":"SearchAction","target":{"@type":"EntryPoint","urlTemplate":"https:\/\/shopatoa.com\/cz\/?s={search_term_string}"},"query-input":{"@type":"PropertyValueSpecification","valueRequired":true,"valueName":"search_term_string"}}],"inLanguage":"cs"},{"@type":"Organization","@id":"https:\/\/shopatoa.com\/cz\/#organization","name":"SHOPATOA Digital s.r.o.","url":"https:\/\/shopatoa.com\/cz\/","logo":{"@type":"ImageObject","inLanguage":"cs","@id":"https:\/\/shopatoa.com\/cz\/#\/schema\/logo\/image\/","url":"https:\/\/storage.googleapis.com\/cz-shopatoa-img\/cz\/ebccf434-shopatoa_logo.png","contentUrl":"https:\/\/storage.googleapis.com\/cz-shopatoa-img\/cz\/ebccf434-shopatoa_logo.png","width":416,"height":63,"caption":"SHOPATOA Digital s.r.o."},"image":{"@id":"https:\/\/shopatoa.com\/cz\/#\/schema\/logo\/image\/"}}]}},"_links":{"self":[{"href":"https:\/\/shopatoa.com\/cz\/wp-json\/wp\/v2\/product\/256516","targetHints":{"allow":["GET"]}}],"collection":[{"href":"https:\/\/shopatoa.com\/cz\/wp-json\/wp\/v2\/product"}],"about":[{"href":"https:\/\/shopatoa.com\/cz\/wp-json\/wp\/v2\/types\/product"}],"replies":[{"embeddable":true,"href":"https:\/\/shopatoa.com\/cz\/wp-json\/wp\/v2\/comments?post=256516"}],"wp:featuredmedia":[{"embeddable":true,"href":"https:\/\/shopatoa.com\/cz\/wp-json\/wp\/v2\/media\/256517"}],"wp:attachment":[{"href":"https:\/\/shopatoa.com\/cz\/wp-json\/wp\/v2\/media?parent=256516"}],"wp:term":[{"taxonomy":"product_brand","embeddable":true,"href":"https:\/\/shopatoa.com\/cz\/wp-json\/wp\/v2\/product_brand?post=256516"},{"taxonomy":"product_cat","embeddable":true,"href":"https:\/\/shopatoa.com\/cz\/wp-json\/wp\/v2\/product_cat?post=256516"},{"taxonomy":"product_tag","embeddable":true,"href":"https:\/\/shopatoa.com\/cz\/wp-json\/wp\/v2\/product_tag?post=256516"}],"curies":[{"name":"wp","href":"https:\/\/api.w.org\/{rel}","templated":true}]}}