{"id":256556,"date":"2025-04-04T03:31:53","date_gmt":"2025-04-04T01:31:53","guid":{"rendered":"https:\/\/shopatoa.com\/cz\/?post_type=product&#038;p=256556"},"modified":"2026-02-03T20:42:10","modified_gmt":"2026-02-03T19:42:10","slug":"klec-ferplast-guinea-80","status":"publish","type":"product","link":"https:\/\/shopatoa.com\/cz\/klec-ferplast-guinea-80\/","title":{"rendered":"Klec Ferplast Guinea 80"},"content":{"rendered":"<p>Guinea 80 je klec pro mor\u010data s obnoven\u00fdm syst\u00e9mem otev\u00edr\u00e1n\u00ed a zav\u00edr\u00e1n\u00ed, kter\u00fd zaji\u0161\u0165uje va\u0161im mal\u00fdm mazl\u00ed\u010dk\u016fm v\u011bt\u0161\u00ed bezpe\u010dnost.<\/p>\n<p>Klec m\u00e1 plastovou z\u00e1kladnu s\u00a0lakovan\u00fdmi dr\u00e1ty. Dv\u00ed\u0159ka na p\u0159edn\u00ed stran\u011b lze zcela otev\u0159\u00edt, co\u017e usnad\u0148uje \u010di\u0161t\u011bn\u00ed.<\/p>\n<p>Uvnit\u0159 najdete\u00a0p\u0159\u00edslu\u0161enstv\u00ed, mezi kter\u00e9 pat\u0159\u00ed\u00a0napaje\u010dka, sen\u00edk, miska na krmivo a plastov\u00fd dome\u010dek, ve kter\u00e9m si v\u00e1\u0161 mazl\u00ed\u010dek m\u016f\u017ee odpo\u010dinout.<\/p>\n<p>\tPln\u011b otev\u00edrateln\u00e9 p\u0159edn\u00ed dve\u0159e.<br \/>\n\tBezpe\u010dn\u00fd\u00a0a snadn\u00fd syst\u00e9m otev\u00edr\u00e1n\u00ed.<br \/>\n\tOdn\u00edmateln\u00e1 z\u00e1kladna\u00a0pro snadn\u00e9 \u010di\u0161t\u011bn\u00ed.<br \/>\n\tV\u010detn\u011b p\u0159\u00edslu\u0161enstv\u00ed.<\/p>\n<p>Rozm\u011bry:<br \/>\n77 x 48 x h 42 cm<\/p>\n","protected":false},"excerpt":{"rendered":"<p>Guinea 80 je klec pro mor\u010data s obnoven\u00fdm syst\u00e9mem otev\u00edr\u00e1n\u00ed a zav\u00edr\u00e1n\u00ed, kter\u00fd zaji\u0161\u0165uje va\u0161im mal\u00fdm mazl\u00ed\u010dk\u016fm v\u011bt\u0161\u00ed bezpe\u010dnost. Klec m\u00e1 plastovou z\u00e1kladnu s\u00a0lakovan\u00fdmi dr\u00e1ty. Dv\u00ed\u0159ka na p\u0159edn\u00ed stran\u011b lze zcela otev\u0159\u00edt, co\u017e usnad\u0148uje \u010di\u0161t\u011bn\u00ed. Uvnit\u0159 najdete\u00a0p\u0159\u00edslu\u0161enstv\u00ed, mezi kter\u00e9 pat\u0159\u00ed\u00a0napaje\u010dka, sen\u00edk, miska na krmivo a plastov\u00fd dome\u010dek, ve kter\u00e9m si v\u00e1\u0161 mazl\u00ed\u010dek m\u016f\u017ee odpo\u010dinout. Pln\u011b&#8230;<\/p>\n","protected":false},"featured_media":256557,"comment_status":"closed","ping_status":"open","template":"","meta":{"_acf_changed":false,"_kadence_starter_templates_imported_post":false,"_kad_post_transparent":"","_kad_post_title":"","_kad_post_layout":"","_kad_post_sidebar_id":"","_kad_post_content_style":"","_kad_post_vertical_padding":"","_kad_post_feature":"","_kad_post_feature_position":"","_kad_post_header":false,"_kad_post_footer":false,"_kad_post_classname":""},"product_brand":[2688],"product_cat":[436,2560,2501],"product_tag":[],"class_list":{"0":"post-256556","1":"product","2":"type-product","3":"status-publish","4":"has-post-thumbnail","6":"product_brand-ferplast","7":"product_cat-chovatelske-potreby-2","8":"product_cat-prepravky-pro-hlodavce","9":"product_cat-pro-hlodavce","10":"pa_obchod-superzoo-cz","12":"first","13":"instock","14":"product-type-external","15":"entry","16":"content-bg","17":"loop-entry"},"acf":[],"yoast_head":"<!-- This site is optimized with the Yoast SEO plugin v27.4 - https:\/\/yoast.com\/product\/yoast-seo-wordpress\/ -->\n<title>Klec Ferplast Guinea 80 - SHOPATOA.COM<\/title>\n<meta name=\"robots\" content=\"index, follow, max-snippet:-1, max-image-preview:large, max-video-preview:-1\" \/>\n<link rel=\"canonical\" href=\"https:\/\/shopatoa.com\/cz\/klec-ferplast-guinea-80\/\" \/>\n<meta property=\"og:locale\" content=\"cs_CZ\" \/>\n<meta property=\"og:type\" content=\"article\" \/>\n<meta property=\"og:title\" content=\"Klec Ferplast Guinea 80 - SHOPATOA.COM\" \/>\n<meta property=\"og:description\" content=\"Guinea 80 je klec pro mor\u010data s obnoven\u00fdm syst\u00e9mem otev\u00edr\u00e1n\u00ed a zav\u00edr\u00e1n\u00ed, kter\u00fd zaji\u0161\u0165uje va\u0161im mal\u00fdm mazl\u00ed\u010dk\u016fm v\u011bt\u0161\u00ed bezpe\u010dnost. Klec m\u00e1 plastovou z\u00e1kladnu s\u00a0lakovan\u00fdmi dr\u00e1ty. Dv\u00ed\u0159ka na p\u0159edn\u00ed stran\u011b lze zcela otev\u0159\u00edt, co\u017e usnad\u0148uje \u010di\u0161t\u011bn\u00ed. Uvnit\u0159 najdete\u00a0p\u0159\u00edslu\u0161enstv\u00ed, mezi kter\u00e9 pat\u0159\u00ed\u00a0napaje\u010dka, sen\u00edk, miska na krmivo a plastov\u00fd dome\u010dek, ve kter\u00e9m si v\u00e1\u0161 mazl\u00ed\u010dek m\u016f\u017ee odpo\u010dinout. Pln\u011b...\" \/>\n<meta property=\"og:url\" content=\"https:\/\/shopatoa.com\/cz\/klec-ferplast-guinea-80\/\" \/>\n<meta property=\"og:site_name\" content=\"SHOPATOA\" \/>\n<meta property=\"article:modified_time\" content=\"2026-02-03T19:42:10+00:00\" \/>\n<meta property=\"og:image\" content=\"https:\/\/storage.googleapis.com\/cz-shopatoa-img\/cz\/7ca2f97a-1_70544.jpg\" \/>\n\t<meta property=\"og:image:width\" content=\"600\" \/>\n\t<meta property=\"og:image:height\" content=\"600\" \/>\n\t<meta property=\"og:image:type\" content=\"image\/jpeg\" \/>\n<meta name=\"twitter:card\" content=\"summary_large_image\" \/>\n<meta name=\"twitter:label1\" content=\"Odhadovan\u00e1 doba \u010dten\u00ed\" \/>\n\t<meta name=\"twitter:data1\" content=\"1 minuta\" \/>\n<script type=\"application\/ld+json\" class=\"yoast-schema-graph\">{\"@context\":\"https:\\\/\\\/schema.org\",\"@graph\":[{\"@type\":\"WebPage\",\"@id\":\"https:\\\/\\\/shopatoa.com\\\/cz\\\/klec-ferplast-guinea-80\\\/\",\"url\":\"https:\\\/\\\/shopatoa.com\\\/cz\\\/klec-ferplast-guinea-80\\\/\",\"name\":\"Klec Ferplast Guinea 80 - SHOPATOA.COM\",\"isPartOf\":{\"@id\":\"https:\\\/\\\/shopatoa.com\\\/cz\\\/#website\"},\"primaryImageOfPage\":{\"@id\":\"https:\\\/\\\/shopatoa.com\\\/cz\\\/klec-ferplast-guinea-80\\\/#primaryimage\"},\"image\":{\"@id\":\"https:\\\/\\\/shopatoa.com\\\/cz\\\/klec-ferplast-guinea-80\\\/#primaryimage\"},\"thumbnailUrl\":\"https:\\\/\\\/storage.googleapis.com\\\/cz-shopatoa-img\\\/cz\\\/7ca2f97a-1_70544.jpg\",\"datePublished\":\"2025-04-04T01:31:53+00:00\",\"dateModified\":\"2026-02-03T19:42:10+00:00\",\"breadcrumb\":{\"@id\":\"https:\\\/\\\/shopatoa.com\\\/cz\\\/klec-ferplast-guinea-80\\\/#breadcrumb\"},\"inLanguage\":\"cs\",\"potentialAction\":[{\"@type\":\"ReadAction\",\"target\":[\"https:\\\/\\\/shopatoa.com\\\/cz\\\/klec-ferplast-guinea-80\\\/\"]}]},{\"@type\":\"ImageObject\",\"inLanguage\":\"cs\",\"@id\":\"https:\\\/\\\/shopatoa.com\\\/cz\\\/klec-ferplast-guinea-80\\\/#primaryimage\",\"url\":\"https:\\\/\\\/storage.googleapis.com\\\/cz-shopatoa-img\\\/cz\\\/7ca2f97a-1_70544.jpg\",\"contentUrl\":\"https:\\\/\\\/storage.googleapis.com\\\/cz-shopatoa-img\\\/cz\\\/7ca2f97a-1_70544.jpg\",\"width\":600,\"height\":600},{\"@type\":\"BreadcrumbList\",\"@id\":\"https:\\\/\\\/shopatoa.com\\\/cz\\\/klec-ferplast-guinea-80\\\/#breadcrumb\",\"itemListElement\":[{\"@type\":\"ListItem\",\"position\":1,\"name\":\"Dom\u016f\",\"item\":\"https:\\\/\\\/shopatoa.com\\\/cz\\\/\"},{\"@type\":\"ListItem\",\"position\":2,\"name\":\"Produkty\",\"item\":\"https:\\\/\\\/shopatoa.com\\\/cz\\\/shop\\\/\"},{\"@type\":\"ListItem\",\"position\":3,\"name\":\"Chovatelsk\u00e9 pot\u0159eby\",\"item\":\"https:\\\/\\\/shopatoa.com\\\/cz\\\/chovatelske-potreby-2\\\/\"},{\"@type\":\"ListItem\",\"position\":4,\"name\":\"Pro hlodavce\",\"item\":\"https:\\\/\\\/shopatoa.com\\\/cz\\\/pro-hlodavce\\\/\"},{\"@type\":\"ListItem\",\"position\":5,\"name\":\"P\u0159epravky pro hlodavce\",\"item\":\"https:\\\/\\\/shopatoa.com\\\/cz\\\/prepravky-pro-hlodavce\\\/\"},{\"@type\":\"ListItem\",\"position\":6,\"name\":\"Klec Ferplast Guinea 80\"}]},{\"@type\":\"WebSite\",\"@id\":\"https:\\\/\\\/shopatoa.com\\\/cz\\\/#website\",\"url\":\"https:\\\/\\\/shopatoa.com\\\/cz\\\/\",\"name\":\"SHOPATOA\",\"description\":\"\",\"publisher\":{\"@id\":\"https:\\\/\\\/shopatoa.com\\\/cz\\\/#organization\"},\"potentialAction\":[{\"@type\":\"SearchAction\",\"target\":{\"@type\":\"EntryPoint\",\"urlTemplate\":\"https:\\\/\\\/shopatoa.com\\\/cz\\\/?s={search_term_string}\"},\"query-input\":{\"@type\":\"PropertyValueSpecification\",\"valueRequired\":true,\"valueName\":\"search_term_string\"}}],\"inLanguage\":\"cs\"},{\"@type\":\"Organization\",\"@id\":\"https:\\\/\\\/shopatoa.com\\\/cz\\\/#organization\",\"name\":\"SHOPATOA Digital s.r.o.\",\"url\":\"https:\\\/\\\/shopatoa.com\\\/cz\\\/\",\"logo\":{\"@type\":\"ImageObject\",\"inLanguage\":\"cs\",\"@id\":\"https:\\\/\\\/shopatoa.com\\\/cz\\\/#\\\/schema\\\/logo\\\/image\\\/\",\"url\":\"https:\\\/\\\/storage.googleapis.com\\\/cz-shopatoa-img\\\/cz\\\/ebccf434-shopatoa_logo.png\",\"contentUrl\":\"https:\\\/\\\/storage.googleapis.com\\\/cz-shopatoa-img\\\/cz\\\/ebccf434-shopatoa_logo.png\",\"width\":416,\"height\":63,\"caption\":\"SHOPATOA Digital s.r.o.\"},\"image\":{\"@id\":\"https:\\\/\\\/shopatoa.com\\\/cz\\\/#\\\/schema\\\/logo\\\/image\\\/\"}}]}<\/script>\n<!-- \/ Yoast SEO plugin. -->","yoast_head_json":{"title":"Klec Ferplast Guinea 80 - SHOPATOA.COM","robots":{"index":"index","follow":"follow","max-snippet":"max-snippet:-1","max-image-preview":"max-image-preview:large","max-video-preview":"max-video-preview:-1"},"canonical":"https:\/\/shopatoa.com\/cz\/klec-ferplast-guinea-80\/","og_locale":"cs_CZ","og_type":"article","og_title":"Klec Ferplast Guinea 80 - SHOPATOA.COM","og_description":"Guinea 80 je klec pro mor\u010data s obnoven\u00fdm syst\u00e9mem otev\u00edr\u00e1n\u00ed a zav\u00edr\u00e1n\u00ed, kter\u00fd zaji\u0161\u0165uje va\u0161im mal\u00fdm mazl\u00ed\u010dk\u016fm v\u011bt\u0161\u00ed bezpe\u010dnost. Klec m\u00e1 plastovou z\u00e1kladnu s\u00a0lakovan\u00fdmi dr\u00e1ty. Dv\u00ed\u0159ka na p\u0159edn\u00ed stran\u011b lze zcela otev\u0159\u00edt, co\u017e usnad\u0148uje \u010di\u0161t\u011bn\u00ed. Uvnit\u0159 najdete\u00a0p\u0159\u00edslu\u0161enstv\u00ed, mezi kter\u00e9 pat\u0159\u00ed\u00a0napaje\u010dka, sen\u00edk, miska na krmivo a plastov\u00fd dome\u010dek, ve kter\u00e9m si v\u00e1\u0161 mazl\u00ed\u010dek m\u016f\u017ee odpo\u010dinout. Pln\u011b...","og_url":"https:\/\/shopatoa.com\/cz\/klec-ferplast-guinea-80\/","og_site_name":"SHOPATOA","article_modified_time":"2026-02-03T19:42:10+00:00","og_image":[{"width":600,"height":600,"url":"https:\/\/storage.googleapis.com\/cz-shopatoa-img\/cz\/7ca2f97a-1_70544.jpg","type":"image\/jpeg"}],"twitter_card":"summary_large_image","twitter_misc":{"Odhadovan\u00e1 doba \u010dten\u00ed":"1 minuta"},"schema":{"@context":"https:\/\/schema.org","@graph":[{"@type":"WebPage","@id":"https:\/\/shopatoa.com\/cz\/klec-ferplast-guinea-80\/","url":"https:\/\/shopatoa.com\/cz\/klec-ferplast-guinea-80\/","name":"Klec Ferplast Guinea 80 - SHOPATOA.COM","isPartOf":{"@id":"https:\/\/shopatoa.com\/cz\/#website"},"primaryImageOfPage":{"@id":"https:\/\/shopatoa.com\/cz\/klec-ferplast-guinea-80\/#primaryimage"},"image":{"@id":"https:\/\/shopatoa.com\/cz\/klec-ferplast-guinea-80\/#primaryimage"},"thumbnailUrl":"https:\/\/storage.googleapis.com\/cz-shopatoa-img\/cz\/7ca2f97a-1_70544.jpg","datePublished":"2025-04-04T01:31:53+00:00","dateModified":"2026-02-03T19:42:10+00:00","breadcrumb":{"@id":"https:\/\/shopatoa.com\/cz\/klec-ferplast-guinea-80\/#breadcrumb"},"inLanguage":"cs","potentialAction":[{"@type":"ReadAction","target":["https:\/\/shopatoa.com\/cz\/klec-ferplast-guinea-80\/"]}]},{"@type":"ImageObject","inLanguage":"cs","@id":"https:\/\/shopatoa.com\/cz\/klec-ferplast-guinea-80\/#primaryimage","url":"https:\/\/storage.googleapis.com\/cz-shopatoa-img\/cz\/7ca2f97a-1_70544.jpg","contentUrl":"https:\/\/storage.googleapis.com\/cz-shopatoa-img\/cz\/7ca2f97a-1_70544.jpg","width":600,"height":600},{"@type":"BreadcrumbList","@id":"https:\/\/shopatoa.com\/cz\/klec-ferplast-guinea-80\/#breadcrumb","itemListElement":[{"@type":"ListItem","position":1,"name":"Dom\u016f","item":"https:\/\/shopatoa.com\/cz\/"},{"@type":"ListItem","position":2,"name":"Produkty","item":"https:\/\/shopatoa.com\/cz\/shop\/"},{"@type":"ListItem","position":3,"name":"Chovatelsk\u00e9 pot\u0159eby","item":"https:\/\/shopatoa.com\/cz\/chovatelske-potreby-2\/"},{"@type":"ListItem","position":4,"name":"Pro hlodavce","item":"https:\/\/shopatoa.com\/cz\/pro-hlodavce\/"},{"@type":"ListItem","position":5,"name":"P\u0159epravky pro hlodavce","item":"https:\/\/shopatoa.com\/cz\/prepravky-pro-hlodavce\/"},{"@type":"ListItem","position":6,"name":"Klec Ferplast Guinea 80"}]},{"@type":"WebSite","@id":"https:\/\/shopatoa.com\/cz\/#website","url":"https:\/\/shopatoa.com\/cz\/","name":"SHOPATOA","description":"","publisher":{"@id":"https:\/\/shopatoa.com\/cz\/#organization"},"potentialAction":[{"@type":"SearchAction","target":{"@type":"EntryPoint","urlTemplate":"https:\/\/shopatoa.com\/cz\/?s={search_term_string}"},"query-input":{"@type":"PropertyValueSpecification","valueRequired":true,"valueName":"search_term_string"}}],"inLanguage":"cs"},{"@type":"Organization","@id":"https:\/\/shopatoa.com\/cz\/#organization","name":"SHOPATOA Digital s.r.o.","url":"https:\/\/shopatoa.com\/cz\/","logo":{"@type":"ImageObject","inLanguage":"cs","@id":"https:\/\/shopatoa.com\/cz\/#\/schema\/logo\/image\/","url":"https:\/\/storage.googleapis.com\/cz-shopatoa-img\/cz\/ebccf434-shopatoa_logo.png","contentUrl":"https:\/\/storage.googleapis.com\/cz-shopatoa-img\/cz\/ebccf434-shopatoa_logo.png","width":416,"height":63,"caption":"SHOPATOA Digital s.r.o."},"image":{"@id":"https:\/\/shopatoa.com\/cz\/#\/schema\/logo\/image\/"}}]}},"_links":{"self":[{"href":"https:\/\/shopatoa.com\/cz\/wp-json\/wp\/v2\/product\/256556","targetHints":{"allow":["GET"]}}],"collection":[{"href":"https:\/\/shopatoa.com\/cz\/wp-json\/wp\/v2\/product"}],"about":[{"href":"https:\/\/shopatoa.com\/cz\/wp-json\/wp\/v2\/types\/product"}],"replies":[{"embeddable":true,"href":"https:\/\/shopatoa.com\/cz\/wp-json\/wp\/v2\/comments?post=256556"}],"wp:featuredmedia":[{"embeddable":true,"href":"https:\/\/shopatoa.com\/cz\/wp-json\/wp\/v2\/media\/256557"}],"wp:attachment":[{"href":"https:\/\/shopatoa.com\/cz\/wp-json\/wp\/v2\/media?parent=256556"}],"wp:term":[{"taxonomy":"product_brand","embeddable":true,"href":"https:\/\/shopatoa.com\/cz\/wp-json\/wp\/v2\/product_brand?post=256556"},{"taxonomy":"product_cat","embeddable":true,"href":"https:\/\/shopatoa.com\/cz\/wp-json\/wp\/v2\/product_cat?post=256556"},{"taxonomy":"product_tag","embeddable":true,"href":"https:\/\/shopatoa.com\/cz\/wp-json\/wp\/v2\/product_tag?post=256556"}],"curies":[{"name":"wp","href":"https:\/\/api.w.org\/{rel}","templated":true}]}}