{"id":256558,"date":"2025-04-04T03:35:02","date_gmt":"2025-04-04T01:35:02","guid":{"rendered":"https:\/\/shopatoa.com\/cz\/?post_type=product&#038;p=256558"},"modified":"2026-02-03T20:42:08","modified_gmt":"2026-02-03T19:42:08","slug":"klec-pro-fretky-ferplast-furat","status":"publish","type":"product","link":"https:\/\/shopatoa.com\/cz\/klec-pro-fretky-ferplast-furat\/","title":{"rendered":"Klec pro fretky Ferplast Furat"},"content":{"rendered":"<p>Furat je fret\u010d\u00ed klec s lakovanou strukturou z dr\u00e1t\u011bn\u00e9ho pletiva a z\u00e1kladnou, r\u00e1mem a sloupky z plastu.<\/p>\n<p>Aby byla zaji\u0161t\u011bna bezpe\u010dnost va\u0161eho mazl\u00ed\u010dka, jsou na st\u0159e\u0161e dv\u011b plastov\u00e9 uzamykac\u00ed spony, kter\u00e9 udr\u017e\u00ed horn\u00ed dve\u0159e pevn\u011b zav\u0159en\u00e9.<\/p>\n<p>Klec pro fretky Furat m\u00e1 pln\u011b odn\u00edmatelnou z\u00e1kladnu pro snadn\u00e9 \u010di\u0161t\u011bn\u00ed.<\/p>\n<p>Dod\u00e1van\u00e9 p\u0159\u00edslu\u0161enstv\u00ed: hranat\u00fd z\u00e1chod, kovov\u00e1 miska na j\u00eddlo, plastov\u00e1 police s \u017eeb\u0159\u00edkem a houpac\u00ed s\u00ed\u0165 na odpo\u010dinek a hran\u00ed.<\/p>\n<p>\t\u0160irok\u00fd obytn\u00fd prostor.<br \/>\n\tRobustn\u00ed st\u0159e\u0161n\u00ed h\u00e1ky pro bezpe\u010dnost dom\u00e1c\u00edch mazl\u00ed\u010dk\u016f.<br \/>\n\tKompletn\u00ed i s p\u0159\u00edslu\u0161enstv\u00edm pro fretky a potkany.<br \/>\n\tOdn\u00edmateln\u00e1 z\u00e1kladna pro snadn\u00e9 \u010di\u0161t\u011bn\u00ed.<br \/>\n\tOtev\u00edrateln\u00e1 st\u0159echa.<br \/>\n\tRozm\u011bry: 78 x 48 x v 70 cm<br \/>\n\tEkologick\u00e9: vyrobeno z recyklovan\u00e9ho plastu a \u017eeleza.<\/p>\n<p>Furat je ekologicky udr\u017eiteln\u00fd produkt: je ve skute\u010dnosti vyroben z materi\u00e1lu z pr\u016fmyslov\u00e9 a spot\u0159ebitelsk\u00e9 recyklace, pro ochranu \u017eivotn\u00edho prost\u0159ed\u00ed, ve kter\u00e9m \u017eijeme spole\u010dn\u011b s na\u0161imi dom\u00e1c\u00edmi mazl\u00ed\u010dky.<\/p>\n","protected":false},"excerpt":{"rendered":"<p>Furat je fret\u010d\u00ed klec s lakovanou strukturou z dr\u00e1t\u011bn\u00e9ho pletiva a z\u00e1kladnou, r\u00e1mem a sloupky z plastu. Aby byla zaji\u0161t\u011bna bezpe\u010dnost va\u0161eho mazl\u00ed\u010dka, jsou na st\u0159e\u0161e dv\u011b plastov\u00e9 uzamykac\u00ed spony, kter\u00e9 udr\u017e\u00ed horn\u00ed dve\u0159e pevn\u011b zav\u0159en\u00e9. Klec pro fretky Furat m\u00e1 pln\u011b odn\u00edmatelnou z\u00e1kladnu pro snadn\u00e9 \u010di\u0161t\u011bn\u00ed. Dod\u00e1van\u00e9 p\u0159\u00edslu\u0161enstv\u00ed: hranat\u00fd z\u00e1chod, kovov\u00e1 miska na j\u00eddlo,&#8230;<\/p>\n","protected":false},"featured_media":256559,"comment_status":"closed","ping_status":"open","template":"","meta":{"_acf_changed":false,"_kadence_starter_templates_imported_post":false,"_kad_post_transparent":"","_kad_post_title":"","_kad_post_layout":"","_kad_post_sidebar_id":"","_kad_post_content_style":"","_kad_post_vertical_padding":"","_kad_post_feature":"","_kad_post_feature_position":"","_kad_post_header":false,"_kad_post_footer":false,"_kad_post_classname":""},"product_brand":[2688],"product_cat":[436,2560,2501],"product_tag":[],"class_list":{"0":"post-256558","1":"product","2":"type-product","3":"status-publish","4":"has-post-thumbnail","6":"product_brand-ferplast","7":"product_cat-chovatelske-potreby-2","8":"product_cat-prepravky-pro-hlodavce","9":"product_cat-pro-hlodavce","10":"pa_obchod-superzoo-cz","12":"first","13":"instock","14":"product-type-external","15":"entry","16":"content-bg","17":"loop-entry"},"acf":[],"yoast_head":"<!-- This site is optimized with the Yoast SEO plugin v27.4 - https:\/\/yoast.com\/product\/yoast-seo-wordpress\/ -->\n<title>Klec pro fretky Ferplast Furat - SHOPATOA.COM<\/title>\n<meta name=\"robots\" content=\"index, follow, max-snippet:-1, max-image-preview:large, max-video-preview:-1\" \/>\n<link rel=\"canonical\" href=\"https:\/\/shopatoa.com\/cz\/klec-pro-fretky-ferplast-furat\/\" \/>\n<meta property=\"og:locale\" content=\"cs_CZ\" \/>\n<meta property=\"og:type\" content=\"article\" \/>\n<meta property=\"og:title\" content=\"Klec pro fretky Ferplast Furat - SHOPATOA.COM\" \/>\n<meta property=\"og:description\" content=\"Furat je fret\u010d\u00ed klec s lakovanou strukturou z dr\u00e1t\u011bn\u00e9ho pletiva a z\u00e1kladnou, r\u00e1mem a sloupky z plastu. Aby byla zaji\u0161t\u011bna bezpe\u010dnost va\u0161eho mazl\u00ed\u010dka, jsou na st\u0159e\u0161e dv\u011b plastov\u00e9 uzamykac\u00ed spony, kter\u00e9 udr\u017e\u00ed horn\u00ed dve\u0159e pevn\u011b zav\u0159en\u00e9. Klec pro fretky Furat m\u00e1 pln\u011b odn\u00edmatelnou z\u00e1kladnu pro snadn\u00e9 \u010di\u0161t\u011bn\u00ed. Dod\u00e1van\u00e9 p\u0159\u00edslu\u0161enstv\u00ed: hranat\u00fd z\u00e1chod, kovov\u00e1 miska na j\u00eddlo,...\" \/>\n<meta property=\"og:url\" content=\"https:\/\/shopatoa.com\/cz\/klec-pro-fretky-ferplast-furat\/\" \/>\n<meta property=\"og:site_name\" content=\"SHOPATOA\" \/>\n<meta property=\"article:modified_time\" content=\"2026-02-03T19:42:08+00:00\" \/>\n<meta property=\"og:image\" content=\"https:\/\/storage.googleapis.com\/cz-shopatoa-img\/cz\/9832a658-1_94691.jpg\" \/>\n\t<meta property=\"og:image:width\" content=\"600\" \/>\n\t<meta property=\"og:image:height\" content=\"600\" \/>\n\t<meta property=\"og:image:type\" content=\"image\/jpeg\" \/>\n<meta name=\"twitter:card\" content=\"summary_large_image\" \/>\n<meta name=\"twitter:label1\" content=\"Odhadovan\u00e1 doba \u010dten\u00ed\" \/>\n\t<meta name=\"twitter:data1\" content=\"1 minuta\" \/>\n<script type=\"application\/ld+json\" class=\"yoast-schema-graph\">{\"@context\":\"https:\\\/\\\/schema.org\",\"@graph\":[{\"@type\":\"WebPage\",\"@id\":\"https:\\\/\\\/shopatoa.com\\\/cz\\\/klec-pro-fretky-ferplast-furat\\\/\",\"url\":\"https:\\\/\\\/shopatoa.com\\\/cz\\\/klec-pro-fretky-ferplast-furat\\\/\",\"name\":\"Klec pro fretky Ferplast Furat - SHOPATOA.COM\",\"isPartOf\":{\"@id\":\"https:\\\/\\\/shopatoa.com\\\/cz\\\/#website\"},\"primaryImageOfPage\":{\"@id\":\"https:\\\/\\\/shopatoa.com\\\/cz\\\/klec-pro-fretky-ferplast-furat\\\/#primaryimage\"},\"image\":{\"@id\":\"https:\\\/\\\/shopatoa.com\\\/cz\\\/klec-pro-fretky-ferplast-furat\\\/#primaryimage\"},\"thumbnailUrl\":\"https:\\\/\\\/storage.googleapis.com\\\/cz-shopatoa-img\\\/cz\\\/9832a658-1_94691.jpg\",\"datePublished\":\"2025-04-04T01:35:02+00:00\",\"dateModified\":\"2026-02-03T19:42:08+00:00\",\"breadcrumb\":{\"@id\":\"https:\\\/\\\/shopatoa.com\\\/cz\\\/klec-pro-fretky-ferplast-furat\\\/#breadcrumb\"},\"inLanguage\":\"cs\",\"potentialAction\":[{\"@type\":\"ReadAction\",\"target\":[\"https:\\\/\\\/shopatoa.com\\\/cz\\\/klec-pro-fretky-ferplast-furat\\\/\"]}]},{\"@type\":\"ImageObject\",\"inLanguage\":\"cs\",\"@id\":\"https:\\\/\\\/shopatoa.com\\\/cz\\\/klec-pro-fretky-ferplast-furat\\\/#primaryimage\",\"url\":\"https:\\\/\\\/storage.googleapis.com\\\/cz-shopatoa-img\\\/cz\\\/9832a658-1_94691.jpg\",\"contentUrl\":\"https:\\\/\\\/storage.googleapis.com\\\/cz-shopatoa-img\\\/cz\\\/9832a658-1_94691.jpg\",\"width\":600,\"height\":600},{\"@type\":\"BreadcrumbList\",\"@id\":\"https:\\\/\\\/shopatoa.com\\\/cz\\\/klec-pro-fretky-ferplast-furat\\\/#breadcrumb\",\"itemListElement\":[{\"@type\":\"ListItem\",\"position\":1,\"name\":\"Dom\u016f\",\"item\":\"https:\\\/\\\/shopatoa.com\\\/cz\\\/\"},{\"@type\":\"ListItem\",\"position\":2,\"name\":\"Produkty\",\"item\":\"https:\\\/\\\/shopatoa.com\\\/cz\\\/shop\\\/\"},{\"@type\":\"ListItem\",\"position\":3,\"name\":\"Chovatelsk\u00e9 pot\u0159eby\",\"item\":\"https:\\\/\\\/shopatoa.com\\\/cz\\\/chovatelske-potreby-2\\\/\"},{\"@type\":\"ListItem\",\"position\":4,\"name\":\"Pro hlodavce\",\"item\":\"https:\\\/\\\/shopatoa.com\\\/cz\\\/pro-hlodavce\\\/\"},{\"@type\":\"ListItem\",\"position\":5,\"name\":\"P\u0159epravky pro hlodavce\",\"item\":\"https:\\\/\\\/shopatoa.com\\\/cz\\\/prepravky-pro-hlodavce\\\/\"},{\"@type\":\"ListItem\",\"position\":6,\"name\":\"Klec pro fretky Ferplast Furat\"}]},{\"@type\":\"WebSite\",\"@id\":\"https:\\\/\\\/shopatoa.com\\\/cz\\\/#website\",\"url\":\"https:\\\/\\\/shopatoa.com\\\/cz\\\/\",\"name\":\"SHOPATOA\",\"description\":\"\",\"publisher\":{\"@id\":\"https:\\\/\\\/shopatoa.com\\\/cz\\\/#organization\"},\"potentialAction\":[{\"@type\":\"SearchAction\",\"target\":{\"@type\":\"EntryPoint\",\"urlTemplate\":\"https:\\\/\\\/shopatoa.com\\\/cz\\\/?s={search_term_string}\"},\"query-input\":{\"@type\":\"PropertyValueSpecification\",\"valueRequired\":true,\"valueName\":\"search_term_string\"}}],\"inLanguage\":\"cs\"},{\"@type\":\"Organization\",\"@id\":\"https:\\\/\\\/shopatoa.com\\\/cz\\\/#organization\",\"name\":\"SHOPATOA Digital s.r.o.\",\"url\":\"https:\\\/\\\/shopatoa.com\\\/cz\\\/\",\"logo\":{\"@type\":\"ImageObject\",\"inLanguage\":\"cs\",\"@id\":\"https:\\\/\\\/shopatoa.com\\\/cz\\\/#\\\/schema\\\/logo\\\/image\\\/\",\"url\":\"https:\\\/\\\/storage.googleapis.com\\\/cz-shopatoa-img\\\/cz\\\/ebccf434-shopatoa_logo.png\",\"contentUrl\":\"https:\\\/\\\/storage.googleapis.com\\\/cz-shopatoa-img\\\/cz\\\/ebccf434-shopatoa_logo.png\",\"width\":416,\"height\":63,\"caption\":\"SHOPATOA Digital s.r.o.\"},\"image\":{\"@id\":\"https:\\\/\\\/shopatoa.com\\\/cz\\\/#\\\/schema\\\/logo\\\/image\\\/\"}}]}<\/script>\n<!-- \/ Yoast SEO plugin. -->","yoast_head_json":{"title":"Klec pro fretky Ferplast Furat - SHOPATOA.COM","robots":{"index":"index","follow":"follow","max-snippet":"max-snippet:-1","max-image-preview":"max-image-preview:large","max-video-preview":"max-video-preview:-1"},"canonical":"https:\/\/shopatoa.com\/cz\/klec-pro-fretky-ferplast-furat\/","og_locale":"cs_CZ","og_type":"article","og_title":"Klec pro fretky Ferplast Furat - SHOPATOA.COM","og_description":"Furat je fret\u010d\u00ed klec s lakovanou strukturou z dr\u00e1t\u011bn\u00e9ho pletiva a z\u00e1kladnou, r\u00e1mem a sloupky z plastu. Aby byla zaji\u0161t\u011bna bezpe\u010dnost va\u0161eho mazl\u00ed\u010dka, jsou na st\u0159e\u0161e dv\u011b plastov\u00e9 uzamykac\u00ed spony, kter\u00e9 udr\u017e\u00ed horn\u00ed dve\u0159e pevn\u011b zav\u0159en\u00e9. Klec pro fretky Furat m\u00e1 pln\u011b odn\u00edmatelnou z\u00e1kladnu pro snadn\u00e9 \u010di\u0161t\u011bn\u00ed. Dod\u00e1van\u00e9 p\u0159\u00edslu\u0161enstv\u00ed: hranat\u00fd z\u00e1chod, kovov\u00e1 miska na j\u00eddlo,...","og_url":"https:\/\/shopatoa.com\/cz\/klec-pro-fretky-ferplast-furat\/","og_site_name":"SHOPATOA","article_modified_time":"2026-02-03T19:42:08+00:00","og_image":[{"width":600,"height":600,"url":"https:\/\/storage.googleapis.com\/cz-shopatoa-img\/cz\/9832a658-1_94691.jpg","type":"image\/jpeg"}],"twitter_card":"summary_large_image","twitter_misc":{"Odhadovan\u00e1 doba \u010dten\u00ed":"1 minuta"},"schema":{"@context":"https:\/\/schema.org","@graph":[{"@type":"WebPage","@id":"https:\/\/shopatoa.com\/cz\/klec-pro-fretky-ferplast-furat\/","url":"https:\/\/shopatoa.com\/cz\/klec-pro-fretky-ferplast-furat\/","name":"Klec pro fretky Ferplast Furat - SHOPATOA.COM","isPartOf":{"@id":"https:\/\/shopatoa.com\/cz\/#website"},"primaryImageOfPage":{"@id":"https:\/\/shopatoa.com\/cz\/klec-pro-fretky-ferplast-furat\/#primaryimage"},"image":{"@id":"https:\/\/shopatoa.com\/cz\/klec-pro-fretky-ferplast-furat\/#primaryimage"},"thumbnailUrl":"https:\/\/storage.googleapis.com\/cz-shopatoa-img\/cz\/9832a658-1_94691.jpg","datePublished":"2025-04-04T01:35:02+00:00","dateModified":"2026-02-03T19:42:08+00:00","breadcrumb":{"@id":"https:\/\/shopatoa.com\/cz\/klec-pro-fretky-ferplast-furat\/#breadcrumb"},"inLanguage":"cs","potentialAction":[{"@type":"ReadAction","target":["https:\/\/shopatoa.com\/cz\/klec-pro-fretky-ferplast-furat\/"]}]},{"@type":"ImageObject","inLanguage":"cs","@id":"https:\/\/shopatoa.com\/cz\/klec-pro-fretky-ferplast-furat\/#primaryimage","url":"https:\/\/storage.googleapis.com\/cz-shopatoa-img\/cz\/9832a658-1_94691.jpg","contentUrl":"https:\/\/storage.googleapis.com\/cz-shopatoa-img\/cz\/9832a658-1_94691.jpg","width":600,"height":600},{"@type":"BreadcrumbList","@id":"https:\/\/shopatoa.com\/cz\/klec-pro-fretky-ferplast-furat\/#breadcrumb","itemListElement":[{"@type":"ListItem","position":1,"name":"Dom\u016f","item":"https:\/\/shopatoa.com\/cz\/"},{"@type":"ListItem","position":2,"name":"Produkty","item":"https:\/\/shopatoa.com\/cz\/shop\/"},{"@type":"ListItem","position":3,"name":"Chovatelsk\u00e9 pot\u0159eby","item":"https:\/\/shopatoa.com\/cz\/chovatelske-potreby-2\/"},{"@type":"ListItem","position":4,"name":"Pro hlodavce","item":"https:\/\/shopatoa.com\/cz\/pro-hlodavce\/"},{"@type":"ListItem","position":5,"name":"P\u0159epravky pro hlodavce","item":"https:\/\/shopatoa.com\/cz\/prepravky-pro-hlodavce\/"},{"@type":"ListItem","position":6,"name":"Klec pro fretky Ferplast Furat"}]},{"@type":"WebSite","@id":"https:\/\/shopatoa.com\/cz\/#website","url":"https:\/\/shopatoa.com\/cz\/","name":"SHOPATOA","description":"","publisher":{"@id":"https:\/\/shopatoa.com\/cz\/#organization"},"potentialAction":[{"@type":"SearchAction","target":{"@type":"EntryPoint","urlTemplate":"https:\/\/shopatoa.com\/cz\/?s={search_term_string}"},"query-input":{"@type":"PropertyValueSpecification","valueRequired":true,"valueName":"search_term_string"}}],"inLanguage":"cs"},{"@type":"Organization","@id":"https:\/\/shopatoa.com\/cz\/#organization","name":"SHOPATOA Digital s.r.o.","url":"https:\/\/shopatoa.com\/cz\/","logo":{"@type":"ImageObject","inLanguage":"cs","@id":"https:\/\/shopatoa.com\/cz\/#\/schema\/logo\/image\/","url":"https:\/\/storage.googleapis.com\/cz-shopatoa-img\/cz\/ebccf434-shopatoa_logo.png","contentUrl":"https:\/\/storage.googleapis.com\/cz-shopatoa-img\/cz\/ebccf434-shopatoa_logo.png","width":416,"height":63,"caption":"SHOPATOA Digital s.r.o."},"image":{"@id":"https:\/\/shopatoa.com\/cz\/#\/schema\/logo\/image\/"}}]}},"_links":{"self":[{"href":"https:\/\/shopatoa.com\/cz\/wp-json\/wp\/v2\/product\/256558","targetHints":{"allow":["GET"]}}],"collection":[{"href":"https:\/\/shopatoa.com\/cz\/wp-json\/wp\/v2\/product"}],"about":[{"href":"https:\/\/shopatoa.com\/cz\/wp-json\/wp\/v2\/types\/product"}],"replies":[{"embeddable":true,"href":"https:\/\/shopatoa.com\/cz\/wp-json\/wp\/v2\/comments?post=256558"}],"wp:featuredmedia":[{"embeddable":true,"href":"https:\/\/shopatoa.com\/cz\/wp-json\/wp\/v2\/media\/256559"}],"wp:attachment":[{"href":"https:\/\/shopatoa.com\/cz\/wp-json\/wp\/v2\/media?parent=256558"}],"wp:term":[{"taxonomy":"product_brand","embeddable":true,"href":"https:\/\/shopatoa.com\/cz\/wp-json\/wp\/v2\/product_brand?post=256558"},{"taxonomy":"product_cat","embeddable":true,"href":"https:\/\/shopatoa.com\/cz\/wp-json\/wp\/v2\/product_cat?post=256558"},{"taxonomy":"product_tag","embeddable":true,"href":"https:\/\/shopatoa.com\/cz\/wp-json\/wp\/v2\/product_tag?post=256558"}],"curies":[{"name":"wp","href":"https:\/\/api.w.org\/{rel}","templated":true}]}}