{"id":256566,"date":"2025-04-04T03:35:37","date_gmt":"2025-04-04T01:35:37","guid":{"rendered":"https:\/\/shopatoa.com\/cz\/?post_type=product&#038;p=256566"},"modified":"2026-02-04T04:52:28","modified_gmt":"2026-02-04T03:52:28","slug":"krmitko-venkovni-ferplast-jok-1","status":"publish","type":"product","link":"https:\/\/shopatoa.com\/cz\/krmitko-venkovni-ferplast-jok-1\/","title":{"rendered":"Krm\u00edtko venkovn\u00ed Ferplast Jok 1"},"content":{"rendered":"<p>Jako krm\u00edtko lze Jok prost\u0159ednictv\u00edm speci\u00e1ln\u00edch d\u011blic\u00edch p\u0159\u00ed\u010dek naplnit r\u016fzn\u00fdmi druhy semen, o\u0159ech\u016f nebo lojov\u00fdch koul\u00ed: t\u00edmto zp\u016fsobem zajist\u00edte pot\u0159ebnou v\u00fd\u017eivu pro divok\u00e9 pt\u00e1ky, zejm\u00e9na v chladn\u011bj\u0161\u00edch m\u011bs\u00edc\u00edch.<\/p>\n<p>Pr\u016fhledn\u00e9 panely jsou nav\u00edc opravdu praktick\u00e9, proto\u017ee umo\u017e\u0148uj\u00ed rychle zkontrolovat mno\u017estv\u00ed dostupn\u00e9ho j\u00eddla.<\/p>\n<p>Krm\u00edtko je robustn\u00ed, vyroben\u00e9 z\u00a0netoxick\u00fdch a recyklovateln\u00fdch materi\u00e1l\u016f, odoln\u00fdch v\u016f\u010di pov\u011btrnostn\u00edm vliv\u016fm. Snadno se \u010dist\u00ed, je odoln\u00e9 v\u016f\u010di parazit\u016fm a zaru\u010duje tak optim\u00e1ln\u00ed hygienick\u00e9 podm\u00ednky.<\/p>\n<p>Kompletn\u00ed s bid\u00fdlkem a \u0161\u0148\u016frkou pro p\u0159ipevn\u011bn\u00ed ke strom\u016fm ve va\u0161\u00ed zahrad\u011b.<br \/>\nD\u00e1 se bezpe\u010dn\u011b vyu\u017e\u00edvat r\u016fzn\u00fdmi zp\u016fsoby po cel\u00fd rok a lze jej sestavit b\u011bhem n\u011bkolika minut bez pou\u017eit\u00ed speci\u00e1ln\u00edch n\u00e1stroj\u016f.<\/p>\n<p>\tKrm\u00edtko pro voln\u011b \u017eij\u00edc\u00ed pt\u00e1ky.<br \/>\n\tPohodln\u00e9 pln\u011bn\u00ed r\u016fzn\u00fdmi druhy sem\u00ednek nebo o\u0159ech\u016f.<br \/>\n\tJe tak\u00e9 mo\u017en\u00e9 ho naplnit lojov\u00fdmi koulemi ke krmen\u00ed pt\u00e1k\u016f b\u011bhem zimy.<br \/>\n\tBez p\u0159ihr\u00e1dek na krmen\u00ed poslou\u017e\u00ed pt\u00e1\u010dk\u016fm i jako skv\u011bl\u00fd \u00fakryt.<br \/>\n\tVyrobeno ze speci\u00e1ln\u00edch&#8230;<\/p>\n","protected":false},"excerpt":{"rendered":"<p>Jako krm\u00edtko lze Jok prost\u0159ednictv\u00edm speci\u00e1ln\u00edch d\u011blic\u00edch p\u0159\u00ed\u010dek naplnit r\u016fzn\u00fdmi druhy semen, o\u0159ech\u016f nebo lojov\u00fdch koul\u00ed: t\u00edmto zp\u016fsobem zajist\u00edte pot\u0159ebnou v\u00fd\u017eivu pro divok\u00e9 pt\u00e1ky, zejm\u00e9na v chladn\u011bj\u0161\u00edch m\u011bs\u00edc\u00edch. Pr\u016fhledn\u00e9 panely jsou nav\u00edc opravdu praktick\u00e9, proto\u017ee umo\u017e\u0148uj\u00ed rychle zkontrolovat mno\u017estv\u00ed dostupn\u00e9ho j\u00eddla. Krm\u00edtko je robustn\u00ed, vyroben\u00e9 z\u00a0netoxick\u00fdch a recyklovateln\u00fdch materi\u00e1l\u016f, odoln\u00fdch v\u016f\u010di pov\u011btrnostn\u00edm vliv\u016fm. Snadno se&#8230;<\/p>\n","protected":false},"featured_media":256567,"comment_status":"closed","ping_status":"open","template":"","meta":{"_acf_changed":false,"_kadence_starter_templates_imported_post":false,"_kad_post_transparent":"","_kad_post_title":"","_kad_post_layout":"","_kad_post_sidebar_id":"","_kad_post_content_style":"","_kad_post_vertical_padding":"","_kad_post_feature":"","_kad_post_feature_position":"","_kad_post_header":false,"_kad_post_footer":false,"_kad_post_classname":""},"product_brand":[2688],"product_cat":[2540,2634,2661],"product_tag":[],"class_list":{"0":"post-256566","1":"product","2":"type-product","3":"status-publish","4":"has-post-thumbnail","6":"product_brand-ferplast","7":"product_cat-hracky","8":"product_cat-hracky-na-zahradu","9":"product_cat-venkovni-sportovni-hry","10":"pa_obchod-superzoo-cz","12":"first","13":"instock","14":"product-type-external","15":"entry","16":"content-bg","17":"loop-entry"},"acf":[],"yoast_head":"<!-- This site is optimized with the Yoast SEO plugin v27.4 - https:\/\/yoast.com\/product\/yoast-seo-wordpress\/ -->\n<title>Krm\u00edtko venkovn\u00ed Ferplast Jok 1 - SHOPATOA.COM<\/title>\n<meta name=\"robots\" content=\"index, follow, max-snippet:-1, max-image-preview:large, max-video-preview:-1\" \/>\n<link rel=\"canonical\" href=\"https:\/\/shopatoa.com\/cz\/krmitko-venkovni-ferplast-jok-1\/\" \/>\n<meta property=\"og:locale\" content=\"cs_CZ\" \/>\n<meta property=\"og:type\" content=\"article\" \/>\n<meta property=\"og:title\" content=\"Krm\u00edtko venkovn\u00ed Ferplast Jok 1 - SHOPATOA.COM\" \/>\n<meta property=\"og:description\" content=\"Jako krm\u00edtko lze Jok prost\u0159ednictv\u00edm speci\u00e1ln\u00edch d\u011blic\u00edch p\u0159\u00ed\u010dek naplnit r\u016fzn\u00fdmi druhy semen, o\u0159ech\u016f nebo lojov\u00fdch koul\u00ed: t\u00edmto zp\u016fsobem zajist\u00edte pot\u0159ebnou v\u00fd\u017eivu pro divok\u00e9 pt\u00e1ky, zejm\u00e9na v chladn\u011bj\u0161\u00edch m\u011bs\u00edc\u00edch. Pr\u016fhledn\u00e9 panely jsou nav\u00edc opravdu praktick\u00e9, proto\u017ee umo\u017e\u0148uj\u00ed rychle zkontrolovat mno\u017estv\u00ed dostupn\u00e9ho j\u00eddla. Krm\u00edtko je robustn\u00ed, vyroben\u00e9 z\u00a0netoxick\u00fdch a recyklovateln\u00fdch materi\u00e1l\u016f, odoln\u00fdch v\u016f\u010di pov\u011btrnostn\u00edm vliv\u016fm. Snadno se...\" \/>\n<meta property=\"og:url\" content=\"https:\/\/shopatoa.com\/cz\/krmitko-venkovni-ferplast-jok-1\/\" \/>\n<meta property=\"og:site_name\" content=\"SHOPATOA\" \/>\n<meta property=\"article:modified_time\" content=\"2026-02-04T03:52:28+00:00\" \/>\n<meta property=\"og:image\" content=\"https:\/\/storage.googleapis.com\/cz-shopatoa-img\/cz\/1eb0b94d-1_82710.jpg\" \/>\n\t<meta property=\"og:image:width\" content=\"600\" \/>\n\t<meta property=\"og:image:height\" content=\"600\" \/>\n\t<meta property=\"og:image:type\" content=\"image\/jpeg\" \/>\n<meta name=\"twitter:card\" content=\"summary_large_image\" \/>\n<meta name=\"twitter:label1\" content=\"Odhadovan\u00e1 doba \u010dten\u00ed\" \/>\n\t<meta name=\"twitter:data1\" content=\"1 minuta\" \/>\n<script type=\"application\/ld+json\" class=\"yoast-schema-graph\">{\"@context\":\"https:\\\/\\\/schema.org\",\"@graph\":[{\"@type\":\"WebPage\",\"@id\":\"https:\\\/\\\/shopatoa.com\\\/cz\\\/krmitko-venkovni-ferplast-jok-1\\\/\",\"url\":\"https:\\\/\\\/shopatoa.com\\\/cz\\\/krmitko-venkovni-ferplast-jok-1\\\/\",\"name\":\"Krm\u00edtko venkovn\u00ed Ferplast Jok 1 - SHOPATOA.COM\",\"isPartOf\":{\"@id\":\"https:\\\/\\\/shopatoa.com\\\/cz\\\/#website\"},\"primaryImageOfPage\":{\"@id\":\"https:\\\/\\\/shopatoa.com\\\/cz\\\/krmitko-venkovni-ferplast-jok-1\\\/#primaryimage\"},\"image\":{\"@id\":\"https:\\\/\\\/shopatoa.com\\\/cz\\\/krmitko-venkovni-ferplast-jok-1\\\/#primaryimage\"},\"thumbnailUrl\":\"https:\\\/\\\/storage.googleapis.com\\\/cz-shopatoa-img\\\/cz\\\/1eb0b94d-1_82710.jpg\",\"datePublished\":\"2025-04-04T01:35:37+00:00\",\"dateModified\":\"2026-02-04T03:52:28+00:00\",\"breadcrumb\":{\"@id\":\"https:\\\/\\\/shopatoa.com\\\/cz\\\/krmitko-venkovni-ferplast-jok-1\\\/#breadcrumb\"},\"inLanguage\":\"cs\",\"potentialAction\":[{\"@type\":\"ReadAction\",\"target\":[\"https:\\\/\\\/shopatoa.com\\\/cz\\\/krmitko-venkovni-ferplast-jok-1\\\/\"]}]},{\"@type\":\"ImageObject\",\"inLanguage\":\"cs\",\"@id\":\"https:\\\/\\\/shopatoa.com\\\/cz\\\/krmitko-venkovni-ferplast-jok-1\\\/#primaryimage\",\"url\":\"https:\\\/\\\/storage.googleapis.com\\\/cz-shopatoa-img\\\/cz\\\/1eb0b94d-1_82710.jpg\",\"contentUrl\":\"https:\\\/\\\/storage.googleapis.com\\\/cz-shopatoa-img\\\/cz\\\/1eb0b94d-1_82710.jpg\",\"width\":600,\"height\":600},{\"@type\":\"BreadcrumbList\",\"@id\":\"https:\\\/\\\/shopatoa.com\\\/cz\\\/krmitko-venkovni-ferplast-jok-1\\\/#breadcrumb\",\"itemListElement\":[{\"@type\":\"ListItem\",\"position\":1,\"name\":\"Dom\u016f\",\"item\":\"https:\\\/\\\/shopatoa.com\\\/cz\\\/\"},{\"@type\":\"ListItem\",\"position\":2,\"name\":\"Produkty\",\"item\":\"https:\\\/\\\/shopatoa.com\\\/cz\\\/shop\\\/\"},{\"@type\":\"ListItem\",\"position\":3,\"name\":\"Hra\u010dky\",\"item\":\"https:\\\/\\\/shopatoa.com\\\/cz\\\/hracky\\\/\"},{\"@type\":\"ListItem\",\"position\":4,\"name\":\"Hra\u010dky na zahradu\",\"item\":\"https:\\\/\\\/shopatoa.com\\\/cz\\\/hracky-na-zahradu\\\/\"},{\"@type\":\"ListItem\",\"position\":5,\"name\":\"Venkovn\u00ed sportovn\u00ed hry\",\"item\":\"https:\\\/\\\/shopatoa.com\\\/cz\\\/venkovni-sportovni-hry\\\/\"},{\"@type\":\"ListItem\",\"position\":6,\"name\":\"Krm\u00edtko venkovn\u00ed Ferplast Jok 1\"}]},{\"@type\":\"WebSite\",\"@id\":\"https:\\\/\\\/shopatoa.com\\\/cz\\\/#website\",\"url\":\"https:\\\/\\\/shopatoa.com\\\/cz\\\/\",\"name\":\"SHOPATOA\",\"description\":\"\",\"publisher\":{\"@id\":\"https:\\\/\\\/shopatoa.com\\\/cz\\\/#organization\"},\"potentialAction\":[{\"@type\":\"SearchAction\",\"target\":{\"@type\":\"EntryPoint\",\"urlTemplate\":\"https:\\\/\\\/shopatoa.com\\\/cz\\\/?s={search_term_string}\"},\"query-input\":{\"@type\":\"PropertyValueSpecification\",\"valueRequired\":true,\"valueName\":\"search_term_string\"}}],\"inLanguage\":\"cs\"},{\"@type\":\"Organization\",\"@id\":\"https:\\\/\\\/shopatoa.com\\\/cz\\\/#organization\",\"name\":\"SHOPATOA Digital s.r.o.\",\"url\":\"https:\\\/\\\/shopatoa.com\\\/cz\\\/\",\"logo\":{\"@type\":\"ImageObject\",\"inLanguage\":\"cs\",\"@id\":\"https:\\\/\\\/shopatoa.com\\\/cz\\\/#\\\/schema\\\/logo\\\/image\\\/\",\"url\":\"https:\\\/\\\/storage.googleapis.com\\\/cz-shopatoa-img\\\/cz\\\/ebccf434-shopatoa_logo.png\",\"contentUrl\":\"https:\\\/\\\/storage.googleapis.com\\\/cz-shopatoa-img\\\/cz\\\/ebccf434-shopatoa_logo.png\",\"width\":416,\"height\":63,\"caption\":\"SHOPATOA Digital s.r.o.\"},\"image\":{\"@id\":\"https:\\\/\\\/shopatoa.com\\\/cz\\\/#\\\/schema\\\/logo\\\/image\\\/\"}}]}<\/script>\n<!-- \/ Yoast SEO plugin. -->","yoast_head_json":{"title":"Krm\u00edtko venkovn\u00ed Ferplast Jok 1 - SHOPATOA.COM","robots":{"index":"index","follow":"follow","max-snippet":"max-snippet:-1","max-image-preview":"max-image-preview:large","max-video-preview":"max-video-preview:-1"},"canonical":"https:\/\/shopatoa.com\/cz\/krmitko-venkovni-ferplast-jok-1\/","og_locale":"cs_CZ","og_type":"article","og_title":"Krm\u00edtko venkovn\u00ed Ferplast Jok 1 - SHOPATOA.COM","og_description":"Jako krm\u00edtko lze Jok prost\u0159ednictv\u00edm speci\u00e1ln\u00edch d\u011blic\u00edch p\u0159\u00ed\u010dek naplnit r\u016fzn\u00fdmi druhy semen, o\u0159ech\u016f nebo lojov\u00fdch koul\u00ed: t\u00edmto zp\u016fsobem zajist\u00edte pot\u0159ebnou v\u00fd\u017eivu pro divok\u00e9 pt\u00e1ky, zejm\u00e9na v chladn\u011bj\u0161\u00edch m\u011bs\u00edc\u00edch. Pr\u016fhledn\u00e9 panely jsou nav\u00edc opravdu praktick\u00e9, proto\u017ee umo\u017e\u0148uj\u00ed rychle zkontrolovat mno\u017estv\u00ed dostupn\u00e9ho j\u00eddla. Krm\u00edtko je robustn\u00ed, vyroben\u00e9 z\u00a0netoxick\u00fdch a recyklovateln\u00fdch materi\u00e1l\u016f, odoln\u00fdch v\u016f\u010di pov\u011btrnostn\u00edm vliv\u016fm. Snadno se...","og_url":"https:\/\/shopatoa.com\/cz\/krmitko-venkovni-ferplast-jok-1\/","og_site_name":"SHOPATOA","article_modified_time":"2026-02-04T03:52:28+00:00","og_image":[{"width":600,"height":600,"url":"https:\/\/storage.googleapis.com\/cz-shopatoa-img\/cz\/1eb0b94d-1_82710.jpg","type":"image\/jpeg"}],"twitter_card":"summary_large_image","twitter_misc":{"Odhadovan\u00e1 doba \u010dten\u00ed":"1 minuta"},"schema":{"@context":"https:\/\/schema.org","@graph":[{"@type":"WebPage","@id":"https:\/\/shopatoa.com\/cz\/krmitko-venkovni-ferplast-jok-1\/","url":"https:\/\/shopatoa.com\/cz\/krmitko-venkovni-ferplast-jok-1\/","name":"Krm\u00edtko venkovn\u00ed Ferplast Jok 1 - SHOPATOA.COM","isPartOf":{"@id":"https:\/\/shopatoa.com\/cz\/#website"},"primaryImageOfPage":{"@id":"https:\/\/shopatoa.com\/cz\/krmitko-venkovni-ferplast-jok-1\/#primaryimage"},"image":{"@id":"https:\/\/shopatoa.com\/cz\/krmitko-venkovni-ferplast-jok-1\/#primaryimage"},"thumbnailUrl":"https:\/\/storage.googleapis.com\/cz-shopatoa-img\/cz\/1eb0b94d-1_82710.jpg","datePublished":"2025-04-04T01:35:37+00:00","dateModified":"2026-02-04T03:52:28+00:00","breadcrumb":{"@id":"https:\/\/shopatoa.com\/cz\/krmitko-venkovni-ferplast-jok-1\/#breadcrumb"},"inLanguage":"cs","potentialAction":[{"@type":"ReadAction","target":["https:\/\/shopatoa.com\/cz\/krmitko-venkovni-ferplast-jok-1\/"]}]},{"@type":"ImageObject","inLanguage":"cs","@id":"https:\/\/shopatoa.com\/cz\/krmitko-venkovni-ferplast-jok-1\/#primaryimage","url":"https:\/\/storage.googleapis.com\/cz-shopatoa-img\/cz\/1eb0b94d-1_82710.jpg","contentUrl":"https:\/\/storage.googleapis.com\/cz-shopatoa-img\/cz\/1eb0b94d-1_82710.jpg","width":600,"height":600},{"@type":"BreadcrumbList","@id":"https:\/\/shopatoa.com\/cz\/krmitko-venkovni-ferplast-jok-1\/#breadcrumb","itemListElement":[{"@type":"ListItem","position":1,"name":"Dom\u016f","item":"https:\/\/shopatoa.com\/cz\/"},{"@type":"ListItem","position":2,"name":"Produkty","item":"https:\/\/shopatoa.com\/cz\/shop\/"},{"@type":"ListItem","position":3,"name":"Hra\u010dky","item":"https:\/\/shopatoa.com\/cz\/hracky\/"},{"@type":"ListItem","position":4,"name":"Hra\u010dky na zahradu","item":"https:\/\/shopatoa.com\/cz\/hracky-na-zahradu\/"},{"@type":"ListItem","position":5,"name":"Venkovn\u00ed sportovn\u00ed hry","item":"https:\/\/shopatoa.com\/cz\/venkovni-sportovni-hry\/"},{"@type":"ListItem","position":6,"name":"Krm\u00edtko venkovn\u00ed Ferplast Jok 1"}]},{"@type":"WebSite","@id":"https:\/\/shopatoa.com\/cz\/#website","url":"https:\/\/shopatoa.com\/cz\/","name":"SHOPATOA","description":"","publisher":{"@id":"https:\/\/shopatoa.com\/cz\/#organization"},"potentialAction":[{"@type":"SearchAction","target":{"@type":"EntryPoint","urlTemplate":"https:\/\/shopatoa.com\/cz\/?s={search_term_string}"},"query-input":{"@type":"PropertyValueSpecification","valueRequired":true,"valueName":"search_term_string"}}],"inLanguage":"cs"},{"@type":"Organization","@id":"https:\/\/shopatoa.com\/cz\/#organization","name":"SHOPATOA Digital s.r.o.","url":"https:\/\/shopatoa.com\/cz\/","logo":{"@type":"ImageObject","inLanguage":"cs","@id":"https:\/\/shopatoa.com\/cz\/#\/schema\/logo\/image\/","url":"https:\/\/storage.googleapis.com\/cz-shopatoa-img\/cz\/ebccf434-shopatoa_logo.png","contentUrl":"https:\/\/storage.googleapis.com\/cz-shopatoa-img\/cz\/ebccf434-shopatoa_logo.png","width":416,"height":63,"caption":"SHOPATOA Digital s.r.o."},"image":{"@id":"https:\/\/shopatoa.com\/cz\/#\/schema\/logo\/image\/"}}]}},"_links":{"self":[{"href":"https:\/\/shopatoa.com\/cz\/wp-json\/wp\/v2\/product\/256566","targetHints":{"allow":["GET"]}}],"collection":[{"href":"https:\/\/shopatoa.com\/cz\/wp-json\/wp\/v2\/product"}],"about":[{"href":"https:\/\/shopatoa.com\/cz\/wp-json\/wp\/v2\/types\/product"}],"replies":[{"embeddable":true,"href":"https:\/\/shopatoa.com\/cz\/wp-json\/wp\/v2\/comments?post=256566"}],"wp:featuredmedia":[{"embeddable":true,"href":"https:\/\/shopatoa.com\/cz\/wp-json\/wp\/v2\/media\/256567"}],"wp:attachment":[{"href":"https:\/\/shopatoa.com\/cz\/wp-json\/wp\/v2\/media?parent=256566"}],"wp:term":[{"taxonomy":"product_brand","embeddable":true,"href":"https:\/\/shopatoa.com\/cz\/wp-json\/wp\/v2\/product_brand?post=256566"},{"taxonomy":"product_cat","embeddable":true,"href":"https:\/\/shopatoa.com\/cz\/wp-json\/wp\/v2\/product_cat?post=256566"},{"taxonomy":"product_tag","embeddable":true,"href":"https:\/\/shopatoa.com\/cz\/wp-json\/wp\/v2\/product_tag?post=256566"}],"curies":[{"name":"wp","href":"https:\/\/api.w.org\/{rel}","templated":true}]}}