{"id":256572,"date":"2025-04-04T03:36:04","date_gmt":"2025-04-04T01:36:04","guid":{"rendered":"https:\/\/shopatoa.com\/cz\/?post_type=product&#038;p=256572"},"modified":"2025-05-16T15:39:57","modified_gmt":"2025-05-16T13:39:57","slug":"pelisek-ferplast-harris-50-hnedy","status":"publish","type":"product","link":"https:\/\/shopatoa.com\/cz\/pelisek-ferplast-harris-50-hnedy\/","title":{"rendered":"Pel\u00ed\u0161ek Ferplast Harris 50 hn\u011bd\u00fd"},"content":{"rendered":"<p>L\u00e1tkov\u00fd pel\u00ed\u0161ek pro psy a ko\u010dky Harris je d\u00edky sv\u00e9mu m\u00edrn\u011b zaoblen\u00e9mu tvaru s polstrovan\u00fdmi bo\u010dn\u00edmi panely a pohodln\u00e9mu pol\u0161t\u00e1\u0159ku dokonal\u00fdm m\u00edstem k odpo\u010dinku.<\/p>\n<p>Pol\u0161t\u00e1\u0159, odn\u00edmateln\u00fd pro \u010di\u0161t\u011bn\u00ed, je oboustrann\u00fd, jedna strana je l\u00e1tkov\u00e1 a druh\u00e1 elegantn\u00ed sametov\u00e1.<\/p>\n<p>Na p\u0159edn\u00ed stran\u011b m\u00e1 tento pel\u00ed\u0161ek sn\u00ed\u017een\u00fd vchod, aby byl pro zv\u00ed\u0159e snadno p\u0159\u00edstupn\u00fd. Je vyroben\u00fd z robustn\u00ed tkaniny s tv\u00eddov\u00fdm efektem, kter\u00e1 je odoln\u00e1 proti opot\u0159eben\u00ed a je dopln\u011bna elegantn\u00edm sametem s rozko\u0161nou ozdobnou ma\u0161l\u00ed.<\/p>\n<p>Je k dispozici ve v\u00edce barv\u00e1ch a velikostech a doporu\u010duje se pro mal\u00e1 a st\u0159edn\u011b velk\u00e1 zv\u00ed\u0159ata, zejm\u00e9na v zimn\u00edm obdob\u00ed. Tak\u00e9 jej lze snadno pr\u00e1t v pra\u010dce p\u0159i maxim\u00e1ln\u00ed teplot\u011b 30 \u00b0C.<\/p>\n<p>\tVyrobeno z robustn\u00ed tkaniny odoln\u00e9 proti opot\u0159eben\u00ed, vzor tv\u00edd.<br \/>\n\tPovrchov\u00e1 \u00faprava z elegantn\u00edho sametu s roztomilou ozdobnou ma\u0161l\u00ed.<br \/>\n\tS vnit\u0159n\u00edm oboustrann\u00fdm pol\u0161t\u00e1\u0159kem, m\u00e1 jednu stranu z l\u00e1tky a jednu ze sametu.<br \/>\n\tN\u00edzk\u00e1 p\u0159edn\u00ed strana zaji\u0161\u0165uje snadn\u00fd p\u0159\u00edstup pro zv\u00ed\u0159e.<br \/>\n\tPevn\u00e9 a pohodln\u00e9 bo\u010dn\u00ed st\u011bny se&#8230;<\/p>\n","protected":false},"excerpt":{"rendered":"<p>L\u00e1tkov\u00fd pel\u00ed\u0161ek pro psy a ko\u010dky Harris je d\u00edky sv\u00e9mu m\u00edrn\u011b zaoblen\u00e9mu tvaru s polstrovan\u00fdmi bo\u010dn\u00edmi panely a pohodln\u00e9mu pol\u0161t\u00e1\u0159ku dokonal\u00fdm m\u00edstem k odpo\u010dinku. Pol\u0161t\u00e1\u0159, odn\u00edmateln\u00fd pro \u010di\u0161t\u011bn\u00ed, je oboustrann\u00fd, jedna strana je l\u00e1tkov\u00e1 a druh\u00e1 elegantn\u00ed sametov\u00e1. Na p\u0159edn\u00ed stran\u011b m\u00e1 tento pel\u00ed\u0161ek sn\u00ed\u017een\u00fd vchod, aby byl pro zv\u00ed\u0159e snadno p\u0159\u00edstupn\u00fd. Je vyroben\u00fd z&#8230;<\/p>\n","protected":false},"featured_media":256573,"comment_status":"closed","ping_status":"open","template":"","meta":{"_acf_changed":false,"_kadence_starter_templates_imported_post":false,"_kad_post_transparent":"","_kad_post_title":"","_kad_post_layout":"","_kad_post_sidebar_id":"","_kad_post_content_style":"","_kad_post_vertical_padding":"","_kad_post_feature":"","_kad_post_feature_position":"","_kad_post_header":false,"_kad_post_footer":false,"_kad_post_classname":""},"product_brand":[2688],"product_cat":[436,2613,2612,739],"product_tag":[],"class_list":{"0":"post-256572","1":"product","2":"type-product","3":"status-publish","4":"has-post-thumbnail","6":"product_brand-ferplast","7":"product_cat-chovatelske-potreby-2","8":"product_cat-pelisky-pro-psy","9":"product_cat-pelisky-boudy-a-dvirka-pro-psy","10":"product_cat-pro-psy-chovatelske-potreby-2","11":"pa_obchod-superzoo-cz","13":"first","14":"instock","15":"product-type-external","16":"entry","17":"content-bg","18":"loop-entry"},"acf":[],"yoast_head":"<!-- This site is optimized with the Yoast SEO plugin v27.4 - https:\/\/yoast.com\/product\/yoast-seo-wordpress\/ -->\n<title>Pel\u00ed\u0161ek Ferplast Harris 50 hn\u011bd\u00fd - SHOPATOA.COM<\/title>\n<meta name=\"robots\" content=\"index, follow, max-snippet:-1, max-image-preview:large, max-video-preview:-1\" \/>\n<link rel=\"canonical\" href=\"https:\/\/shopatoa.com\/cz\/pelisek-ferplast-harris-50-hnedy\/\" \/>\n<meta property=\"og:locale\" content=\"cs_CZ\" \/>\n<meta property=\"og:type\" content=\"article\" \/>\n<meta property=\"og:title\" content=\"Pel\u00ed\u0161ek Ferplast Harris 50 hn\u011bd\u00fd - SHOPATOA.COM\" \/>\n<meta property=\"og:description\" content=\"L\u00e1tkov\u00fd pel\u00ed\u0161ek pro psy a ko\u010dky Harris je d\u00edky sv\u00e9mu m\u00edrn\u011b zaoblen\u00e9mu tvaru s polstrovan\u00fdmi bo\u010dn\u00edmi panely a pohodln\u00e9mu pol\u0161t\u00e1\u0159ku dokonal\u00fdm m\u00edstem k odpo\u010dinku. Pol\u0161t\u00e1\u0159, odn\u00edmateln\u00fd pro \u010di\u0161t\u011bn\u00ed, je oboustrann\u00fd, jedna strana je l\u00e1tkov\u00e1 a druh\u00e1 elegantn\u00ed sametov\u00e1. Na p\u0159edn\u00ed stran\u011b m\u00e1 tento pel\u00ed\u0161ek sn\u00ed\u017een\u00fd vchod, aby byl pro zv\u00ed\u0159e snadno p\u0159\u00edstupn\u00fd. Je vyroben\u00fd z...\" \/>\n<meta property=\"og:url\" content=\"https:\/\/shopatoa.com\/cz\/pelisek-ferplast-harris-50-hnedy\/\" \/>\n<meta property=\"og:site_name\" content=\"SHOPATOA\" \/>\n<meta property=\"article:modified_time\" content=\"2025-05-16T13:39:57+00:00\" \/>\n<meta property=\"og:image\" content=\"https:\/\/storage.googleapis.com\/cz-shopatoa-img\/cz\/161df198-1_82716.jpg\" \/>\n\t<meta property=\"og:image:width\" content=\"600\" \/>\n\t<meta property=\"og:image:height\" content=\"600\" \/>\n\t<meta property=\"og:image:type\" content=\"image\/jpeg\" \/>\n<meta name=\"twitter:card\" content=\"summary_large_image\" \/>\n<meta name=\"twitter:label1\" content=\"Odhadovan\u00e1 doba \u010dten\u00ed\" \/>\n\t<meta name=\"twitter:data1\" content=\"1 minuta\" \/>\n<script type=\"application\/ld+json\" class=\"yoast-schema-graph\">{\"@context\":\"https:\\\/\\\/schema.org\",\"@graph\":[{\"@type\":\"WebPage\",\"@id\":\"https:\\\/\\\/shopatoa.com\\\/cz\\\/pelisek-ferplast-harris-50-hnedy\\\/\",\"url\":\"https:\\\/\\\/shopatoa.com\\\/cz\\\/pelisek-ferplast-harris-50-hnedy\\\/\",\"name\":\"Pel\u00ed\u0161ek Ferplast Harris 50 hn\u011bd\u00fd - SHOPATOA.COM\",\"isPartOf\":{\"@id\":\"https:\\\/\\\/shopatoa.com\\\/cz\\\/#website\"},\"primaryImageOfPage\":{\"@id\":\"https:\\\/\\\/shopatoa.com\\\/cz\\\/pelisek-ferplast-harris-50-hnedy\\\/#primaryimage\"},\"image\":{\"@id\":\"https:\\\/\\\/shopatoa.com\\\/cz\\\/pelisek-ferplast-harris-50-hnedy\\\/#primaryimage\"},\"thumbnailUrl\":\"https:\\\/\\\/storage.googleapis.com\\\/cz-shopatoa-img\\\/cz\\\/161df198-1_82716.jpg\",\"datePublished\":\"2025-04-04T01:36:04+00:00\",\"dateModified\":\"2025-05-16T13:39:57+00:00\",\"breadcrumb\":{\"@id\":\"https:\\\/\\\/shopatoa.com\\\/cz\\\/pelisek-ferplast-harris-50-hnedy\\\/#breadcrumb\"},\"inLanguage\":\"cs\",\"potentialAction\":[{\"@type\":\"ReadAction\",\"target\":[\"https:\\\/\\\/shopatoa.com\\\/cz\\\/pelisek-ferplast-harris-50-hnedy\\\/\"]}]},{\"@type\":\"ImageObject\",\"inLanguage\":\"cs\",\"@id\":\"https:\\\/\\\/shopatoa.com\\\/cz\\\/pelisek-ferplast-harris-50-hnedy\\\/#primaryimage\",\"url\":\"https:\\\/\\\/storage.googleapis.com\\\/cz-shopatoa-img\\\/cz\\\/161df198-1_82716.jpg\",\"contentUrl\":\"https:\\\/\\\/storage.googleapis.com\\\/cz-shopatoa-img\\\/cz\\\/161df198-1_82716.jpg\",\"width\":600,\"height\":600},{\"@type\":\"BreadcrumbList\",\"@id\":\"https:\\\/\\\/shopatoa.com\\\/cz\\\/pelisek-ferplast-harris-50-hnedy\\\/#breadcrumb\",\"itemListElement\":[{\"@type\":\"ListItem\",\"position\":1,\"name\":\"Dom\u016f\",\"item\":\"https:\\\/\\\/shopatoa.com\\\/cz\\\/\"},{\"@type\":\"ListItem\",\"position\":2,\"name\":\"Produkty\",\"item\":\"https:\\\/\\\/shopatoa.com\\\/cz\\\/shop\\\/\"},{\"@type\":\"ListItem\",\"position\":3,\"name\":\"Chovatelsk\u00e9 pot\u0159eby\",\"item\":\"https:\\\/\\\/shopatoa.com\\\/cz\\\/chovatelske-potreby-2\\\/\"},{\"@type\":\"ListItem\",\"position\":4,\"name\":\"Pro psy\",\"item\":\"https:\\\/\\\/shopatoa.com\\\/cz\\\/pro-psy-chovatelske-potreby-2\\\/\"},{\"@type\":\"ListItem\",\"position\":5,\"name\":\"Pel\u00ed\u0161ky, boudy a dv\u00ed\u0159ka pro psy\",\"item\":\"https:\\\/\\\/shopatoa.com\\\/cz\\\/pelisky-boudy-a-dvirka-pro-psy\\\/\"},{\"@type\":\"ListItem\",\"position\":6,\"name\":\"Pel\u00ed\u0161ky pro psy\",\"item\":\"https:\\\/\\\/shopatoa.com\\\/cz\\\/pelisky-pro-psy\\\/\"},{\"@type\":\"ListItem\",\"position\":7,\"name\":\"Pel\u00ed\u0161ek Ferplast Harris 50 hn\u011bd\u00fd\"}]},{\"@type\":\"WebSite\",\"@id\":\"https:\\\/\\\/shopatoa.com\\\/cz\\\/#website\",\"url\":\"https:\\\/\\\/shopatoa.com\\\/cz\\\/\",\"name\":\"SHOPATOA\",\"description\":\"\",\"publisher\":{\"@id\":\"https:\\\/\\\/shopatoa.com\\\/cz\\\/#organization\"},\"potentialAction\":[{\"@type\":\"SearchAction\",\"target\":{\"@type\":\"EntryPoint\",\"urlTemplate\":\"https:\\\/\\\/shopatoa.com\\\/cz\\\/?s={search_term_string}\"},\"query-input\":{\"@type\":\"PropertyValueSpecification\",\"valueRequired\":true,\"valueName\":\"search_term_string\"}}],\"inLanguage\":\"cs\"},{\"@type\":\"Organization\",\"@id\":\"https:\\\/\\\/shopatoa.com\\\/cz\\\/#organization\",\"name\":\"SHOPATOA Digital s.r.o.\",\"url\":\"https:\\\/\\\/shopatoa.com\\\/cz\\\/\",\"logo\":{\"@type\":\"ImageObject\",\"inLanguage\":\"cs\",\"@id\":\"https:\\\/\\\/shopatoa.com\\\/cz\\\/#\\\/schema\\\/logo\\\/image\\\/\",\"url\":\"https:\\\/\\\/storage.googleapis.com\\\/cz-shopatoa-img\\\/cz\\\/ebccf434-shopatoa_logo.png\",\"contentUrl\":\"https:\\\/\\\/storage.googleapis.com\\\/cz-shopatoa-img\\\/cz\\\/ebccf434-shopatoa_logo.png\",\"width\":416,\"height\":63,\"caption\":\"SHOPATOA Digital s.r.o.\"},\"image\":{\"@id\":\"https:\\\/\\\/shopatoa.com\\\/cz\\\/#\\\/schema\\\/logo\\\/image\\\/\"}}]}<\/script>\n<!-- \/ Yoast SEO plugin. -->","yoast_head_json":{"title":"Pel\u00ed\u0161ek Ferplast Harris 50 hn\u011bd\u00fd - SHOPATOA.COM","robots":{"index":"index","follow":"follow","max-snippet":"max-snippet:-1","max-image-preview":"max-image-preview:large","max-video-preview":"max-video-preview:-1"},"canonical":"https:\/\/shopatoa.com\/cz\/pelisek-ferplast-harris-50-hnedy\/","og_locale":"cs_CZ","og_type":"article","og_title":"Pel\u00ed\u0161ek Ferplast Harris 50 hn\u011bd\u00fd - SHOPATOA.COM","og_description":"L\u00e1tkov\u00fd pel\u00ed\u0161ek pro psy a ko\u010dky Harris je d\u00edky sv\u00e9mu m\u00edrn\u011b zaoblen\u00e9mu tvaru s polstrovan\u00fdmi bo\u010dn\u00edmi panely a pohodln\u00e9mu pol\u0161t\u00e1\u0159ku dokonal\u00fdm m\u00edstem k odpo\u010dinku. Pol\u0161t\u00e1\u0159, odn\u00edmateln\u00fd pro \u010di\u0161t\u011bn\u00ed, je oboustrann\u00fd, jedna strana je l\u00e1tkov\u00e1 a druh\u00e1 elegantn\u00ed sametov\u00e1. Na p\u0159edn\u00ed stran\u011b m\u00e1 tento pel\u00ed\u0161ek sn\u00ed\u017een\u00fd vchod, aby byl pro zv\u00ed\u0159e snadno p\u0159\u00edstupn\u00fd. Je vyroben\u00fd z...","og_url":"https:\/\/shopatoa.com\/cz\/pelisek-ferplast-harris-50-hnedy\/","og_site_name":"SHOPATOA","article_modified_time":"2025-05-16T13:39:57+00:00","og_image":[{"width":600,"height":600,"url":"https:\/\/storage.googleapis.com\/cz-shopatoa-img\/cz\/161df198-1_82716.jpg","type":"image\/jpeg"}],"twitter_card":"summary_large_image","twitter_misc":{"Odhadovan\u00e1 doba \u010dten\u00ed":"1 minuta"},"schema":{"@context":"https:\/\/schema.org","@graph":[{"@type":"WebPage","@id":"https:\/\/shopatoa.com\/cz\/pelisek-ferplast-harris-50-hnedy\/","url":"https:\/\/shopatoa.com\/cz\/pelisek-ferplast-harris-50-hnedy\/","name":"Pel\u00ed\u0161ek Ferplast Harris 50 hn\u011bd\u00fd - SHOPATOA.COM","isPartOf":{"@id":"https:\/\/shopatoa.com\/cz\/#website"},"primaryImageOfPage":{"@id":"https:\/\/shopatoa.com\/cz\/pelisek-ferplast-harris-50-hnedy\/#primaryimage"},"image":{"@id":"https:\/\/shopatoa.com\/cz\/pelisek-ferplast-harris-50-hnedy\/#primaryimage"},"thumbnailUrl":"https:\/\/storage.googleapis.com\/cz-shopatoa-img\/cz\/161df198-1_82716.jpg","datePublished":"2025-04-04T01:36:04+00:00","dateModified":"2025-05-16T13:39:57+00:00","breadcrumb":{"@id":"https:\/\/shopatoa.com\/cz\/pelisek-ferplast-harris-50-hnedy\/#breadcrumb"},"inLanguage":"cs","potentialAction":[{"@type":"ReadAction","target":["https:\/\/shopatoa.com\/cz\/pelisek-ferplast-harris-50-hnedy\/"]}]},{"@type":"ImageObject","inLanguage":"cs","@id":"https:\/\/shopatoa.com\/cz\/pelisek-ferplast-harris-50-hnedy\/#primaryimage","url":"https:\/\/storage.googleapis.com\/cz-shopatoa-img\/cz\/161df198-1_82716.jpg","contentUrl":"https:\/\/storage.googleapis.com\/cz-shopatoa-img\/cz\/161df198-1_82716.jpg","width":600,"height":600},{"@type":"BreadcrumbList","@id":"https:\/\/shopatoa.com\/cz\/pelisek-ferplast-harris-50-hnedy\/#breadcrumb","itemListElement":[{"@type":"ListItem","position":1,"name":"Dom\u016f","item":"https:\/\/shopatoa.com\/cz\/"},{"@type":"ListItem","position":2,"name":"Produkty","item":"https:\/\/shopatoa.com\/cz\/shop\/"},{"@type":"ListItem","position":3,"name":"Chovatelsk\u00e9 pot\u0159eby","item":"https:\/\/shopatoa.com\/cz\/chovatelske-potreby-2\/"},{"@type":"ListItem","position":4,"name":"Pro psy","item":"https:\/\/shopatoa.com\/cz\/pro-psy-chovatelske-potreby-2\/"},{"@type":"ListItem","position":5,"name":"Pel\u00ed\u0161ky, boudy a dv\u00ed\u0159ka pro psy","item":"https:\/\/shopatoa.com\/cz\/pelisky-boudy-a-dvirka-pro-psy\/"},{"@type":"ListItem","position":6,"name":"Pel\u00ed\u0161ky pro psy","item":"https:\/\/shopatoa.com\/cz\/pelisky-pro-psy\/"},{"@type":"ListItem","position":7,"name":"Pel\u00ed\u0161ek Ferplast Harris 50 hn\u011bd\u00fd"}]},{"@type":"WebSite","@id":"https:\/\/shopatoa.com\/cz\/#website","url":"https:\/\/shopatoa.com\/cz\/","name":"SHOPATOA","description":"","publisher":{"@id":"https:\/\/shopatoa.com\/cz\/#organization"},"potentialAction":[{"@type":"SearchAction","target":{"@type":"EntryPoint","urlTemplate":"https:\/\/shopatoa.com\/cz\/?s={search_term_string}"},"query-input":{"@type":"PropertyValueSpecification","valueRequired":true,"valueName":"search_term_string"}}],"inLanguage":"cs"},{"@type":"Organization","@id":"https:\/\/shopatoa.com\/cz\/#organization","name":"SHOPATOA Digital s.r.o.","url":"https:\/\/shopatoa.com\/cz\/","logo":{"@type":"ImageObject","inLanguage":"cs","@id":"https:\/\/shopatoa.com\/cz\/#\/schema\/logo\/image\/","url":"https:\/\/storage.googleapis.com\/cz-shopatoa-img\/cz\/ebccf434-shopatoa_logo.png","contentUrl":"https:\/\/storage.googleapis.com\/cz-shopatoa-img\/cz\/ebccf434-shopatoa_logo.png","width":416,"height":63,"caption":"SHOPATOA Digital s.r.o."},"image":{"@id":"https:\/\/shopatoa.com\/cz\/#\/schema\/logo\/image\/"}}]}},"_links":{"self":[{"href":"https:\/\/shopatoa.com\/cz\/wp-json\/wp\/v2\/product\/256572","targetHints":{"allow":["GET"]}}],"collection":[{"href":"https:\/\/shopatoa.com\/cz\/wp-json\/wp\/v2\/product"}],"about":[{"href":"https:\/\/shopatoa.com\/cz\/wp-json\/wp\/v2\/types\/product"}],"replies":[{"embeddable":true,"href":"https:\/\/shopatoa.com\/cz\/wp-json\/wp\/v2\/comments?post=256572"}],"wp:featuredmedia":[{"embeddable":true,"href":"https:\/\/shopatoa.com\/cz\/wp-json\/wp\/v2\/media\/256573"}],"wp:attachment":[{"href":"https:\/\/shopatoa.com\/cz\/wp-json\/wp\/v2\/media?parent=256572"}],"wp:term":[{"taxonomy":"product_brand","embeddable":true,"href":"https:\/\/shopatoa.com\/cz\/wp-json\/wp\/v2\/product_brand?post=256572"},{"taxonomy":"product_cat","embeddable":true,"href":"https:\/\/shopatoa.com\/cz\/wp-json\/wp\/v2\/product_cat?post=256572"},{"taxonomy":"product_tag","embeddable":true,"href":"https:\/\/shopatoa.com\/cz\/wp-json\/wp\/v2\/product_tag?post=256572"}],"curies":[{"name":"wp","href":"https:\/\/api.w.org\/{rel}","templated":true}]}}