{"id":256582,"date":"2025-04-04T03:36:51","date_gmt":"2025-04-04T01:36:51","guid":{"rendered":"https:\/\/shopatoa.com\/cz\/?post_type=product&#038;p=256582"},"modified":"2025-05-16T15:40:09","modified_gmt":"2025-05-16T13:40:09","slug":"koupelna-pro-ptaky-ferplast-rio-10","status":"publish","type":"product","link":"https:\/\/shopatoa.com\/cz\/koupelna-pro-ptaky-ferplast-rio-10\/","title":{"rendered":"Koupelna pro pt\u00e1ky Ferplast Rio 10"},"content":{"rendered":"<p>Koupelna umo\u017e\u0148uje va\u0161im papou\u0161k\u016fm o\u010distu pe\u0159\u00ed a udr\u017een\u00ed optim\u00e1ln\u00ed \u00farove\u0148 hydratace, zejm\u00e9na v teplej\u0161\u00edm po\u010das\u00ed.<\/p>\n<p>Je bezpe\u010dn\u00e1, vyroben\u00e1 z netoxick\u00fdch plast\u016f, m\u00e1 protiskluzov\u00e9 dno a praktick\u00e9 bid\u00fdlko. Je tak\u00e9 vybavena pr\u016fhlednou st\u011bnou, kter\u00e1 zabra\u0148uje \u00faniku vody.<\/p>\n<p>D\u00edky syst\u00e9mu nastaven\u00ed v\u00fd\u0161ky se snadno p\u0159izp\u016fsob\u00ed r\u016fzn\u00fdm klec\u00edm pro mal\u00e9 papou\u0161ky, lze ji namontovat podle pot\u0159eby uvnit\u0159 i vn\u011b klece.<\/p>\n<p>\tKoupelna pro andulky a korely.<br \/>\n\tU\u017eite\u010dn\u00e9 pro \u010di\u0161t\u011bn\u00ed pe\u0159\u00ed a zvlh\u010den\u00ed.<br \/>\n\tBezpe\u010dn\u00e9 netoxick\u00e9 plasty.<br \/>\n\tVybaveno bid\u00fdlkem a pr\u016fhlednou st\u011bnou proti vod\u011b.<br \/>\n\tProtiskluzov\u00e9 dno.<br \/>\n\tLze pou\u017e\u00edt na v\u011bt\u0161inu klec\u00ed.<br \/>\n\tV\u00fd\u0161kov\u011b nastaviteln\u00e9.<br \/>\n\tLze namontovat uvnit\u0159 i vn\u011b klece.<br \/>\n\tSnadn\u00e9 \u010di\u0161t\u011bn\u00ed.<br \/>\n\tRozm\u011bry: 18 x 26 x h 17 cm<br \/>\n\tEkologick\u00e9: vyrobeno z recyklovan\u00e9ho plastu.<\/p>\n<p>Jedn\u00e1 se o ekologicky udr\u017eiteln\u00fd produkt: je toti\u017e vyr\u00e1b\u011bn s vysok\u00fdm procentem materi\u00e1lu poch\u00e1zej\u00edc\u00edho z pr\u016fmyslov\u00e9 recyklace a n\u00e1sledn\u00e9 spot\u0159eby, aby bylo ochr\u00e1n\u011bno \u017eivotn\u00ed prost\u0159ed\u00ed, ve kter\u00e9m \u017eijeme spole\u010dn\u011b s na\u0161imi&#8230;<\/p>\n","protected":false},"excerpt":{"rendered":"<p>Koupelna umo\u017e\u0148uje va\u0161im papou\u0161k\u016fm o\u010distu pe\u0159\u00ed a udr\u017een\u00ed optim\u00e1ln\u00ed \u00farove\u0148 hydratace, zejm\u00e9na v teplej\u0161\u00edm po\u010das\u00ed. Je bezpe\u010dn\u00e1, vyroben\u00e1 z netoxick\u00fdch plast\u016f, m\u00e1 protiskluzov\u00e9 dno a praktick\u00e9 bid\u00fdlko. Je tak\u00e9 vybavena pr\u016fhlednou st\u011bnou, kter\u00e1 zabra\u0148uje \u00faniku vody. D\u00edky syst\u00e9mu nastaven\u00ed v\u00fd\u0161ky se snadno p\u0159izp\u016fsob\u00ed r\u016fzn\u00fdm klec\u00edm pro mal\u00e9 papou\u0161ky, lze ji namontovat podle pot\u0159eby uvnit\u0159 i&#8230;<\/p>\n","protected":false},"featured_media":256583,"comment_status":"closed","ping_status":"open","template":"","meta":{"_acf_changed":false,"_kadence_starter_templates_imported_post":false,"_kad_post_transparent":"","_kad_post_title":"","_kad_post_layout":"","_kad_post_sidebar_id":"","_kad_post_content_style":"","_kad_post_vertical_padding":"","_kad_post_feature":"","_kad_post_feature_position":"","_kad_post_header":false,"_kad_post_footer":false,"_kad_post_classname":""},"product_brand":[2688],"product_cat":[436,2624,2563,2564],"product_tag":[],"class_list":{"0":"post-256582","1":"product","2":"type-product","3":"status-publish","4":"has-post-thumbnail","6":"product_brand-ferplast","7":"product_cat-chovatelske-potreby-2","8":"product_cat-koupelny-pro-ptaky","9":"product_cat-pro-ptaky","10":"product_cat-vybaveni-kleci-a-volier","11":"pa_obchod-superzoo-cz","13":"first","14":"instock","15":"product-type-external","16":"entry","17":"content-bg","18":"loop-entry"},"acf":[],"yoast_head":"<!-- This site is optimized with the Yoast SEO plugin v27.4 - https:\/\/yoast.com\/product\/yoast-seo-wordpress\/ -->\n<title>Koupelna pro pt\u00e1ky Ferplast Rio 10 - SHOPATOA.COM<\/title>\n<meta name=\"robots\" content=\"index, follow, max-snippet:-1, max-image-preview:large, max-video-preview:-1\" \/>\n<link rel=\"canonical\" href=\"https:\/\/shopatoa.com\/cz\/koupelna-pro-ptaky-ferplast-rio-10\/\" \/>\n<meta property=\"og:locale\" content=\"cs_CZ\" \/>\n<meta property=\"og:type\" content=\"article\" \/>\n<meta property=\"og:title\" content=\"Koupelna pro pt\u00e1ky Ferplast Rio 10 - SHOPATOA.COM\" \/>\n<meta property=\"og:description\" content=\"Koupelna umo\u017e\u0148uje va\u0161im papou\u0161k\u016fm o\u010distu pe\u0159\u00ed a udr\u017een\u00ed optim\u00e1ln\u00ed \u00farove\u0148 hydratace, zejm\u00e9na v teplej\u0161\u00edm po\u010das\u00ed. Je bezpe\u010dn\u00e1, vyroben\u00e1 z netoxick\u00fdch plast\u016f, m\u00e1 protiskluzov\u00e9 dno a praktick\u00e9 bid\u00fdlko. Je tak\u00e9 vybavena pr\u016fhlednou st\u011bnou, kter\u00e1 zabra\u0148uje \u00faniku vody. D\u00edky syst\u00e9mu nastaven\u00ed v\u00fd\u0161ky se snadno p\u0159izp\u016fsob\u00ed r\u016fzn\u00fdm klec\u00edm pro mal\u00e9 papou\u0161ky, lze ji namontovat podle pot\u0159eby uvnit\u0159 i...\" \/>\n<meta property=\"og:url\" content=\"https:\/\/shopatoa.com\/cz\/koupelna-pro-ptaky-ferplast-rio-10\/\" \/>\n<meta property=\"og:site_name\" content=\"SHOPATOA\" \/>\n<meta property=\"article:modified_time\" content=\"2025-05-16T13:40:09+00:00\" \/>\n<meta property=\"og:image\" content=\"https:\/\/storage.googleapis.com\/cz-shopatoa-img\/cz\/dde61ef0-1_84783.jpg\" \/>\n\t<meta property=\"og:image:width\" content=\"600\" \/>\n\t<meta property=\"og:image:height\" content=\"600\" \/>\n\t<meta property=\"og:image:type\" content=\"image\/jpeg\" \/>\n<meta name=\"twitter:card\" content=\"summary_large_image\" \/>\n<meta name=\"twitter:label1\" content=\"Odhadovan\u00e1 doba \u010dten\u00ed\" \/>\n\t<meta name=\"twitter:data1\" content=\"1 minuta\" \/>\n<script type=\"application\/ld+json\" class=\"yoast-schema-graph\">{\"@context\":\"https:\\\/\\\/schema.org\",\"@graph\":[{\"@type\":\"WebPage\",\"@id\":\"https:\\\/\\\/shopatoa.com\\\/cz\\\/koupelna-pro-ptaky-ferplast-rio-10\\\/\",\"url\":\"https:\\\/\\\/shopatoa.com\\\/cz\\\/koupelna-pro-ptaky-ferplast-rio-10\\\/\",\"name\":\"Koupelna pro pt\u00e1ky Ferplast Rio 10 - SHOPATOA.COM\",\"isPartOf\":{\"@id\":\"https:\\\/\\\/shopatoa.com\\\/cz\\\/#website\"},\"primaryImageOfPage\":{\"@id\":\"https:\\\/\\\/shopatoa.com\\\/cz\\\/koupelna-pro-ptaky-ferplast-rio-10\\\/#primaryimage\"},\"image\":{\"@id\":\"https:\\\/\\\/shopatoa.com\\\/cz\\\/koupelna-pro-ptaky-ferplast-rio-10\\\/#primaryimage\"},\"thumbnailUrl\":\"https:\\\/\\\/storage.googleapis.com\\\/cz-shopatoa-img\\\/cz\\\/dde61ef0-1_84783.jpg\",\"datePublished\":\"2025-04-04T01:36:51+00:00\",\"dateModified\":\"2025-05-16T13:40:09+00:00\",\"breadcrumb\":{\"@id\":\"https:\\\/\\\/shopatoa.com\\\/cz\\\/koupelna-pro-ptaky-ferplast-rio-10\\\/#breadcrumb\"},\"inLanguage\":\"cs\",\"potentialAction\":[{\"@type\":\"ReadAction\",\"target\":[\"https:\\\/\\\/shopatoa.com\\\/cz\\\/koupelna-pro-ptaky-ferplast-rio-10\\\/\"]}]},{\"@type\":\"ImageObject\",\"inLanguage\":\"cs\",\"@id\":\"https:\\\/\\\/shopatoa.com\\\/cz\\\/koupelna-pro-ptaky-ferplast-rio-10\\\/#primaryimage\",\"url\":\"https:\\\/\\\/storage.googleapis.com\\\/cz-shopatoa-img\\\/cz\\\/dde61ef0-1_84783.jpg\",\"contentUrl\":\"https:\\\/\\\/storage.googleapis.com\\\/cz-shopatoa-img\\\/cz\\\/dde61ef0-1_84783.jpg\",\"width\":600,\"height\":600},{\"@type\":\"BreadcrumbList\",\"@id\":\"https:\\\/\\\/shopatoa.com\\\/cz\\\/koupelna-pro-ptaky-ferplast-rio-10\\\/#breadcrumb\",\"itemListElement\":[{\"@type\":\"ListItem\",\"position\":1,\"name\":\"Dom\u016f\",\"item\":\"https:\\\/\\\/shopatoa.com\\\/cz\\\/\"},{\"@type\":\"ListItem\",\"position\":2,\"name\":\"Produkty\",\"item\":\"https:\\\/\\\/shopatoa.com\\\/cz\\\/shop\\\/\"},{\"@type\":\"ListItem\",\"position\":3,\"name\":\"Chovatelsk\u00e9 pot\u0159eby\",\"item\":\"https:\\\/\\\/shopatoa.com\\\/cz\\\/chovatelske-potreby-2\\\/\"},{\"@type\":\"ListItem\",\"position\":4,\"name\":\"Pro pt\u00e1ky\",\"item\":\"https:\\\/\\\/shopatoa.com\\\/cz\\\/pro-ptaky\\\/\"},{\"@type\":\"ListItem\",\"position\":5,\"name\":\"Vybaven\u00ed klec\u00ed a voli\u00e9r\",\"item\":\"https:\\\/\\\/shopatoa.com\\\/cz\\\/vybaveni-kleci-a-volier\\\/\"},{\"@type\":\"ListItem\",\"position\":6,\"name\":\"Koupelny pro pt\u00e1ky\",\"item\":\"https:\\\/\\\/shopatoa.com\\\/cz\\\/koupelny-pro-ptaky\\\/\"},{\"@type\":\"ListItem\",\"position\":7,\"name\":\"Koupelna pro pt\u00e1ky Ferplast Rio 10\"}]},{\"@type\":\"WebSite\",\"@id\":\"https:\\\/\\\/shopatoa.com\\\/cz\\\/#website\",\"url\":\"https:\\\/\\\/shopatoa.com\\\/cz\\\/\",\"name\":\"SHOPATOA\",\"description\":\"\",\"publisher\":{\"@id\":\"https:\\\/\\\/shopatoa.com\\\/cz\\\/#organization\"},\"potentialAction\":[{\"@type\":\"SearchAction\",\"target\":{\"@type\":\"EntryPoint\",\"urlTemplate\":\"https:\\\/\\\/shopatoa.com\\\/cz\\\/?s={search_term_string}\"},\"query-input\":{\"@type\":\"PropertyValueSpecification\",\"valueRequired\":true,\"valueName\":\"search_term_string\"}}],\"inLanguage\":\"cs\"},{\"@type\":\"Organization\",\"@id\":\"https:\\\/\\\/shopatoa.com\\\/cz\\\/#organization\",\"name\":\"SHOPATOA Digital s.r.o.\",\"url\":\"https:\\\/\\\/shopatoa.com\\\/cz\\\/\",\"logo\":{\"@type\":\"ImageObject\",\"inLanguage\":\"cs\",\"@id\":\"https:\\\/\\\/shopatoa.com\\\/cz\\\/#\\\/schema\\\/logo\\\/image\\\/\",\"url\":\"https:\\\/\\\/storage.googleapis.com\\\/cz-shopatoa-img\\\/cz\\\/ebccf434-shopatoa_logo.png\",\"contentUrl\":\"https:\\\/\\\/storage.googleapis.com\\\/cz-shopatoa-img\\\/cz\\\/ebccf434-shopatoa_logo.png\",\"width\":416,\"height\":63,\"caption\":\"SHOPATOA Digital s.r.o.\"},\"image\":{\"@id\":\"https:\\\/\\\/shopatoa.com\\\/cz\\\/#\\\/schema\\\/logo\\\/image\\\/\"}}]}<\/script>\n<!-- \/ Yoast SEO plugin. -->","yoast_head_json":{"title":"Koupelna pro pt\u00e1ky Ferplast Rio 10 - SHOPATOA.COM","robots":{"index":"index","follow":"follow","max-snippet":"max-snippet:-1","max-image-preview":"max-image-preview:large","max-video-preview":"max-video-preview:-1"},"canonical":"https:\/\/shopatoa.com\/cz\/koupelna-pro-ptaky-ferplast-rio-10\/","og_locale":"cs_CZ","og_type":"article","og_title":"Koupelna pro pt\u00e1ky Ferplast Rio 10 - SHOPATOA.COM","og_description":"Koupelna umo\u017e\u0148uje va\u0161im papou\u0161k\u016fm o\u010distu pe\u0159\u00ed a udr\u017een\u00ed optim\u00e1ln\u00ed \u00farove\u0148 hydratace, zejm\u00e9na v teplej\u0161\u00edm po\u010das\u00ed. Je bezpe\u010dn\u00e1, vyroben\u00e1 z netoxick\u00fdch plast\u016f, m\u00e1 protiskluzov\u00e9 dno a praktick\u00e9 bid\u00fdlko. Je tak\u00e9 vybavena pr\u016fhlednou st\u011bnou, kter\u00e1 zabra\u0148uje \u00faniku vody. D\u00edky syst\u00e9mu nastaven\u00ed v\u00fd\u0161ky se snadno p\u0159izp\u016fsob\u00ed r\u016fzn\u00fdm klec\u00edm pro mal\u00e9 papou\u0161ky, lze ji namontovat podle pot\u0159eby uvnit\u0159 i...","og_url":"https:\/\/shopatoa.com\/cz\/koupelna-pro-ptaky-ferplast-rio-10\/","og_site_name":"SHOPATOA","article_modified_time":"2025-05-16T13:40:09+00:00","og_image":[{"width":600,"height":600,"url":"https:\/\/storage.googleapis.com\/cz-shopatoa-img\/cz\/dde61ef0-1_84783.jpg","type":"image\/jpeg"}],"twitter_card":"summary_large_image","twitter_misc":{"Odhadovan\u00e1 doba \u010dten\u00ed":"1 minuta"},"schema":{"@context":"https:\/\/schema.org","@graph":[{"@type":"WebPage","@id":"https:\/\/shopatoa.com\/cz\/koupelna-pro-ptaky-ferplast-rio-10\/","url":"https:\/\/shopatoa.com\/cz\/koupelna-pro-ptaky-ferplast-rio-10\/","name":"Koupelna pro pt\u00e1ky Ferplast Rio 10 - SHOPATOA.COM","isPartOf":{"@id":"https:\/\/shopatoa.com\/cz\/#website"},"primaryImageOfPage":{"@id":"https:\/\/shopatoa.com\/cz\/koupelna-pro-ptaky-ferplast-rio-10\/#primaryimage"},"image":{"@id":"https:\/\/shopatoa.com\/cz\/koupelna-pro-ptaky-ferplast-rio-10\/#primaryimage"},"thumbnailUrl":"https:\/\/storage.googleapis.com\/cz-shopatoa-img\/cz\/dde61ef0-1_84783.jpg","datePublished":"2025-04-04T01:36:51+00:00","dateModified":"2025-05-16T13:40:09+00:00","breadcrumb":{"@id":"https:\/\/shopatoa.com\/cz\/koupelna-pro-ptaky-ferplast-rio-10\/#breadcrumb"},"inLanguage":"cs","potentialAction":[{"@type":"ReadAction","target":["https:\/\/shopatoa.com\/cz\/koupelna-pro-ptaky-ferplast-rio-10\/"]}]},{"@type":"ImageObject","inLanguage":"cs","@id":"https:\/\/shopatoa.com\/cz\/koupelna-pro-ptaky-ferplast-rio-10\/#primaryimage","url":"https:\/\/storage.googleapis.com\/cz-shopatoa-img\/cz\/dde61ef0-1_84783.jpg","contentUrl":"https:\/\/storage.googleapis.com\/cz-shopatoa-img\/cz\/dde61ef0-1_84783.jpg","width":600,"height":600},{"@type":"BreadcrumbList","@id":"https:\/\/shopatoa.com\/cz\/koupelna-pro-ptaky-ferplast-rio-10\/#breadcrumb","itemListElement":[{"@type":"ListItem","position":1,"name":"Dom\u016f","item":"https:\/\/shopatoa.com\/cz\/"},{"@type":"ListItem","position":2,"name":"Produkty","item":"https:\/\/shopatoa.com\/cz\/shop\/"},{"@type":"ListItem","position":3,"name":"Chovatelsk\u00e9 pot\u0159eby","item":"https:\/\/shopatoa.com\/cz\/chovatelske-potreby-2\/"},{"@type":"ListItem","position":4,"name":"Pro pt\u00e1ky","item":"https:\/\/shopatoa.com\/cz\/pro-ptaky\/"},{"@type":"ListItem","position":5,"name":"Vybaven\u00ed klec\u00ed a voli\u00e9r","item":"https:\/\/shopatoa.com\/cz\/vybaveni-kleci-a-volier\/"},{"@type":"ListItem","position":6,"name":"Koupelny pro pt\u00e1ky","item":"https:\/\/shopatoa.com\/cz\/koupelny-pro-ptaky\/"},{"@type":"ListItem","position":7,"name":"Koupelna pro pt\u00e1ky Ferplast Rio 10"}]},{"@type":"WebSite","@id":"https:\/\/shopatoa.com\/cz\/#website","url":"https:\/\/shopatoa.com\/cz\/","name":"SHOPATOA","description":"","publisher":{"@id":"https:\/\/shopatoa.com\/cz\/#organization"},"potentialAction":[{"@type":"SearchAction","target":{"@type":"EntryPoint","urlTemplate":"https:\/\/shopatoa.com\/cz\/?s={search_term_string}"},"query-input":{"@type":"PropertyValueSpecification","valueRequired":true,"valueName":"search_term_string"}}],"inLanguage":"cs"},{"@type":"Organization","@id":"https:\/\/shopatoa.com\/cz\/#organization","name":"SHOPATOA Digital s.r.o.","url":"https:\/\/shopatoa.com\/cz\/","logo":{"@type":"ImageObject","inLanguage":"cs","@id":"https:\/\/shopatoa.com\/cz\/#\/schema\/logo\/image\/","url":"https:\/\/storage.googleapis.com\/cz-shopatoa-img\/cz\/ebccf434-shopatoa_logo.png","contentUrl":"https:\/\/storage.googleapis.com\/cz-shopatoa-img\/cz\/ebccf434-shopatoa_logo.png","width":416,"height":63,"caption":"SHOPATOA Digital s.r.o."},"image":{"@id":"https:\/\/shopatoa.com\/cz\/#\/schema\/logo\/image\/"}}]}},"_links":{"self":[{"href":"https:\/\/shopatoa.com\/cz\/wp-json\/wp\/v2\/product\/256582","targetHints":{"allow":["GET"]}}],"collection":[{"href":"https:\/\/shopatoa.com\/cz\/wp-json\/wp\/v2\/product"}],"about":[{"href":"https:\/\/shopatoa.com\/cz\/wp-json\/wp\/v2\/types\/product"}],"replies":[{"embeddable":true,"href":"https:\/\/shopatoa.com\/cz\/wp-json\/wp\/v2\/comments?post=256582"}],"wp:featuredmedia":[{"embeddable":true,"href":"https:\/\/shopatoa.com\/cz\/wp-json\/wp\/v2\/media\/256583"}],"wp:attachment":[{"href":"https:\/\/shopatoa.com\/cz\/wp-json\/wp\/v2\/media?parent=256582"}],"wp:term":[{"taxonomy":"product_brand","embeddable":true,"href":"https:\/\/shopatoa.com\/cz\/wp-json\/wp\/v2\/product_brand?post=256582"},{"taxonomy":"product_cat","embeddable":true,"href":"https:\/\/shopatoa.com\/cz\/wp-json\/wp\/v2\/product_cat?post=256582"},{"taxonomy":"product_tag","embeddable":true,"href":"https:\/\/shopatoa.com\/cz\/wp-json\/wp\/v2\/product_tag?post=256582"}],"curies":[{"name":"wp","href":"https:\/\/api.w.org\/{rel}","templated":true}]}}