{"id":256594,"date":"2025-04-04T03:40:43","date_gmt":"2025-04-04T01:40:43","guid":{"rendered":"https:\/\/shopatoa.com\/cz\/?post_type=product&#038;p=256594"},"modified":"2026-02-01T00:58:37","modified_gmt":"2026-01-31T23:58:37","slug":"odpocivadlo-magic-cat-amsterdam-cerne-100cm","status":"publish","type":"product","link":"https:\/\/shopatoa.com\/cz\/odpocivadlo-magic-cat-amsterdam-cerne-100cm\/","title":{"rendered":"Odpo\u010d\u00edvadlo Magic Cat Amsterdam \u010dern\u00e9 100cm"},"content":{"rendered":"<p>\u0160krabadlo Amsterdam je modern\u00ed \u0161krabadlo a odpo\u010d\u00edvadlo pro ko\u010dky, kter\u00e9 se hod\u00ed do jak\u00e9hokoliv interi\u00e9ru.\u200b<\/p>\n<p>\tVhodn\u00e9 pro odpo\u010dinek, hran\u00ed \u010di brou\u0161en\u00ed dr\u00e1pk\u016f va\u0161\u00ed ko\u010dky.<br \/>\n\tM\u00e1 dlouh\u00e1 vl\u00e1kna z fl\u00edsov\u00e9ho materi\u00e1lu p\u0159\u00edjemn\u00e1 na dotek.\u200b<br \/>\n\tZ\u00e1v\u011bsn\u00e1 hra\u010dka pro atraktivitu \u0161krabadla\u200b.<br \/>\n\tP\u011bnou zm\u011bk\u010den\u00e1 \u010d\u00e1st pro pohodln\u00e9 sezen\u00ed va\u0161\u00ed ko\u010dky.\u200b<br \/>\n\tSloupky jsou omotan\u00e9 kvalitn\u00edm jutov\u00fdm prov\u00e1zkem pro del\u0161\u00ed v\u00fddr\u017e p\u0159i obru\u0161ov\u00e1n\u00ed dr\u00e1pk\u016f.\u200b<br \/>\n\tRozm\u011bry: 100 x 52 x 67 cm<\/p>\n<p>Manu\u00e1l pro sestrojen\u00ed:<br \/>\n1. Rozlo\u017ete dome\u010dek (A) do tvaru krychle.\u00a0<br \/>\n2. Dome\u010dek nasa\u010fte na z\u00e1kladn\u00ed desku (B) a p\u0159iklopte v\u00edkem (C).\u00a0<br \/>\n3. Dome\u010dek p\u0159ipevn\u011bte k desce pomoc\u00ed fixa\u010dn\u00edch kol\u00edk\u016f (X) z\u202fbo\u010dn\u00edch stran. \u00a0<br \/>\n4. Ze spodu v\u00edka dome\u010dku (C) prostr\u010dte \u0161rouby (Y) skrz otvory a na\u0161roubujte sloupky s del\u0161\u00edmi \u0161rouby (D), kter\u00e9 dot\u00e1hn\u011bte pomoc\u00ed imbusov\u00e9ho kl\u00ed\u010de (Z). \u00a0<br \/>\n5. Nasa\u010fte \u010dtvercovou desku (E) na v\u0161echny t\u0159i sloupky (D).\u00a0<br \/>\n6. Na\u0161roubujte na vystoupl\u00e9 \u0161rouby zbyl\u00e9 sloupky (F, G) a krytku \u0161roubu (H) dle mont\u00e1\u017en\u00edho sch\u00e9matu.\u00a0<br \/>\n7. Na&#8230;<\/p>\n","protected":false},"excerpt":{"rendered":"<p>\u0160krabadlo Amsterdam je modern\u00ed \u0161krabadlo a odpo\u010d\u00edvadlo pro ko\u010dky, kter\u00e9 se hod\u00ed do jak\u00e9hokoliv interi\u00e9ru.\u200b Vhodn\u00e9 pro odpo\u010dinek, hran\u00ed \u010di brou\u0161en\u00ed dr\u00e1pk\u016f va\u0161\u00ed ko\u010dky. M\u00e1 dlouh\u00e1 vl\u00e1kna z fl\u00edsov\u00e9ho materi\u00e1lu p\u0159\u00edjemn\u00e1 na dotek.\u200b Z\u00e1v\u011bsn\u00e1 hra\u010dka pro atraktivitu \u0161krabadla\u200b. P\u011bnou zm\u011bk\u010den\u00e1 \u010d\u00e1st pro pohodln\u00e9 sezen\u00ed va\u0161\u00ed ko\u010dky.\u200b Sloupky jsou omotan\u00e9 kvalitn\u00edm jutov\u00fdm prov\u00e1zkem pro del\u0161\u00ed v\u00fddr\u017e&#8230;<\/p>\n","protected":false},"featured_media":256595,"comment_status":"closed","ping_status":"open","template":"","meta":{"_acf_changed":false,"_kadence_starter_templates_imported_post":false,"_kad_post_transparent":"","_kad_post_title":"","_kad_post_layout":"","_kad_post_sidebar_id":"","_kad_post_content_style":"","_kad_post_vertical_padding":"","_kad_post_feature":"","_kad_post_feature_position":"","_kad_post_header":false,"_kad_post_footer":false,"_kad_post_classname":""},"product_brand":[2463],"product_cat":[436,2596,1464],"product_tag":[],"class_list":{"0":"post-256594","1":"product","2":"type-product","3":"status-publish","4":"has-post-thumbnail","6":"product_brand-magic-cat","7":"product_cat-chovatelske-potreby-2","8":"product_cat-odpocivadla-a-skrabadla-pro-kocky","9":"product_cat-pro-kocky-chovatelske-potreby-2","10":"pa_obchod-superzoo-cz","12":"first","13":"instock","14":"product-type-external","15":"entry","16":"content-bg","17":"loop-entry"},"acf":[],"yoast_head":"<!-- This site is optimized with the Yoast SEO plugin v27.4 - https:\/\/yoast.com\/product\/yoast-seo-wordpress\/ -->\n<title>Odpo\u010d\u00edvadlo Magic Cat Amsterdam \u010dern\u00e9 100cm - SHOPATOA.COM<\/title>\n<meta name=\"robots\" content=\"index, follow, max-snippet:-1, max-image-preview:large, max-video-preview:-1\" \/>\n<link rel=\"canonical\" href=\"https:\/\/shopatoa.com\/cz\/odpocivadlo-magic-cat-amsterdam-cerne-100cm\/\" \/>\n<meta property=\"og:locale\" content=\"cs_CZ\" \/>\n<meta property=\"og:type\" content=\"article\" \/>\n<meta property=\"og:title\" content=\"Odpo\u010d\u00edvadlo Magic Cat Amsterdam \u010dern\u00e9 100cm - SHOPATOA.COM\" \/>\n<meta property=\"og:description\" content=\"\u0160krabadlo Amsterdam je modern\u00ed \u0161krabadlo a odpo\u010d\u00edvadlo pro ko\u010dky, kter\u00e9 se hod\u00ed do jak\u00e9hokoliv interi\u00e9ru.\u200b Vhodn\u00e9 pro odpo\u010dinek, hran\u00ed \u010di brou\u0161en\u00ed dr\u00e1pk\u016f va\u0161\u00ed ko\u010dky. M\u00e1 dlouh\u00e1 vl\u00e1kna z fl\u00edsov\u00e9ho materi\u00e1lu p\u0159\u00edjemn\u00e1 na dotek.\u200b Z\u00e1v\u011bsn\u00e1 hra\u010dka pro atraktivitu \u0161krabadla\u200b. P\u011bnou zm\u011bk\u010den\u00e1 \u010d\u00e1st pro pohodln\u00e9 sezen\u00ed va\u0161\u00ed ko\u010dky.\u200b Sloupky jsou omotan\u00e9 kvalitn\u00edm jutov\u00fdm prov\u00e1zkem pro del\u0161\u00ed v\u00fddr\u017e...\" \/>\n<meta property=\"og:url\" content=\"https:\/\/shopatoa.com\/cz\/odpocivadlo-magic-cat-amsterdam-cerne-100cm\/\" \/>\n<meta property=\"og:site_name\" content=\"SHOPATOA\" \/>\n<meta property=\"article:modified_time\" content=\"2026-01-31T23:58:37+00:00\" \/>\n<meta property=\"og:image\" content=\"https:\/\/storage.googleapis.com\/cz-shopatoa-img\/cz\/f053a88d-1_94699.jpg\" \/>\n\t<meta property=\"og:image:width\" content=\"600\" \/>\n\t<meta property=\"og:image:height\" content=\"600\" \/>\n\t<meta property=\"og:image:type\" content=\"image\/jpeg\" \/>\n<meta name=\"twitter:card\" content=\"summary_large_image\" \/>\n<meta name=\"twitter:label1\" content=\"Odhadovan\u00e1 doba \u010dten\u00ed\" \/>\n\t<meta name=\"twitter:data1\" content=\"1 minuta\" \/>\n<script type=\"application\/ld+json\" class=\"yoast-schema-graph\">{\"@context\":\"https:\\\/\\\/schema.org\",\"@graph\":[{\"@type\":\"WebPage\",\"@id\":\"https:\\\/\\\/shopatoa.com\\\/cz\\\/odpocivadlo-magic-cat-amsterdam-cerne-100cm\\\/\",\"url\":\"https:\\\/\\\/shopatoa.com\\\/cz\\\/odpocivadlo-magic-cat-amsterdam-cerne-100cm\\\/\",\"name\":\"Odpo\u010d\u00edvadlo Magic Cat Amsterdam \u010dern\u00e9 100cm - SHOPATOA.COM\",\"isPartOf\":{\"@id\":\"https:\\\/\\\/shopatoa.com\\\/cz\\\/#website\"},\"primaryImageOfPage\":{\"@id\":\"https:\\\/\\\/shopatoa.com\\\/cz\\\/odpocivadlo-magic-cat-amsterdam-cerne-100cm\\\/#primaryimage\"},\"image\":{\"@id\":\"https:\\\/\\\/shopatoa.com\\\/cz\\\/odpocivadlo-magic-cat-amsterdam-cerne-100cm\\\/#primaryimage\"},\"thumbnailUrl\":\"https:\\\/\\\/storage.googleapis.com\\\/cz-shopatoa-img\\\/cz\\\/f053a88d-1_94699.jpg\",\"datePublished\":\"2025-04-04T01:40:43+00:00\",\"dateModified\":\"2026-01-31T23:58:37+00:00\",\"breadcrumb\":{\"@id\":\"https:\\\/\\\/shopatoa.com\\\/cz\\\/odpocivadlo-magic-cat-amsterdam-cerne-100cm\\\/#breadcrumb\"},\"inLanguage\":\"cs\",\"potentialAction\":[{\"@type\":\"ReadAction\",\"target\":[\"https:\\\/\\\/shopatoa.com\\\/cz\\\/odpocivadlo-magic-cat-amsterdam-cerne-100cm\\\/\"]}]},{\"@type\":\"ImageObject\",\"inLanguage\":\"cs\",\"@id\":\"https:\\\/\\\/shopatoa.com\\\/cz\\\/odpocivadlo-magic-cat-amsterdam-cerne-100cm\\\/#primaryimage\",\"url\":\"https:\\\/\\\/storage.googleapis.com\\\/cz-shopatoa-img\\\/cz\\\/f053a88d-1_94699.jpg\",\"contentUrl\":\"https:\\\/\\\/storage.googleapis.com\\\/cz-shopatoa-img\\\/cz\\\/f053a88d-1_94699.jpg\",\"width\":600,\"height\":600},{\"@type\":\"BreadcrumbList\",\"@id\":\"https:\\\/\\\/shopatoa.com\\\/cz\\\/odpocivadlo-magic-cat-amsterdam-cerne-100cm\\\/#breadcrumb\",\"itemListElement\":[{\"@type\":\"ListItem\",\"position\":1,\"name\":\"Dom\u016f\",\"item\":\"https:\\\/\\\/shopatoa.com\\\/cz\\\/\"},{\"@type\":\"ListItem\",\"position\":2,\"name\":\"Produkty\",\"item\":\"https:\\\/\\\/shopatoa.com\\\/cz\\\/shop\\\/\"},{\"@type\":\"ListItem\",\"position\":3,\"name\":\"Chovatelsk\u00e9 pot\u0159eby\",\"item\":\"https:\\\/\\\/shopatoa.com\\\/cz\\\/chovatelske-potreby-2\\\/\"},{\"@type\":\"ListItem\",\"position\":4,\"name\":\"Pro ko\u010dky\",\"item\":\"https:\\\/\\\/shopatoa.com\\\/cz\\\/pro-kocky-chovatelske-potreby-2\\\/\"},{\"@type\":\"ListItem\",\"position\":5,\"name\":\"Odpo\u010d\u00edvadla a \u0161krabadla pro ko\u010dky\",\"item\":\"https:\\\/\\\/shopatoa.com\\\/cz\\\/odpocivadla-a-skrabadla-pro-kocky\\\/\"},{\"@type\":\"ListItem\",\"position\":6,\"name\":\"Odpo\u010d\u00edvadlo Magic Cat Amsterdam \u010dern\u00e9 100cm\"}]},{\"@type\":\"WebSite\",\"@id\":\"https:\\\/\\\/shopatoa.com\\\/cz\\\/#website\",\"url\":\"https:\\\/\\\/shopatoa.com\\\/cz\\\/\",\"name\":\"SHOPATOA\",\"description\":\"\",\"publisher\":{\"@id\":\"https:\\\/\\\/shopatoa.com\\\/cz\\\/#organization\"},\"potentialAction\":[{\"@type\":\"SearchAction\",\"target\":{\"@type\":\"EntryPoint\",\"urlTemplate\":\"https:\\\/\\\/shopatoa.com\\\/cz\\\/?s={search_term_string}\"},\"query-input\":{\"@type\":\"PropertyValueSpecification\",\"valueRequired\":true,\"valueName\":\"search_term_string\"}}],\"inLanguage\":\"cs\"},{\"@type\":\"Organization\",\"@id\":\"https:\\\/\\\/shopatoa.com\\\/cz\\\/#organization\",\"name\":\"SHOPATOA Digital s.r.o.\",\"url\":\"https:\\\/\\\/shopatoa.com\\\/cz\\\/\",\"logo\":{\"@type\":\"ImageObject\",\"inLanguage\":\"cs\",\"@id\":\"https:\\\/\\\/shopatoa.com\\\/cz\\\/#\\\/schema\\\/logo\\\/image\\\/\",\"url\":\"https:\\\/\\\/storage.googleapis.com\\\/cz-shopatoa-img\\\/cz\\\/ebccf434-shopatoa_logo.png\",\"contentUrl\":\"https:\\\/\\\/storage.googleapis.com\\\/cz-shopatoa-img\\\/cz\\\/ebccf434-shopatoa_logo.png\",\"width\":416,\"height\":63,\"caption\":\"SHOPATOA Digital s.r.o.\"},\"image\":{\"@id\":\"https:\\\/\\\/shopatoa.com\\\/cz\\\/#\\\/schema\\\/logo\\\/image\\\/\"}}]}<\/script>\n<!-- \/ Yoast SEO plugin. -->","yoast_head_json":{"title":"Odpo\u010d\u00edvadlo Magic Cat Amsterdam \u010dern\u00e9 100cm - SHOPATOA.COM","robots":{"index":"index","follow":"follow","max-snippet":"max-snippet:-1","max-image-preview":"max-image-preview:large","max-video-preview":"max-video-preview:-1"},"canonical":"https:\/\/shopatoa.com\/cz\/odpocivadlo-magic-cat-amsterdam-cerne-100cm\/","og_locale":"cs_CZ","og_type":"article","og_title":"Odpo\u010d\u00edvadlo Magic Cat Amsterdam \u010dern\u00e9 100cm - SHOPATOA.COM","og_description":"\u0160krabadlo Amsterdam je modern\u00ed \u0161krabadlo a odpo\u010d\u00edvadlo pro ko\u010dky, kter\u00e9 se hod\u00ed do jak\u00e9hokoliv interi\u00e9ru.\u200b Vhodn\u00e9 pro odpo\u010dinek, hran\u00ed \u010di brou\u0161en\u00ed dr\u00e1pk\u016f va\u0161\u00ed ko\u010dky. M\u00e1 dlouh\u00e1 vl\u00e1kna z fl\u00edsov\u00e9ho materi\u00e1lu p\u0159\u00edjemn\u00e1 na dotek.\u200b Z\u00e1v\u011bsn\u00e1 hra\u010dka pro atraktivitu \u0161krabadla\u200b. P\u011bnou zm\u011bk\u010den\u00e1 \u010d\u00e1st pro pohodln\u00e9 sezen\u00ed va\u0161\u00ed ko\u010dky.\u200b Sloupky jsou omotan\u00e9 kvalitn\u00edm jutov\u00fdm prov\u00e1zkem pro del\u0161\u00ed v\u00fddr\u017e...","og_url":"https:\/\/shopatoa.com\/cz\/odpocivadlo-magic-cat-amsterdam-cerne-100cm\/","og_site_name":"SHOPATOA","article_modified_time":"2026-01-31T23:58:37+00:00","og_image":[{"width":600,"height":600,"url":"https:\/\/storage.googleapis.com\/cz-shopatoa-img\/cz\/f053a88d-1_94699.jpg","type":"image\/jpeg"}],"twitter_card":"summary_large_image","twitter_misc":{"Odhadovan\u00e1 doba \u010dten\u00ed":"1 minuta"},"schema":{"@context":"https:\/\/schema.org","@graph":[{"@type":"WebPage","@id":"https:\/\/shopatoa.com\/cz\/odpocivadlo-magic-cat-amsterdam-cerne-100cm\/","url":"https:\/\/shopatoa.com\/cz\/odpocivadlo-magic-cat-amsterdam-cerne-100cm\/","name":"Odpo\u010d\u00edvadlo Magic Cat Amsterdam \u010dern\u00e9 100cm - SHOPATOA.COM","isPartOf":{"@id":"https:\/\/shopatoa.com\/cz\/#website"},"primaryImageOfPage":{"@id":"https:\/\/shopatoa.com\/cz\/odpocivadlo-magic-cat-amsterdam-cerne-100cm\/#primaryimage"},"image":{"@id":"https:\/\/shopatoa.com\/cz\/odpocivadlo-magic-cat-amsterdam-cerne-100cm\/#primaryimage"},"thumbnailUrl":"https:\/\/storage.googleapis.com\/cz-shopatoa-img\/cz\/f053a88d-1_94699.jpg","datePublished":"2025-04-04T01:40:43+00:00","dateModified":"2026-01-31T23:58:37+00:00","breadcrumb":{"@id":"https:\/\/shopatoa.com\/cz\/odpocivadlo-magic-cat-amsterdam-cerne-100cm\/#breadcrumb"},"inLanguage":"cs","potentialAction":[{"@type":"ReadAction","target":["https:\/\/shopatoa.com\/cz\/odpocivadlo-magic-cat-amsterdam-cerne-100cm\/"]}]},{"@type":"ImageObject","inLanguage":"cs","@id":"https:\/\/shopatoa.com\/cz\/odpocivadlo-magic-cat-amsterdam-cerne-100cm\/#primaryimage","url":"https:\/\/storage.googleapis.com\/cz-shopatoa-img\/cz\/f053a88d-1_94699.jpg","contentUrl":"https:\/\/storage.googleapis.com\/cz-shopatoa-img\/cz\/f053a88d-1_94699.jpg","width":600,"height":600},{"@type":"BreadcrumbList","@id":"https:\/\/shopatoa.com\/cz\/odpocivadlo-magic-cat-amsterdam-cerne-100cm\/#breadcrumb","itemListElement":[{"@type":"ListItem","position":1,"name":"Dom\u016f","item":"https:\/\/shopatoa.com\/cz\/"},{"@type":"ListItem","position":2,"name":"Produkty","item":"https:\/\/shopatoa.com\/cz\/shop\/"},{"@type":"ListItem","position":3,"name":"Chovatelsk\u00e9 pot\u0159eby","item":"https:\/\/shopatoa.com\/cz\/chovatelske-potreby-2\/"},{"@type":"ListItem","position":4,"name":"Pro ko\u010dky","item":"https:\/\/shopatoa.com\/cz\/pro-kocky-chovatelske-potreby-2\/"},{"@type":"ListItem","position":5,"name":"Odpo\u010d\u00edvadla a \u0161krabadla pro ko\u010dky","item":"https:\/\/shopatoa.com\/cz\/odpocivadla-a-skrabadla-pro-kocky\/"},{"@type":"ListItem","position":6,"name":"Odpo\u010d\u00edvadlo Magic Cat Amsterdam \u010dern\u00e9 100cm"}]},{"@type":"WebSite","@id":"https:\/\/shopatoa.com\/cz\/#website","url":"https:\/\/shopatoa.com\/cz\/","name":"SHOPATOA","description":"","publisher":{"@id":"https:\/\/shopatoa.com\/cz\/#organization"},"potentialAction":[{"@type":"SearchAction","target":{"@type":"EntryPoint","urlTemplate":"https:\/\/shopatoa.com\/cz\/?s={search_term_string}"},"query-input":{"@type":"PropertyValueSpecification","valueRequired":true,"valueName":"search_term_string"}}],"inLanguage":"cs"},{"@type":"Organization","@id":"https:\/\/shopatoa.com\/cz\/#organization","name":"SHOPATOA Digital s.r.o.","url":"https:\/\/shopatoa.com\/cz\/","logo":{"@type":"ImageObject","inLanguage":"cs","@id":"https:\/\/shopatoa.com\/cz\/#\/schema\/logo\/image\/","url":"https:\/\/storage.googleapis.com\/cz-shopatoa-img\/cz\/ebccf434-shopatoa_logo.png","contentUrl":"https:\/\/storage.googleapis.com\/cz-shopatoa-img\/cz\/ebccf434-shopatoa_logo.png","width":416,"height":63,"caption":"SHOPATOA Digital s.r.o."},"image":{"@id":"https:\/\/shopatoa.com\/cz\/#\/schema\/logo\/image\/"}}]}},"_links":{"self":[{"href":"https:\/\/shopatoa.com\/cz\/wp-json\/wp\/v2\/product\/256594","targetHints":{"allow":["GET"]}}],"collection":[{"href":"https:\/\/shopatoa.com\/cz\/wp-json\/wp\/v2\/product"}],"about":[{"href":"https:\/\/shopatoa.com\/cz\/wp-json\/wp\/v2\/types\/product"}],"replies":[{"embeddable":true,"href":"https:\/\/shopatoa.com\/cz\/wp-json\/wp\/v2\/comments?post=256594"}],"wp:featuredmedia":[{"embeddable":true,"href":"https:\/\/shopatoa.com\/cz\/wp-json\/wp\/v2\/media\/256595"}],"wp:attachment":[{"href":"https:\/\/shopatoa.com\/cz\/wp-json\/wp\/v2\/media?parent=256594"}],"wp:term":[{"taxonomy":"product_brand","embeddable":true,"href":"https:\/\/shopatoa.com\/cz\/wp-json\/wp\/v2\/product_brand?post=256594"},{"taxonomy":"product_cat","embeddable":true,"href":"https:\/\/shopatoa.com\/cz\/wp-json\/wp\/v2\/product_cat?post=256594"},{"taxonomy":"product_tag","embeddable":true,"href":"https:\/\/shopatoa.com\/cz\/wp-json\/wp\/v2\/product_tag?post=256594"}],"curies":[{"name":"wp","href":"https:\/\/api.w.org\/{rel}","templated":true}]}}