{"id":256660,"date":"2025-04-04T03:51:31","date_gmt":"2025-04-04T01:51:31","guid":{"rendered":"https:\/\/shopatoa.com\/cz\/?post_type=product&#038;p=256660"},"modified":"2026-02-04T04:51:59","modified_gmt":"2026-02-04T03:51:59","slug":"calibra-dog-expert-nutrition-neutered-7-kg","status":"publish","type":"product","link":"https:\/\/shopatoa.com\/cz\/calibra-dog-expert-nutrition-neutered-7-kg\/","title":{"rendered":"Calibra Dog Expert Nutrition Neutered 7 kg"},"content":{"rendered":"<p>Expertn\u00ed v\u00fd\u017eiva pro dosp\u011bl\u00e9 kastrovan\u00e9\/sterilizovan\u00e9 psy pro podporu optim\u00e1ln\u00ed kondice a vitality. Kompletn\u00ed hypoalergenn\u00ed krmivo\u00a0s m\u00edrn\u011b sn\u00ed\u017een\u00fdm mno\u017estv\u00edm kalori\u00ed je zalo\u017eeno\u00a0na vysok\u00e9m obsahu kvalitn\u00edch ku\u0159ec\u00edch protein\u016f a r\u00fd\u017ei, \u010d\u00edm\u017e je zaji\u0161t\u011bna p\u00e9\u010de o svalovou hmotu a celkovou\u00a0optim\u00e1ln\u00ed\u00a0kondici a vitalitu psa. Vybran\u00e1 aditiva nav\u00edc pom\u00e1haj\u00ed podporovat spr\u00e1vnou funkci vylu\u010dovac\u00edho syst\u00e9mu.\u00a0<\/p>\n<p>B\u00edlkoviny \u017eivo\u010di\u0161n\u00e9ho p\u016fvodu tvo\u0159\u00ed 85 % z celkov\u00e9ho obsahu b\u00edlkovin.\u00a0Receptury jsou sestaveny jako\u00a0monoproteinov\u00e9\u00a0&#8211; v\u017edy pouze jeden zdroj \u017eivo\u010di\u0161n\u00fdch b\u00edlkovin. Z obilovin je zastoupena pouze r\u00fd\u017ee.\u00a0<\/p>\n<p>Funkce hlavn\u00edch aditiv\u00a0<\/p>\n<p>\tVyv\u00e1\u017een\u00fd komplex miner\u00e1l\u016f\u00a0pro\u00a0spr\u00e1vnou\u00a0funkci\u00a0vylu\u010dovac\u00edho syst\u00e9mu.\u00a0<br \/>\n\tL-karnitin\u00a0na podporu vyu\u017eit\u00ed tuk\u016f jako zdroje energie pro organismus.<br \/>\n\tFulvokyselina\u00a0\u2013 p\u016fsob\u00ed antioxida\u010dn\u011b, m\u00e1 detoxika\u010dn\u00ed \u00fa\u010dinky, podporuje vst\u0159eb\u00e1v\u00e1n\u00ed \u017eivin, pom\u00e1h\u00e1 stabilizovat st\u0159evn\u00ed mikrofl\u00f3ru a m\u00e1 protiz\u00e1n\u011btliv\u00e9 \u00fa\u010dinky.<\/p>\n<p>Slo\u017een\u00ed<\/p>\n<p>ku\u0159ec\u00ed b\u00edlkoviny (40 %), r\u00fd\u017ee\u00a0(20 %), pivovarsk\u00e1&#8230;<\/p>\n","protected":false},"excerpt":{"rendered":"<p>Expertn\u00ed v\u00fd\u017eiva pro dosp\u011bl\u00e9 kastrovan\u00e9\/sterilizovan\u00e9 psy pro podporu optim\u00e1ln\u00ed kondice a vitality. Kompletn\u00ed hypoalergenn\u00ed krmivo\u00a0s m\u00edrn\u011b sn\u00ed\u017een\u00fdm mno\u017estv\u00edm kalori\u00ed je zalo\u017eeno\u00a0na vysok\u00e9m obsahu kvalitn\u00edch ku\u0159ec\u00edch protein\u016f a r\u00fd\u017ei, \u010d\u00edm\u017e je zaji\u0161t\u011bna p\u00e9\u010de o svalovou hmotu a celkovou\u00a0optim\u00e1ln\u00ed\u00a0kondici a vitalitu psa. Vybran\u00e1 aditiva nav\u00edc pom\u00e1haj\u00ed podporovat spr\u00e1vnou funkci vylu\u010dovac\u00edho syst\u00e9mu.\u00a0 B\u00edlkoviny \u017eivo\u010di\u0161n\u00e9ho p\u016fvodu tvo\u0159\u00ed 85 %&#8230;<\/p>\n","protected":false},"featured_media":256661,"comment_status":"closed","ping_status":"open","template":"","meta":{"_acf_changed":false,"_kadence_starter_templates_imported_post":false,"_kad_post_transparent":"","_kad_post_title":"","_kad_post_layout":"","_kad_post_sidebar_id":"","_kad_post_content_style":"","_kad_post_vertical_padding":"","_kad_post_feature":"","_kad_post_feature_position":"","_kad_post_header":false,"_kad_post_footer":false,"_kad_post_classname":""},"product_brand":[1789],"product_cat":[436,2569,2568,739],"product_tag":[],"class_list":{"0":"post-256660","1":"product","2":"type-product","3":"status-publish","4":"has-post-thumbnail","6":"product_brand-calibra","7":"product_cat-chovatelske-potreby-2","8":"product_cat-granule-pro-psy","9":"product_cat-krmivo-pro-psy-pro-psy-chovatelske-potreby-2","10":"product_cat-pro-psy-chovatelske-potreby-2","11":"pa_obchod-superzoo-cz","13":"first","14":"instock","15":"product-type-external","16":"entry","17":"content-bg","18":"loop-entry"},"acf":[],"yoast_head":"<!-- This site is optimized with the Yoast SEO plugin v27.4 - https:\/\/yoast.com\/product\/yoast-seo-wordpress\/ -->\n<title>Calibra Dog Expert Nutrition Neutered 7 kg - SHOPATOA.COM<\/title>\n<meta name=\"robots\" content=\"index, follow, max-snippet:-1, max-image-preview:large, max-video-preview:-1\" \/>\n<link rel=\"canonical\" href=\"https:\/\/shopatoa.com\/cz\/calibra-dog-expert-nutrition-neutered-7-kg\/\" \/>\n<meta property=\"og:locale\" content=\"cs_CZ\" \/>\n<meta property=\"og:type\" content=\"article\" \/>\n<meta property=\"og:title\" content=\"Calibra Dog Expert Nutrition Neutered 7 kg - SHOPATOA.COM\" \/>\n<meta property=\"og:description\" content=\"Expertn\u00ed v\u00fd\u017eiva pro dosp\u011bl\u00e9 kastrovan\u00e9\/sterilizovan\u00e9 psy pro podporu optim\u00e1ln\u00ed kondice a vitality. Kompletn\u00ed hypoalergenn\u00ed krmivo\u00a0s m\u00edrn\u011b sn\u00ed\u017een\u00fdm mno\u017estv\u00edm kalori\u00ed je zalo\u017eeno\u00a0na vysok\u00e9m obsahu kvalitn\u00edch ku\u0159ec\u00edch protein\u016f a r\u00fd\u017ei, \u010d\u00edm\u017e je zaji\u0161t\u011bna p\u00e9\u010de o svalovou hmotu a celkovou\u00a0optim\u00e1ln\u00ed\u00a0kondici a vitalitu psa. Vybran\u00e1 aditiva nav\u00edc pom\u00e1haj\u00ed podporovat spr\u00e1vnou funkci vylu\u010dovac\u00edho syst\u00e9mu.\u00a0 B\u00edlkoviny \u017eivo\u010di\u0161n\u00e9ho p\u016fvodu tvo\u0159\u00ed 85 %...\" \/>\n<meta property=\"og:url\" content=\"https:\/\/shopatoa.com\/cz\/calibra-dog-expert-nutrition-neutered-7-kg\/\" \/>\n<meta property=\"og:site_name\" content=\"SHOPATOA\" \/>\n<meta property=\"article:modified_time\" content=\"2026-02-04T03:51:59+00:00\" \/>\n<meta property=\"og:image\" content=\"https:\/\/storage.googleapis.com\/cz-shopatoa-img\/cz\/f5e6be8e-1_70833.jpg\" \/>\n\t<meta property=\"og:image:width\" content=\"600\" \/>\n\t<meta property=\"og:image:height\" content=\"600\" \/>\n\t<meta property=\"og:image:type\" content=\"image\/jpeg\" \/>\n<meta name=\"twitter:card\" content=\"summary_large_image\" \/>\n<meta name=\"twitter:label1\" content=\"Odhadovan\u00e1 doba \u010dten\u00ed\" \/>\n\t<meta name=\"twitter:data1\" content=\"1 minuta\" \/>\n<script type=\"application\/ld+json\" class=\"yoast-schema-graph\">{\"@context\":\"https:\\\/\\\/schema.org\",\"@graph\":[{\"@type\":\"WebPage\",\"@id\":\"https:\\\/\\\/shopatoa.com\\\/cz\\\/calibra-dog-expert-nutrition-neutered-7-kg\\\/\",\"url\":\"https:\\\/\\\/shopatoa.com\\\/cz\\\/calibra-dog-expert-nutrition-neutered-7-kg\\\/\",\"name\":\"Calibra Dog Expert Nutrition Neutered 7 kg - SHOPATOA.COM\",\"isPartOf\":{\"@id\":\"https:\\\/\\\/shopatoa.com\\\/cz\\\/#website\"},\"primaryImageOfPage\":{\"@id\":\"https:\\\/\\\/shopatoa.com\\\/cz\\\/calibra-dog-expert-nutrition-neutered-7-kg\\\/#primaryimage\"},\"image\":{\"@id\":\"https:\\\/\\\/shopatoa.com\\\/cz\\\/calibra-dog-expert-nutrition-neutered-7-kg\\\/#primaryimage\"},\"thumbnailUrl\":\"https:\\\/\\\/storage.googleapis.com\\\/cz-shopatoa-img\\\/cz\\\/f5e6be8e-1_70833.jpg\",\"datePublished\":\"2025-04-04T01:51:31+00:00\",\"dateModified\":\"2026-02-04T03:51:59+00:00\",\"breadcrumb\":{\"@id\":\"https:\\\/\\\/shopatoa.com\\\/cz\\\/calibra-dog-expert-nutrition-neutered-7-kg\\\/#breadcrumb\"},\"inLanguage\":\"cs\",\"potentialAction\":[{\"@type\":\"ReadAction\",\"target\":[\"https:\\\/\\\/shopatoa.com\\\/cz\\\/calibra-dog-expert-nutrition-neutered-7-kg\\\/\"]}]},{\"@type\":\"ImageObject\",\"inLanguage\":\"cs\",\"@id\":\"https:\\\/\\\/shopatoa.com\\\/cz\\\/calibra-dog-expert-nutrition-neutered-7-kg\\\/#primaryimage\",\"url\":\"https:\\\/\\\/storage.googleapis.com\\\/cz-shopatoa-img\\\/cz\\\/f5e6be8e-1_70833.jpg\",\"contentUrl\":\"https:\\\/\\\/storage.googleapis.com\\\/cz-shopatoa-img\\\/cz\\\/f5e6be8e-1_70833.jpg\",\"width\":600,\"height\":600},{\"@type\":\"BreadcrumbList\",\"@id\":\"https:\\\/\\\/shopatoa.com\\\/cz\\\/calibra-dog-expert-nutrition-neutered-7-kg\\\/#breadcrumb\",\"itemListElement\":[{\"@type\":\"ListItem\",\"position\":1,\"name\":\"Dom\u016f\",\"item\":\"https:\\\/\\\/shopatoa.com\\\/cz\\\/\"},{\"@type\":\"ListItem\",\"position\":2,\"name\":\"Produkty\",\"item\":\"https:\\\/\\\/shopatoa.com\\\/cz\\\/shop\\\/\"},{\"@type\":\"ListItem\",\"position\":3,\"name\":\"Chovatelsk\u00e9 pot\u0159eby\",\"item\":\"https:\\\/\\\/shopatoa.com\\\/cz\\\/chovatelske-potreby-2\\\/\"},{\"@type\":\"ListItem\",\"position\":4,\"name\":\"Pro psy\",\"item\":\"https:\\\/\\\/shopatoa.com\\\/cz\\\/pro-psy-chovatelske-potreby-2\\\/\"},{\"@type\":\"ListItem\",\"position\":5,\"name\":\"Krmivo pro psy\",\"item\":\"https:\\\/\\\/shopatoa.com\\\/cz\\\/krmivo-pro-psy-pro-psy-chovatelske-potreby-2\\\/\"},{\"@type\":\"ListItem\",\"position\":6,\"name\":\"Granule pro psy\",\"item\":\"https:\\\/\\\/shopatoa.com\\\/cz\\\/granule-pro-psy\\\/\"},{\"@type\":\"ListItem\",\"position\":7,\"name\":\"Calibra Dog Expert Nutrition Neutered 7 kg\"}]},{\"@type\":\"WebSite\",\"@id\":\"https:\\\/\\\/shopatoa.com\\\/cz\\\/#website\",\"url\":\"https:\\\/\\\/shopatoa.com\\\/cz\\\/\",\"name\":\"SHOPATOA\",\"description\":\"\",\"publisher\":{\"@id\":\"https:\\\/\\\/shopatoa.com\\\/cz\\\/#organization\"},\"potentialAction\":[{\"@type\":\"SearchAction\",\"target\":{\"@type\":\"EntryPoint\",\"urlTemplate\":\"https:\\\/\\\/shopatoa.com\\\/cz\\\/?s={search_term_string}\"},\"query-input\":{\"@type\":\"PropertyValueSpecification\",\"valueRequired\":true,\"valueName\":\"search_term_string\"}}],\"inLanguage\":\"cs\"},{\"@type\":\"Organization\",\"@id\":\"https:\\\/\\\/shopatoa.com\\\/cz\\\/#organization\",\"name\":\"SHOPATOA Digital s.r.o.\",\"url\":\"https:\\\/\\\/shopatoa.com\\\/cz\\\/\",\"logo\":{\"@type\":\"ImageObject\",\"inLanguage\":\"cs\",\"@id\":\"https:\\\/\\\/shopatoa.com\\\/cz\\\/#\\\/schema\\\/logo\\\/image\\\/\",\"url\":\"https:\\\/\\\/storage.googleapis.com\\\/cz-shopatoa-img\\\/cz\\\/ebccf434-shopatoa_logo.png\",\"contentUrl\":\"https:\\\/\\\/storage.googleapis.com\\\/cz-shopatoa-img\\\/cz\\\/ebccf434-shopatoa_logo.png\",\"width\":416,\"height\":63,\"caption\":\"SHOPATOA Digital s.r.o.\"},\"image\":{\"@id\":\"https:\\\/\\\/shopatoa.com\\\/cz\\\/#\\\/schema\\\/logo\\\/image\\\/\"}}]}<\/script>\n<!-- \/ Yoast SEO plugin. -->","yoast_head_json":{"title":"Calibra Dog Expert Nutrition Neutered 7 kg - SHOPATOA.COM","robots":{"index":"index","follow":"follow","max-snippet":"max-snippet:-1","max-image-preview":"max-image-preview:large","max-video-preview":"max-video-preview:-1"},"canonical":"https:\/\/shopatoa.com\/cz\/calibra-dog-expert-nutrition-neutered-7-kg\/","og_locale":"cs_CZ","og_type":"article","og_title":"Calibra Dog Expert Nutrition Neutered 7 kg - SHOPATOA.COM","og_description":"Expertn\u00ed v\u00fd\u017eiva pro dosp\u011bl\u00e9 kastrovan\u00e9\/sterilizovan\u00e9 psy pro podporu optim\u00e1ln\u00ed kondice a vitality. Kompletn\u00ed hypoalergenn\u00ed krmivo\u00a0s m\u00edrn\u011b sn\u00ed\u017een\u00fdm mno\u017estv\u00edm kalori\u00ed je zalo\u017eeno\u00a0na vysok\u00e9m obsahu kvalitn\u00edch ku\u0159ec\u00edch protein\u016f a r\u00fd\u017ei, \u010d\u00edm\u017e je zaji\u0161t\u011bna p\u00e9\u010de o svalovou hmotu a celkovou\u00a0optim\u00e1ln\u00ed\u00a0kondici a vitalitu psa. Vybran\u00e1 aditiva nav\u00edc pom\u00e1haj\u00ed podporovat spr\u00e1vnou funkci vylu\u010dovac\u00edho syst\u00e9mu.\u00a0 B\u00edlkoviny \u017eivo\u010di\u0161n\u00e9ho p\u016fvodu tvo\u0159\u00ed 85 %...","og_url":"https:\/\/shopatoa.com\/cz\/calibra-dog-expert-nutrition-neutered-7-kg\/","og_site_name":"SHOPATOA","article_modified_time":"2026-02-04T03:51:59+00:00","og_image":[{"width":600,"height":600,"url":"https:\/\/storage.googleapis.com\/cz-shopatoa-img\/cz\/f5e6be8e-1_70833.jpg","type":"image\/jpeg"}],"twitter_card":"summary_large_image","twitter_misc":{"Odhadovan\u00e1 doba \u010dten\u00ed":"1 minuta"},"schema":{"@context":"https:\/\/schema.org","@graph":[{"@type":"WebPage","@id":"https:\/\/shopatoa.com\/cz\/calibra-dog-expert-nutrition-neutered-7-kg\/","url":"https:\/\/shopatoa.com\/cz\/calibra-dog-expert-nutrition-neutered-7-kg\/","name":"Calibra Dog Expert Nutrition Neutered 7 kg - SHOPATOA.COM","isPartOf":{"@id":"https:\/\/shopatoa.com\/cz\/#website"},"primaryImageOfPage":{"@id":"https:\/\/shopatoa.com\/cz\/calibra-dog-expert-nutrition-neutered-7-kg\/#primaryimage"},"image":{"@id":"https:\/\/shopatoa.com\/cz\/calibra-dog-expert-nutrition-neutered-7-kg\/#primaryimage"},"thumbnailUrl":"https:\/\/storage.googleapis.com\/cz-shopatoa-img\/cz\/f5e6be8e-1_70833.jpg","datePublished":"2025-04-04T01:51:31+00:00","dateModified":"2026-02-04T03:51:59+00:00","breadcrumb":{"@id":"https:\/\/shopatoa.com\/cz\/calibra-dog-expert-nutrition-neutered-7-kg\/#breadcrumb"},"inLanguage":"cs","potentialAction":[{"@type":"ReadAction","target":["https:\/\/shopatoa.com\/cz\/calibra-dog-expert-nutrition-neutered-7-kg\/"]}]},{"@type":"ImageObject","inLanguage":"cs","@id":"https:\/\/shopatoa.com\/cz\/calibra-dog-expert-nutrition-neutered-7-kg\/#primaryimage","url":"https:\/\/storage.googleapis.com\/cz-shopatoa-img\/cz\/f5e6be8e-1_70833.jpg","contentUrl":"https:\/\/storage.googleapis.com\/cz-shopatoa-img\/cz\/f5e6be8e-1_70833.jpg","width":600,"height":600},{"@type":"BreadcrumbList","@id":"https:\/\/shopatoa.com\/cz\/calibra-dog-expert-nutrition-neutered-7-kg\/#breadcrumb","itemListElement":[{"@type":"ListItem","position":1,"name":"Dom\u016f","item":"https:\/\/shopatoa.com\/cz\/"},{"@type":"ListItem","position":2,"name":"Produkty","item":"https:\/\/shopatoa.com\/cz\/shop\/"},{"@type":"ListItem","position":3,"name":"Chovatelsk\u00e9 pot\u0159eby","item":"https:\/\/shopatoa.com\/cz\/chovatelske-potreby-2\/"},{"@type":"ListItem","position":4,"name":"Pro psy","item":"https:\/\/shopatoa.com\/cz\/pro-psy-chovatelske-potreby-2\/"},{"@type":"ListItem","position":5,"name":"Krmivo pro psy","item":"https:\/\/shopatoa.com\/cz\/krmivo-pro-psy-pro-psy-chovatelske-potreby-2\/"},{"@type":"ListItem","position":6,"name":"Granule pro psy","item":"https:\/\/shopatoa.com\/cz\/granule-pro-psy\/"},{"@type":"ListItem","position":7,"name":"Calibra Dog Expert Nutrition Neutered 7 kg"}]},{"@type":"WebSite","@id":"https:\/\/shopatoa.com\/cz\/#website","url":"https:\/\/shopatoa.com\/cz\/","name":"SHOPATOA","description":"","publisher":{"@id":"https:\/\/shopatoa.com\/cz\/#organization"},"potentialAction":[{"@type":"SearchAction","target":{"@type":"EntryPoint","urlTemplate":"https:\/\/shopatoa.com\/cz\/?s={search_term_string}"},"query-input":{"@type":"PropertyValueSpecification","valueRequired":true,"valueName":"search_term_string"}}],"inLanguage":"cs"},{"@type":"Organization","@id":"https:\/\/shopatoa.com\/cz\/#organization","name":"SHOPATOA Digital s.r.o.","url":"https:\/\/shopatoa.com\/cz\/","logo":{"@type":"ImageObject","inLanguage":"cs","@id":"https:\/\/shopatoa.com\/cz\/#\/schema\/logo\/image\/","url":"https:\/\/storage.googleapis.com\/cz-shopatoa-img\/cz\/ebccf434-shopatoa_logo.png","contentUrl":"https:\/\/storage.googleapis.com\/cz-shopatoa-img\/cz\/ebccf434-shopatoa_logo.png","width":416,"height":63,"caption":"SHOPATOA Digital s.r.o."},"image":{"@id":"https:\/\/shopatoa.com\/cz\/#\/schema\/logo\/image\/"}}]}},"_links":{"self":[{"href":"https:\/\/shopatoa.com\/cz\/wp-json\/wp\/v2\/product\/256660","targetHints":{"allow":["GET"]}}],"collection":[{"href":"https:\/\/shopatoa.com\/cz\/wp-json\/wp\/v2\/product"}],"about":[{"href":"https:\/\/shopatoa.com\/cz\/wp-json\/wp\/v2\/types\/product"}],"replies":[{"embeddable":true,"href":"https:\/\/shopatoa.com\/cz\/wp-json\/wp\/v2\/comments?post=256660"}],"wp:featuredmedia":[{"embeddable":true,"href":"https:\/\/shopatoa.com\/cz\/wp-json\/wp\/v2\/media\/256661"}],"wp:attachment":[{"href":"https:\/\/shopatoa.com\/cz\/wp-json\/wp\/v2\/media?parent=256660"}],"wp:term":[{"taxonomy":"product_brand","embeddable":true,"href":"https:\/\/shopatoa.com\/cz\/wp-json\/wp\/v2\/product_brand?post=256660"},{"taxonomy":"product_cat","embeddable":true,"href":"https:\/\/shopatoa.com\/cz\/wp-json\/wp\/v2\/product_cat?post=256660"},{"taxonomy":"product_tag","embeddable":true,"href":"https:\/\/shopatoa.com\/cz\/wp-json\/wp\/v2\/product_tag?post=256660"}],"curies":[{"name":"wp","href":"https:\/\/api.w.org\/{rel}","templated":true}]}}