{"id":259261,"date":"2025-04-11T14:56:07","date_gmt":"2025-04-11T12:56:07","guid":{"rendered":"https:\/\/shopatoa.com\/cz\/biotrue-ocni-kapky-10-ml\/"},"modified":"2026-02-02T00:01:03","modified_gmt":"2026-02-01T23:01:03","slug":"biotrue-ocni-kapky-10-ml","status":"publish","type":"product","link":"https:\/\/shopatoa.com\/cz\/biotrue-ocni-kapky-10-ml\/","title":{"rendered":"Biotrue O\u010dn\u00ed kapky 10 ml"},"content":{"rendered":"<p>O\u010dn\u00ed kapky Biotrue p\u0159in\u00e1\u0161ej\u00ed rychlou a dlouhotrvaj\u00edc\u00ed \u00falevu od p\u0159\u00edznak\u016f tzv. such\u00e9ho oka, jako jsou unaven\u00e9 a nam\u00e1han\u00e9 o\u010di, p\u00e1len\u00ed, slzen\u00ed nebo nep\u0159\u00edjemn\u00fd pocit ciz\u00edho t\u011blesa v oku.<\/p>\n","protected":false},"excerpt":{"rendered":"<p>O\u010dn\u00ed kapky Biotrue p\u0159in\u00e1\u0161ej\u00ed rychlou a dlouhotrvaj\u00edc\u00ed \u00falevu od p\u0159\u00edznak\u016f tzv. such\u00e9ho oka, jako jsou unaven\u00e9 a nam\u00e1han\u00e9 o\u010di, p\u00e1len\u00ed, slzen\u00ed nebo nep\u0159\u00edjemn\u00fd pocit ciz\u00edho t\u011blesa v oku.<\/p>\n","protected":false},"featured_media":259262,"comment_status":"closed","ping_status":"open","template":"","meta":{"_acf_changed":false,"_kadence_starter_templates_imported_post":false,"_kad_post_transparent":"","_kad_post_title":"","_kad_post_layout":"","_kad_post_sidebar_id":"","_kad_post_content_style":"","_kad_post_vertical_padding":"","_kad_post_feature":"","_kad_post_feature_position":"","_kad_post_header":false,"_kad_post_footer":false,"_kad_post_classname":""},"product_brand":[1811],"product_cat":[349,363,348],"product_tag":[],"class_list":{"0":"post-259261","1":"product","2":"type-product","3":"status-publish","4":"has-post-thumbnail","6":"product_brand-biotrue","7":"product_cat-leky-a-doplnky-stravy","8":"product_cat-volne-prodejne-leky","9":"product_cat-zdravi","11":"first","12":"instock","13":"product-type-external","14":"entry","15":"content-bg","16":"loop-entry"},"acf":[],"yoast_head":"<!-- This site is optimized with the Yoast SEO plugin v27.3 - https:\/\/yoast.com\/product\/yoast-seo-wordpress\/ -->\n<title>Biotrue O\u010dn\u00ed kapky 10 ml - SHOPATOA.COM<\/title>\n<meta name=\"robots\" content=\"index, follow, max-snippet:-1, max-image-preview:large, max-video-preview:-1\" \/>\n<link rel=\"canonical\" href=\"https:\/\/shopatoa.com\/cz\/biotrue-ocni-kapky-10-ml\/\" \/>\n<meta property=\"og:locale\" content=\"cs_CZ\" \/>\n<meta property=\"og:type\" content=\"article\" \/>\n<meta property=\"og:title\" content=\"Biotrue O\u010dn\u00ed kapky 10 ml - SHOPATOA.COM\" \/>\n<meta property=\"og:description\" content=\"O\u010dn\u00ed kapky Biotrue p\u0159in\u00e1\u0161ej\u00ed rychlou a dlouhotrvaj\u00edc\u00ed \u00falevu od p\u0159\u00edznak\u016f tzv. such\u00e9ho oka, jako jsou unaven\u00e9 a nam\u00e1han\u00e9 o\u010di, p\u00e1len\u00ed, slzen\u00ed nebo nep\u0159\u00edjemn\u00fd pocit ciz\u00edho t\u011blesa v oku.\" \/>\n<meta property=\"og:url\" content=\"https:\/\/shopatoa.com\/cz\/biotrue-ocni-kapky-10-ml\/\" \/>\n<meta property=\"og:site_name\" content=\"SHOPATOA\" \/>\n<meta property=\"article:modified_time\" content=\"2026-02-01T23:01:03+00:00\" \/>\n<meta property=\"og:image\" content=\"https:\/\/storage.googleapis.com\/cz-shopatoa-img\/cz\/9cf88d2b-4883535_biotrue_kapky_1.jpg\" \/>\n\t<meta property=\"og:image:width\" content=\"1200\" \/>\n\t<meta property=\"og:image:height\" content=\"1200\" \/>\n\t<meta property=\"og:image:type\" content=\"image\/jpeg\" \/>\n<meta name=\"twitter:card\" content=\"summary_large_image\" \/>\n<script type=\"application\/ld+json\" class=\"yoast-schema-graph\">{\"@context\":\"https:\\\/\\\/schema.org\",\"@graph\":[{\"@type\":\"WebPage\",\"@id\":\"https:\\\/\\\/shopatoa.com\\\/cz\\\/biotrue-ocni-kapky-10-ml\\\/\",\"url\":\"https:\\\/\\\/shopatoa.com\\\/cz\\\/biotrue-ocni-kapky-10-ml\\\/\",\"name\":\"Biotrue O\u010dn\u00ed kapky 10 ml - SHOPATOA.COM\",\"isPartOf\":{\"@id\":\"https:\\\/\\\/shopatoa.com\\\/cz\\\/#website\"},\"primaryImageOfPage\":{\"@id\":\"https:\\\/\\\/shopatoa.com\\\/cz\\\/biotrue-ocni-kapky-10-ml\\\/#primaryimage\"},\"image\":{\"@id\":\"https:\\\/\\\/shopatoa.com\\\/cz\\\/biotrue-ocni-kapky-10-ml\\\/#primaryimage\"},\"thumbnailUrl\":\"https:\\\/\\\/storage.googleapis.com\\\/cz-shopatoa-img\\\/cz\\\/9cf88d2b-4883535_biotrue_kapky_1.jpg\",\"datePublished\":\"2025-04-11T12:56:07+00:00\",\"dateModified\":\"2026-02-01T23:01:03+00:00\",\"breadcrumb\":{\"@id\":\"https:\\\/\\\/shopatoa.com\\\/cz\\\/biotrue-ocni-kapky-10-ml\\\/#breadcrumb\"},\"inLanguage\":\"cs\",\"potentialAction\":[{\"@type\":\"ReadAction\",\"target\":[\"https:\\\/\\\/shopatoa.com\\\/cz\\\/biotrue-ocni-kapky-10-ml\\\/\"]}]},{\"@type\":\"ImageObject\",\"inLanguage\":\"cs\",\"@id\":\"https:\\\/\\\/shopatoa.com\\\/cz\\\/biotrue-ocni-kapky-10-ml\\\/#primaryimage\",\"url\":\"https:\\\/\\\/storage.googleapis.com\\\/cz-shopatoa-img\\\/cz\\\/9cf88d2b-4883535_biotrue_kapky_1.jpg\",\"contentUrl\":\"https:\\\/\\\/storage.googleapis.com\\\/cz-shopatoa-img\\\/cz\\\/9cf88d2b-4883535_biotrue_kapky_1.jpg\",\"width\":1200,\"height\":1200},{\"@type\":\"BreadcrumbList\",\"@id\":\"https:\\\/\\\/shopatoa.com\\\/cz\\\/biotrue-ocni-kapky-10-ml\\\/#breadcrumb\",\"itemListElement\":[{\"@type\":\"ListItem\",\"position\":1,\"name\":\"Dom\u016f\",\"item\":\"https:\\\/\\\/shopatoa.com\\\/cz\\\/\"},{\"@type\":\"ListItem\",\"position\":2,\"name\":\"Produkty\",\"item\":\"https:\\\/\\\/shopatoa.com\\\/cz\\\/shop\\\/\"},{\"@type\":\"ListItem\",\"position\":3,\"name\":\"Zdrav\u00ed\",\"item\":\"https:\\\/\\\/shopatoa.com\\\/cz\\\/zdravi\\\/\"},{\"@type\":\"ListItem\",\"position\":4,\"name\":\"L\u00e9ky a dopl\u0148ky stravy\",\"item\":\"https:\\\/\\\/shopatoa.com\\\/cz\\\/leky-a-doplnky-stravy\\\/\"},{\"@type\":\"ListItem\",\"position\":5,\"name\":\"Voln\u011b prodejn\u00e9 l\u00e9ky\",\"item\":\"https:\\\/\\\/shopatoa.com\\\/cz\\\/volne-prodejne-leky\\\/\"},{\"@type\":\"ListItem\",\"position\":6,\"name\":\"Biotrue O\u010dn\u00ed kapky 10 ml\"}]},{\"@type\":\"WebSite\",\"@id\":\"https:\\\/\\\/shopatoa.com\\\/cz\\\/#website\",\"url\":\"https:\\\/\\\/shopatoa.com\\\/cz\\\/\",\"name\":\"SHOPATOA\",\"description\":\"\",\"publisher\":{\"@id\":\"https:\\\/\\\/shopatoa.com\\\/cz\\\/#organization\"},\"potentialAction\":[{\"@type\":\"SearchAction\",\"target\":{\"@type\":\"EntryPoint\",\"urlTemplate\":\"https:\\\/\\\/shopatoa.com\\\/cz\\\/?s={search_term_string}\"},\"query-input\":{\"@type\":\"PropertyValueSpecification\",\"valueRequired\":true,\"valueName\":\"search_term_string\"}}],\"inLanguage\":\"cs\"},{\"@type\":\"Organization\",\"@id\":\"https:\\\/\\\/shopatoa.com\\\/cz\\\/#organization\",\"name\":\"SHOPATOA Digital s.r.o.\",\"url\":\"https:\\\/\\\/shopatoa.com\\\/cz\\\/\",\"logo\":{\"@type\":\"ImageObject\",\"inLanguage\":\"cs\",\"@id\":\"https:\\\/\\\/shopatoa.com\\\/cz\\\/#\\\/schema\\\/logo\\\/image\\\/\",\"url\":\"https:\\\/\\\/storage.googleapis.com\\\/cz-shopatoa-img\\\/cz\\\/ebccf434-shopatoa_logo.png\",\"contentUrl\":\"https:\\\/\\\/storage.googleapis.com\\\/cz-shopatoa-img\\\/cz\\\/ebccf434-shopatoa_logo.png\",\"width\":416,\"height\":63,\"caption\":\"SHOPATOA Digital s.r.o.\"},\"image\":{\"@id\":\"https:\\\/\\\/shopatoa.com\\\/cz\\\/#\\\/schema\\\/logo\\\/image\\\/\"}}]}<\/script>\n<!-- \/ Yoast SEO plugin. -->","yoast_head_json":{"title":"Biotrue O\u010dn\u00ed kapky 10 ml - SHOPATOA.COM","robots":{"index":"index","follow":"follow","max-snippet":"max-snippet:-1","max-image-preview":"max-image-preview:large","max-video-preview":"max-video-preview:-1"},"canonical":"https:\/\/shopatoa.com\/cz\/biotrue-ocni-kapky-10-ml\/","og_locale":"cs_CZ","og_type":"article","og_title":"Biotrue O\u010dn\u00ed kapky 10 ml - SHOPATOA.COM","og_description":"O\u010dn\u00ed kapky Biotrue p\u0159in\u00e1\u0161ej\u00ed rychlou a dlouhotrvaj\u00edc\u00ed \u00falevu od p\u0159\u00edznak\u016f tzv. such\u00e9ho oka, jako jsou unaven\u00e9 a nam\u00e1han\u00e9 o\u010di, p\u00e1len\u00ed, slzen\u00ed nebo nep\u0159\u00edjemn\u00fd pocit ciz\u00edho t\u011blesa v oku.","og_url":"https:\/\/shopatoa.com\/cz\/biotrue-ocni-kapky-10-ml\/","og_site_name":"SHOPATOA","article_modified_time":"2026-02-01T23:01:03+00:00","og_image":[{"width":1200,"height":1200,"url":"https:\/\/storage.googleapis.com\/cz-shopatoa-img\/cz\/9cf88d2b-4883535_biotrue_kapky_1.jpg","type":"image\/jpeg"}],"twitter_card":"summary_large_image","schema":{"@context":"https:\/\/schema.org","@graph":[{"@type":"WebPage","@id":"https:\/\/shopatoa.com\/cz\/biotrue-ocni-kapky-10-ml\/","url":"https:\/\/shopatoa.com\/cz\/biotrue-ocni-kapky-10-ml\/","name":"Biotrue O\u010dn\u00ed kapky 10 ml - SHOPATOA.COM","isPartOf":{"@id":"https:\/\/shopatoa.com\/cz\/#website"},"primaryImageOfPage":{"@id":"https:\/\/shopatoa.com\/cz\/biotrue-ocni-kapky-10-ml\/#primaryimage"},"image":{"@id":"https:\/\/shopatoa.com\/cz\/biotrue-ocni-kapky-10-ml\/#primaryimage"},"thumbnailUrl":"https:\/\/storage.googleapis.com\/cz-shopatoa-img\/cz\/9cf88d2b-4883535_biotrue_kapky_1.jpg","datePublished":"2025-04-11T12:56:07+00:00","dateModified":"2026-02-01T23:01:03+00:00","breadcrumb":{"@id":"https:\/\/shopatoa.com\/cz\/biotrue-ocni-kapky-10-ml\/#breadcrumb"},"inLanguage":"cs","potentialAction":[{"@type":"ReadAction","target":["https:\/\/shopatoa.com\/cz\/biotrue-ocni-kapky-10-ml\/"]}]},{"@type":"ImageObject","inLanguage":"cs","@id":"https:\/\/shopatoa.com\/cz\/biotrue-ocni-kapky-10-ml\/#primaryimage","url":"https:\/\/storage.googleapis.com\/cz-shopatoa-img\/cz\/9cf88d2b-4883535_biotrue_kapky_1.jpg","contentUrl":"https:\/\/storage.googleapis.com\/cz-shopatoa-img\/cz\/9cf88d2b-4883535_biotrue_kapky_1.jpg","width":1200,"height":1200},{"@type":"BreadcrumbList","@id":"https:\/\/shopatoa.com\/cz\/biotrue-ocni-kapky-10-ml\/#breadcrumb","itemListElement":[{"@type":"ListItem","position":1,"name":"Dom\u016f","item":"https:\/\/shopatoa.com\/cz\/"},{"@type":"ListItem","position":2,"name":"Produkty","item":"https:\/\/shopatoa.com\/cz\/shop\/"},{"@type":"ListItem","position":3,"name":"Zdrav\u00ed","item":"https:\/\/shopatoa.com\/cz\/zdravi\/"},{"@type":"ListItem","position":4,"name":"L\u00e9ky a dopl\u0148ky stravy","item":"https:\/\/shopatoa.com\/cz\/leky-a-doplnky-stravy\/"},{"@type":"ListItem","position":5,"name":"Voln\u011b prodejn\u00e9 l\u00e9ky","item":"https:\/\/shopatoa.com\/cz\/volne-prodejne-leky\/"},{"@type":"ListItem","position":6,"name":"Biotrue O\u010dn\u00ed kapky 10 ml"}]},{"@type":"WebSite","@id":"https:\/\/shopatoa.com\/cz\/#website","url":"https:\/\/shopatoa.com\/cz\/","name":"SHOPATOA","description":"","publisher":{"@id":"https:\/\/shopatoa.com\/cz\/#organization"},"potentialAction":[{"@type":"SearchAction","target":{"@type":"EntryPoint","urlTemplate":"https:\/\/shopatoa.com\/cz\/?s={search_term_string}"},"query-input":{"@type":"PropertyValueSpecification","valueRequired":true,"valueName":"search_term_string"}}],"inLanguage":"cs"},{"@type":"Organization","@id":"https:\/\/shopatoa.com\/cz\/#organization","name":"SHOPATOA Digital s.r.o.","url":"https:\/\/shopatoa.com\/cz\/","logo":{"@type":"ImageObject","inLanguage":"cs","@id":"https:\/\/shopatoa.com\/cz\/#\/schema\/logo\/image\/","url":"https:\/\/storage.googleapis.com\/cz-shopatoa-img\/cz\/ebccf434-shopatoa_logo.png","contentUrl":"https:\/\/storage.googleapis.com\/cz-shopatoa-img\/cz\/ebccf434-shopatoa_logo.png","width":416,"height":63,"caption":"SHOPATOA Digital s.r.o."},"image":{"@id":"https:\/\/shopatoa.com\/cz\/#\/schema\/logo\/image\/"}}]}},"_links":{"self":[{"href":"https:\/\/shopatoa.com\/cz\/wp-json\/wp\/v2\/product\/259261","targetHints":{"allow":["GET"]}}],"collection":[{"href":"https:\/\/shopatoa.com\/cz\/wp-json\/wp\/v2\/product"}],"about":[{"href":"https:\/\/shopatoa.com\/cz\/wp-json\/wp\/v2\/types\/product"}],"replies":[{"embeddable":true,"href":"https:\/\/shopatoa.com\/cz\/wp-json\/wp\/v2\/comments?post=259261"}],"wp:featuredmedia":[{"embeddable":true,"href":"https:\/\/shopatoa.com\/cz\/wp-json\/wp\/v2\/media\/259262"}],"wp:attachment":[{"href":"https:\/\/shopatoa.com\/cz\/wp-json\/wp\/v2\/media?parent=259261"}],"wp:term":[{"taxonomy":"product_brand","embeddable":true,"href":"https:\/\/shopatoa.com\/cz\/wp-json\/wp\/v2\/product_brand?post=259261"},{"taxonomy":"product_cat","embeddable":true,"href":"https:\/\/shopatoa.com\/cz\/wp-json\/wp\/v2\/product_cat?post=259261"},{"taxonomy":"product_tag","embeddable":true,"href":"https:\/\/shopatoa.com\/cz\/wp-json\/wp\/v2\/product_tag?post=259261"}],"curies":[{"name":"wp","href":"https:\/\/api.w.org\/{rel}","templated":true}]}}