{"id":259647,"date":"2025-04-11T16:16:52","date_gmt":"2025-04-11T14:16:52","guid":{"rendered":"https:\/\/shopatoa.com\/cz\/alpro-barista-mandlovy-napoj-750-ml\/"},"modified":"2026-02-02T11:59:54","modified_gmt":"2026-02-02T10:59:54","slug":"alpro-barista-mandlovy-napoj-750-ml","status":"publish","type":"product","link":"https:\/\/shopatoa.com\/cz\/alpro-barista-mandlovy-napoj-750-ml\/","title":{"rendered":"Alpro Barista Mandlov\u00fd n\u00e1poj 750 ml"},"content":{"rendered":"<p>Alpro Barista Mandlov\u00fd n\u00e1poj je ide\u00e1ln\u00ed k p\u0159\u00edprav\u011b latt\u00e9 art nebo p\u011bny na capuccino! M\u00e1 v\u00fdte\u010dnou chu\u0165 a bohatou kr\u00e9movou texturu, a\u0165 u\u017e v hork\u00e9 nebo ledov\u00e9 variant\u011b.<\/p>\n","protected":false},"excerpt":{"rendered":"<p>Alpro Barista Mandlov\u00fd n\u00e1poj je ide\u00e1ln\u00ed k p\u0159\u00edprav\u011b latt\u00e9 art nebo p\u011bny na capuccino! M\u00e1 v\u00fdte\u010dnou chu\u0165 a bohatou kr\u00e9movou texturu, a\u0165 u\u017e v hork\u00e9 nebo ledov\u00e9 variant\u011b.<\/p>\n","protected":false},"featured_media":259648,"comment_status":"closed","ping_status":"open","template":"","meta":{"_acf_changed":false,"_kadence_starter_templates_imported_post":false,"_kad_post_transparent":"","_kad_post_title":"","_kad_post_layout":"","_kad_post_sidebar_id":"","_kad_post_content_style":"","_kad_post_vertical_padding":"","_kad_post_feature":"","_kad_post_feature_position":"","_kad_post_header":false,"_kad_post_footer":false,"_kad_post_classname":""},"product_brand":[1685],"product_cat":[15],"product_tag":[],"class_list":{"0":"post-259647","1":"product","2":"type-product","3":"status-publish","4":"has-post-thumbnail","6":"product_brand-alpro","7":"product_cat-uncategorized","9":"first","10":"instock","11":"sale","12":"product-type-external","13":"entry","14":"content-bg","15":"loop-entry"},"acf":[],"yoast_head":"<!-- This site is optimized with the Yoast SEO plugin v27.4 - https:\/\/yoast.com\/product\/yoast-seo-wordpress\/ -->\n<title>Alpro Barista Mandlov\u00fd n\u00e1poj 750 ml - SHOPATOA.COM<\/title>\n<meta name=\"robots\" content=\"index, follow, max-snippet:-1, max-image-preview:large, max-video-preview:-1\" \/>\n<link rel=\"canonical\" href=\"https:\/\/shopatoa.com\/cz\/alpro-barista-mandlovy-napoj-750-ml\/\" \/>\n<meta property=\"og:locale\" content=\"cs_CZ\" \/>\n<meta property=\"og:type\" content=\"article\" \/>\n<meta property=\"og:title\" content=\"Alpro Barista Mandlov\u00fd n\u00e1poj 750 ml - SHOPATOA.COM\" \/>\n<meta property=\"og:description\" content=\"Alpro Barista Mandlov\u00fd n\u00e1poj je ide\u00e1ln\u00ed k p\u0159\u00edprav\u011b latt\u00e9 art nebo p\u011bny na capuccino! M\u00e1 v\u00fdte\u010dnou chu\u0165 a bohatou kr\u00e9movou texturu, a\u0165 u\u017e v hork\u00e9 nebo ledov\u00e9 variant\u011b.\" \/>\n<meta property=\"og:url\" content=\"https:\/\/shopatoa.com\/cz\/alpro-barista-mandlovy-napoj-750-ml\/\" \/>\n<meta property=\"og:site_name\" content=\"SHOPATOA\" \/>\n<meta property=\"article:modified_time\" content=\"2026-02-02T10:59:54+00:00\" \/>\n<meta property=\"og:image\" content=\"https:\/\/storage.googleapis.com\/cz-shopatoa-img\/cz\/c316c98c-54111881394093.jpg\" \/>\n\t<meta property=\"og:image:width\" content=\"604\" \/>\n\t<meta property=\"og:image:height\" content=\"1200\" \/>\n\t<meta property=\"og:image:type\" content=\"image\/jpeg\" \/>\n<meta name=\"twitter:card\" content=\"summary_large_image\" \/>\n<script type=\"application\/ld+json\" class=\"yoast-schema-graph\">{\"@context\":\"https:\\\/\\\/schema.org\",\"@graph\":[{\"@type\":\"WebPage\",\"@id\":\"https:\\\/\\\/shopatoa.com\\\/cz\\\/alpro-barista-mandlovy-napoj-750-ml\\\/\",\"url\":\"https:\\\/\\\/shopatoa.com\\\/cz\\\/alpro-barista-mandlovy-napoj-750-ml\\\/\",\"name\":\"Alpro Barista Mandlov\u00fd n\u00e1poj 750 ml - SHOPATOA.COM\",\"isPartOf\":{\"@id\":\"https:\\\/\\\/shopatoa.com\\\/cz\\\/#website\"},\"primaryImageOfPage\":{\"@id\":\"https:\\\/\\\/shopatoa.com\\\/cz\\\/alpro-barista-mandlovy-napoj-750-ml\\\/#primaryimage\"},\"image\":{\"@id\":\"https:\\\/\\\/shopatoa.com\\\/cz\\\/alpro-barista-mandlovy-napoj-750-ml\\\/#primaryimage\"},\"thumbnailUrl\":\"https:\\\/\\\/storage.googleapis.com\\\/cz-shopatoa-img\\\/cz\\\/c316c98c-54111881394093.jpg\",\"datePublished\":\"2025-04-11T14:16:52+00:00\",\"dateModified\":\"2026-02-02T10:59:54+00:00\",\"breadcrumb\":{\"@id\":\"https:\\\/\\\/shopatoa.com\\\/cz\\\/alpro-barista-mandlovy-napoj-750-ml\\\/#breadcrumb\"},\"inLanguage\":\"cs\",\"potentialAction\":[{\"@type\":\"ReadAction\",\"target\":[\"https:\\\/\\\/shopatoa.com\\\/cz\\\/alpro-barista-mandlovy-napoj-750-ml\\\/\"]}]},{\"@type\":\"ImageObject\",\"inLanguage\":\"cs\",\"@id\":\"https:\\\/\\\/shopatoa.com\\\/cz\\\/alpro-barista-mandlovy-napoj-750-ml\\\/#primaryimage\",\"url\":\"https:\\\/\\\/storage.googleapis.com\\\/cz-shopatoa-img\\\/cz\\\/c316c98c-54111881394093.jpg\",\"contentUrl\":\"https:\\\/\\\/storage.googleapis.com\\\/cz-shopatoa-img\\\/cz\\\/c316c98c-54111881394093.jpg\",\"width\":604,\"height\":1200},{\"@type\":\"BreadcrumbList\",\"@id\":\"https:\\\/\\\/shopatoa.com\\\/cz\\\/alpro-barista-mandlovy-napoj-750-ml\\\/#breadcrumb\",\"itemListElement\":[{\"@type\":\"ListItem\",\"position\":1,\"name\":\"Dom\u016f\",\"item\":\"https:\\\/\\\/shopatoa.com\\\/cz\\\/\"},{\"@type\":\"ListItem\",\"position\":2,\"name\":\"Produkty\",\"item\":\"https:\\\/\\\/shopatoa.com\\\/cz\\\/shop\\\/\"},{\"@type\":\"ListItem\",\"position\":3,\"name\":\"Uncategorized\",\"item\":\"https:\\\/\\\/shopatoa.com\\\/cz\\\/uncategorized\\\/\"},{\"@type\":\"ListItem\",\"position\":4,\"name\":\"Alpro Barista Mandlov\u00fd n\u00e1poj 750 ml\"}]},{\"@type\":\"WebSite\",\"@id\":\"https:\\\/\\\/shopatoa.com\\\/cz\\\/#website\",\"url\":\"https:\\\/\\\/shopatoa.com\\\/cz\\\/\",\"name\":\"SHOPATOA\",\"description\":\"\",\"publisher\":{\"@id\":\"https:\\\/\\\/shopatoa.com\\\/cz\\\/#organization\"},\"potentialAction\":[{\"@type\":\"SearchAction\",\"target\":{\"@type\":\"EntryPoint\",\"urlTemplate\":\"https:\\\/\\\/shopatoa.com\\\/cz\\\/?s={search_term_string}\"},\"query-input\":{\"@type\":\"PropertyValueSpecification\",\"valueRequired\":true,\"valueName\":\"search_term_string\"}}],\"inLanguage\":\"cs\"},{\"@type\":\"Organization\",\"@id\":\"https:\\\/\\\/shopatoa.com\\\/cz\\\/#organization\",\"name\":\"SHOPATOA Digital s.r.o.\",\"url\":\"https:\\\/\\\/shopatoa.com\\\/cz\\\/\",\"logo\":{\"@type\":\"ImageObject\",\"inLanguage\":\"cs\",\"@id\":\"https:\\\/\\\/shopatoa.com\\\/cz\\\/#\\\/schema\\\/logo\\\/image\\\/\",\"url\":\"https:\\\/\\\/storage.googleapis.com\\\/cz-shopatoa-img\\\/cz\\\/ebccf434-shopatoa_logo.png\",\"contentUrl\":\"https:\\\/\\\/storage.googleapis.com\\\/cz-shopatoa-img\\\/cz\\\/ebccf434-shopatoa_logo.png\",\"width\":416,\"height\":63,\"caption\":\"SHOPATOA Digital s.r.o.\"},\"image\":{\"@id\":\"https:\\\/\\\/shopatoa.com\\\/cz\\\/#\\\/schema\\\/logo\\\/image\\\/\"}}]}<\/script>\n<!-- \/ Yoast SEO plugin. -->","yoast_head_json":{"title":"Alpro Barista Mandlov\u00fd n\u00e1poj 750 ml - SHOPATOA.COM","robots":{"index":"index","follow":"follow","max-snippet":"max-snippet:-1","max-image-preview":"max-image-preview:large","max-video-preview":"max-video-preview:-1"},"canonical":"https:\/\/shopatoa.com\/cz\/alpro-barista-mandlovy-napoj-750-ml\/","og_locale":"cs_CZ","og_type":"article","og_title":"Alpro Barista Mandlov\u00fd n\u00e1poj 750 ml - SHOPATOA.COM","og_description":"Alpro Barista Mandlov\u00fd n\u00e1poj je ide\u00e1ln\u00ed k p\u0159\u00edprav\u011b latt\u00e9 art nebo p\u011bny na capuccino! M\u00e1 v\u00fdte\u010dnou chu\u0165 a bohatou kr\u00e9movou texturu, a\u0165 u\u017e v hork\u00e9 nebo ledov\u00e9 variant\u011b.","og_url":"https:\/\/shopatoa.com\/cz\/alpro-barista-mandlovy-napoj-750-ml\/","og_site_name":"SHOPATOA","article_modified_time":"2026-02-02T10:59:54+00:00","og_image":[{"width":604,"height":1200,"url":"https:\/\/storage.googleapis.com\/cz-shopatoa-img\/cz\/c316c98c-54111881394093.jpg","type":"image\/jpeg"}],"twitter_card":"summary_large_image","schema":{"@context":"https:\/\/schema.org","@graph":[{"@type":"WebPage","@id":"https:\/\/shopatoa.com\/cz\/alpro-barista-mandlovy-napoj-750-ml\/","url":"https:\/\/shopatoa.com\/cz\/alpro-barista-mandlovy-napoj-750-ml\/","name":"Alpro Barista Mandlov\u00fd n\u00e1poj 750 ml - SHOPATOA.COM","isPartOf":{"@id":"https:\/\/shopatoa.com\/cz\/#website"},"primaryImageOfPage":{"@id":"https:\/\/shopatoa.com\/cz\/alpro-barista-mandlovy-napoj-750-ml\/#primaryimage"},"image":{"@id":"https:\/\/shopatoa.com\/cz\/alpro-barista-mandlovy-napoj-750-ml\/#primaryimage"},"thumbnailUrl":"https:\/\/storage.googleapis.com\/cz-shopatoa-img\/cz\/c316c98c-54111881394093.jpg","datePublished":"2025-04-11T14:16:52+00:00","dateModified":"2026-02-02T10:59:54+00:00","breadcrumb":{"@id":"https:\/\/shopatoa.com\/cz\/alpro-barista-mandlovy-napoj-750-ml\/#breadcrumb"},"inLanguage":"cs","potentialAction":[{"@type":"ReadAction","target":["https:\/\/shopatoa.com\/cz\/alpro-barista-mandlovy-napoj-750-ml\/"]}]},{"@type":"ImageObject","inLanguage":"cs","@id":"https:\/\/shopatoa.com\/cz\/alpro-barista-mandlovy-napoj-750-ml\/#primaryimage","url":"https:\/\/storage.googleapis.com\/cz-shopatoa-img\/cz\/c316c98c-54111881394093.jpg","contentUrl":"https:\/\/storage.googleapis.com\/cz-shopatoa-img\/cz\/c316c98c-54111881394093.jpg","width":604,"height":1200},{"@type":"BreadcrumbList","@id":"https:\/\/shopatoa.com\/cz\/alpro-barista-mandlovy-napoj-750-ml\/#breadcrumb","itemListElement":[{"@type":"ListItem","position":1,"name":"Dom\u016f","item":"https:\/\/shopatoa.com\/cz\/"},{"@type":"ListItem","position":2,"name":"Produkty","item":"https:\/\/shopatoa.com\/cz\/shop\/"},{"@type":"ListItem","position":3,"name":"Uncategorized","item":"https:\/\/shopatoa.com\/cz\/uncategorized\/"},{"@type":"ListItem","position":4,"name":"Alpro Barista Mandlov\u00fd n\u00e1poj 750 ml"}]},{"@type":"WebSite","@id":"https:\/\/shopatoa.com\/cz\/#website","url":"https:\/\/shopatoa.com\/cz\/","name":"SHOPATOA","description":"","publisher":{"@id":"https:\/\/shopatoa.com\/cz\/#organization"},"potentialAction":[{"@type":"SearchAction","target":{"@type":"EntryPoint","urlTemplate":"https:\/\/shopatoa.com\/cz\/?s={search_term_string}"},"query-input":{"@type":"PropertyValueSpecification","valueRequired":true,"valueName":"search_term_string"}}],"inLanguage":"cs"},{"@type":"Organization","@id":"https:\/\/shopatoa.com\/cz\/#organization","name":"SHOPATOA Digital s.r.o.","url":"https:\/\/shopatoa.com\/cz\/","logo":{"@type":"ImageObject","inLanguage":"cs","@id":"https:\/\/shopatoa.com\/cz\/#\/schema\/logo\/image\/","url":"https:\/\/storage.googleapis.com\/cz-shopatoa-img\/cz\/ebccf434-shopatoa_logo.png","contentUrl":"https:\/\/storage.googleapis.com\/cz-shopatoa-img\/cz\/ebccf434-shopatoa_logo.png","width":416,"height":63,"caption":"SHOPATOA Digital s.r.o."},"image":{"@id":"https:\/\/shopatoa.com\/cz\/#\/schema\/logo\/image\/"}}]}},"_links":{"self":[{"href":"https:\/\/shopatoa.com\/cz\/wp-json\/wp\/v2\/product\/259647","targetHints":{"allow":["GET"]}}],"collection":[{"href":"https:\/\/shopatoa.com\/cz\/wp-json\/wp\/v2\/product"}],"about":[{"href":"https:\/\/shopatoa.com\/cz\/wp-json\/wp\/v2\/types\/product"}],"replies":[{"embeddable":true,"href":"https:\/\/shopatoa.com\/cz\/wp-json\/wp\/v2\/comments?post=259647"}],"wp:featuredmedia":[{"embeddable":true,"href":"https:\/\/shopatoa.com\/cz\/wp-json\/wp\/v2\/media\/259648"}],"wp:attachment":[{"href":"https:\/\/shopatoa.com\/cz\/wp-json\/wp\/v2\/media?parent=259647"}],"wp:term":[{"taxonomy":"product_brand","embeddable":true,"href":"https:\/\/shopatoa.com\/cz\/wp-json\/wp\/v2\/product_brand?post=259647"},{"taxonomy":"product_cat","embeddable":true,"href":"https:\/\/shopatoa.com\/cz\/wp-json\/wp\/v2\/product_cat?post=259647"},{"taxonomy":"product_tag","embeddable":true,"href":"https:\/\/shopatoa.com\/cz\/wp-json\/wp\/v2\/product_tag?post=259647"}],"curies":[{"name":"wp","href":"https:\/\/api.w.org\/{rel}","templated":true}]}}