{"id":263757,"date":"2025-04-12T07:16:40","date_gmt":"2025-04-12T05:16:40","guid":{"rendered":"https:\/\/shopatoa.com\/cz\/kolatch-tuba-dezert-slany-karamel-45-g\/"},"modified":"2026-01-29T09:30:36","modified_gmt":"2026-01-29T08:30:36","slug":"kolatch-tuba-dezert-slany-karamel-45-g","status":"publish","type":"product","link":"https:\/\/shopatoa.com\/cz\/kolatch-tuba-dezert-slany-karamel-45-g\/","title":{"rendered":"Kolatch Tuba Dezert Slan\u00fd karamel 45 g"},"content":{"rendered":"<p>Lahodn\u00fd kr\u00e9m Kolatch z l\u00edskov\u00fdch o\u0159ech\u016f s p\u0159\u00edchut\u00ed slan\u00e9ho karamelu, to je dobrota bez um\u011bl\u00fdch barviv, bez lepku, ide\u00e1ln\u00ed na mls\u00e1n\u00ed, do ka\u0161\u00ed i na cesty.<\/p>\n","protected":false},"excerpt":{"rendered":"<p>Lahodn\u00fd kr\u00e9m Kolatch z l\u00edskov\u00fdch o\u0159ech\u016f s p\u0159\u00edchut\u00ed slan\u00e9ho karamelu, to je dobrota bez um\u011bl\u00fdch barviv, bez lepku, ide\u00e1ln\u00ed na mls\u00e1n\u00ed, do ka\u0161\u00ed i na cesty.<\/p>\n","protected":false},"featured_media":263758,"comment_status":"closed","ping_status":"open","template":"","meta":{"_acf_changed":false,"_kadence_starter_templates_imported_post":false,"_kad_post_transparent":"","_kad_post_title":"","_kad_post_layout":"","_kad_post_sidebar_id":"","_kad_post_content_style":"","_kad_post_vertical_padding":"","_kad_post_feature":"","_kad_post_feature_position":"","_kad_post_header":false,"_kad_post_footer":false,"_kad_post_classname":""},"product_brand":[2939],"product_cat":[1128,145,1127],"product_tag":[],"class_list":{"0":"post-263757","1":"product","2":"type-product","3":"status-publish","4":"has-post-thumbnail","6":"product_brand-kolatch","7":"product_cat-cokolady","8":"product_cat-jidlo-a-napoje","9":"product_cat-sladkosti","11":"first","12":"instock","13":"product-type-external","14":"entry","15":"content-bg","16":"loop-entry"},"acf":[],"yoast_head":"<!-- This site is optimized with the Yoast SEO plugin v27.4 - https:\/\/yoast.com\/product\/yoast-seo-wordpress\/ -->\n<title>Kolatch Tuba Dezert Slan\u00fd karamel 45 g - SHOPATOA.COM<\/title>\n<meta name=\"robots\" content=\"index, follow, max-snippet:-1, max-image-preview:large, max-video-preview:-1\" \/>\n<link rel=\"canonical\" href=\"https:\/\/shopatoa.com\/cz\/kolatch-tuba-dezert-slany-karamel-45-g\/\" \/>\n<meta property=\"og:locale\" content=\"cs_CZ\" \/>\n<meta property=\"og:type\" content=\"article\" \/>\n<meta property=\"og:title\" content=\"Kolatch Tuba Dezert Slan\u00fd karamel 45 g - SHOPATOA.COM\" \/>\n<meta property=\"og:description\" content=\"Lahodn\u00fd kr\u00e9m Kolatch z l\u00edskov\u00fdch o\u0159ech\u016f s p\u0159\u00edchut\u00ed slan\u00e9ho karamelu, to je dobrota bez um\u011bl\u00fdch barviv, bez lepku, ide\u00e1ln\u00ed na mls\u00e1n\u00ed, do ka\u0161\u00ed i na cesty.\" \/>\n<meta property=\"og:url\" content=\"https:\/\/shopatoa.com\/cz\/kolatch-tuba-dezert-slany-karamel-45-g\/\" \/>\n<meta property=\"og:site_name\" content=\"SHOPATOA\" \/>\n<meta property=\"article:modified_time\" content=\"2026-01-29T08:30:36+00:00\" \/>\n<meta property=\"og:image\" content=\"https:\/\/storage.googleapis.com\/cz-shopatoa-img\/cz\/3dde6671-1_004_8588007271972.jpeg\" \/>\n\t<meta property=\"og:image:width\" content=\"960\" \/>\n\t<meta property=\"og:image:height\" content=\"1200\" \/>\n\t<meta property=\"og:image:type\" content=\"image\/jpeg\" \/>\n<meta name=\"twitter:card\" content=\"summary_large_image\" \/>\n<script type=\"application\/ld+json\" class=\"yoast-schema-graph\">{\"@context\":\"https:\\\/\\\/schema.org\",\"@graph\":[{\"@type\":\"WebPage\",\"@id\":\"https:\\\/\\\/shopatoa.com\\\/cz\\\/kolatch-tuba-dezert-slany-karamel-45-g\\\/\",\"url\":\"https:\\\/\\\/shopatoa.com\\\/cz\\\/kolatch-tuba-dezert-slany-karamel-45-g\\\/\",\"name\":\"Kolatch Tuba Dezert Slan\u00fd karamel 45 g - SHOPATOA.COM\",\"isPartOf\":{\"@id\":\"https:\\\/\\\/shopatoa.com\\\/cz\\\/#website\"},\"primaryImageOfPage\":{\"@id\":\"https:\\\/\\\/shopatoa.com\\\/cz\\\/kolatch-tuba-dezert-slany-karamel-45-g\\\/#primaryimage\"},\"image\":{\"@id\":\"https:\\\/\\\/shopatoa.com\\\/cz\\\/kolatch-tuba-dezert-slany-karamel-45-g\\\/#primaryimage\"},\"thumbnailUrl\":\"https:\\\/\\\/storage.googleapis.com\\\/cz-shopatoa-img\\\/cz\\\/3dde6671-1_004_8588007271972.jpeg\",\"datePublished\":\"2025-04-12T05:16:40+00:00\",\"dateModified\":\"2026-01-29T08:30:36+00:00\",\"breadcrumb\":{\"@id\":\"https:\\\/\\\/shopatoa.com\\\/cz\\\/kolatch-tuba-dezert-slany-karamel-45-g\\\/#breadcrumb\"},\"inLanguage\":\"cs\",\"potentialAction\":[{\"@type\":\"ReadAction\",\"target\":[\"https:\\\/\\\/shopatoa.com\\\/cz\\\/kolatch-tuba-dezert-slany-karamel-45-g\\\/\"]}]},{\"@type\":\"ImageObject\",\"inLanguage\":\"cs\",\"@id\":\"https:\\\/\\\/shopatoa.com\\\/cz\\\/kolatch-tuba-dezert-slany-karamel-45-g\\\/#primaryimage\",\"url\":\"https:\\\/\\\/storage.googleapis.com\\\/cz-shopatoa-img\\\/cz\\\/3dde6671-1_004_8588007271972.jpeg\",\"contentUrl\":\"https:\\\/\\\/storage.googleapis.com\\\/cz-shopatoa-img\\\/cz\\\/3dde6671-1_004_8588007271972.jpeg\",\"width\":960,\"height\":1200},{\"@type\":\"BreadcrumbList\",\"@id\":\"https:\\\/\\\/shopatoa.com\\\/cz\\\/kolatch-tuba-dezert-slany-karamel-45-g\\\/#breadcrumb\",\"itemListElement\":[{\"@type\":\"ListItem\",\"position\":1,\"name\":\"Dom\u016f\",\"item\":\"https:\\\/\\\/shopatoa.com\\\/cz\\\/\"},{\"@type\":\"ListItem\",\"position\":2,\"name\":\"Produkty\",\"item\":\"https:\\\/\\\/shopatoa.com\\\/cz\\\/shop\\\/\"},{\"@type\":\"ListItem\",\"position\":3,\"name\":\"J\u00eddlo a n\u00e1poje\",\"item\":\"https:\\\/\\\/shopatoa.com\\\/cz\\\/jidlo-a-napoje\\\/\"},{\"@type\":\"ListItem\",\"position\":4,\"name\":\"Sladkosti\",\"item\":\"https:\\\/\\\/shopatoa.com\\\/cz\\\/sladkosti\\\/\"},{\"@type\":\"ListItem\",\"position\":5,\"name\":\"\u010cokol\u00e1dy\",\"item\":\"https:\\\/\\\/shopatoa.com\\\/cz\\\/cokolady\\\/\"},{\"@type\":\"ListItem\",\"position\":6,\"name\":\"Kolatch Tuba Dezert Slan\u00fd karamel 45 g\"}]},{\"@type\":\"WebSite\",\"@id\":\"https:\\\/\\\/shopatoa.com\\\/cz\\\/#website\",\"url\":\"https:\\\/\\\/shopatoa.com\\\/cz\\\/\",\"name\":\"SHOPATOA\",\"description\":\"\",\"publisher\":{\"@id\":\"https:\\\/\\\/shopatoa.com\\\/cz\\\/#organization\"},\"potentialAction\":[{\"@type\":\"SearchAction\",\"target\":{\"@type\":\"EntryPoint\",\"urlTemplate\":\"https:\\\/\\\/shopatoa.com\\\/cz\\\/?s={search_term_string}\"},\"query-input\":{\"@type\":\"PropertyValueSpecification\",\"valueRequired\":true,\"valueName\":\"search_term_string\"}}],\"inLanguage\":\"cs\"},{\"@type\":\"Organization\",\"@id\":\"https:\\\/\\\/shopatoa.com\\\/cz\\\/#organization\",\"name\":\"SHOPATOA Digital s.r.o.\",\"url\":\"https:\\\/\\\/shopatoa.com\\\/cz\\\/\",\"logo\":{\"@type\":\"ImageObject\",\"inLanguage\":\"cs\",\"@id\":\"https:\\\/\\\/shopatoa.com\\\/cz\\\/#\\\/schema\\\/logo\\\/image\\\/\",\"url\":\"https:\\\/\\\/storage.googleapis.com\\\/cz-shopatoa-img\\\/cz\\\/ebccf434-shopatoa_logo.png\",\"contentUrl\":\"https:\\\/\\\/storage.googleapis.com\\\/cz-shopatoa-img\\\/cz\\\/ebccf434-shopatoa_logo.png\",\"width\":416,\"height\":63,\"caption\":\"SHOPATOA Digital s.r.o.\"},\"image\":{\"@id\":\"https:\\\/\\\/shopatoa.com\\\/cz\\\/#\\\/schema\\\/logo\\\/image\\\/\"}}]}<\/script>\n<!-- \/ Yoast SEO plugin. -->","yoast_head_json":{"title":"Kolatch Tuba Dezert Slan\u00fd karamel 45 g - SHOPATOA.COM","robots":{"index":"index","follow":"follow","max-snippet":"max-snippet:-1","max-image-preview":"max-image-preview:large","max-video-preview":"max-video-preview:-1"},"canonical":"https:\/\/shopatoa.com\/cz\/kolatch-tuba-dezert-slany-karamel-45-g\/","og_locale":"cs_CZ","og_type":"article","og_title":"Kolatch Tuba Dezert Slan\u00fd karamel 45 g - SHOPATOA.COM","og_description":"Lahodn\u00fd kr\u00e9m Kolatch z l\u00edskov\u00fdch o\u0159ech\u016f s p\u0159\u00edchut\u00ed slan\u00e9ho karamelu, to je dobrota bez um\u011bl\u00fdch barviv, bez lepku, ide\u00e1ln\u00ed na mls\u00e1n\u00ed, do ka\u0161\u00ed i na cesty.","og_url":"https:\/\/shopatoa.com\/cz\/kolatch-tuba-dezert-slany-karamel-45-g\/","og_site_name":"SHOPATOA","article_modified_time":"2026-01-29T08:30:36+00:00","og_image":[{"width":960,"height":1200,"url":"https:\/\/storage.googleapis.com\/cz-shopatoa-img\/cz\/3dde6671-1_004_8588007271972.jpeg","type":"image\/jpeg"}],"twitter_card":"summary_large_image","schema":{"@context":"https:\/\/schema.org","@graph":[{"@type":"WebPage","@id":"https:\/\/shopatoa.com\/cz\/kolatch-tuba-dezert-slany-karamel-45-g\/","url":"https:\/\/shopatoa.com\/cz\/kolatch-tuba-dezert-slany-karamel-45-g\/","name":"Kolatch Tuba Dezert Slan\u00fd karamel 45 g - SHOPATOA.COM","isPartOf":{"@id":"https:\/\/shopatoa.com\/cz\/#website"},"primaryImageOfPage":{"@id":"https:\/\/shopatoa.com\/cz\/kolatch-tuba-dezert-slany-karamel-45-g\/#primaryimage"},"image":{"@id":"https:\/\/shopatoa.com\/cz\/kolatch-tuba-dezert-slany-karamel-45-g\/#primaryimage"},"thumbnailUrl":"https:\/\/storage.googleapis.com\/cz-shopatoa-img\/cz\/3dde6671-1_004_8588007271972.jpeg","datePublished":"2025-04-12T05:16:40+00:00","dateModified":"2026-01-29T08:30:36+00:00","breadcrumb":{"@id":"https:\/\/shopatoa.com\/cz\/kolatch-tuba-dezert-slany-karamel-45-g\/#breadcrumb"},"inLanguage":"cs","potentialAction":[{"@type":"ReadAction","target":["https:\/\/shopatoa.com\/cz\/kolatch-tuba-dezert-slany-karamel-45-g\/"]}]},{"@type":"ImageObject","inLanguage":"cs","@id":"https:\/\/shopatoa.com\/cz\/kolatch-tuba-dezert-slany-karamel-45-g\/#primaryimage","url":"https:\/\/storage.googleapis.com\/cz-shopatoa-img\/cz\/3dde6671-1_004_8588007271972.jpeg","contentUrl":"https:\/\/storage.googleapis.com\/cz-shopatoa-img\/cz\/3dde6671-1_004_8588007271972.jpeg","width":960,"height":1200},{"@type":"BreadcrumbList","@id":"https:\/\/shopatoa.com\/cz\/kolatch-tuba-dezert-slany-karamel-45-g\/#breadcrumb","itemListElement":[{"@type":"ListItem","position":1,"name":"Dom\u016f","item":"https:\/\/shopatoa.com\/cz\/"},{"@type":"ListItem","position":2,"name":"Produkty","item":"https:\/\/shopatoa.com\/cz\/shop\/"},{"@type":"ListItem","position":3,"name":"J\u00eddlo a n\u00e1poje","item":"https:\/\/shopatoa.com\/cz\/jidlo-a-napoje\/"},{"@type":"ListItem","position":4,"name":"Sladkosti","item":"https:\/\/shopatoa.com\/cz\/sladkosti\/"},{"@type":"ListItem","position":5,"name":"\u010cokol\u00e1dy","item":"https:\/\/shopatoa.com\/cz\/cokolady\/"},{"@type":"ListItem","position":6,"name":"Kolatch Tuba Dezert Slan\u00fd karamel 45 g"}]},{"@type":"WebSite","@id":"https:\/\/shopatoa.com\/cz\/#website","url":"https:\/\/shopatoa.com\/cz\/","name":"SHOPATOA","description":"","publisher":{"@id":"https:\/\/shopatoa.com\/cz\/#organization"},"potentialAction":[{"@type":"SearchAction","target":{"@type":"EntryPoint","urlTemplate":"https:\/\/shopatoa.com\/cz\/?s={search_term_string}"},"query-input":{"@type":"PropertyValueSpecification","valueRequired":true,"valueName":"search_term_string"}}],"inLanguage":"cs"},{"@type":"Organization","@id":"https:\/\/shopatoa.com\/cz\/#organization","name":"SHOPATOA Digital s.r.o.","url":"https:\/\/shopatoa.com\/cz\/","logo":{"@type":"ImageObject","inLanguage":"cs","@id":"https:\/\/shopatoa.com\/cz\/#\/schema\/logo\/image\/","url":"https:\/\/storage.googleapis.com\/cz-shopatoa-img\/cz\/ebccf434-shopatoa_logo.png","contentUrl":"https:\/\/storage.googleapis.com\/cz-shopatoa-img\/cz\/ebccf434-shopatoa_logo.png","width":416,"height":63,"caption":"SHOPATOA Digital s.r.o."},"image":{"@id":"https:\/\/shopatoa.com\/cz\/#\/schema\/logo\/image\/"}}]}},"_links":{"self":[{"href":"https:\/\/shopatoa.com\/cz\/wp-json\/wp\/v2\/product\/263757","targetHints":{"allow":["GET"]}}],"collection":[{"href":"https:\/\/shopatoa.com\/cz\/wp-json\/wp\/v2\/product"}],"about":[{"href":"https:\/\/shopatoa.com\/cz\/wp-json\/wp\/v2\/types\/product"}],"replies":[{"embeddable":true,"href":"https:\/\/shopatoa.com\/cz\/wp-json\/wp\/v2\/comments?post=263757"}],"wp:featuredmedia":[{"embeddable":true,"href":"https:\/\/shopatoa.com\/cz\/wp-json\/wp\/v2\/media\/263758"}],"wp:attachment":[{"href":"https:\/\/shopatoa.com\/cz\/wp-json\/wp\/v2\/media?parent=263757"}],"wp:term":[{"taxonomy":"product_brand","embeddable":true,"href":"https:\/\/shopatoa.com\/cz\/wp-json\/wp\/v2\/product_brand?post=263757"},{"taxonomy":"product_cat","embeddable":true,"href":"https:\/\/shopatoa.com\/cz\/wp-json\/wp\/v2\/product_cat?post=263757"},{"taxonomy":"product_tag","embeddable":true,"href":"https:\/\/shopatoa.com\/cz\/wp-json\/wp\/v2\/product_tag?post=263757"}],"curies":[{"name":"wp","href":"https:\/\/api.w.org\/{rel}","templated":true}]}}