{"id":271209,"date":"2025-05-17T22:08:09","date_gmt":"2025-05-17T20:08:09","guid":{"rendered":"https:\/\/shopatoa.com\/cz\/?post_type=product&#038;p=271209"},"modified":"2026-02-03T13:10:44","modified_gmt":"2026-02-03T12:10:44","slug":"sisley-phyto-cernes-eclat-2-5-ocni-korektor-15-ml","status":"publish","type":"product","link":"https:\/\/shopatoa.com\/cz\/sisley-phyto-cernes-eclat-2-5-ocni-korektor-15-ml\/","title":{"rendered":"Sisley Phyto-Cernes \u00c9clat 2.5 o\u010dn\u00ed korektor 15 ml"},"content":{"rendered":"<p>O\u010dn\u00ed korektor Phyto-Cernes Eclat od Sisley Paris okam\u017eit\u011b zakr\u00fdv\u00e1 tmav\u00e9 kruhy pod o\u010dima, redukuje otoky a zn\u00e1mky \u00fanavy, viditeln\u011b zjem\u0148uje vr\u00e1sky i jemn\u00e9 linky a z\u00e1rove\u0148 posiluje kr\u00e1su o\u010dn\u00edho okol\u00ed.<\/p>\n","protected":false},"excerpt":{"rendered":"<p>O\u010dn\u00ed korektor Phyto-Cernes Eclat od Sisley Paris okam\u017eit\u011b zakr\u00fdv\u00e1 tmav\u00e9 kruhy pod o\u010dima, redukuje otoky a zn\u00e1mky \u00fanavy, viditeln\u011b zjem\u0148uje vr\u00e1sky i jemn\u00e9 linky a z\u00e1rove\u0148 posiluje kr\u00e1su o\u010dn\u00edho okol\u00ed.<\/p>\n","protected":false},"featured_media":271210,"comment_status":"closed","ping_status":"open","template":"","meta":{"_acf_changed":false,"_kadence_starter_templates_imported_post":false,"_kad_post_transparent":"","_kad_post_title":"","_kad_post_layout":"","_kad_post_sidebar_id":"","_kad_post_content_style":"","_kad_post_vertical_padding":"","_kad_post_feature":"","_kad_post_feature_position":"","_kad_post_header":false,"_kad_post_footer":false,"_kad_post_classname":""},"product_brand":[3012],"product_cat":[15],"product_tag":[],"class_list":{"0":"post-271209","1":"product","2":"type-product","3":"status-publish","4":"has-post-thumbnail","6":"product_brand-sisley","7":"product_cat-uncategorized","9":"first","10":"instock","11":"product-type-external","12":"entry","13":"content-bg","14":"loop-entry"},"acf":[],"yoast_head":"<!-- This site is optimized with the Yoast SEO plugin v27.4 - https:\/\/yoast.com\/product\/yoast-seo-wordpress\/ -->\n<title>Sisley Phyto-Cernes \u00c9clat 2.5 o\u010dn\u00ed korektor 15 ml - SHOPATOA.COM<\/title>\n<meta name=\"robots\" content=\"index, follow, max-snippet:-1, max-image-preview:large, max-video-preview:-1\" \/>\n<link rel=\"canonical\" href=\"https:\/\/shopatoa.com\/cz\/sisley-phyto-cernes-eclat-2-5-ocni-korektor-15-ml\/\" \/>\n<meta property=\"og:locale\" content=\"cs_CZ\" \/>\n<meta property=\"og:type\" content=\"article\" \/>\n<meta property=\"og:title\" content=\"Sisley Phyto-Cernes \u00c9clat 2.5 o\u010dn\u00ed korektor 15 ml - SHOPATOA.COM\" \/>\n<meta property=\"og:description\" content=\"O\u010dn\u00ed korektor Phyto-Cernes Eclat od Sisley Paris okam\u017eit\u011b zakr\u00fdv\u00e1 tmav\u00e9 kruhy pod o\u010dima, redukuje otoky a zn\u00e1mky \u00fanavy, viditeln\u011b zjem\u0148uje vr\u00e1sky i jemn\u00e9 linky a z\u00e1rove\u0148 posiluje kr\u00e1su o\u010dn\u00edho okol\u00ed.\" \/>\n<meta property=\"og:url\" content=\"https:\/\/shopatoa.com\/cz\/sisley-phyto-cernes-eclat-2-5-ocni-korektor-15-ml\/\" \/>\n<meta property=\"og:site_name\" content=\"SHOPATOA\" \/>\n<meta property=\"article:modified_time\" content=\"2026-02-03T12:10:44+00:00\" \/>\n<meta property=\"og:image\" content=\"https:\/\/storage.googleapis.com\/cz-shopatoa-img\/cz\/4ed4d3b2-unnamed-file.webp\" \/>\n\t<meta property=\"og:image:width\" content=\"800\" \/>\n\t<meta property=\"og:image:height\" content=\"800\" \/>\n\t<meta property=\"og:image:type\" content=\"image\/webp\" \/>\n<meta name=\"twitter:card\" content=\"summary_large_image\" \/>\n<script type=\"application\/ld+json\" class=\"yoast-schema-graph\">{\"@context\":\"https:\\\/\\\/schema.org\",\"@graph\":[{\"@type\":\"WebPage\",\"@id\":\"https:\\\/\\\/shopatoa.com\\\/cz\\\/sisley-phyto-cernes-eclat-2-5-ocni-korektor-15-ml\\\/\",\"url\":\"https:\\\/\\\/shopatoa.com\\\/cz\\\/sisley-phyto-cernes-eclat-2-5-ocni-korektor-15-ml\\\/\",\"name\":\"Sisley Phyto-Cernes \u00c9clat 2.5 o\u010dn\u00ed korektor 15 ml - SHOPATOA.COM\",\"isPartOf\":{\"@id\":\"https:\\\/\\\/shopatoa.com\\\/cz\\\/#website\"},\"primaryImageOfPage\":{\"@id\":\"https:\\\/\\\/shopatoa.com\\\/cz\\\/sisley-phyto-cernes-eclat-2-5-ocni-korektor-15-ml\\\/#primaryimage\"},\"image\":{\"@id\":\"https:\\\/\\\/shopatoa.com\\\/cz\\\/sisley-phyto-cernes-eclat-2-5-ocni-korektor-15-ml\\\/#primaryimage\"},\"thumbnailUrl\":\"https:\\\/\\\/storage.googleapis.com\\\/cz-shopatoa-img\\\/cz\\\/4ed4d3b2-unnamed-file.webp\",\"datePublished\":\"2025-05-17T20:08:09+00:00\",\"dateModified\":\"2026-02-03T12:10:44+00:00\",\"breadcrumb\":{\"@id\":\"https:\\\/\\\/shopatoa.com\\\/cz\\\/sisley-phyto-cernes-eclat-2-5-ocni-korektor-15-ml\\\/#breadcrumb\"},\"inLanguage\":\"cs\",\"potentialAction\":[{\"@type\":\"ReadAction\",\"target\":[\"https:\\\/\\\/shopatoa.com\\\/cz\\\/sisley-phyto-cernes-eclat-2-5-ocni-korektor-15-ml\\\/\"]}]},{\"@type\":\"ImageObject\",\"inLanguage\":\"cs\",\"@id\":\"https:\\\/\\\/shopatoa.com\\\/cz\\\/sisley-phyto-cernes-eclat-2-5-ocni-korektor-15-ml\\\/#primaryimage\",\"url\":\"https:\\\/\\\/storage.googleapis.com\\\/cz-shopatoa-img\\\/cz\\\/4ed4d3b2-unnamed-file.webp\",\"contentUrl\":\"https:\\\/\\\/storage.googleapis.com\\\/cz-shopatoa-img\\\/cz\\\/4ed4d3b2-unnamed-file.webp\",\"width\":800,\"height\":800},{\"@type\":\"BreadcrumbList\",\"@id\":\"https:\\\/\\\/shopatoa.com\\\/cz\\\/sisley-phyto-cernes-eclat-2-5-ocni-korektor-15-ml\\\/#breadcrumb\",\"itemListElement\":[{\"@type\":\"ListItem\",\"position\":1,\"name\":\"Dom\u016f\",\"item\":\"https:\\\/\\\/shopatoa.com\\\/cz\\\/\"},{\"@type\":\"ListItem\",\"position\":2,\"name\":\"Produkty\",\"item\":\"https:\\\/\\\/shopatoa.com\\\/cz\\\/shop\\\/\"},{\"@type\":\"ListItem\",\"position\":3,\"name\":\"Uncategorized\",\"item\":\"https:\\\/\\\/shopatoa.com\\\/cz\\\/uncategorized\\\/\"},{\"@type\":\"ListItem\",\"position\":4,\"name\":\"Sisley Phyto-Cernes \u00c9clat 2.5 o\u010dn\u00ed korektor 15 ml\"}]},{\"@type\":\"WebSite\",\"@id\":\"https:\\\/\\\/shopatoa.com\\\/cz\\\/#website\",\"url\":\"https:\\\/\\\/shopatoa.com\\\/cz\\\/\",\"name\":\"SHOPATOA\",\"description\":\"\",\"publisher\":{\"@id\":\"https:\\\/\\\/shopatoa.com\\\/cz\\\/#organization\"},\"potentialAction\":[{\"@type\":\"SearchAction\",\"target\":{\"@type\":\"EntryPoint\",\"urlTemplate\":\"https:\\\/\\\/shopatoa.com\\\/cz\\\/?s={search_term_string}\"},\"query-input\":{\"@type\":\"PropertyValueSpecification\",\"valueRequired\":true,\"valueName\":\"search_term_string\"}}],\"inLanguage\":\"cs\"},{\"@type\":\"Organization\",\"@id\":\"https:\\\/\\\/shopatoa.com\\\/cz\\\/#organization\",\"name\":\"SHOPATOA Digital s.r.o.\",\"url\":\"https:\\\/\\\/shopatoa.com\\\/cz\\\/\",\"logo\":{\"@type\":\"ImageObject\",\"inLanguage\":\"cs\",\"@id\":\"https:\\\/\\\/shopatoa.com\\\/cz\\\/#\\\/schema\\\/logo\\\/image\\\/\",\"url\":\"https:\\\/\\\/storage.googleapis.com\\\/cz-shopatoa-img\\\/cz\\\/ebccf434-shopatoa_logo.png\",\"contentUrl\":\"https:\\\/\\\/storage.googleapis.com\\\/cz-shopatoa-img\\\/cz\\\/ebccf434-shopatoa_logo.png\",\"width\":416,\"height\":63,\"caption\":\"SHOPATOA Digital s.r.o.\"},\"image\":{\"@id\":\"https:\\\/\\\/shopatoa.com\\\/cz\\\/#\\\/schema\\\/logo\\\/image\\\/\"}}]}<\/script>\n<!-- \/ Yoast SEO plugin. -->","yoast_head_json":{"title":"Sisley Phyto-Cernes \u00c9clat 2.5 o\u010dn\u00ed korektor 15 ml - SHOPATOA.COM","robots":{"index":"index","follow":"follow","max-snippet":"max-snippet:-1","max-image-preview":"max-image-preview:large","max-video-preview":"max-video-preview:-1"},"canonical":"https:\/\/shopatoa.com\/cz\/sisley-phyto-cernes-eclat-2-5-ocni-korektor-15-ml\/","og_locale":"cs_CZ","og_type":"article","og_title":"Sisley Phyto-Cernes \u00c9clat 2.5 o\u010dn\u00ed korektor 15 ml - SHOPATOA.COM","og_description":"O\u010dn\u00ed korektor Phyto-Cernes Eclat od Sisley Paris okam\u017eit\u011b zakr\u00fdv\u00e1 tmav\u00e9 kruhy pod o\u010dima, redukuje otoky a zn\u00e1mky \u00fanavy, viditeln\u011b zjem\u0148uje vr\u00e1sky i jemn\u00e9 linky a z\u00e1rove\u0148 posiluje kr\u00e1su o\u010dn\u00edho okol\u00ed.","og_url":"https:\/\/shopatoa.com\/cz\/sisley-phyto-cernes-eclat-2-5-ocni-korektor-15-ml\/","og_site_name":"SHOPATOA","article_modified_time":"2026-02-03T12:10:44+00:00","og_image":[{"width":800,"height":800,"url":"https:\/\/storage.googleapis.com\/cz-shopatoa-img\/cz\/4ed4d3b2-unnamed-file.webp","type":"image\/webp"}],"twitter_card":"summary_large_image","schema":{"@context":"https:\/\/schema.org","@graph":[{"@type":"WebPage","@id":"https:\/\/shopatoa.com\/cz\/sisley-phyto-cernes-eclat-2-5-ocni-korektor-15-ml\/","url":"https:\/\/shopatoa.com\/cz\/sisley-phyto-cernes-eclat-2-5-ocni-korektor-15-ml\/","name":"Sisley Phyto-Cernes \u00c9clat 2.5 o\u010dn\u00ed korektor 15 ml - SHOPATOA.COM","isPartOf":{"@id":"https:\/\/shopatoa.com\/cz\/#website"},"primaryImageOfPage":{"@id":"https:\/\/shopatoa.com\/cz\/sisley-phyto-cernes-eclat-2-5-ocni-korektor-15-ml\/#primaryimage"},"image":{"@id":"https:\/\/shopatoa.com\/cz\/sisley-phyto-cernes-eclat-2-5-ocni-korektor-15-ml\/#primaryimage"},"thumbnailUrl":"https:\/\/storage.googleapis.com\/cz-shopatoa-img\/cz\/4ed4d3b2-unnamed-file.webp","datePublished":"2025-05-17T20:08:09+00:00","dateModified":"2026-02-03T12:10:44+00:00","breadcrumb":{"@id":"https:\/\/shopatoa.com\/cz\/sisley-phyto-cernes-eclat-2-5-ocni-korektor-15-ml\/#breadcrumb"},"inLanguage":"cs","potentialAction":[{"@type":"ReadAction","target":["https:\/\/shopatoa.com\/cz\/sisley-phyto-cernes-eclat-2-5-ocni-korektor-15-ml\/"]}]},{"@type":"ImageObject","inLanguage":"cs","@id":"https:\/\/shopatoa.com\/cz\/sisley-phyto-cernes-eclat-2-5-ocni-korektor-15-ml\/#primaryimage","url":"https:\/\/storage.googleapis.com\/cz-shopatoa-img\/cz\/4ed4d3b2-unnamed-file.webp","contentUrl":"https:\/\/storage.googleapis.com\/cz-shopatoa-img\/cz\/4ed4d3b2-unnamed-file.webp","width":800,"height":800},{"@type":"BreadcrumbList","@id":"https:\/\/shopatoa.com\/cz\/sisley-phyto-cernes-eclat-2-5-ocni-korektor-15-ml\/#breadcrumb","itemListElement":[{"@type":"ListItem","position":1,"name":"Dom\u016f","item":"https:\/\/shopatoa.com\/cz\/"},{"@type":"ListItem","position":2,"name":"Produkty","item":"https:\/\/shopatoa.com\/cz\/shop\/"},{"@type":"ListItem","position":3,"name":"Uncategorized","item":"https:\/\/shopatoa.com\/cz\/uncategorized\/"},{"@type":"ListItem","position":4,"name":"Sisley Phyto-Cernes \u00c9clat 2.5 o\u010dn\u00ed korektor 15 ml"}]},{"@type":"WebSite","@id":"https:\/\/shopatoa.com\/cz\/#website","url":"https:\/\/shopatoa.com\/cz\/","name":"SHOPATOA","description":"","publisher":{"@id":"https:\/\/shopatoa.com\/cz\/#organization"},"potentialAction":[{"@type":"SearchAction","target":{"@type":"EntryPoint","urlTemplate":"https:\/\/shopatoa.com\/cz\/?s={search_term_string}"},"query-input":{"@type":"PropertyValueSpecification","valueRequired":true,"valueName":"search_term_string"}}],"inLanguage":"cs"},{"@type":"Organization","@id":"https:\/\/shopatoa.com\/cz\/#organization","name":"SHOPATOA Digital s.r.o.","url":"https:\/\/shopatoa.com\/cz\/","logo":{"@type":"ImageObject","inLanguage":"cs","@id":"https:\/\/shopatoa.com\/cz\/#\/schema\/logo\/image\/","url":"https:\/\/storage.googleapis.com\/cz-shopatoa-img\/cz\/ebccf434-shopatoa_logo.png","contentUrl":"https:\/\/storage.googleapis.com\/cz-shopatoa-img\/cz\/ebccf434-shopatoa_logo.png","width":416,"height":63,"caption":"SHOPATOA Digital s.r.o."},"image":{"@id":"https:\/\/shopatoa.com\/cz\/#\/schema\/logo\/image\/"}}]}},"_links":{"self":[{"href":"https:\/\/shopatoa.com\/cz\/wp-json\/wp\/v2\/product\/271209","targetHints":{"allow":["GET"]}}],"collection":[{"href":"https:\/\/shopatoa.com\/cz\/wp-json\/wp\/v2\/product"}],"about":[{"href":"https:\/\/shopatoa.com\/cz\/wp-json\/wp\/v2\/types\/product"}],"replies":[{"embeddable":true,"href":"https:\/\/shopatoa.com\/cz\/wp-json\/wp\/v2\/comments?post=271209"}],"wp:featuredmedia":[{"embeddable":true,"href":"https:\/\/shopatoa.com\/cz\/wp-json\/wp\/v2\/media\/271210"}],"wp:attachment":[{"href":"https:\/\/shopatoa.com\/cz\/wp-json\/wp\/v2\/media?parent=271209"}],"wp:term":[{"taxonomy":"product_brand","embeddable":true,"href":"https:\/\/shopatoa.com\/cz\/wp-json\/wp\/v2\/product_brand?post=271209"},{"taxonomy":"product_cat","embeddable":true,"href":"https:\/\/shopatoa.com\/cz\/wp-json\/wp\/v2\/product_cat?post=271209"},{"taxonomy":"product_tag","embeddable":true,"href":"https:\/\/shopatoa.com\/cz\/wp-json\/wp\/v2\/product_tag?post=271209"}],"curies":[{"name":"wp","href":"https:\/\/api.w.org\/{rel}","templated":true}]}}