{"id":271365,"date":"2025-05-17T22:21:28","date_gmt":"2025-05-17T20:21:28","guid":{"rendered":"https:\/\/shopatoa.com\/cz\/?post_type=product&#038;p=271365"},"modified":"2026-02-03T12:28:17","modified_gmt":"2026-02-03T11:28:17","slug":"sisley-stylo-correct-n1-korekcni-tuzka-17-g","status":"publish","type":"product","link":"https:\/\/shopatoa.com\/cz\/sisley-stylo-correct-n1-korekcni-tuzka-17-g\/","title":{"rendered":"Sisley Stylo Correct N\u00b01 korek\u010dn\u00ed tu\u017eka 1,7 g"},"content":{"rendered":"<p>Korek\u010dn\u00ed tu\u017eka Stylo Correct od Sisley Paris je z\u00e1rukou bezchybn\u00e9ho vzhledu pleti d\u00edky siln\u011b kryc\u00edmu slo\u017een\u00ed a kr\u00e9mov\u00e9 textu\u0159e, kter\u00e1 se snadno aplikuje.<\/p>\n","protected":false},"excerpt":{"rendered":"<p>Korek\u010dn\u00ed tu\u017eka Stylo Correct od Sisley Paris je z\u00e1rukou bezchybn\u00e9ho vzhledu pleti d\u00edky siln\u011b kryc\u00edmu slo\u017een\u00ed a kr\u00e9mov\u00e9 textu\u0159e, kter\u00e1 se snadno aplikuje.<\/p>\n","protected":false},"featured_media":271366,"comment_status":"closed","ping_status":"open","template":"","meta":{"_acf_changed":false,"_kadence_starter_templates_imported_post":false,"_kad_post_transparent":"","_kad_post_title":"","_kad_post_layout":"","_kad_post_sidebar_id":"","_kad_post_content_style":"","_kad_post_vertical_padding":"","_kad_post_feature":"","_kad_post_feature_position":"","_kad_post_header":false,"_kad_post_footer":false,"_kad_post_classname":""},"product_brand":[3012],"product_cat":[15],"product_tag":[],"class_list":{"0":"post-271365","1":"product","2":"type-product","3":"status-publish","4":"has-post-thumbnail","6":"product_brand-sisley","7":"product_cat-uncategorized","9":"first","10":"instock","11":"sale","12":"product-type-external","13":"entry","14":"content-bg","15":"loop-entry"},"acf":[],"yoast_head":"<!-- This site is optimized with the Yoast SEO plugin v27.4 - https:\/\/yoast.com\/product\/yoast-seo-wordpress\/ -->\n<title>Sisley Stylo Correct N\u00b01 korek\u010dn\u00ed tu\u017eka 1,7 g - SHOPATOA.COM<\/title>\n<meta name=\"robots\" content=\"index, follow, max-snippet:-1, max-image-preview:large, max-video-preview:-1\" \/>\n<link rel=\"canonical\" href=\"https:\/\/shopatoa.com\/cz\/sisley-stylo-correct-n1-korekcni-tuzka-17-g\/\" \/>\n<meta property=\"og:locale\" content=\"cs_CZ\" \/>\n<meta property=\"og:type\" content=\"article\" \/>\n<meta property=\"og:title\" content=\"Sisley Stylo Correct N\u00b01 korek\u010dn\u00ed tu\u017eka 1,7 g - SHOPATOA.COM\" \/>\n<meta property=\"og:description\" content=\"Korek\u010dn\u00ed tu\u017eka Stylo Correct od Sisley Paris je z\u00e1rukou bezchybn\u00e9ho vzhledu pleti d\u00edky siln\u011b kryc\u00edmu slo\u017een\u00ed a kr\u00e9mov\u00e9 textu\u0159e, kter\u00e1 se snadno aplikuje.\" \/>\n<meta property=\"og:url\" content=\"https:\/\/shopatoa.com\/cz\/sisley-stylo-correct-n1-korekcni-tuzka-17-g\/\" \/>\n<meta property=\"og:site_name\" content=\"SHOPATOA\" \/>\n<meta property=\"article:modified_time\" content=\"2026-02-03T11:28:17+00:00\" \/>\n<meta property=\"og:image\" content=\"https:\/\/storage.googleapis.com\/cz-shopatoa-img\/cz\/4a7cc08a-unnamed-file.webp\" \/>\n\t<meta property=\"og:image:width\" content=\"800\" \/>\n\t<meta property=\"og:image:height\" content=\"800\" \/>\n\t<meta property=\"og:image:type\" content=\"image\/webp\" \/>\n<meta name=\"twitter:card\" content=\"summary_large_image\" \/>\n<script type=\"application\/ld+json\" class=\"yoast-schema-graph\">{\"@context\":\"https:\\\/\\\/schema.org\",\"@graph\":[{\"@type\":\"WebPage\",\"@id\":\"https:\\\/\\\/shopatoa.com\\\/cz\\\/sisley-stylo-correct-n1-korekcni-tuzka-17-g\\\/\",\"url\":\"https:\\\/\\\/shopatoa.com\\\/cz\\\/sisley-stylo-correct-n1-korekcni-tuzka-17-g\\\/\",\"name\":\"Sisley Stylo Correct N\u00b01 korek\u010dn\u00ed tu\u017eka 1,7 g - SHOPATOA.COM\",\"isPartOf\":{\"@id\":\"https:\\\/\\\/shopatoa.com\\\/cz\\\/#website\"},\"primaryImageOfPage\":{\"@id\":\"https:\\\/\\\/shopatoa.com\\\/cz\\\/sisley-stylo-correct-n1-korekcni-tuzka-17-g\\\/#primaryimage\"},\"image\":{\"@id\":\"https:\\\/\\\/shopatoa.com\\\/cz\\\/sisley-stylo-correct-n1-korekcni-tuzka-17-g\\\/#primaryimage\"},\"thumbnailUrl\":\"https:\\\/\\\/storage.googleapis.com\\\/cz-shopatoa-img\\\/cz\\\/4a7cc08a-unnamed-file.webp\",\"datePublished\":\"2025-05-17T20:21:28+00:00\",\"dateModified\":\"2026-02-03T11:28:17+00:00\",\"breadcrumb\":{\"@id\":\"https:\\\/\\\/shopatoa.com\\\/cz\\\/sisley-stylo-correct-n1-korekcni-tuzka-17-g\\\/#breadcrumb\"},\"inLanguage\":\"cs\",\"potentialAction\":[{\"@type\":\"ReadAction\",\"target\":[\"https:\\\/\\\/shopatoa.com\\\/cz\\\/sisley-stylo-correct-n1-korekcni-tuzka-17-g\\\/\"]}]},{\"@type\":\"ImageObject\",\"inLanguage\":\"cs\",\"@id\":\"https:\\\/\\\/shopatoa.com\\\/cz\\\/sisley-stylo-correct-n1-korekcni-tuzka-17-g\\\/#primaryimage\",\"url\":\"https:\\\/\\\/storage.googleapis.com\\\/cz-shopatoa-img\\\/cz\\\/4a7cc08a-unnamed-file.webp\",\"contentUrl\":\"https:\\\/\\\/storage.googleapis.com\\\/cz-shopatoa-img\\\/cz\\\/4a7cc08a-unnamed-file.webp\",\"width\":800,\"height\":800},{\"@type\":\"BreadcrumbList\",\"@id\":\"https:\\\/\\\/shopatoa.com\\\/cz\\\/sisley-stylo-correct-n1-korekcni-tuzka-17-g\\\/#breadcrumb\",\"itemListElement\":[{\"@type\":\"ListItem\",\"position\":1,\"name\":\"Dom\u016f\",\"item\":\"https:\\\/\\\/shopatoa.com\\\/cz\\\/\"},{\"@type\":\"ListItem\",\"position\":2,\"name\":\"Produkty\",\"item\":\"https:\\\/\\\/shopatoa.com\\\/cz\\\/shop\\\/\"},{\"@type\":\"ListItem\",\"position\":3,\"name\":\"Uncategorized\",\"item\":\"https:\\\/\\\/shopatoa.com\\\/cz\\\/uncategorized\\\/\"},{\"@type\":\"ListItem\",\"position\":4,\"name\":\"Sisley Stylo Correct N\u00b01 korek\u010dn\u00ed tu\u017eka 1,7 g\"}]},{\"@type\":\"WebSite\",\"@id\":\"https:\\\/\\\/shopatoa.com\\\/cz\\\/#website\",\"url\":\"https:\\\/\\\/shopatoa.com\\\/cz\\\/\",\"name\":\"SHOPATOA\",\"description\":\"\",\"publisher\":{\"@id\":\"https:\\\/\\\/shopatoa.com\\\/cz\\\/#organization\"},\"potentialAction\":[{\"@type\":\"SearchAction\",\"target\":{\"@type\":\"EntryPoint\",\"urlTemplate\":\"https:\\\/\\\/shopatoa.com\\\/cz\\\/?s={search_term_string}\"},\"query-input\":{\"@type\":\"PropertyValueSpecification\",\"valueRequired\":true,\"valueName\":\"search_term_string\"}}],\"inLanguage\":\"cs\"},{\"@type\":\"Organization\",\"@id\":\"https:\\\/\\\/shopatoa.com\\\/cz\\\/#organization\",\"name\":\"SHOPATOA Digital s.r.o.\",\"url\":\"https:\\\/\\\/shopatoa.com\\\/cz\\\/\",\"logo\":{\"@type\":\"ImageObject\",\"inLanguage\":\"cs\",\"@id\":\"https:\\\/\\\/shopatoa.com\\\/cz\\\/#\\\/schema\\\/logo\\\/image\\\/\",\"url\":\"https:\\\/\\\/storage.googleapis.com\\\/cz-shopatoa-img\\\/cz\\\/ebccf434-shopatoa_logo.png\",\"contentUrl\":\"https:\\\/\\\/storage.googleapis.com\\\/cz-shopatoa-img\\\/cz\\\/ebccf434-shopatoa_logo.png\",\"width\":416,\"height\":63,\"caption\":\"SHOPATOA Digital s.r.o.\"},\"image\":{\"@id\":\"https:\\\/\\\/shopatoa.com\\\/cz\\\/#\\\/schema\\\/logo\\\/image\\\/\"}}]}<\/script>\n<!-- \/ Yoast SEO plugin. -->","yoast_head_json":{"title":"Sisley Stylo Correct N\u00b01 korek\u010dn\u00ed tu\u017eka 1,7 g - SHOPATOA.COM","robots":{"index":"index","follow":"follow","max-snippet":"max-snippet:-1","max-image-preview":"max-image-preview:large","max-video-preview":"max-video-preview:-1"},"canonical":"https:\/\/shopatoa.com\/cz\/sisley-stylo-correct-n1-korekcni-tuzka-17-g\/","og_locale":"cs_CZ","og_type":"article","og_title":"Sisley Stylo Correct N\u00b01 korek\u010dn\u00ed tu\u017eka 1,7 g - SHOPATOA.COM","og_description":"Korek\u010dn\u00ed tu\u017eka Stylo Correct od Sisley Paris je z\u00e1rukou bezchybn\u00e9ho vzhledu pleti d\u00edky siln\u011b kryc\u00edmu slo\u017een\u00ed a kr\u00e9mov\u00e9 textu\u0159e, kter\u00e1 se snadno aplikuje.","og_url":"https:\/\/shopatoa.com\/cz\/sisley-stylo-correct-n1-korekcni-tuzka-17-g\/","og_site_name":"SHOPATOA","article_modified_time":"2026-02-03T11:28:17+00:00","og_image":[{"width":800,"height":800,"url":"https:\/\/storage.googleapis.com\/cz-shopatoa-img\/cz\/4a7cc08a-unnamed-file.webp","type":"image\/webp"}],"twitter_card":"summary_large_image","schema":{"@context":"https:\/\/schema.org","@graph":[{"@type":"WebPage","@id":"https:\/\/shopatoa.com\/cz\/sisley-stylo-correct-n1-korekcni-tuzka-17-g\/","url":"https:\/\/shopatoa.com\/cz\/sisley-stylo-correct-n1-korekcni-tuzka-17-g\/","name":"Sisley Stylo Correct N\u00b01 korek\u010dn\u00ed tu\u017eka 1,7 g - SHOPATOA.COM","isPartOf":{"@id":"https:\/\/shopatoa.com\/cz\/#website"},"primaryImageOfPage":{"@id":"https:\/\/shopatoa.com\/cz\/sisley-stylo-correct-n1-korekcni-tuzka-17-g\/#primaryimage"},"image":{"@id":"https:\/\/shopatoa.com\/cz\/sisley-stylo-correct-n1-korekcni-tuzka-17-g\/#primaryimage"},"thumbnailUrl":"https:\/\/storage.googleapis.com\/cz-shopatoa-img\/cz\/4a7cc08a-unnamed-file.webp","datePublished":"2025-05-17T20:21:28+00:00","dateModified":"2026-02-03T11:28:17+00:00","breadcrumb":{"@id":"https:\/\/shopatoa.com\/cz\/sisley-stylo-correct-n1-korekcni-tuzka-17-g\/#breadcrumb"},"inLanguage":"cs","potentialAction":[{"@type":"ReadAction","target":["https:\/\/shopatoa.com\/cz\/sisley-stylo-correct-n1-korekcni-tuzka-17-g\/"]}]},{"@type":"ImageObject","inLanguage":"cs","@id":"https:\/\/shopatoa.com\/cz\/sisley-stylo-correct-n1-korekcni-tuzka-17-g\/#primaryimage","url":"https:\/\/storage.googleapis.com\/cz-shopatoa-img\/cz\/4a7cc08a-unnamed-file.webp","contentUrl":"https:\/\/storage.googleapis.com\/cz-shopatoa-img\/cz\/4a7cc08a-unnamed-file.webp","width":800,"height":800},{"@type":"BreadcrumbList","@id":"https:\/\/shopatoa.com\/cz\/sisley-stylo-correct-n1-korekcni-tuzka-17-g\/#breadcrumb","itemListElement":[{"@type":"ListItem","position":1,"name":"Dom\u016f","item":"https:\/\/shopatoa.com\/cz\/"},{"@type":"ListItem","position":2,"name":"Produkty","item":"https:\/\/shopatoa.com\/cz\/shop\/"},{"@type":"ListItem","position":3,"name":"Uncategorized","item":"https:\/\/shopatoa.com\/cz\/uncategorized\/"},{"@type":"ListItem","position":4,"name":"Sisley Stylo Correct N\u00b01 korek\u010dn\u00ed tu\u017eka 1,7 g"}]},{"@type":"WebSite","@id":"https:\/\/shopatoa.com\/cz\/#website","url":"https:\/\/shopatoa.com\/cz\/","name":"SHOPATOA","description":"","publisher":{"@id":"https:\/\/shopatoa.com\/cz\/#organization"},"potentialAction":[{"@type":"SearchAction","target":{"@type":"EntryPoint","urlTemplate":"https:\/\/shopatoa.com\/cz\/?s={search_term_string}"},"query-input":{"@type":"PropertyValueSpecification","valueRequired":true,"valueName":"search_term_string"}}],"inLanguage":"cs"},{"@type":"Organization","@id":"https:\/\/shopatoa.com\/cz\/#organization","name":"SHOPATOA Digital s.r.o.","url":"https:\/\/shopatoa.com\/cz\/","logo":{"@type":"ImageObject","inLanguage":"cs","@id":"https:\/\/shopatoa.com\/cz\/#\/schema\/logo\/image\/","url":"https:\/\/storage.googleapis.com\/cz-shopatoa-img\/cz\/ebccf434-shopatoa_logo.png","contentUrl":"https:\/\/storage.googleapis.com\/cz-shopatoa-img\/cz\/ebccf434-shopatoa_logo.png","width":416,"height":63,"caption":"SHOPATOA Digital s.r.o."},"image":{"@id":"https:\/\/shopatoa.com\/cz\/#\/schema\/logo\/image\/"}}]}},"_links":{"self":[{"href":"https:\/\/shopatoa.com\/cz\/wp-json\/wp\/v2\/product\/271365","targetHints":{"allow":["GET"]}}],"collection":[{"href":"https:\/\/shopatoa.com\/cz\/wp-json\/wp\/v2\/product"}],"about":[{"href":"https:\/\/shopatoa.com\/cz\/wp-json\/wp\/v2\/types\/product"}],"replies":[{"embeddable":true,"href":"https:\/\/shopatoa.com\/cz\/wp-json\/wp\/v2\/comments?post=271365"}],"wp:featuredmedia":[{"embeddable":true,"href":"https:\/\/shopatoa.com\/cz\/wp-json\/wp\/v2\/media\/271366"}],"wp:attachment":[{"href":"https:\/\/shopatoa.com\/cz\/wp-json\/wp\/v2\/media?parent=271365"}],"wp:term":[{"taxonomy":"product_brand","embeddable":true,"href":"https:\/\/shopatoa.com\/cz\/wp-json\/wp\/v2\/product_brand?post=271365"},{"taxonomy":"product_cat","embeddable":true,"href":"https:\/\/shopatoa.com\/cz\/wp-json\/wp\/v2\/product_cat?post=271365"},{"taxonomy":"product_tag","embeddable":true,"href":"https:\/\/shopatoa.com\/cz\/wp-json\/wp\/v2\/product_tag?post=271365"}],"curies":[{"name":"wp","href":"https:\/\/api.w.org\/{rel}","templated":true}]}}