{"id":278221,"date":"2025-05-21T13:13:52","date_gmt":"2025-05-21T11:13:52","guid":{"rendered":"https:\/\/shopatoa.com\/cz\/?post_type=product&#038;p=278221"},"modified":"2026-02-04T03:50:29","modified_gmt":"2026-02-04T02:50:29","slug":"blendea-ashwagandha-90-kapsli-2","status":"publish","type":"product","link":"https:\/\/shopatoa.com\/cz\/blendea-ashwagandha-90-kapsli-2\/","title":{"rendered":"Blendea Ashwagandha 90 kapsl\u00ed"},"content":{"rendered":"<p>Ashwagandha v p\u0159\u00edpravku Blendea p\u016fsob\u00ed jako adaptogen, podporuje odolnost organismu proti stresu. Dod\u00e1v\u00e1 energii, vitalitu a pozitivn\u011b p\u016fsob\u00ed na du\u0161evn\u00ed zdrav\u00ed.<\/p>\n","protected":false},"excerpt":{"rendered":"<p>Ashwagandha v p\u0159\u00edpravku Blendea p\u016fsob\u00ed jako adaptogen, podporuje odolnost organismu proti stresu. Dod\u00e1v\u00e1 energii, vitalitu a pozitivn\u011b p\u016fsob\u00ed na du\u0161evn\u00ed zdrav\u00ed.<\/p>\n","protected":false},"featured_media":278222,"comment_status":"closed","ping_status":"open","template":"","meta":{"_acf_changed":false,"_kadence_starter_templates_imported_post":false,"_kad_post_transparent":"","_kad_post_title":"","_kad_post_layout":"","_kad_post_sidebar_id":"","_kad_post_content_style":"","_kad_post_vertical_padding":"","_kad_post_feature":"","_kad_post_feature_position":"","_kad_post_header":false,"_kad_post_footer":false,"_kad_post_classname":""},"product_brand":[1814],"product_cat":[349,350,348],"product_tag":[],"class_list":{"0":"post-278221","1":"product","2":"type-product","3":"status-publish","4":"has-post-thumbnail","6":"product_brand-blendea","7":"product_cat-leky-a-doplnky-stravy","8":"product_cat-vitaminy-a-doplnky-stravy","9":"product_cat-zdravi","11":"first","12":"instock","13":"sale","14":"product-type-external","15":"entry","16":"content-bg","17":"loop-entry"},"acf":[],"yoast_head":"<!-- This site is optimized with the Yoast SEO plugin v27.3 - https:\/\/yoast.com\/product\/yoast-seo-wordpress\/ -->\n<title>Blendea Ashwagandha 90 kapsl\u00ed - SHOPATOA.COM<\/title>\n<meta name=\"robots\" content=\"index, follow, max-snippet:-1, max-image-preview:large, max-video-preview:-1\" \/>\n<link rel=\"canonical\" href=\"https:\/\/shopatoa.com\/cz\/blendea-ashwagandha-90-kapsli-2\/\" \/>\n<meta property=\"og:locale\" content=\"cs_CZ\" \/>\n<meta property=\"og:type\" content=\"article\" \/>\n<meta property=\"og:title\" content=\"Blendea Ashwagandha 90 kapsl\u00ed - SHOPATOA.COM\" \/>\n<meta property=\"og:description\" content=\"Ashwagandha v p\u0159\u00edpravku Blendea p\u016fsob\u00ed jako adaptogen, podporuje odolnost organismu proti stresu. Dod\u00e1v\u00e1 energii, vitalitu a pozitivn\u011b p\u016fsob\u00ed na du\u0161evn\u00ed zdrav\u00ed.\" \/>\n<meta property=\"og:url\" content=\"https:\/\/shopatoa.com\/cz\/blendea-ashwagandha-90-kapsli-2\/\" \/>\n<meta property=\"og:site_name\" content=\"SHOPATOA\" \/>\n<meta property=\"article:modified_time\" content=\"2026-02-04T02:50:29+00:00\" \/>\n<meta property=\"og:image\" content=\"https:\/\/storage.googleapis.com\/cz-shopatoa-img\/cz\/e2745aad-unnamed-file.webp\" \/>\n\t<meta property=\"og:image:width\" content=\"800\" \/>\n\t<meta property=\"og:image:height\" content=\"800\" \/>\n\t<meta property=\"og:image:type\" content=\"image\/webp\" \/>\n<meta name=\"twitter:card\" content=\"summary_large_image\" \/>\n<script type=\"application\/ld+json\" class=\"yoast-schema-graph\">{\"@context\":\"https:\\\/\\\/schema.org\",\"@graph\":[{\"@type\":\"WebPage\",\"@id\":\"https:\\\/\\\/shopatoa.com\\\/cz\\\/blendea-ashwagandha-90-kapsli-2\\\/\",\"url\":\"https:\\\/\\\/shopatoa.com\\\/cz\\\/blendea-ashwagandha-90-kapsli-2\\\/\",\"name\":\"Blendea Ashwagandha 90 kapsl\u00ed - SHOPATOA.COM\",\"isPartOf\":{\"@id\":\"https:\\\/\\\/shopatoa.com\\\/cz\\\/#website\"},\"primaryImageOfPage\":{\"@id\":\"https:\\\/\\\/shopatoa.com\\\/cz\\\/blendea-ashwagandha-90-kapsli-2\\\/#primaryimage\"},\"image\":{\"@id\":\"https:\\\/\\\/shopatoa.com\\\/cz\\\/blendea-ashwagandha-90-kapsli-2\\\/#primaryimage\"},\"thumbnailUrl\":\"https:\\\/\\\/storage.googleapis.com\\\/cz-shopatoa-img\\\/cz\\\/e2745aad-unnamed-file.webp\",\"datePublished\":\"2025-05-21T11:13:52+00:00\",\"dateModified\":\"2026-02-04T02:50:29+00:00\",\"breadcrumb\":{\"@id\":\"https:\\\/\\\/shopatoa.com\\\/cz\\\/blendea-ashwagandha-90-kapsli-2\\\/#breadcrumb\"},\"inLanguage\":\"cs\",\"potentialAction\":[{\"@type\":\"ReadAction\",\"target\":[\"https:\\\/\\\/shopatoa.com\\\/cz\\\/blendea-ashwagandha-90-kapsli-2\\\/\"]}]},{\"@type\":\"ImageObject\",\"inLanguage\":\"cs\",\"@id\":\"https:\\\/\\\/shopatoa.com\\\/cz\\\/blendea-ashwagandha-90-kapsli-2\\\/#primaryimage\",\"url\":\"https:\\\/\\\/storage.googleapis.com\\\/cz-shopatoa-img\\\/cz\\\/e2745aad-unnamed-file.webp\",\"contentUrl\":\"https:\\\/\\\/storage.googleapis.com\\\/cz-shopatoa-img\\\/cz\\\/e2745aad-unnamed-file.webp\",\"width\":800,\"height\":800},{\"@type\":\"BreadcrumbList\",\"@id\":\"https:\\\/\\\/shopatoa.com\\\/cz\\\/blendea-ashwagandha-90-kapsli-2\\\/#breadcrumb\",\"itemListElement\":[{\"@type\":\"ListItem\",\"position\":1,\"name\":\"Dom\u016f\",\"item\":\"https:\\\/\\\/shopatoa.com\\\/cz\\\/\"},{\"@type\":\"ListItem\",\"position\":2,\"name\":\"Produkty\",\"item\":\"https:\\\/\\\/shopatoa.com\\\/cz\\\/shop\\\/\"},{\"@type\":\"ListItem\",\"position\":3,\"name\":\"Zdrav\u00ed\",\"item\":\"https:\\\/\\\/shopatoa.com\\\/cz\\\/zdravi\\\/\"},{\"@type\":\"ListItem\",\"position\":4,\"name\":\"L\u00e9ky a dopl\u0148ky stravy\",\"item\":\"https:\\\/\\\/shopatoa.com\\\/cz\\\/leky-a-doplnky-stravy\\\/\"},{\"@type\":\"ListItem\",\"position\":5,\"name\":\"Vitam\u00edny a dopl\u0148ky stravy\",\"item\":\"https:\\\/\\\/shopatoa.com\\\/cz\\\/vitaminy-a-doplnky-stravy\\\/\"},{\"@type\":\"ListItem\",\"position\":6,\"name\":\"Blendea Ashwagandha 90 kapsl\u00ed\"}]},{\"@type\":\"WebSite\",\"@id\":\"https:\\\/\\\/shopatoa.com\\\/cz\\\/#website\",\"url\":\"https:\\\/\\\/shopatoa.com\\\/cz\\\/\",\"name\":\"SHOPATOA\",\"description\":\"\",\"publisher\":{\"@id\":\"https:\\\/\\\/shopatoa.com\\\/cz\\\/#organization\"},\"potentialAction\":[{\"@type\":\"SearchAction\",\"target\":{\"@type\":\"EntryPoint\",\"urlTemplate\":\"https:\\\/\\\/shopatoa.com\\\/cz\\\/?s={search_term_string}\"},\"query-input\":{\"@type\":\"PropertyValueSpecification\",\"valueRequired\":true,\"valueName\":\"search_term_string\"}}],\"inLanguage\":\"cs\"},{\"@type\":\"Organization\",\"@id\":\"https:\\\/\\\/shopatoa.com\\\/cz\\\/#organization\",\"name\":\"SHOPATOA Digital s.r.o.\",\"url\":\"https:\\\/\\\/shopatoa.com\\\/cz\\\/\",\"logo\":{\"@type\":\"ImageObject\",\"inLanguage\":\"cs\",\"@id\":\"https:\\\/\\\/shopatoa.com\\\/cz\\\/#\\\/schema\\\/logo\\\/image\\\/\",\"url\":\"https:\\\/\\\/storage.googleapis.com\\\/cz-shopatoa-img\\\/cz\\\/ebccf434-shopatoa_logo.png\",\"contentUrl\":\"https:\\\/\\\/storage.googleapis.com\\\/cz-shopatoa-img\\\/cz\\\/ebccf434-shopatoa_logo.png\",\"width\":416,\"height\":63,\"caption\":\"SHOPATOA Digital s.r.o.\"},\"image\":{\"@id\":\"https:\\\/\\\/shopatoa.com\\\/cz\\\/#\\\/schema\\\/logo\\\/image\\\/\"}}]}<\/script>\n<!-- \/ Yoast SEO plugin. -->","yoast_head_json":{"title":"Blendea Ashwagandha 90 kapsl\u00ed - SHOPATOA.COM","robots":{"index":"index","follow":"follow","max-snippet":"max-snippet:-1","max-image-preview":"max-image-preview:large","max-video-preview":"max-video-preview:-1"},"canonical":"https:\/\/shopatoa.com\/cz\/blendea-ashwagandha-90-kapsli-2\/","og_locale":"cs_CZ","og_type":"article","og_title":"Blendea Ashwagandha 90 kapsl\u00ed - SHOPATOA.COM","og_description":"Ashwagandha v p\u0159\u00edpravku Blendea p\u016fsob\u00ed jako adaptogen, podporuje odolnost organismu proti stresu. Dod\u00e1v\u00e1 energii, vitalitu a pozitivn\u011b p\u016fsob\u00ed na du\u0161evn\u00ed zdrav\u00ed.","og_url":"https:\/\/shopatoa.com\/cz\/blendea-ashwagandha-90-kapsli-2\/","og_site_name":"SHOPATOA","article_modified_time":"2026-02-04T02:50:29+00:00","og_image":[{"width":800,"height":800,"url":"https:\/\/storage.googleapis.com\/cz-shopatoa-img\/cz\/e2745aad-unnamed-file.webp","type":"image\/webp"}],"twitter_card":"summary_large_image","schema":{"@context":"https:\/\/schema.org","@graph":[{"@type":"WebPage","@id":"https:\/\/shopatoa.com\/cz\/blendea-ashwagandha-90-kapsli-2\/","url":"https:\/\/shopatoa.com\/cz\/blendea-ashwagandha-90-kapsli-2\/","name":"Blendea Ashwagandha 90 kapsl\u00ed - SHOPATOA.COM","isPartOf":{"@id":"https:\/\/shopatoa.com\/cz\/#website"},"primaryImageOfPage":{"@id":"https:\/\/shopatoa.com\/cz\/blendea-ashwagandha-90-kapsli-2\/#primaryimage"},"image":{"@id":"https:\/\/shopatoa.com\/cz\/blendea-ashwagandha-90-kapsli-2\/#primaryimage"},"thumbnailUrl":"https:\/\/storage.googleapis.com\/cz-shopatoa-img\/cz\/e2745aad-unnamed-file.webp","datePublished":"2025-05-21T11:13:52+00:00","dateModified":"2026-02-04T02:50:29+00:00","breadcrumb":{"@id":"https:\/\/shopatoa.com\/cz\/blendea-ashwagandha-90-kapsli-2\/#breadcrumb"},"inLanguage":"cs","potentialAction":[{"@type":"ReadAction","target":["https:\/\/shopatoa.com\/cz\/blendea-ashwagandha-90-kapsli-2\/"]}]},{"@type":"ImageObject","inLanguage":"cs","@id":"https:\/\/shopatoa.com\/cz\/blendea-ashwagandha-90-kapsli-2\/#primaryimage","url":"https:\/\/storage.googleapis.com\/cz-shopatoa-img\/cz\/e2745aad-unnamed-file.webp","contentUrl":"https:\/\/storage.googleapis.com\/cz-shopatoa-img\/cz\/e2745aad-unnamed-file.webp","width":800,"height":800},{"@type":"BreadcrumbList","@id":"https:\/\/shopatoa.com\/cz\/blendea-ashwagandha-90-kapsli-2\/#breadcrumb","itemListElement":[{"@type":"ListItem","position":1,"name":"Dom\u016f","item":"https:\/\/shopatoa.com\/cz\/"},{"@type":"ListItem","position":2,"name":"Produkty","item":"https:\/\/shopatoa.com\/cz\/shop\/"},{"@type":"ListItem","position":3,"name":"Zdrav\u00ed","item":"https:\/\/shopatoa.com\/cz\/zdravi\/"},{"@type":"ListItem","position":4,"name":"L\u00e9ky a dopl\u0148ky stravy","item":"https:\/\/shopatoa.com\/cz\/leky-a-doplnky-stravy\/"},{"@type":"ListItem","position":5,"name":"Vitam\u00edny a dopl\u0148ky stravy","item":"https:\/\/shopatoa.com\/cz\/vitaminy-a-doplnky-stravy\/"},{"@type":"ListItem","position":6,"name":"Blendea Ashwagandha 90 kapsl\u00ed"}]},{"@type":"WebSite","@id":"https:\/\/shopatoa.com\/cz\/#website","url":"https:\/\/shopatoa.com\/cz\/","name":"SHOPATOA","description":"","publisher":{"@id":"https:\/\/shopatoa.com\/cz\/#organization"},"potentialAction":[{"@type":"SearchAction","target":{"@type":"EntryPoint","urlTemplate":"https:\/\/shopatoa.com\/cz\/?s={search_term_string}"},"query-input":{"@type":"PropertyValueSpecification","valueRequired":true,"valueName":"search_term_string"}}],"inLanguage":"cs"},{"@type":"Organization","@id":"https:\/\/shopatoa.com\/cz\/#organization","name":"SHOPATOA Digital s.r.o.","url":"https:\/\/shopatoa.com\/cz\/","logo":{"@type":"ImageObject","inLanguage":"cs","@id":"https:\/\/shopatoa.com\/cz\/#\/schema\/logo\/image\/","url":"https:\/\/storage.googleapis.com\/cz-shopatoa-img\/cz\/ebccf434-shopatoa_logo.png","contentUrl":"https:\/\/storage.googleapis.com\/cz-shopatoa-img\/cz\/ebccf434-shopatoa_logo.png","width":416,"height":63,"caption":"SHOPATOA Digital s.r.o."},"image":{"@id":"https:\/\/shopatoa.com\/cz\/#\/schema\/logo\/image\/"}}]}},"_links":{"self":[{"href":"https:\/\/shopatoa.com\/cz\/wp-json\/wp\/v2\/product\/278221","targetHints":{"allow":["GET"]}}],"collection":[{"href":"https:\/\/shopatoa.com\/cz\/wp-json\/wp\/v2\/product"}],"about":[{"href":"https:\/\/shopatoa.com\/cz\/wp-json\/wp\/v2\/types\/product"}],"replies":[{"embeddable":true,"href":"https:\/\/shopatoa.com\/cz\/wp-json\/wp\/v2\/comments?post=278221"}],"wp:featuredmedia":[{"embeddable":true,"href":"https:\/\/shopatoa.com\/cz\/wp-json\/wp\/v2\/media\/278222"}],"wp:attachment":[{"href":"https:\/\/shopatoa.com\/cz\/wp-json\/wp\/v2\/media?parent=278221"}],"wp:term":[{"taxonomy":"product_brand","embeddable":true,"href":"https:\/\/shopatoa.com\/cz\/wp-json\/wp\/v2\/product_brand?post=278221"},{"taxonomy":"product_cat","embeddable":true,"href":"https:\/\/shopatoa.com\/cz\/wp-json\/wp\/v2\/product_cat?post=278221"},{"taxonomy":"product_tag","embeddable":true,"href":"https:\/\/shopatoa.com\/cz\/wp-json\/wp\/v2\/product_tag?post=278221"}],"curies":[{"name":"wp","href":"https:\/\/api.w.org\/{rel}","templated":true}]}}