{"id":278972,"date":"2025-05-22T20:23:08","date_gmt":"2025-05-22T18:23:08","guid":{"rendered":"https:\/\/shopatoa.com\/cz\/?post_type=product&#038;p=278972"},"modified":"2026-02-01T15:19:04","modified_gmt":"2026-02-01T14:19:04","slug":"ibumax-400-mg-50-tablet","status":"publish","type":"product","link":"https:\/\/shopatoa.com\/cz\/ibumax-400-mg-50-tablet\/","title":{"rendered":"Ibumax 400 mg 50 tablet"},"content":{"rendered":"<p>Ibumax 400 mg je l\u00e9\u010div\u00fd p\u0159\u00edpravek, kter\u00fd se u\u017e\u00edv\u00e1 k\u00a0tlumen\u00ed m\u00edrn\u00e9 a\u017e st\u0159edn\u011b siln\u00e9 bolesti a tlumen\u00ed z\u00e1n\u011btu u dosp\u011bl\u00fdch, dosp\u00edvaj\u00edc\u00edch a d\u011bt\u00ed od 6 let.<\/p>\n","protected":false},"excerpt":{"rendered":"<p>Ibumax 400 mg je l\u00e9\u010div\u00fd p\u0159\u00edpravek, kter\u00fd se u\u017e\u00edv\u00e1 k\u00a0tlumen\u00ed m\u00edrn\u00e9 a\u017e st\u0159edn\u011b siln\u00e9 bolesti a tlumen\u00ed z\u00e1n\u011btu u dosp\u011bl\u00fdch, dosp\u00edvaj\u00edc\u00edch a d\u011bt\u00ed od 6 let.<\/p>\n","protected":false},"featured_media":278973,"comment_status":"closed","ping_status":"open","template":"","meta":{"_acf_changed":false,"_kadence_starter_templates_imported_post":false,"_kad_post_transparent":"","_kad_post_title":"","_kad_post_layout":"","_kad_post_sidebar_id":"","_kad_post_content_style":"","_kad_post_vertical_padding":"","_kad_post_feature":"","_kad_post_feature_position":"","_kad_post_header":false,"_kad_post_footer":false,"_kad_post_classname":""},"product_brand":[953],"product_cat":[349,363,348],"product_tag":[],"class_list":{"0":"post-278972","1":"product","2":"type-product","3":"status-publish","4":"has-post-thumbnail","6":"product_brand-ibumax","7":"product_cat-leky-a-doplnky-stravy","8":"product_cat-volne-prodejne-leky","9":"product_cat-zdravi","11":"first","12":"instock","13":"sale","14":"product-type-external","15":"entry","16":"content-bg","17":"loop-entry"},"acf":[],"yoast_head":"<!-- This site is optimized with the Yoast SEO plugin v27.3 - https:\/\/yoast.com\/product\/yoast-seo-wordpress\/ -->\n<title>Ibumax 400 mg 50 tablet - SHOPATOA.COM<\/title>\n<meta name=\"robots\" content=\"index, follow, max-snippet:-1, max-image-preview:large, max-video-preview:-1\" \/>\n<link rel=\"canonical\" href=\"https:\/\/shopatoa.com\/cz\/ibumax-400-mg-50-tablet\/\" \/>\n<meta property=\"og:locale\" content=\"cs_CZ\" \/>\n<meta property=\"og:type\" content=\"article\" \/>\n<meta property=\"og:title\" content=\"Ibumax 400 mg 50 tablet - SHOPATOA.COM\" \/>\n<meta property=\"og:description\" content=\"Ibumax 400 mg je l\u00e9\u010div\u00fd p\u0159\u00edpravek, kter\u00fd se u\u017e\u00edv\u00e1 k\u00a0tlumen\u00ed m\u00edrn\u00e9 a\u017e st\u0159edn\u011b siln\u00e9 bolesti a tlumen\u00ed z\u00e1n\u011btu u dosp\u011bl\u00fdch, dosp\u00edvaj\u00edc\u00edch a d\u011bt\u00ed od 6 let.\" \/>\n<meta property=\"og:url\" content=\"https:\/\/shopatoa.com\/cz\/ibumax-400-mg-50-tablet\/\" \/>\n<meta property=\"og:site_name\" content=\"SHOPATOA\" \/>\n<meta property=\"article:modified_time\" content=\"2026-02-01T14:19:04+00:00\" \/>\n<meta property=\"og:image\" content=\"https:\/\/storage.googleapis.com\/cz-shopatoa-img\/cz\/60242863-unnamed-file.webp\" \/>\n\t<meta property=\"og:image:width\" content=\"800\" \/>\n\t<meta property=\"og:image:height\" content=\"800\" \/>\n\t<meta property=\"og:image:type\" content=\"image\/webp\" \/>\n<meta name=\"twitter:card\" content=\"summary_large_image\" \/>\n<script type=\"application\/ld+json\" class=\"yoast-schema-graph\">{\"@context\":\"https:\\\/\\\/schema.org\",\"@graph\":[{\"@type\":\"WebPage\",\"@id\":\"https:\\\/\\\/shopatoa.com\\\/cz\\\/ibumax-400-mg-50-tablet\\\/\",\"url\":\"https:\\\/\\\/shopatoa.com\\\/cz\\\/ibumax-400-mg-50-tablet\\\/\",\"name\":\"Ibumax 400 mg 50 tablet - SHOPATOA.COM\",\"isPartOf\":{\"@id\":\"https:\\\/\\\/shopatoa.com\\\/cz\\\/#website\"},\"primaryImageOfPage\":{\"@id\":\"https:\\\/\\\/shopatoa.com\\\/cz\\\/ibumax-400-mg-50-tablet\\\/#primaryimage\"},\"image\":{\"@id\":\"https:\\\/\\\/shopatoa.com\\\/cz\\\/ibumax-400-mg-50-tablet\\\/#primaryimage\"},\"thumbnailUrl\":\"https:\\\/\\\/storage.googleapis.com\\\/cz-shopatoa-img\\\/cz\\\/60242863-unnamed-file.webp\",\"datePublished\":\"2025-05-22T18:23:08+00:00\",\"dateModified\":\"2026-02-01T14:19:04+00:00\",\"breadcrumb\":{\"@id\":\"https:\\\/\\\/shopatoa.com\\\/cz\\\/ibumax-400-mg-50-tablet\\\/#breadcrumb\"},\"inLanguage\":\"cs\",\"potentialAction\":[{\"@type\":\"ReadAction\",\"target\":[\"https:\\\/\\\/shopatoa.com\\\/cz\\\/ibumax-400-mg-50-tablet\\\/\"]}]},{\"@type\":\"ImageObject\",\"inLanguage\":\"cs\",\"@id\":\"https:\\\/\\\/shopatoa.com\\\/cz\\\/ibumax-400-mg-50-tablet\\\/#primaryimage\",\"url\":\"https:\\\/\\\/storage.googleapis.com\\\/cz-shopatoa-img\\\/cz\\\/60242863-unnamed-file.webp\",\"contentUrl\":\"https:\\\/\\\/storage.googleapis.com\\\/cz-shopatoa-img\\\/cz\\\/60242863-unnamed-file.webp\",\"width\":800,\"height\":800},{\"@type\":\"BreadcrumbList\",\"@id\":\"https:\\\/\\\/shopatoa.com\\\/cz\\\/ibumax-400-mg-50-tablet\\\/#breadcrumb\",\"itemListElement\":[{\"@type\":\"ListItem\",\"position\":1,\"name\":\"Dom\u016f\",\"item\":\"https:\\\/\\\/shopatoa.com\\\/cz\\\/\"},{\"@type\":\"ListItem\",\"position\":2,\"name\":\"Produkty\",\"item\":\"https:\\\/\\\/shopatoa.com\\\/cz\\\/shop\\\/\"},{\"@type\":\"ListItem\",\"position\":3,\"name\":\"Zdrav\u00ed\",\"item\":\"https:\\\/\\\/shopatoa.com\\\/cz\\\/zdravi\\\/\"},{\"@type\":\"ListItem\",\"position\":4,\"name\":\"L\u00e9ky a dopl\u0148ky stravy\",\"item\":\"https:\\\/\\\/shopatoa.com\\\/cz\\\/leky-a-doplnky-stravy\\\/\"},{\"@type\":\"ListItem\",\"position\":5,\"name\":\"Voln\u011b prodejn\u00e9 l\u00e9ky\",\"item\":\"https:\\\/\\\/shopatoa.com\\\/cz\\\/volne-prodejne-leky\\\/\"},{\"@type\":\"ListItem\",\"position\":6,\"name\":\"Ibumax 400 mg 50 tablet\"}]},{\"@type\":\"WebSite\",\"@id\":\"https:\\\/\\\/shopatoa.com\\\/cz\\\/#website\",\"url\":\"https:\\\/\\\/shopatoa.com\\\/cz\\\/\",\"name\":\"SHOPATOA\",\"description\":\"\",\"publisher\":{\"@id\":\"https:\\\/\\\/shopatoa.com\\\/cz\\\/#organization\"},\"potentialAction\":[{\"@type\":\"SearchAction\",\"target\":{\"@type\":\"EntryPoint\",\"urlTemplate\":\"https:\\\/\\\/shopatoa.com\\\/cz\\\/?s={search_term_string}\"},\"query-input\":{\"@type\":\"PropertyValueSpecification\",\"valueRequired\":true,\"valueName\":\"search_term_string\"}}],\"inLanguage\":\"cs\"},{\"@type\":\"Organization\",\"@id\":\"https:\\\/\\\/shopatoa.com\\\/cz\\\/#organization\",\"name\":\"SHOPATOA Digital s.r.o.\",\"url\":\"https:\\\/\\\/shopatoa.com\\\/cz\\\/\",\"logo\":{\"@type\":\"ImageObject\",\"inLanguage\":\"cs\",\"@id\":\"https:\\\/\\\/shopatoa.com\\\/cz\\\/#\\\/schema\\\/logo\\\/image\\\/\",\"url\":\"https:\\\/\\\/storage.googleapis.com\\\/cz-shopatoa-img\\\/cz\\\/ebccf434-shopatoa_logo.png\",\"contentUrl\":\"https:\\\/\\\/storage.googleapis.com\\\/cz-shopatoa-img\\\/cz\\\/ebccf434-shopatoa_logo.png\",\"width\":416,\"height\":63,\"caption\":\"SHOPATOA Digital s.r.o.\"},\"image\":{\"@id\":\"https:\\\/\\\/shopatoa.com\\\/cz\\\/#\\\/schema\\\/logo\\\/image\\\/\"}}]}<\/script>\n<!-- \/ Yoast SEO plugin. -->","yoast_head_json":{"title":"Ibumax 400 mg 50 tablet - SHOPATOA.COM","robots":{"index":"index","follow":"follow","max-snippet":"max-snippet:-1","max-image-preview":"max-image-preview:large","max-video-preview":"max-video-preview:-1"},"canonical":"https:\/\/shopatoa.com\/cz\/ibumax-400-mg-50-tablet\/","og_locale":"cs_CZ","og_type":"article","og_title":"Ibumax 400 mg 50 tablet - SHOPATOA.COM","og_description":"Ibumax 400 mg je l\u00e9\u010div\u00fd p\u0159\u00edpravek, kter\u00fd se u\u017e\u00edv\u00e1 k\u00a0tlumen\u00ed m\u00edrn\u00e9 a\u017e st\u0159edn\u011b siln\u00e9 bolesti a tlumen\u00ed z\u00e1n\u011btu u dosp\u011bl\u00fdch, dosp\u00edvaj\u00edc\u00edch a d\u011bt\u00ed od 6 let.","og_url":"https:\/\/shopatoa.com\/cz\/ibumax-400-mg-50-tablet\/","og_site_name":"SHOPATOA","article_modified_time":"2026-02-01T14:19:04+00:00","og_image":[{"width":800,"height":800,"url":"https:\/\/storage.googleapis.com\/cz-shopatoa-img\/cz\/60242863-unnamed-file.webp","type":"image\/webp"}],"twitter_card":"summary_large_image","schema":{"@context":"https:\/\/schema.org","@graph":[{"@type":"WebPage","@id":"https:\/\/shopatoa.com\/cz\/ibumax-400-mg-50-tablet\/","url":"https:\/\/shopatoa.com\/cz\/ibumax-400-mg-50-tablet\/","name":"Ibumax 400 mg 50 tablet - SHOPATOA.COM","isPartOf":{"@id":"https:\/\/shopatoa.com\/cz\/#website"},"primaryImageOfPage":{"@id":"https:\/\/shopatoa.com\/cz\/ibumax-400-mg-50-tablet\/#primaryimage"},"image":{"@id":"https:\/\/shopatoa.com\/cz\/ibumax-400-mg-50-tablet\/#primaryimage"},"thumbnailUrl":"https:\/\/storage.googleapis.com\/cz-shopatoa-img\/cz\/60242863-unnamed-file.webp","datePublished":"2025-05-22T18:23:08+00:00","dateModified":"2026-02-01T14:19:04+00:00","breadcrumb":{"@id":"https:\/\/shopatoa.com\/cz\/ibumax-400-mg-50-tablet\/#breadcrumb"},"inLanguage":"cs","potentialAction":[{"@type":"ReadAction","target":["https:\/\/shopatoa.com\/cz\/ibumax-400-mg-50-tablet\/"]}]},{"@type":"ImageObject","inLanguage":"cs","@id":"https:\/\/shopatoa.com\/cz\/ibumax-400-mg-50-tablet\/#primaryimage","url":"https:\/\/storage.googleapis.com\/cz-shopatoa-img\/cz\/60242863-unnamed-file.webp","contentUrl":"https:\/\/storage.googleapis.com\/cz-shopatoa-img\/cz\/60242863-unnamed-file.webp","width":800,"height":800},{"@type":"BreadcrumbList","@id":"https:\/\/shopatoa.com\/cz\/ibumax-400-mg-50-tablet\/#breadcrumb","itemListElement":[{"@type":"ListItem","position":1,"name":"Dom\u016f","item":"https:\/\/shopatoa.com\/cz\/"},{"@type":"ListItem","position":2,"name":"Produkty","item":"https:\/\/shopatoa.com\/cz\/shop\/"},{"@type":"ListItem","position":3,"name":"Zdrav\u00ed","item":"https:\/\/shopatoa.com\/cz\/zdravi\/"},{"@type":"ListItem","position":4,"name":"L\u00e9ky a dopl\u0148ky stravy","item":"https:\/\/shopatoa.com\/cz\/leky-a-doplnky-stravy\/"},{"@type":"ListItem","position":5,"name":"Voln\u011b prodejn\u00e9 l\u00e9ky","item":"https:\/\/shopatoa.com\/cz\/volne-prodejne-leky\/"},{"@type":"ListItem","position":6,"name":"Ibumax 400 mg 50 tablet"}]},{"@type":"WebSite","@id":"https:\/\/shopatoa.com\/cz\/#website","url":"https:\/\/shopatoa.com\/cz\/","name":"SHOPATOA","description":"","publisher":{"@id":"https:\/\/shopatoa.com\/cz\/#organization"},"potentialAction":[{"@type":"SearchAction","target":{"@type":"EntryPoint","urlTemplate":"https:\/\/shopatoa.com\/cz\/?s={search_term_string}"},"query-input":{"@type":"PropertyValueSpecification","valueRequired":true,"valueName":"search_term_string"}}],"inLanguage":"cs"},{"@type":"Organization","@id":"https:\/\/shopatoa.com\/cz\/#organization","name":"SHOPATOA Digital s.r.o.","url":"https:\/\/shopatoa.com\/cz\/","logo":{"@type":"ImageObject","inLanguage":"cs","@id":"https:\/\/shopatoa.com\/cz\/#\/schema\/logo\/image\/","url":"https:\/\/storage.googleapis.com\/cz-shopatoa-img\/cz\/ebccf434-shopatoa_logo.png","contentUrl":"https:\/\/storage.googleapis.com\/cz-shopatoa-img\/cz\/ebccf434-shopatoa_logo.png","width":416,"height":63,"caption":"SHOPATOA Digital s.r.o."},"image":{"@id":"https:\/\/shopatoa.com\/cz\/#\/schema\/logo\/image\/"}}]}},"_links":{"self":[{"href":"https:\/\/shopatoa.com\/cz\/wp-json\/wp\/v2\/product\/278972","targetHints":{"allow":["GET"]}}],"collection":[{"href":"https:\/\/shopatoa.com\/cz\/wp-json\/wp\/v2\/product"}],"about":[{"href":"https:\/\/shopatoa.com\/cz\/wp-json\/wp\/v2\/types\/product"}],"replies":[{"embeddable":true,"href":"https:\/\/shopatoa.com\/cz\/wp-json\/wp\/v2\/comments?post=278972"}],"wp:featuredmedia":[{"embeddable":true,"href":"https:\/\/shopatoa.com\/cz\/wp-json\/wp\/v2\/media\/278973"}],"wp:attachment":[{"href":"https:\/\/shopatoa.com\/cz\/wp-json\/wp\/v2\/media?parent=278972"}],"wp:term":[{"taxonomy":"product_brand","embeddable":true,"href":"https:\/\/shopatoa.com\/cz\/wp-json\/wp\/v2\/product_brand?post=278972"},{"taxonomy":"product_cat","embeddable":true,"href":"https:\/\/shopatoa.com\/cz\/wp-json\/wp\/v2\/product_cat?post=278972"},{"taxonomy":"product_tag","embeddable":true,"href":"https:\/\/shopatoa.com\/cz\/wp-json\/wp\/v2\/product_tag?post=278972"}],"curies":[{"name":"wp","href":"https:\/\/api.w.org\/{rel}","templated":true}]}}