{"id":100851,"date":"2025-06-10T03:39:28","date_gmt":"2025-06-10T01:39:28","guid":{"rendered":"https:\/\/shopatoa.com\/it\/loreal-paris-preference-tinta-per-capelli-colore-7-1-ashy-blond\/"},"modified":"2025-06-10T03:40:06","modified_gmt":"2025-06-10T01:40:06","slug":"loreal-paris-preference-tinta-per-capelli-colore-7-1-ashy-blond","status":"publish","type":"product","link":"https:\/\/shopatoa.com\/it\/loreal-paris-preference-tinta-per-capelli-colore-7-1-ashy-blond\/","title":{"rendered":"L\u2019Or\u00e9al Paris Pr\u00e9f\u00e9rence tinta per capelli colore 7.1 Ashy Blond"},"content":{"rendered":"<p>L\u2019Or\u00e9al Paris Pr\u00e9f\u00e9rence, Tinte per capelli per donna, Vuoi ottenere una tonalit\u00e0 di colore brillante a lunga tenuta, coprire i capelli bianchi o cambiare completamente il colore dei tuoi capelli? La tinta permanente per capelli L\u2019Or\u00e9al Paris Pr\u00e9f\u00e9rence ti regaler\u00e0 il risultato desiderato. Dona ai capelli una tonalit\u00e0 di colore intensa e una lucentezza radiosa, ma a differenza delle tinte semipermanenti, dei prodotti e degli shampoo coloranti, non si lava via n\u00e9 sbiadisce gradualmente, assicurando cos\u00ec ai tuoi capelli una tinta perfetta per molte settimane. La composizione con pigmenti penetra in profondit\u00e0 nella fibra capillare, garantendo un effetto cromatico duraturo che si lava via lentamente nonch\u00e9, per esempio, una copertura perfetta dei capelli grigi. Sia che tu desideri uniformare il colore naturale dei tuoi capelli o cambiarlo completamente, questa tinta permanente non ti deluder\u00e0.  Caratteristiche:  il colore rimane a lungo bello e intenso dona ai capelli nutrimento e idratazione dona lucentezza ai capelli opachi ha una lunga durata copre i capelli grigi  Modo d\u2019uso: Utilizzare secondo le istruzioni nella confezione.<\/p>\n","protected":false},"excerpt":{"rendered":"<p>L\u2019Or\u00e9al Paris Pr\u00e9f\u00e9rence, Tinte per capelli per donna, Vuoi ottenere una tonalit\u00e0 di colore brillante a lunga tenuta, coprire i capelli bianchi o cambiare completamente il colore dei tuoi capelli? La tinta permanente per capelli L\u2019Or\u00e9al Paris Pr\u00e9f\u00e9rence ti regaler\u00e0 il risultato desiderato. Dona ai capelli una tonalit\u00e0 di colore intensa e una lucentezza radiosa,&#8230;<\/p>\n","protected":false},"featured_media":100852,"comment_status":"closed","ping_status":"open","template":"","meta":{"_acf_changed":false,"_kadence_starter_templates_imported_post":false,"_kad_post_transparent":"","_kad_post_title":"","_kad_post_layout":"","_kad_post_sidebar_id":"","_kad_post_content_style":"","_kad_post_vertical_padding":"","_kad_post_feature":"","_kad_post_feature_position":"","_kad_post_header":false,"_kad_post_footer":false,"_kad_post_classname":""},"product_brand":[954],"product_cat":[65],"product_tag":[],"class_list":{"0":"post-100851","1":"product","2":"type-product","3":"status-publish","4":"has-post-thumbnail","6":"product_brand-loreal-paris","7":"product_cat-salute-e-bellezza","8":"pa_genere-female","10":"first","11":"instock","12":"product-type-external","13":"entry","14":"content-bg","15":"loop-entry"},"acf":[],"yoast_head":"<!-- This site is optimized with the Yoast SEO plugin v27.4 - https:\/\/yoast.com\/product\/yoast-seo-wordpress\/ -->\n<title>L\u2019Or\u00e9al Paris Pr\u00e9f\u00e9rence tinta per capelli colore 7.1 Ashy Blond - SHOPATOA.COM<\/title>\n<meta name=\"robots\" content=\"index, follow, max-snippet:-1, max-image-preview:large, max-video-preview:-1\" \/>\n<link rel=\"canonical\" href=\"https:\/\/shopatoa.com\/it\/loreal-paris-preference-tinta-per-capelli-colore-7-1-ashy-blond\/\" \/>\n<meta property=\"og:locale\" content=\"it_IT\" \/>\n<meta property=\"og:type\" content=\"article\" \/>\n<meta property=\"og:title\" content=\"L\u2019Or\u00e9al Paris Pr\u00e9f\u00e9rence tinta per capelli colore 7.1 Ashy Blond - SHOPATOA.COM\" \/>\n<meta property=\"og:description\" content=\"L\u2019Or\u00e9al Paris Pr\u00e9f\u00e9rence, Tinte per capelli per donna, Vuoi ottenere una tonalit\u00e0 di colore brillante a lunga tenuta, coprire i capelli bianchi o cambiare completamente il colore dei tuoi capelli? La tinta permanente per capelli L\u2019Or\u00e9al Paris Pr\u00e9f\u00e9rence ti regaler\u00e0 il risultato desiderato. Dona ai capelli una tonalit\u00e0 di colore intensa e una lucentezza radiosa,...\" \/>\n<meta property=\"og:url\" content=\"https:\/\/shopatoa.com\/it\/loreal-paris-preference-tinta-per-capelli-colore-7-1-ashy-blond\/\" \/>\n<meta property=\"og:site_name\" content=\"SHOPATOA\" \/>\n<meta property=\"article:modified_time\" content=\"2025-06-10T01:40:06+00:00\" \/>\n<meta property=\"og:image\" content=\"https:\/\/storage.googleapis.com\/cz-shopatoa-img\/it\/64a60375-unnamed-file.webp\" \/>\n\t<meta property=\"og:image:width\" content=\"800\" \/>\n\t<meta property=\"og:image:height\" content=\"800\" \/>\n\t<meta property=\"og:image:type\" content=\"image\/webp\" \/>\n<meta name=\"twitter:card\" content=\"summary_large_image\" \/>\n<meta name=\"twitter:label1\" content=\"Tempo di lettura stimato\" \/>\n\t<meta name=\"twitter:data1\" content=\"1 minuto\" \/>\n<script type=\"application\/ld+json\" class=\"yoast-schema-graph\">{\"@context\":\"https:\\\/\\\/schema.org\",\"@graph\":[{\"@type\":\"WebPage\",\"@id\":\"https:\\\/\\\/shopatoa.com\\\/it\\\/loreal-paris-preference-tinta-per-capelli-colore-7-1-ashy-blond\\\/\",\"url\":\"https:\\\/\\\/shopatoa.com\\\/it\\\/loreal-paris-preference-tinta-per-capelli-colore-7-1-ashy-blond\\\/\",\"name\":\"L\u2019Or\u00e9al Paris Pr\u00e9f\u00e9rence tinta per capelli colore 7.1 Ashy Blond - SHOPATOA.COM\",\"isPartOf\":{\"@id\":\"https:\\\/\\\/shopatoa.com\\\/it\\\/#website\"},\"primaryImageOfPage\":{\"@id\":\"https:\\\/\\\/shopatoa.com\\\/it\\\/loreal-paris-preference-tinta-per-capelli-colore-7-1-ashy-blond\\\/#primaryimage\"},\"image\":{\"@id\":\"https:\\\/\\\/shopatoa.com\\\/it\\\/loreal-paris-preference-tinta-per-capelli-colore-7-1-ashy-blond\\\/#primaryimage\"},\"thumbnailUrl\":\"https:\\\/\\\/storage.googleapis.com\\\/cz-shopatoa-img\\\/it\\\/64a60375-unnamed-file.webp\",\"datePublished\":\"2025-06-10T01:39:28+00:00\",\"dateModified\":\"2025-06-10T01:40:06+00:00\",\"breadcrumb\":{\"@id\":\"https:\\\/\\\/shopatoa.com\\\/it\\\/loreal-paris-preference-tinta-per-capelli-colore-7-1-ashy-blond\\\/#breadcrumb\"},\"inLanguage\":\"it-IT\",\"potentialAction\":[{\"@type\":\"ReadAction\",\"target\":[\"https:\\\/\\\/shopatoa.com\\\/it\\\/loreal-paris-preference-tinta-per-capelli-colore-7-1-ashy-blond\\\/\"]}]},{\"@type\":\"ImageObject\",\"inLanguage\":\"it-IT\",\"@id\":\"https:\\\/\\\/shopatoa.com\\\/it\\\/loreal-paris-preference-tinta-per-capelli-colore-7-1-ashy-blond\\\/#primaryimage\",\"url\":\"https:\\\/\\\/storage.googleapis.com\\\/cz-shopatoa-img\\\/it\\\/64a60375-unnamed-file.webp\",\"contentUrl\":\"https:\\\/\\\/storage.googleapis.com\\\/cz-shopatoa-img\\\/it\\\/64a60375-unnamed-file.webp\",\"width\":800,\"height\":800},{\"@type\":\"BreadcrumbList\",\"@id\":\"https:\\\/\\\/shopatoa.com\\\/it\\\/loreal-paris-preference-tinta-per-capelli-colore-7-1-ashy-blond\\\/#breadcrumb\",\"itemListElement\":[{\"@type\":\"ListItem\",\"position\":1,\"name\":\"Dom\u016f\",\"item\":\"https:\\\/\\\/shopatoa.com\\\/it\\\/\"},{\"@type\":\"ListItem\",\"position\":2,\"name\":\"Shop\",\"item\":\"https:\\\/\\\/shopatoa.com\\\/it\\\/shop\\\/\"},{\"@type\":\"ListItem\",\"position\":3,\"name\":\"L\u2019Or\u00e9al Paris Pr\u00e9f\u00e9rence tinta per capelli colore 7.1 Ashy Blond\"}]},{\"@type\":\"WebSite\",\"@id\":\"https:\\\/\\\/shopatoa.com\\\/it\\\/#website\",\"url\":\"https:\\\/\\\/shopatoa.com\\\/it\\\/\",\"name\":\"SHOPATOA\",\"description\":\"\",\"publisher\":{\"@id\":\"https:\\\/\\\/shopatoa.com\\\/it\\\/#organization\"},\"potentialAction\":[{\"@type\":\"SearchAction\",\"target\":{\"@type\":\"EntryPoint\",\"urlTemplate\":\"https:\\\/\\\/shopatoa.com\\\/it\\\/?s={search_term_string}\"},\"query-input\":{\"@type\":\"PropertyValueSpecification\",\"valueRequired\":true,\"valueName\":\"search_term_string\"}}],\"inLanguage\":\"it-IT\"},{\"@type\":\"Organization\",\"@id\":\"https:\\\/\\\/shopatoa.com\\\/it\\\/#organization\",\"name\":\"SHOPATOA\",\"url\":\"https:\\\/\\\/shopatoa.com\\\/it\\\/\",\"logo\":{\"@type\":\"ImageObject\",\"inLanguage\":\"it-IT\",\"@id\":\"https:\\\/\\\/shopatoa.com\\\/it\\\/#\\\/schema\\\/logo\\\/image\\\/\",\"url\":\"https:\\\/\\\/storage.googleapis.com\\\/cz-shopatoa-img\\\/it\\\/4dc78fd5-shopatoa_logo.png\",\"contentUrl\":\"https:\\\/\\\/storage.googleapis.com\\\/cz-shopatoa-img\\\/it\\\/4dc78fd5-shopatoa_logo.png\",\"width\":416,\"height\":63,\"caption\":\"SHOPATOA\"},\"image\":{\"@id\":\"https:\\\/\\\/shopatoa.com\\\/it\\\/#\\\/schema\\\/logo\\\/image\\\/\"}}]}<\/script>\n<!-- \/ Yoast SEO plugin. -->","yoast_head_json":{"title":"L\u2019Or\u00e9al Paris Pr\u00e9f\u00e9rence tinta per capelli colore 7.1 Ashy Blond - SHOPATOA.COM","robots":{"index":"index","follow":"follow","max-snippet":"max-snippet:-1","max-image-preview":"max-image-preview:large","max-video-preview":"max-video-preview:-1"},"canonical":"https:\/\/shopatoa.com\/it\/loreal-paris-preference-tinta-per-capelli-colore-7-1-ashy-blond\/","og_locale":"it_IT","og_type":"article","og_title":"L\u2019Or\u00e9al Paris Pr\u00e9f\u00e9rence tinta per capelli colore 7.1 Ashy Blond - SHOPATOA.COM","og_description":"L\u2019Or\u00e9al Paris Pr\u00e9f\u00e9rence, Tinte per capelli per donna, Vuoi ottenere una tonalit\u00e0 di colore brillante a lunga tenuta, coprire i capelli bianchi o cambiare completamente il colore dei tuoi capelli? La tinta permanente per capelli L\u2019Or\u00e9al Paris Pr\u00e9f\u00e9rence ti regaler\u00e0 il risultato desiderato. Dona ai capelli una tonalit\u00e0 di colore intensa e una lucentezza radiosa,...","og_url":"https:\/\/shopatoa.com\/it\/loreal-paris-preference-tinta-per-capelli-colore-7-1-ashy-blond\/","og_site_name":"SHOPATOA","article_modified_time":"2025-06-10T01:40:06+00:00","og_image":[{"width":800,"height":800,"url":"https:\/\/storage.googleapis.com\/cz-shopatoa-img\/it\/64a60375-unnamed-file.webp","type":"image\/webp"}],"twitter_card":"summary_large_image","twitter_misc":{"Tempo di lettura stimato":"1 minuto"},"schema":{"@context":"https:\/\/schema.org","@graph":[{"@type":"WebPage","@id":"https:\/\/shopatoa.com\/it\/loreal-paris-preference-tinta-per-capelli-colore-7-1-ashy-blond\/","url":"https:\/\/shopatoa.com\/it\/loreal-paris-preference-tinta-per-capelli-colore-7-1-ashy-blond\/","name":"L\u2019Or\u00e9al Paris Pr\u00e9f\u00e9rence tinta per capelli colore 7.1 Ashy Blond - SHOPATOA.COM","isPartOf":{"@id":"https:\/\/shopatoa.com\/it\/#website"},"primaryImageOfPage":{"@id":"https:\/\/shopatoa.com\/it\/loreal-paris-preference-tinta-per-capelli-colore-7-1-ashy-blond\/#primaryimage"},"image":{"@id":"https:\/\/shopatoa.com\/it\/loreal-paris-preference-tinta-per-capelli-colore-7-1-ashy-blond\/#primaryimage"},"thumbnailUrl":"https:\/\/storage.googleapis.com\/cz-shopatoa-img\/it\/64a60375-unnamed-file.webp","datePublished":"2025-06-10T01:39:28+00:00","dateModified":"2025-06-10T01:40:06+00:00","breadcrumb":{"@id":"https:\/\/shopatoa.com\/it\/loreal-paris-preference-tinta-per-capelli-colore-7-1-ashy-blond\/#breadcrumb"},"inLanguage":"it-IT","potentialAction":[{"@type":"ReadAction","target":["https:\/\/shopatoa.com\/it\/loreal-paris-preference-tinta-per-capelli-colore-7-1-ashy-blond\/"]}]},{"@type":"ImageObject","inLanguage":"it-IT","@id":"https:\/\/shopatoa.com\/it\/loreal-paris-preference-tinta-per-capelli-colore-7-1-ashy-blond\/#primaryimage","url":"https:\/\/storage.googleapis.com\/cz-shopatoa-img\/it\/64a60375-unnamed-file.webp","contentUrl":"https:\/\/storage.googleapis.com\/cz-shopatoa-img\/it\/64a60375-unnamed-file.webp","width":800,"height":800},{"@type":"BreadcrumbList","@id":"https:\/\/shopatoa.com\/it\/loreal-paris-preference-tinta-per-capelli-colore-7-1-ashy-blond\/#breadcrumb","itemListElement":[{"@type":"ListItem","position":1,"name":"Dom\u016f","item":"https:\/\/shopatoa.com\/it\/"},{"@type":"ListItem","position":2,"name":"Shop","item":"https:\/\/shopatoa.com\/it\/shop\/"},{"@type":"ListItem","position":3,"name":"L\u2019Or\u00e9al Paris Pr\u00e9f\u00e9rence tinta per capelli colore 7.1 Ashy Blond"}]},{"@type":"WebSite","@id":"https:\/\/shopatoa.com\/it\/#website","url":"https:\/\/shopatoa.com\/it\/","name":"SHOPATOA","description":"","publisher":{"@id":"https:\/\/shopatoa.com\/it\/#organization"},"potentialAction":[{"@type":"SearchAction","target":{"@type":"EntryPoint","urlTemplate":"https:\/\/shopatoa.com\/it\/?s={search_term_string}"},"query-input":{"@type":"PropertyValueSpecification","valueRequired":true,"valueName":"search_term_string"}}],"inLanguage":"it-IT"},{"@type":"Organization","@id":"https:\/\/shopatoa.com\/it\/#organization","name":"SHOPATOA","url":"https:\/\/shopatoa.com\/it\/","logo":{"@type":"ImageObject","inLanguage":"it-IT","@id":"https:\/\/shopatoa.com\/it\/#\/schema\/logo\/image\/","url":"https:\/\/storage.googleapis.com\/cz-shopatoa-img\/it\/4dc78fd5-shopatoa_logo.png","contentUrl":"https:\/\/storage.googleapis.com\/cz-shopatoa-img\/it\/4dc78fd5-shopatoa_logo.png","width":416,"height":63,"caption":"SHOPATOA"},"image":{"@id":"https:\/\/shopatoa.com\/it\/#\/schema\/logo\/image\/"}}]}},"_links":{"self":[{"href":"https:\/\/shopatoa.com\/it\/wp-json\/wp\/v2\/product\/100851","targetHints":{"allow":["GET"]}}],"collection":[{"href":"https:\/\/shopatoa.com\/it\/wp-json\/wp\/v2\/product"}],"about":[{"href":"https:\/\/shopatoa.com\/it\/wp-json\/wp\/v2\/types\/product"}],"replies":[{"embeddable":true,"href":"https:\/\/shopatoa.com\/it\/wp-json\/wp\/v2\/comments?post=100851"}],"wp:featuredmedia":[{"embeddable":true,"href":"https:\/\/shopatoa.com\/it\/wp-json\/wp\/v2\/media\/100852"}],"wp:attachment":[{"href":"https:\/\/shopatoa.com\/it\/wp-json\/wp\/v2\/media?parent=100851"}],"wp:term":[{"taxonomy":"product_brand","embeddable":true,"href":"https:\/\/shopatoa.com\/it\/wp-json\/wp\/v2\/product_brand?post=100851"},{"taxonomy":"product_cat","embeddable":true,"href":"https:\/\/shopatoa.com\/it\/wp-json\/wp\/v2\/product_cat?post=100851"},{"taxonomy":"product_tag","embeddable":true,"href":"https:\/\/shopatoa.com\/it\/wp-json\/wp\/v2\/product_tag?post=100851"}],"curies":[{"name":"wp","href":"https:\/\/api.w.org\/{rel}","templated":true}]}}