{"id":109077,"date":"2025-06-10T11:03:44","date_gmt":"2025-06-10T09:03:44","guid":{"rendered":"https:\/\/shopatoa.com\/it\/proficare-ht-3009-phon-per-capelli-white-1-pz\/"},"modified":"2025-06-10T11:04:36","modified_gmt":"2025-06-10T09:04:36","slug":"proficare-ht-3009-phon-per-capelli-white-1-pz","status":"publish","type":"product","link":"https:\/\/shopatoa.com\/it\/proficare-ht-3009-phon-per-capelli-white-1-pz\/","title":{"rendered":"ProfiCare HT 3009 phon per capelli White 1 pz"},"content":{"rendered":"<p>ProfiCare HT 3009, 1 pz, Fon e piastre da viaggio per uomo, Di tanto in tanto \u00e8 consigliabile lasciare asciugare i capelli liberamente all\u2019aria dopo il lavaggio ma non sempre c\u2019\u00e8 tempo per farlo. Ed \u00e8 proprio quando hai poco tempo e per vari motivi hai bisogno di asciugare i capelli in modo pi\u00f9 rapido ed efficace che l\u2019asciugacapelli ProfiCare HT 3009 ti torner\u00e0 utile. Asciuga in modo rapido, efficace ma al contempo sufficientemente delicato ogni tipo di capelli oppure aiuta a soffiarli volumizzandoli e regalandoti cos\u00ec un\u2019acconciatura meravigliosamente piena e ariosa come quella del parrucchiere.  Caratteristiche:  asciuga delicatamente i capelli possibilit\u00e0 di regolare la temperatura peso ridotto, forma ergonomica funzione di aria fredda per fissare l&#8217;acconciatura  Modo d\u2019uso: Seguire le istruzioni allegate.<\/p>\n","protected":false},"excerpt":{"rendered":"<p>ProfiCare HT 3009, 1 pz, Fon e piastre da viaggio per uomo, Di tanto in tanto \u00e8 consigliabile lasciare asciugare i capelli liberamente all\u2019aria dopo il lavaggio ma non sempre c\u2019\u00e8 tempo per farlo. Ed \u00e8 proprio quando hai poco tempo e per vari motivi hai bisogno di asciugare i capelli in modo pi\u00f9 rapido&#8230;<\/p>\n","protected":false},"featured_media":109078,"comment_status":"closed","ping_status":"open","template":"","meta":{"_acf_changed":false,"_kadence_starter_templates_imported_post":false,"_kad_post_transparent":"","_kad_post_title":"","_kad_post_layout":"","_kad_post_sidebar_id":"","_kad_post_content_style":"","_kad_post_vertical_padding":"","_kad_post_feature":"","_kad_post_feature_position":"","_kad_post_header":false,"_kad_post_footer":false,"_kad_post_classname":""},"product_brand":[884],"product_cat":[260,67,66,65,259],"product_tag":[],"class_list":{"0":"post-109077","1":"product","2":"type-product","3":"status-publish","4":"has-post-thumbnail","6":"product_brand-proficare","7":"product_cat-asciugacapelli","8":"product_cat-cura-dei-capelli","9":"product_cat-cura-della-persona","10":"product_cat-salute-e-bellezza","11":"product_cat-utensili-per-parrucchieri","12":"pa_dimensioni-1-pz","13":"pa_genere-female","15":"first","16":"instock","17":"product-type-external","18":"entry","19":"content-bg","20":"loop-entry"},"acf":[],"yoast_head":"<!-- This site is optimized with the Yoast SEO plugin v27.4 - https:\/\/yoast.com\/product\/yoast-seo-wordpress\/ -->\n<title>ProfiCare HT 3009 phon per capelli White 1 pz - SHOPATOA.COM<\/title>\n<meta name=\"robots\" content=\"index, follow, max-snippet:-1, max-image-preview:large, max-video-preview:-1\" \/>\n<link rel=\"canonical\" href=\"https:\/\/shopatoa.com\/it\/proficare-ht-3009-phon-per-capelli-white-1-pz\/\" \/>\n<meta property=\"og:locale\" content=\"it_IT\" \/>\n<meta property=\"og:type\" content=\"article\" \/>\n<meta property=\"og:title\" content=\"ProfiCare HT 3009 phon per capelli White 1 pz - SHOPATOA.COM\" \/>\n<meta property=\"og:description\" content=\"ProfiCare HT 3009, 1 pz, Fon e piastre da viaggio per uomo, Di tanto in tanto \u00e8 consigliabile lasciare asciugare i capelli liberamente all\u2019aria dopo il lavaggio ma non sempre c\u2019\u00e8 tempo per farlo. Ed \u00e8 proprio quando hai poco tempo e per vari motivi hai bisogno di asciugare i capelli in modo pi\u00f9 rapido...\" \/>\n<meta property=\"og:url\" content=\"https:\/\/shopatoa.com\/it\/proficare-ht-3009-phon-per-capelli-white-1-pz\/\" \/>\n<meta property=\"og:site_name\" content=\"SHOPATOA\" \/>\n<meta property=\"article:modified_time\" content=\"2025-06-10T09:04:36+00:00\" \/>\n<meta property=\"og:image\" content=\"https:\/\/storage.googleapis.com\/cz-shopatoa-img\/it\/b6c17732-unnamed-file.webp\" \/>\n\t<meta property=\"og:image:width\" content=\"800\" \/>\n\t<meta property=\"og:image:height\" content=\"800\" \/>\n\t<meta property=\"og:image:type\" content=\"image\/webp\" \/>\n<meta name=\"twitter:card\" content=\"summary_large_image\" \/>\n<meta name=\"twitter:label1\" content=\"Tempo di lettura stimato\" \/>\n\t<meta name=\"twitter:data1\" content=\"1 minuto\" \/>\n<script type=\"application\/ld+json\" class=\"yoast-schema-graph\">{\"@context\":\"https:\\\/\\\/schema.org\",\"@graph\":[{\"@type\":\"WebPage\",\"@id\":\"https:\\\/\\\/shopatoa.com\\\/it\\\/proficare-ht-3009-phon-per-capelli-white-1-pz\\\/\",\"url\":\"https:\\\/\\\/shopatoa.com\\\/it\\\/proficare-ht-3009-phon-per-capelli-white-1-pz\\\/\",\"name\":\"ProfiCare HT 3009 phon per capelli White 1 pz - SHOPATOA.COM\",\"isPartOf\":{\"@id\":\"https:\\\/\\\/shopatoa.com\\\/it\\\/#website\"},\"primaryImageOfPage\":{\"@id\":\"https:\\\/\\\/shopatoa.com\\\/it\\\/proficare-ht-3009-phon-per-capelli-white-1-pz\\\/#primaryimage\"},\"image\":{\"@id\":\"https:\\\/\\\/shopatoa.com\\\/it\\\/proficare-ht-3009-phon-per-capelli-white-1-pz\\\/#primaryimage\"},\"thumbnailUrl\":\"https:\\\/\\\/storage.googleapis.com\\\/cz-shopatoa-img\\\/it\\\/b6c17732-unnamed-file.webp\",\"datePublished\":\"2025-06-10T09:03:44+00:00\",\"dateModified\":\"2025-06-10T09:04:36+00:00\",\"breadcrumb\":{\"@id\":\"https:\\\/\\\/shopatoa.com\\\/it\\\/proficare-ht-3009-phon-per-capelli-white-1-pz\\\/#breadcrumb\"},\"inLanguage\":\"it-IT\",\"potentialAction\":[{\"@type\":\"ReadAction\",\"target\":[\"https:\\\/\\\/shopatoa.com\\\/it\\\/proficare-ht-3009-phon-per-capelli-white-1-pz\\\/\"]}]},{\"@type\":\"ImageObject\",\"inLanguage\":\"it-IT\",\"@id\":\"https:\\\/\\\/shopatoa.com\\\/it\\\/proficare-ht-3009-phon-per-capelli-white-1-pz\\\/#primaryimage\",\"url\":\"https:\\\/\\\/storage.googleapis.com\\\/cz-shopatoa-img\\\/it\\\/b6c17732-unnamed-file.webp\",\"contentUrl\":\"https:\\\/\\\/storage.googleapis.com\\\/cz-shopatoa-img\\\/it\\\/b6c17732-unnamed-file.webp\",\"width\":800,\"height\":800},{\"@type\":\"BreadcrumbList\",\"@id\":\"https:\\\/\\\/shopatoa.com\\\/it\\\/proficare-ht-3009-phon-per-capelli-white-1-pz\\\/#breadcrumb\",\"itemListElement\":[{\"@type\":\"ListItem\",\"position\":1,\"name\":\"Dom\u016f\",\"item\":\"https:\\\/\\\/shopatoa.com\\\/it\\\/\"},{\"@type\":\"ListItem\",\"position\":2,\"name\":\"Shop\",\"item\":\"https:\\\/\\\/shopatoa.com\\\/it\\\/shop\\\/\"},{\"@type\":\"ListItem\",\"position\":3,\"name\":\"ProfiCare HT 3009 phon per capelli White 1 pz\"}]},{\"@type\":\"WebSite\",\"@id\":\"https:\\\/\\\/shopatoa.com\\\/it\\\/#website\",\"url\":\"https:\\\/\\\/shopatoa.com\\\/it\\\/\",\"name\":\"SHOPATOA\",\"description\":\"\",\"publisher\":{\"@id\":\"https:\\\/\\\/shopatoa.com\\\/it\\\/#organization\"},\"potentialAction\":[{\"@type\":\"SearchAction\",\"target\":{\"@type\":\"EntryPoint\",\"urlTemplate\":\"https:\\\/\\\/shopatoa.com\\\/it\\\/?s={search_term_string}\"},\"query-input\":{\"@type\":\"PropertyValueSpecification\",\"valueRequired\":true,\"valueName\":\"search_term_string\"}}],\"inLanguage\":\"it-IT\"},{\"@type\":\"Organization\",\"@id\":\"https:\\\/\\\/shopatoa.com\\\/it\\\/#organization\",\"name\":\"SHOPATOA\",\"url\":\"https:\\\/\\\/shopatoa.com\\\/it\\\/\",\"logo\":{\"@type\":\"ImageObject\",\"inLanguage\":\"it-IT\",\"@id\":\"https:\\\/\\\/shopatoa.com\\\/it\\\/#\\\/schema\\\/logo\\\/image\\\/\",\"url\":\"https:\\\/\\\/storage.googleapis.com\\\/cz-shopatoa-img\\\/it\\\/4dc78fd5-shopatoa_logo.png\",\"contentUrl\":\"https:\\\/\\\/storage.googleapis.com\\\/cz-shopatoa-img\\\/it\\\/4dc78fd5-shopatoa_logo.png\",\"width\":416,\"height\":63,\"caption\":\"SHOPATOA\"},\"image\":{\"@id\":\"https:\\\/\\\/shopatoa.com\\\/it\\\/#\\\/schema\\\/logo\\\/image\\\/\"}}]}<\/script>\n<!-- \/ Yoast SEO plugin. -->","yoast_head_json":{"title":"ProfiCare HT 3009 phon per capelli White 1 pz - SHOPATOA.COM","robots":{"index":"index","follow":"follow","max-snippet":"max-snippet:-1","max-image-preview":"max-image-preview:large","max-video-preview":"max-video-preview:-1"},"canonical":"https:\/\/shopatoa.com\/it\/proficare-ht-3009-phon-per-capelli-white-1-pz\/","og_locale":"it_IT","og_type":"article","og_title":"ProfiCare HT 3009 phon per capelli White 1 pz - SHOPATOA.COM","og_description":"ProfiCare HT 3009, 1 pz, Fon e piastre da viaggio per uomo, Di tanto in tanto \u00e8 consigliabile lasciare asciugare i capelli liberamente all\u2019aria dopo il lavaggio ma non sempre c\u2019\u00e8 tempo per farlo. Ed \u00e8 proprio quando hai poco tempo e per vari motivi hai bisogno di asciugare i capelli in modo pi\u00f9 rapido...","og_url":"https:\/\/shopatoa.com\/it\/proficare-ht-3009-phon-per-capelli-white-1-pz\/","og_site_name":"SHOPATOA","article_modified_time":"2025-06-10T09:04:36+00:00","og_image":[{"width":800,"height":800,"url":"https:\/\/storage.googleapis.com\/cz-shopatoa-img\/it\/b6c17732-unnamed-file.webp","type":"image\/webp"}],"twitter_card":"summary_large_image","twitter_misc":{"Tempo di lettura stimato":"1 minuto"},"schema":{"@context":"https:\/\/schema.org","@graph":[{"@type":"WebPage","@id":"https:\/\/shopatoa.com\/it\/proficare-ht-3009-phon-per-capelli-white-1-pz\/","url":"https:\/\/shopatoa.com\/it\/proficare-ht-3009-phon-per-capelli-white-1-pz\/","name":"ProfiCare HT 3009 phon per capelli White 1 pz - SHOPATOA.COM","isPartOf":{"@id":"https:\/\/shopatoa.com\/it\/#website"},"primaryImageOfPage":{"@id":"https:\/\/shopatoa.com\/it\/proficare-ht-3009-phon-per-capelli-white-1-pz\/#primaryimage"},"image":{"@id":"https:\/\/shopatoa.com\/it\/proficare-ht-3009-phon-per-capelli-white-1-pz\/#primaryimage"},"thumbnailUrl":"https:\/\/storage.googleapis.com\/cz-shopatoa-img\/it\/b6c17732-unnamed-file.webp","datePublished":"2025-06-10T09:03:44+00:00","dateModified":"2025-06-10T09:04:36+00:00","breadcrumb":{"@id":"https:\/\/shopatoa.com\/it\/proficare-ht-3009-phon-per-capelli-white-1-pz\/#breadcrumb"},"inLanguage":"it-IT","potentialAction":[{"@type":"ReadAction","target":["https:\/\/shopatoa.com\/it\/proficare-ht-3009-phon-per-capelli-white-1-pz\/"]}]},{"@type":"ImageObject","inLanguage":"it-IT","@id":"https:\/\/shopatoa.com\/it\/proficare-ht-3009-phon-per-capelli-white-1-pz\/#primaryimage","url":"https:\/\/storage.googleapis.com\/cz-shopatoa-img\/it\/b6c17732-unnamed-file.webp","contentUrl":"https:\/\/storage.googleapis.com\/cz-shopatoa-img\/it\/b6c17732-unnamed-file.webp","width":800,"height":800},{"@type":"BreadcrumbList","@id":"https:\/\/shopatoa.com\/it\/proficare-ht-3009-phon-per-capelli-white-1-pz\/#breadcrumb","itemListElement":[{"@type":"ListItem","position":1,"name":"Dom\u016f","item":"https:\/\/shopatoa.com\/it\/"},{"@type":"ListItem","position":2,"name":"Shop","item":"https:\/\/shopatoa.com\/it\/shop\/"},{"@type":"ListItem","position":3,"name":"ProfiCare HT 3009 phon per capelli White 1 pz"}]},{"@type":"WebSite","@id":"https:\/\/shopatoa.com\/it\/#website","url":"https:\/\/shopatoa.com\/it\/","name":"SHOPATOA","description":"","publisher":{"@id":"https:\/\/shopatoa.com\/it\/#organization"},"potentialAction":[{"@type":"SearchAction","target":{"@type":"EntryPoint","urlTemplate":"https:\/\/shopatoa.com\/it\/?s={search_term_string}"},"query-input":{"@type":"PropertyValueSpecification","valueRequired":true,"valueName":"search_term_string"}}],"inLanguage":"it-IT"},{"@type":"Organization","@id":"https:\/\/shopatoa.com\/it\/#organization","name":"SHOPATOA","url":"https:\/\/shopatoa.com\/it\/","logo":{"@type":"ImageObject","inLanguage":"it-IT","@id":"https:\/\/shopatoa.com\/it\/#\/schema\/logo\/image\/","url":"https:\/\/storage.googleapis.com\/cz-shopatoa-img\/it\/4dc78fd5-shopatoa_logo.png","contentUrl":"https:\/\/storage.googleapis.com\/cz-shopatoa-img\/it\/4dc78fd5-shopatoa_logo.png","width":416,"height":63,"caption":"SHOPATOA"},"image":{"@id":"https:\/\/shopatoa.com\/it\/#\/schema\/logo\/image\/"}}]}},"_links":{"self":[{"href":"https:\/\/shopatoa.com\/it\/wp-json\/wp\/v2\/product\/109077","targetHints":{"allow":["GET"]}}],"collection":[{"href":"https:\/\/shopatoa.com\/it\/wp-json\/wp\/v2\/product"}],"about":[{"href":"https:\/\/shopatoa.com\/it\/wp-json\/wp\/v2\/types\/product"}],"replies":[{"embeddable":true,"href":"https:\/\/shopatoa.com\/it\/wp-json\/wp\/v2\/comments?post=109077"}],"wp:featuredmedia":[{"embeddable":true,"href":"https:\/\/shopatoa.com\/it\/wp-json\/wp\/v2\/media\/109078"}],"wp:attachment":[{"href":"https:\/\/shopatoa.com\/it\/wp-json\/wp\/v2\/media?parent=109077"}],"wp:term":[{"taxonomy":"product_brand","embeddable":true,"href":"https:\/\/shopatoa.com\/it\/wp-json\/wp\/v2\/product_brand?post=109077"},{"taxonomy":"product_cat","embeddable":true,"href":"https:\/\/shopatoa.com\/it\/wp-json\/wp\/v2\/product_cat?post=109077"},{"taxonomy":"product_tag","embeddable":true,"href":"https:\/\/shopatoa.com\/it\/wp-json\/wp\/v2\/product_tag?post=109077"}],"curies":[{"name":"wp","href":"https:\/\/api.w.org\/{rel}","templated":true}]}}