{"id":109747,"date":"2025-06-10T11:39:29","date_gmt":"2025-06-10T09:39:29","guid":{"rendered":"https:\/\/shopatoa.com\/it\/purity-vision-bio-maschera-detossinante-40-ml\/"},"modified":"2025-06-10T11:40:05","modified_gmt":"2025-06-10T09:40:05","slug":"purity-vision-bio-maschera-detossinante-40-ml","status":"publish","type":"product","link":"https:\/\/shopatoa.com\/it\/purity-vision-bio-maschera-detossinante-40-ml\/","title":{"rendered":"Purity Vision BIO maschera detossinante 40 ml"},"content":{"rendered":"<p>Purity Vision BIO, 40 ml, Maschere viso per donna, Hai la sensazione che la tua pelle non sia in piena forma e abbia bisogno di qualcosa di pi\u00f9 della semplice cura fornita da una crema? La maschera viso Purity Vision BIO arricchir\u00e0 meravigliosamente la tua routine di cura della pelle \u2013 coccoler\u00e0 la tua pelle fornendole una cura intensiva.  Caratteristiche:  disintossica la pelle pulisce la pelle in profondit\u00e0 illumina e rinfresca rende la pelle complessivamente pi\u00f9 bella  Modo d\u2019uso: Applicare uno strato sottile di maschera sul viso pulito, evitando il contorno occhi. Lasciare agire per il tempo indicato sulla confezione.<\/p>\n","protected":false},"excerpt":{"rendered":"<p>Purity Vision BIO, 40 ml, Maschere viso per donna, Hai la sensazione che la tua pelle non sia in piena forma e abbia bisogno di qualcosa di pi\u00f9 della semplice cura fornita da una crema? La maschera viso Purity Vision BIO arricchir\u00e0 meravigliosamente la tua routine di cura della pelle \u2013 coccoler\u00e0 la tua pelle&#8230;<\/p>\n","protected":false},"featured_media":109748,"comment_status":"closed","ping_status":"open","template":"","meta":{"_acf_changed":false,"_kadence_starter_templates_imported_post":false,"_kad_post_transparent":"","_kad_post_title":"","_kad_post_layout":"","_kad_post_sidebar_id":"","_kad_post_content_style":"","_kad_post_vertical_padding":"","_kad_post_feature":"","_kad_post_feature_position":"","_kad_post_header":false,"_kad_post_footer":false,"_kad_post_classname":""},"product_brand":[556],"product_cat":[77,82,66,217,65],"product_tag":[],"class_list":{"0":"post-109747","1":"product","2":"type-product","3":"status-publish","4":"has-post-thumbnail","6":"product_brand-purity-vision","7":"product_cat-cosmetici","8":"product_cat-cura-della-pelle","9":"product_cat-cura-della-persona","10":"product_cat-maschere-e-peeling-per-la-cura-della-pelle","11":"product_cat-salute-e-bellezza","12":"pa_dimensioni-40-ml","13":"pa_genere-female","15":"first","16":"instock","17":"product-type-external","18":"entry","19":"content-bg","20":"loop-entry"},"acf":[],"yoast_head":"<!-- This site is optimized with the Yoast SEO plugin v27.4 - https:\/\/yoast.com\/product\/yoast-seo-wordpress\/ -->\n<title>Purity Vision BIO maschera detossinante 40 ml - SHOPATOA.COM<\/title>\n<meta name=\"robots\" content=\"index, follow, max-snippet:-1, max-image-preview:large, max-video-preview:-1\" \/>\n<link rel=\"canonical\" href=\"https:\/\/shopatoa.com\/it\/purity-vision-bio-maschera-detossinante-40-ml\/\" \/>\n<meta property=\"og:locale\" content=\"it_IT\" \/>\n<meta property=\"og:type\" content=\"article\" \/>\n<meta property=\"og:title\" content=\"Purity Vision BIO maschera detossinante 40 ml - SHOPATOA.COM\" \/>\n<meta property=\"og:description\" content=\"Purity Vision BIO, 40 ml, Maschere viso per donna, Hai la sensazione che la tua pelle non sia in piena forma e abbia bisogno di qualcosa di pi\u00f9 della semplice cura fornita da una crema? La maschera viso Purity Vision BIO arricchir\u00e0 meravigliosamente la tua routine di cura della pelle \u2013 coccoler\u00e0 la tua pelle...\" \/>\n<meta property=\"og:url\" content=\"https:\/\/shopatoa.com\/it\/purity-vision-bio-maschera-detossinante-40-ml\/\" \/>\n<meta property=\"og:site_name\" content=\"SHOPATOA\" \/>\n<meta property=\"article:modified_time\" content=\"2025-06-10T09:40:05+00:00\" \/>\n<meta property=\"og:image\" content=\"https:\/\/storage.googleapis.com\/cz-shopatoa-img\/it\/d1a3866b-unnamed-file.webp\" \/>\n\t<meta property=\"og:image:width\" content=\"800\" \/>\n\t<meta property=\"og:image:height\" content=\"800\" \/>\n\t<meta property=\"og:image:type\" content=\"image\/webp\" \/>\n<meta name=\"twitter:card\" content=\"summary_large_image\" \/>\n<script type=\"application\/ld+json\" class=\"yoast-schema-graph\">{\"@context\":\"https:\\\/\\\/schema.org\",\"@graph\":[{\"@type\":\"WebPage\",\"@id\":\"https:\\\/\\\/shopatoa.com\\\/it\\\/purity-vision-bio-maschera-detossinante-40-ml\\\/\",\"url\":\"https:\\\/\\\/shopatoa.com\\\/it\\\/purity-vision-bio-maschera-detossinante-40-ml\\\/\",\"name\":\"Purity Vision BIO maschera detossinante 40 ml - SHOPATOA.COM\",\"isPartOf\":{\"@id\":\"https:\\\/\\\/shopatoa.com\\\/it\\\/#website\"},\"primaryImageOfPage\":{\"@id\":\"https:\\\/\\\/shopatoa.com\\\/it\\\/purity-vision-bio-maschera-detossinante-40-ml\\\/#primaryimage\"},\"image\":{\"@id\":\"https:\\\/\\\/shopatoa.com\\\/it\\\/purity-vision-bio-maschera-detossinante-40-ml\\\/#primaryimage\"},\"thumbnailUrl\":\"https:\\\/\\\/storage.googleapis.com\\\/cz-shopatoa-img\\\/it\\\/d1a3866b-unnamed-file.webp\",\"datePublished\":\"2025-06-10T09:39:29+00:00\",\"dateModified\":\"2025-06-10T09:40:05+00:00\",\"breadcrumb\":{\"@id\":\"https:\\\/\\\/shopatoa.com\\\/it\\\/purity-vision-bio-maschera-detossinante-40-ml\\\/#breadcrumb\"},\"inLanguage\":\"it-IT\",\"potentialAction\":[{\"@type\":\"ReadAction\",\"target\":[\"https:\\\/\\\/shopatoa.com\\\/it\\\/purity-vision-bio-maschera-detossinante-40-ml\\\/\"]}]},{\"@type\":\"ImageObject\",\"inLanguage\":\"it-IT\",\"@id\":\"https:\\\/\\\/shopatoa.com\\\/it\\\/purity-vision-bio-maschera-detossinante-40-ml\\\/#primaryimage\",\"url\":\"https:\\\/\\\/storage.googleapis.com\\\/cz-shopatoa-img\\\/it\\\/d1a3866b-unnamed-file.webp\",\"contentUrl\":\"https:\\\/\\\/storage.googleapis.com\\\/cz-shopatoa-img\\\/it\\\/d1a3866b-unnamed-file.webp\",\"width\":800,\"height\":800},{\"@type\":\"BreadcrumbList\",\"@id\":\"https:\\\/\\\/shopatoa.com\\\/it\\\/purity-vision-bio-maschera-detossinante-40-ml\\\/#breadcrumb\",\"itemListElement\":[{\"@type\":\"ListItem\",\"position\":1,\"name\":\"Dom\u016f\",\"item\":\"https:\\\/\\\/shopatoa.com\\\/it\\\/\"},{\"@type\":\"ListItem\",\"position\":2,\"name\":\"Shop\",\"item\":\"https:\\\/\\\/shopatoa.com\\\/it\\\/shop\\\/\"},{\"@type\":\"ListItem\",\"position\":3,\"name\":\"Purity Vision BIO maschera detossinante 40 ml\"}]},{\"@type\":\"WebSite\",\"@id\":\"https:\\\/\\\/shopatoa.com\\\/it\\\/#website\",\"url\":\"https:\\\/\\\/shopatoa.com\\\/it\\\/\",\"name\":\"SHOPATOA\",\"description\":\"\",\"publisher\":{\"@id\":\"https:\\\/\\\/shopatoa.com\\\/it\\\/#organization\"},\"potentialAction\":[{\"@type\":\"SearchAction\",\"target\":{\"@type\":\"EntryPoint\",\"urlTemplate\":\"https:\\\/\\\/shopatoa.com\\\/it\\\/?s={search_term_string}\"},\"query-input\":{\"@type\":\"PropertyValueSpecification\",\"valueRequired\":true,\"valueName\":\"search_term_string\"}}],\"inLanguage\":\"it-IT\"},{\"@type\":\"Organization\",\"@id\":\"https:\\\/\\\/shopatoa.com\\\/it\\\/#organization\",\"name\":\"SHOPATOA\",\"url\":\"https:\\\/\\\/shopatoa.com\\\/it\\\/\",\"logo\":{\"@type\":\"ImageObject\",\"inLanguage\":\"it-IT\",\"@id\":\"https:\\\/\\\/shopatoa.com\\\/it\\\/#\\\/schema\\\/logo\\\/image\\\/\",\"url\":\"https:\\\/\\\/storage.googleapis.com\\\/cz-shopatoa-img\\\/it\\\/4dc78fd5-shopatoa_logo.png\",\"contentUrl\":\"https:\\\/\\\/storage.googleapis.com\\\/cz-shopatoa-img\\\/it\\\/4dc78fd5-shopatoa_logo.png\",\"width\":416,\"height\":63,\"caption\":\"SHOPATOA\"},\"image\":{\"@id\":\"https:\\\/\\\/shopatoa.com\\\/it\\\/#\\\/schema\\\/logo\\\/image\\\/\"}}]}<\/script>\n<!-- \/ Yoast SEO plugin. -->","yoast_head_json":{"title":"Purity Vision BIO maschera detossinante 40 ml - SHOPATOA.COM","robots":{"index":"index","follow":"follow","max-snippet":"max-snippet:-1","max-image-preview":"max-image-preview:large","max-video-preview":"max-video-preview:-1"},"canonical":"https:\/\/shopatoa.com\/it\/purity-vision-bio-maschera-detossinante-40-ml\/","og_locale":"it_IT","og_type":"article","og_title":"Purity Vision BIO maschera detossinante 40 ml - SHOPATOA.COM","og_description":"Purity Vision BIO, 40 ml, Maschere viso per donna, Hai la sensazione che la tua pelle non sia in piena forma e abbia bisogno di qualcosa di pi\u00f9 della semplice cura fornita da una crema? La maschera viso Purity Vision BIO arricchir\u00e0 meravigliosamente la tua routine di cura della pelle \u2013 coccoler\u00e0 la tua pelle...","og_url":"https:\/\/shopatoa.com\/it\/purity-vision-bio-maschera-detossinante-40-ml\/","og_site_name":"SHOPATOA","article_modified_time":"2025-06-10T09:40:05+00:00","og_image":[{"width":800,"height":800,"url":"https:\/\/storage.googleapis.com\/cz-shopatoa-img\/it\/d1a3866b-unnamed-file.webp","type":"image\/webp"}],"twitter_card":"summary_large_image","schema":{"@context":"https:\/\/schema.org","@graph":[{"@type":"WebPage","@id":"https:\/\/shopatoa.com\/it\/purity-vision-bio-maschera-detossinante-40-ml\/","url":"https:\/\/shopatoa.com\/it\/purity-vision-bio-maschera-detossinante-40-ml\/","name":"Purity Vision BIO maschera detossinante 40 ml - SHOPATOA.COM","isPartOf":{"@id":"https:\/\/shopatoa.com\/it\/#website"},"primaryImageOfPage":{"@id":"https:\/\/shopatoa.com\/it\/purity-vision-bio-maschera-detossinante-40-ml\/#primaryimage"},"image":{"@id":"https:\/\/shopatoa.com\/it\/purity-vision-bio-maschera-detossinante-40-ml\/#primaryimage"},"thumbnailUrl":"https:\/\/storage.googleapis.com\/cz-shopatoa-img\/it\/d1a3866b-unnamed-file.webp","datePublished":"2025-06-10T09:39:29+00:00","dateModified":"2025-06-10T09:40:05+00:00","breadcrumb":{"@id":"https:\/\/shopatoa.com\/it\/purity-vision-bio-maschera-detossinante-40-ml\/#breadcrumb"},"inLanguage":"it-IT","potentialAction":[{"@type":"ReadAction","target":["https:\/\/shopatoa.com\/it\/purity-vision-bio-maschera-detossinante-40-ml\/"]}]},{"@type":"ImageObject","inLanguage":"it-IT","@id":"https:\/\/shopatoa.com\/it\/purity-vision-bio-maschera-detossinante-40-ml\/#primaryimage","url":"https:\/\/storage.googleapis.com\/cz-shopatoa-img\/it\/d1a3866b-unnamed-file.webp","contentUrl":"https:\/\/storage.googleapis.com\/cz-shopatoa-img\/it\/d1a3866b-unnamed-file.webp","width":800,"height":800},{"@type":"BreadcrumbList","@id":"https:\/\/shopatoa.com\/it\/purity-vision-bio-maschera-detossinante-40-ml\/#breadcrumb","itemListElement":[{"@type":"ListItem","position":1,"name":"Dom\u016f","item":"https:\/\/shopatoa.com\/it\/"},{"@type":"ListItem","position":2,"name":"Shop","item":"https:\/\/shopatoa.com\/it\/shop\/"},{"@type":"ListItem","position":3,"name":"Purity Vision BIO maschera detossinante 40 ml"}]},{"@type":"WebSite","@id":"https:\/\/shopatoa.com\/it\/#website","url":"https:\/\/shopatoa.com\/it\/","name":"SHOPATOA","description":"","publisher":{"@id":"https:\/\/shopatoa.com\/it\/#organization"},"potentialAction":[{"@type":"SearchAction","target":{"@type":"EntryPoint","urlTemplate":"https:\/\/shopatoa.com\/it\/?s={search_term_string}"},"query-input":{"@type":"PropertyValueSpecification","valueRequired":true,"valueName":"search_term_string"}}],"inLanguage":"it-IT"},{"@type":"Organization","@id":"https:\/\/shopatoa.com\/it\/#organization","name":"SHOPATOA","url":"https:\/\/shopatoa.com\/it\/","logo":{"@type":"ImageObject","inLanguage":"it-IT","@id":"https:\/\/shopatoa.com\/it\/#\/schema\/logo\/image\/","url":"https:\/\/storage.googleapis.com\/cz-shopatoa-img\/it\/4dc78fd5-shopatoa_logo.png","contentUrl":"https:\/\/storage.googleapis.com\/cz-shopatoa-img\/it\/4dc78fd5-shopatoa_logo.png","width":416,"height":63,"caption":"SHOPATOA"},"image":{"@id":"https:\/\/shopatoa.com\/it\/#\/schema\/logo\/image\/"}}]}},"_links":{"self":[{"href":"https:\/\/shopatoa.com\/it\/wp-json\/wp\/v2\/product\/109747","targetHints":{"allow":["GET"]}}],"collection":[{"href":"https:\/\/shopatoa.com\/it\/wp-json\/wp\/v2\/product"}],"about":[{"href":"https:\/\/shopatoa.com\/it\/wp-json\/wp\/v2\/types\/product"}],"replies":[{"embeddable":true,"href":"https:\/\/shopatoa.com\/it\/wp-json\/wp\/v2\/comments?post=109747"}],"wp:featuredmedia":[{"embeddable":true,"href":"https:\/\/shopatoa.com\/it\/wp-json\/wp\/v2\/media\/109748"}],"wp:attachment":[{"href":"https:\/\/shopatoa.com\/it\/wp-json\/wp\/v2\/media?parent=109747"}],"wp:term":[{"taxonomy":"product_brand","embeddable":true,"href":"https:\/\/shopatoa.com\/it\/wp-json\/wp\/v2\/product_brand?post=109747"},{"taxonomy":"product_cat","embeddable":true,"href":"https:\/\/shopatoa.com\/it\/wp-json\/wp\/v2\/product_cat?post=109747"},{"taxonomy":"product_tag","embeddable":true,"href":"https:\/\/shopatoa.com\/it\/wp-json\/wp\/v2\/product_tag?post=109747"}],"curies":[{"name":"wp","href":"https:\/\/api.w.org\/{rel}","templated":true}]}}