{"id":109845,"date":"2025-06-10T11:44:45","date_gmt":"2025-06-10T09:44:45","guid":{"rendered":"https:\/\/shopatoa.com\/it\/dermedic-cicatopy-crema-lenitiva-per-pelli-con-eczemi-50-ml\/"},"modified":"2025-06-10T11:45:34","modified_gmt":"2025-06-10T09:45:34","slug":"dermedic-cicatopy-crema-lenitiva-per-pelli-con-eczemi-50-ml","status":"publish","type":"product","link":"https:\/\/shopatoa.com\/it\/dermedic-cicatopy-crema-lenitiva-per-pelli-con-eczemi-50-ml\/","title":{"rendered":"Dermedic CICATOPY crema lenitiva per pelli con eczemi 50 ml"},"content":{"rendered":"<p>Dermedic CICATOPY, 50 ml, Creme corpo per donna, Pensi che la tua pelle abbia bisogno di cure un po\u2019 pi\u00f9 intense di quelle che pu\u00f2 fornire un latte corpo? Ci penser\u00e0 la crema corpo Dermedic CICATOPY che si distingue per la consistenza densa e la capacit\u00e0 di idratare e nutrire a lungo. Fornir\u00e0 alla pelle di tutto il corpo la morbidezza e il nutrimento necessari coccolandola con la sua consistenza cremosa e lasciandola protetta dall\u2019essiccamento indesiderato.  Caratteristiche:  ammorbidisce e aiuta ad avere la pelle liscia come seta riduce il prurito e il bruciore della pelle lenisce la pelle e la rinfresca restituisce alla pelle comfort e vitalit\u00e0  Modo d\u2019uso: Applicare la crema corpo spalmandola sulla pelle lavata e asciugata e lasciare assorbire.<\/p>\n","protected":false},"excerpt":{"rendered":"<p>Dermedic CICATOPY, 50 ml, Creme corpo per donna, Pensi che la tua pelle abbia bisogno di cure un po\u2019 pi\u00f9 intense di quelle che pu\u00f2 fornire un latte corpo? Ci penser\u00e0 la crema corpo Dermedic CICATOPY che si distingue per la consistenza densa e la capacit\u00e0 di idratare e nutrire a lungo. Fornir\u00e0 alla pelle&#8230;<\/p>\n","protected":false},"featured_media":109846,"comment_status":"closed","ping_status":"open","template":"","meta":{"_acf_changed":false,"_kadence_starter_templates_imported_post":false,"_kad_post_transparent":"","_kad_post_title":"","_kad_post_layout":"","_kad_post_sidebar_id":"","_kad_post_content_style":"","_kad_post_vertical_padding":"","_kad_post_feature":"","_kad_post_feature_position":"","_kad_post_header":false,"_kad_post_footer":false,"_kad_post_classname":""},"product_brand":[478],"product_cat":[65],"product_tag":[],"class_list":{"0":"post-109845","1":"product","2":"type-product","3":"status-publish","4":"has-post-thumbnail","6":"product_brand-dermedic","7":"product_cat-salute-e-bellezza","8":"pa_dimensioni-50-ml","9":"pa_genere-female","11":"first","12":"instock","13":"product-type-external","14":"entry","15":"content-bg","16":"loop-entry"},"acf":[],"yoast_head":"<!-- This site is optimized with the Yoast SEO plugin v27.4 - https:\/\/yoast.com\/product\/yoast-seo-wordpress\/ -->\n<title>Dermedic CICATOPY crema lenitiva per pelli con eczemi 50 ml - SHOPATOA.COM<\/title>\n<meta name=\"robots\" content=\"index, follow, max-snippet:-1, max-image-preview:large, max-video-preview:-1\" \/>\n<link rel=\"canonical\" href=\"https:\/\/shopatoa.com\/it\/dermedic-cicatopy-crema-lenitiva-per-pelli-con-eczemi-50-ml\/\" \/>\n<meta property=\"og:locale\" content=\"it_IT\" \/>\n<meta property=\"og:type\" content=\"article\" \/>\n<meta property=\"og:title\" content=\"Dermedic CICATOPY crema lenitiva per pelli con eczemi 50 ml - SHOPATOA.COM\" \/>\n<meta property=\"og:description\" content=\"Dermedic CICATOPY, 50 ml, Creme corpo per donna, Pensi che la tua pelle abbia bisogno di cure un po\u2019 pi\u00f9 intense di quelle che pu\u00f2 fornire un latte corpo? Ci penser\u00e0 la crema corpo Dermedic CICATOPY che si distingue per la consistenza densa e la capacit\u00e0 di idratare e nutrire a lungo. Fornir\u00e0 alla pelle...\" \/>\n<meta property=\"og:url\" content=\"https:\/\/shopatoa.com\/it\/dermedic-cicatopy-crema-lenitiva-per-pelli-con-eczemi-50-ml\/\" \/>\n<meta property=\"og:site_name\" content=\"SHOPATOA\" \/>\n<meta property=\"article:modified_time\" content=\"2025-06-10T09:45:34+00:00\" \/>\n<meta property=\"og:image\" content=\"https:\/\/storage.googleapis.com\/cz-shopatoa-img\/it\/dc3a7ced-unnamed-file.webp\" \/>\n\t<meta property=\"og:image:width\" content=\"800\" \/>\n\t<meta property=\"og:image:height\" content=\"800\" \/>\n\t<meta property=\"og:image:type\" content=\"image\/webp\" \/>\n<meta name=\"twitter:card\" content=\"summary_large_image\" \/>\n<meta name=\"twitter:label1\" content=\"Tempo di lettura stimato\" \/>\n\t<meta name=\"twitter:data1\" content=\"1 minuto\" \/>\n<script type=\"application\/ld+json\" class=\"yoast-schema-graph\">{\"@context\":\"https:\\\/\\\/schema.org\",\"@graph\":[{\"@type\":\"WebPage\",\"@id\":\"https:\\\/\\\/shopatoa.com\\\/it\\\/dermedic-cicatopy-crema-lenitiva-per-pelli-con-eczemi-50-ml\\\/\",\"url\":\"https:\\\/\\\/shopatoa.com\\\/it\\\/dermedic-cicatopy-crema-lenitiva-per-pelli-con-eczemi-50-ml\\\/\",\"name\":\"Dermedic CICATOPY crema lenitiva per pelli con eczemi 50 ml - SHOPATOA.COM\",\"isPartOf\":{\"@id\":\"https:\\\/\\\/shopatoa.com\\\/it\\\/#website\"},\"primaryImageOfPage\":{\"@id\":\"https:\\\/\\\/shopatoa.com\\\/it\\\/dermedic-cicatopy-crema-lenitiva-per-pelli-con-eczemi-50-ml\\\/#primaryimage\"},\"image\":{\"@id\":\"https:\\\/\\\/shopatoa.com\\\/it\\\/dermedic-cicatopy-crema-lenitiva-per-pelli-con-eczemi-50-ml\\\/#primaryimage\"},\"thumbnailUrl\":\"https:\\\/\\\/storage.googleapis.com\\\/cz-shopatoa-img\\\/it\\\/dc3a7ced-unnamed-file.webp\",\"datePublished\":\"2025-06-10T09:44:45+00:00\",\"dateModified\":\"2025-06-10T09:45:34+00:00\",\"breadcrumb\":{\"@id\":\"https:\\\/\\\/shopatoa.com\\\/it\\\/dermedic-cicatopy-crema-lenitiva-per-pelli-con-eczemi-50-ml\\\/#breadcrumb\"},\"inLanguage\":\"it-IT\",\"potentialAction\":[{\"@type\":\"ReadAction\",\"target\":[\"https:\\\/\\\/shopatoa.com\\\/it\\\/dermedic-cicatopy-crema-lenitiva-per-pelli-con-eczemi-50-ml\\\/\"]}]},{\"@type\":\"ImageObject\",\"inLanguage\":\"it-IT\",\"@id\":\"https:\\\/\\\/shopatoa.com\\\/it\\\/dermedic-cicatopy-crema-lenitiva-per-pelli-con-eczemi-50-ml\\\/#primaryimage\",\"url\":\"https:\\\/\\\/storage.googleapis.com\\\/cz-shopatoa-img\\\/it\\\/dc3a7ced-unnamed-file.webp\",\"contentUrl\":\"https:\\\/\\\/storage.googleapis.com\\\/cz-shopatoa-img\\\/it\\\/dc3a7ced-unnamed-file.webp\",\"width\":800,\"height\":800},{\"@type\":\"BreadcrumbList\",\"@id\":\"https:\\\/\\\/shopatoa.com\\\/it\\\/dermedic-cicatopy-crema-lenitiva-per-pelli-con-eczemi-50-ml\\\/#breadcrumb\",\"itemListElement\":[{\"@type\":\"ListItem\",\"position\":1,\"name\":\"Dom\u016f\",\"item\":\"https:\\\/\\\/shopatoa.com\\\/it\\\/\"},{\"@type\":\"ListItem\",\"position\":2,\"name\":\"Shop\",\"item\":\"https:\\\/\\\/shopatoa.com\\\/it\\\/shop\\\/\"},{\"@type\":\"ListItem\",\"position\":3,\"name\":\"Dermedic CICATOPY crema lenitiva per pelli con eczemi 50 ml\"}]},{\"@type\":\"WebSite\",\"@id\":\"https:\\\/\\\/shopatoa.com\\\/it\\\/#website\",\"url\":\"https:\\\/\\\/shopatoa.com\\\/it\\\/\",\"name\":\"SHOPATOA\",\"description\":\"\",\"publisher\":{\"@id\":\"https:\\\/\\\/shopatoa.com\\\/it\\\/#organization\"},\"potentialAction\":[{\"@type\":\"SearchAction\",\"target\":{\"@type\":\"EntryPoint\",\"urlTemplate\":\"https:\\\/\\\/shopatoa.com\\\/it\\\/?s={search_term_string}\"},\"query-input\":{\"@type\":\"PropertyValueSpecification\",\"valueRequired\":true,\"valueName\":\"search_term_string\"}}],\"inLanguage\":\"it-IT\"},{\"@type\":\"Organization\",\"@id\":\"https:\\\/\\\/shopatoa.com\\\/it\\\/#organization\",\"name\":\"SHOPATOA\",\"url\":\"https:\\\/\\\/shopatoa.com\\\/it\\\/\",\"logo\":{\"@type\":\"ImageObject\",\"inLanguage\":\"it-IT\",\"@id\":\"https:\\\/\\\/shopatoa.com\\\/it\\\/#\\\/schema\\\/logo\\\/image\\\/\",\"url\":\"https:\\\/\\\/storage.googleapis.com\\\/cz-shopatoa-img\\\/it\\\/4dc78fd5-shopatoa_logo.png\",\"contentUrl\":\"https:\\\/\\\/storage.googleapis.com\\\/cz-shopatoa-img\\\/it\\\/4dc78fd5-shopatoa_logo.png\",\"width\":416,\"height\":63,\"caption\":\"SHOPATOA\"},\"image\":{\"@id\":\"https:\\\/\\\/shopatoa.com\\\/it\\\/#\\\/schema\\\/logo\\\/image\\\/\"}}]}<\/script>\n<!-- \/ Yoast SEO plugin. -->","yoast_head_json":{"title":"Dermedic CICATOPY crema lenitiva per pelli con eczemi 50 ml - SHOPATOA.COM","robots":{"index":"index","follow":"follow","max-snippet":"max-snippet:-1","max-image-preview":"max-image-preview:large","max-video-preview":"max-video-preview:-1"},"canonical":"https:\/\/shopatoa.com\/it\/dermedic-cicatopy-crema-lenitiva-per-pelli-con-eczemi-50-ml\/","og_locale":"it_IT","og_type":"article","og_title":"Dermedic CICATOPY crema lenitiva per pelli con eczemi 50 ml - SHOPATOA.COM","og_description":"Dermedic CICATOPY, 50 ml, Creme corpo per donna, Pensi che la tua pelle abbia bisogno di cure un po\u2019 pi\u00f9 intense di quelle che pu\u00f2 fornire un latte corpo? Ci penser\u00e0 la crema corpo Dermedic CICATOPY che si distingue per la consistenza densa e la capacit\u00e0 di idratare e nutrire a lungo. Fornir\u00e0 alla pelle...","og_url":"https:\/\/shopatoa.com\/it\/dermedic-cicatopy-crema-lenitiva-per-pelli-con-eczemi-50-ml\/","og_site_name":"SHOPATOA","article_modified_time":"2025-06-10T09:45:34+00:00","og_image":[{"width":800,"height":800,"url":"https:\/\/storage.googleapis.com\/cz-shopatoa-img\/it\/dc3a7ced-unnamed-file.webp","type":"image\/webp"}],"twitter_card":"summary_large_image","twitter_misc":{"Tempo di lettura stimato":"1 minuto"},"schema":{"@context":"https:\/\/schema.org","@graph":[{"@type":"WebPage","@id":"https:\/\/shopatoa.com\/it\/dermedic-cicatopy-crema-lenitiva-per-pelli-con-eczemi-50-ml\/","url":"https:\/\/shopatoa.com\/it\/dermedic-cicatopy-crema-lenitiva-per-pelli-con-eczemi-50-ml\/","name":"Dermedic CICATOPY crema lenitiva per pelli con eczemi 50 ml - SHOPATOA.COM","isPartOf":{"@id":"https:\/\/shopatoa.com\/it\/#website"},"primaryImageOfPage":{"@id":"https:\/\/shopatoa.com\/it\/dermedic-cicatopy-crema-lenitiva-per-pelli-con-eczemi-50-ml\/#primaryimage"},"image":{"@id":"https:\/\/shopatoa.com\/it\/dermedic-cicatopy-crema-lenitiva-per-pelli-con-eczemi-50-ml\/#primaryimage"},"thumbnailUrl":"https:\/\/storage.googleapis.com\/cz-shopatoa-img\/it\/dc3a7ced-unnamed-file.webp","datePublished":"2025-06-10T09:44:45+00:00","dateModified":"2025-06-10T09:45:34+00:00","breadcrumb":{"@id":"https:\/\/shopatoa.com\/it\/dermedic-cicatopy-crema-lenitiva-per-pelli-con-eczemi-50-ml\/#breadcrumb"},"inLanguage":"it-IT","potentialAction":[{"@type":"ReadAction","target":["https:\/\/shopatoa.com\/it\/dermedic-cicatopy-crema-lenitiva-per-pelli-con-eczemi-50-ml\/"]}]},{"@type":"ImageObject","inLanguage":"it-IT","@id":"https:\/\/shopatoa.com\/it\/dermedic-cicatopy-crema-lenitiva-per-pelli-con-eczemi-50-ml\/#primaryimage","url":"https:\/\/storage.googleapis.com\/cz-shopatoa-img\/it\/dc3a7ced-unnamed-file.webp","contentUrl":"https:\/\/storage.googleapis.com\/cz-shopatoa-img\/it\/dc3a7ced-unnamed-file.webp","width":800,"height":800},{"@type":"BreadcrumbList","@id":"https:\/\/shopatoa.com\/it\/dermedic-cicatopy-crema-lenitiva-per-pelli-con-eczemi-50-ml\/#breadcrumb","itemListElement":[{"@type":"ListItem","position":1,"name":"Dom\u016f","item":"https:\/\/shopatoa.com\/it\/"},{"@type":"ListItem","position":2,"name":"Shop","item":"https:\/\/shopatoa.com\/it\/shop\/"},{"@type":"ListItem","position":3,"name":"Dermedic CICATOPY crema lenitiva per pelli con eczemi 50 ml"}]},{"@type":"WebSite","@id":"https:\/\/shopatoa.com\/it\/#website","url":"https:\/\/shopatoa.com\/it\/","name":"SHOPATOA","description":"","publisher":{"@id":"https:\/\/shopatoa.com\/it\/#organization"},"potentialAction":[{"@type":"SearchAction","target":{"@type":"EntryPoint","urlTemplate":"https:\/\/shopatoa.com\/it\/?s={search_term_string}"},"query-input":{"@type":"PropertyValueSpecification","valueRequired":true,"valueName":"search_term_string"}}],"inLanguage":"it-IT"},{"@type":"Organization","@id":"https:\/\/shopatoa.com\/it\/#organization","name":"SHOPATOA","url":"https:\/\/shopatoa.com\/it\/","logo":{"@type":"ImageObject","inLanguage":"it-IT","@id":"https:\/\/shopatoa.com\/it\/#\/schema\/logo\/image\/","url":"https:\/\/storage.googleapis.com\/cz-shopatoa-img\/it\/4dc78fd5-shopatoa_logo.png","contentUrl":"https:\/\/storage.googleapis.com\/cz-shopatoa-img\/it\/4dc78fd5-shopatoa_logo.png","width":416,"height":63,"caption":"SHOPATOA"},"image":{"@id":"https:\/\/shopatoa.com\/it\/#\/schema\/logo\/image\/"}}]}},"_links":{"self":[{"href":"https:\/\/shopatoa.com\/it\/wp-json\/wp\/v2\/product\/109845","targetHints":{"allow":["GET"]}}],"collection":[{"href":"https:\/\/shopatoa.com\/it\/wp-json\/wp\/v2\/product"}],"about":[{"href":"https:\/\/shopatoa.com\/it\/wp-json\/wp\/v2\/types\/product"}],"replies":[{"embeddable":true,"href":"https:\/\/shopatoa.com\/it\/wp-json\/wp\/v2\/comments?post=109845"}],"wp:featuredmedia":[{"embeddable":true,"href":"https:\/\/shopatoa.com\/it\/wp-json\/wp\/v2\/media\/109846"}],"wp:attachment":[{"href":"https:\/\/shopatoa.com\/it\/wp-json\/wp\/v2\/media?parent=109845"}],"wp:term":[{"taxonomy":"product_brand","embeddable":true,"href":"https:\/\/shopatoa.com\/it\/wp-json\/wp\/v2\/product_brand?post=109845"},{"taxonomy":"product_cat","embeddable":true,"href":"https:\/\/shopatoa.com\/it\/wp-json\/wp\/v2\/product_cat?post=109845"},{"taxonomy":"product_tag","embeddable":true,"href":"https:\/\/shopatoa.com\/it\/wp-json\/wp\/v2\/product_tag?post=109845"}],"curies":[{"name":"wp","href":"https:\/\/api.w.org\/{rel}","templated":true}]}}