{"id":117929,"date":"2025-06-11T03:56:12","date_gmt":"2025-06-11T01:56:12","guid":{"rendered":"https:\/\/shopatoa.com\/it\/small-foot-by-legler-stacking-tower-safari-torre-a-blocchi\/"},"modified":"2025-06-11T03:57:19","modified_gmt":"2025-06-11T01:57:19","slug":"small-foot-by-legler-stacking-tower-safari-torre-a-blocchi","status":"publish","type":"product","link":"https:\/\/shopatoa.com\/it\/small-foot-by-legler-stacking-tower-safari-torre-a-blocchi\/","title":{"rendered":"Small foot by Legler Stacking Tower Safari torre a blocchi"},"content":{"rendered":"<p>Small foot by Legler Stacking Tower Safari, Giocattoli interattivi per bambini, I giocattoli sono un modo ideale per catturare l\u2019attenzione anche dei pi\u00f9 piccoli. Il giocattoloSmall foot Stacking Tower Safari non solo far\u00e0 divertire il tuo bimbo, ma lo aiuter\u00e0 anche a sviluppare la sua percezione sensoriale e altre capacit\u00e0.  Caratteristiche:  il giocattolo si pu\u00f2 montare e smontare stimola lo sviluppo della vista e del tatto sviluppano la capacit\u00e0 del bambino di concentrarsi attentamente \u00e8 adatto come decorazione per la camera dei bambini i colori percepiti stimolano lo sviluppo sensoriale del bambino<\/p>\n","protected":false},"excerpt":{"rendered":"<p>Small foot by Legler Stacking Tower Safari, Giocattoli interattivi per bambini, I giocattoli sono un modo ideale per catturare l\u2019attenzione anche dei pi\u00f9 piccoli. Il giocattoloSmall foot Stacking Tower Safari non solo far\u00e0 divertire il tuo bimbo, ma lo aiuter\u00e0 anche a sviluppare la sua percezione sensoriale e altre capacit\u00e0. Caratteristiche: il giocattolo si pu\u00f2&#8230;<\/p>\n","protected":false},"featured_media":117930,"comment_status":"closed","ping_status":"open","template":"","meta":{"_acf_changed":false,"_kadence_starter_templates_imported_post":false,"_kad_post_transparent":"","_kad_post_title":"","_kad_post_layout":"","_kad_post_sidebar_id":"","_kad_post_content_style":"","_kad_post_vertical_padding":"","_kad_post_feature":"","_kad_post_feature_position":"","_kad_post_header":false,"_kad_post_footer":false,"_kad_post_classname":""},"product_brand":[1642],"product_cat":[65],"product_tag":[],"class_list":{"0":"post-117929","1":"product","2":"type-product","3":"status-publish","4":"has-post-thumbnail","6":"product_brand-small-foot","7":"product_cat-salute-e-bellezza","8":"pa_genere-unisex","10":"first","11":"instock","12":"product-type-external","13":"entry","14":"content-bg","15":"loop-entry"},"acf":[],"yoast_head":"<!-- This site is optimized with the Yoast SEO plugin v27.4 - https:\/\/yoast.com\/product\/yoast-seo-wordpress\/ -->\n<title>Small foot by Legler Stacking Tower Safari torre a blocchi - SHOPATOA.COM<\/title>\n<meta name=\"robots\" content=\"index, follow, max-snippet:-1, max-image-preview:large, max-video-preview:-1\" \/>\n<link rel=\"canonical\" href=\"https:\/\/shopatoa.com\/it\/small-foot-by-legler-stacking-tower-safari-torre-a-blocchi\/\" \/>\n<meta property=\"og:locale\" content=\"it_IT\" \/>\n<meta property=\"og:type\" content=\"article\" \/>\n<meta property=\"og:title\" content=\"Small foot by Legler Stacking Tower Safari torre a blocchi - SHOPATOA.COM\" \/>\n<meta property=\"og:description\" content=\"Small foot by Legler Stacking Tower Safari, Giocattoli interattivi per bambini, I giocattoli sono un modo ideale per catturare l\u2019attenzione anche dei pi\u00f9 piccoli. Il giocattoloSmall foot Stacking Tower Safari non solo far\u00e0 divertire il tuo bimbo, ma lo aiuter\u00e0 anche a sviluppare la sua percezione sensoriale e altre capacit\u00e0. Caratteristiche: il giocattolo si pu\u00f2...\" \/>\n<meta property=\"og:url\" content=\"https:\/\/shopatoa.com\/it\/small-foot-by-legler-stacking-tower-safari-torre-a-blocchi\/\" \/>\n<meta property=\"og:site_name\" content=\"SHOPATOA\" \/>\n<meta property=\"article:modified_time\" content=\"2025-06-11T01:57:19+00:00\" \/>\n<meta property=\"og:image\" content=\"https:\/\/storage.googleapis.com\/cz-shopatoa-img\/it\/5898204c-unnamed-file.webp\" \/>\n\t<meta property=\"og:image:width\" content=\"800\" \/>\n\t<meta property=\"og:image:height\" content=\"800\" \/>\n\t<meta property=\"og:image:type\" content=\"image\/webp\" \/>\n<meta name=\"twitter:card\" content=\"summary_large_image\" \/>\n<script type=\"application\/ld+json\" class=\"yoast-schema-graph\">{\"@context\":\"https:\\\/\\\/schema.org\",\"@graph\":[{\"@type\":\"WebPage\",\"@id\":\"https:\\\/\\\/shopatoa.com\\\/it\\\/small-foot-by-legler-stacking-tower-safari-torre-a-blocchi\\\/\",\"url\":\"https:\\\/\\\/shopatoa.com\\\/it\\\/small-foot-by-legler-stacking-tower-safari-torre-a-blocchi\\\/\",\"name\":\"Small foot by Legler Stacking Tower Safari torre a blocchi - SHOPATOA.COM\",\"isPartOf\":{\"@id\":\"https:\\\/\\\/shopatoa.com\\\/it\\\/#website\"},\"primaryImageOfPage\":{\"@id\":\"https:\\\/\\\/shopatoa.com\\\/it\\\/small-foot-by-legler-stacking-tower-safari-torre-a-blocchi\\\/#primaryimage\"},\"image\":{\"@id\":\"https:\\\/\\\/shopatoa.com\\\/it\\\/small-foot-by-legler-stacking-tower-safari-torre-a-blocchi\\\/#primaryimage\"},\"thumbnailUrl\":\"https:\\\/\\\/storage.googleapis.com\\\/cz-shopatoa-img\\\/it\\\/5898204c-unnamed-file.webp\",\"datePublished\":\"2025-06-11T01:56:12+00:00\",\"dateModified\":\"2025-06-11T01:57:19+00:00\",\"breadcrumb\":{\"@id\":\"https:\\\/\\\/shopatoa.com\\\/it\\\/small-foot-by-legler-stacking-tower-safari-torre-a-blocchi\\\/#breadcrumb\"},\"inLanguage\":\"it-IT\",\"potentialAction\":[{\"@type\":\"ReadAction\",\"target\":[\"https:\\\/\\\/shopatoa.com\\\/it\\\/small-foot-by-legler-stacking-tower-safari-torre-a-blocchi\\\/\"]}]},{\"@type\":\"ImageObject\",\"inLanguage\":\"it-IT\",\"@id\":\"https:\\\/\\\/shopatoa.com\\\/it\\\/small-foot-by-legler-stacking-tower-safari-torre-a-blocchi\\\/#primaryimage\",\"url\":\"https:\\\/\\\/storage.googleapis.com\\\/cz-shopatoa-img\\\/it\\\/5898204c-unnamed-file.webp\",\"contentUrl\":\"https:\\\/\\\/storage.googleapis.com\\\/cz-shopatoa-img\\\/it\\\/5898204c-unnamed-file.webp\",\"width\":800,\"height\":800},{\"@type\":\"BreadcrumbList\",\"@id\":\"https:\\\/\\\/shopatoa.com\\\/it\\\/small-foot-by-legler-stacking-tower-safari-torre-a-blocchi\\\/#breadcrumb\",\"itemListElement\":[{\"@type\":\"ListItem\",\"position\":1,\"name\":\"Dom\u016f\",\"item\":\"https:\\\/\\\/shopatoa.com\\\/it\\\/\"},{\"@type\":\"ListItem\",\"position\":2,\"name\":\"Shop\",\"item\":\"https:\\\/\\\/shopatoa.com\\\/it\\\/shop\\\/\"},{\"@type\":\"ListItem\",\"position\":3,\"name\":\"Small foot by Legler Stacking Tower Safari torre a blocchi\"}]},{\"@type\":\"WebSite\",\"@id\":\"https:\\\/\\\/shopatoa.com\\\/it\\\/#website\",\"url\":\"https:\\\/\\\/shopatoa.com\\\/it\\\/\",\"name\":\"SHOPATOA\",\"description\":\"\",\"publisher\":{\"@id\":\"https:\\\/\\\/shopatoa.com\\\/it\\\/#organization\"},\"potentialAction\":[{\"@type\":\"SearchAction\",\"target\":{\"@type\":\"EntryPoint\",\"urlTemplate\":\"https:\\\/\\\/shopatoa.com\\\/it\\\/?s={search_term_string}\"},\"query-input\":{\"@type\":\"PropertyValueSpecification\",\"valueRequired\":true,\"valueName\":\"search_term_string\"}}],\"inLanguage\":\"it-IT\"},{\"@type\":\"Organization\",\"@id\":\"https:\\\/\\\/shopatoa.com\\\/it\\\/#organization\",\"name\":\"SHOPATOA\",\"url\":\"https:\\\/\\\/shopatoa.com\\\/it\\\/\",\"logo\":{\"@type\":\"ImageObject\",\"inLanguage\":\"it-IT\",\"@id\":\"https:\\\/\\\/shopatoa.com\\\/it\\\/#\\\/schema\\\/logo\\\/image\\\/\",\"url\":\"https:\\\/\\\/storage.googleapis.com\\\/cz-shopatoa-img\\\/it\\\/4dc78fd5-shopatoa_logo.png\",\"contentUrl\":\"https:\\\/\\\/storage.googleapis.com\\\/cz-shopatoa-img\\\/it\\\/4dc78fd5-shopatoa_logo.png\",\"width\":416,\"height\":63,\"caption\":\"SHOPATOA\"},\"image\":{\"@id\":\"https:\\\/\\\/shopatoa.com\\\/it\\\/#\\\/schema\\\/logo\\\/image\\\/\"}}]}<\/script>\n<!-- \/ Yoast SEO plugin. -->","yoast_head_json":{"title":"Small foot by Legler Stacking Tower Safari torre a blocchi - SHOPATOA.COM","robots":{"index":"index","follow":"follow","max-snippet":"max-snippet:-1","max-image-preview":"max-image-preview:large","max-video-preview":"max-video-preview:-1"},"canonical":"https:\/\/shopatoa.com\/it\/small-foot-by-legler-stacking-tower-safari-torre-a-blocchi\/","og_locale":"it_IT","og_type":"article","og_title":"Small foot by Legler Stacking Tower Safari torre a blocchi - SHOPATOA.COM","og_description":"Small foot by Legler Stacking Tower Safari, Giocattoli interattivi per bambini, I giocattoli sono un modo ideale per catturare l\u2019attenzione anche dei pi\u00f9 piccoli. Il giocattoloSmall foot Stacking Tower Safari non solo far\u00e0 divertire il tuo bimbo, ma lo aiuter\u00e0 anche a sviluppare la sua percezione sensoriale e altre capacit\u00e0. Caratteristiche: il giocattolo si pu\u00f2...","og_url":"https:\/\/shopatoa.com\/it\/small-foot-by-legler-stacking-tower-safari-torre-a-blocchi\/","og_site_name":"SHOPATOA","article_modified_time":"2025-06-11T01:57:19+00:00","og_image":[{"width":800,"height":800,"url":"https:\/\/storage.googleapis.com\/cz-shopatoa-img\/it\/5898204c-unnamed-file.webp","type":"image\/webp"}],"twitter_card":"summary_large_image","schema":{"@context":"https:\/\/schema.org","@graph":[{"@type":"WebPage","@id":"https:\/\/shopatoa.com\/it\/small-foot-by-legler-stacking-tower-safari-torre-a-blocchi\/","url":"https:\/\/shopatoa.com\/it\/small-foot-by-legler-stacking-tower-safari-torre-a-blocchi\/","name":"Small foot by Legler Stacking Tower Safari torre a blocchi - SHOPATOA.COM","isPartOf":{"@id":"https:\/\/shopatoa.com\/it\/#website"},"primaryImageOfPage":{"@id":"https:\/\/shopatoa.com\/it\/small-foot-by-legler-stacking-tower-safari-torre-a-blocchi\/#primaryimage"},"image":{"@id":"https:\/\/shopatoa.com\/it\/small-foot-by-legler-stacking-tower-safari-torre-a-blocchi\/#primaryimage"},"thumbnailUrl":"https:\/\/storage.googleapis.com\/cz-shopatoa-img\/it\/5898204c-unnamed-file.webp","datePublished":"2025-06-11T01:56:12+00:00","dateModified":"2025-06-11T01:57:19+00:00","breadcrumb":{"@id":"https:\/\/shopatoa.com\/it\/small-foot-by-legler-stacking-tower-safari-torre-a-blocchi\/#breadcrumb"},"inLanguage":"it-IT","potentialAction":[{"@type":"ReadAction","target":["https:\/\/shopatoa.com\/it\/small-foot-by-legler-stacking-tower-safari-torre-a-blocchi\/"]}]},{"@type":"ImageObject","inLanguage":"it-IT","@id":"https:\/\/shopatoa.com\/it\/small-foot-by-legler-stacking-tower-safari-torre-a-blocchi\/#primaryimage","url":"https:\/\/storage.googleapis.com\/cz-shopatoa-img\/it\/5898204c-unnamed-file.webp","contentUrl":"https:\/\/storage.googleapis.com\/cz-shopatoa-img\/it\/5898204c-unnamed-file.webp","width":800,"height":800},{"@type":"BreadcrumbList","@id":"https:\/\/shopatoa.com\/it\/small-foot-by-legler-stacking-tower-safari-torre-a-blocchi\/#breadcrumb","itemListElement":[{"@type":"ListItem","position":1,"name":"Dom\u016f","item":"https:\/\/shopatoa.com\/it\/"},{"@type":"ListItem","position":2,"name":"Shop","item":"https:\/\/shopatoa.com\/it\/shop\/"},{"@type":"ListItem","position":3,"name":"Small foot by Legler Stacking Tower Safari torre a blocchi"}]},{"@type":"WebSite","@id":"https:\/\/shopatoa.com\/it\/#website","url":"https:\/\/shopatoa.com\/it\/","name":"SHOPATOA","description":"","publisher":{"@id":"https:\/\/shopatoa.com\/it\/#organization"},"potentialAction":[{"@type":"SearchAction","target":{"@type":"EntryPoint","urlTemplate":"https:\/\/shopatoa.com\/it\/?s={search_term_string}"},"query-input":{"@type":"PropertyValueSpecification","valueRequired":true,"valueName":"search_term_string"}}],"inLanguage":"it-IT"},{"@type":"Organization","@id":"https:\/\/shopatoa.com\/it\/#organization","name":"SHOPATOA","url":"https:\/\/shopatoa.com\/it\/","logo":{"@type":"ImageObject","inLanguage":"it-IT","@id":"https:\/\/shopatoa.com\/it\/#\/schema\/logo\/image\/","url":"https:\/\/storage.googleapis.com\/cz-shopatoa-img\/it\/4dc78fd5-shopatoa_logo.png","contentUrl":"https:\/\/storage.googleapis.com\/cz-shopatoa-img\/it\/4dc78fd5-shopatoa_logo.png","width":416,"height":63,"caption":"SHOPATOA"},"image":{"@id":"https:\/\/shopatoa.com\/it\/#\/schema\/logo\/image\/"}}]}},"_links":{"self":[{"href":"https:\/\/shopatoa.com\/it\/wp-json\/wp\/v2\/product\/117929","targetHints":{"allow":["GET"]}}],"collection":[{"href":"https:\/\/shopatoa.com\/it\/wp-json\/wp\/v2\/product"}],"about":[{"href":"https:\/\/shopatoa.com\/it\/wp-json\/wp\/v2\/types\/product"}],"replies":[{"embeddable":true,"href":"https:\/\/shopatoa.com\/it\/wp-json\/wp\/v2\/comments?post=117929"}],"wp:featuredmedia":[{"embeddable":true,"href":"https:\/\/shopatoa.com\/it\/wp-json\/wp\/v2\/media\/117930"}],"wp:attachment":[{"href":"https:\/\/shopatoa.com\/it\/wp-json\/wp\/v2\/media?parent=117929"}],"wp:term":[{"taxonomy":"product_brand","embeddable":true,"href":"https:\/\/shopatoa.com\/it\/wp-json\/wp\/v2\/product_brand?post=117929"},{"taxonomy":"product_cat","embeddable":true,"href":"https:\/\/shopatoa.com\/it\/wp-json\/wp\/v2\/product_cat?post=117929"},{"taxonomy":"product_tag","embeddable":true,"href":"https:\/\/shopatoa.com\/it\/wp-json\/wp\/v2\/product_tag?post=117929"}],"curies":[{"name":"wp","href":"https:\/\/api.w.org\/{rel}","templated":true}]}}