{"id":119843,"date":"2025-06-11T05:39:41","date_gmt":"2025-06-11T03:39:41","guid":{"rendered":"https:\/\/shopatoa.com\/it\/wet-brush-original-spazzola-per-capelli-pink\/"},"modified":"2025-06-11T05:40:21","modified_gmt":"2025-06-11T03:40:21","slug":"wet-brush-original-spazzola-per-capelli-pink","status":"publish","type":"product","link":"https:\/\/shopatoa.com\/it\/wet-brush-original-spazzola-per-capelli-pink\/","title":{"rendered":"Wet Brush Original spazzola per capelli Pink"},"content":{"rendered":"<p>Wet Brush Original, Spazzole piatte per donna, Per la bellezza dei tuoi capelli non bastano solo shampoo, balsamo e altri cosmetici per capelli. La routine di cura corretta inizia con la pettinatura regolare, accurata ma al contempo sufficientemente delicata. La spazzola per capelli Wet Brush Original non dovrebbe quindi mancare nel tuo corredo. Essendo un alleato indispensabile per le tue acconciature quotidiane e gli styling pi\u00f9 complessi, completa perfettamente i prodotti cosmetici per capelli aiutandoti a ottenere capelli ancora pi\u00f9 lisci, morbidi e sani che sar\u00e0 un piacere toccare.  Caratteristiche:  delicato con i capelli e la pelle adatto a destrorsi e mancini  Modo d\u2019uso: Pettinare i capelli lentamente e delicatamente, per evitare danni meccanici ai capelli.<\/p>\n","protected":false},"excerpt":{"rendered":"<p>Wet Brush Original, Spazzole piatte per donna, Per la bellezza dei tuoi capelli non bastano solo shampoo, balsamo e altri cosmetici per capelli. La routine di cura corretta inizia con la pettinatura regolare, accurata ma al contempo sufficientemente delicata. La spazzola per capelli Wet Brush Original non dovrebbe quindi mancare nel tuo corredo. Essendo un&#8230;<\/p>\n","protected":false},"featured_media":119844,"comment_status":"closed","ping_status":"open","template":"","meta":{"_acf_changed":false,"_kadence_starter_templates_imported_post":false,"_kad_post_transparent":"","_kad_post_title":"","_kad_post_layout":"","_kad_post_sidebar_id":"","_kad_post_content_style":"","_kad_post_vertical_padding":"","_kad_post_feature":"","_kad_post_feature_position":"","_kad_post_header":false,"_kad_post_footer":false,"_kad_post_classname":""},"product_brand":[2609],"product_cat":[67,66,596,65,259],"product_tag":[],"class_list":{"0":"post-119843","1":"product","2":"type-product","3":"status-publish","4":"has-post-thumbnail","6":"product_brand-wet-brush","7":"product_cat-cura-dei-capelli","8":"product_cat-cura-della-persona","9":"product_cat-pettini-e-spazzole","10":"product_cat-salute-e-bellezza","11":"product_cat-utensili-per-parrucchieri","12":"pa_genere-female","14":"first","15":"instock","16":"product-type-external","17":"entry","18":"content-bg","19":"loop-entry"},"acf":[],"yoast_head":"<!-- This site is optimized with the Yoast SEO plugin v27.4 - https:\/\/yoast.com\/product\/yoast-seo-wordpress\/ -->\n<title>Wet Brush Original spazzola per capelli Pink - SHOPATOA.COM<\/title>\n<meta name=\"robots\" content=\"index, follow, max-snippet:-1, max-image-preview:large, max-video-preview:-1\" \/>\n<link rel=\"canonical\" href=\"https:\/\/shopatoa.com\/it\/wet-brush-original-spazzola-per-capelli-pink\/\" \/>\n<meta property=\"og:locale\" content=\"it_IT\" \/>\n<meta property=\"og:type\" content=\"article\" \/>\n<meta property=\"og:title\" content=\"Wet Brush Original spazzola per capelli Pink - SHOPATOA.COM\" \/>\n<meta property=\"og:description\" content=\"Wet Brush Original, Spazzole piatte per donna, Per la bellezza dei tuoi capelli non bastano solo shampoo, balsamo e altri cosmetici per capelli. La routine di cura corretta inizia con la pettinatura regolare, accurata ma al contempo sufficientemente delicata. La spazzola per capelli Wet Brush Original non dovrebbe quindi mancare nel tuo corredo. Essendo un...\" \/>\n<meta property=\"og:url\" content=\"https:\/\/shopatoa.com\/it\/wet-brush-original-spazzola-per-capelli-pink\/\" \/>\n<meta property=\"og:site_name\" content=\"SHOPATOA\" \/>\n<meta property=\"article:modified_time\" content=\"2025-06-11T03:40:21+00:00\" \/>\n<meta property=\"og:image\" content=\"https:\/\/storage.googleapis.com\/cz-shopatoa-img\/it\/d7fced7d-unnamed-file.webp\" \/>\n\t<meta property=\"og:image:width\" content=\"800\" \/>\n\t<meta property=\"og:image:height\" content=\"800\" \/>\n\t<meta property=\"og:image:type\" content=\"image\/webp\" \/>\n<meta name=\"twitter:card\" content=\"summary_large_image\" \/>\n<meta name=\"twitter:label1\" content=\"Tempo di lettura stimato\" \/>\n\t<meta name=\"twitter:data1\" content=\"1 minuto\" \/>\n<script type=\"application\/ld+json\" class=\"yoast-schema-graph\">{\"@context\":\"https:\\\/\\\/schema.org\",\"@graph\":[{\"@type\":\"WebPage\",\"@id\":\"https:\\\/\\\/shopatoa.com\\\/it\\\/wet-brush-original-spazzola-per-capelli-pink\\\/\",\"url\":\"https:\\\/\\\/shopatoa.com\\\/it\\\/wet-brush-original-spazzola-per-capelli-pink\\\/\",\"name\":\"Wet Brush Original spazzola per capelli Pink - SHOPATOA.COM\",\"isPartOf\":{\"@id\":\"https:\\\/\\\/shopatoa.com\\\/it\\\/#website\"},\"primaryImageOfPage\":{\"@id\":\"https:\\\/\\\/shopatoa.com\\\/it\\\/wet-brush-original-spazzola-per-capelli-pink\\\/#primaryimage\"},\"image\":{\"@id\":\"https:\\\/\\\/shopatoa.com\\\/it\\\/wet-brush-original-spazzola-per-capelli-pink\\\/#primaryimage\"},\"thumbnailUrl\":\"https:\\\/\\\/storage.googleapis.com\\\/cz-shopatoa-img\\\/it\\\/d7fced7d-unnamed-file.webp\",\"datePublished\":\"2025-06-11T03:39:41+00:00\",\"dateModified\":\"2025-06-11T03:40:21+00:00\",\"breadcrumb\":{\"@id\":\"https:\\\/\\\/shopatoa.com\\\/it\\\/wet-brush-original-spazzola-per-capelli-pink\\\/#breadcrumb\"},\"inLanguage\":\"it-IT\",\"potentialAction\":[{\"@type\":\"ReadAction\",\"target\":[\"https:\\\/\\\/shopatoa.com\\\/it\\\/wet-brush-original-spazzola-per-capelli-pink\\\/\"]}]},{\"@type\":\"ImageObject\",\"inLanguage\":\"it-IT\",\"@id\":\"https:\\\/\\\/shopatoa.com\\\/it\\\/wet-brush-original-spazzola-per-capelli-pink\\\/#primaryimage\",\"url\":\"https:\\\/\\\/storage.googleapis.com\\\/cz-shopatoa-img\\\/it\\\/d7fced7d-unnamed-file.webp\",\"contentUrl\":\"https:\\\/\\\/storage.googleapis.com\\\/cz-shopatoa-img\\\/it\\\/d7fced7d-unnamed-file.webp\",\"width\":800,\"height\":800},{\"@type\":\"BreadcrumbList\",\"@id\":\"https:\\\/\\\/shopatoa.com\\\/it\\\/wet-brush-original-spazzola-per-capelli-pink\\\/#breadcrumb\",\"itemListElement\":[{\"@type\":\"ListItem\",\"position\":1,\"name\":\"Dom\u016f\",\"item\":\"https:\\\/\\\/shopatoa.com\\\/it\\\/\"},{\"@type\":\"ListItem\",\"position\":2,\"name\":\"Shop\",\"item\":\"https:\\\/\\\/shopatoa.com\\\/it\\\/shop\\\/\"},{\"@type\":\"ListItem\",\"position\":3,\"name\":\"Wet Brush Original spazzola per capelli Pink\"}]},{\"@type\":\"WebSite\",\"@id\":\"https:\\\/\\\/shopatoa.com\\\/it\\\/#website\",\"url\":\"https:\\\/\\\/shopatoa.com\\\/it\\\/\",\"name\":\"SHOPATOA\",\"description\":\"\",\"publisher\":{\"@id\":\"https:\\\/\\\/shopatoa.com\\\/it\\\/#organization\"},\"potentialAction\":[{\"@type\":\"SearchAction\",\"target\":{\"@type\":\"EntryPoint\",\"urlTemplate\":\"https:\\\/\\\/shopatoa.com\\\/it\\\/?s={search_term_string}\"},\"query-input\":{\"@type\":\"PropertyValueSpecification\",\"valueRequired\":true,\"valueName\":\"search_term_string\"}}],\"inLanguage\":\"it-IT\"},{\"@type\":\"Organization\",\"@id\":\"https:\\\/\\\/shopatoa.com\\\/it\\\/#organization\",\"name\":\"SHOPATOA\",\"url\":\"https:\\\/\\\/shopatoa.com\\\/it\\\/\",\"logo\":{\"@type\":\"ImageObject\",\"inLanguage\":\"it-IT\",\"@id\":\"https:\\\/\\\/shopatoa.com\\\/it\\\/#\\\/schema\\\/logo\\\/image\\\/\",\"url\":\"https:\\\/\\\/storage.googleapis.com\\\/cz-shopatoa-img\\\/it\\\/4dc78fd5-shopatoa_logo.png\",\"contentUrl\":\"https:\\\/\\\/storage.googleapis.com\\\/cz-shopatoa-img\\\/it\\\/4dc78fd5-shopatoa_logo.png\",\"width\":416,\"height\":63,\"caption\":\"SHOPATOA\"},\"image\":{\"@id\":\"https:\\\/\\\/shopatoa.com\\\/it\\\/#\\\/schema\\\/logo\\\/image\\\/\"}}]}<\/script>\n<!-- \/ Yoast SEO plugin. -->","yoast_head_json":{"title":"Wet Brush Original spazzola per capelli Pink - SHOPATOA.COM","robots":{"index":"index","follow":"follow","max-snippet":"max-snippet:-1","max-image-preview":"max-image-preview:large","max-video-preview":"max-video-preview:-1"},"canonical":"https:\/\/shopatoa.com\/it\/wet-brush-original-spazzola-per-capelli-pink\/","og_locale":"it_IT","og_type":"article","og_title":"Wet Brush Original spazzola per capelli Pink - SHOPATOA.COM","og_description":"Wet Brush Original, Spazzole piatte per donna, Per la bellezza dei tuoi capelli non bastano solo shampoo, balsamo e altri cosmetici per capelli. La routine di cura corretta inizia con la pettinatura regolare, accurata ma al contempo sufficientemente delicata. La spazzola per capelli Wet Brush Original non dovrebbe quindi mancare nel tuo corredo. Essendo un...","og_url":"https:\/\/shopatoa.com\/it\/wet-brush-original-spazzola-per-capelli-pink\/","og_site_name":"SHOPATOA","article_modified_time":"2025-06-11T03:40:21+00:00","og_image":[{"width":800,"height":800,"url":"https:\/\/storage.googleapis.com\/cz-shopatoa-img\/it\/d7fced7d-unnamed-file.webp","type":"image\/webp"}],"twitter_card":"summary_large_image","twitter_misc":{"Tempo di lettura stimato":"1 minuto"},"schema":{"@context":"https:\/\/schema.org","@graph":[{"@type":"WebPage","@id":"https:\/\/shopatoa.com\/it\/wet-brush-original-spazzola-per-capelli-pink\/","url":"https:\/\/shopatoa.com\/it\/wet-brush-original-spazzola-per-capelli-pink\/","name":"Wet Brush Original spazzola per capelli Pink - SHOPATOA.COM","isPartOf":{"@id":"https:\/\/shopatoa.com\/it\/#website"},"primaryImageOfPage":{"@id":"https:\/\/shopatoa.com\/it\/wet-brush-original-spazzola-per-capelli-pink\/#primaryimage"},"image":{"@id":"https:\/\/shopatoa.com\/it\/wet-brush-original-spazzola-per-capelli-pink\/#primaryimage"},"thumbnailUrl":"https:\/\/storage.googleapis.com\/cz-shopatoa-img\/it\/d7fced7d-unnamed-file.webp","datePublished":"2025-06-11T03:39:41+00:00","dateModified":"2025-06-11T03:40:21+00:00","breadcrumb":{"@id":"https:\/\/shopatoa.com\/it\/wet-brush-original-spazzola-per-capelli-pink\/#breadcrumb"},"inLanguage":"it-IT","potentialAction":[{"@type":"ReadAction","target":["https:\/\/shopatoa.com\/it\/wet-brush-original-spazzola-per-capelli-pink\/"]}]},{"@type":"ImageObject","inLanguage":"it-IT","@id":"https:\/\/shopatoa.com\/it\/wet-brush-original-spazzola-per-capelli-pink\/#primaryimage","url":"https:\/\/storage.googleapis.com\/cz-shopatoa-img\/it\/d7fced7d-unnamed-file.webp","contentUrl":"https:\/\/storage.googleapis.com\/cz-shopatoa-img\/it\/d7fced7d-unnamed-file.webp","width":800,"height":800},{"@type":"BreadcrumbList","@id":"https:\/\/shopatoa.com\/it\/wet-brush-original-spazzola-per-capelli-pink\/#breadcrumb","itemListElement":[{"@type":"ListItem","position":1,"name":"Dom\u016f","item":"https:\/\/shopatoa.com\/it\/"},{"@type":"ListItem","position":2,"name":"Shop","item":"https:\/\/shopatoa.com\/it\/shop\/"},{"@type":"ListItem","position":3,"name":"Wet Brush Original spazzola per capelli Pink"}]},{"@type":"WebSite","@id":"https:\/\/shopatoa.com\/it\/#website","url":"https:\/\/shopatoa.com\/it\/","name":"SHOPATOA","description":"","publisher":{"@id":"https:\/\/shopatoa.com\/it\/#organization"},"potentialAction":[{"@type":"SearchAction","target":{"@type":"EntryPoint","urlTemplate":"https:\/\/shopatoa.com\/it\/?s={search_term_string}"},"query-input":{"@type":"PropertyValueSpecification","valueRequired":true,"valueName":"search_term_string"}}],"inLanguage":"it-IT"},{"@type":"Organization","@id":"https:\/\/shopatoa.com\/it\/#organization","name":"SHOPATOA","url":"https:\/\/shopatoa.com\/it\/","logo":{"@type":"ImageObject","inLanguage":"it-IT","@id":"https:\/\/shopatoa.com\/it\/#\/schema\/logo\/image\/","url":"https:\/\/storage.googleapis.com\/cz-shopatoa-img\/it\/4dc78fd5-shopatoa_logo.png","contentUrl":"https:\/\/storage.googleapis.com\/cz-shopatoa-img\/it\/4dc78fd5-shopatoa_logo.png","width":416,"height":63,"caption":"SHOPATOA"},"image":{"@id":"https:\/\/shopatoa.com\/it\/#\/schema\/logo\/image\/"}}]}},"_links":{"self":[{"href":"https:\/\/shopatoa.com\/it\/wp-json\/wp\/v2\/product\/119843","targetHints":{"allow":["GET"]}}],"collection":[{"href":"https:\/\/shopatoa.com\/it\/wp-json\/wp\/v2\/product"}],"about":[{"href":"https:\/\/shopatoa.com\/it\/wp-json\/wp\/v2\/types\/product"}],"replies":[{"embeddable":true,"href":"https:\/\/shopatoa.com\/it\/wp-json\/wp\/v2\/comments?post=119843"}],"wp:featuredmedia":[{"embeddable":true,"href":"https:\/\/shopatoa.com\/it\/wp-json\/wp\/v2\/media\/119844"}],"wp:attachment":[{"href":"https:\/\/shopatoa.com\/it\/wp-json\/wp\/v2\/media?parent=119843"}],"wp:term":[{"taxonomy":"product_brand","embeddable":true,"href":"https:\/\/shopatoa.com\/it\/wp-json\/wp\/v2\/product_brand?post=119843"},{"taxonomy":"product_cat","embeddable":true,"href":"https:\/\/shopatoa.com\/it\/wp-json\/wp\/v2\/product_cat?post=119843"},{"taxonomy":"product_tag","embeddable":true,"href":"https:\/\/shopatoa.com\/it\/wp-json\/wp\/v2\/product_tag?post=119843"}],"curies":[{"name":"wp","href":"https:\/\/api.w.org\/{rel}","templated":true}]}}