{"id":121471,"date":"2025-06-11T07:07:16","date_gmt":"2025-06-11T05:07:16","guid":{"rendered":"https:\/\/shopatoa.com\/it\/ipuro-essentials-white-lily-candela-profumata-125-g\/"},"modified":"2025-06-11T07:07:23","modified_gmt":"2025-06-11T05:07:23","slug":"ipuro-essentials-white-lily-candela-profumata-125-g","status":"publish","type":"product","link":"https:\/\/shopatoa.com\/it\/ipuro-essentials-white-lily-candela-profumata-125-g\/","title":{"rendered":"ipuro Essentials White Lily candela profumata 125 g"},"content":{"rendered":"<p>ipuro Essentials White Lily, 125 g, Candele profumate Profumo per ambienti, La candela profumata ipuro Essentials White Lily profuma la tua casa con una fragranza meravigliosa per creare un&#8217;atmosfera accogliente, grazie alla quale ti sentirai sempre alla grande.  Caratteristiche:  profumo floreale ideale come regalo  Composizione:  stoppino di cotone  Modo d\u2019uso: Appoggiare la candela su una superficie sufficientemente resistente al calore. Non lasciare bruciare per pi\u00f9 di 4 ore. Non lasciare mai bruciare la candela fino alla fine. Non lasciare mai la candela accesa incustodita e in prossimit\u00e0 di oggetti facilmente infiammabili. Tenere fuori dalla portata di bambini e animali domestici. Consentire sempre alla candela di bruciare almeno fino a quando l\u2019intero strato superiore non si sar\u00e0 sciolto. Ci\u00f2 impedir\u00e0 la formazione della depressione indesiderata nella cera. Per una combustione ottimale, si raccomanda di tagliare regolarmente lo stoppino alla lunghezza consigliata.<\/p>\n","protected":false},"excerpt":{"rendered":"<p>ipuro Essentials White Lily, 125 g, Candele profumate Profumo per ambienti, La candela profumata ipuro Essentials White Lily profuma la tua casa con una fragranza meravigliosa per creare un&#8217;atmosfera accogliente, grazie alla quale ti sentirai sempre alla grande. Caratteristiche: profumo floreale ideale come regalo Composizione: stoppino di cotone Modo d\u2019uso: Appoggiare la candela su una&#8230;<\/p>\n","protected":false},"featured_media":121472,"comment_status":"closed","ping_status":"open","template":"","meta":{"_acf_changed":false,"_kadence_starter_templates_imported_post":false,"_kad_post_transparent":"","_kad_post_title":"","_kad_post_layout":"","_kad_post_sidebar_id":"","_kad_post_content_style":"","_kad_post_vertical_padding":"","_kad_post_feature":"","_kad_post_feature_position":"","_kad_post_header":false,"_kad_post_footer":false,"_kad_post_classname":""},"product_brand":[1688],"product_cat":[460,462,459,461],"product_tag":[],"class_list":{"0":"post-121471","1":"product","2":"type-product","3":"status-publish","4":"has-post-thumbnail","6":"product_brand-ipuro","7":"product_cat-arredo","8":"product_cat-candele","9":"product_cat-casa-e-giardino","10":"product_cat-fragranze-per-la-casa","11":"pa_dimensioni-125-g","12":"pa_genere-unisex","14":"first","15":"instock","16":"product-type-external","17":"entry","18":"content-bg","19":"loop-entry"},"acf":[],"yoast_head":"<!-- This site is optimized with the Yoast SEO plugin v27.4 - https:\/\/yoast.com\/product\/yoast-seo-wordpress\/ -->\n<title>ipuro Essentials White Lily candela profumata 125 g - SHOPATOA.COM<\/title>\n<meta name=\"robots\" content=\"index, follow, max-snippet:-1, max-image-preview:large, max-video-preview:-1\" \/>\n<link rel=\"canonical\" href=\"https:\/\/shopatoa.com\/it\/ipuro-essentials-white-lily-candela-profumata-125-g\/\" \/>\n<meta property=\"og:locale\" content=\"it_IT\" \/>\n<meta property=\"og:type\" content=\"article\" \/>\n<meta property=\"og:title\" content=\"ipuro Essentials White Lily candela profumata 125 g - SHOPATOA.COM\" \/>\n<meta property=\"og:description\" content=\"ipuro Essentials White Lily, 125 g, Candele profumate Profumo per ambienti, La candela profumata ipuro Essentials White Lily profuma la tua casa con una fragranza meravigliosa per creare un&#8217;atmosfera accogliente, grazie alla quale ti sentirai sempre alla grande. Caratteristiche: profumo floreale ideale come regalo Composizione: stoppino di cotone Modo d\u2019uso: Appoggiare la candela su una...\" \/>\n<meta property=\"og:url\" content=\"https:\/\/shopatoa.com\/it\/ipuro-essentials-white-lily-candela-profumata-125-g\/\" \/>\n<meta property=\"og:site_name\" content=\"SHOPATOA\" \/>\n<meta property=\"article:modified_time\" content=\"2025-06-11T05:07:23+00:00\" \/>\n<meta property=\"og:image\" content=\"https:\/\/storage.googleapis.com\/cz-shopatoa-img\/it\/e86a6045-unnamed-file.webp\" \/>\n\t<meta property=\"og:image:width\" content=\"800\" \/>\n\t<meta property=\"og:image:height\" content=\"800\" \/>\n\t<meta property=\"og:image:type\" content=\"image\/webp\" \/>\n<meta name=\"twitter:card\" content=\"summary_large_image\" \/>\n<meta name=\"twitter:label1\" content=\"Tempo di lettura stimato\" \/>\n\t<meta name=\"twitter:data1\" content=\"1 minuto\" \/>\n<script type=\"application\/ld+json\" class=\"yoast-schema-graph\">{\"@context\":\"https:\\\/\\\/schema.org\",\"@graph\":[{\"@type\":\"WebPage\",\"@id\":\"https:\\\/\\\/shopatoa.com\\\/it\\\/ipuro-essentials-white-lily-candela-profumata-125-g\\\/\",\"url\":\"https:\\\/\\\/shopatoa.com\\\/it\\\/ipuro-essentials-white-lily-candela-profumata-125-g\\\/\",\"name\":\"ipuro Essentials White Lily candela profumata 125 g - SHOPATOA.COM\",\"isPartOf\":{\"@id\":\"https:\\\/\\\/shopatoa.com\\\/it\\\/#website\"},\"primaryImageOfPage\":{\"@id\":\"https:\\\/\\\/shopatoa.com\\\/it\\\/ipuro-essentials-white-lily-candela-profumata-125-g\\\/#primaryimage\"},\"image\":{\"@id\":\"https:\\\/\\\/shopatoa.com\\\/it\\\/ipuro-essentials-white-lily-candela-profumata-125-g\\\/#primaryimage\"},\"thumbnailUrl\":\"https:\\\/\\\/storage.googleapis.com\\\/cz-shopatoa-img\\\/it\\\/e86a6045-unnamed-file.webp\",\"datePublished\":\"2025-06-11T05:07:16+00:00\",\"dateModified\":\"2025-06-11T05:07:23+00:00\",\"breadcrumb\":{\"@id\":\"https:\\\/\\\/shopatoa.com\\\/it\\\/ipuro-essentials-white-lily-candela-profumata-125-g\\\/#breadcrumb\"},\"inLanguage\":\"it-IT\",\"potentialAction\":[{\"@type\":\"ReadAction\",\"target\":[\"https:\\\/\\\/shopatoa.com\\\/it\\\/ipuro-essentials-white-lily-candela-profumata-125-g\\\/\"]}]},{\"@type\":\"ImageObject\",\"inLanguage\":\"it-IT\",\"@id\":\"https:\\\/\\\/shopatoa.com\\\/it\\\/ipuro-essentials-white-lily-candela-profumata-125-g\\\/#primaryimage\",\"url\":\"https:\\\/\\\/storage.googleapis.com\\\/cz-shopatoa-img\\\/it\\\/e86a6045-unnamed-file.webp\",\"contentUrl\":\"https:\\\/\\\/storage.googleapis.com\\\/cz-shopatoa-img\\\/it\\\/e86a6045-unnamed-file.webp\",\"width\":800,\"height\":800},{\"@type\":\"BreadcrumbList\",\"@id\":\"https:\\\/\\\/shopatoa.com\\\/it\\\/ipuro-essentials-white-lily-candela-profumata-125-g\\\/#breadcrumb\",\"itemListElement\":[{\"@type\":\"ListItem\",\"position\":1,\"name\":\"Dom\u016f\",\"item\":\"https:\\\/\\\/shopatoa.com\\\/it\\\/\"},{\"@type\":\"ListItem\",\"position\":2,\"name\":\"Shop\",\"item\":\"https:\\\/\\\/shopatoa.com\\\/it\\\/shop\\\/\"},{\"@type\":\"ListItem\",\"position\":3,\"name\":\"ipuro Essentials White Lily candela profumata 125 g\"}]},{\"@type\":\"WebSite\",\"@id\":\"https:\\\/\\\/shopatoa.com\\\/it\\\/#website\",\"url\":\"https:\\\/\\\/shopatoa.com\\\/it\\\/\",\"name\":\"SHOPATOA\",\"description\":\"\",\"publisher\":{\"@id\":\"https:\\\/\\\/shopatoa.com\\\/it\\\/#organization\"},\"potentialAction\":[{\"@type\":\"SearchAction\",\"target\":{\"@type\":\"EntryPoint\",\"urlTemplate\":\"https:\\\/\\\/shopatoa.com\\\/it\\\/?s={search_term_string}\"},\"query-input\":{\"@type\":\"PropertyValueSpecification\",\"valueRequired\":true,\"valueName\":\"search_term_string\"}}],\"inLanguage\":\"it-IT\"},{\"@type\":\"Organization\",\"@id\":\"https:\\\/\\\/shopatoa.com\\\/it\\\/#organization\",\"name\":\"SHOPATOA\",\"url\":\"https:\\\/\\\/shopatoa.com\\\/it\\\/\",\"logo\":{\"@type\":\"ImageObject\",\"inLanguage\":\"it-IT\",\"@id\":\"https:\\\/\\\/shopatoa.com\\\/it\\\/#\\\/schema\\\/logo\\\/image\\\/\",\"url\":\"https:\\\/\\\/storage.googleapis.com\\\/cz-shopatoa-img\\\/it\\\/4dc78fd5-shopatoa_logo.png\",\"contentUrl\":\"https:\\\/\\\/storage.googleapis.com\\\/cz-shopatoa-img\\\/it\\\/4dc78fd5-shopatoa_logo.png\",\"width\":416,\"height\":63,\"caption\":\"SHOPATOA\"},\"image\":{\"@id\":\"https:\\\/\\\/shopatoa.com\\\/it\\\/#\\\/schema\\\/logo\\\/image\\\/\"}}]}<\/script>\n<!-- \/ Yoast SEO plugin. -->","yoast_head_json":{"title":"ipuro Essentials White Lily candela profumata 125 g - SHOPATOA.COM","robots":{"index":"index","follow":"follow","max-snippet":"max-snippet:-1","max-image-preview":"max-image-preview:large","max-video-preview":"max-video-preview:-1"},"canonical":"https:\/\/shopatoa.com\/it\/ipuro-essentials-white-lily-candela-profumata-125-g\/","og_locale":"it_IT","og_type":"article","og_title":"ipuro Essentials White Lily candela profumata 125 g - SHOPATOA.COM","og_description":"ipuro Essentials White Lily, 125 g, Candele profumate Profumo per ambienti, La candela profumata ipuro Essentials White Lily profuma la tua casa con una fragranza meravigliosa per creare un&#8217;atmosfera accogliente, grazie alla quale ti sentirai sempre alla grande. Caratteristiche: profumo floreale ideale come regalo Composizione: stoppino di cotone Modo d\u2019uso: Appoggiare la candela su una...","og_url":"https:\/\/shopatoa.com\/it\/ipuro-essentials-white-lily-candela-profumata-125-g\/","og_site_name":"SHOPATOA","article_modified_time":"2025-06-11T05:07:23+00:00","og_image":[{"width":800,"height":800,"url":"https:\/\/storage.googleapis.com\/cz-shopatoa-img\/it\/e86a6045-unnamed-file.webp","type":"image\/webp"}],"twitter_card":"summary_large_image","twitter_misc":{"Tempo di lettura stimato":"1 minuto"},"schema":{"@context":"https:\/\/schema.org","@graph":[{"@type":"WebPage","@id":"https:\/\/shopatoa.com\/it\/ipuro-essentials-white-lily-candela-profumata-125-g\/","url":"https:\/\/shopatoa.com\/it\/ipuro-essentials-white-lily-candela-profumata-125-g\/","name":"ipuro Essentials White Lily candela profumata 125 g - SHOPATOA.COM","isPartOf":{"@id":"https:\/\/shopatoa.com\/it\/#website"},"primaryImageOfPage":{"@id":"https:\/\/shopatoa.com\/it\/ipuro-essentials-white-lily-candela-profumata-125-g\/#primaryimage"},"image":{"@id":"https:\/\/shopatoa.com\/it\/ipuro-essentials-white-lily-candela-profumata-125-g\/#primaryimage"},"thumbnailUrl":"https:\/\/storage.googleapis.com\/cz-shopatoa-img\/it\/e86a6045-unnamed-file.webp","datePublished":"2025-06-11T05:07:16+00:00","dateModified":"2025-06-11T05:07:23+00:00","breadcrumb":{"@id":"https:\/\/shopatoa.com\/it\/ipuro-essentials-white-lily-candela-profumata-125-g\/#breadcrumb"},"inLanguage":"it-IT","potentialAction":[{"@type":"ReadAction","target":["https:\/\/shopatoa.com\/it\/ipuro-essentials-white-lily-candela-profumata-125-g\/"]}]},{"@type":"ImageObject","inLanguage":"it-IT","@id":"https:\/\/shopatoa.com\/it\/ipuro-essentials-white-lily-candela-profumata-125-g\/#primaryimage","url":"https:\/\/storage.googleapis.com\/cz-shopatoa-img\/it\/e86a6045-unnamed-file.webp","contentUrl":"https:\/\/storage.googleapis.com\/cz-shopatoa-img\/it\/e86a6045-unnamed-file.webp","width":800,"height":800},{"@type":"BreadcrumbList","@id":"https:\/\/shopatoa.com\/it\/ipuro-essentials-white-lily-candela-profumata-125-g\/#breadcrumb","itemListElement":[{"@type":"ListItem","position":1,"name":"Dom\u016f","item":"https:\/\/shopatoa.com\/it\/"},{"@type":"ListItem","position":2,"name":"Shop","item":"https:\/\/shopatoa.com\/it\/shop\/"},{"@type":"ListItem","position":3,"name":"ipuro Essentials White Lily candela profumata 125 g"}]},{"@type":"WebSite","@id":"https:\/\/shopatoa.com\/it\/#website","url":"https:\/\/shopatoa.com\/it\/","name":"SHOPATOA","description":"","publisher":{"@id":"https:\/\/shopatoa.com\/it\/#organization"},"potentialAction":[{"@type":"SearchAction","target":{"@type":"EntryPoint","urlTemplate":"https:\/\/shopatoa.com\/it\/?s={search_term_string}"},"query-input":{"@type":"PropertyValueSpecification","valueRequired":true,"valueName":"search_term_string"}}],"inLanguage":"it-IT"},{"@type":"Organization","@id":"https:\/\/shopatoa.com\/it\/#organization","name":"SHOPATOA","url":"https:\/\/shopatoa.com\/it\/","logo":{"@type":"ImageObject","inLanguage":"it-IT","@id":"https:\/\/shopatoa.com\/it\/#\/schema\/logo\/image\/","url":"https:\/\/storage.googleapis.com\/cz-shopatoa-img\/it\/4dc78fd5-shopatoa_logo.png","contentUrl":"https:\/\/storage.googleapis.com\/cz-shopatoa-img\/it\/4dc78fd5-shopatoa_logo.png","width":416,"height":63,"caption":"SHOPATOA"},"image":{"@id":"https:\/\/shopatoa.com\/it\/#\/schema\/logo\/image\/"}}]}},"_links":{"self":[{"href":"https:\/\/shopatoa.com\/it\/wp-json\/wp\/v2\/product\/121471","targetHints":{"allow":["GET"]}}],"collection":[{"href":"https:\/\/shopatoa.com\/it\/wp-json\/wp\/v2\/product"}],"about":[{"href":"https:\/\/shopatoa.com\/it\/wp-json\/wp\/v2\/types\/product"}],"replies":[{"embeddable":true,"href":"https:\/\/shopatoa.com\/it\/wp-json\/wp\/v2\/comments?post=121471"}],"wp:featuredmedia":[{"embeddable":true,"href":"https:\/\/shopatoa.com\/it\/wp-json\/wp\/v2\/media\/121472"}],"wp:attachment":[{"href":"https:\/\/shopatoa.com\/it\/wp-json\/wp\/v2\/media?parent=121471"}],"wp:term":[{"taxonomy":"product_brand","embeddable":true,"href":"https:\/\/shopatoa.com\/it\/wp-json\/wp\/v2\/product_brand?post=121471"},{"taxonomy":"product_cat","embeddable":true,"href":"https:\/\/shopatoa.com\/it\/wp-json\/wp\/v2\/product_cat?post=121471"},{"taxonomy":"product_tag","embeddable":true,"href":"https:\/\/shopatoa.com\/it\/wp-json\/wp\/v2\/product_tag?post=121471"}],"curies":[{"name":"wp","href":"https:\/\/api.w.org\/{rel}","templated":true}]}}