{"id":122269,"date":"2025-06-11T07:43:59","date_gmt":"2025-06-11T05:43:59","guid":{"rendered":"https:\/\/shopatoa.com\/it\/nuk-easy-learning-spoons-cucchiaino-per-bambini-2-pz\/"},"modified":"2025-06-11T07:44:51","modified_gmt":"2025-06-11T05:44:51","slug":"nuk-easy-learning-spoons-cucchiaino-per-bambini-2-pz","status":"publish","type":"product","link":"https:\/\/shopatoa.com\/it\/nuk-easy-learning-spoons-cucchiaino-per-bambini-2-pz\/","title":{"rendered":"NUK Easy Learning Spoons cucchiaino per bambini 2 pz"},"content":{"rendered":"<p>NUK Easy Learning Spoons, 2 pz, Posate per bambini per bambini, Le stoviglie belle rendono ogni pasto ancora pi\u00f9 gustoso. Le stoviglie per bambini NUK Easy Learning Spoons sono realizzate in materiale resistente di alta qualit\u00e0, sono facili da lavare e il loro design giocoso divertir\u00e0 i bambini, rendendo il pranzo ancora pi\u00f9 piacevole.  Caratteristiche:  materiale di qualit\u00e0 forma facile da afferrare ideale per imparare a mangiare in modo autonomo  Composizione:  plastica<\/p>\n","protected":false},"excerpt":{"rendered":"<p>NUK Easy Learning Spoons, 2 pz, Posate per bambini per bambini, Le stoviglie belle rendono ogni pasto ancora pi\u00f9 gustoso. Le stoviglie per bambini NUK Easy Learning Spoons sono realizzate in materiale resistente di alta qualit\u00e0, sono facili da lavare e il loro design giocoso divertir\u00e0 i bambini, rendendo il pranzo ancora pi\u00f9 piacevole. Caratteristiche:&#8230;<\/p>\n","protected":false},"featured_media":122270,"comment_status":"closed","ping_status":"open","template":"","meta":{"_acf_changed":false,"_kadence_starter_templates_imported_post":false,"_kad_post_transparent":"","_kad_post_title":"","_kad_post_layout":"","_kad_post_sidebar_id":"","_kad_post_content_style":"","_kad_post_vertical_padding":"","_kad_post_feature":"","_kad_post_feature_position":"","_kad_post_header":false,"_kad_post_footer":false,"_kad_post_classname":""},"product_brand":[859],"product_cat":[65],"product_tag":[],"class_list":{"0":"post-122269","1":"product","2":"type-product","3":"status-publish","4":"has-post-thumbnail","6":"product_brand-nuk","7":"product_cat-salute-e-bellezza","8":"pa_dimensioni-2-pz","9":"pa_genere-unisex","11":"first","12":"instock","13":"product-type-external","14":"entry","15":"content-bg","16":"loop-entry"},"acf":[],"yoast_head":"<!-- This site is optimized with the Yoast SEO plugin v27.4 - https:\/\/yoast.com\/product\/yoast-seo-wordpress\/ -->\n<title>NUK Easy Learning Spoons cucchiaino per bambini 2 pz - SHOPATOA.COM<\/title>\n<meta name=\"robots\" content=\"index, follow, max-snippet:-1, max-image-preview:large, max-video-preview:-1\" \/>\n<link rel=\"canonical\" href=\"https:\/\/shopatoa.com\/it\/nuk-easy-learning-spoons-cucchiaino-per-bambini-2-pz\/\" \/>\n<meta property=\"og:locale\" content=\"it_IT\" \/>\n<meta property=\"og:type\" content=\"article\" \/>\n<meta property=\"og:title\" content=\"NUK Easy Learning Spoons cucchiaino per bambini 2 pz - SHOPATOA.COM\" \/>\n<meta property=\"og:description\" content=\"NUK Easy Learning Spoons, 2 pz, Posate per bambini per bambini, Le stoviglie belle rendono ogni pasto ancora pi\u00f9 gustoso. Le stoviglie per bambini NUK Easy Learning Spoons sono realizzate in materiale resistente di alta qualit\u00e0, sono facili da lavare e il loro design giocoso divertir\u00e0 i bambini, rendendo il pranzo ancora pi\u00f9 piacevole. Caratteristiche:...\" \/>\n<meta property=\"og:url\" content=\"https:\/\/shopatoa.com\/it\/nuk-easy-learning-spoons-cucchiaino-per-bambini-2-pz\/\" \/>\n<meta property=\"og:site_name\" content=\"SHOPATOA\" \/>\n<meta property=\"article:modified_time\" content=\"2025-06-11T05:44:51+00:00\" \/>\n<meta property=\"og:image\" content=\"https:\/\/storage.googleapis.com\/cz-shopatoa-img\/it\/9031f92b-unnamed-file.webp\" \/>\n\t<meta property=\"og:image:width\" content=\"800\" \/>\n\t<meta property=\"og:image:height\" content=\"800\" \/>\n\t<meta property=\"og:image:type\" content=\"image\/webp\" \/>\n<meta name=\"twitter:card\" content=\"summary_large_image\" \/>\n<script type=\"application\/ld+json\" class=\"yoast-schema-graph\">{\"@context\":\"https:\\\/\\\/schema.org\",\"@graph\":[{\"@type\":\"WebPage\",\"@id\":\"https:\\\/\\\/shopatoa.com\\\/it\\\/nuk-easy-learning-spoons-cucchiaino-per-bambini-2-pz\\\/\",\"url\":\"https:\\\/\\\/shopatoa.com\\\/it\\\/nuk-easy-learning-spoons-cucchiaino-per-bambini-2-pz\\\/\",\"name\":\"NUK Easy Learning Spoons cucchiaino per bambini 2 pz - SHOPATOA.COM\",\"isPartOf\":{\"@id\":\"https:\\\/\\\/shopatoa.com\\\/it\\\/#website\"},\"primaryImageOfPage\":{\"@id\":\"https:\\\/\\\/shopatoa.com\\\/it\\\/nuk-easy-learning-spoons-cucchiaino-per-bambini-2-pz\\\/#primaryimage\"},\"image\":{\"@id\":\"https:\\\/\\\/shopatoa.com\\\/it\\\/nuk-easy-learning-spoons-cucchiaino-per-bambini-2-pz\\\/#primaryimage\"},\"thumbnailUrl\":\"https:\\\/\\\/storage.googleapis.com\\\/cz-shopatoa-img\\\/it\\\/9031f92b-unnamed-file.webp\",\"datePublished\":\"2025-06-11T05:43:59+00:00\",\"dateModified\":\"2025-06-11T05:44:51+00:00\",\"breadcrumb\":{\"@id\":\"https:\\\/\\\/shopatoa.com\\\/it\\\/nuk-easy-learning-spoons-cucchiaino-per-bambini-2-pz\\\/#breadcrumb\"},\"inLanguage\":\"it-IT\",\"potentialAction\":[{\"@type\":\"ReadAction\",\"target\":[\"https:\\\/\\\/shopatoa.com\\\/it\\\/nuk-easy-learning-spoons-cucchiaino-per-bambini-2-pz\\\/\"]}]},{\"@type\":\"ImageObject\",\"inLanguage\":\"it-IT\",\"@id\":\"https:\\\/\\\/shopatoa.com\\\/it\\\/nuk-easy-learning-spoons-cucchiaino-per-bambini-2-pz\\\/#primaryimage\",\"url\":\"https:\\\/\\\/storage.googleapis.com\\\/cz-shopatoa-img\\\/it\\\/9031f92b-unnamed-file.webp\",\"contentUrl\":\"https:\\\/\\\/storage.googleapis.com\\\/cz-shopatoa-img\\\/it\\\/9031f92b-unnamed-file.webp\",\"width\":800,\"height\":800},{\"@type\":\"BreadcrumbList\",\"@id\":\"https:\\\/\\\/shopatoa.com\\\/it\\\/nuk-easy-learning-spoons-cucchiaino-per-bambini-2-pz\\\/#breadcrumb\",\"itemListElement\":[{\"@type\":\"ListItem\",\"position\":1,\"name\":\"Dom\u016f\",\"item\":\"https:\\\/\\\/shopatoa.com\\\/it\\\/\"},{\"@type\":\"ListItem\",\"position\":2,\"name\":\"Shop\",\"item\":\"https:\\\/\\\/shopatoa.com\\\/it\\\/shop\\\/\"},{\"@type\":\"ListItem\",\"position\":3,\"name\":\"NUK Easy Learning Spoons cucchiaino per bambini 2 pz\"}]},{\"@type\":\"WebSite\",\"@id\":\"https:\\\/\\\/shopatoa.com\\\/it\\\/#website\",\"url\":\"https:\\\/\\\/shopatoa.com\\\/it\\\/\",\"name\":\"SHOPATOA\",\"description\":\"\",\"publisher\":{\"@id\":\"https:\\\/\\\/shopatoa.com\\\/it\\\/#organization\"},\"potentialAction\":[{\"@type\":\"SearchAction\",\"target\":{\"@type\":\"EntryPoint\",\"urlTemplate\":\"https:\\\/\\\/shopatoa.com\\\/it\\\/?s={search_term_string}\"},\"query-input\":{\"@type\":\"PropertyValueSpecification\",\"valueRequired\":true,\"valueName\":\"search_term_string\"}}],\"inLanguage\":\"it-IT\"},{\"@type\":\"Organization\",\"@id\":\"https:\\\/\\\/shopatoa.com\\\/it\\\/#organization\",\"name\":\"SHOPATOA\",\"url\":\"https:\\\/\\\/shopatoa.com\\\/it\\\/\",\"logo\":{\"@type\":\"ImageObject\",\"inLanguage\":\"it-IT\",\"@id\":\"https:\\\/\\\/shopatoa.com\\\/it\\\/#\\\/schema\\\/logo\\\/image\\\/\",\"url\":\"https:\\\/\\\/storage.googleapis.com\\\/cz-shopatoa-img\\\/it\\\/4dc78fd5-shopatoa_logo.png\",\"contentUrl\":\"https:\\\/\\\/storage.googleapis.com\\\/cz-shopatoa-img\\\/it\\\/4dc78fd5-shopatoa_logo.png\",\"width\":416,\"height\":63,\"caption\":\"SHOPATOA\"},\"image\":{\"@id\":\"https:\\\/\\\/shopatoa.com\\\/it\\\/#\\\/schema\\\/logo\\\/image\\\/\"}}]}<\/script>\n<!-- \/ Yoast SEO plugin. -->","yoast_head_json":{"title":"NUK Easy Learning Spoons cucchiaino per bambini 2 pz - SHOPATOA.COM","robots":{"index":"index","follow":"follow","max-snippet":"max-snippet:-1","max-image-preview":"max-image-preview:large","max-video-preview":"max-video-preview:-1"},"canonical":"https:\/\/shopatoa.com\/it\/nuk-easy-learning-spoons-cucchiaino-per-bambini-2-pz\/","og_locale":"it_IT","og_type":"article","og_title":"NUK Easy Learning Spoons cucchiaino per bambini 2 pz - SHOPATOA.COM","og_description":"NUK Easy Learning Spoons, 2 pz, Posate per bambini per bambini, Le stoviglie belle rendono ogni pasto ancora pi\u00f9 gustoso. Le stoviglie per bambini NUK Easy Learning Spoons sono realizzate in materiale resistente di alta qualit\u00e0, sono facili da lavare e il loro design giocoso divertir\u00e0 i bambini, rendendo il pranzo ancora pi\u00f9 piacevole. Caratteristiche:...","og_url":"https:\/\/shopatoa.com\/it\/nuk-easy-learning-spoons-cucchiaino-per-bambini-2-pz\/","og_site_name":"SHOPATOA","article_modified_time":"2025-06-11T05:44:51+00:00","og_image":[{"width":800,"height":800,"url":"https:\/\/storage.googleapis.com\/cz-shopatoa-img\/it\/9031f92b-unnamed-file.webp","type":"image\/webp"}],"twitter_card":"summary_large_image","schema":{"@context":"https:\/\/schema.org","@graph":[{"@type":"WebPage","@id":"https:\/\/shopatoa.com\/it\/nuk-easy-learning-spoons-cucchiaino-per-bambini-2-pz\/","url":"https:\/\/shopatoa.com\/it\/nuk-easy-learning-spoons-cucchiaino-per-bambini-2-pz\/","name":"NUK Easy Learning Spoons cucchiaino per bambini 2 pz - SHOPATOA.COM","isPartOf":{"@id":"https:\/\/shopatoa.com\/it\/#website"},"primaryImageOfPage":{"@id":"https:\/\/shopatoa.com\/it\/nuk-easy-learning-spoons-cucchiaino-per-bambini-2-pz\/#primaryimage"},"image":{"@id":"https:\/\/shopatoa.com\/it\/nuk-easy-learning-spoons-cucchiaino-per-bambini-2-pz\/#primaryimage"},"thumbnailUrl":"https:\/\/storage.googleapis.com\/cz-shopatoa-img\/it\/9031f92b-unnamed-file.webp","datePublished":"2025-06-11T05:43:59+00:00","dateModified":"2025-06-11T05:44:51+00:00","breadcrumb":{"@id":"https:\/\/shopatoa.com\/it\/nuk-easy-learning-spoons-cucchiaino-per-bambini-2-pz\/#breadcrumb"},"inLanguage":"it-IT","potentialAction":[{"@type":"ReadAction","target":["https:\/\/shopatoa.com\/it\/nuk-easy-learning-spoons-cucchiaino-per-bambini-2-pz\/"]}]},{"@type":"ImageObject","inLanguage":"it-IT","@id":"https:\/\/shopatoa.com\/it\/nuk-easy-learning-spoons-cucchiaino-per-bambini-2-pz\/#primaryimage","url":"https:\/\/storage.googleapis.com\/cz-shopatoa-img\/it\/9031f92b-unnamed-file.webp","contentUrl":"https:\/\/storage.googleapis.com\/cz-shopatoa-img\/it\/9031f92b-unnamed-file.webp","width":800,"height":800},{"@type":"BreadcrumbList","@id":"https:\/\/shopatoa.com\/it\/nuk-easy-learning-spoons-cucchiaino-per-bambini-2-pz\/#breadcrumb","itemListElement":[{"@type":"ListItem","position":1,"name":"Dom\u016f","item":"https:\/\/shopatoa.com\/it\/"},{"@type":"ListItem","position":2,"name":"Shop","item":"https:\/\/shopatoa.com\/it\/shop\/"},{"@type":"ListItem","position":3,"name":"NUK Easy Learning Spoons cucchiaino per bambini 2 pz"}]},{"@type":"WebSite","@id":"https:\/\/shopatoa.com\/it\/#website","url":"https:\/\/shopatoa.com\/it\/","name":"SHOPATOA","description":"","publisher":{"@id":"https:\/\/shopatoa.com\/it\/#organization"},"potentialAction":[{"@type":"SearchAction","target":{"@type":"EntryPoint","urlTemplate":"https:\/\/shopatoa.com\/it\/?s={search_term_string}"},"query-input":{"@type":"PropertyValueSpecification","valueRequired":true,"valueName":"search_term_string"}}],"inLanguage":"it-IT"},{"@type":"Organization","@id":"https:\/\/shopatoa.com\/it\/#organization","name":"SHOPATOA","url":"https:\/\/shopatoa.com\/it\/","logo":{"@type":"ImageObject","inLanguage":"it-IT","@id":"https:\/\/shopatoa.com\/it\/#\/schema\/logo\/image\/","url":"https:\/\/storage.googleapis.com\/cz-shopatoa-img\/it\/4dc78fd5-shopatoa_logo.png","contentUrl":"https:\/\/storage.googleapis.com\/cz-shopatoa-img\/it\/4dc78fd5-shopatoa_logo.png","width":416,"height":63,"caption":"SHOPATOA"},"image":{"@id":"https:\/\/shopatoa.com\/it\/#\/schema\/logo\/image\/"}}]}},"_links":{"self":[{"href":"https:\/\/shopatoa.com\/it\/wp-json\/wp\/v2\/product\/122269","targetHints":{"allow":["GET"]}}],"collection":[{"href":"https:\/\/shopatoa.com\/it\/wp-json\/wp\/v2\/product"}],"about":[{"href":"https:\/\/shopatoa.com\/it\/wp-json\/wp\/v2\/types\/product"}],"replies":[{"embeddable":true,"href":"https:\/\/shopatoa.com\/it\/wp-json\/wp\/v2\/comments?post=122269"}],"wp:featuredmedia":[{"embeddable":true,"href":"https:\/\/shopatoa.com\/it\/wp-json\/wp\/v2\/media\/122270"}],"wp:attachment":[{"href":"https:\/\/shopatoa.com\/it\/wp-json\/wp\/v2\/media?parent=122269"}],"wp:term":[{"taxonomy":"product_brand","embeddable":true,"href":"https:\/\/shopatoa.com\/it\/wp-json\/wp\/v2\/product_brand?post=122269"},{"taxonomy":"product_cat","embeddable":true,"href":"https:\/\/shopatoa.com\/it\/wp-json\/wp\/v2\/product_cat?post=122269"},{"taxonomy":"product_tag","embeddable":true,"href":"https:\/\/shopatoa.com\/it\/wp-json\/wp\/v2\/product_tag?post=122269"}],"curies":[{"name":"wp","href":"https:\/\/api.w.org\/{rel}","templated":true}]}}