{"id":123191,"date":"2025-06-11T08:36:04","date_gmt":"2025-06-11T06:36:04","guid":{"rendered":"https:\/\/shopatoa.com\/it\/delia-cosmetics-dairy-fun-scrub-corpo-raspberry-350-g\/"},"modified":"2025-06-11T08:36:33","modified_gmt":"2025-06-11T06:36:33","slug":"delia-cosmetics-dairy-fun-scrub-corpo-raspberry-350-g","status":"publish","type":"product","link":"https:\/\/shopatoa.com\/it\/delia-cosmetics-dairy-fun-scrub-corpo-raspberry-350-g\/","title":{"rendered":"Delia Cosmetics Dairy Fun scrub corpo Raspberry 350 g"},"content":{"rendered":"<p>Delia Cosmetics Dairy Fun, 350 g, Scrub corpo per donna, L\u2019esfoliazione, ovvero la rimozione delle cellule morte della pelle, \u00e8 il modo pi\u00f9 efficace per ottenere una pelle liscia. Grazie ai granuli contenuti lo scrub corpo Delia Cosmetics Dairy Fun esfolier\u00e0 delicatamente la pelle del corpo liberandola cos\u00ec dallo sporco e dalle cellule morte. Ne garantir\u00e0 la levigatura generale e una rigenerazione pi\u00f9 rapida migliorandone al contempo la circolazione sanguigna. Dopo l\u2019applicazione la pelle risulter\u00e0 perfettamente morbida, luminosa e ringiovanita.  Caratteristiche:  rimuove le cellule morte idrata e nutre la pelle ammorbidisce perfettamente aumenta l\u2019afflusso di sangue verso la pelle  Modo d\u2019uso: Inumidire la pelle e massaggiare con delicati movimenti circolari. Sciacquare quindi abbondantemente.<\/p>\n","protected":false},"excerpt":{"rendered":"<p>Delia Cosmetics Dairy Fun, 350 g, Scrub corpo per donna, L\u2019esfoliazione, ovvero la rimozione delle cellule morte della pelle, \u00e8 il modo pi\u00f9 efficace per ottenere una pelle liscia. Grazie ai granuli contenuti lo scrub corpo Delia Cosmetics Dairy Fun esfolier\u00e0 delicatamente la pelle del corpo liberandola cos\u00ec dallo sporco e dalle cellule morte. Ne&#8230;<\/p>\n","protected":false},"featured_media":123192,"comment_status":"closed","ping_status":"open","template":"","meta":{"_acf_changed":false,"_kadence_starter_templates_imported_post":false,"_kad_post_transparent":"","_kad_post_title":"","_kad_post_layout":"","_kad_post_sidebar_id":"","_kad_post_content_style":"","_kad_post_vertical_padding":"","_kad_post_feature":"","_kad_post_feature_position":"","_kad_post_header":false,"_kad_post_footer":false,"_kad_post_classname":""},"product_brand":[2293],"product_cat":[65],"product_tag":[],"class_list":{"0":"post-123191","1":"product","2":"type-product","3":"status-publish","4":"has-post-thumbnail","6":"product_brand-delia-cosmetics","7":"product_cat-salute-e-bellezza","8":"pa_dimensioni-350-g","9":"pa_genere-female","11":"first","12":"instock","13":"product-type-external","14":"entry","15":"content-bg","16":"loop-entry"},"acf":[],"yoast_head":"<!-- This site is optimized with the Yoast SEO plugin v27.4 - https:\/\/yoast.com\/product\/yoast-seo-wordpress\/ -->\n<title>Delia Cosmetics Dairy Fun scrub corpo Raspberry 350 g - SHOPATOA.COM<\/title>\n<meta name=\"robots\" content=\"index, follow, max-snippet:-1, max-image-preview:large, max-video-preview:-1\" \/>\n<link rel=\"canonical\" href=\"https:\/\/shopatoa.com\/it\/delia-cosmetics-dairy-fun-scrub-corpo-raspberry-350-g\/\" \/>\n<meta property=\"og:locale\" content=\"it_IT\" \/>\n<meta property=\"og:type\" content=\"article\" \/>\n<meta property=\"og:title\" content=\"Delia Cosmetics Dairy Fun scrub corpo Raspberry 350 g - SHOPATOA.COM\" \/>\n<meta property=\"og:description\" content=\"Delia Cosmetics Dairy Fun, 350 g, Scrub corpo per donna, L\u2019esfoliazione, ovvero la rimozione delle cellule morte della pelle, \u00e8 il modo pi\u00f9 efficace per ottenere una pelle liscia. Grazie ai granuli contenuti lo scrub corpo Delia Cosmetics Dairy Fun esfolier\u00e0 delicatamente la pelle del corpo liberandola cos\u00ec dallo sporco e dalle cellule morte. Ne...\" \/>\n<meta property=\"og:url\" content=\"https:\/\/shopatoa.com\/it\/delia-cosmetics-dairy-fun-scrub-corpo-raspberry-350-g\/\" \/>\n<meta property=\"og:site_name\" content=\"SHOPATOA\" \/>\n<meta property=\"article:modified_time\" content=\"2025-06-11T06:36:33+00:00\" \/>\n<meta property=\"og:image\" content=\"https:\/\/storage.googleapis.com\/cz-shopatoa-img\/it\/92dabfdb-unnamed-file.webp\" \/>\n\t<meta property=\"og:image:width\" content=\"800\" \/>\n\t<meta property=\"og:image:height\" content=\"800\" \/>\n\t<meta property=\"og:image:type\" content=\"image\/webp\" \/>\n<meta name=\"twitter:card\" content=\"summary_large_image\" \/>\n<meta name=\"twitter:label1\" content=\"Tempo di lettura stimato\" \/>\n\t<meta name=\"twitter:data1\" content=\"1 minuto\" \/>\n<script type=\"application\/ld+json\" class=\"yoast-schema-graph\">{\"@context\":\"https:\\\/\\\/schema.org\",\"@graph\":[{\"@type\":\"WebPage\",\"@id\":\"https:\\\/\\\/shopatoa.com\\\/it\\\/delia-cosmetics-dairy-fun-scrub-corpo-raspberry-350-g\\\/\",\"url\":\"https:\\\/\\\/shopatoa.com\\\/it\\\/delia-cosmetics-dairy-fun-scrub-corpo-raspberry-350-g\\\/\",\"name\":\"Delia Cosmetics Dairy Fun scrub corpo Raspberry 350 g - SHOPATOA.COM\",\"isPartOf\":{\"@id\":\"https:\\\/\\\/shopatoa.com\\\/it\\\/#website\"},\"primaryImageOfPage\":{\"@id\":\"https:\\\/\\\/shopatoa.com\\\/it\\\/delia-cosmetics-dairy-fun-scrub-corpo-raspberry-350-g\\\/#primaryimage\"},\"image\":{\"@id\":\"https:\\\/\\\/shopatoa.com\\\/it\\\/delia-cosmetics-dairy-fun-scrub-corpo-raspberry-350-g\\\/#primaryimage\"},\"thumbnailUrl\":\"https:\\\/\\\/storage.googleapis.com\\\/cz-shopatoa-img\\\/it\\\/92dabfdb-unnamed-file.webp\",\"datePublished\":\"2025-06-11T06:36:04+00:00\",\"dateModified\":\"2025-06-11T06:36:33+00:00\",\"breadcrumb\":{\"@id\":\"https:\\\/\\\/shopatoa.com\\\/it\\\/delia-cosmetics-dairy-fun-scrub-corpo-raspberry-350-g\\\/#breadcrumb\"},\"inLanguage\":\"it-IT\",\"potentialAction\":[{\"@type\":\"ReadAction\",\"target\":[\"https:\\\/\\\/shopatoa.com\\\/it\\\/delia-cosmetics-dairy-fun-scrub-corpo-raspberry-350-g\\\/\"]}]},{\"@type\":\"ImageObject\",\"inLanguage\":\"it-IT\",\"@id\":\"https:\\\/\\\/shopatoa.com\\\/it\\\/delia-cosmetics-dairy-fun-scrub-corpo-raspberry-350-g\\\/#primaryimage\",\"url\":\"https:\\\/\\\/storage.googleapis.com\\\/cz-shopatoa-img\\\/it\\\/92dabfdb-unnamed-file.webp\",\"contentUrl\":\"https:\\\/\\\/storage.googleapis.com\\\/cz-shopatoa-img\\\/it\\\/92dabfdb-unnamed-file.webp\",\"width\":800,\"height\":800},{\"@type\":\"BreadcrumbList\",\"@id\":\"https:\\\/\\\/shopatoa.com\\\/it\\\/delia-cosmetics-dairy-fun-scrub-corpo-raspberry-350-g\\\/#breadcrumb\",\"itemListElement\":[{\"@type\":\"ListItem\",\"position\":1,\"name\":\"Dom\u016f\",\"item\":\"https:\\\/\\\/shopatoa.com\\\/it\\\/\"},{\"@type\":\"ListItem\",\"position\":2,\"name\":\"Shop\",\"item\":\"https:\\\/\\\/shopatoa.com\\\/it\\\/shop\\\/\"},{\"@type\":\"ListItem\",\"position\":3,\"name\":\"Delia Cosmetics Dairy Fun scrub corpo Raspberry 350 g\"}]},{\"@type\":\"WebSite\",\"@id\":\"https:\\\/\\\/shopatoa.com\\\/it\\\/#website\",\"url\":\"https:\\\/\\\/shopatoa.com\\\/it\\\/\",\"name\":\"SHOPATOA\",\"description\":\"\",\"publisher\":{\"@id\":\"https:\\\/\\\/shopatoa.com\\\/it\\\/#organization\"},\"potentialAction\":[{\"@type\":\"SearchAction\",\"target\":{\"@type\":\"EntryPoint\",\"urlTemplate\":\"https:\\\/\\\/shopatoa.com\\\/it\\\/?s={search_term_string}\"},\"query-input\":{\"@type\":\"PropertyValueSpecification\",\"valueRequired\":true,\"valueName\":\"search_term_string\"}}],\"inLanguage\":\"it-IT\"},{\"@type\":\"Organization\",\"@id\":\"https:\\\/\\\/shopatoa.com\\\/it\\\/#organization\",\"name\":\"SHOPATOA\",\"url\":\"https:\\\/\\\/shopatoa.com\\\/it\\\/\",\"logo\":{\"@type\":\"ImageObject\",\"inLanguage\":\"it-IT\",\"@id\":\"https:\\\/\\\/shopatoa.com\\\/it\\\/#\\\/schema\\\/logo\\\/image\\\/\",\"url\":\"https:\\\/\\\/storage.googleapis.com\\\/cz-shopatoa-img\\\/it\\\/4dc78fd5-shopatoa_logo.png\",\"contentUrl\":\"https:\\\/\\\/storage.googleapis.com\\\/cz-shopatoa-img\\\/it\\\/4dc78fd5-shopatoa_logo.png\",\"width\":416,\"height\":63,\"caption\":\"SHOPATOA\"},\"image\":{\"@id\":\"https:\\\/\\\/shopatoa.com\\\/it\\\/#\\\/schema\\\/logo\\\/image\\\/\"}}]}<\/script>\n<!-- \/ Yoast SEO plugin. -->","yoast_head_json":{"title":"Delia Cosmetics Dairy Fun scrub corpo Raspberry 350 g - SHOPATOA.COM","robots":{"index":"index","follow":"follow","max-snippet":"max-snippet:-1","max-image-preview":"max-image-preview:large","max-video-preview":"max-video-preview:-1"},"canonical":"https:\/\/shopatoa.com\/it\/delia-cosmetics-dairy-fun-scrub-corpo-raspberry-350-g\/","og_locale":"it_IT","og_type":"article","og_title":"Delia Cosmetics Dairy Fun scrub corpo Raspberry 350 g - SHOPATOA.COM","og_description":"Delia Cosmetics Dairy Fun, 350 g, Scrub corpo per donna, L\u2019esfoliazione, ovvero la rimozione delle cellule morte della pelle, \u00e8 il modo pi\u00f9 efficace per ottenere una pelle liscia. Grazie ai granuli contenuti lo scrub corpo Delia Cosmetics Dairy Fun esfolier\u00e0 delicatamente la pelle del corpo liberandola cos\u00ec dallo sporco e dalle cellule morte. Ne...","og_url":"https:\/\/shopatoa.com\/it\/delia-cosmetics-dairy-fun-scrub-corpo-raspberry-350-g\/","og_site_name":"SHOPATOA","article_modified_time":"2025-06-11T06:36:33+00:00","og_image":[{"width":800,"height":800,"url":"https:\/\/storage.googleapis.com\/cz-shopatoa-img\/it\/92dabfdb-unnamed-file.webp","type":"image\/webp"}],"twitter_card":"summary_large_image","twitter_misc":{"Tempo di lettura stimato":"1 minuto"},"schema":{"@context":"https:\/\/schema.org","@graph":[{"@type":"WebPage","@id":"https:\/\/shopatoa.com\/it\/delia-cosmetics-dairy-fun-scrub-corpo-raspberry-350-g\/","url":"https:\/\/shopatoa.com\/it\/delia-cosmetics-dairy-fun-scrub-corpo-raspberry-350-g\/","name":"Delia Cosmetics Dairy Fun scrub corpo Raspberry 350 g - SHOPATOA.COM","isPartOf":{"@id":"https:\/\/shopatoa.com\/it\/#website"},"primaryImageOfPage":{"@id":"https:\/\/shopatoa.com\/it\/delia-cosmetics-dairy-fun-scrub-corpo-raspberry-350-g\/#primaryimage"},"image":{"@id":"https:\/\/shopatoa.com\/it\/delia-cosmetics-dairy-fun-scrub-corpo-raspberry-350-g\/#primaryimage"},"thumbnailUrl":"https:\/\/storage.googleapis.com\/cz-shopatoa-img\/it\/92dabfdb-unnamed-file.webp","datePublished":"2025-06-11T06:36:04+00:00","dateModified":"2025-06-11T06:36:33+00:00","breadcrumb":{"@id":"https:\/\/shopatoa.com\/it\/delia-cosmetics-dairy-fun-scrub-corpo-raspberry-350-g\/#breadcrumb"},"inLanguage":"it-IT","potentialAction":[{"@type":"ReadAction","target":["https:\/\/shopatoa.com\/it\/delia-cosmetics-dairy-fun-scrub-corpo-raspberry-350-g\/"]}]},{"@type":"ImageObject","inLanguage":"it-IT","@id":"https:\/\/shopatoa.com\/it\/delia-cosmetics-dairy-fun-scrub-corpo-raspberry-350-g\/#primaryimage","url":"https:\/\/storage.googleapis.com\/cz-shopatoa-img\/it\/92dabfdb-unnamed-file.webp","contentUrl":"https:\/\/storage.googleapis.com\/cz-shopatoa-img\/it\/92dabfdb-unnamed-file.webp","width":800,"height":800},{"@type":"BreadcrumbList","@id":"https:\/\/shopatoa.com\/it\/delia-cosmetics-dairy-fun-scrub-corpo-raspberry-350-g\/#breadcrumb","itemListElement":[{"@type":"ListItem","position":1,"name":"Dom\u016f","item":"https:\/\/shopatoa.com\/it\/"},{"@type":"ListItem","position":2,"name":"Shop","item":"https:\/\/shopatoa.com\/it\/shop\/"},{"@type":"ListItem","position":3,"name":"Delia Cosmetics Dairy Fun scrub corpo Raspberry 350 g"}]},{"@type":"WebSite","@id":"https:\/\/shopatoa.com\/it\/#website","url":"https:\/\/shopatoa.com\/it\/","name":"SHOPATOA","description":"","publisher":{"@id":"https:\/\/shopatoa.com\/it\/#organization"},"potentialAction":[{"@type":"SearchAction","target":{"@type":"EntryPoint","urlTemplate":"https:\/\/shopatoa.com\/it\/?s={search_term_string}"},"query-input":{"@type":"PropertyValueSpecification","valueRequired":true,"valueName":"search_term_string"}}],"inLanguage":"it-IT"},{"@type":"Organization","@id":"https:\/\/shopatoa.com\/it\/#organization","name":"SHOPATOA","url":"https:\/\/shopatoa.com\/it\/","logo":{"@type":"ImageObject","inLanguage":"it-IT","@id":"https:\/\/shopatoa.com\/it\/#\/schema\/logo\/image\/","url":"https:\/\/storage.googleapis.com\/cz-shopatoa-img\/it\/4dc78fd5-shopatoa_logo.png","contentUrl":"https:\/\/storage.googleapis.com\/cz-shopatoa-img\/it\/4dc78fd5-shopatoa_logo.png","width":416,"height":63,"caption":"SHOPATOA"},"image":{"@id":"https:\/\/shopatoa.com\/it\/#\/schema\/logo\/image\/"}}]}},"_links":{"self":[{"href":"https:\/\/shopatoa.com\/it\/wp-json\/wp\/v2\/product\/123191","targetHints":{"allow":["GET"]}}],"collection":[{"href":"https:\/\/shopatoa.com\/it\/wp-json\/wp\/v2\/product"}],"about":[{"href":"https:\/\/shopatoa.com\/it\/wp-json\/wp\/v2\/types\/product"}],"replies":[{"embeddable":true,"href":"https:\/\/shopatoa.com\/it\/wp-json\/wp\/v2\/comments?post=123191"}],"wp:featuredmedia":[{"embeddable":true,"href":"https:\/\/shopatoa.com\/it\/wp-json\/wp\/v2\/media\/123192"}],"wp:attachment":[{"href":"https:\/\/shopatoa.com\/it\/wp-json\/wp\/v2\/media?parent=123191"}],"wp:term":[{"taxonomy":"product_brand","embeddable":true,"href":"https:\/\/shopatoa.com\/it\/wp-json\/wp\/v2\/product_brand?post=123191"},{"taxonomy":"product_cat","embeddable":true,"href":"https:\/\/shopatoa.com\/it\/wp-json\/wp\/v2\/product_cat?post=123191"},{"taxonomy":"product_tag","embeddable":true,"href":"https:\/\/shopatoa.com\/it\/wp-json\/wp\/v2\/product_tag?post=123191"}],"curies":[{"name":"wp","href":"https:\/\/api.w.org\/{rel}","templated":true}]}}