{"id":124765,"date":"2025-06-11T10:01:00","date_gmt":"2025-06-11T08:01:00","guid":{"rendered":"https:\/\/shopatoa.com\/it\/munchkin-soft-tip-infant-spoons-cucchiaino-6-pz\/"},"modified":"2025-06-11T10:01:42","modified_gmt":"2025-06-11T08:01:42","slug":"munchkin-soft-tip-infant-spoons-cucchiaino-6-pz","status":"publish","type":"product","link":"https:\/\/shopatoa.com\/it\/munchkin-soft-tip-infant-spoons-cucchiaino-6-pz\/","title":{"rendered":"Munchkin Soft Tip Infant Spoons cucchiaino 6 pz"},"content":{"rendered":"<p>Munchkin Soft Tip Infant Spoons, 6 pz, Posate per bambini per bambini, Le stoviglie belle rendono ogni pasto ancora pi\u00f9 gustoso. Le stoviglie per bambini Munchkin Soft Tip Infant Spoons sono realizzate in materiale resistente di alta qualit\u00e0, sono facili da lavare e il loro design giocoso divertir\u00e0 i bambini, rendendo il pranzo ancora pi\u00f9 piacevole.  Caratteristiche:  materiale di qualit\u00e0 per mangiare in sicurezza resistente alle cadute adatto ai viaggi forma facile da afferrare ideale per imparare a mangiare in modo autonomo<\/p>\n","protected":false},"excerpt":{"rendered":"<p>Munchkin Soft Tip Infant Spoons, 6 pz, Posate per bambini per bambini, Le stoviglie belle rendono ogni pasto ancora pi\u00f9 gustoso. Le stoviglie per bambini Munchkin Soft Tip Infant Spoons sono realizzate in materiale resistente di alta qualit\u00e0, sono facili da lavare e il loro design giocoso divertir\u00e0 i bambini, rendendo il pranzo ancora pi\u00f9&#8230;<\/p>\n","protected":false},"featured_media":124766,"comment_status":"closed","ping_status":"open","template":"","meta":{"_acf_changed":false,"_kadence_starter_templates_imported_post":false,"_kad_post_transparent":"","_kad_post_title":"","_kad_post_layout":"","_kad_post_sidebar_id":"","_kad_post_content_style":"","_kad_post_vertical_padding":"","_kad_post_feature":"","_kad_post_feature_position":"","_kad_post_header":false,"_kad_post_footer":false,"_kad_post_classname":""},"product_brand":[1306],"product_cat":[65],"product_tag":[],"class_list":{"0":"post-124765","1":"product","2":"type-product","3":"status-publish","4":"has-post-thumbnail","6":"product_brand-munchkin","7":"product_cat-salute-e-bellezza","8":"pa_dimensioni-6-pz","9":"pa_genere-unisex","11":"first","12":"instock","13":"product-type-external","14":"entry","15":"content-bg","16":"loop-entry"},"acf":[],"yoast_head":"<!-- This site is optimized with the Yoast SEO plugin v27.4 - https:\/\/yoast.com\/product\/yoast-seo-wordpress\/ -->\n<title>Munchkin Soft Tip Infant Spoons cucchiaino 6 pz - SHOPATOA.COM<\/title>\n<meta name=\"robots\" content=\"index, follow, max-snippet:-1, max-image-preview:large, max-video-preview:-1\" \/>\n<link rel=\"canonical\" href=\"https:\/\/shopatoa.com\/it\/munchkin-soft-tip-infant-spoons-cucchiaino-6-pz\/\" \/>\n<meta property=\"og:locale\" content=\"it_IT\" \/>\n<meta property=\"og:type\" content=\"article\" \/>\n<meta property=\"og:title\" content=\"Munchkin Soft Tip Infant Spoons cucchiaino 6 pz - SHOPATOA.COM\" \/>\n<meta property=\"og:description\" content=\"Munchkin Soft Tip Infant Spoons, 6 pz, Posate per bambini per bambini, Le stoviglie belle rendono ogni pasto ancora pi\u00f9 gustoso. Le stoviglie per bambini Munchkin Soft Tip Infant Spoons sono realizzate in materiale resistente di alta qualit\u00e0, sono facili da lavare e il loro design giocoso divertir\u00e0 i bambini, rendendo il pranzo ancora pi\u00f9...\" \/>\n<meta property=\"og:url\" content=\"https:\/\/shopatoa.com\/it\/munchkin-soft-tip-infant-spoons-cucchiaino-6-pz\/\" \/>\n<meta property=\"og:site_name\" content=\"SHOPATOA\" \/>\n<meta property=\"article:modified_time\" content=\"2025-06-11T08:01:42+00:00\" \/>\n<meta property=\"og:image\" content=\"https:\/\/storage.googleapis.com\/cz-shopatoa-img\/it\/d9d02a83-unnamed-file.webp\" \/>\n\t<meta property=\"og:image:width\" content=\"800\" \/>\n\t<meta property=\"og:image:height\" content=\"800\" \/>\n\t<meta property=\"og:image:type\" content=\"image\/webp\" \/>\n<meta name=\"twitter:card\" content=\"summary_large_image\" \/>\n<script type=\"application\/ld+json\" class=\"yoast-schema-graph\">{\"@context\":\"https:\\\/\\\/schema.org\",\"@graph\":[{\"@type\":\"WebPage\",\"@id\":\"https:\\\/\\\/shopatoa.com\\\/it\\\/munchkin-soft-tip-infant-spoons-cucchiaino-6-pz\\\/\",\"url\":\"https:\\\/\\\/shopatoa.com\\\/it\\\/munchkin-soft-tip-infant-spoons-cucchiaino-6-pz\\\/\",\"name\":\"Munchkin Soft Tip Infant Spoons cucchiaino 6 pz - SHOPATOA.COM\",\"isPartOf\":{\"@id\":\"https:\\\/\\\/shopatoa.com\\\/it\\\/#website\"},\"primaryImageOfPage\":{\"@id\":\"https:\\\/\\\/shopatoa.com\\\/it\\\/munchkin-soft-tip-infant-spoons-cucchiaino-6-pz\\\/#primaryimage\"},\"image\":{\"@id\":\"https:\\\/\\\/shopatoa.com\\\/it\\\/munchkin-soft-tip-infant-spoons-cucchiaino-6-pz\\\/#primaryimage\"},\"thumbnailUrl\":\"https:\\\/\\\/storage.googleapis.com\\\/cz-shopatoa-img\\\/it\\\/d9d02a83-unnamed-file.webp\",\"datePublished\":\"2025-06-11T08:01:00+00:00\",\"dateModified\":\"2025-06-11T08:01:42+00:00\",\"breadcrumb\":{\"@id\":\"https:\\\/\\\/shopatoa.com\\\/it\\\/munchkin-soft-tip-infant-spoons-cucchiaino-6-pz\\\/#breadcrumb\"},\"inLanguage\":\"it-IT\",\"potentialAction\":[{\"@type\":\"ReadAction\",\"target\":[\"https:\\\/\\\/shopatoa.com\\\/it\\\/munchkin-soft-tip-infant-spoons-cucchiaino-6-pz\\\/\"]}]},{\"@type\":\"ImageObject\",\"inLanguage\":\"it-IT\",\"@id\":\"https:\\\/\\\/shopatoa.com\\\/it\\\/munchkin-soft-tip-infant-spoons-cucchiaino-6-pz\\\/#primaryimage\",\"url\":\"https:\\\/\\\/storage.googleapis.com\\\/cz-shopatoa-img\\\/it\\\/d9d02a83-unnamed-file.webp\",\"contentUrl\":\"https:\\\/\\\/storage.googleapis.com\\\/cz-shopatoa-img\\\/it\\\/d9d02a83-unnamed-file.webp\",\"width\":800,\"height\":800},{\"@type\":\"BreadcrumbList\",\"@id\":\"https:\\\/\\\/shopatoa.com\\\/it\\\/munchkin-soft-tip-infant-spoons-cucchiaino-6-pz\\\/#breadcrumb\",\"itemListElement\":[{\"@type\":\"ListItem\",\"position\":1,\"name\":\"Dom\u016f\",\"item\":\"https:\\\/\\\/shopatoa.com\\\/it\\\/\"},{\"@type\":\"ListItem\",\"position\":2,\"name\":\"Shop\",\"item\":\"https:\\\/\\\/shopatoa.com\\\/it\\\/shop\\\/\"},{\"@type\":\"ListItem\",\"position\":3,\"name\":\"Munchkin Soft Tip Infant Spoons cucchiaino 6 pz\"}]},{\"@type\":\"WebSite\",\"@id\":\"https:\\\/\\\/shopatoa.com\\\/it\\\/#website\",\"url\":\"https:\\\/\\\/shopatoa.com\\\/it\\\/\",\"name\":\"SHOPATOA\",\"description\":\"\",\"publisher\":{\"@id\":\"https:\\\/\\\/shopatoa.com\\\/it\\\/#organization\"},\"potentialAction\":[{\"@type\":\"SearchAction\",\"target\":{\"@type\":\"EntryPoint\",\"urlTemplate\":\"https:\\\/\\\/shopatoa.com\\\/it\\\/?s={search_term_string}\"},\"query-input\":{\"@type\":\"PropertyValueSpecification\",\"valueRequired\":true,\"valueName\":\"search_term_string\"}}],\"inLanguage\":\"it-IT\"},{\"@type\":\"Organization\",\"@id\":\"https:\\\/\\\/shopatoa.com\\\/it\\\/#organization\",\"name\":\"SHOPATOA\",\"url\":\"https:\\\/\\\/shopatoa.com\\\/it\\\/\",\"logo\":{\"@type\":\"ImageObject\",\"inLanguage\":\"it-IT\",\"@id\":\"https:\\\/\\\/shopatoa.com\\\/it\\\/#\\\/schema\\\/logo\\\/image\\\/\",\"url\":\"https:\\\/\\\/storage.googleapis.com\\\/cz-shopatoa-img\\\/it\\\/4dc78fd5-shopatoa_logo.png\",\"contentUrl\":\"https:\\\/\\\/storage.googleapis.com\\\/cz-shopatoa-img\\\/it\\\/4dc78fd5-shopatoa_logo.png\",\"width\":416,\"height\":63,\"caption\":\"SHOPATOA\"},\"image\":{\"@id\":\"https:\\\/\\\/shopatoa.com\\\/it\\\/#\\\/schema\\\/logo\\\/image\\\/\"}}]}<\/script>\n<!-- \/ Yoast SEO plugin. -->","yoast_head_json":{"title":"Munchkin Soft Tip Infant Spoons cucchiaino 6 pz - SHOPATOA.COM","robots":{"index":"index","follow":"follow","max-snippet":"max-snippet:-1","max-image-preview":"max-image-preview:large","max-video-preview":"max-video-preview:-1"},"canonical":"https:\/\/shopatoa.com\/it\/munchkin-soft-tip-infant-spoons-cucchiaino-6-pz\/","og_locale":"it_IT","og_type":"article","og_title":"Munchkin Soft Tip Infant Spoons cucchiaino 6 pz - SHOPATOA.COM","og_description":"Munchkin Soft Tip Infant Spoons, 6 pz, Posate per bambini per bambini, Le stoviglie belle rendono ogni pasto ancora pi\u00f9 gustoso. Le stoviglie per bambini Munchkin Soft Tip Infant Spoons sono realizzate in materiale resistente di alta qualit\u00e0, sono facili da lavare e il loro design giocoso divertir\u00e0 i bambini, rendendo il pranzo ancora pi\u00f9...","og_url":"https:\/\/shopatoa.com\/it\/munchkin-soft-tip-infant-spoons-cucchiaino-6-pz\/","og_site_name":"SHOPATOA","article_modified_time":"2025-06-11T08:01:42+00:00","og_image":[{"width":800,"height":800,"url":"https:\/\/storage.googleapis.com\/cz-shopatoa-img\/it\/d9d02a83-unnamed-file.webp","type":"image\/webp"}],"twitter_card":"summary_large_image","schema":{"@context":"https:\/\/schema.org","@graph":[{"@type":"WebPage","@id":"https:\/\/shopatoa.com\/it\/munchkin-soft-tip-infant-spoons-cucchiaino-6-pz\/","url":"https:\/\/shopatoa.com\/it\/munchkin-soft-tip-infant-spoons-cucchiaino-6-pz\/","name":"Munchkin Soft Tip Infant Spoons cucchiaino 6 pz - SHOPATOA.COM","isPartOf":{"@id":"https:\/\/shopatoa.com\/it\/#website"},"primaryImageOfPage":{"@id":"https:\/\/shopatoa.com\/it\/munchkin-soft-tip-infant-spoons-cucchiaino-6-pz\/#primaryimage"},"image":{"@id":"https:\/\/shopatoa.com\/it\/munchkin-soft-tip-infant-spoons-cucchiaino-6-pz\/#primaryimage"},"thumbnailUrl":"https:\/\/storage.googleapis.com\/cz-shopatoa-img\/it\/d9d02a83-unnamed-file.webp","datePublished":"2025-06-11T08:01:00+00:00","dateModified":"2025-06-11T08:01:42+00:00","breadcrumb":{"@id":"https:\/\/shopatoa.com\/it\/munchkin-soft-tip-infant-spoons-cucchiaino-6-pz\/#breadcrumb"},"inLanguage":"it-IT","potentialAction":[{"@type":"ReadAction","target":["https:\/\/shopatoa.com\/it\/munchkin-soft-tip-infant-spoons-cucchiaino-6-pz\/"]}]},{"@type":"ImageObject","inLanguage":"it-IT","@id":"https:\/\/shopatoa.com\/it\/munchkin-soft-tip-infant-spoons-cucchiaino-6-pz\/#primaryimage","url":"https:\/\/storage.googleapis.com\/cz-shopatoa-img\/it\/d9d02a83-unnamed-file.webp","contentUrl":"https:\/\/storage.googleapis.com\/cz-shopatoa-img\/it\/d9d02a83-unnamed-file.webp","width":800,"height":800},{"@type":"BreadcrumbList","@id":"https:\/\/shopatoa.com\/it\/munchkin-soft-tip-infant-spoons-cucchiaino-6-pz\/#breadcrumb","itemListElement":[{"@type":"ListItem","position":1,"name":"Dom\u016f","item":"https:\/\/shopatoa.com\/it\/"},{"@type":"ListItem","position":2,"name":"Shop","item":"https:\/\/shopatoa.com\/it\/shop\/"},{"@type":"ListItem","position":3,"name":"Munchkin Soft Tip Infant Spoons cucchiaino 6 pz"}]},{"@type":"WebSite","@id":"https:\/\/shopatoa.com\/it\/#website","url":"https:\/\/shopatoa.com\/it\/","name":"SHOPATOA","description":"","publisher":{"@id":"https:\/\/shopatoa.com\/it\/#organization"},"potentialAction":[{"@type":"SearchAction","target":{"@type":"EntryPoint","urlTemplate":"https:\/\/shopatoa.com\/it\/?s={search_term_string}"},"query-input":{"@type":"PropertyValueSpecification","valueRequired":true,"valueName":"search_term_string"}}],"inLanguage":"it-IT"},{"@type":"Organization","@id":"https:\/\/shopatoa.com\/it\/#organization","name":"SHOPATOA","url":"https:\/\/shopatoa.com\/it\/","logo":{"@type":"ImageObject","inLanguage":"it-IT","@id":"https:\/\/shopatoa.com\/it\/#\/schema\/logo\/image\/","url":"https:\/\/storage.googleapis.com\/cz-shopatoa-img\/it\/4dc78fd5-shopatoa_logo.png","contentUrl":"https:\/\/storage.googleapis.com\/cz-shopatoa-img\/it\/4dc78fd5-shopatoa_logo.png","width":416,"height":63,"caption":"SHOPATOA"},"image":{"@id":"https:\/\/shopatoa.com\/it\/#\/schema\/logo\/image\/"}}]}},"_links":{"self":[{"href":"https:\/\/shopatoa.com\/it\/wp-json\/wp\/v2\/product\/124765","targetHints":{"allow":["GET"]}}],"collection":[{"href":"https:\/\/shopatoa.com\/it\/wp-json\/wp\/v2\/product"}],"about":[{"href":"https:\/\/shopatoa.com\/it\/wp-json\/wp\/v2\/types\/product"}],"replies":[{"embeddable":true,"href":"https:\/\/shopatoa.com\/it\/wp-json\/wp\/v2\/comments?post=124765"}],"wp:featuredmedia":[{"embeddable":true,"href":"https:\/\/shopatoa.com\/it\/wp-json\/wp\/v2\/media\/124766"}],"wp:attachment":[{"href":"https:\/\/shopatoa.com\/it\/wp-json\/wp\/v2\/media?parent=124765"}],"wp:term":[{"taxonomy":"product_brand","embeddable":true,"href":"https:\/\/shopatoa.com\/it\/wp-json\/wp\/v2\/product_brand?post=124765"},{"taxonomy":"product_cat","embeddable":true,"href":"https:\/\/shopatoa.com\/it\/wp-json\/wp\/v2\/product_cat?post=124765"},{"taxonomy":"product_tag","embeddable":true,"href":"https:\/\/shopatoa.com\/it\/wp-json\/wp\/v2\/product_tag?post=124765"}],"curies":[{"name":"wp","href":"https:\/\/api.w.org\/{rel}","templated":true}]}}