{"id":129056,"date":"2025-06-11T14:22:49","date_gmt":"2025-06-11T12:22:49","guid":{"rendered":"https:\/\/shopatoa.com\/it\/real-techniques-original-collection-prep-rasoio-per-il-viso-3-pz\/"},"modified":"2025-06-11T14:23:05","modified_gmt":"2025-06-11T12:23:05","slug":"real-techniques-original-collection-prep-rasoio-per-il-viso-3-pz","status":"publish","type":"product","link":"https:\/\/shopatoa.com\/it\/real-techniques-original-collection-prep-rasoio-per-il-viso-3-pz\/","title":{"rendered":"Real Techniques Original Collection Prep rasoio per il viso 3 pz"},"content":{"rendered":"<p>Real Techniques Original Collection Prep, 3 pz, Regolazione delle sopracciglia per donna, La cura della pelle non significa solo creme, sieri, tonici, gel o magari scrub. Vari tipi di accessori cosmetici speciali possono migliorare la tua routine quotidiana. Real Techniques Original Collection Prep \u00e8 un ottimo complemento dei prodotti che gi\u00e0 usi nella tua routine e render\u00e0 la tua pelle ancora pi\u00f9 bella.  Caratteristiche:  applicazione facile e veloce  Modo d\u2019uso: Utilizzare secondo le istruzioni allegate.<\/p>\n","protected":false},"excerpt":{"rendered":"<p>Real Techniques Original Collection Prep, 3 pz, Regolazione delle sopracciglia per donna, La cura della pelle non significa solo creme, sieri, tonici, gel o magari scrub. Vari tipi di accessori cosmetici speciali possono migliorare la tua routine quotidiana. Real Techniques Original Collection Prep \u00e8 un ottimo complemento dei prodotti che gi\u00e0 usi nella tua routine&#8230;<\/p>\n","protected":false},"featured_media":129057,"comment_status":"closed","ping_status":"open","template":"","meta":{"_acf_changed":false,"_kadence_starter_templates_imported_post":false,"_kad_post_transparent":"","_kad_post_title":"","_kad_post_layout":"","_kad_post_sidebar_id":"","_kad_post_content_style":"","_kad_post_vertical_padding":"","_kad_post_feature":"","_kad_post_feature_position":"","_kad_post_header":false,"_kad_post_footer":false,"_kad_post_classname":""},"product_brand":[634],"product_cat":[65],"product_tag":[],"class_list":{"0":"post-129056","1":"product","2":"type-product","3":"status-publish","4":"has-post-thumbnail","6":"product_brand-real-techniques","7":"product_cat-salute-e-bellezza","8":"pa_dimensioni-3-pz","9":"pa_genere-female","11":"first","12":"instock","13":"product-type-external","14":"entry","15":"content-bg","16":"loop-entry"},"acf":[],"yoast_head":"<!-- This site is optimized with the Yoast SEO plugin v27.4 - https:\/\/yoast.com\/product\/yoast-seo-wordpress\/ -->\n<title>Real Techniques Original Collection Prep rasoio per il viso 3 pz - SHOPATOA.COM<\/title>\n<meta name=\"robots\" content=\"index, follow, max-snippet:-1, max-image-preview:large, max-video-preview:-1\" \/>\n<link rel=\"canonical\" href=\"https:\/\/shopatoa.com\/it\/real-techniques-original-collection-prep-rasoio-per-il-viso-3-pz\/\" \/>\n<meta property=\"og:locale\" content=\"it_IT\" \/>\n<meta property=\"og:type\" content=\"article\" \/>\n<meta property=\"og:title\" content=\"Real Techniques Original Collection Prep rasoio per il viso 3 pz - SHOPATOA.COM\" \/>\n<meta property=\"og:description\" content=\"Real Techniques Original Collection Prep, 3 pz, Regolazione delle sopracciglia per donna, La cura della pelle non significa solo creme, sieri, tonici, gel o magari scrub. Vari tipi di accessori cosmetici speciali possono migliorare la tua routine quotidiana. Real Techniques Original Collection Prep \u00e8 un ottimo complemento dei prodotti che gi\u00e0 usi nella tua routine...\" \/>\n<meta property=\"og:url\" content=\"https:\/\/shopatoa.com\/it\/real-techniques-original-collection-prep-rasoio-per-il-viso-3-pz\/\" \/>\n<meta property=\"og:site_name\" content=\"SHOPATOA\" \/>\n<meta property=\"article:modified_time\" content=\"2025-06-11T12:23:05+00:00\" \/>\n<meta property=\"og:image\" content=\"https:\/\/storage.googleapis.com\/cz-shopatoa-img\/it\/a3ac1e36-unnamed-file.webp\" \/>\n\t<meta property=\"og:image:width\" content=\"800\" \/>\n\t<meta property=\"og:image:height\" content=\"800\" \/>\n\t<meta property=\"og:image:type\" content=\"image\/webp\" \/>\n<meta name=\"twitter:card\" content=\"summary_large_image\" \/>\n<script type=\"application\/ld+json\" class=\"yoast-schema-graph\">{\"@context\":\"https:\\\/\\\/schema.org\",\"@graph\":[{\"@type\":\"WebPage\",\"@id\":\"https:\\\/\\\/shopatoa.com\\\/it\\\/real-techniques-original-collection-prep-rasoio-per-il-viso-3-pz\\\/\",\"url\":\"https:\\\/\\\/shopatoa.com\\\/it\\\/real-techniques-original-collection-prep-rasoio-per-il-viso-3-pz\\\/\",\"name\":\"Real Techniques Original Collection Prep rasoio per il viso 3 pz - SHOPATOA.COM\",\"isPartOf\":{\"@id\":\"https:\\\/\\\/shopatoa.com\\\/it\\\/#website\"},\"primaryImageOfPage\":{\"@id\":\"https:\\\/\\\/shopatoa.com\\\/it\\\/real-techniques-original-collection-prep-rasoio-per-il-viso-3-pz\\\/#primaryimage\"},\"image\":{\"@id\":\"https:\\\/\\\/shopatoa.com\\\/it\\\/real-techniques-original-collection-prep-rasoio-per-il-viso-3-pz\\\/#primaryimage\"},\"thumbnailUrl\":\"https:\\\/\\\/storage.googleapis.com\\\/cz-shopatoa-img\\\/it\\\/a3ac1e36-unnamed-file.webp\",\"datePublished\":\"2025-06-11T12:22:49+00:00\",\"dateModified\":\"2025-06-11T12:23:05+00:00\",\"breadcrumb\":{\"@id\":\"https:\\\/\\\/shopatoa.com\\\/it\\\/real-techniques-original-collection-prep-rasoio-per-il-viso-3-pz\\\/#breadcrumb\"},\"inLanguage\":\"it-IT\",\"potentialAction\":[{\"@type\":\"ReadAction\",\"target\":[\"https:\\\/\\\/shopatoa.com\\\/it\\\/real-techniques-original-collection-prep-rasoio-per-il-viso-3-pz\\\/\"]}]},{\"@type\":\"ImageObject\",\"inLanguage\":\"it-IT\",\"@id\":\"https:\\\/\\\/shopatoa.com\\\/it\\\/real-techniques-original-collection-prep-rasoio-per-il-viso-3-pz\\\/#primaryimage\",\"url\":\"https:\\\/\\\/storage.googleapis.com\\\/cz-shopatoa-img\\\/it\\\/a3ac1e36-unnamed-file.webp\",\"contentUrl\":\"https:\\\/\\\/storage.googleapis.com\\\/cz-shopatoa-img\\\/it\\\/a3ac1e36-unnamed-file.webp\",\"width\":800,\"height\":800},{\"@type\":\"BreadcrumbList\",\"@id\":\"https:\\\/\\\/shopatoa.com\\\/it\\\/real-techniques-original-collection-prep-rasoio-per-il-viso-3-pz\\\/#breadcrumb\",\"itemListElement\":[{\"@type\":\"ListItem\",\"position\":1,\"name\":\"Dom\u016f\",\"item\":\"https:\\\/\\\/shopatoa.com\\\/it\\\/\"},{\"@type\":\"ListItem\",\"position\":2,\"name\":\"Shop\",\"item\":\"https:\\\/\\\/shopatoa.com\\\/it\\\/shop\\\/\"},{\"@type\":\"ListItem\",\"position\":3,\"name\":\"Real Techniques Original Collection Prep rasoio per il viso 3 pz\"}]},{\"@type\":\"WebSite\",\"@id\":\"https:\\\/\\\/shopatoa.com\\\/it\\\/#website\",\"url\":\"https:\\\/\\\/shopatoa.com\\\/it\\\/\",\"name\":\"SHOPATOA\",\"description\":\"\",\"publisher\":{\"@id\":\"https:\\\/\\\/shopatoa.com\\\/it\\\/#organization\"},\"potentialAction\":[{\"@type\":\"SearchAction\",\"target\":{\"@type\":\"EntryPoint\",\"urlTemplate\":\"https:\\\/\\\/shopatoa.com\\\/it\\\/?s={search_term_string}\"},\"query-input\":{\"@type\":\"PropertyValueSpecification\",\"valueRequired\":true,\"valueName\":\"search_term_string\"}}],\"inLanguage\":\"it-IT\"},{\"@type\":\"Organization\",\"@id\":\"https:\\\/\\\/shopatoa.com\\\/it\\\/#organization\",\"name\":\"SHOPATOA\",\"url\":\"https:\\\/\\\/shopatoa.com\\\/it\\\/\",\"logo\":{\"@type\":\"ImageObject\",\"inLanguage\":\"it-IT\",\"@id\":\"https:\\\/\\\/shopatoa.com\\\/it\\\/#\\\/schema\\\/logo\\\/image\\\/\",\"url\":\"https:\\\/\\\/storage.googleapis.com\\\/cz-shopatoa-img\\\/it\\\/4dc78fd5-shopatoa_logo.png\",\"contentUrl\":\"https:\\\/\\\/storage.googleapis.com\\\/cz-shopatoa-img\\\/it\\\/4dc78fd5-shopatoa_logo.png\",\"width\":416,\"height\":63,\"caption\":\"SHOPATOA\"},\"image\":{\"@id\":\"https:\\\/\\\/shopatoa.com\\\/it\\\/#\\\/schema\\\/logo\\\/image\\\/\"}}]}<\/script>\n<!-- \/ Yoast SEO plugin. -->","yoast_head_json":{"title":"Real Techniques Original Collection Prep rasoio per il viso 3 pz - SHOPATOA.COM","robots":{"index":"index","follow":"follow","max-snippet":"max-snippet:-1","max-image-preview":"max-image-preview:large","max-video-preview":"max-video-preview:-1"},"canonical":"https:\/\/shopatoa.com\/it\/real-techniques-original-collection-prep-rasoio-per-il-viso-3-pz\/","og_locale":"it_IT","og_type":"article","og_title":"Real Techniques Original Collection Prep rasoio per il viso 3 pz - SHOPATOA.COM","og_description":"Real Techniques Original Collection Prep, 3 pz, Regolazione delle sopracciglia per donna, La cura della pelle non significa solo creme, sieri, tonici, gel o magari scrub. Vari tipi di accessori cosmetici speciali possono migliorare la tua routine quotidiana. Real Techniques Original Collection Prep \u00e8 un ottimo complemento dei prodotti che gi\u00e0 usi nella tua routine...","og_url":"https:\/\/shopatoa.com\/it\/real-techniques-original-collection-prep-rasoio-per-il-viso-3-pz\/","og_site_name":"SHOPATOA","article_modified_time":"2025-06-11T12:23:05+00:00","og_image":[{"width":800,"height":800,"url":"https:\/\/storage.googleapis.com\/cz-shopatoa-img\/it\/a3ac1e36-unnamed-file.webp","type":"image\/webp"}],"twitter_card":"summary_large_image","schema":{"@context":"https:\/\/schema.org","@graph":[{"@type":"WebPage","@id":"https:\/\/shopatoa.com\/it\/real-techniques-original-collection-prep-rasoio-per-il-viso-3-pz\/","url":"https:\/\/shopatoa.com\/it\/real-techniques-original-collection-prep-rasoio-per-il-viso-3-pz\/","name":"Real Techniques Original Collection Prep rasoio per il viso 3 pz - SHOPATOA.COM","isPartOf":{"@id":"https:\/\/shopatoa.com\/it\/#website"},"primaryImageOfPage":{"@id":"https:\/\/shopatoa.com\/it\/real-techniques-original-collection-prep-rasoio-per-il-viso-3-pz\/#primaryimage"},"image":{"@id":"https:\/\/shopatoa.com\/it\/real-techniques-original-collection-prep-rasoio-per-il-viso-3-pz\/#primaryimage"},"thumbnailUrl":"https:\/\/storage.googleapis.com\/cz-shopatoa-img\/it\/a3ac1e36-unnamed-file.webp","datePublished":"2025-06-11T12:22:49+00:00","dateModified":"2025-06-11T12:23:05+00:00","breadcrumb":{"@id":"https:\/\/shopatoa.com\/it\/real-techniques-original-collection-prep-rasoio-per-il-viso-3-pz\/#breadcrumb"},"inLanguage":"it-IT","potentialAction":[{"@type":"ReadAction","target":["https:\/\/shopatoa.com\/it\/real-techniques-original-collection-prep-rasoio-per-il-viso-3-pz\/"]}]},{"@type":"ImageObject","inLanguage":"it-IT","@id":"https:\/\/shopatoa.com\/it\/real-techniques-original-collection-prep-rasoio-per-il-viso-3-pz\/#primaryimage","url":"https:\/\/storage.googleapis.com\/cz-shopatoa-img\/it\/a3ac1e36-unnamed-file.webp","contentUrl":"https:\/\/storage.googleapis.com\/cz-shopatoa-img\/it\/a3ac1e36-unnamed-file.webp","width":800,"height":800},{"@type":"BreadcrumbList","@id":"https:\/\/shopatoa.com\/it\/real-techniques-original-collection-prep-rasoio-per-il-viso-3-pz\/#breadcrumb","itemListElement":[{"@type":"ListItem","position":1,"name":"Dom\u016f","item":"https:\/\/shopatoa.com\/it\/"},{"@type":"ListItem","position":2,"name":"Shop","item":"https:\/\/shopatoa.com\/it\/shop\/"},{"@type":"ListItem","position":3,"name":"Real Techniques Original Collection Prep rasoio per il viso 3 pz"}]},{"@type":"WebSite","@id":"https:\/\/shopatoa.com\/it\/#website","url":"https:\/\/shopatoa.com\/it\/","name":"SHOPATOA","description":"","publisher":{"@id":"https:\/\/shopatoa.com\/it\/#organization"},"potentialAction":[{"@type":"SearchAction","target":{"@type":"EntryPoint","urlTemplate":"https:\/\/shopatoa.com\/it\/?s={search_term_string}"},"query-input":{"@type":"PropertyValueSpecification","valueRequired":true,"valueName":"search_term_string"}}],"inLanguage":"it-IT"},{"@type":"Organization","@id":"https:\/\/shopatoa.com\/it\/#organization","name":"SHOPATOA","url":"https:\/\/shopatoa.com\/it\/","logo":{"@type":"ImageObject","inLanguage":"it-IT","@id":"https:\/\/shopatoa.com\/it\/#\/schema\/logo\/image\/","url":"https:\/\/storage.googleapis.com\/cz-shopatoa-img\/it\/4dc78fd5-shopatoa_logo.png","contentUrl":"https:\/\/storage.googleapis.com\/cz-shopatoa-img\/it\/4dc78fd5-shopatoa_logo.png","width":416,"height":63,"caption":"SHOPATOA"},"image":{"@id":"https:\/\/shopatoa.com\/it\/#\/schema\/logo\/image\/"}}]}},"_links":{"self":[{"href":"https:\/\/shopatoa.com\/it\/wp-json\/wp\/v2\/product\/129056","targetHints":{"allow":["GET"]}}],"collection":[{"href":"https:\/\/shopatoa.com\/it\/wp-json\/wp\/v2\/product"}],"about":[{"href":"https:\/\/shopatoa.com\/it\/wp-json\/wp\/v2\/types\/product"}],"replies":[{"embeddable":true,"href":"https:\/\/shopatoa.com\/it\/wp-json\/wp\/v2\/comments?post=129056"}],"wp:featuredmedia":[{"embeddable":true,"href":"https:\/\/shopatoa.com\/it\/wp-json\/wp\/v2\/media\/129057"}],"wp:attachment":[{"href":"https:\/\/shopatoa.com\/it\/wp-json\/wp\/v2\/media?parent=129056"}],"wp:term":[{"taxonomy":"product_brand","embeddable":true,"href":"https:\/\/shopatoa.com\/it\/wp-json\/wp\/v2\/product_brand?post=129056"},{"taxonomy":"product_cat","embeddable":true,"href":"https:\/\/shopatoa.com\/it\/wp-json\/wp\/v2\/product_cat?post=129056"},{"taxonomy":"product_tag","embeddable":true,"href":"https:\/\/shopatoa.com\/it\/wp-json\/wp\/v2\/product_tag?post=129056"}],"curies":[{"name":"wp","href":"https:\/\/api.w.org\/{rel}","templated":true}]}}