{"id":133059,"date":"2025-06-12T18:58:22","date_gmt":"2025-06-12T16:58:22","guid":{"rendered":"https:\/\/shopatoa.com\/it\/gabriella-salvete-take-five-rose-set-di-applicatori-per-il-viso\/"},"modified":"2025-06-12T18:58:40","modified_gmt":"2025-06-12T16:58:40","slug":"gabriella-salvete-take-five-rose-set-di-applicatori-per-il-viso","status":"publish","type":"product","link":"https:\/\/shopatoa.com\/it\/gabriella-salvete-take-five-rose-set-di-applicatori-per-il-viso\/","title":{"rendered":"Gabriella Salvete Take Five Rose set di applicatori per il viso"},"content":{"rendered":"<p>Gabriella Salvete Take Five Rose, 5 pz, Cofanetti di cosmetici per donna, Hai la sensazione che applicando il fondotinta con le dita o con un pennello non ottieni il risultato che ti aspettavi? Prova un\u2019alternativa ai classici pennelli. La spugnetta per fondotinta Gabriella Salvete Take Five Rose si prender\u00e0 cura di un\u2019applicazione perfetta del fondotinta per un trucco professionale. Ti aiuter\u00e0 a coprire alla perfezione tutte le imperfezioni della pelle e il risultato sembrer\u00e0 molto pi\u00f9 naturale rispetto all\u2019applicazione del trucco con le dita. La sua forma si adatta ai contorni di ogni viso e applica il prodotto in tutte le pieghe, mentre la superficie ultra fine garantisce un\u2019applicazione uniforme e precisa senza sbavature e con un consumo minimo del fondotinta.  Caratteristiche:  per un\u2019applicazione precisa del trucco per un look perfetto per tutto il giorno comodo da tenere in mano applica con precisione il trucco cremoso o liquido assicura un&#8217;applicazione confortevole anche nelle pieghe del viso applicatore in materiale espanso morbido  Modo d\u2019uso: Inumidire la spugnetta prima dell&#8217;uso. Applicare il trucco, la base o il correttore sulla spugnetta, quindi spalmare leggermente sul viso. Dopo l&#8217;uso, lavare la spugnetta in acqua tiepida e sapone. Nel caso del metodo baking, utilizzare una spugnetta per picchiettare una quantit\u00e0 maggiore di cipria in polvere, soprattutto sotto gli occhi. Dopo un po\u2019, pettinare via la quantit\u00e0 di in eccesso. Sostituire la spugnetta con una nuova non appena mostra segni di danneggiamento significativi.<\/p>\n","protected":false},"excerpt":{"rendered":"<p>Gabriella Salvete Take Five Rose, 5 pz, Cofanetti di cosmetici per donna, Hai la sensazione che applicando il fondotinta con le dita o con un pennello non ottieni il risultato che ti aspettavi? Prova un\u2019alternativa ai classici pennelli. La spugnetta per fondotinta Gabriella Salvete Take Five Rose si prender\u00e0 cura di un\u2019applicazione perfetta del fondotinta&#8230;<\/p>\n","protected":false},"featured_media":133060,"comment_status":"closed","ping_status":"open","template":"","meta":{"_acf_changed":false,"_kadence_starter_templates_imported_post":false,"_kad_post_transparent":"","_kad_post_title":"","_kad_post_layout":"","_kad_post_sidebar_id":"","_kad_post_content_style":"","_kad_post_vertical_padding":"","_kad_post_feature":"","_kad_post_feature_position":"","_kad_post_header":false,"_kad_post_footer":false,"_kad_post_classname":""},"product_brand":[1560],"product_cat":[77,66,65,182,185],"product_tag":[],"class_list":{"0":"post-133059","1":"product","2":"type-product","3":"status-publish","4":"has-post-thumbnail","6":"product_brand-gabriella-salvete","7":"product_cat-cosmetici","8":"product_cat-cura-della-persona","9":"product_cat-salute-e-bellezza","10":"product_cat-trucco","11":"product_cat-trucco-viso-e-guance","12":"pa_dimensioni-5-pz","13":"pa_genere-female","15":"first","16":"instock","17":"product-type-external","18":"entry","19":"content-bg","20":"loop-entry"},"acf":[],"yoast_head":"<!-- This site is optimized with the Yoast SEO plugin v27.4 - https:\/\/yoast.com\/product\/yoast-seo-wordpress\/ -->\n<title>Gabriella Salvete Take Five Rose set di applicatori per il viso - SHOPATOA.COM<\/title>\n<meta name=\"robots\" content=\"index, follow, max-snippet:-1, max-image-preview:large, max-video-preview:-1\" \/>\n<link rel=\"canonical\" href=\"https:\/\/shopatoa.com\/it\/gabriella-salvete-take-five-rose-set-di-applicatori-per-il-viso\/\" \/>\n<meta property=\"og:locale\" content=\"it_IT\" \/>\n<meta property=\"og:type\" content=\"article\" \/>\n<meta property=\"og:title\" content=\"Gabriella Salvete Take Five Rose set di applicatori per il viso - SHOPATOA.COM\" \/>\n<meta property=\"og:description\" content=\"Gabriella Salvete Take Five Rose, 5 pz, Cofanetti di cosmetici per donna, Hai la sensazione che applicando il fondotinta con le dita o con un pennello non ottieni il risultato che ti aspettavi? Prova un\u2019alternativa ai classici pennelli. La spugnetta per fondotinta Gabriella Salvete Take Five Rose si prender\u00e0 cura di un\u2019applicazione perfetta del fondotinta...\" \/>\n<meta property=\"og:url\" content=\"https:\/\/shopatoa.com\/it\/gabriella-salvete-take-five-rose-set-di-applicatori-per-il-viso\/\" \/>\n<meta property=\"og:site_name\" content=\"SHOPATOA\" \/>\n<meta property=\"article:modified_time\" content=\"2025-06-12T16:58:40+00:00\" \/>\n<meta property=\"og:image\" content=\"https:\/\/storage.googleapis.com\/cz-shopatoa-img\/it\/a3f0dd94-unnamed-file.webp\" \/>\n\t<meta property=\"og:image:width\" content=\"800\" \/>\n\t<meta property=\"og:image:height\" content=\"800\" \/>\n\t<meta property=\"og:image:type\" content=\"image\/webp\" \/>\n<meta name=\"twitter:card\" content=\"summary_large_image\" \/>\n<meta name=\"twitter:label1\" content=\"Tempo di lettura stimato\" \/>\n\t<meta name=\"twitter:data1\" content=\"1 minuto\" \/>\n<script type=\"application\/ld+json\" class=\"yoast-schema-graph\">{\"@context\":\"https:\\\/\\\/schema.org\",\"@graph\":[{\"@type\":\"WebPage\",\"@id\":\"https:\\\/\\\/shopatoa.com\\\/it\\\/gabriella-salvete-take-five-rose-set-di-applicatori-per-il-viso\\\/\",\"url\":\"https:\\\/\\\/shopatoa.com\\\/it\\\/gabriella-salvete-take-five-rose-set-di-applicatori-per-il-viso\\\/\",\"name\":\"Gabriella Salvete Take Five Rose set di applicatori per il viso - SHOPATOA.COM\",\"isPartOf\":{\"@id\":\"https:\\\/\\\/shopatoa.com\\\/it\\\/#website\"},\"primaryImageOfPage\":{\"@id\":\"https:\\\/\\\/shopatoa.com\\\/it\\\/gabriella-salvete-take-five-rose-set-di-applicatori-per-il-viso\\\/#primaryimage\"},\"image\":{\"@id\":\"https:\\\/\\\/shopatoa.com\\\/it\\\/gabriella-salvete-take-five-rose-set-di-applicatori-per-il-viso\\\/#primaryimage\"},\"thumbnailUrl\":\"https:\\\/\\\/storage.googleapis.com\\\/cz-shopatoa-img\\\/it\\\/a3f0dd94-unnamed-file.webp\",\"datePublished\":\"2025-06-12T16:58:22+00:00\",\"dateModified\":\"2025-06-12T16:58:40+00:00\",\"breadcrumb\":{\"@id\":\"https:\\\/\\\/shopatoa.com\\\/it\\\/gabriella-salvete-take-five-rose-set-di-applicatori-per-il-viso\\\/#breadcrumb\"},\"inLanguage\":\"it-IT\",\"potentialAction\":[{\"@type\":\"ReadAction\",\"target\":[\"https:\\\/\\\/shopatoa.com\\\/it\\\/gabriella-salvete-take-five-rose-set-di-applicatori-per-il-viso\\\/\"]}]},{\"@type\":\"ImageObject\",\"inLanguage\":\"it-IT\",\"@id\":\"https:\\\/\\\/shopatoa.com\\\/it\\\/gabriella-salvete-take-five-rose-set-di-applicatori-per-il-viso\\\/#primaryimage\",\"url\":\"https:\\\/\\\/storage.googleapis.com\\\/cz-shopatoa-img\\\/it\\\/a3f0dd94-unnamed-file.webp\",\"contentUrl\":\"https:\\\/\\\/storage.googleapis.com\\\/cz-shopatoa-img\\\/it\\\/a3f0dd94-unnamed-file.webp\",\"width\":800,\"height\":800},{\"@type\":\"BreadcrumbList\",\"@id\":\"https:\\\/\\\/shopatoa.com\\\/it\\\/gabriella-salvete-take-five-rose-set-di-applicatori-per-il-viso\\\/#breadcrumb\",\"itemListElement\":[{\"@type\":\"ListItem\",\"position\":1,\"name\":\"Dom\u016f\",\"item\":\"https:\\\/\\\/shopatoa.com\\\/it\\\/\"},{\"@type\":\"ListItem\",\"position\":2,\"name\":\"Shop\",\"item\":\"https:\\\/\\\/shopatoa.com\\\/it\\\/shop\\\/\"},{\"@type\":\"ListItem\",\"position\":3,\"name\":\"Gabriella Salvete Take Five Rose set di applicatori per il viso\"}]},{\"@type\":\"WebSite\",\"@id\":\"https:\\\/\\\/shopatoa.com\\\/it\\\/#website\",\"url\":\"https:\\\/\\\/shopatoa.com\\\/it\\\/\",\"name\":\"SHOPATOA\",\"description\":\"\",\"publisher\":{\"@id\":\"https:\\\/\\\/shopatoa.com\\\/it\\\/#organization\"},\"potentialAction\":[{\"@type\":\"SearchAction\",\"target\":{\"@type\":\"EntryPoint\",\"urlTemplate\":\"https:\\\/\\\/shopatoa.com\\\/it\\\/?s={search_term_string}\"},\"query-input\":{\"@type\":\"PropertyValueSpecification\",\"valueRequired\":true,\"valueName\":\"search_term_string\"}}],\"inLanguage\":\"it-IT\"},{\"@type\":\"Organization\",\"@id\":\"https:\\\/\\\/shopatoa.com\\\/it\\\/#organization\",\"name\":\"SHOPATOA\",\"url\":\"https:\\\/\\\/shopatoa.com\\\/it\\\/\",\"logo\":{\"@type\":\"ImageObject\",\"inLanguage\":\"it-IT\",\"@id\":\"https:\\\/\\\/shopatoa.com\\\/it\\\/#\\\/schema\\\/logo\\\/image\\\/\",\"url\":\"https:\\\/\\\/storage.googleapis.com\\\/cz-shopatoa-img\\\/it\\\/4dc78fd5-shopatoa_logo.png\",\"contentUrl\":\"https:\\\/\\\/storage.googleapis.com\\\/cz-shopatoa-img\\\/it\\\/4dc78fd5-shopatoa_logo.png\",\"width\":416,\"height\":63,\"caption\":\"SHOPATOA\"},\"image\":{\"@id\":\"https:\\\/\\\/shopatoa.com\\\/it\\\/#\\\/schema\\\/logo\\\/image\\\/\"}}]}<\/script>\n<!-- \/ Yoast SEO plugin. -->","yoast_head_json":{"title":"Gabriella Salvete Take Five Rose set di applicatori per il viso - SHOPATOA.COM","robots":{"index":"index","follow":"follow","max-snippet":"max-snippet:-1","max-image-preview":"max-image-preview:large","max-video-preview":"max-video-preview:-1"},"canonical":"https:\/\/shopatoa.com\/it\/gabriella-salvete-take-five-rose-set-di-applicatori-per-il-viso\/","og_locale":"it_IT","og_type":"article","og_title":"Gabriella Salvete Take Five Rose set di applicatori per il viso - SHOPATOA.COM","og_description":"Gabriella Salvete Take Five Rose, 5 pz, Cofanetti di cosmetici per donna, Hai la sensazione che applicando il fondotinta con le dita o con un pennello non ottieni il risultato che ti aspettavi? Prova un\u2019alternativa ai classici pennelli. La spugnetta per fondotinta Gabriella Salvete Take Five Rose si prender\u00e0 cura di un\u2019applicazione perfetta del fondotinta...","og_url":"https:\/\/shopatoa.com\/it\/gabriella-salvete-take-five-rose-set-di-applicatori-per-il-viso\/","og_site_name":"SHOPATOA","article_modified_time":"2025-06-12T16:58:40+00:00","og_image":[{"width":800,"height":800,"url":"https:\/\/storage.googleapis.com\/cz-shopatoa-img\/it\/a3f0dd94-unnamed-file.webp","type":"image\/webp"}],"twitter_card":"summary_large_image","twitter_misc":{"Tempo di lettura stimato":"1 minuto"},"schema":{"@context":"https:\/\/schema.org","@graph":[{"@type":"WebPage","@id":"https:\/\/shopatoa.com\/it\/gabriella-salvete-take-five-rose-set-di-applicatori-per-il-viso\/","url":"https:\/\/shopatoa.com\/it\/gabriella-salvete-take-five-rose-set-di-applicatori-per-il-viso\/","name":"Gabriella Salvete Take Five Rose set di applicatori per il viso - SHOPATOA.COM","isPartOf":{"@id":"https:\/\/shopatoa.com\/it\/#website"},"primaryImageOfPage":{"@id":"https:\/\/shopatoa.com\/it\/gabriella-salvete-take-five-rose-set-di-applicatori-per-il-viso\/#primaryimage"},"image":{"@id":"https:\/\/shopatoa.com\/it\/gabriella-salvete-take-five-rose-set-di-applicatori-per-il-viso\/#primaryimage"},"thumbnailUrl":"https:\/\/storage.googleapis.com\/cz-shopatoa-img\/it\/a3f0dd94-unnamed-file.webp","datePublished":"2025-06-12T16:58:22+00:00","dateModified":"2025-06-12T16:58:40+00:00","breadcrumb":{"@id":"https:\/\/shopatoa.com\/it\/gabriella-salvete-take-five-rose-set-di-applicatori-per-il-viso\/#breadcrumb"},"inLanguage":"it-IT","potentialAction":[{"@type":"ReadAction","target":["https:\/\/shopatoa.com\/it\/gabriella-salvete-take-five-rose-set-di-applicatori-per-il-viso\/"]}]},{"@type":"ImageObject","inLanguage":"it-IT","@id":"https:\/\/shopatoa.com\/it\/gabriella-salvete-take-five-rose-set-di-applicatori-per-il-viso\/#primaryimage","url":"https:\/\/storage.googleapis.com\/cz-shopatoa-img\/it\/a3f0dd94-unnamed-file.webp","contentUrl":"https:\/\/storage.googleapis.com\/cz-shopatoa-img\/it\/a3f0dd94-unnamed-file.webp","width":800,"height":800},{"@type":"BreadcrumbList","@id":"https:\/\/shopatoa.com\/it\/gabriella-salvete-take-five-rose-set-di-applicatori-per-il-viso\/#breadcrumb","itemListElement":[{"@type":"ListItem","position":1,"name":"Dom\u016f","item":"https:\/\/shopatoa.com\/it\/"},{"@type":"ListItem","position":2,"name":"Shop","item":"https:\/\/shopatoa.com\/it\/shop\/"},{"@type":"ListItem","position":3,"name":"Gabriella Salvete Take Five Rose set di applicatori per il viso"}]},{"@type":"WebSite","@id":"https:\/\/shopatoa.com\/it\/#website","url":"https:\/\/shopatoa.com\/it\/","name":"SHOPATOA","description":"","publisher":{"@id":"https:\/\/shopatoa.com\/it\/#organization"},"potentialAction":[{"@type":"SearchAction","target":{"@type":"EntryPoint","urlTemplate":"https:\/\/shopatoa.com\/it\/?s={search_term_string}"},"query-input":{"@type":"PropertyValueSpecification","valueRequired":true,"valueName":"search_term_string"}}],"inLanguage":"it-IT"},{"@type":"Organization","@id":"https:\/\/shopatoa.com\/it\/#organization","name":"SHOPATOA","url":"https:\/\/shopatoa.com\/it\/","logo":{"@type":"ImageObject","inLanguage":"it-IT","@id":"https:\/\/shopatoa.com\/it\/#\/schema\/logo\/image\/","url":"https:\/\/storage.googleapis.com\/cz-shopatoa-img\/it\/4dc78fd5-shopatoa_logo.png","contentUrl":"https:\/\/storage.googleapis.com\/cz-shopatoa-img\/it\/4dc78fd5-shopatoa_logo.png","width":416,"height":63,"caption":"SHOPATOA"},"image":{"@id":"https:\/\/shopatoa.com\/it\/#\/schema\/logo\/image\/"}}]}},"_links":{"self":[{"href":"https:\/\/shopatoa.com\/it\/wp-json\/wp\/v2\/product\/133059","targetHints":{"allow":["GET"]}}],"collection":[{"href":"https:\/\/shopatoa.com\/it\/wp-json\/wp\/v2\/product"}],"about":[{"href":"https:\/\/shopatoa.com\/it\/wp-json\/wp\/v2\/types\/product"}],"replies":[{"embeddable":true,"href":"https:\/\/shopatoa.com\/it\/wp-json\/wp\/v2\/comments?post=133059"}],"wp:featuredmedia":[{"embeddable":true,"href":"https:\/\/shopatoa.com\/it\/wp-json\/wp\/v2\/media\/133060"}],"wp:attachment":[{"href":"https:\/\/shopatoa.com\/it\/wp-json\/wp\/v2\/media?parent=133059"}],"wp:term":[{"taxonomy":"product_brand","embeddable":true,"href":"https:\/\/shopatoa.com\/it\/wp-json\/wp\/v2\/product_brand?post=133059"},{"taxonomy":"product_cat","embeddable":true,"href":"https:\/\/shopatoa.com\/it\/wp-json\/wp\/v2\/product_cat?post=133059"},{"taxonomy":"product_tag","embeddable":true,"href":"https:\/\/shopatoa.com\/it\/wp-json\/wp\/v2\/product_tag?post=133059"}],"curies":[{"name":"wp","href":"https:\/\/api.w.org\/{rel}","templated":true}]}}