{"id":137307,"date":"2025-06-13T14:23:50","date_gmt":"2025-06-13T12:23:50","guid":{"rendered":"https:\/\/shopatoa.com\/it\/badabulle-silicone-spoons-cucchiaino-3-m-2-pz\/"},"modified":"2025-06-13T14:24:19","modified_gmt":"2025-06-13T12:24:19","slug":"badabulle-silicone-spoons-cucchiaino-3-m-2-pz","status":"publish","type":"product","link":"https:\/\/shopatoa.com\/it\/badabulle-silicone-spoons-cucchiaino-3-m-2-pz\/","title":{"rendered":"Badabulle Silicone Spoons cucchiaino 3 m+ 2 pz"},"content":{"rendered":"<p>Badabulle Silicone Spoons, 2 pz, Posate per bambini per bambini, Le stoviglie belle rendono ogni pasto ancora pi\u00f9 gustoso. Le stoviglie per bambini Badabulle Silicone Spoons sono realizzate in materiale resistente di alta qualit\u00e0, sono facili da lavare e il loro design giocoso divertir\u00e0 i bambini, rendendo il pranzo ancora pi\u00f9 piacevole.  Caratteristiche:  materiale di qualit\u00e0 per mangiare in sicurezza resistente alle cadute forma facile da afferrare  Materiale:  senza BPA<\/p>\n","protected":false},"excerpt":{"rendered":"<p>Badabulle Silicone Spoons, 2 pz, Posate per bambini per bambini, Le stoviglie belle rendono ogni pasto ancora pi\u00f9 gustoso. Le stoviglie per bambini Badabulle Silicone Spoons sono realizzate in materiale resistente di alta qualit\u00e0, sono facili da lavare e il loro design giocoso divertir\u00e0 i bambini, rendendo il pranzo ancora pi\u00f9 piacevole. Caratteristiche: materiale di&#8230;<\/p>\n","protected":false},"featured_media":137308,"comment_status":"closed","ping_status":"open","template":"","meta":{"_acf_changed":false,"_kadence_starter_templates_imported_post":false,"_kad_post_transparent":"","_kad_post_title":"","_kad_post_layout":"","_kad_post_sidebar_id":"","_kad_post_content_style":"","_kad_post_vertical_padding":"","_kad_post_feature":"","_kad_post_feature_position":"","_kad_post_header":false,"_kad_post_footer":false,"_kad_post_classname":""},"product_brand":[1620],"product_cat":[65],"product_tag":[],"class_list":{"0":"post-137307","1":"product","2":"type-product","3":"status-publish","4":"has-post-thumbnail","6":"product_brand-badabulle","7":"product_cat-salute-e-bellezza","8":"pa_dimensioni-2-pz","9":"pa_genere-unisex","11":"first","12":"instock","13":"product-type-external","14":"entry","15":"content-bg","16":"loop-entry"},"acf":[],"yoast_head":"<!-- This site is optimized with the Yoast SEO plugin v27.4 - https:\/\/yoast.com\/product\/yoast-seo-wordpress\/ -->\n<title>Badabulle Silicone Spoons cucchiaino 3 m+ 2 pz - SHOPATOA.COM<\/title>\n<meta name=\"robots\" content=\"index, follow, max-snippet:-1, max-image-preview:large, max-video-preview:-1\" \/>\n<link rel=\"canonical\" href=\"https:\/\/shopatoa.com\/it\/badabulle-silicone-spoons-cucchiaino-3-m-2-pz\/\" \/>\n<meta property=\"og:locale\" content=\"it_IT\" \/>\n<meta property=\"og:type\" content=\"article\" \/>\n<meta property=\"og:title\" content=\"Badabulle Silicone Spoons cucchiaino 3 m+ 2 pz - SHOPATOA.COM\" \/>\n<meta property=\"og:description\" content=\"Badabulle Silicone Spoons, 2 pz, Posate per bambini per bambini, Le stoviglie belle rendono ogni pasto ancora pi\u00f9 gustoso. Le stoviglie per bambini Badabulle Silicone Spoons sono realizzate in materiale resistente di alta qualit\u00e0, sono facili da lavare e il loro design giocoso divertir\u00e0 i bambini, rendendo il pranzo ancora pi\u00f9 piacevole. Caratteristiche: materiale di...\" \/>\n<meta property=\"og:url\" content=\"https:\/\/shopatoa.com\/it\/badabulle-silicone-spoons-cucchiaino-3-m-2-pz\/\" \/>\n<meta property=\"og:site_name\" content=\"SHOPATOA\" \/>\n<meta property=\"article:modified_time\" content=\"2025-06-13T12:24:19+00:00\" \/>\n<meta property=\"og:image\" content=\"https:\/\/storage.googleapis.com\/cz-shopatoa-img\/it\/13f87f81-unnamed-file.webp\" \/>\n\t<meta property=\"og:image:width\" content=\"800\" \/>\n\t<meta property=\"og:image:height\" content=\"800\" \/>\n\t<meta property=\"og:image:type\" content=\"image\/webp\" \/>\n<meta name=\"twitter:card\" content=\"summary_large_image\" \/>\n<script type=\"application\/ld+json\" class=\"yoast-schema-graph\">{\"@context\":\"https:\\\/\\\/schema.org\",\"@graph\":[{\"@type\":\"WebPage\",\"@id\":\"https:\\\/\\\/shopatoa.com\\\/it\\\/badabulle-silicone-spoons-cucchiaino-3-m-2-pz\\\/\",\"url\":\"https:\\\/\\\/shopatoa.com\\\/it\\\/badabulle-silicone-spoons-cucchiaino-3-m-2-pz\\\/\",\"name\":\"Badabulle Silicone Spoons cucchiaino 3 m+ 2 pz - SHOPATOA.COM\",\"isPartOf\":{\"@id\":\"https:\\\/\\\/shopatoa.com\\\/it\\\/#website\"},\"primaryImageOfPage\":{\"@id\":\"https:\\\/\\\/shopatoa.com\\\/it\\\/badabulle-silicone-spoons-cucchiaino-3-m-2-pz\\\/#primaryimage\"},\"image\":{\"@id\":\"https:\\\/\\\/shopatoa.com\\\/it\\\/badabulle-silicone-spoons-cucchiaino-3-m-2-pz\\\/#primaryimage\"},\"thumbnailUrl\":\"https:\\\/\\\/storage.googleapis.com\\\/cz-shopatoa-img\\\/it\\\/13f87f81-unnamed-file.webp\",\"datePublished\":\"2025-06-13T12:23:50+00:00\",\"dateModified\":\"2025-06-13T12:24:19+00:00\",\"breadcrumb\":{\"@id\":\"https:\\\/\\\/shopatoa.com\\\/it\\\/badabulle-silicone-spoons-cucchiaino-3-m-2-pz\\\/#breadcrumb\"},\"inLanguage\":\"it-IT\",\"potentialAction\":[{\"@type\":\"ReadAction\",\"target\":[\"https:\\\/\\\/shopatoa.com\\\/it\\\/badabulle-silicone-spoons-cucchiaino-3-m-2-pz\\\/\"]}]},{\"@type\":\"ImageObject\",\"inLanguage\":\"it-IT\",\"@id\":\"https:\\\/\\\/shopatoa.com\\\/it\\\/badabulle-silicone-spoons-cucchiaino-3-m-2-pz\\\/#primaryimage\",\"url\":\"https:\\\/\\\/storage.googleapis.com\\\/cz-shopatoa-img\\\/it\\\/13f87f81-unnamed-file.webp\",\"contentUrl\":\"https:\\\/\\\/storage.googleapis.com\\\/cz-shopatoa-img\\\/it\\\/13f87f81-unnamed-file.webp\",\"width\":800,\"height\":800},{\"@type\":\"BreadcrumbList\",\"@id\":\"https:\\\/\\\/shopatoa.com\\\/it\\\/badabulle-silicone-spoons-cucchiaino-3-m-2-pz\\\/#breadcrumb\",\"itemListElement\":[{\"@type\":\"ListItem\",\"position\":1,\"name\":\"Dom\u016f\",\"item\":\"https:\\\/\\\/shopatoa.com\\\/it\\\/\"},{\"@type\":\"ListItem\",\"position\":2,\"name\":\"Shop\",\"item\":\"https:\\\/\\\/shopatoa.com\\\/it\\\/shop\\\/\"},{\"@type\":\"ListItem\",\"position\":3,\"name\":\"Badabulle Silicone Spoons cucchiaino 3 m+ 2 pz\"}]},{\"@type\":\"WebSite\",\"@id\":\"https:\\\/\\\/shopatoa.com\\\/it\\\/#website\",\"url\":\"https:\\\/\\\/shopatoa.com\\\/it\\\/\",\"name\":\"SHOPATOA\",\"description\":\"\",\"publisher\":{\"@id\":\"https:\\\/\\\/shopatoa.com\\\/it\\\/#organization\"},\"potentialAction\":[{\"@type\":\"SearchAction\",\"target\":{\"@type\":\"EntryPoint\",\"urlTemplate\":\"https:\\\/\\\/shopatoa.com\\\/it\\\/?s={search_term_string}\"},\"query-input\":{\"@type\":\"PropertyValueSpecification\",\"valueRequired\":true,\"valueName\":\"search_term_string\"}}],\"inLanguage\":\"it-IT\"},{\"@type\":\"Organization\",\"@id\":\"https:\\\/\\\/shopatoa.com\\\/it\\\/#organization\",\"name\":\"SHOPATOA\",\"url\":\"https:\\\/\\\/shopatoa.com\\\/it\\\/\",\"logo\":{\"@type\":\"ImageObject\",\"inLanguage\":\"it-IT\",\"@id\":\"https:\\\/\\\/shopatoa.com\\\/it\\\/#\\\/schema\\\/logo\\\/image\\\/\",\"url\":\"https:\\\/\\\/storage.googleapis.com\\\/cz-shopatoa-img\\\/it\\\/4dc78fd5-shopatoa_logo.png\",\"contentUrl\":\"https:\\\/\\\/storage.googleapis.com\\\/cz-shopatoa-img\\\/it\\\/4dc78fd5-shopatoa_logo.png\",\"width\":416,\"height\":63,\"caption\":\"SHOPATOA\"},\"image\":{\"@id\":\"https:\\\/\\\/shopatoa.com\\\/it\\\/#\\\/schema\\\/logo\\\/image\\\/\"}}]}<\/script>\n<!-- \/ Yoast SEO plugin. -->","yoast_head_json":{"title":"Badabulle Silicone Spoons cucchiaino 3 m+ 2 pz - SHOPATOA.COM","robots":{"index":"index","follow":"follow","max-snippet":"max-snippet:-1","max-image-preview":"max-image-preview:large","max-video-preview":"max-video-preview:-1"},"canonical":"https:\/\/shopatoa.com\/it\/badabulle-silicone-spoons-cucchiaino-3-m-2-pz\/","og_locale":"it_IT","og_type":"article","og_title":"Badabulle Silicone Spoons cucchiaino 3 m+ 2 pz - SHOPATOA.COM","og_description":"Badabulle Silicone Spoons, 2 pz, Posate per bambini per bambini, Le stoviglie belle rendono ogni pasto ancora pi\u00f9 gustoso. Le stoviglie per bambini Badabulle Silicone Spoons sono realizzate in materiale resistente di alta qualit\u00e0, sono facili da lavare e il loro design giocoso divertir\u00e0 i bambini, rendendo il pranzo ancora pi\u00f9 piacevole. Caratteristiche: materiale di...","og_url":"https:\/\/shopatoa.com\/it\/badabulle-silicone-spoons-cucchiaino-3-m-2-pz\/","og_site_name":"SHOPATOA","article_modified_time":"2025-06-13T12:24:19+00:00","og_image":[{"width":800,"height":800,"url":"https:\/\/storage.googleapis.com\/cz-shopatoa-img\/it\/13f87f81-unnamed-file.webp","type":"image\/webp"}],"twitter_card":"summary_large_image","schema":{"@context":"https:\/\/schema.org","@graph":[{"@type":"WebPage","@id":"https:\/\/shopatoa.com\/it\/badabulle-silicone-spoons-cucchiaino-3-m-2-pz\/","url":"https:\/\/shopatoa.com\/it\/badabulle-silicone-spoons-cucchiaino-3-m-2-pz\/","name":"Badabulle Silicone Spoons cucchiaino 3 m+ 2 pz - SHOPATOA.COM","isPartOf":{"@id":"https:\/\/shopatoa.com\/it\/#website"},"primaryImageOfPage":{"@id":"https:\/\/shopatoa.com\/it\/badabulle-silicone-spoons-cucchiaino-3-m-2-pz\/#primaryimage"},"image":{"@id":"https:\/\/shopatoa.com\/it\/badabulle-silicone-spoons-cucchiaino-3-m-2-pz\/#primaryimage"},"thumbnailUrl":"https:\/\/storage.googleapis.com\/cz-shopatoa-img\/it\/13f87f81-unnamed-file.webp","datePublished":"2025-06-13T12:23:50+00:00","dateModified":"2025-06-13T12:24:19+00:00","breadcrumb":{"@id":"https:\/\/shopatoa.com\/it\/badabulle-silicone-spoons-cucchiaino-3-m-2-pz\/#breadcrumb"},"inLanguage":"it-IT","potentialAction":[{"@type":"ReadAction","target":["https:\/\/shopatoa.com\/it\/badabulle-silicone-spoons-cucchiaino-3-m-2-pz\/"]}]},{"@type":"ImageObject","inLanguage":"it-IT","@id":"https:\/\/shopatoa.com\/it\/badabulle-silicone-spoons-cucchiaino-3-m-2-pz\/#primaryimage","url":"https:\/\/storage.googleapis.com\/cz-shopatoa-img\/it\/13f87f81-unnamed-file.webp","contentUrl":"https:\/\/storage.googleapis.com\/cz-shopatoa-img\/it\/13f87f81-unnamed-file.webp","width":800,"height":800},{"@type":"BreadcrumbList","@id":"https:\/\/shopatoa.com\/it\/badabulle-silicone-spoons-cucchiaino-3-m-2-pz\/#breadcrumb","itemListElement":[{"@type":"ListItem","position":1,"name":"Dom\u016f","item":"https:\/\/shopatoa.com\/it\/"},{"@type":"ListItem","position":2,"name":"Shop","item":"https:\/\/shopatoa.com\/it\/shop\/"},{"@type":"ListItem","position":3,"name":"Badabulle Silicone Spoons cucchiaino 3 m+ 2 pz"}]},{"@type":"WebSite","@id":"https:\/\/shopatoa.com\/it\/#website","url":"https:\/\/shopatoa.com\/it\/","name":"SHOPATOA","description":"","publisher":{"@id":"https:\/\/shopatoa.com\/it\/#organization"},"potentialAction":[{"@type":"SearchAction","target":{"@type":"EntryPoint","urlTemplate":"https:\/\/shopatoa.com\/it\/?s={search_term_string}"},"query-input":{"@type":"PropertyValueSpecification","valueRequired":true,"valueName":"search_term_string"}}],"inLanguage":"it-IT"},{"@type":"Organization","@id":"https:\/\/shopatoa.com\/it\/#organization","name":"SHOPATOA","url":"https:\/\/shopatoa.com\/it\/","logo":{"@type":"ImageObject","inLanguage":"it-IT","@id":"https:\/\/shopatoa.com\/it\/#\/schema\/logo\/image\/","url":"https:\/\/storage.googleapis.com\/cz-shopatoa-img\/it\/4dc78fd5-shopatoa_logo.png","contentUrl":"https:\/\/storage.googleapis.com\/cz-shopatoa-img\/it\/4dc78fd5-shopatoa_logo.png","width":416,"height":63,"caption":"SHOPATOA"},"image":{"@id":"https:\/\/shopatoa.com\/it\/#\/schema\/logo\/image\/"}}]}},"_links":{"self":[{"href":"https:\/\/shopatoa.com\/it\/wp-json\/wp\/v2\/product\/137307","targetHints":{"allow":["GET"]}}],"collection":[{"href":"https:\/\/shopatoa.com\/it\/wp-json\/wp\/v2\/product"}],"about":[{"href":"https:\/\/shopatoa.com\/it\/wp-json\/wp\/v2\/types\/product"}],"replies":[{"embeddable":true,"href":"https:\/\/shopatoa.com\/it\/wp-json\/wp\/v2\/comments?post=137307"}],"wp:featuredmedia":[{"embeddable":true,"href":"https:\/\/shopatoa.com\/it\/wp-json\/wp\/v2\/media\/137308"}],"wp:attachment":[{"href":"https:\/\/shopatoa.com\/it\/wp-json\/wp\/v2\/media?parent=137307"}],"wp:term":[{"taxonomy":"product_brand","embeddable":true,"href":"https:\/\/shopatoa.com\/it\/wp-json\/wp\/v2\/product_brand?post=137307"},{"taxonomy":"product_cat","embeddable":true,"href":"https:\/\/shopatoa.com\/it\/wp-json\/wp\/v2\/product_cat?post=137307"},{"taxonomy":"product_tag","embeddable":true,"href":"https:\/\/shopatoa.com\/it\/wp-json\/wp\/v2\/product_tag?post=137307"}],"curies":[{"name":"wp","href":"https:\/\/api.w.org\/{rel}","templated":true}]}}