{"id":138803,"date":"2025-06-13T15:46:10","date_gmt":"2025-06-13T13:46:10","guid":{"rendered":"https:\/\/shopatoa.com\/it\/matchstick-monkey-monkey-teether-dentaruolo-con-spazzolino-2-in-1-red-1-pz\/"},"modified":"2025-06-13T15:46:46","modified_gmt":"2025-06-13T13:46:46","slug":"matchstick-monkey-monkey-teether-dentaruolo-con-spazzolino-2-in-1-red-1-pz","status":"publish","type":"product","link":"https:\/\/shopatoa.com\/it\/matchstick-monkey-monkey-teether-dentaruolo-con-spazzolino-2-in-1-red-1-pz\/","title":{"rendered":"Matchstick Monkey Monkey Teether dentaruolo con spazzolino 2 in 1 Red 1 pz"},"content":{"rendered":"<p>Matchstick Monkey Monkey Teether, 1 pz, Dentaruoli per bambini, Questo non \u00e8 solo un giocattolo per intrattenere i bambini, ma anche uno strumento che aiuta a massaggiare le gengive e ad alleviare il dolore durante il periodo della dentizione. Il massaggiagengive Matchstick Monkey Monkey Teether ha un design giocoso ed \u00e8 facile da tenere anche nelle piccole mani del bambino.  Caratteristiche:  aiuta ad alleviare il dolore alle gengive durante il periodo della dentizione il massaggiagengive \u00e8 leggero pu\u00f2 essere afferrato bene dalle piccole mani dei bambini sviluppo delle capacit\u00e0 motorie fini effetto refrigerante materiale resistente ai morsi un modo igienico e semplice per applicare dentifrici e gel quando spuntano i primi denti un design allegro per i bambini facile da maneggiare  Materiale:  senza BPA silicone per uso alimentare  Modo d\u2019uso: Per motivi di igiene e sicurezza si consiglia di controllare e pulire con acqua prima e dopo ogni utilizzo. Pu\u00f2 essere sterilizzato con vapore o acqua fredda.<\/p>\n","protected":false},"excerpt":{"rendered":"<p>Matchstick Monkey Monkey Teether, 1 pz, Dentaruoli per bambini, Questo non \u00e8 solo un giocattolo per intrattenere i bambini, ma anche uno strumento che aiuta a massaggiare le gengive e ad alleviare il dolore durante il periodo della dentizione. Il massaggiagengive Matchstick Monkey Monkey Teether ha un design giocoso ed \u00e8 facile da tenere anche&#8230;<\/p>\n","protected":false},"featured_media":138804,"comment_status":"closed","ping_status":"open","template":"","meta":{"_acf_changed":false,"_kadence_starter_templates_imported_post":false,"_kad_post_transparent":"","_kad_post_title":"","_kad_post_layout":"","_kad_post_sidebar_id":"","_kad_post_content_style":"","_kad_post_vertical_padding":"","_kad_post_feature":"","_kad_post_feature_position":"","_kad_post_header":false,"_kad_post_footer":false,"_kad_post_classname":""},"product_brand":[1650],"product_cat":[66,350,65,425],"product_tag":[],"class_list":{"0":"post-138803","1":"product","2":"type-product","3":"status-publish","4":"has-post-thumbnail","6":"product_brand-matchstick-monkey","7":"product_cat-cura-della-persona","8":"product_cat-igiene-orale","9":"product_cat-salute-e-bellezza","10":"product_cat-spazzolini","11":"pa_dimensioni-1-pz","12":"pa_genere-unisex","14":"first","15":"instock","16":"sale","17":"product-type-external","18":"entry","19":"content-bg","20":"loop-entry"},"acf":[],"yoast_head":"<!-- This site is optimized with the Yoast SEO plugin v27.4 - https:\/\/yoast.com\/product\/yoast-seo-wordpress\/ -->\n<title>Matchstick Monkey Monkey Teether dentaruolo con spazzolino 2 in 1 Red 1 pz - SHOPATOA.COM<\/title>\n<meta name=\"robots\" content=\"index, follow, max-snippet:-1, max-image-preview:large, max-video-preview:-1\" \/>\n<link rel=\"canonical\" href=\"https:\/\/shopatoa.com\/it\/matchstick-monkey-monkey-teether-dentaruolo-con-spazzolino-2-in-1-red-1-pz\/\" \/>\n<meta property=\"og:locale\" content=\"it_IT\" \/>\n<meta property=\"og:type\" content=\"article\" \/>\n<meta property=\"og:title\" content=\"Matchstick Monkey Monkey Teether dentaruolo con spazzolino 2 in 1 Red 1 pz - SHOPATOA.COM\" \/>\n<meta property=\"og:description\" content=\"Matchstick Monkey Monkey Teether, 1 pz, Dentaruoli per bambini, Questo non \u00e8 solo un giocattolo per intrattenere i bambini, ma anche uno strumento che aiuta a massaggiare le gengive e ad alleviare il dolore durante il periodo della dentizione. Il massaggiagengive Matchstick Monkey Monkey Teether ha un design giocoso ed \u00e8 facile da tenere anche...\" \/>\n<meta property=\"og:url\" content=\"https:\/\/shopatoa.com\/it\/matchstick-monkey-monkey-teether-dentaruolo-con-spazzolino-2-in-1-red-1-pz\/\" \/>\n<meta property=\"og:site_name\" content=\"SHOPATOA\" \/>\n<meta property=\"article:modified_time\" content=\"2025-06-13T13:46:46+00:00\" \/>\n<meta property=\"og:image\" content=\"https:\/\/storage.googleapis.com\/cz-shopatoa-img\/it\/2c4f3fef-unnamed-file.webp\" \/>\n\t<meta property=\"og:image:width\" content=\"800\" \/>\n\t<meta property=\"og:image:height\" content=\"800\" \/>\n\t<meta property=\"og:image:type\" content=\"image\/webp\" \/>\n<meta name=\"twitter:card\" content=\"summary_large_image\" \/>\n<meta name=\"twitter:label1\" content=\"Tempo di lettura stimato\" \/>\n\t<meta name=\"twitter:data1\" content=\"1 minuto\" \/>\n<script type=\"application\/ld+json\" class=\"yoast-schema-graph\">{\"@context\":\"https:\\\/\\\/schema.org\",\"@graph\":[{\"@type\":\"WebPage\",\"@id\":\"https:\\\/\\\/shopatoa.com\\\/it\\\/matchstick-monkey-monkey-teether-dentaruolo-con-spazzolino-2-in-1-red-1-pz\\\/\",\"url\":\"https:\\\/\\\/shopatoa.com\\\/it\\\/matchstick-monkey-monkey-teether-dentaruolo-con-spazzolino-2-in-1-red-1-pz\\\/\",\"name\":\"Matchstick Monkey Monkey Teether dentaruolo con spazzolino 2 in 1 Red 1 pz - SHOPATOA.COM\",\"isPartOf\":{\"@id\":\"https:\\\/\\\/shopatoa.com\\\/it\\\/#website\"},\"primaryImageOfPage\":{\"@id\":\"https:\\\/\\\/shopatoa.com\\\/it\\\/matchstick-monkey-monkey-teether-dentaruolo-con-spazzolino-2-in-1-red-1-pz\\\/#primaryimage\"},\"image\":{\"@id\":\"https:\\\/\\\/shopatoa.com\\\/it\\\/matchstick-monkey-monkey-teether-dentaruolo-con-spazzolino-2-in-1-red-1-pz\\\/#primaryimage\"},\"thumbnailUrl\":\"https:\\\/\\\/storage.googleapis.com\\\/cz-shopatoa-img\\\/it\\\/2c4f3fef-unnamed-file.webp\",\"datePublished\":\"2025-06-13T13:46:10+00:00\",\"dateModified\":\"2025-06-13T13:46:46+00:00\",\"breadcrumb\":{\"@id\":\"https:\\\/\\\/shopatoa.com\\\/it\\\/matchstick-monkey-monkey-teether-dentaruolo-con-spazzolino-2-in-1-red-1-pz\\\/#breadcrumb\"},\"inLanguage\":\"it-IT\",\"potentialAction\":[{\"@type\":\"ReadAction\",\"target\":[\"https:\\\/\\\/shopatoa.com\\\/it\\\/matchstick-monkey-monkey-teether-dentaruolo-con-spazzolino-2-in-1-red-1-pz\\\/\"]}]},{\"@type\":\"ImageObject\",\"inLanguage\":\"it-IT\",\"@id\":\"https:\\\/\\\/shopatoa.com\\\/it\\\/matchstick-monkey-monkey-teether-dentaruolo-con-spazzolino-2-in-1-red-1-pz\\\/#primaryimage\",\"url\":\"https:\\\/\\\/storage.googleapis.com\\\/cz-shopatoa-img\\\/it\\\/2c4f3fef-unnamed-file.webp\",\"contentUrl\":\"https:\\\/\\\/storage.googleapis.com\\\/cz-shopatoa-img\\\/it\\\/2c4f3fef-unnamed-file.webp\",\"width\":800,\"height\":800},{\"@type\":\"BreadcrumbList\",\"@id\":\"https:\\\/\\\/shopatoa.com\\\/it\\\/matchstick-monkey-monkey-teether-dentaruolo-con-spazzolino-2-in-1-red-1-pz\\\/#breadcrumb\",\"itemListElement\":[{\"@type\":\"ListItem\",\"position\":1,\"name\":\"Dom\u016f\",\"item\":\"https:\\\/\\\/shopatoa.com\\\/it\\\/\"},{\"@type\":\"ListItem\",\"position\":2,\"name\":\"Shop\",\"item\":\"https:\\\/\\\/shopatoa.com\\\/it\\\/shop\\\/\"},{\"@type\":\"ListItem\",\"position\":3,\"name\":\"Matchstick Monkey Monkey Teether dentaruolo con spazzolino 2 in 1 Red 1 pz\"}]},{\"@type\":\"WebSite\",\"@id\":\"https:\\\/\\\/shopatoa.com\\\/it\\\/#website\",\"url\":\"https:\\\/\\\/shopatoa.com\\\/it\\\/\",\"name\":\"SHOPATOA\",\"description\":\"\",\"publisher\":{\"@id\":\"https:\\\/\\\/shopatoa.com\\\/it\\\/#organization\"},\"potentialAction\":[{\"@type\":\"SearchAction\",\"target\":{\"@type\":\"EntryPoint\",\"urlTemplate\":\"https:\\\/\\\/shopatoa.com\\\/it\\\/?s={search_term_string}\"},\"query-input\":{\"@type\":\"PropertyValueSpecification\",\"valueRequired\":true,\"valueName\":\"search_term_string\"}}],\"inLanguage\":\"it-IT\"},{\"@type\":\"Organization\",\"@id\":\"https:\\\/\\\/shopatoa.com\\\/it\\\/#organization\",\"name\":\"SHOPATOA\",\"url\":\"https:\\\/\\\/shopatoa.com\\\/it\\\/\",\"logo\":{\"@type\":\"ImageObject\",\"inLanguage\":\"it-IT\",\"@id\":\"https:\\\/\\\/shopatoa.com\\\/it\\\/#\\\/schema\\\/logo\\\/image\\\/\",\"url\":\"https:\\\/\\\/storage.googleapis.com\\\/cz-shopatoa-img\\\/it\\\/4dc78fd5-shopatoa_logo.png\",\"contentUrl\":\"https:\\\/\\\/storage.googleapis.com\\\/cz-shopatoa-img\\\/it\\\/4dc78fd5-shopatoa_logo.png\",\"width\":416,\"height\":63,\"caption\":\"SHOPATOA\"},\"image\":{\"@id\":\"https:\\\/\\\/shopatoa.com\\\/it\\\/#\\\/schema\\\/logo\\\/image\\\/\"}}]}<\/script>\n<!-- \/ Yoast SEO plugin. -->","yoast_head_json":{"title":"Matchstick Monkey Monkey Teether dentaruolo con spazzolino 2 in 1 Red 1 pz - SHOPATOA.COM","robots":{"index":"index","follow":"follow","max-snippet":"max-snippet:-1","max-image-preview":"max-image-preview:large","max-video-preview":"max-video-preview:-1"},"canonical":"https:\/\/shopatoa.com\/it\/matchstick-monkey-monkey-teether-dentaruolo-con-spazzolino-2-in-1-red-1-pz\/","og_locale":"it_IT","og_type":"article","og_title":"Matchstick Monkey Monkey Teether dentaruolo con spazzolino 2 in 1 Red 1 pz - SHOPATOA.COM","og_description":"Matchstick Monkey Monkey Teether, 1 pz, Dentaruoli per bambini, Questo non \u00e8 solo un giocattolo per intrattenere i bambini, ma anche uno strumento che aiuta a massaggiare le gengive e ad alleviare il dolore durante il periodo della dentizione. Il massaggiagengive Matchstick Monkey Monkey Teether ha un design giocoso ed \u00e8 facile da tenere anche...","og_url":"https:\/\/shopatoa.com\/it\/matchstick-monkey-monkey-teether-dentaruolo-con-spazzolino-2-in-1-red-1-pz\/","og_site_name":"SHOPATOA","article_modified_time":"2025-06-13T13:46:46+00:00","og_image":[{"width":800,"height":800,"url":"https:\/\/storage.googleapis.com\/cz-shopatoa-img\/it\/2c4f3fef-unnamed-file.webp","type":"image\/webp"}],"twitter_card":"summary_large_image","twitter_misc":{"Tempo di lettura stimato":"1 minuto"},"schema":{"@context":"https:\/\/schema.org","@graph":[{"@type":"WebPage","@id":"https:\/\/shopatoa.com\/it\/matchstick-monkey-monkey-teether-dentaruolo-con-spazzolino-2-in-1-red-1-pz\/","url":"https:\/\/shopatoa.com\/it\/matchstick-monkey-monkey-teether-dentaruolo-con-spazzolino-2-in-1-red-1-pz\/","name":"Matchstick Monkey Monkey Teether dentaruolo con spazzolino 2 in 1 Red 1 pz - SHOPATOA.COM","isPartOf":{"@id":"https:\/\/shopatoa.com\/it\/#website"},"primaryImageOfPage":{"@id":"https:\/\/shopatoa.com\/it\/matchstick-monkey-monkey-teether-dentaruolo-con-spazzolino-2-in-1-red-1-pz\/#primaryimage"},"image":{"@id":"https:\/\/shopatoa.com\/it\/matchstick-monkey-monkey-teether-dentaruolo-con-spazzolino-2-in-1-red-1-pz\/#primaryimage"},"thumbnailUrl":"https:\/\/storage.googleapis.com\/cz-shopatoa-img\/it\/2c4f3fef-unnamed-file.webp","datePublished":"2025-06-13T13:46:10+00:00","dateModified":"2025-06-13T13:46:46+00:00","breadcrumb":{"@id":"https:\/\/shopatoa.com\/it\/matchstick-monkey-monkey-teether-dentaruolo-con-spazzolino-2-in-1-red-1-pz\/#breadcrumb"},"inLanguage":"it-IT","potentialAction":[{"@type":"ReadAction","target":["https:\/\/shopatoa.com\/it\/matchstick-monkey-monkey-teether-dentaruolo-con-spazzolino-2-in-1-red-1-pz\/"]}]},{"@type":"ImageObject","inLanguage":"it-IT","@id":"https:\/\/shopatoa.com\/it\/matchstick-monkey-monkey-teether-dentaruolo-con-spazzolino-2-in-1-red-1-pz\/#primaryimage","url":"https:\/\/storage.googleapis.com\/cz-shopatoa-img\/it\/2c4f3fef-unnamed-file.webp","contentUrl":"https:\/\/storage.googleapis.com\/cz-shopatoa-img\/it\/2c4f3fef-unnamed-file.webp","width":800,"height":800},{"@type":"BreadcrumbList","@id":"https:\/\/shopatoa.com\/it\/matchstick-monkey-monkey-teether-dentaruolo-con-spazzolino-2-in-1-red-1-pz\/#breadcrumb","itemListElement":[{"@type":"ListItem","position":1,"name":"Dom\u016f","item":"https:\/\/shopatoa.com\/it\/"},{"@type":"ListItem","position":2,"name":"Shop","item":"https:\/\/shopatoa.com\/it\/shop\/"},{"@type":"ListItem","position":3,"name":"Matchstick Monkey Monkey Teether dentaruolo con spazzolino 2 in 1 Red 1 pz"}]},{"@type":"WebSite","@id":"https:\/\/shopatoa.com\/it\/#website","url":"https:\/\/shopatoa.com\/it\/","name":"SHOPATOA","description":"","publisher":{"@id":"https:\/\/shopatoa.com\/it\/#organization"},"potentialAction":[{"@type":"SearchAction","target":{"@type":"EntryPoint","urlTemplate":"https:\/\/shopatoa.com\/it\/?s={search_term_string}"},"query-input":{"@type":"PropertyValueSpecification","valueRequired":true,"valueName":"search_term_string"}}],"inLanguage":"it-IT"},{"@type":"Organization","@id":"https:\/\/shopatoa.com\/it\/#organization","name":"SHOPATOA","url":"https:\/\/shopatoa.com\/it\/","logo":{"@type":"ImageObject","inLanguage":"it-IT","@id":"https:\/\/shopatoa.com\/it\/#\/schema\/logo\/image\/","url":"https:\/\/storage.googleapis.com\/cz-shopatoa-img\/it\/4dc78fd5-shopatoa_logo.png","contentUrl":"https:\/\/storage.googleapis.com\/cz-shopatoa-img\/it\/4dc78fd5-shopatoa_logo.png","width":416,"height":63,"caption":"SHOPATOA"},"image":{"@id":"https:\/\/shopatoa.com\/it\/#\/schema\/logo\/image\/"}}]}},"_links":{"self":[{"href":"https:\/\/shopatoa.com\/it\/wp-json\/wp\/v2\/product\/138803","targetHints":{"allow":["GET"]}}],"collection":[{"href":"https:\/\/shopatoa.com\/it\/wp-json\/wp\/v2\/product"}],"about":[{"href":"https:\/\/shopatoa.com\/it\/wp-json\/wp\/v2\/types\/product"}],"replies":[{"embeddable":true,"href":"https:\/\/shopatoa.com\/it\/wp-json\/wp\/v2\/comments?post=138803"}],"wp:featuredmedia":[{"embeddable":true,"href":"https:\/\/shopatoa.com\/it\/wp-json\/wp\/v2\/media\/138804"}],"wp:attachment":[{"href":"https:\/\/shopatoa.com\/it\/wp-json\/wp\/v2\/media?parent=138803"}],"wp:term":[{"taxonomy":"product_brand","embeddable":true,"href":"https:\/\/shopatoa.com\/it\/wp-json\/wp\/v2\/product_brand?post=138803"},{"taxonomy":"product_cat","embeddable":true,"href":"https:\/\/shopatoa.com\/it\/wp-json\/wp\/v2\/product_cat?post=138803"},{"taxonomy":"product_tag","embeddable":true,"href":"https:\/\/shopatoa.com\/it\/wp-json\/wp\/v2\/product_tag?post=138803"}],"curies":[{"name":"wp","href":"https:\/\/api.w.org\/{rel}","templated":true}]}}