{"id":145457,"date":"2025-06-13T22:12:08","date_gmt":"2025-06-13T20:12:08","guid":{"rendered":"https:\/\/shopatoa.com\/it\/aeno-db7-spazzolino-da-denti-elettrico-1-pz\/"},"modified":"2025-06-13T22:12:22","modified_gmt":"2025-06-13T20:12:22","slug":"aeno-db7-spazzolino-da-denti-elettrico-1-pz","status":"publish","type":"product","link":"https:\/\/shopatoa.com\/it\/aeno-db7-spazzolino-da-denti-elettrico-1-pz\/","title":{"rendered":"Aeno DB7 spazzolino da denti elettrico 1 pz"},"content":{"rendered":"<p>Aeno DB7, 1 pz, Spazzolini da denti sonici per donna, Hai l\u2019impressione che ai tuoi denti serva una pulizia pi\u00f9 approfondita di quella fornita dagli spazzolini manuali? Lo spazzolino da denti elettrico sonico Aeno DB7 riesce a rimuovere pi\u00f9 placca e pulisce molto meglio sia i denti che gli spazi interdentali. Si distingue per le rapide vibrazioni delle setole che assicurano una rimozione delicata ma al contempo altamente efficace della placca. In questo modo aiuta a ottenere denti pi\u00f9 sani e meno inclini alle carie, ma anche un sorriso complessivamente pi\u00f9 smagliante.  Caratteristiche:  pulisce efficacemente anche gli spazi interdentali pu\u00f2 essere utilizzato su apparecchi ortodontici e protesi dentarie ricarica USB il timer monitora l\u2019intervallo corretto per la pulizia dei denti avvisando anche quando \u00e8 opportuno cambiare la zona da pulire rimuove molta pi\u00f9 placca rispetto agli spazzolini manuali alimentazione via cavo  Modo d\u2019uso: Seguire le istruzioni allegate. Per mantenere la stessa qualit\u00e0 di pulizia si consiglia di sostituire la testina della spazzola con una nuova ogni mese.<\/p>\n","protected":false},"excerpt":{"rendered":"<p>Aeno DB7, 1 pz, Spazzolini da denti sonici per donna, Hai l\u2019impressione che ai tuoi denti serva una pulizia pi\u00f9 approfondita di quella fornita dagli spazzolini manuali? Lo spazzolino da denti elettrico sonico Aeno DB7 riesce a rimuovere pi\u00f9 placca e pulisce molto meglio sia i denti che gli spazi interdentali. Si distingue per le&#8230;<\/p>\n","protected":false},"featured_media":145458,"comment_status":"closed","ping_status":"open","template":"","meta":{"_acf_changed":false,"_kadence_starter_templates_imported_post":false,"_kad_post_transparent":"","_kad_post_title":"","_kad_post_layout":"","_kad_post_sidebar_id":"","_kad_post_content_style":"","_kad_post_vertical_padding":"","_kad_post_feature":"","_kad_post_feature_position":"","_kad_post_header":false,"_kad_post_footer":false,"_kad_post_classname":""},"product_brand":[1772],"product_cat":[66,350,65,425],"product_tag":[],"class_list":{"0":"post-145457","1":"product","2":"type-product","3":"status-publish","4":"has-post-thumbnail","6":"product_brand-aeno","7":"product_cat-cura-della-persona","8":"product_cat-igiene-orale","9":"product_cat-salute-e-bellezza","10":"product_cat-spazzolini","11":"pa_dimensioni-1-pz","12":"pa_genere-female","14":"first","15":"instock","16":"product-type-external","17":"entry","18":"content-bg","19":"loop-entry"},"acf":[],"yoast_head":"<!-- This site is optimized with the Yoast SEO plugin v27.4 - https:\/\/yoast.com\/product\/yoast-seo-wordpress\/ -->\n<title>Aeno DB7 spazzolino da denti elettrico 1 pz - SHOPATOA.COM<\/title>\n<meta name=\"robots\" content=\"index, follow, max-snippet:-1, max-image-preview:large, max-video-preview:-1\" \/>\n<link rel=\"canonical\" href=\"https:\/\/shopatoa.com\/it\/aeno-db7-spazzolino-da-denti-elettrico-1-pz\/\" \/>\n<meta property=\"og:locale\" content=\"it_IT\" \/>\n<meta property=\"og:type\" content=\"article\" \/>\n<meta property=\"og:title\" content=\"Aeno DB7 spazzolino da denti elettrico 1 pz - SHOPATOA.COM\" \/>\n<meta property=\"og:description\" content=\"Aeno DB7, 1 pz, Spazzolini da denti sonici per donna, Hai l\u2019impressione che ai tuoi denti serva una pulizia pi\u00f9 approfondita di quella fornita dagli spazzolini manuali? Lo spazzolino da denti elettrico sonico Aeno DB7 riesce a rimuovere pi\u00f9 placca e pulisce molto meglio sia i denti che gli spazi interdentali. Si distingue per le...\" \/>\n<meta property=\"og:url\" content=\"https:\/\/shopatoa.com\/it\/aeno-db7-spazzolino-da-denti-elettrico-1-pz\/\" \/>\n<meta property=\"og:site_name\" content=\"SHOPATOA\" \/>\n<meta property=\"article:modified_time\" content=\"2025-06-13T20:12:22+00:00\" \/>\n<meta property=\"og:image\" content=\"https:\/\/storage.googleapis.com\/cz-shopatoa-img\/it\/4c90de5e-unnamed-file.webp\" \/>\n\t<meta property=\"og:image:width\" content=\"800\" \/>\n\t<meta property=\"og:image:height\" content=\"800\" \/>\n\t<meta property=\"og:image:type\" content=\"image\/webp\" \/>\n<meta name=\"twitter:card\" content=\"summary_large_image\" \/>\n<meta name=\"twitter:label1\" content=\"Tempo di lettura stimato\" \/>\n\t<meta name=\"twitter:data1\" content=\"1 minuto\" \/>\n<script type=\"application\/ld+json\" class=\"yoast-schema-graph\">{\"@context\":\"https:\\\/\\\/schema.org\",\"@graph\":[{\"@type\":\"WebPage\",\"@id\":\"https:\\\/\\\/shopatoa.com\\\/it\\\/aeno-db7-spazzolino-da-denti-elettrico-1-pz\\\/\",\"url\":\"https:\\\/\\\/shopatoa.com\\\/it\\\/aeno-db7-spazzolino-da-denti-elettrico-1-pz\\\/\",\"name\":\"Aeno DB7 spazzolino da denti elettrico 1 pz - SHOPATOA.COM\",\"isPartOf\":{\"@id\":\"https:\\\/\\\/shopatoa.com\\\/it\\\/#website\"},\"primaryImageOfPage\":{\"@id\":\"https:\\\/\\\/shopatoa.com\\\/it\\\/aeno-db7-spazzolino-da-denti-elettrico-1-pz\\\/#primaryimage\"},\"image\":{\"@id\":\"https:\\\/\\\/shopatoa.com\\\/it\\\/aeno-db7-spazzolino-da-denti-elettrico-1-pz\\\/#primaryimage\"},\"thumbnailUrl\":\"https:\\\/\\\/storage.googleapis.com\\\/cz-shopatoa-img\\\/it\\\/4c90de5e-unnamed-file.webp\",\"datePublished\":\"2025-06-13T20:12:08+00:00\",\"dateModified\":\"2025-06-13T20:12:22+00:00\",\"breadcrumb\":{\"@id\":\"https:\\\/\\\/shopatoa.com\\\/it\\\/aeno-db7-spazzolino-da-denti-elettrico-1-pz\\\/#breadcrumb\"},\"inLanguage\":\"it-IT\",\"potentialAction\":[{\"@type\":\"ReadAction\",\"target\":[\"https:\\\/\\\/shopatoa.com\\\/it\\\/aeno-db7-spazzolino-da-denti-elettrico-1-pz\\\/\"]}]},{\"@type\":\"ImageObject\",\"inLanguage\":\"it-IT\",\"@id\":\"https:\\\/\\\/shopatoa.com\\\/it\\\/aeno-db7-spazzolino-da-denti-elettrico-1-pz\\\/#primaryimage\",\"url\":\"https:\\\/\\\/storage.googleapis.com\\\/cz-shopatoa-img\\\/it\\\/4c90de5e-unnamed-file.webp\",\"contentUrl\":\"https:\\\/\\\/storage.googleapis.com\\\/cz-shopatoa-img\\\/it\\\/4c90de5e-unnamed-file.webp\",\"width\":800,\"height\":800},{\"@type\":\"BreadcrumbList\",\"@id\":\"https:\\\/\\\/shopatoa.com\\\/it\\\/aeno-db7-spazzolino-da-denti-elettrico-1-pz\\\/#breadcrumb\",\"itemListElement\":[{\"@type\":\"ListItem\",\"position\":1,\"name\":\"Dom\u016f\",\"item\":\"https:\\\/\\\/shopatoa.com\\\/it\\\/\"},{\"@type\":\"ListItem\",\"position\":2,\"name\":\"Shop\",\"item\":\"https:\\\/\\\/shopatoa.com\\\/it\\\/shop\\\/\"},{\"@type\":\"ListItem\",\"position\":3,\"name\":\"Aeno DB7 spazzolino da denti elettrico 1 pz\"}]},{\"@type\":\"WebSite\",\"@id\":\"https:\\\/\\\/shopatoa.com\\\/it\\\/#website\",\"url\":\"https:\\\/\\\/shopatoa.com\\\/it\\\/\",\"name\":\"SHOPATOA\",\"description\":\"\",\"publisher\":{\"@id\":\"https:\\\/\\\/shopatoa.com\\\/it\\\/#organization\"},\"potentialAction\":[{\"@type\":\"SearchAction\",\"target\":{\"@type\":\"EntryPoint\",\"urlTemplate\":\"https:\\\/\\\/shopatoa.com\\\/it\\\/?s={search_term_string}\"},\"query-input\":{\"@type\":\"PropertyValueSpecification\",\"valueRequired\":true,\"valueName\":\"search_term_string\"}}],\"inLanguage\":\"it-IT\"},{\"@type\":\"Organization\",\"@id\":\"https:\\\/\\\/shopatoa.com\\\/it\\\/#organization\",\"name\":\"SHOPATOA\",\"url\":\"https:\\\/\\\/shopatoa.com\\\/it\\\/\",\"logo\":{\"@type\":\"ImageObject\",\"inLanguage\":\"it-IT\",\"@id\":\"https:\\\/\\\/shopatoa.com\\\/it\\\/#\\\/schema\\\/logo\\\/image\\\/\",\"url\":\"https:\\\/\\\/storage.googleapis.com\\\/cz-shopatoa-img\\\/it\\\/4dc78fd5-shopatoa_logo.png\",\"contentUrl\":\"https:\\\/\\\/storage.googleapis.com\\\/cz-shopatoa-img\\\/it\\\/4dc78fd5-shopatoa_logo.png\",\"width\":416,\"height\":63,\"caption\":\"SHOPATOA\"},\"image\":{\"@id\":\"https:\\\/\\\/shopatoa.com\\\/it\\\/#\\\/schema\\\/logo\\\/image\\\/\"}}]}<\/script>\n<!-- \/ Yoast SEO plugin. -->","yoast_head_json":{"title":"Aeno DB7 spazzolino da denti elettrico 1 pz - SHOPATOA.COM","robots":{"index":"index","follow":"follow","max-snippet":"max-snippet:-1","max-image-preview":"max-image-preview:large","max-video-preview":"max-video-preview:-1"},"canonical":"https:\/\/shopatoa.com\/it\/aeno-db7-spazzolino-da-denti-elettrico-1-pz\/","og_locale":"it_IT","og_type":"article","og_title":"Aeno DB7 spazzolino da denti elettrico 1 pz - SHOPATOA.COM","og_description":"Aeno DB7, 1 pz, Spazzolini da denti sonici per donna, Hai l\u2019impressione che ai tuoi denti serva una pulizia pi\u00f9 approfondita di quella fornita dagli spazzolini manuali? Lo spazzolino da denti elettrico sonico Aeno DB7 riesce a rimuovere pi\u00f9 placca e pulisce molto meglio sia i denti che gli spazi interdentali. Si distingue per le...","og_url":"https:\/\/shopatoa.com\/it\/aeno-db7-spazzolino-da-denti-elettrico-1-pz\/","og_site_name":"SHOPATOA","article_modified_time":"2025-06-13T20:12:22+00:00","og_image":[{"width":800,"height":800,"url":"https:\/\/storage.googleapis.com\/cz-shopatoa-img\/it\/4c90de5e-unnamed-file.webp","type":"image\/webp"}],"twitter_card":"summary_large_image","twitter_misc":{"Tempo di lettura stimato":"1 minuto"},"schema":{"@context":"https:\/\/schema.org","@graph":[{"@type":"WebPage","@id":"https:\/\/shopatoa.com\/it\/aeno-db7-spazzolino-da-denti-elettrico-1-pz\/","url":"https:\/\/shopatoa.com\/it\/aeno-db7-spazzolino-da-denti-elettrico-1-pz\/","name":"Aeno DB7 spazzolino da denti elettrico 1 pz - SHOPATOA.COM","isPartOf":{"@id":"https:\/\/shopatoa.com\/it\/#website"},"primaryImageOfPage":{"@id":"https:\/\/shopatoa.com\/it\/aeno-db7-spazzolino-da-denti-elettrico-1-pz\/#primaryimage"},"image":{"@id":"https:\/\/shopatoa.com\/it\/aeno-db7-spazzolino-da-denti-elettrico-1-pz\/#primaryimage"},"thumbnailUrl":"https:\/\/storage.googleapis.com\/cz-shopatoa-img\/it\/4c90de5e-unnamed-file.webp","datePublished":"2025-06-13T20:12:08+00:00","dateModified":"2025-06-13T20:12:22+00:00","breadcrumb":{"@id":"https:\/\/shopatoa.com\/it\/aeno-db7-spazzolino-da-denti-elettrico-1-pz\/#breadcrumb"},"inLanguage":"it-IT","potentialAction":[{"@type":"ReadAction","target":["https:\/\/shopatoa.com\/it\/aeno-db7-spazzolino-da-denti-elettrico-1-pz\/"]}]},{"@type":"ImageObject","inLanguage":"it-IT","@id":"https:\/\/shopatoa.com\/it\/aeno-db7-spazzolino-da-denti-elettrico-1-pz\/#primaryimage","url":"https:\/\/storage.googleapis.com\/cz-shopatoa-img\/it\/4c90de5e-unnamed-file.webp","contentUrl":"https:\/\/storage.googleapis.com\/cz-shopatoa-img\/it\/4c90de5e-unnamed-file.webp","width":800,"height":800},{"@type":"BreadcrumbList","@id":"https:\/\/shopatoa.com\/it\/aeno-db7-spazzolino-da-denti-elettrico-1-pz\/#breadcrumb","itemListElement":[{"@type":"ListItem","position":1,"name":"Dom\u016f","item":"https:\/\/shopatoa.com\/it\/"},{"@type":"ListItem","position":2,"name":"Shop","item":"https:\/\/shopatoa.com\/it\/shop\/"},{"@type":"ListItem","position":3,"name":"Aeno DB7 spazzolino da denti elettrico 1 pz"}]},{"@type":"WebSite","@id":"https:\/\/shopatoa.com\/it\/#website","url":"https:\/\/shopatoa.com\/it\/","name":"SHOPATOA","description":"","publisher":{"@id":"https:\/\/shopatoa.com\/it\/#organization"},"potentialAction":[{"@type":"SearchAction","target":{"@type":"EntryPoint","urlTemplate":"https:\/\/shopatoa.com\/it\/?s={search_term_string}"},"query-input":{"@type":"PropertyValueSpecification","valueRequired":true,"valueName":"search_term_string"}}],"inLanguage":"it-IT"},{"@type":"Organization","@id":"https:\/\/shopatoa.com\/it\/#organization","name":"SHOPATOA","url":"https:\/\/shopatoa.com\/it\/","logo":{"@type":"ImageObject","inLanguage":"it-IT","@id":"https:\/\/shopatoa.com\/it\/#\/schema\/logo\/image\/","url":"https:\/\/storage.googleapis.com\/cz-shopatoa-img\/it\/4dc78fd5-shopatoa_logo.png","contentUrl":"https:\/\/storage.googleapis.com\/cz-shopatoa-img\/it\/4dc78fd5-shopatoa_logo.png","width":416,"height":63,"caption":"SHOPATOA"},"image":{"@id":"https:\/\/shopatoa.com\/it\/#\/schema\/logo\/image\/"}}]}},"_links":{"self":[{"href":"https:\/\/shopatoa.com\/it\/wp-json\/wp\/v2\/product\/145457","targetHints":{"allow":["GET"]}}],"collection":[{"href":"https:\/\/shopatoa.com\/it\/wp-json\/wp\/v2\/product"}],"about":[{"href":"https:\/\/shopatoa.com\/it\/wp-json\/wp\/v2\/types\/product"}],"replies":[{"embeddable":true,"href":"https:\/\/shopatoa.com\/it\/wp-json\/wp\/v2\/comments?post=145457"}],"wp:featuredmedia":[{"embeddable":true,"href":"https:\/\/shopatoa.com\/it\/wp-json\/wp\/v2\/media\/145458"}],"wp:attachment":[{"href":"https:\/\/shopatoa.com\/it\/wp-json\/wp\/v2\/media?parent=145457"}],"wp:term":[{"taxonomy":"product_brand","embeddable":true,"href":"https:\/\/shopatoa.com\/it\/wp-json\/wp\/v2\/product_brand?post=145457"},{"taxonomy":"product_cat","embeddable":true,"href":"https:\/\/shopatoa.com\/it\/wp-json\/wp\/v2\/product_cat?post=145457"},{"taxonomy":"product_tag","embeddable":true,"href":"https:\/\/shopatoa.com\/it\/wp-json\/wp\/v2\/product_tag?post=145457"}],"curies":[{"name":"wp","href":"https:\/\/api.w.org\/{rel}","templated":true}]}}