{"id":145537,"date":"2025-06-13T22:16:48","date_gmt":"2025-06-13T20:16:48","guid":{"rendered":"https:\/\/shopatoa.com\/it\/korres-white-tea-eau-de-toilette-da-donna-10-ml\/"},"modified":"2025-06-13T22:17:04","modified_gmt":"2025-06-13T20:17:04","slug":"korres-white-tea-eau-de-toilette-da-donna-10-ml","status":"publish","type":"product","link":"https:\/\/shopatoa.com\/it\/korres-white-tea-eau-de-toilette-da-donna-10-ml\/","title":{"rendered":"Korres White Tea Eau de Toilette da donna 10 ml"},"content":{"rendered":"<p>Korres White Tea, 10 ml, Eaux de Toilette per donna, Lasciati avvolgere in un tenero incanto floreale per tutto il giorno. L\u2019eau de toilette Korres White Tea nasconde migliaia di petali fioriti la cui fragranza esalter\u00e0 meravigliosamente la tua femminilit\u00e0 e il tuo fascino naturale.  profumo floreale profumo agrumato profumo pulito e fresco lo apprezzer\u00e0 la donna con un animo romantico fragranza fresca, ideale per le giornate calde un\u2019idea per un regalo che piacer\u00e0 sicuramente profumo adatto all\u2019uso quotidiano  Composizione:  contiene il 90% di ingredienti di origine naturale<\/p>\n","protected":false},"excerpt":{"rendered":"<p>Korres White Tea, 10 ml, Eaux de Toilette per donna, Lasciati avvolgere in un tenero incanto floreale per tutto il giorno. L\u2019eau de toilette Korres White Tea nasconde migliaia di petali fioriti la cui fragranza esalter\u00e0 meravigliosamente la tua femminilit\u00e0 e il tuo fascino naturale. profumo floreale profumo agrumato profumo pulito e fresco lo apprezzer\u00e0&#8230;<\/p>\n","protected":false},"featured_media":145538,"comment_status":"closed","ping_status":"open","template":"","meta":{"_acf_changed":false,"_kadence_starter_templates_imported_post":false,"_kad_post_transparent":"","_kad_post_title":"","_kad_post_layout":"","_kad_post_sidebar_id":"","_kad_post_content_style":"","_kad_post_vertical_padding":"","_kad_post_feature":"","_kad_post_feature_position":"","_kad_post_header":false,"_kad_post_footer":false,"_kad_post_classname":""},"product_brand":[507],"product_cat":[77,66,84,65],"product_tag":[],"class_list":{"0":"post-145537","1":"product","2":"type-product","3":"status-publish","4":"has-post-thumbnail","6":"product_brand-korres","7":"product_cat-cosmetici","8":"product_cat-cura-della-persona","9":"product_cat-profumi-e-colonie","10":"product_cat-salute-e-bellezza","11":"pa_dimensioni-10-ml","12":"pa_genere-female","14":"first","15":"instock","16":"product-type-external","17":"entry","18":"content-bg","19":"loop-entry"},"acf":[],"yoast_head":"<!-- This site is optimized with the Yoast SEO plugin v27.4 - https:\/\/yoast.com\/product\/yoast-seo-wordpress\/ -->\n<title>Korres White Tea Eau de Toilette da donna 10 ml - SHOPATOA.COM<\/title>\n<meta name=\"robots\" content=\"index, follow, max-snippet:-1, max-image-preview:large, max-video-preview:-1\" \/>\n<link rel=\"canonical\" href=\"https:\/\/shopatoa.com\/it\/korres-white-tea-eau-de-toilette-da-donna-10-ml\/\" \/>\n<meta property=\"og:locale\" content=\"it_IT\" \/>\n<meta property=\"og:type\" content=\"article\" \/>\n<meta property=\"og:title\" content=\"Korres White Tea Eau de Toilette da donna 10 ml - SHOPATOA.COM\" \/>\n<meta property=\"og:description\" content=\"Korres White Tea, 10 ml, Eaux de Toilette per donna, Lasciati avvolgere in un tenero incanto floreale per tutto il giorno. L\u2019eau de toilette Korres White Tea nasconde migliaia di petali fioriti la cui fragranza esalter\u00e0 meravigliosamente la tua femminilit\u00e0 e il tuo fascino naturale. profumo floreale profumo agrumato profumo pulito e fresco lo apprezzer\u00e0...\" \/>\n<meta property=\"og:url\" content=\"https:\/\/shopatoa.com\/it\/korres-white-tea-eau-de-toilette-da-donna-10-ml\/\" \/>\n<meta property=\"og:site_name\" content=\"SHOPATOA\" \/>\n<meta property=\"article:modified_time\" content=\"2025-06-13T20:17:04+00:00\" \/>\n<meta property=\"og:image\" content=\"https:\/\/storage.googleapis.com\/cz-shopatoa-img\/it\/f1d2389b-unnamed-file.webp\" \/>\n\t<meta property=\"og:image:width\" content=\"800\" \/>\n\t<meta property=\"og:image:height\" content=\"800\" \/>\n\t<meta property=\"og:image:type\" content=\"image\/webp\" \/>\n<meta name=\"twitter:card\" content=\"summary_large_image\" \/>\n<script type=\"application\/ld+json\" class=\"yoast-schema-graph\">{\"@context\":\"https:\\\/\\\/schema.org\",\"@graph\":[{\"@type\":\"WebPage\",\"@id\":\"https:\\\/\\\/shopatoa.com\\\/it\\\/korres-white-tea-eau-de-toilette-da-donna-10-ml\\\/\",\"url\":\"https:\\\/\\\/shopatoa.com\\\/it\\\/korres-white-tea-eau-de-toilette-da-donna-10-ml\\\/\",\"name\":\"Korres White Tea Eau de Toilette da donna 10 ml - SHOPATOA.COM\",\"isPartOf\":{\"@id\":\"https:\\\/\\\/shopatoa.com\\\/it\\\/#website\"},\"primaryImageOfPage\":{\"@id\":\"https:\\\/\\\/shopatoa.com\\\/it\\\/korres-white-tea-eau-de-toilette-da-donna-10-ml\\\/#primaryimage\"},\"image\":{\"@id\":\"https:\\\/\\\/shopatoa.com\\\/it\\\/korres-white-tea-eau-de-toilette-da-donna-10-ml\\\/#primaryimage\"},\"thumbnailUrl\":\"https:\\\/\\\/storage.googleapis.com\\\/cz-shopatoa-img\\\/it\\\/f1d2389b-unnamed-file.webp\",\"datePublished\":\"2025-06-13T20:16:48+00:00\",\"dateModified\":\"2025-06-13T20:17:04+00:00\",\"breadcrumb\":{\"@id\":\"https:\\\/\\\/shopatoa.com\\\/it\\\/korres-white-tea-eau-de-toilette-da-donna-10-ml\\\/#breadcrumb\"},\"inLanguage\":\"it-IT\",\"potentialAction\":[{\"@type\":\"ReadAction\",\"target\":[\"https:\\\/\\\/shopatoa.com\\\/it\\\/korres-white-tea-eau-de-toilette-da-donna-10-ml\\\/\"]}]},{\"@type\":\"ImageObject\",\"inLanguage\":\"it-IT\",\"@id\":\"https:\\\/\\\/shopatoa.com\\\/it\\\/korres-white-tea-eau-de-toilette-da-donna-10-ml\\\/#primaryimage\",\"url\":\"https:\\\/\\\/storage.googleapis.com\\\/cz-shopatoa-img\\\/it\\\/f1d2389b-unnamed-file.webp\",\"contentUrl\":\"https:\\\/\\\/storage.googleapis.com\\\/cz-shopatoa-img\\\/it\\\/f1d2389b-unnamed-file.webp\",\"width\":800,\"height\":800},{\"@type\":\"BreadcrumbList\",\"@id\":\"https:\\\/\\\/shopatoa.com\\\/it\\\/korres-white-tea-eau-de-toilette-da-donna-10-ml\\\/#breadcrumb\",\"itemListElement\":[{\"@type\":\"ListItem\",\"position\":1,\"name\":\"Dom\u016f\",\"item\":\"https:\\\/\\\/shopatoa.com\\\/it\\\/\"},{\"@type\":\"ListItem\",\"position\":2,\"name\":\"Shop\",\"item\":\"https:\\\/\\\/shopatoa.com\\\/it\\\/shop\\\/\"},{\"@type\":\"ListItem\",\"position\":3,\"name\":\"Korres White Tea Eau de Toilette da donna 10 ml\"}]},{\"@type\":\"WebSite\",\"@id\":\"https:\\\/\\\/shopatoa.com\\\/it\\\/#website\",\"url\":\"https:\\\/\\\/shopatoa.com\\\/it\\\/\",\"name\":\"SHOPATOA\",\"description\":\"\",\"publisher\":{\"@id\":\"https:\\\/\\\/shopatoa.com\\\/it\\\/#organization\"},\"potentialAction\":[{\"@type\":\"SearchAction\",\"target\":{\"@type\":\"EntryPoint\",\"urlTemplate\":\"https:\\\/\\\/shopatoa.com\\\/it\\\/?s={search_term_string}\"},\"query-input\":{\"@type\":\"PropertyValueSpecification\",\"valueRequired\":true,\"valueName\":\"search_term_string\"}}],\"inLanguage\":\"it-IT\"},{\"@type\":\"Organization\",\"@id\":\"https:\\\/\\\/shopatoa.com\\\/it\\\/#organization\",\"name\":\"SHOPATOA\",\"url\":\"https:\\\/\\\/shopatoa.com\\\/it\\\/\",\"logo\":{\"@type\":\"ImageObject\",\"inLanguage\":\"it-IT\",\"@id\":\"https:\\\/\\\/shopatoa.com\\\/it\\\/#\\\/schema\\\/logo\\\/image\\\/\",\"url\":\"https:\\\/\\\/storage.googleapis.com\\\/cz-shopatoa-img\\\/it\\\/4dc78fd5-shopatoa_logo.png\",\"contentUrl\":\"https:\\\/\\\/storage.googleapis.com\\\/cz-shopatoa-img\\\/it\\\/4dc78fd5-shopatoa_logo.png\",\"width\":416,\"height\":63,\"caption\":\"SHOPATOA\"},\"image\":{\"@id\":\"https:\\\/\\\/shopatoa.com\\\/it\\\/#\\\/schema\\\/logo\\\/image\\\/\"}}]}<\/script>\n<!-- \/ Yoast SEO plugin. -->","yoast_head_json":{"title":"Korres White Tea Eau de Toilette da donna 10 ml - SHOPATOA.COM","robots":{"index":"index","follow":"follow","max-snippet":"max-snippet:-1","max-image-preview":"max-image-preview:large","max-video-preview":"max-video-preview:-1"},"canonical":"https:\/\/shopatoa.com\/it\/korres-white-tea-eau-de-toilette-da-donna-10-ml\/","og_locale":"it_IT","og_type":"article","og_title":"Korres White Tea Eau de Toilette da donna 10 ml - SHOPATOA.COM","og_description":"Korres White Tea, 10 ml, Eaux de Toilette per donna, Lasciati avvolgere in un tenero incanto floreale per tutto il giorno. L\u2019eau de toilette Korres White Tea nasconde migliaia di petali fioriti la cui fragranza esalter\u00e0 meravigliosamente la tua femminilit\u00e0 e il tuo fascino naturale. profumo floreale profumo agrumato profumo pulito e fresco lo apprezzer\u00e0...","og_url":"https:\/\/shopatoa.com\/it\/korres-white-tea-eau-de-toilette-da-donna-10-ml\/","og_site_name":"SHOPATOA","article_modified_time":"2025-06-13T20:17:04+00:00","og_image":[{"width":800,"height":800,"url":"https:\/\/storage.googleapis.com\/cz-shopatoa-img\/it\/f1d2389b-unnamed-file.webp","type":"image\/webp"}],"twitter_card":"summary_large_image","schema":{"@context":"https:\/\/schema.org","@graph":[{"@type":"WebPage","@id":"https:\/\/shopatoa.com\/it\/korres-white-tea-eau-de-toilette-da-donna-10-ml\/","url":"https:\/\/shopatoa.com\/it\/korres-white-tea-eau-de-toilette-da-donna-10-ml\/","name":"Korres White Tea Eau de Toilette da donna 10 ml - SHOPATOA.COM","isPartOf":{"@id":"https:\/\/shopatoa.com\/it\/#website"},"primaryImageOfPage":{"@id":"https:\/\/shopatoa.com\/it\/korres-white-tea-eau-de-toilette-da-donna-10-ml\/#primaryimage"},"image":{"@id":"https:\/\/shopatoa.com\/it\/korres-white-tea-eau-de-toilette-da-donna-10-ml\/#primaryimage"},"thumbnailUrl":"https:\/\/storage.googleapis.com\/cz-shopatoa-img\/it\/f1d2389b-unnamed-file.webp","datePublished":"2025-06-13T20:16:48+00:00","dateModified":"2025-06-13T20:17:04+00:00","breadcrumb":{"@id":"https:\/\/shopatoa.com\/it\/korres-white-tea-eau-de-toilette-da-donna-10-ml\/#breadcrumb"},"inLanguage":"it-IT","potentialAction":[{"@type":"ReadAction","target":["https:\/\/shopatoa.com\/it\/korres-white-tea-eau-de-toilette-da-donna-10-ml\/"]}]},{"@type":"ImageObject","inLanguage":"it-IT","@id":"https:\/\/shopatoa.com\/it\/korres-white-tea-eau-de-toilette-da-donna-10-ml\/#primaryimage","url":"https:\/\/storage.googleapis.com\/cz-shopatoa-img\/it\/f1d2389b-unnamed-file.webp","contentUrl":"https:\/\/storage.googleapis.com\/cz-shopatoa-img\/it\/f1d2389b-unnamed-file.webp","width":800,"height":800},{"@type":"BreadcrumbList","@id":"https:\/\/shopatoa.com\/it\/korres-white-tea-eau-de-toilette-da-donna-10-ml\/#breadcrumb","itemListElement":[{"@type":"ListItem","position":1,"name":"Dom\u016f","item":"https:\/\/shopatoa.com\/it\/"},{"@type":"ListItem","position":2,"name":"Shop","item":"https:\/\/shopatoa.com\/it\/shop\/"},{"@type":"ListItem","position":3,"name":"Korres White Tea Eau de Toilette da donna 10 ml"}]},{"@type":"WebSite","@id":"https:\/\/shopatoa.com\/it\/#website","url":"https:\/\/shopatoa.com\/it\/","name":"SHOPATOA","description":"","publisher":{"@id":"https:\/\/shopatoa.com\/it\/#organization"},"potentialAction":[{"@type":"SearchAction","target":{"@type":"EntryPoint","urlTemplate":"https:\/\/shopatoa.com\/it\/?s={search_term_string}"},"query-input":{"@type":"PropertyValueSpecification","valueRequired":true,"valueName":"search_term_string"}}],"inLanguage":"it-IT"},{"@type":"Organization","@id":"https:\/\/shopatoa.com\/it\/#organization","name":"SHOPATOA","url":"https:\/\/shopatoa.com\/it\/","logo":{"@type":"ImageObject","inLanguage":"it-IT","@id":"https:\/\/shopatoa.com\/it\/#\/schema\/logo\/image\/","url":"https:\/\/storage.googleapis.com\/cz-shopatoa-img\/it\/4dc78fd5-shopatoa_logo.png","contentUrl":"https:\/\/storage.googleapis.com\/cz-shopatoa-img\/it\/4dc78fd5-shopatoa_logo.png","width":416,"height":63,"caption":"SHOPATOA"},"image":{"@id":"https:\/\/shopatoa.com\/it\/#\/schema\/logo\/image\/"}}]}},"_links":{"self":[{"href":"https:\/\/shopatoa.com\/it\/wp-json\/wp\/v2\/product\/145537","targetHints":{"allow":["GET"]}}],"collection":[{"href":"https:\/\/shopatoa.com\/it\/wp-json\/wp\/v2\/product"}],"about":[{"href":"https:\/\/shopatoa.com\/it\/wp-json\/wp\/v2\/types\/product"}],"replies":[{"embeddable":true,"href":"https:\/\/shopatoa.com\/it\/wp-json\/wp\/v2\/comments?post=145537"}],"wp:featuredmedia":[{"embeddable":true,"href":"https:\/\/shopatoa.com\/it\/wp-json\/wp\/v2\/media\/145538"}],"wp:attachment":[{"href":"https:\/\/shopatoa.com\/it\/wp-json\/wp\/v2\/media?parent=145537"}],"wp:term":[{"taxonomy":"product_brand","embeddable":true,"href":"https:\/\/shopatoa.com\/it\/wp-json\/wp\/v2\/product_brand?post=145537"},{"taxonomy":"product_cat","embeddable":true,"href":"https:\/\/shopatoa.com\/it\/wp-json\/wp\/v2\/product_cat?post=145537"},{"taxonomy":"product_tag","embeddable":true,"href":"https:\/\/shopatoa.com\/it\/wp-json\/wp\/v2\/product_tag?post=145537"}],"curies":[{"name":"wp","href":"https:\/\/api.w.org\/{rel}","templated":true}]}}